{"id":9684,"date":"2026-02-27T18:36:54","date_gmt":"2026-02-27T17:36:54","guid":{"rendered":"https:\/\/buitenpizzaovenkopen.nl\/?post_type=product&#038;p=9684"},"modified":"2026-02-28T00:19:35","modified_gmt":"2026-02-27T23:19:35","slug":"beek-classico-pizza-oven-multifuel-inclusief-demontabele-branderunit","status":"publish","type":"product","link":"https:\/\/buitenpizzaovenkopen.nl\/fr\/pizza-oven-kopen\/beek-classico-pizza-oven-multifuel-inclusief-demontabele-branderunit\/","title":{"rendered":"BEEK Classico Pizza Oven MULTIFUEL inclusief demontabele Branderunit"},"content":{"rendered":"<p>De BEEK Classico MULTIFUEL pizza oven is een houtgestookte oven waar tot 2 pizza\u2019s tegelijk in kunnen worden afgebakken. De oven heeft een bakvloer van 600 mm breed en 600 mm diep. Hij weegt ongeveer 55 kg, waardoor deze oven nog steeds ontzettend mobiel is.<br \/>\nAvec cette incroyable BEEK Classico Four \u00e0 Pizza, vous pouvez faire cuire de d\u00e9licieuses pizzas pour votre famille ou des amis et de la famille.<\/p>\n<p>De nieuwste BEEK Classico heeft een down force air circulatie en<br \/>\nEen regelbare inlaat waardoor de oven prachtig brand met gesloten deur.<br \/>\nIs voorzien van een MULTIFUEL optie en is dus voorzien van alle opties.<\/p>\n<p>Voordelen MULTIFUEL:<br \/>\n&#8211; Kiezen tussen houtgestookt (authentieke smaak) of gas (gemak, snelheid en makkelijke temperatuurregeling)<br \/>\n&#8211; Brander zit op 4cm hoogte boven de bakvloer waardoor u de gehele bakvloer kunt gebruiken als bakoppervlak (extra pizza!)<br \/>\n&#8211; Brander eenvoudig met 2 duimschroeven te verwisselen naar Gas of hout<br \/>\n&#8211; Mocht het gas op zijn kunt u eenvoudig overstappen naar hout<br \/>\n&#8211; Deur van de oven kunt u gebruiken, ook bij gebruik van gas waardoor u extra zuinig kunt stoken.<\/p>\n<p>Le Classico est totalement isol\u00e9e et dispose d&#039;une large porte d&#039;entr\u00e9e et une belle hauteur de sorte que vous pouvez cuire de super pizzas, mais aussi de les faire cuire dans celui-ci, tels que des plats de viande, de poisson, du pain, etc.<br \/>\nHet heeft ook een verwijderbare schoorsteen, een ingebouwde CEWAL thermometer uit Itali\u00eb en chamotte stenen.<br \/>\nDe oven brand op hout en bereikt de beste warmte met gedroogd hout, berken, essen, Beuken, eiken of fruitbomenhout. Dit is het standaard model oven maar een <a href=\"https:\/\/buitenpizzaovenkopen.nl\/fr\/pizza-oven-kopen\/beek-grande-pizzaoven\/\" target=\"_blank\" rel=\"noopener\">plus grand four \u00e0 pizza<\/a> est bien entendu \u00e9galement possible.<\/p>\n<p>Word standaard geleverd met een professionele pizzaschep zodat u direct de lekkerste pizza\u2019s kunt gaan bakken.<\/p>\n<div class=\"ast-oembed-container\" style=\"height: 100%;\"><iframe title=\"BEEK Classico 70 au feu de bois four \u00e0 pizza instruction et de l&#039;utilisation de cette conviviale four.\" width=\"500\" height=\"281\" src=\"https:\/\/www.youtube.com\/embed\/FYaj0LUzR2M?feature=oembed\" frameborder=\"0\" allow=\"accelerometer; autoplay; clipboard-write; encrypted-media; gyroscope; picture-in-picture; web-share\" referrerpolicy=\"strict-origin-when-cross-origin\" allowfullscreen><\/iframe><\/div>\n<p><strong>Le temps d&#039;\u00e9chauffement:<\/strong> 15 \u00e0 30 minutes<br \/>\nPizza klaar binnen 2 minuten (60 tot 90 seconden)<br \/>\n<strong>Temp\u00e9rature maximale:<\/strong>\u00a0500C<br \/>\n<strong>Capacit\u00e9:<\/strong> 2 pizzas en m\u00eame temps jusqu&#039;\u00e0 30 pizzas \u00e0 l&#039;heure!<br \/>\n<strong>Deuropening :<\/strong> 41 cm breed en 21 cm hoog<br \/>\n<strong>Carburant recommand\u00e9:<\/strong> berkenhout elzenhout of hardhout zoals Beuken, eiken, appelhout etc. en Gas<br \/>\n<strong>La cuisson de la section:<\/strong> 600x600mm<br \/>\n<strong>Contient:<\/strong> Four \u00e0 Pizza, de porte en acier inoxydable de 2 mm d&#039;\u00e9paisseur!, schoorsteen, thermom\u00e8tre merk Cewal (italiaans), les CARAVANES vuurscherm\/ chambre de combustion, pizzaschep merk Falci<br \/>\n<strong>Mat\u00e9riaux:<\/strong> En acier inoxydable et en acier enduit de poudre<br \/>\n<strong>Drain:<\/strong> 110mm<br \/>\n<strong>Isolation:<\/strong> d\u00f4me et le plancher de l&#039;isolation<br \/>\n<strong>Garantie:<\/strong>\u00a01 an \u00e0 compter de la date d&#039;achat<br \/>\n<strong>Couleur:<\/strong> Mat Zwart (RAL 9005) en Mat Rood (RAL 3020), Khaki Groen<br \/>\nAutres couleurs possibles sur demande apr\u00e8s contact t\u00e9l\u00e9phonique.<br \/>\n<strong>Productafmeting (H x B x D):<\/strong> 1100x 700 x 750 mm<\/p>","protected":false},"excerpt":{"rendered":"<p>De BEEK Classico pizza oven MULTIFUEL inclusief demontabele Branderunit is echt een super oven die de serieuze pizzaliefhebber de mogelijkheid biedt om in 60 &#8211; 90 seconden geweldig smakende steenovenpizza&#8217;s te bakken en nog steeds volledig draagbaar is! De oven heeft een groot intern oppervlak van 600 mm x 600 mm.<\/p>\n<p><strong> Word standaard geleverd met professionele pizzaschep van &#8220;Casa di Ruscello&#8221;.<\/strong><\/p>","protected":false},"featured_media":9715,"template":"","meta":{"_monsterinsights_skip_tracking":false,"_monsterinsights_sitenote_active":false,"_monsterinsights_sitenote_note":"","_monsterinsights_sitenote_category":0,"site-sidebar-layout":"default","site-content-layout":"default","ast-site-content-layout":"default","site-content-style":"default","site-sidebar-style":"default","ast-global-header-display":"","ast-banner-title-visibility":"","ast-main-header-display":"","ast-hfb-above-header-display":"","ast-hfb-below-header-display":"","ast-hfb-mobile-header-display":"","site-post-title":"","ast-breadcrumbs-content":"","ast-featured-img":"","footer-sml-layout":"","ast-disable-related-posts":"","theme-transparent-header-meta":"default","adv-header-id-meta":"","stick-header-meta":"","header-above-stick-meta":"","header-main-stick-meta":"","header-below-stick-meta":"","astra-migrate-meta-layouts":"set","ast-page-background-enabled":"default","ast-page-background-meta":{"desktop":{"background-color":"","background-image":"","background-repeat":"repeat","background-position":"center center","background-size":"auto","background-attachment":"scroll","background-type":"","background-media":"","overlay-type":"","overlay-color":"","overlay-opacity":"","overlay-gradient":""},"tablet":{"background-color":"","background-image":"","background-repeat":"repeat","background-position":"center center","background-size":"auto","background-attachment":"scroll","background-type":"","background-media":"","overlay-type":"","overlay-color":"","overlay-opacity":"","overlay-gradient":""},"mobile":{"background-color":"","background-image":"","background-repeat":"repeat","background-position":"center center","background-size":"auto","background-attachment":"scroll","background-type":"","background-media":"","overlay-type":"","overlay-color":"","overlay-opacity":"","overlay-gradient":""}},"ast-content-background-meta":{"desktop":{"background-color":"var(--ast-global-color-5)","background-image":"","background-repeat":"repeat","background-position":"center center","background-size":"auto","background-attachment":"scroll","background-type":"","background-media":"","overlay-type":"","overlay-color":"","overlay-opacity":"","overlay-gradient":""},"tablet":{"background-color":"var(--ast-global-color-5)","background-image":"","background-repeat":"repeat","background-position":"center center","background-size":"auto","background-attachment":"scroll","background-type":"","background-media":"","overlay-type":"","overlay-color":"","overlay-opacity":"","overlay-gradient":""},"mobile":{"background-color":"var(--ast-global-color-5)","background-image":"","background-repeat":"repeat","background-position":"center center","background-size":"auto","background-attachment":"scroll","background-type":"","background-media":"","overlay-type":"","overlay-color":"","overlay-opacity":"","overlay-gradient":""}}},"product_brand":[],"product_cat":[24],"product_tag":[129,130,131,117],"class_list":{"0":"post-9684","1":"product","2":"type-product","3":"status-publish","4":"has-post-thumbnail","6":"product_cat-pizza-ovens","7":"product_tag-beek","8":"product_tag-classico","9":"product_tag-houtgestookt","10":"product_tag-pizza","11":"product_shipping_class-verzendklasse-3","12":"desktop-align-left","13":"tablet-align-left","14":"mobile-align-left","16":"first","17":"instock","18":"sale","19":"featured","20":"taxable","21":"shipping-taxable","22":"purchasable","23":"product-type-variable"},"yoast_head":"<!-- This site is optimized with the Yoast SEO plugin v27.3 - https:\/\/yoast.com\/product\/yoast-seo-wordpress\/ -->\n<title>BEEK Classico Pizza Oven goedkoop bij buitenpizzaovenkopen.nl<\/title>\n<meta name=\"description\" content=\"De Beek Classico pizza oven is een oven die de pizzaliefhebber de mogelijkheid biedt om in 90 seconden geweldig smakende pizza&#039;s te bakken.\" \/>\n<meta name=\"robots\" content=\"index, follow, max-snippet:-1, max-image-preview:large, max-video-preview:-1\" \/>\n<link rel=\"canonical\" href=\"https:\/\/buitenpizzaovenkopen.nl\/fr\/pizza-oven-kopen\/beek-classico-pizza-oven-multifuel-inclusief-demontabele-branderunit\/\" \/>\n<meta property=\"og:locale\" content=\"fr_FR\" \/>\n<meta property=\"og:type\" content=\"article\" \/>\n<meta property=\"og:title\" content=\"BEEK Classico Pizza Oven goedkoop bij buitenpizzaovenkopen.nl\" \/>\n<meta property=\"og:description\" content=\"De Beek Classico pizza oven is een oven die de pizzaliefhebber de mogelijkheid biedt om in 90 seconden geweldig smakende pizza&#039;s te bakken.\" \/>\n<meta property=\"og:url\" content=\"https:\/\/buitenpizzaovenkopen.nl\/fr\/pizza-oven-kopen\/beek-classico-pizza-oven-multifuel-inclusief-demontabele-branderunit\/\" \/>\n<meta property=\"og:site_name\" content=\"Buitenpizzaovenkopen.nl\" \/>\n<meta property=\"article:modified_time\" content=\"2026-02-27T23:19:35+00:00\" \/>\n<meta property=\"og:image\" content=\"https:\/\/buitenpizzaovenkopen.nl\/wp-content\/uploads\/2026\/02\/IMG_1552.png\" \/>\n\t<meta property=\"og:image:width\" content=\"960\" \/>\n\t<meta property=\"og:image:height\" content=\"1280\" \/>\n\t<meta property=\"og:image:type\" content=\"image\/png\" \/>\n<meta name=\"twitter:card\" content=\"summary_large_image\" \/>\n<meta name=\"twitter:label1\" content=\"Dur\u00e9e de lecture estim\u00e9e\" \/>\n\t<meta name=\"twitter:data1\" content=\"3 minutes\" \/>\n<script type=\"application\/ld+json\" class=\"yoast-schema-graph\">{\"@context\":\"https:\\\/\\\/schema.org\",\"@graph\":[{\"@type\":\"WebPage\",\"@id\":\"https:\\\/\\\/buitenpizzaovenkopen.nl\\\/pizza-oven-kopen\\\/beek-classico-pizza-oven-multifuel-inclusief-demontabele-branderunit\\\/\",\"url\":\"https:\\\/\\\/buitenpizzaovenkopen.nl\\\/pizza-oven-kopen\\\/beek-classico-pizza-oven-multifuel-inclusief-demontabele-branderunit\\\/\",\"name\":\"BEEK Classico Pizza Oven goedkoop bij buitenpizzaovenkopen.nl\",\"isPartOf\":{\"@id\":\"https:\\\/\\\/buitenpizzaovenkopen.nl\\\/#website\"},\"primaryImageOfPage\":{\"@id\":\"https:\\\/\\\/buitenpizzaovenkopen.nl\\\/pizza-oven-kopen\\\/beek-classico-pizza-oven-multifuel-inclusief-demontabele-branderunit\\\/#primaryimage\"},\"image\":{\"@id\":\"https:\\\/\\\/buitenpizzaovenkopen.nl\\\/pizza-oven-kopen\\\/beek-classico-pizza-oven-multifuel-inclusief-demontabele-branderunit\\\/#primaryimage\"},\"thumbnailUrl\":\"https:\\\/\\\/buitenpizzaovenkopen.nl\\\/wp-content\\\/uploads\\\/2026\\\/02\\\/IMG_1552.png\",\"datePublished\":\"2026-02-27T17:36:54+00:00\",\"dateModified\":\"2026-02-27T23:19:35+00:00\",\"description\":\"De Beek Classico pizza oven is een oven die de pizzaliefhebber de mogelijkheid biedt om in 90 seconden geweldig smakende pizza's te bakken.\",\"breadcrumb\":{\"@id\":\"https:\\\/\\\/buitenpizzaovenkopen.nl\\\/pizza-oven-kopen\\\/beek-classico-pizza-oven-multifuel-inclusief-demontabele-branderunit\\\/#breadcrumb\"},\"inLanguage\":\"fr-FR\",\"potentialAction\":[{\"@type\":\"ReadAction\",\"target\":[\"https:\\\/\\\/buitenpizzaovenkopen.nl\\\/pizza-oven-kopen\\\/beek-classico-pizza-oven-multifuel-inclusief-demontabele-branderunit\\\/\"]}]},{\"@type\":\"ImageObject\",\"inLanguage\":\"fr-FR\",\"@id\":\"https:\\\/\\\/buitenpizzaovenkopen.nl\\\/pizza-oven-kopen\\\/beek-classico-pizza-oven-multifuel-inclusief-demontabele-branderunit\\\/#primaryimage\",\"url\":\"https:\\\/\\\/buitenpizzaovenkopen.nl\\\/wp-content\\\/uploads\\\/2026\\\/02\\\/IMG_1552.png\",\"contentUrl\":\"https:\\\/\\\/buitenpizzaovenkopen.nl\\\/wp-content\\\/uploads\\\/2026\\\/02\\\/IMG_1552.png\",\"width\":960,\"height\":1280},{\"@type\":\"BreadcrumbList\",\"@id\":\"https:\\\/\\\/buitenpizzaovenkopen.nl\\\/pizza-oven-kopen\\\/beek-classico-pizza-oven-multifuel-inclusief-demontabele-branderunit\\\/#breadcrumb\",\"itemListElement\":[{\"@type\":\"ListItem\",\"position\":1,\"name\":\"Home\",\"item\":\"https:\\\/\\\/buitenpizzaovenkopen.nl\\\/\"},{\"@type\":\"ListItem\",\"position\":2,\"name\":\"Pizza oven kopen\",\"item\":\"https:\\\/\\\/buitenpizzaovenkopen.nl\\\/pizzaoven-kopen\\\/\"},{\"@type\":\"ListItem\",\"position\":3,\"name\":\"BEEK Classico Pizza Oven MULTIFUEL inclusief demontabele Branderunit\"}]},{\"@type\":\"WebSite\",\"@id\":\"https:\\\/\\\/buitenpizzaovenkopen.nl\\\/#website\",\"url\":\"https:\\\/\\\/buitenpizzaovenkopen.nl\\\/\",\"name\":\"Buitenpizzaovenkopen.nl\",\"description\":\"is onderdeel van Casa di Ruscello\",\"publisher\":{\"@id\":\"https:\\\/\\\/buitenpizzaovenkopen.nl\\\/#organization\"},\"potentialAction\":[{\"@type\":\"SearchAction\",\"target\":{\"@type\":\"EntryPoint\",\"urlTemplate\":\"https:\\\/\\\/buitenpizzaovenkopen.nl\\\/?s={search_term_string}\"},\"query-input\":{\"@type\":\"PropertyValueSpecification\",\"valueRequired\":true,\"valueName\":\"search_term_string\"}}],\"inLanguage\":\"fr-FR\"},{\"@type\":\"Organization\",\"@id\":\"https:\\\/\\\/buitenpizzaovenkopen.nl\\\/#organization\",\"name\":\"Casa du Ruscello\",\"url\":\"https:\\\/\\\/buitenpizzaovenkopen.nl\\\/\",\"logo\":{\"@type\":\"ImageObject\",\"inLanguage\":\"fr-FR\",\"@id\":\"https:\\\/\\\/buitenpizzaovenkopen.nl\\\/#\\\/schema\\\/logo\\\/image\\\/\",\"url\":\"https:\\\/\\\/buitenpizzaovenkopen.nl\\\/wp-content\\\/uploads\\\/2020\\\/02\\\/logo.gif\",\"contentUrl\":\"https:\\\/\\\/buitenpizzaovenkopen.nl\\\/wp-content\\\/uploads\\\/2020\\\/02\\\/logo.gif\",\"width\":300,\"height\":305,\"caption\":\"Casa du Ruscello\"},\"image\":{\"@id\":\"https:\\\/\\\/buitenpizzaovenkopen.nl\\\/#\\\/schema\\\/logo\\\/image\\\/\"}}]}<\/script>\n<!-- \/ Yoast SEO plugin. -->","yoast_head_json":{"title":"BEEK Classico Four \u00e0 Pizza buitenpizzaovenkopen.nl","description":"Le Beek Classico pizza four est un four qui offre la pizza amoureux de la possibilit\u00e9 de cuire une grande d\u00e9gustation de pizzas en 90 Secondes.","robots":{"index":"index","follow":"follow","max-snippet":"max-snippet:-1","max-image-preview":"max-image-preview:large","max-video-preview":"max-video-preview:-1"},"canonical":"https:\/\/buitenpizzaovenkopen.nl\/fr\/pizza-oven-kopen\/beek-classico-pizza-oven-multifuel-inclusief-demontabele-branderunit\/","og_locale":"fr_FR","og_type":"article","og_title":"BEEK Classico Pizza Oven goedkoop bij buitenpizzaovenkopen.nl","og_description":"De Beek Classico pizza oven is een oven die de pizzaliefhebber de mogelijkheid biedt om in 90 seconden geweldig smakende pizza's te bakken.","og_url":"https:\/\/buitenpizzaovenkopen.nl\/fr\/pizza-oven-kopen\/beek-classico-pizza-oven-multifuel-inclusief-demontabele-branderunit\/","og_site_name":"Buitenpizzaovenkopen.nl","article_modified_time":"2026-02-27T23:19:35+00:00","og_image":[{"width":960,"height":1280,"url":"https:\/\/buitenpizzaovenkopen.nl\/wp-content\/uploads\/2026\/02\/IMG_1552.png","type":"image\/png"}],"twitter_card":"summary_large_image","twitter_misc":{"Dur\u00e9e de lecture estim\u00e9e":"3 minutes"},"schema":{"@context":"https:\/\/schema.org","@graph":[{"@type":"WebPage","@id":"https:\/\/buitenpizzaovenkopen.nl\/pizza-oven-kopen\/beek-classico-pizza-oven-multifuel-inclusief-demontabele-branderunit\/","url":"https:\/\/buitenpizzaovenkopen.nl\/pizza-oven-kopen\/beek-classico-pizza-oven-multifuel-inclusief-demontabele-branderunit\/","name":"BEEK Classico Four \u00e0 Pizza buitenpizzaovenkopen.nl","isPartOf":{"@id":"https:\/\/buitenpizzaovenkopen.nl\/#website"},"primaryImageOfPage":{"@id":"https:\/\/buitenpizzaovenkopen.nl\/pizza-oven-kopen\/beek-classico-pizza-oven-multifuel-inclusief-demontabele-branderunit\/#primaryimage"},"image":{"@id":"https:\/\/buitenpizzaovenkopen.nl\/pizza-oven-kopen\/beek-classico-pizza-oven-multifuel-inclusief-demontabele-branderunit\/#primaryimage"},"thumbnailUrl":"https:\/\/buitenpizzaovenkopen.nl\/wp-content\/uploads\/2026\/02\/IMG_1552.png","datePublished":"2026-02-27T17:36:54+00:00","dateModified":"2026-02-27T23:19:35+00:00","description":"Le Beek Classico pizza four est un four qui offre la pizza amoureux de la possibilit\u00e9 de cuire une grande d\u00e9gustation de pizzas en 90 Secondes.","breadcrumb":{"@id":"https:\/\/buitenpizzaovenkopen.nl\/pizza-oven-kopen\/beek-classico-pizza-oven-multifuel-inclusief-demontabele-branderunit\/#breadcrumb"},"inLanguage":"fr-FR","potentialAction":[{"@type":"ReadAction","target":["https:\/\/buitenpizzaovenkopen.nl\/pizza-oven-kopen\/beek-classico-pizza-oven-multifuel-inclusief-demontabele-branderunit\/"]}]},{"@type":"ImageObject","inLanguage":"fr-FR","@id":"https:\/\/buitenpizzaovenkopen.nl\/pizza-oven-kopen\/beek-classico-pizza-oven-multifuel-inclusief-demontabele-branderunit\/#primaryimage","url":"https:\/\/buitenpizzaovenkopen.nl\/wp-content\/uploads\/2026\/02\/IMG_1552.png","contentUrl":"https:\/\/buitenpizzaovenkopen.nl\/wp-content\/uploads\/2026\/02\/IMG_1552.png","width":960,"height":1280},{"@type":"BreadcrumbList","@id":"https:\/\/buitenpizzaovenkopen.nl\/pizza-oven-kopen\/beek-classico-pizza-oven-multifuel-inclusief-demontabele-branderunit\/#breadcrumb","itemListElement":[{"@type":"ListItem","position":1,"name":"Home","item":"https:\/\/buitenpizzaovenkopen.nl\/"},{"@type":"ListItem","position":2,"name":"Pizza oven kopen","item":"https:\/\/buitenpizzaovenkopen.nl\/pizzaoven-kopen\/"},{"@type":"ListItem","position":3,"name":"BEEK Classico Pizza Oven MULTIFUEL inclusief demontabele Branderunit"}]},{"@type":"WebSite","@id":"https:\/\/buitenpizzaovenkopen.nl\/#website","url":"https:\/\/buitenpizzaovenkopen.nl\/","name":"Buitenpizzaovenkopen.nl","description":"fait partie de Casa Di Ruscello","publisher":{"@id":"https:\/\/buitenpizzaovenkopen.nl\/#organization"},"potentialAction":[{"@type":"SearchAction","target":{"@type":"EntryPoint","urlTemplate":"https:\/\/buitenpizzaovenkopen.nl\/?s={search_term_string}"},"query-input":{"@type":"PropertyValueSpecification","valueRequired":true,"valueName":"search_term_string"}}],"inLanguage":"fr-FR"},{"@type":"Organization","@id":"https:\/\/buitenpizzaovenkopen.nl\/#organization","name":"Casa du Ruscello","url":"https:\/\/buitenpizzaovenkopen.nl\/","logo":{"@type":"ImageObject","inLanguage":"fr-FR","@id":"https:\/\/buitenpizzaovenkopen.nl\/#\/schema\/logo\/image\/","url":"https:\/\/buitenpizzaovenkopen.nl\/wp-content\/uploads\/2020\/02\/logo.gif","contentUrl":"https:\/\/buitenpizzaovenkopen.nl\/wp-content\/uploads\/2020\/02\/logo.gif","width":300,"height":305,"caption":"Casa du Ruscello"},"image":{"@id":"https:\/\/buitenpizzaovenkopen.nl\/#\/schema\/logo\/image\/"}}]}},"_links":{"self":[{"href":"https:\/\/buitenpizzaovenkopen.nl\/fr\/wp-json\/wp\/v2\/product\/9684","targetHints":{"allow":["GET"]}}],"collection":[{"href":"https:\/\/buitenpizzaovenkopen.nl\/fr\/wp-json\/wp\/v2\/product"}],"about":[{"href":"https:\/\/buitenpizzaovenkopen.nl\/fr\/wp-json\/wp\/v2\/types\/product"}],"wp:featuredmedia":[{"embeddable":true,"href":"https:\/\/buitenpizzaovenkopen.nl\/fr\/wp-json\/wp\/v2\/media\/9715"}],"wp:attachment":[{"href":"https:\/\/buitenpizzaovenkopen.nl\/fr\/wp-json\/wp\/v2\/media?parent=9684"}],"wp:term":[{"taxonomy":"product_brand","embeddable":true,"href":"https:\/\/buitenpizzaovenkopen.nl\/fr\/wp-json\/wp\/v2\/product_brand?post=9684"},{"taxonomy":"product_cat","embeddable":true,"href":"https:\/\/buitenpizzaovenkopen.nl\/fr\/wp-json\/wp\/v2\/product_cat?post=9684"},{"taxonomy":"product_tag","embeddable":true,"href":"https:\/\/buitenpizzaovenkopen.nl\/fr\/wp-json\/wp\/v2\/product_tag?post=9684"}],"curies":[{"name":"wp","href":"https:\/\/api.w.org\/{rel}","templated":true}]}}