{"id":9213,"date":"2025-08-02T10:21:38","date_gmt":"2025-08-02T08:21:38","guid":{"rendered":"https:\/\/buitenpizzaovenkopen.nl\/?post_type=product&#038;p=9213"},"modified":"2025-12-01T16:31:12","modified_gmt":"2025-12-01T15:31:12","slug":"beek-grande-pizza-oven-groen-extra-brede-bakvloer","status":"publish","type":"product","link":"https:\/\/buitenpizzaovenkopen.nl\/fr\/pizza-oven-kopen\/beek-grande-pizza-oven-groen-extra-brede-bakvloer\/","title":{"rendered":"BEEK Grande Pizza Oven Groen &#8211; Extra Brede Bakvloer"},"content":{"rendered":"<p><strong>BEEK Grande Pizzaoven met Extra Brede Bakvloer in prachtig Groen<\/strong><!--more--><\/p>\n<p>Le Beek Grande four \u00e0 pizza extra large de cuisson \u00e9tage est un de taille moyenne four peut cuire jusqu&#039;\u00e0 4 pizzas en m\u00eame temps. Le four a une plus grande bicarbonate de plancher de 800 mm de large et 600 mm de profondeur. Il p\u00e8se environ 85 kg, ce qui rend ce four toujours incroyablement mobile.<\/p>\n<p>De nieuwste BEEK GRANDE heeft een down force air circulatie en<br \/>\nEen regelbare inlaat waardoor de oven prachtig brand met gesloten deur.<br \/>\nIs dus voorzien van alle opties.<br \/>\nAvec ce grand four, vous pouvez faire cuire de d\u00e9licieuses pizzas pour votre famille ou vos amis, mais est \u00e9galement adapt\u00e9 pour les grandes familles, les grands groupes, de la restauration et de l&#039;alimentation du camion.<\/p>\n<p>Le BEEK Grande Pizza du Four est compl\u00e8tement isol\u00e9e et a une plus grande porte d&#039;entr\u00e9e et une belle hauteur de sorte que vous pouvez cuire de super pizzas, mais aussi de les faire cuire dans celui-ci, tels que des plats de viande, poisson, pain, etc.<br \/>\nC&#039;est un tout-rond!<br \/>\nIl dispose \u00e9galement d&#039;un support de chemin\u00e9e, un haut-Cewal thermom\u00e8tre de l&#039;Italie et \u00e9l\u00e9gant de la chamotte rev\u00eatement de sol. Le four br\u00fble sur le bois et r\u00e9alise le meilleur de la chaleur avec du bois s\u00e9ch\u00e9, le bouleau, le fr\u00eane, le h\u00eatre, le ch\u00eane ou le fruit de l&#039;arbre de bois.<br \/>\nPour plus d&#039;informations sur le meilleur bois pour un four \u00e0 pizza, cliquez sur ce <a href=\"https:\/\/www.italieplein.nl\/hout-voor-pizzaoven\/\" target=\"_blank\" rel=\"noopener\">lien<\/a>.<\/p>\n<p>Est livr\u00e9 en standard avec une pizza italienne scoop de la Falci de la marque de sorte que vous pouvez imm\u00e9diatement commencer la cuisson les plus savoureuses pizzas<\/p>\n<p><strong style=\"font-size: 16px\">Sp\u00e9cifications techniques:<\/strong><\/p>\n<p>Le temps d&#039;\u00e9chauffement:<span style=\"font-size: 16px\"> De 15 \u00e0 40 minutes<br \/>\n<\/span><strong>Temp\u00e9rature maximale:<\/strong> Jusqu&#039;\u00e0 500C<br \/>\n<strong>Vitesse de cuisson:<\/strong> 90 Secondes<br \/>\n<strong>Capacit\u00e9:<\/strong> Jusqu'\u00e0 4 pizzas ou autres plats.<br \/>\n<strong>Carburant recommand\u00e9:<\/strong> bouleau \/ bois de fr\u00eane et \/ ou des feuillus comme le h\u00eatre, le ch\u00eane, le bois de pommier etc.<br \/>\n<strong>La cuisson de la section:<\/strong> 800x600mm-extra large de cuisson \u00e9tage<br \/>\n<b>Dimension ext\u00e9rieure<\/b>: 92 cm de large et 79 cm de profondeur<br \/>\n<strong>Contient:<\/strong> Four \u00e0 Pizza, de porte en acier inoxydable de 2 mm d&#039;\u00e9paisseur!, schoorsteen, thermom\u00e8tre merk Cewal (Italiaans), les CARAVANES vuurscherm\/ chambre de combustion, pizzaschep merk Falci<br \/>\n<strong>Drain:<\/strong> 150mm<br \/>\n<strong>Garantie:<\/strong> 1 an \u00e0 compter de la date d&#039;achat<br \/>\n<strong>Couleur:<\/strong> Groen, tevens leverbaar in de kleur Mat Zwart (RAL 9005) en Mat Rood (RAL 3020), andere kleuren mogelijk tegen meerprijs op aanvraag na telefonisch contact.<\/p>\n<p>Ce four n&#039;est pas seulement id\u00e9al pour l&#039;usage \u00e0 la maison, mais aussi parfaitement adapt\u00e9 pour les grands groupes, \u00e9tablissements de restauration et les camions de nourriture, gr\u00e2ce \u00e0 son isolation compl\u00e8te et spacieuse porte d&#039;entr\u00e9e pour l&#039;op\u00e9ration facile. Le support de la chemin\u00e9e et de la polyvalence dans le choix de carburant rendent appropri\u00e9 pour un large \u00e9ventail de styles de cuisine, de pizzas pour les plats de viande et plus.<\/p>\n<p>D\u00e9couvrez \u00e9galement les BEEK Classico 70, la version plus petite de ce four, pour une utilisation dans les petits espaces. <a href=\"https:\/\/buitenpizzaovenkopen.nl\/fr\/pizza-oven-kopen\/beek-classico-pizza-oven\/\">https:\/\/buitenpizzaovenkopen.nl\/pizza-oven-kopen\/beek-classico-pizza-oven\/<\/a><\/p>","protected":false},"excerpt":{"rendered":"<p><strong>BEEK Grande Four \u00e0 Pizza Extra large de cuisson \u00e9tage<\/strong><\/p>\n<p>Le Beek Grande four \u00e0 pizza extra large de bicarbonate de chauss\u00e9e est un de taille moyenne four jusqu&#039;\u00e0 4 pizzas peuvent \u00eatre cuits en m\u00eame temps. Le four a une plus grande bicarbonate de plancher de 800 mm de large et 600 mm de profondeur. Il p\u00e8se environ 85 kg, ce qui rend ce four toujours incroyablement mobile.<br \/>\nAvec ce grand four, vous pouvez faire cuire de d\u00e9licieuses pizzas pour votre famille ou vos amis, mais est \u00e9galement adapt\u00e9 pour les grandes familles, les grands groupes, de la restauration et de l&#039;alimentation du camion.<\/p>\n<p>La Grande est totalement isol\u00e9e et dispose d&#039;une large porte d&#039;entr\u00e9e et une belle hauteur de sorte que vous pouvez cuire de super pizzas, mais aussi de les faire cuire dans celui-ci, tels que des plats de viande, de poisson, du pain, etc.<br \/>\nC&#039;est un tout-rond!<br \/>\nIl dispose \u00e9galement d&#039;un support de chemin\u00e9e, un haut-Cewal thermom\u00e8tre de l&#039;Italie et \u00e9l\u00e9gant de la chamotte rev\u00eatement de sol. Le four br\u00fble sur le bois et r\u00e9alise le meilleur de la chaleur avec du bois s\u00e9ch\u00e9, le bouleau, le fr\u00eane, le h\u00eatre, le ch\u00eane ou le fruit de l&#039;arbre de bois.<br \/>\nPour plus d&#039;informations sur le meilleur bois pour un four \u00e0 pizza, cliquez sur ce <a href=\"https:\/\/www.italieplein.nl\/hout-voor-pizzaoven\/\" target=\"_blank\" rel=\"noopener\">lien<\/a>.<\/p>\n<p>Est livr\u00e9 en standard avec une pizza italienne scoop de la Falci de la marque de sorte que vous pouvez imm\u00e9diatement commencer la cuisson les plus savoureuses pizzas<\/p>\n<p>D\u00e9couvrez \u00e9galement les BEEK Classico 70, la version plus petite de ce four, pour une utilisation dans les petits espaces. <a href=\"https:\/\/buitenpizzaovenkopen.nl\/fr\/pizza-oven-kopen\/beek-classico-pizza-oven\/\">https:\/\/buitenpizzaovenkopen.nl\/pizza-oven-kopen\/beek-classico-pizza-oven\/<\/a><\/p>\n<p>&nbsp;<\/p>","protected":false},"featured_media":9520,"template":"","meta":{"_monsterinsights_skip_tracking":false,"_monsterinsights_sitenote_active":false,"_monsterinsights_sitenote_note":"","_monsterinsights_sitenote_category":0,"site-sidebar-layout":"default","site-content-layout":"default","ast-site-content-layout":"default","site-content-style":"default","site-sidebar-style":"default","ast-global-header-display":"","ast-banner-title-visibility":"","ast-main-header-display":"","ast-hfb-above-header-display":"","ast-hfb-below-header-display":"","ast-hfb-mobile-header-display":"","site-post-title":"","ast-breadcrumbs-content":"","ast-featured-img":"","footer-sml-layout":"","ast-disable-related-posts":"","theme-transparent-header-meta":"default","adv-header-id-meta":"","stick-header-meta":"","header-above-stick-meta":"","header-main-stick-meta":"","header-below-stick-meta":"","astra-migrate-meta-layouts":"set","ast-page-background-enabled":"default","ast-page-background-meta":{"desktop":{"background-color":"","background-image":"","background-repeat":"repeat","background-position":"center center","background-size":"auto","background-attachment":"scroll","background-type":"","background-media":"","overlay-type":"","overlay-color":"","overlay-opacity":"","overlay-gradient":""},"tablet":{"background-color":"","background-image":"","background-repeat":"repeat","background-position":"center center","background-size":"auto","background-attachment":"scroll","background-type":"","background-media":"","overlay-type":"","overlay-color":"","overlay-opacity":"","overlay-gradient":""},"mobile":{"background-color":"","background-image":"","background-repeat":"repeat","background-position":"center center","background-size":"auto","background-attachment":"scroll","background-type":"","background-media":"","overlay-type":"","overlay-color":"","overlay-opacity":"","overlay-gradient":""}},"ast-content-background-meta":{"desktop":{"background-color":"var(--ast-global-color-5)","background-image":"","background-repeat":"repeat","background-position":"center center","background-size":"auto","background-attachment":"scroll","background-type":"","background-media":"","overlay-type":"","overlay-color":"","overlay-opacity":"","overlay-gradient":""},"tablet":{"background-color":"var(--ast-global-color-5)","background-image":"","background-repeat":"repeat","background-position":"center center","background-size":"auto","background-attachment":"scroll","background-type":"","background-media":"","overlay-type":"","overlay-color":"","overlay-opacity":"","overlay-gradient":""},"mobile":{"background-color":"var(--ast-global-color-5)","background-image":"","background-repeat":"repeat","background-position":"center center","background-size":"auto","background-attachment":"scroll","background-type":"","background-media":"","overlay-type":"","overlay-color":"","overlay-opacity":"","overlay-gradient":""}}},"product_brand":[],"product_cat":[24],"product_tag":[129,135,131,136],"class_list":{"0":"post-9213","1":"product","2":"type-product","3":"status-publish","4":"has-post-thumbnail","6":"product_cat-pizza-ovens","7":"product_tag-beek","8":"product_tag-grande","9":"product_tag-houtgestookt","10":"product_tag-pizza-oven","11":"product_shipping_class-verzendklasse-3","12":"desktop-align-left","13":"tablet-align-left","14":"mobile-align-left","16":"first","17":"instock","18":"sale","19":"featured","20":"taxable","21":"shipping-taxable","22":"purchasable","23":"product-type-simple"},"yoast_head":"<!-- This site is optimized with the Yoast SEO plugin v27.4 - https:\/\/yoast.com\/product\/yoast-seo-wordpress\/ -->\n<title>BEEK Grande pizzaoven - Buitenpizzaovenkopen.nl<\/title>\n<meta name=\"description\" content=\"Ontdek de ruime BEEK Grande Pizzaoven met extra brede bakvloer voor het perfect bakken van maar liefst 4 pizza&#039;s tegelijk. in slechts 90 seconden!\" \/>\n<meta name=\"robots\" content=\"index, follow, max-snippet:-1, max-image-preview:large, max-video-preview:-1\" \/>\n<link rel=\"canonical\" href=\"https:\/\/buitenpizzaovenkopen.nl\/fr\/pizza-oven-kopen\/beek-grande-pizza-oven-groen-extra-brede-bakvloer\/\" \/>\n<meta property=\"og:locale\" content=\"fr_FR\" \/>\n<meta property=\"og:type\" content=\"article\" \/>\n<meta property=\"og:title\" content=\"BEEK Grande pizzaoven - Buitenpizzaovenkopen.nl\" \/>\n<meta property=\"og:description\" content=\"Ontdek de ruime BEEK Grande Pizzaoven met extra brede bakvloer voor het perfect bakken van maar liefst 4 pizza&#039;s tegelijk. in slechts 90 seconden!\" \/>\n<meta property=\"og:url\" content=\"https:\/\/buitenpizzaovenkopen.nl\/fr\/pizza-oven-kopen\/beek-grande-pizza-oven-groen-extra-brede-bakvloer\/\" \/>\n<meta property=\"og:site_name\" content=\"Buitenpizzaovenkopen.nl\" \/>\n<meta property=\"article:modified_time\" content=\"2025-12-01T15:31:12+00:00\" \/>\n<meta property=\"og:image\" content=\"https:\/\/buitenpizzaovenkopen.nl\/wp-content\/uploads\/2025\/08\/IMG_0994-scaled.jpeg\" \/>\n\t<meta property=\"og:image:width\" content=\"1920\" \/>\n\t<meta property=\"og:image:height\" content=\"2560\" \/>\n\t<meta property=\"og:image:type\" content=\"image\/jpeg\" \/>\n<meta name=\"twitter:card\" content=\"summary_large_image\" \/>\n<meta name=\"twitter:label1\" content=\"Dur\u00e9e de lecture estim\u00e9e\" \/>\n\t<meta name=\"twitter:data1\" content=\"3 minutes\" \/>\n<script type=\"application\/ld+json\" class=\"yoast-schema-graph\">{\"@context\":\"https:\\\/\\\/schema.org\",\"@graph\":[{\"@type\":\"WebPage\",\"@id\":\"https:\\\/\\\/buitenpizzaovenkopen.nl\\\/pizza-oven-kopen\\\/beek-grande-pizza-oven-groen-extra-brede-bakvloer\\\/\",\"url\":\"https:\\\/\\\/buitenpizzaovenkopen.nl\\\/pizza-oven-kopen\\\/beek-grande-pizza-oven-groen-extra-brede-bakvloer\\\/\",\"name\":\"BEEK Grande pizzaoven - Buitenpizzaovenkopen.nl\",\"isPartOf\":{\"@id\":\"https:\\\/\\\/buitenpizzaovenkopen.nl\\\/#website\"},\"primaryImageOfPage\":{\"@id\":\"https:\\\/\\\/buitenpizzaovenkopen.nl\\\/pizza-oven-kopen\\\/beek-grande-pizza-oven-groen-extra-brede-bakvloer\\\/#primaryimage\"},\"image\":{\"@id\":\"https:\\\/\\\/buitenpizzaovenkopen.nl\\\/pizza-oven-kopen\\\/beek-grande-pizza-oven-groen-extra-brede-bakvloer\\\/#primaryimage\"},\"thumbnailUrl\":\"https:\\\/\\\/buitenpizzaovenkopen.nl\\\/wp-content\\\/uploads\\\/2025\\\/08\\\/IMG_0994-scaled.jpeg\",\"datePublished\":\"2025-08-02T08:21:38+00:00\",\"dateModified\":\"2025-12-01T15:31:12+00:00\",\"description\":\"Ontdek de ruime BEEK Grande Pizzaoven met extra brede bakvloer voor het perfect bakken van maar liefst 4 pizza's tegelijk. in slechts 90 seconden!\",\"breadcrumb\":{\"@id\":\"https:\\\/\\\/buitenpizzaovenkopen.nl\\\/pizza-oven-kopen\\\/beek-grande-pizza-oven-groen-extra-brede-bakvloer\\\/#breadcrumb\"},\"inLanguage\":\"fr-FR\",\"potentialAction\":[{\"@type\":\"ReadAction\",\"target\":[\"https:\\\/\\\/buitenpizzaovenkopen.nl\\\/pizza-oven-kopen\\\/beek-grande-pizza-oven-groen-extra-brede-bakvloer\\\/\"]}]},{\"@type\":\"ImageObject\",\"inLanguage\":\"fr-FR\",\"@id\":\"https:\\\/\\\/buitenpizzaovenkopen.nl\\\/pizza-oven-kopen\\\/beek-grande-pizza-oven-groen-extra-brede-bakvloer\\\/#primaryimage\",\"url\":\"https:\\\/\\\/buitenpizzaovenkopen.nl\\\/wp-content\\\/uploads\\\/2025\\\/08\\\/IMG_0994-scaled.jpeg\",\"contentUrl\":\"https:\\\/\\\/buitenpizzaovenkopen.nl\\\/wp-content\\\/uploads\\\/2025\\\/08\\\/IMG_0994-scaled.jpeg\",\"width\":1920,\"height\":2560},{\"@type\":\"BreadcrumbList\",\"@id\":\"https:\\\/\\\/buitenpizzaovenkopen.nl\\\/pizza-oven-kopen\\\/beek-grande-pizza-oven-groen-extra-brede-bakvloer\\\/#breadcrumb\",\"itemListElement\":[{\"@type\":\"ListItem\",\"position\":1,\"name\":\"Home\",\"item\":\"https:\\\/\\\/buitenpizzaovenkopen.nl\\\/\"},{\"@type\":\"ListItem\",\"position\":2,\"name\":\"Pizza oven kopen\",\"item\":\"https:\\\/\\\/buitenpizzaovenkopen.nl\\\/pizzaoven-kopen\\\/\"},{\"@type\":\"ListItem\",\"position\":3,\"name\":\"BEEK Grande Pizza Oven Groen &#8211; Extra Brede Bakvloer\"}]},{\"@type\":\"WebSite\",\"@id\":\"https:\\\/\\\/buitenpizzaovenkopen.nl\\\/#website\",\"url\":\"https:\\\/\\\/buitenpizzaovenkopen.nl\\\/\",\"name\":\"Buitenpizzaovenkopen.nl\",\"description\":\"is onderdeel van Casa di Ruscello\",\"publisher\":{\"@id\":\"https:\\\/\\\/buitenpizzaovenkopen.nl\\\/#organization\"},\"potentialAction\":[{\"@type\":\"SearchAction\",\"target\":{\"@type\":\"EntryPoint\",\"urlTemplate\":\"https:\\\/\\\/buitenpizzaovenkopen.nl\\\/?s={search_term_string}\"},\"query-input\":{\"@type\":\"PropertyValueSpecification\",\"valueRequired\":true,\"valueName\":\"search_term_string\"}}],\"inLanguage\":\"fr-FR\"},{\"@type\":\"Organization\",\"@id\":\"https:\\\/\\\/buitenpizzaovenkopen.nl\\\/#organization\",\"name\":\"Casa du Ruscello\",\"url\":\"https:\\\/\\\/buitenpizzaovenkopen.nl\\\/\",\"logo\":{\"@type\":\"ImageObject\",\"inLanguage\":\"fr-FR\",\"@id\":\"https:\\\/\\\/buitenpizzaovenkopen.nl\\\/#\\\/schema\\\/logo\\\/image\\\/\",\"url\":\"https:\\\/\\\/buitenpizzaovenkopen.nl\\\/wp-content\\\/uploads\\\/2020\\\/02\\\/logo.gif\",\"contentUrl\":\"https:\\\/\\\/buitenpizzaovenkopen.nl\\\/wp-content\\\/uploads\\\/2020\\\/02\\\/logo.gif\",\"width\":300,\"height\":305,\"caption\":\"Casa du Ruscello\"},\"image\":{\"@id\":\"https:\\\/\\\/buitenpizzaovenkopen.nl\\\/#\\\/schema\\\/logo\\\/image\\\/\"}}]}<\/script>\n<!-- \/ Yoast SEO plugin. -->","yoast_head_json":{"title":"BEEK Grande pizza au four Buitenpizzaovenkopen.nl","description":"D\u00e9couvrez le spacieux BEEK Grande four \u00e0 pizza extra large de cuisson \u00e9tage pour une Cuisson Parfaite de pas moins de 4 pizzas en m\u00eame temps. en seulement 90 Secondes!","robots":{"index":"index","follow":"follow","max-snippet":"max-snippet:-1","max-image-preview":"max-image-preview:large","max-video-preview":"max-video-preview:-1"},"canonical":"https:\/\/buitenpizzaovenkopen.nl\/fr\/pizza-oven-kopen\/beek-grande-pizza-oven-groen-extra-brede-bakvloer\/","og_locale":"fr_FR","og_type":"article","og_title":"BEEK Grande pizzaoven - Buitenpizzaovenkopen.nl","og_description":"Ontdek de ruime BEEK Grande Pizzaoven met extra brede bakvloer voor het perfect bakken van maar liefst 4 pizza's tegelijk. in slechts 90 seconden!","og_url":"https:\/\/buitenpizzaovenkopen.nl\/fr\/pizza-oven-kopen\/beek-grande-pizza-oven-groen-extra-brede-bakvloer\/","og_site_name":"Buitenpizzaovenkopen.nl","article_modified_time":"2025-12-01T15:31:12+00:00","og_image":[{"width":1920,"height":2560,"url":"https:\/\/buitenpizzaovenkopen.nl\/wp-content\/uploads\/2025\/08\/IMG_0994-scaled.jpeg","type":"image\/jpeg"}],"twitter_card":"summary_large_image","twitter_misc":{"Dur\u00e9e de lecture estim\u00e9e":"3 minutes"},"schema":{"@context":"https:\/\/schema.org","@graph":[{"@type":"WebPage","@id":"https:\/\/buitenpizzaovenkopen.nl\/pizza-oven-kopen\/beek-grande-pizza-oven-groen-extra-brede-bakvloer\/","url":"https:\/\/buitenpizzaovenkopen.nl\/pizza-oven-kopen\/beek-grande-pizza-oven-groen-extra-brede-bakvloer\/","name":"BEEK Grande pizza au four Buitenpizzaovenkopen.nl","isPartOf":{"@id":"https:\/\/buitenpizzaovenkopen.nl\/#website"},"primaryImageOfPage":{"@id":"https:\/\/buitenpizzaovenkopen.nl\/pizza-oven-kopen\/beek-grande-pizza-oven-groen-extra-brede-bakvloer\/#primaryimage"},"image":{"@id":"https:\/\/buitenpizzaovenkopen.nl\/pizza-oven-kopen\/beek-grande-pizza-oven-groen-extra-brede-bakvloer\/#primaryimage"},"thumbnailUrl":"https:\/\/buitenpizzaovenkopen.nl\/wp-content\/uploads\/2025\/08\/IMG_0994-scaled.jpeg","datePublished":"2025-08-02T08:21:38+00:00","dateModified":"2025-12-01T15:31:12+00:00","description":"D\u00e9couvrez le spacieux BEEK Grande four \u00e0 pizza extra large de cuisson \u00e9tage pour une Cuisson Parfaite de pas moins de 4 pizzas en m\u00eame temps. en seulement 90 Secondes!","breadcrumb":{"@id":"https:\/\/buitenpizzaovenkopen.nl\/pizza-oven-kopen\/beek-grande-pizza-oven-groen-extra-brede-bakvloer\/#breadcrumb"},"inLanguage":"fr-FR","potentialAction":[{"@type":"ReadAction","target":["https:\/\/buitenpizzaovenkopen.nl\/pizza-oven-kopen\/beek-grande-pizza-oven-groen-extra-brede-bakvloer\/"]}]},{"@type":"ImageObject","inLanguage":"fr-FR","@id":"https:\/\/buitenpizzaovenkopen.nl\/pizza-oven-kopen\/beek-grande-pizza-oven-groen-extra-brede-bakvloer\/#primaryimage","url":"https:\/\/buitenpizzaovenkopen.nl\/wp-content\/uploads\/2025\/08\/IMG_0994-scaled.jpeg","contentUrl":"https:\/\/buitenpizzaovenkopen.nl\/wp-content\/uploads\/2025\/08\/IMG_0994-scaled.jpeg","width":1920,"height":2560},{"@type":"BreadcrumbList","@id":"https:\/\/buitenpizzaovenkopen.nl\/pizza-oven-kopen\/beek-grande-pizza-oven-groen-extra-brede-bakvloer\/#breadcrumb","itemListElement":[{"@type":"ListItem","position":1,"name":"Home","item":"https:\/\/buitenpizzaovenkopen.nl\/"},{"@type":"ListItem","position":2,"name":"Pizza oven kopen","item":"https:\/\/buitenpizzaovenkopen.nl\/pizzaoven-kopen\/"},{"@type":"ListItem","position":3,"name":"BEEK Grande Pizza Oven Groen &#8211; Extra Brede Bakvloer"}]},{"@type":"WebSite","@id":"https:\/\/buitenpizzaovenkopen.nl\/#website","url":"https:\/\/buitenpizzaovenkopen.nl\/","name":"Buitenpizzaovenkopen.nl","description":"fait partie de Casa Di Ruscello","publisher":{"@id":"https:\/\/buitenpizzaovenkopen.nl\/#organization"},"potentialAction":[{"@type":"SearchAction","target":{"@type":"EntryPoint","urlTemplate":"https:\/\/buitenpizzaovenkopen.nl\/?s={search_term_string}"},"query-input":{"@type":"PropertyValueSpecification","valueRequired":true,"valueName":"search_term_string"}}],"inLanguage":"fr-FR"},{"@type":"Organization","@id":"https:\/\/buitenpizzaovenkopen.nl\/#organization","name":"Casa du Ruscello","url":"https:\/\/buitenpizzaovenkopen.nl\/","logo":{"@type":"ImageObject","inLanguage":"fr-FR","@id":"https:\/\/buitenpizzaovenkopen.nl\/#\/schema\/logo\/image\/","url":"https:\/\/buitenpizzaovenkopen.nl\/wp-content\/uploads\/2020\/02\/logo.gif","contentUrl":"https:\/\/buitenpizzaovenkopen.nl\/wp-content\/uploads\/2020\/02\/logo.gif","width":300,"height":305,"caption":"Casa du Ruscello"},"image":{"@id":"https:\/\/buitenpizzaovenkopen.nl\/#\/schema\/logo\/image\/"}}]}},"_links":{"self":[{"href":"https:\/\/buitenpizzaovenkopen.nl\/fr\/wp-json\/wp\/v2\/product\/9213","targetHints":{"allow":["GET"]}}],"collection":[{"href":"https:\/\/buitenpizzaovenkopen.nl\/fr\/wp-json\/wp\/v2\/product"}],"about":[{"href":"https:\/\/buitenpizzaovenkopen.nl\/fr\/wp-json\/wp\/v2\/types\/product"}],"wp:featuredmedia":[{"embeddable":true,"href":"https:\/\/buitenpizzaovenkopen.nl\/fr\/wp-json\/wp\/v2\/media\/9520"}],"wp:attachment":[{"href":"https:\/\/buitenpizzaovenkopen.nl\/fr\/wp-json\/wp\/v2\/media?parent=9213"}],"wp:term":[{"taxonomy":"product_brand","embeddable":true,"href":"https:\/\/buitenpizzaovenkopen.nl\/fr\/wp-json\/wp\/v2\/product_brand?post=9213"},{"taxonomy":"product_cat","embeddable":true,"href":"https:\/\/buitenpizzaovenkopen.nl\/fr\/wp-json\/wp\/v2\/product_cat?post=9213"},{"taxonomy":"product_tag","embeddable":true,"href":"https:\/\/buitenpizzaovenkopen.nl\/fr\/wp-json\/wp\/v2\/product_tag?post=9213"}],"curies":[{"name":"wp","href":"https:\/\/api.w.org\/{rel}","templated":true}]}}