{"id":8328,"date":"2024-05-11T17:09:43","date_gmt":"2024-05-11T15:09:43","guid":{"rendered":"https:\/\/buitenpizzaovenkopen.nl\/?post_type=product&#038;p=8328"},"modified":"2024-06-05T23:53:19","modified_gmt":"2024-06-05T21:53:19","slug":"cortenstaal-onderstel-inclusief-keramisch-werkblad-van-80x80cm","status":"publish","type":"product","link":"https:\/\/buitenpizzaovenkopen.nl\/fr\/pizza-oven-kopen\/cortenstaal-onderstel-inclusief-keramisch-werkblad-van-80x80cm\/","title":{"rendered":"Cortenstaal onderstel incl. speciale pizzascheppen houder afmeting 180x80cm met keramisch werkblad van 80x80cm (zonder pizzaoven!)"},"content":{"rendered":"<ul>\n<li>Onderstel BEEK Cortenstaal 160x80cm met een hoogte van 100cm is specifiek vervaardigd voor mobiele pizzaovens, waaronder modellen zoals de BEEK Classico 70, BEEK Grande, Corten 70 en Corten 90 en andere populaire merken zoals clementi, Alfa en dergelijke.<br \/>\nMet een hoogte van 100 cm biedt dit onderstel een optimale werkhoogte die bijzonder geschikt is voor de gemiddelde Noord-Europese gebruiker. In Zuid-Europa zijn de meeste onderstellen vaak te laag, wat het gebruik ervan soms onpraktisch maakt voor langere gebruikers. Ons Onderstel BEEK Corten 160x80cm is daarentegen perfect aangepast aan uw comfort en gebruiksgemak.<\/li>\n<\/ul>\n<p>Dit Onderstel voor pizza ovens is volledig vervaardigd uit 2mm dik Cortenstaal, wat niet alleen zorgt voor een elegante uitstraling maar ook de duurzaam. Het staat mooi op elk terras, wat het ideaal maakt voor zowel thuisgebruik of als professionele settings zoals festivals of catering events.<\/p>\n<p>Met de toepassing van \u00a0zwenkwielen is het onderstel moeiteloos te verplaatsen, zelfs op oneffen terrassen. De ruimte onder het onderstel biedt voldoende opslag voor ongeveer ruime hoeveelheid hout, genoeg om een meerdere avonden pizza&#8217;s te bakken zonder dat u zich zorgen hoeft te maken over een tekort.<\/p>\n<p>De speciale pizzahouder voor grote pizzaschep, draai-werkschep en een ovenborstel kan worden aangebouwd aan het onderstel. Hierdoor word de lengte 180cm.<\/p>\n<p><span style=\"font-size: 16px\">Tevens leveren we er een keramisch werkblad bij van 80x80cm.<\/span><\/p>\n<p>Er is veel ruimte voor uw houtopslag onder de pizzaoven maar er is ook de mogelijkheid om nog een plateau ertussen te plaatsen.<\/p>\n<p>Voor dit onderstel in combinatie met een pizzaoven kunnen we een speciale prijs maken of een extra optie toevoegen.<\/p>\n<p>Avez-vous des questions? Prendre aucune obligation <a href=\"https:\/\/buitenpizzaovenkopen.nl\/fr\/contact-buitenpizzaovenkopen\/\">contacter<\/a> en toute libert\u00e9!<\/p>","protected":false},"excerpt":{"rendered":"<p>Onderstel speciaal gemaakt voor hout gestookte mobiele pizzaovens en op een fijne werkhoogte van 100cm.<br \/>\nOnderstel is van 2mm cortenstaal BEEK Classico 70, BEEK Grande, BEEK Corten 70 en 90, Pizza Jolly 70, Alfa, Clementi en andere merken. Past op ieder terras.<br \/>\nInclusief keramisch werkblad van 80x80cm.<br \/>\nPar \u00e0 l&#039;aide de roulettes de 100 mm facile \u00e0 d\u00e9placer sur la terrasse.<br \/>\nOnderin de mogelijkheid voor veel gestapeld hout voor uw pizzaoven.<\/p>","protected":false},"featured_media":8344,"template":"","meta":{"_monsterinsights_skip_tracking":false,"_monsterinsights_sitenote_active":false,"_monsterinsights_sitenote_note":"","_monsterinsights_sitenote_category":0,"site-sidebar-layout":"default","site-content-layout":"default","ast-site-content-layout":"default","site-content-style":"default","site-sidebar-style":"default","ast-global-header-display":"","ast-banner-title-visibility":"","ast-main-header-display":"","ast-hfb-above-header-display":"","ast-hfb-below-header-display":"","ast-hfb-mobile-header-display":"","site-post-title":"","ast-breadcrumbs-content":"","ast-featured-img":"","footer-sml-layout":"","ast-disable-related-posts":"","theme-transparent-header-meta":"default","adv-header-id-meta":"","stick-header-meta":"","header-above-stick-meta":"","header-main-stick-meta":"","header-below-stick-meta":"","astra-migrate-meta-layouts":"set","ast-page-background-enabled":"default","ast-page-background-meta":{"desktop":{"background-color":"","background-image":"","background-repeat":"repeat","background-position":"center center","background-size":"auto","background-attachment":"scroll","background-type":"","background-media":"","overlay-type":"","overlay-color":"","overlay-opacity":"","overlay-gradient":""},"tablet":{"background-color":"","background-image":"","background-repeat":"repeat","background-position":"center center","background-size":"auto","background-attachment":"scroll","background-type":"","background-media":"","overlay-type":"","overlay-color":"","overlay-opacity":"","overlay-gradient":""},"mobile":{"background-color":"","background-image":"","background-repeat":"repeat","background-position":"center center","background-size":"auto","background-attachment":"scroll","background-type":"","background-media":"","overlay-type":"","overlay-color":"","overlay-opacity":"","overlay-gradient":""}},"ast-content-background-meta":{"desktop":{"background-color":"var(--ast-global-color-5)","background-image":"","background-repeat":"repeat","background-position":"center center","background-size":"auto","background-attachment":"scroll","background-type":"","background-media":"","overlay-type":"","overlay-color":"","overlay-opacity":"","overlay-gradient":""},"tablet":{"background-color":"var(--ast-global-color-5)","background-image":"","background-repeat":"repeat","background-position":"center center","background-size":"auto","background-attachment":"scroll","background-type":"","background-media":"","overlay-type":"","overlay-color":"","overlay-opacity":"","overlay-gradient":""},"mobile":{"background-color":"var(--ast-global-color-5)","background-image":"","background-repeat":"repeat","background-position":"center center","background-size":"auto","background-attachment":"scroll","background-type":"","background-media":"","overlay-type":"","overlay-color":"","overlay-opacity":"","overlay-gradient":""}}},"product_brand":[],"product_cat":[110],"product_tag":[],"class_list":{"0":"post-8328","1":"product","2":"type-product","3":"status-publish","4":"has-post-thumbnail","6":"product_cat-onderstellen","7":"product_shipping_class-verzendklasse-4","8":"desktop-align-left","9":"tablet-align-left","10":"mobile-align-left","12":"first","13":"instock","14":"taxable","15":"shipping-taxable","16":"purchasable","17":"product-type-simple"},"yoast_head":"<!-- This site is optimized with the Yoast SEO plugin v27.3 - https:\/\/yoast.com\/product\/yoast-seo-wordpress\/ -->\n<title>Cortenstaal onderstel incl. speciale pizzascheppen houder afmeting 180x80cm met keramisch werkblad van 80x80cm (zonder pizzaoven!) - Buitenpizzaovenkopen.nl<\/title>\n<meta name=\"description\" content=\"Ontdek het Onderstel BEEK cortenstaal 180x80, speciaal ontworpen voor mobiele pizza ovens. Perfecte werkhoogte van 100cm voor optimaal gebruiksgemak!\" \/>\n<meta name=\"robots\" content=\"index, follow, max-snippet:-1, max-image-preview:large, max-video-preview:-1\" \/>\n<link rel=\"canonical\" href=\"https:\/\/buitenpizzaovenkopen.nl\/fr\/pizza-oven-kopen\/cortenstaal-onderstel-inclusief-keramisch-werkblad-van-80x80cm\/\" \/>\n<meta property=\"og:locale\" content=\"fr_FR\" \/>\n<meta property=\"og:type\" content=\"article\" \/>\n<meta property=\"og:title\" content=\"Cortenstaal onderstel incl. speciale pizzascheppen houder afmeting 180x80cm met keramisch werkblad van 80x80cm (zonder pizzaoven!) - Buitenpizzaovenkopen.nl\" \/>\n<meta property=\"og:description\" content=\"Ontdek het Onderstel BEEK cortenstaal 180x80, speciaal ontworpen voor mobiele pizza ovens. Perfecte werkhoogte van 100cm voor optimaal gebruiksgemak!\" \/>\n<meta property=\"og:url\" content=\"https:\/\/buitenpizzaovenkopen.nl\/fr\/pizza-oven-kopen\/cortenstaal-onderstel-inclusief-keramisch-werkblad-van-80x80cm\/\" \/>\n<meta property=\"og:site_name\" content=\"Buitenpizzaovenkopen.nl\" \/>\n<meta property=\"article:modified_time\" content=\"2024-06-05T21:53:19+00:00\" \/>\n<meta property=\"og:image\" content=\"https:\/\/buitenpizzaovenkopen.nl\/wp-content\/uploads\/2024\/05\/IMG_5071-scaled.jpeg\" \/>\n\t<meta property=\"og:image:width\" content=\"2560\" \/>\n\t<meta property=\"og:image:height\" content=\"1920\" \/>\n\t<meta property=\"og:image:type\" content=\"image\/jpeg\" \/>\n<meta name=\"twitter:card\" content=\"summary_large_image\" \/>\n<meta name=\"twitter:label1\" content=\"Dur\u00e9e de lecture estim\u00e9e\" \/>\n\t<meta name=\"twitter:data1\" content=\"2 minutes\" \/>\n<script type=\"application\/ld+json\" class=\"yoast-schema-graph\">{\"@context\":\"https:\\\/\\\/schema.org\",\"@graph\":[{\"@type\":\"WebPage\",\"@id\":\"https:\\\/\\\/buitenpizzaovenkopen.nl\\\/pizza-oven-kopen\\\/cortenstaal-onderstel-inclusief-keramisch-werkblad-van-80x80cm\\\/\",\"url\":\"https:\\\/\\\/buitenpizzaovenkopen.nl\\\/pizza-oven-kopen\\\/cortenstaal-onderstel-inclusief-keramisch-werkblad-van-80x80cm\\\/\",\"name\":\"Cortenstaal onderstel incl. speciale pizzascheppen houder afmeting 180x80cm met keramisch werkblad van 80x80cm (zonder pizzaoven!) - Buitenpizzaovenkopen.nl\",\"isPartOf\":{\"@id\":\"https:\\\/\\\/buitenpizzaovenkopen.nl\\\/#website\"},\"primaryImageOfPage\":{\"@id\":\"https:\\\/\\\/buitenpizzaovenkopen.nl\\\/pizza-oven-kopen\\\/cortenstaal-onderstel-inclusief-keramisch-werkblad-van-80x80cm\\\/#primaryimage\"},\"image\":{\"@id\":\"https:\\\/\\\/buitenpizzaovenkopen.nl\\\/pizza-oven-kopen\\\/cortenstaal-onderstel-inclusief-keramisch-werkblad-van-80x80cm\\\/#primaryimage\"},\"thumbnailUrl\":\"https:\\\/\\\/buitenpizzaovenkopen.nl\\\/wp-content\\\/uploads\\\/2024\\\/05\\\/IMG_5071-scaled.jpeg\",\"datePublished\":\"2024-05-11T15:09:43+00:00\",\"dateModified\":\"2024-06-05T21:53:19+00:00\",\"description\":\"Ontdek het Onderstel BEEK cortenstaal 180x80, speciaal ontworpen voor mobiele pizza ovens. Perfecte werkhoogte van 100cm voor optimaal gebruiksgemak!\",\"breadcrumb\":{\"@id\":\"https:\\\/\\\/buitenpizzaovenkopen.nl\\\/pizza-oven-kopen\\\/cortenstaal-onderstel-inclusief-keramisch-werkblad-van-80x80cm\\\/#breadcrumb\"},\"inLanguage\":\"fr-FR\",\"potentialAction\":[{\"@type\":\"ReadAction\",\"target\":[\"https:\\\/\\\/buitenpizzaovenkopen.nl\\\/pizza-oven-kopen\\\/cortenstaal-onderstel-inclusief-keramisch-werkblad-van-80x80cm\\\/\"]}]},{\"@type\":\"ImageObject\",\"inLanguage\":\"fr-FR\",\"@id\":\"https:\\\/\\\/buitenpizzaovenkopen.nl\\\/pizza-oven-kopen\\\/cortenstaal-onderstel-inclusief-keramisch-werkblad-van-80x80cm\\\/#primaryimage\",\"url\":\"https:\\\/\\\/buitenpizzaovenkopen.nl\\\/wp-content\\\/uploads\\\/2024\\\/05\\\/IMG_5071-scaled.jpeg\",\"contentUrl\":\"https:\\\/\\\/buitenpizzaovenkopen.nl\\\/wp-content\\\/uploads\\\/2024\\\/05\\\/IMG_5071-scaled.jpeg\",\"width\":2560,\"height\":1920},{\"@type\":\"BreadcrumbList\",\"@id\":\"https:\\\/\\\/buitenpizzaovenkopen.nl\\\/pizza-oven-kopen\\\/cortenstaal-onderstel-inclusief-keramisch-werkblad-van-80x80cm\\\/#breadcrumb\",\"itemListElement\":[{\"@type\":\"ListItem\",\"position\":1,\"name\":\"Home\",\"item\":\"https:\\\/\\\/buitenpizzaovenkopen.nl\\\/\"},{\"@type\":\"ListItem\",\"position\":2,\"name\":\"Pizza oven kopen\",\"item\":\"https:\\\/\\\/buitenpizzaovenkopen.nl\\\/pizzaoven-kopen\\\/\"},{\"@type\":\"ListItem\",\"position\":3,\"name\":\"Cortenstaal onderstel incl. speciale pizzascheppen houder afmeting 180x80cm met keramisch werkblad van 80x80cm (zonder pizzaoven!)\"}]},{\"@type\":\"WebSite\",\"@id\":\"https:\\\/\\\/buitenpizzaovenkopen.nl\\\/#website\",\"url\":\"https:\\\/\\\/buitenpizzaovenkopen.nl\\\/\",\"name\":\"Buitenpizzaovenkopen.nl\",\"description\":\"is onderdeel van Casa di Ruscello\",\"publisher\":{\"@id\":\"https:\\\/\\\/buitenpizzaovenkopen.nl\\\/#organization\"},\"potentialAction\":[{\"@type\":\"SearchAction\",\"target\":{\"@type\":\"EntryPoint\",\"urlTemplate\":\"https:\\\/\\\/buitenpizzaovenkopen.nl\\\/?s={search_term_string}\"},\"query-input\":{\"@type\":\"PropertyValueSpecification\",\"valueRequired\":true,\"valueName\":\"search_term_string\"}}],\"inLanguage\":\"fr-FR\"},{\"@type\":\"Organization\",\"@id\":\"https:\\\/\\\/buitenpizzaovenkopen.nl\\\/#organization\",\"name\":\"Casa du Ruscello\",\"url\":\"https:\\\/\\\/buitenpizzaovenkopen.nl\\\/\",\"logo\":{\"@type\":\"ImageObject\",\"inLanguage\":\"fr-FR\",\"@id\":\"https:\\\/\\\/buitenpizzaovenkopen.nl\\\/#\\\/schema\\\/logo\\\/image\\\/\",\"url\":\"https:\\\/\\\/buitenpizzaovenkopen.nl\\\/wp-content\\\/uploads\\\/2020\\\/02\\\/logo.gif\",\"contentUrl\":\"https:\\\/\\\/buitenpizzaovenkopen.nl\\\/wp-content\\\/uploads\\\/2020\\\/02\\\/logo.gif\",\"width\":300,\"height\":305,\"caption\":\"Casa du Ruscello\"},\"image\":{\"@id\":\"https:\\\/\\\/buitenpizzaovenkopen.nl\\\/#\\\/schema\\\/logo\\\/image\\\/\"}}]}<\/script>\n<!-- \/ Yoast SEO plugin. -->","yoast_head_json":{"title":"Cortenstaal onderstel incl. speciale pizzascheppen houder afmeting 180x80cm met keramisch werkblad van 80x80cm (zonder pizzaoven!) - Buitenpizzaovenkopen.nl","description":"Ontdek het Onderstel BEEK cortenstaal 180x80, speciaal ontworpen voor mobiele pizza ovens. Perfecte werkhoogte van 100cm voor optimaal gebruiksgemak!","robots":{"index":"index","follow":"follow","max-snippet":"max-snippet:-1","max-image-preview":"max-image-preview:large","max-video-preview":"max-video-preview:-1"},"canonical":"https:\/\/buitenpizzaovenkopen.nl\/fr\/pizza-oven-kopen\/cortenstaal-onderstel-inclusief-keramisch-werkblad-van-80x80cm\/","og_locale":"fr_FR","og_type":"article","og_title":"Cortenstaal onderstel incl. speciale pizzascheppen houder afmeting 180x80cm met keramisch werkblad van 80x80cm (zonder pizzaoven!) - Buitenpizzaovenkopen.nl","og_description":"Ontdek het Onderstel BEEK cortenstaal 180x80, speciaal ontworpen voor mobiele pizza ovens. Perfecte werkhoogte van 100cm voor optimaal gebruiksgemak!","og_url":"https:\/\/buitenpizzaovenkopen.nl\/fr\/pizza-oven-kopen\/cortenstaal-onderstel-inclusief-keramisch-werkblad-van-80x80cm\/","og_site_name":"Buitenpizzaovenkopen.nl","article_modified_time":"2024-06-05T21:53:19+00:00","og_image":[{"width":2560,"height":1920,"url":"https:\/\/buitenpizzaovenkopen.nl\/wp-content\/uploads\/2024\/05\/IMG_5071-scaled.jpeg","type":"image\/jpeg"}],"twitter_card":"summary_large_image","twitter_misc":{"Dur\u00e9e de lecture estim\u00e9e":"2 minutes"},"schema":{"@context":"https:\/\/schema.org","@graph":[{"@type":"WebPage","@id":"https:\/\/buitenpizzaovenkopen.nl\/pizza-oven-kopen\/cortenstaal-onderstel-inclusief-keramisch-werkblad-van-80x80cm\/","url":"https:\/\/buitenpizzaovenkopen.nl\/pizza-oven-kopen\/cortenstaal-onderstel-inclusief-keramisch-werkblad-van-80x80cm\/","name":"Cortenstaal onderstel incl. speciale pizzascheppen houder afmeting 180x80cm met keramisch werkblad van 80x80cm (zonder pizzaoven!) - Buitenpizzaovenkopen.nl","isPartOf":{"@id":"https:\/\/buitenpizzaovenkopen.nl\/#website"},"primaryImageOfPage":{"@id":"https:\/\/buitenpizzaovenkopen.nl\/pizza-oven-kopen\/cortenstaal-onderstel-inclusief-keramisch-werkblad-van-80x80cm\/#primaryimage"},"image":{"@id":"https:\/\/buitenpizzaovenkopen.nl\/pizza-oven-kopen\/cortenstaal-onderstel-inclusief-keramisch-werkblad-van-80x80cm\/#primaryimage"},"thumbnailUrl":"https:\/\/buitenpizzaovenkopen.nl\/wp-content\/uploads\/2024\/05\/IMG_5071-scaled.jpeg","datePublished":"2024-05-11T15:09:43+00:00","dateModified":"2024-06-05T21:53:19+00:00","description":"Ontdek het Onderstel BEEK cortenstaal 180x80, speciaal ontworpen voor mobiele pizza ovens. Perfecte werkhoogte van 100cm voor optimaal gebruiksgemak!","breadcrumb":{"@id":"https:\/\/buitenpizzaovenkopen.nl\/pizza-oven-kopen\/cortenstaal-onderstel-inclusief-keramisch-werkblad-van-80x80cm\/#breadcrumb"},"inLanguage":"fr-FR","potentialAction":[{"@type":"ReadAction","target":["https:\/\/buitenpizzaovenkopen.nl\/pizza-oven-kopen\/cortenstaal-onderstel-inclusief-keramisch-werkblad-van-80x80cm\/"]}]},{"@type":"ImageObject","inLanguage":"fr-FR","@id":"https:\/\/buitenpizzaovenkopen.nl\/pizza-oven-kopen\/cortenstaal-onderstel-inclusief-keramisch-werkblad-van-80x80cm\/#primaryimage","url":"https:\/\/buitenpizzaovenkopen.nl\/wp-content\/uploads\/2024\/05\/IMG_5071-scaled.jpeg","contentUrl":"https:\/\/buitenpizzaovenkopen.nl\/wp-content\/uploads\/2024\/05\/IMG_5071-scaled.jpeg","width":2560,"height":1920},{"@type":"BreadcrumbList","@id":"https:\/\/buitenpizzaovenkopen.nl\/pizza-oven-kopen\/cortenstaal-onderstel-inclusief-keramisch-werkblad-van-80x80cm\/#breadcrumb","itemListElement":[{"@type":"ListItem","position":1,"name":"Home","item":"https:\/\/buitenpizzaovenkopen.nl\/"},{"@type":"ListItem","position":2,"name":"Pizza oven kopen","item":"https:\/\/buitenpizzaovenkopen.nl\/pizzaoven-kopen\/"},{"@type":"ListItem","position":3,"name":"Cortenstaal onderstel incl. speciale pizzascheppen houder afmeting 180x80cm met keramisch werkblad van 80x80cm (zonder pizzaoven!)"}]},{"@type":"WebSite","@id":"https:\/\/buitenpizzaovenkopen.nl\/#website","url":"https:\/\/buitenpizzaovenkopen.nl\/","name":"Buitenpizzaovenkopen.nl","description":"fait partie de Casa Di Ruscello","publisher":{"@id":"https:\/\/buitenpizzaovenkopen.nl\/#organization"},"potentialAction":[{"@type":"SearchAction","target":{"@type":"EntryPoint","urlTemplate":"https:\/\/buitenpizzaovenkopen.nl\/?s={search_term_string}"},"query-input":{"@type":"PropertyValueSpecification","valueRequired":true,"valueName":"search_term_string"}}],"inLanguage":"fr-FR"},{"@type":"Organization","@id":"https:\/\/buitenpizzaovenkopen.nl\/#organization","name":"Casa du Ruscello","url":"https:\/\/buitenpizzaovenkopen.nl\/","logo":{"@type":"ImageObject","inLanguage":"fr-FR","@id":"https:\/\/buitenpizzaovenkopen.nl\/#\/schema\/logo\/image\/","url":"https:\/\/buitenpizzaovenkopen.nl\/wp-content\/uploads\/2020\/02\/logo.gif","contentUrl":"https:\/\/buitenpizzaovenkopen.nl\/wp-content\/uploads\/2020\/02\/logo.gif","width":300,"height":305,"caption":"Casa du Ruscello"},"image":{"@id":"https:\/\/buitenpizzaovenkopen.nl\/#\/schema\/logo\/image\/"}}]}},"_links":{"self":[{"href":"https:\/\/buitenpizzaovenkopen.nl\/fr\/wp-json\/wp\/v2\/product\/8328","targetHints":{"allow":["GET"]}}],"collection":[{"href":"https:\/\/buitenpizzaovenkopen.nl\/fr\/wp-json\/wp\/v2\/product"}],"about":[{"href":"https:\/\/buitenpizzaovenkopen.nl\/fr\/wp-json\/wp\/v2\/types\/product"}],"wp:featuredmedia":[{"embeddable":true,"href":"https:\/\/buitenpizzaovenkopen.nl\/fr\/wp-json\/wp\/v2\/media\/8344"}],"wp:attachment":[{"href":"https:\/\/buitenpizzaovenkopen.nl\/fr\/wp-json\/wp\/v2\/media?parent=8328"}],"wp:term":[{"taxonomy":"product_brand","embeddable":true,"href":"https:\/\/buitenpizzaovenkopen.nl\/fr\/wp-json\/wp\/v2\/product_brand?post=8328"},{"taxonomy":"product_cat","embeddable":true,"href":"https:\/\/buitenpizzaovenkopen.nl\/fr\/wp-json\/wp\/v2\/product_cat?post=8328"},{"taxonomy":"product_tag","embeddable":true,"href":"https:\/\/buitenpizzaovenkopen.nl\/fr\/wp-json\/wp\/v2\/product_tag?post=8328"}],"curies":[{"name":"wp","href":"https:\/\/api.w.org\/{rel}","templated":true}]}}