{"id":8240,"date":"2024-04-23T09:00:02","date_gmt":"2024-04-23T07:00:02","guid":{"rendered":"https:\/\/buitenpizzaovenkopen.nl\/?post_type=product&#038;p=8240"},"modified":"2024-05-18T22:09:19","modified_gmt":"2024-05-18T20:09:19","slug":"tussenplateau-voor-pizza-oven","status":"publish","type":"product","link":"https:\/\/buitenpizzaovenkopen.nl\/fr\/pizza-oven-kopen\/tussenplateau-voor-pizza-oven\/","title":{"rendered":"Tussenplateau voor BEEK GRANDE pizza oven"},"content":{"rendered":"<p><strong>Tussenplateau voor uw Pizza Oven<\/strong><\/p>\n<p>La pr\u00e9paration de la pizza parfaite implique plus que juste un bon four. Le bon accessoire peut faire toute la diff\u00e9rence dans votre exp\u00e9rience de la cuisine. C&#039;est pourquoi nous lan\u00e7ons notre robuste \u201cFour \u00e0 Pizza rayon Interm\u00e9diaire\u201d, sp\u00e9cialement con\u00e7u pour les BEEK GRANDE et Classico mod\u00e8les. Cet interm\u00e9diaire bac est un ajout essentiel pour toute pizza maker la recherche d&#039;efficacit\u00e9 et de commodit\u00e9.<\/p>\n<p>Le robuste rayon interm\u00e9diaire, avec des dimensions de 90 x 70 cm pour la GRANDE et 70 x 70 cm pour le Classico, offre plus d&#039;espace de travail pour toutes les n\u00e9cessit\u00e9s pendant la cuisson de la pizza. Con\u00e7u \u00e0 partir de 1,5 mm d&#039;\u00e9paisseur en acier et fini avec une semelle noir mat rev\u00eatement de poudre, cette \u00e9tag\u00e8re combine la fonctionnalit\u00e9 avec un look \u00e9l\u00e9gant qui conviendra \u00e0 toute moderne, cuisine en plein air.<\/p>\n<p>L&#039;\u00e9troitesse de rayon interm\u00e9diaire pour le four \u00e0 pizza ne fournit pas seulement de l&#039;espace suppl\u00e9mentaire pour votre cuisson pizza fournitures, mais aussi am\u00e9liore la stabilit\u00e9 et la facilit\u00e9 d&#039;utilisation de votre four \u00e0 pizza de l&#039;installation. Avec l&#039;espace de stockage suppl\u00e9mentaire, vous pouvez garder les outils et les ingr\u00e9dients \u00e0 port\u00e9e de la main, ce qui rend votre cuisson pizza exp\u00e9rience plus fluide et plus agr\u00e9able. Ce plateau est id\u00e9al pour les cuisiniers professionnels et \u00e0 domicile pizza boulangers qui la valeur de l&#039;efficacit\u00e9.<\/p>\n<p><strong>Fonctionnalit\u00e9s et avantages suivants:<\/strong><\/p>\n<ul>\n<li><strong>Espace De Travail Suppl\u00e9mentaire:<\/strong> Le plateau augmente consid\u00e9rablement l&#039;espace disponible, id\u00e9al pour placer les ingr\u00e9dients, les outils ou les ready-made de pizzas en attente d&#039;\u00eatre cuit au four.<\/li>\n<li><strong>Conception Robuste:<\/strong> Fait de l&#039;acier \u00e9pais, le plateau peut r\u00e9sister \u00e0 la forte demande de la cuisson de la pizza et de la fr\u00e9quence d&#039;utilisation.<\/li>\n<li><strong>Esth\u00e9tique:<\/strong> L&#039;\u00e9l\u00e9gant rev\u00eatement en poudre non seulement prot\u00e8ge contre la rouille, mais donne aussi l&#039;\u00e9tag\u00e8re un look moderne qui am\u00e9liore l&#039;esth\u00e9tique de votre four \u00e0 pizza de base.<\/li>\n<li><strong>Installation Facile:<\/strong> Le plateau est con\u00e7u pour s&#039;adapter parfaitement avec les bases originales de l&#039;BEEK GRANDE et Classico fours, rendant l&#039;installation un jeu d&#039;enfant.<\/li>\n<\/ul>\n<p>Vous avez une question? Prendre compl\u00e8tement libre de toute obligation <a href=\"https:\/\/buitenpizzaovenkopen.nl\/fr\/contact-buitenpizzaovenkopen\/\">contacter<\/a> en toute libert\u00e9!<\/p>","protected":false},"excerpt":{"rendered":"<p>Ce robuste rayon interm\u00e9diaire, fini avec une semelle de couleur noir mat, rev\u00eatement par poudre est sp\u00e9cialement con\u00e7u pour les Beek GRANDE Classico et fours \u00e0 pizza. Id\u00e9al pour le stockage de bicarbonate de fournitures et de bois, vous permettant de travailler plus efficacement.<\/p>","protected":false},"featured_media":8236,"template":"","meta":{"_monsterinsights_skip_tracking":false,"_monsterinsights_sitenote_active":false,"_monsterinsights_sitenote_note":"","_monsterinsights_sitenote_category":0,"site-sidebar-layout":"default","site-content-layout":"default","ast-site-content-layout":"default","site-content-style":"default","site-sidebar-style":"default","ast-global-header-display":"","ast-banner-title-visibility":"","ast-main-header-display":"","ast-hfb-above-header-display":"","ast-hfb-below-header-display":"","ast-hfb-mobile-header-display":"","site-post-title":"","ast-breadcrumbs-content":"","ast-featured-img":"","footer-sml-layout":"","ast-disable-related-posts":"","theme-transparent-header-meta":"default","adv-header-id-meta":"","stick-header-meta":"","header-above-stick-meta":"","header-main-stick-meta":"","header-below-stick-meta":"","astra-migrate-meta-layouts":"set","ast-page-background-enabled":"default","ast-page-background-meta":{"desktop":{"background-color":"","background-image":"","background-repeat":"repeat","background-position":"center center","background-size":"auto","background-attachment":"scroll","background-type":"","background-media":"","overlay-type":"","overlay-color":"","overlay-opacity":"","overlay-gradient":""},"tablet":{"background-color":"","background-image":"","background-repeat":"repeat","background-position":"center center","background-size":"auto","background-attachment":"scroll","background-type":"","background-media":"","overlay-type":"","overlay-color":"","overlay-opacity":"","overlay-gradient":""},"mobile":{"background-color":"","background-image":"","background-repeat":"repeat","background-position":"center center","background-size":"auto","background-attachment":"scroll","background-type":"","background-media":"","overlay-type":"","overlay-color":"","overlay-opacity":"","overlay-gradient":""}},"ast-content-background-meta":{"desktop":{"background-color":"var(--ast-global-color-5)","background-image":"","background-repeat":"repeat","background-position":"center center","background-size":"auto","background-attachment":"scroll","background-type":"","background-media":"","overlay-type":"","overlay-color":"","overlay-opacity":"","overlay-gradient":""},"tablet":{"background-color":"var(--ast-global-color-5)","background-image":"","background-repeat":"repeat","background-position":"center center","background-size":"auto","background-attachment":"scroll","background-type":"","background-media":"","overlay-type":"","overlay-color":"","overlay-opacity":"","overlay-gradient":""},"mobile":{"background-color":"var(--ast-global-color-5)","background-image":"","background-repeat":"repeat","background-position":"center center","background-size":"auto","background-attachment":"scroll","background-type":"","background-media":"","overlay-type":"","overlay-color":"","overlay-opacity":"","overlay-gradient":""}}},"product_brand":[],"product_cat":[110],"product_tag":[],"class_list":{"0":"post-8240","1":"product","2":"type-product","3":"status-publish","4":"has-post-thumbnail","6":"product_cat-onderstellen","7":"product_shipping_class-verzendklasse-0","8":"desktop-align-left","9":"tablet-align-left","10":"mobile-align-left","12":"first","13":"instock","14":"taxable","15":"shipping-taxable","16":"purchasable","17":"product-type-simple"},"yoast_head":"<!-- This site is optimized with the Yoast SEO plugin v27.4 - https:\/\/yoast.com\/product\/yoast-seo-wordpress\/ -->\n<title>Tussenplateau voor BEEK GRANDE pizza oven Buitenpizzaovenkopen.nl<\/title>\n<meta name=\"description\" content=\"Ontdek het &#039;Tussenplateau voor Pizza Oven&#039;, ideaal voor BEEK GRANDE en Classico modellen. Perfect voor extra opslag en werkruimte tijdens het pizzabakken.\" \/>\n<meta name=\"robots\" content=\"index, follow, max-snippet:-1, max-image-preview:large, max-video-preview:-1\" \/>\n<link rel=\"canonical\" href=\"https:\/\/buitenpizzaovenkopen.nl\/fr\/pizza-oven-kopen\/tussenplateau-voor-pizza-oven\/\" \/>\n<meta property=\"og:locale\" content=\"fr_FR\" \/>\n<meta property=\"og:type\" content=\"article\" \/>\n<meta property=\"og:title\" content=\"Tussenplateau voor BEEK GRANDE pizza oven Buitenpizzaovenkopen.nl\" \/>\n<meta property=\"og:description\" content=\"Ontdek het &#039;Tussenplateau voor Pizza Oven&#039;, ideaal voor BEEK GRANDE en Classico modellen. Perfect voor extra opslag en werkruimte tijdens het pizzabakken.\" \/>\n<meta property=\"og:url\" content=\"https:\/\/buitenpizzaovenkopen.nl\/fr\/pizza-oven-kopen\/tussenplateau-voor-pizza-oven\/\" \/>\n<meta property=\"og:site_name\" content=\"Buitenpizzaovenkopen.nl\" \/>\n<meta property=\"article:modified_time\" content=\"2024-05-18T20:09:19+00:00\" \/>\n<meta property=\"og:image\" content=\"https:\/\/buitenpizzaovenkopen.nl\/wp-content\/uploads\/2024\/03\/d8134c02-84ac-43ef-8d8a-5166b24231ba.jpeg\" \/>\n\t<meta property=\"og:image:width\" content=\"1500\" \/>\n\t<meta property=\"og:image:height\" content=\"2000\" \/>\n\t<meta property=\"og:image:type\" content=\"image\/jpeg\" \/>\n<meta name=\"twitter:card\" content=\"summary_large_image\" \/>\n<meta name=\"twitter:label1\" content=\"Dur\u00e9e de lecture estim\u00e9e\" \/>\n\t<meta name=\"twitter:data1\" content=\"2 minutes\" \/>\n<script type=\"application\/ld+json\" class=\"yoast-schema-graph\">{\"@context\":\"https:\\\/\\\/schema.org\",\"@graph\":[{\"@type\":\"WebPage\",\"@id\":\"https:\\\/\\\/buitenpizzaovenkopen.nl\\\/pizza-oven-kopen\\\/tussenplateau-voor-pizza-oven\\\/\",\"url\":\"https:\\\/\\\/buitenpizzaovenkopen.nl\\\/pizza-oven-kopen\\\/tussenplateau-voor-pizza-oven\\\/\",\"name\":\"Tussenplateau voor BEEK GRANDE pizza oven Buitenpizzaovenkopen.nl\",\"isPartOf\":{\"@id\":\"https:\\\/\\\/buitenpizzaovenkopen.nl\\\/#website\"},\"primaryImageOfPage\":{\"@id\":\"https:\\\/\\\/buitenpizzaovenkopen.nl\\\/pizza-oven-kopen\\\/tussenplateau-voor-pizza-oven\\\/#primaryimage\"},\"image\":{\"@id\":\"https:\\\/\\\/buitenpizzaovenkopen.nl\\\/pizza-oven-kopen\\\/tussenplateau-voor-pizza-oven\\\/#primaryimage\"},\"thumbnailUrl\":\"https:\\\/\\\/buitenpizzaovenkopen.nl\\\/wp-content\\\/uploads\\\/2024\\\/03\\\/d8134c02-84ac-43ef-8d8a-5166b24231ba.jpeg\",\"datePublished\":\"2024-04-23T07:00:02+00:00\",\"dateModified\":\"2024-05-18T20:09:19+00:00\",\"description\":\"Ontdek het 'Tussenplateau voor Pizza Oven', ideaal voor BEEK GRANDE en Classico modellen. Perfect voor extra opslag en werkruimte tijdens het pizzabakken.\",\"breadcrumb\":{\"@id\":\"https:\\\/\\\/buitenpizzaovenkopen.nl\\\/pizza-oven-kopen\\\/tussenplateau-voor-pizza-oven\\\/#breadcrumb\"},\"inLanguage\":\"fr-FR\",\"potentialAction\":[{\"@type\":\"ReadAction\",\"target\":[\"https:\\\/\\\/buitenpizzaovenkopen.nl\\\/pizza-oven-kopen\\\/tussenplateau-voor-pizza-oven\\\/\"]}]},{\"@type\":\"ImageObject\",\"inLanguage\":\"fr-FR\",\"@id\":\"https:\\\/\\\/buitenpizzaovenkopen.nl\\\/pizza-oven-kopen\\\/tussenplateau-voor-pizza-oven\\\/#primaryimage\",\"url\":\"https:\\\/\\\/buitenpizzaovenkopen.nl\\\/wp-content\\\/uploads\\\/2024\\\/03\\\/d8134c02-84ac-43ef-8d8a-5166b24231ba.jpeg\",\"contentUrl\":\"https:\\\/\\\/buitenpizzaovenkopen.nl\\\/wp-content\\\/uploads\\\/2024\\\/03\\\/d8134c02-84ac-43ef-8d8a-5166b24231ba.jpeg\",\"width\":1500,\"height\":2000,\"caption\":\"Tussenplateau voor pizza oven\"},{\"@type\":\"BreadcrumbList\",\"@id\":\"https:\\\/\\\/buitenpizzaovenkopen.nl\\\/pizza-oven-kopen\\\/tussenplateau-voor-pizza-oven\\\/#breadcrumb\",\"itemListElement\":[{\"@type\":\"ListItem\",\"position\":1,\"name\":\"Home\",\"item\":\"https:\\\/\\\/buitenpizzaovenkopen.nl\\\/\"},{\"@type\":\"ListItem\",\"position\":2,\"name\":\"Pizza oven kopen\",\"item\":\"https:\\\/\\\/buitenpizzaovenkopen.nl\\\/pizzaoven-kopen\\\/\"},{\"@type\":\"ListItem\",\"position\":3,\"name\":\"Tussenplateau voor BEEK GRANDE pizza oven\"}]},{\"@type\":\"WebSite\",\"@id\":\"https:\\\/\\\/buitenpizzaovenkopen.nl\\\/#website\",\"url\":\"https:\\\/\\\/buitenpizzaovenkopen.nl\\\/\",\"name\":\"Buitenpizzaovenkopen.nl\",\"description\":\"is onderdeel van Casa di Ruscello\",\"publisher\":{\"@id\":\"https:\\\/\\\/buitenpizzaovenkopen.nl\\\/#organization\"},\"potentialAction\":[{\"@type\":\"SearchAction\",\"target\":{\"@type\":\"EntryPoint\",\"urlTemplate\":\"https:\\\/\\\/buitenpizzaovenkopen.nl\\\/?s={search_term_string}\"},\"query-input\":{\"@type\":\"PropertyValueSpecification\",\"valueRequired\":true,\"valueName\":\"search_term_string\"}}],\"inLanguage\":\"fr-FR\"},{\"@type\":\"Organization\",\"@id\":\"https:\\\/\\\/buitenpizzaovenkopen.nl\\\/#organization\",\"name\":\"Casa du Ruscello\",\"url\":\"https:\\\/\\\/buitenpizzaovenkopen.nl\\\/\",\"logo\":{\"@type\":\"ImageObject\",\"inLanguage\":\"fr-FR\",\"@id\":\"https:\\\/\\\/buitenpizzaovenkopen.nl\\\/#\\\/schema\\\/logo\\\/image\\\/\",\"url\":\"https:\\\/\\\/buitenpizzaovenkopen.nl\\\/wp-content\\\/uploads\\\/2020\\\/02\\\/logo.gif\",\"contentUrl\":\"https:\\\/\\\/buitenpizzaovenkopen.nl\\\/wp-content\\\/uploads\\\/2020\\\/02\\\/logo.gif\",\"width\":300,\"height\":305,\"caption\":\"Casa du Ruscello\"},\"image\":{\"@id\":\"https:\\\/\\\/buitenpizzaovenkopen.nl\\\/#\\\/schema\\\/logo\\\/image\\\/\"}}]}<\/script>\n<!-- \/ Yoast SEO plugin. -->","yoast_head_json":{"title":"Tussenplateau voor BEEK GRANDE pizza oven Buitenpizzaovenkopen.nl","description":"D\u00e9couvrez les &#034;interm\u00e9diaires plateau pour Four \u00e0 Pizza&#039;, id\u00e9al pour les BEEK GRANDE et Classico mod\u00e8les. Parfait pour le stockage suppl\u00e9mentaire et de l&#039;espace de travail tout en cuisson pizza.","robots":{"index":"index","follow":"follow","max-snippet":"max-snippet:-1","max-image-preview":"max-image-preview:large","max-video-preview":"max-video-preview:-1"},"canonical":"https:\/\/buitenpizzaovenkopen.nl\/fr\/pizza-oven-kopen\/tussenplateau-voor-pizza-oven\/","og_locale":"fr_FR","og_type":"article","og_title":"Tussenplateau voor BEEK GRANDE pizza oven Buitenpizzaovenkopen.nl","og_description":"Ontdek het 'Tussenplateau voor Pizza Oven', ideaal voor BEEK GRANDE en Classico modellen. Perfect voor extra opslag en werkruimte tijdens het pizzabakken.","og_url":"https:\/\/buitenpizzaovenkopen.nl\/fr\/pizza-oven-kopen\/tussenplateau-voor-pizza-oven\/","og_site_name":"Buitenpizzaovenkopen.nl","article_modified_time":"2024-05-18T20:09:19+00:00","og_image":[{"width":1500,"height":2000,"url":"https:\/\/buitenpizzaovenkopen.nl\/wp-content\/uploads\/2024\/03\/d8134c02-84ac-43ef-8d8a-5166b24231ba.jpeg","type":"image\/jpeg"}],"twitter_card":"summary_large_image","twitter_misc":{"Dur\u00e9e de lecture estim\u00e9e":"2 minutes"},"schema":{"@context":"https:\/\/schema.org","@graph":[{"@type":"WebPage","@id":"https:\/\/buitenpizzaovenkopen.nl\/pizza-oven-kopen\/tussenplateau-voor-pizza-oven\/","url":"https:\/\/buitenpizzaovenkopen.nl\/pizza-oven-kopen\/tussenplateau-voor-pizza-oven\/","name":"Tussenplateau voor BEEK GRANDE pizza oven Buitenpizzaovenkopen.nl","isPartOf":{"@id":"https:\/\/buitenpizzaovenkopen.nl\/#website"},"primaryImageOfPage":{"@id":"https:\/\/buitenpizzaovenkopen.nl\/pizza-oven-kopen\/tussenplateau-voor-pizza-oven\/#primaryimage"},"image":{"@id":"https:\/\/buitenpizzaovenkopen.nl\/pizza-oven-kopen\/tussenplateau-voor-pizza-oven\/#primaryimage"},"thumbnailUrl":"https:\/\/buitenpizzaovenkopen.nl\/wp-content\/uploads\/2024\/03\/d8134c02-84ac-43ef-8d8a-5166b24231ba.jpeg","datePublished":"2024-04-23T07:00:02+00:00","dateModified":"2024-05-18T20:09:19+00:00","description":"D\u00e9couvrez les &#034;interm\u00e9diaires plateau pour Four \u00e0 Pizza&#039;, id\u00e9al pour les BEEK GRANDE et Classico mod\u00e8les. Parfait pour le stockage suppl\u00e9mentaire et de l&#039;espace de travail tout en cuisson pizza.","breadcrumb":{"@id":"https:\/\/buitenpizzaovenkopen.nl\/pizza-oven-kopen\/tussenplateau-voor-pizza-oven\/#breadcrumb"},"inLanguage":"fr-FR","potentialAction":[{"@type":"ReadAction","target":["https:\/\/buitenpizzaovenkopen.nl\/pizza-oven-kopen\/tussenplateau-voor-pizza-oven\/"]}]},{"@type":"ImageObject","inLanguage":"fr-FR","@id":"https:\/\/buitenpizzaovenkopen.nl\/pizza-oven-kopen\/tussenplateau-voor-pizza-oven\/#primaryimage","url":"https:\/\/buitenpizzaovenkopen.nl\/wp-content\/uploads\/2024\/03\/d8134c02-84ac-43ef-8d8a-5166b24231ba.jpeg","contentUrl":"https:\/\/buitenpizzaovenkopen.nl\/wp-content\/uploads\/2024\/03\/d8134c02-84ac-43ef-8d8a-5166b24231ba.jpeg","width":1500,"height":2000,"caption":"Tussenplateau voor pizza oven"},{"@type":"BreadcrumbList","@id":"https:\/\/buitenpizzaovenkopen.nl\/pizza-oven-kopen\/tussenplateau-voor-pizza-oven\/#breadcrumb","itemListElement":[{"@type":"ListItem","position":1,"name":"Home","item":"https:\/\/buitenpizzaovenkopen.nl\/"},{"@type":"ListItem","position":2,"name":"Pizza oven kopen","item":"https:\/\/buitenpizzaovenkopen.nl\/pizzaoven-kopen\/"},{"@type":"ListItem","position":3,"name":"Tussenplateau voor BEEK GRANDE pizza oven"}]},{"@type":"WebSite","@id":"https:\/\/buitenpizzaovenkopen.nl\/#website","url":"https:\/\/buitenpizzaovenkopen.nl\/","name":"Buitenpizzaovenkopen.nl","description":"fait partie de Casa Di Ruscello","publisher":{"@id":"https:\/\/buitenpizzaovenkopen.nl\/#organization"},"potentialAction":[{"@type":"SearchAction","target":{"@type":"EntryPoint","urlTemplate":"https:\/\/buitenpizzaovenkopen.nl\/?s={search_term_string}"},"query-input":{"@type":"PropertyValueSpecification","valueRequired":true,"valueName":"search_term_string"}}],"inLanguage":"fr-FR"},{"@type":"Organization","@id":"https:\/\/buitenpizzaovenkopen.nl\/#organization","name":"Casa du Ruscello","url":"https:\/\/buitenpizzaovenkopen.nl\/","logo":{"@type":"ImageObject","inLanguage":"fr-FR","@id":"https:\/\/buitenpizzaovenkopen.nl\/#\/schema\/logo\/image\/","url":"https:\/\/buitenpizzaovenkopen.nl\/wp-content\/uploads\/2020\/02\/logo.gif","contentUrl":"https:\/\/buitenpizzaovenkopen.nl\/wp-content\/uploads\/2020\/02\/logo.gif","width":300,"height":305,"caption":"Casa du Ruscello"},"image":{"@id":"https:\/\/buitenpizzaovenkopen.nl\/#\/schema\/logo\/image\/"}}]}},"_links":{"self":[{"href":"https:\/\/buitenpizzaovenkopen.nl\/fr\/wp-json\/wp\/v2\/product\/8240","targetHints":{"allow":["GET"]}}],"collection":[{"href":"https:\/\/buitenpizzaovenkopen.nl\/fr\/wp-json\/wp\/v2\/product"}],"about":[{"href":"https:\/\/buitenpizzaovenkopen.nl\/fr\/wp-json\/wp\/v2\/types\/product"}],"wp:featuredmedia":[{"embeddable":true,"href":"https:\/\/buitenpizzaovenkopen.nl\/fr\/wp-json\/wp\/v2\/media\/8236"}],"wp:attachment":[{"href":"https:\/\/buitenpizzaovenkopen.nl\/fr\/wp-json\/wp\/v2\/media?parent=8240"}],"wp:term":[{"taxonomy":"product_brand","embeddable":true,"href":"https:\/\/buitenpizzaovenkopen.nl\/fr\/wp-json\/wp\/v2\/product_brand?post=8240"},{"taxonomy":"product_cat","embeddable":true,"href":"https:\/\/buitenpizzaovenkopen.nl\/fr\/wp-json\/wp\/v2\/product_cat?post=8240"},{"taxonomy":"product_tag","embeddable":true,"href":"https:\/\/buitenpizzaovenkopen.nl\/fr\/wp-json\/wp\/v2\/product_tag?post=8240"}],"curies":[{"name":"wp","href":"https:\/\/api.w.org\/{rel}","templated":true}]}}