{"id":7773,"date":"2024-02-28T09:47:05","date_gmt":"2024-02-28T08:47:05","guid":{"rendered":"https:\/\/buitenpizzaovenkopen.nl\/?post_type=product&#038;p=7773"},"modified":"2025-12-04T10:13:42","modified_gmt":"2025-12-04T09:13:42","slug":"pizzaschep-rvs-30cm-blad-met-opstaande-rand-lengte-80cm","status":"publish","type":"product","link":"https:\/\/buitenpizzaovenkopen.nl\/fr\/pizza-oven-kopen\/pizzaschep-rvs-30cm-blad-met-opstaande-rand-lengte-80cm\/","title":{"rendered":"Pelle \u00e0 Pizza en acier inoxydable de 30 cm-lame avec une longueur de 80cm"},"content":{"rendered":"<p>La pelle \u00e0 pizza en acier inoxydable 30cm de Casa Di Ruscello est un outil indispensable pour tous les amoureux de la pizza. Ce mod\u00e8le professionnel, avec un diam\u00e8tre de la lame de 30 cm et une longueur totale de 80 cm, est fabriqu\u00e9 en acier inoxydable pour une durabilit\u00e9 et une longue dur\u00e9e de vie. Le manche en bois non seulement offre un confort pendant l&#039;utilisation, mais fournit \u00e9galement une bonne prise en main, vous permettant de g\u00e9rer vos pizzas sans effort.<\/p>\n<p>Cette pelle \u00e0 pizza est sp\u00e9cialement con\u00e7u avec un bord relev\u00e9 \u00e0 l&#039;extr\u00e9mit\u00e9 de la lame. Cette caract\u00e9ristique unique emp\u00eache les pizzas de glisser la pelle tout en d\u00e9pla\u00e7ant le comptoir au four et vice versa. C&#039;est la solution parfaite pour les deux \u00e0 la maison des boulangers et cuisiniers professionnels qui travaillent avec pr\u00e9cision et de tendre \u00e0 la perfection dans chaque pizza.<\/p>\n<p>Pour ceux qui ont besoin d&#039;une pelle \u00e0 pizza avec une longue poign\u00e9e, la Casa Di Ruscello offre la possibilit\u00e9 de personnaliser la pelle. Les clients peuvent facilement nous contacter par t\u00e9l\u00e9phone pour communiquer \u00e0 leurs besoins sp\u00e9cifiques, et d&#039;adapter la pelle \u00e0 vos besoins. Cela rend la pelle \u00e0 pizza en acier inoxydable 30cm un flexible qui peut \u00eatre adapt\u00e9 aux exigences ergonomiques de cuisine ou de p\u00e2tisserie de l&#039;environnement.<\/p>\n<p>Utilisez cette pelle non seulement pour la cuisson des pizzas, mais aussi pour d&#039;autres un four plats tels que le pain, les tartes, ou encore pour g\u00e9rer les grillades. Le scoop est \u00e9galement facile \u00e0 nettoyer et peut \u00eatre mis dans le lave-vaisselle apr\u00e8s utilisation, donc le nettoyage apr\u00e8s une longue s\u00e9ance de cuisine n&#039;est plus une corv\u00e9e.<\/p>\n<p>Choisissez la pelle \u00e0 pizza en acier inoxydable 30cm de Casa Di Ruscello et l&#039;exp\u00e9rience de la commodit\u00e9 et de la qualit\u00e9 d&#039;un professionnel de la cuisson outil con\u00e7u pour prendre votre cuisine pour le niveau suivant.<\/p>\n<p>N'h\u00e9sitez pas \u00e0 nous <a href=\"https:\/\/buitenpizzaovenkopen.nl\/fr\/contact-buitenpizzaovenkopen\/\">contacter<\/a> en toute libert\u00e9!<\/p>","protected":false},"excerpt":{"rendered":"<p>Pizza schep van &#8220;Casa di Ruscello&#8221; met houten steel en een blad van 30cm uitgevoerd in RVS<\/p>","protected":false},"featured_media":7364,"template":"","meta":{"_monsterinsights_skip_tracking":false,"_monsterinsights_sitenote_active":false,"_monsterinsights_sitenote_note":"","_monsterinsights_sitenote_category":0,"site-sidebar-layout":"default","site-content-layout":"default","ast-site-content-layout":"default","site-content-style":"default","site-sidebar-style":"default","ast-global-header-display":"","ast-banner-title-visibility":"","ast-main-header-display":"","ast-hfb-above-header-display":"","ast-hfb-below-header-display":"","ast-hfb-mobile-header-display":"","site-post-title":"","ast-breadcrumbs-content":"","ast-featured-img":"","footer-sml-layout":"","ast-disable-related-posts":"","theme-transparent-header-meta":"default","adv-header-id-meta":"","stick-header-meta":"","header-above-stick-meta":"","header-main-stick-meta":"","header-below-stick-meta":"","astra-migrate-meta-layouts":"set","ast-page-background-enabled":"default","ast-page-background-meta":{"desktop":{"background-color":"","background-image":"","background-repeat":"repeat","background-position":"center center","background-size":"auto","background-attachment":"scroll","background-type":"","background-media":"","overlay-type":"","overlay-color":"","overlay-opacity":"","overlay-gradient":""},"tablet":{"background-color":"","background-image":"","background-repeat":"repeat","background-position":"center center","background-size":"auto","background-attachment":"scroll","background-type":"","background-media":"","overlay-type":"","overlay-color":"","overlay-opacity":"","overlay-gradient":""},"mobile":{"background-color":"","background-image":"","background-repeat":"repeat","background-position":"center center","background-size":"auto","background-attachment":"scroll","background-type":"","background-media":"","overlay-type":"","overlay-color":"","overlay-opacity":"","overlay-gradient":""}},"ast-content-background-meta":{"desktop":{"background-color":"var(--ast-global-color-5)","background-image":"","background-repeat":"repeat","background-position":"center center","background-size":"auto","background-attachment":"scroll","background-type":"","background-media":"","overlay-type":"","overlay-color":"","overlay-opacity":"","overlay-gradient":""},"tablet":{"background-color":"var(--ast-global-color-5)","background-image":"","background-repeat":"repeat","background-position":"center center","background-size":"auto","background-attachment":"scroll","background-type":"","background-media":"","overlay-type":"","overlay-color":"","overlay-opacity":"","overlay-gradient":""},"mobile":{"background-color":"var(--ast-global-color-5)","background-image":"","background-repeat":"repeat","background-position":"center center","background-size":"auto","background-attachment":"scroll","background-type":"","background-media":"","overlay-type":"","overlay-color":"","overlay-opacity":"","overlay-gradient":""}}},"product_brand":[],"product_cat":[91],"product_tag":[112,113,114,111],"class_list":{"0":"post-7773","1":"product","2":"type-product","3":"status-publish","4":"has-post-thumbnail","6":"product_cat-pizza-accessoires","7":"product_tag-draaischep","8":"product_tag-falci","9":"product_tag-ovenborstel","10":"product_tag-pizzaschep","11":"product_shipping_class-verzendklasse-0","12":"desktop-align-left","13":"tablet-align-left","14":"mobile-align-left","16":"first","17":"instock","18":"sale","19":"taxable","20":"shipping-taxable","21":"purchasable","22":"product-type-simple"},"yoast_head":"<!-- This site is optimized with the Yoast SEO plugin v27.4 - https:\/\/yoast.com\/product\/yoast-seo-wordpress\/ -->\n<title>Pizzaschep RVS 30cm - blad met opstaande rand lengte 80cm -<\/title>\n<meta name=\"description\" content=\"De pizzaschep RVS 30cm voor biedt u de mogelijkheid om geweldig smakende pizza&#039;s te bakken en dat binnen slechts 90 seconden!\" \/>\n<meta name=\"robots\" content=\"index, follow, max-snippet:-1, max-image-preview:large, max-video-preview:-1\" \/>\n<link rel=\"canonical\" href=\"https:\/\/buitenpizzaovenkopen.nl\/fr\/pizza-oven-kopen\/pizzaschep-rvs-30cm-blad-met-opstaande-rand-lengte-80cm\/\" \/>\n<meta property=\"og:locale\" content=\"fr_FR\" \/>\n<meta property=\"og:type\" content=\"article\" \/>\n<meta property=\"og:title\" content=\"Pizzaschep RVS 30cm - blad met opstaande rand lengte 80cm -\" \/>\n<meta property=\"og:description\" content=\"De pizzaschep RVS 30cm voor biedt u de mogelijkheid om geweldig smakende pizza&#039;s te bakken en dat binnen slechts 90 seconden!\" \/>\n<meta property=\"og:url\" content=\"https:\/\/buitenpizzaovenkopen.nl\/fr\/pizza-oven-kopen\/pizzaschep-rvs-30cm-blad-met-opstaande-rand-lengte-80cm\/\" \/>\n<meta property=\"og:site_name\" content=\"Buitenpizzaovenkopen.nl\" \/>\n<meta property=\"article:modified_time\" content=\"2025-12-04T09:13:42+00:00\" \/>\n<meta property=\"og:image\" content=\"https:\/\/buitenpizzaovenkopen.nl\/wp-content\/uploads\/2023\/04\/BEEK-grote-pizzaschep-2.jpg\" \/>\n\t<meta property=\"og:image:width\" content=\"640\" \/>\n\t<meta property=\"og:image:height\" content=\"480\" \/>\n\t<meta property=\"og:image:type\" content=\"image\/jpeg\" \/>\n<meta name=\"twitter:card\" content=\"summary_large_image\" \/>\n<meta name=\"twitter:label1\" content=\"Dur\u00e9e de lecture estim\u00e9e\" \/>\n\t<meta name=\"twitter:data1\" content=\"2 minutes\" \/>\n<script type=\"application\/ld+json\" class=\"yoast-schema-graph\">{\"@context\":\"https:\\\/\\\/schema.org\",\"@graph\":[{\"@type\":\"WebPage\",\"@id\":\"https:\\\/\\\/buitenpizzaovenkopen.nl\\\/pizza-oven-kopen\\\/pizzaschep-rvs-30cm-blad-met-opstaande-rand-lengte-80cm\\\/\",\"url\":\"https:\\\/\\\/buitenpizzaovenkopen.nl\\\/pizza-oven-kopen\\\/pizzaschep-rvs-30cm-blad-met-opstaande-rand-lengte-80cm\\\/\",\"name\":\"Pizzaschep RVS 30cm - blad met opstaande rand lengte 80cm -\",\"isPartOf\":{\"@id\":\"https:\\\/\\\/buitenpizzaovenkopen.nl\\\/#website\"},\"primaryImageOfPage\":{\"@id\":\"https:\\\/\\\/buitenpizzaovenkopen.nl\\\/pizza-oven-kopen\\\/pizzaschep-rvs-30cm-blad-met-opstaande-rand-lengte-80cm\\\/#primaryimage\"},\"image\":{\"@id\":\"https:\\\/\\\/buitenpizzaovenkopen.nl\\\/pizza-oven-kopen\\\/pizzaschep-rvs-30cm-blad-met-opstaande-rand-lengte-80cm\\\/#primaryimage\"},\"thumbnailUrl\":\"https:\\\/\\\/buitenpizzaovenkopen.nl\\\/wp-content\\\/uploads\\\/2023\\\/04\\\/BEEK-grote-pizzaschep-2.jpg\",\"datePublished\":\"2024-02-28T08:47:05+00:00\",\"dateModified\":\"2025-12-04T09:13:42+00:00\",\"description\":\"De pizzaschep RVS 30cm voor biedt u de mogelijkheid om geweldig smakende pizza's te bakken en dat binnen slechts 90 seconden!\",\"breadcrumb\":{\"@id\":\"https:\\\/\\\/buitenpizzaovenkopen.nl\\\/pizza-oven-kopen\\\/pizzaschep-rvs-30cm-blad-met-opstaande-rand-lengte-80cm\\\/#breadcrumb\"},\"inLanguage\":\"fr-FR\",\"potentialAction\":[{\"@type\":\"ReadAction\",\"target\":[\"https:\\\/\\\/buitenpizzaovenkopen.nl\\\/pizza-oven-kopen\\\/pizzaschep-rvs-30cm-blad-met-opstaande-rand-lengte-80cm\\\/\"]}]},{\"@type\":\"ImageObject\",\"inLanguage\":\"fr-FR\",\"@id\":\"https:\\\/\\\/buitenpizzaovenkopen.nl\\\/pizza-oven-kopen\\\/pizzaschep-rvs-30cm-blad-met-opstaande-rand-lengte-80cm\\\/#primaryimage\",\"url\":\"https:\\\/\\\/buitenpizzaovenkopen.nl\\\/wp-content\\\/uploads\\\/2023\\\/04\\\/BEEK-grote-pizzaschep-2.jpg\",\"contentUrl\":\"https:\\\/\\\/buitenpizzaovenkopen.nl\\\/wp-content\\\/uploads\\\/2023\\\/04\\\/BEEK-grote-pizzaschep-2.jpg\",\"width\":640,\"height\":480,\"caption\":\"Pizzaschep RVS 30cm\"},{\"@type\":\"BreadcrumbList\",\"@id\":\"https:\\\/\\\/buitenpizzaovenkopen.nl\\\/pizza-oven-kopen\\\/pizzaschep-rvs-30cm-blad-met-opstaande-rand-lengte-80cm\\\/#breadcrumb\",\"itemListElement\":[{\"@type\":\"ListItem\",\"position\":1,\"name\":\"Home\",\"item\":\"https:\\\/\\\/buitenpizzaovenkopen.nl\\\/\"},{\"@type\":\"ListItem\",\"position\":2,\"name\":\"Pizza oven kopen\",\"item\":\"https:\\\/\\\/buitenpizzaovenkopen.nl\\\/pizzaoven-kopen\\\/\"},{\"@type\":\"ListItem\",\"position\":3,\"name\":\"Pizzaschep RVS 30cm &#8211; blad met opstaande rand lengte 80cm\"}]},{\"@type\":\"WebSite\",\"@id\":\"https:\\\/\\\/buitenpizzaovenkopen.nl\\\/#website\",\"url\":\"https:\\\/\\\/buitenpizzaovenkopen.nl\\\/\",\"name\":\"Buitenpizzaovenkopen.nl\",\"description\":\"is onderdeel van Casa di Ruscello\",\"publisher\":{\"@id\":\"https:\\\/\\\/buitenpizzaovenkopen.nl\\\/#organization\"},\"potentialAction\":[{\"@type\":\"SearchAction\",\"target\":{\"@type\":\"EntryPoint\",\"urlTemplate\":\"https:\\\/\\\/buitenpizzaovenkopen.nl\\\/?s={search_term_string}\"},\"query-input\":{\"@type\":\"PropertyValueSpecification\",\"valueRequired\":true,\"valueName\":\"search_term_string\"}}],\"inLanguage\":\"fr-FR\"},{\"@type\":\"Organization\",\"@id\":\"https:\\\/\\\/buitenpizzaovenkopen.nl\\\/#organization\",\"name\":\"Casa du Ruscello\",\"url\":\"https:\\\/\\\/buitenpizzaovenkopen.nl\\\/\",\"logo\":{\"@type\":\"ImageObject\",\"inLanguage\":\"fr-FR\",\"@id\":\"https:\\\/\\\/buitenpizzaovenkopen.nl\\\/#\\\/schema\\\/logo\\\/image\\\/\",\"url\":\"https:\\\/\\\/buitenpizzaovenkopen.nl\\\/wp-content\\\/uploads\\\/2020\\\/02\\\/logo.gif\",\"contentUrl\":\"https:\\\/\\\/buitenpizzaovenkopen.nl\\\/wp-content\\\/uploads\\\/2020\\\/02\\\/logo.gif\",\"width\":300,\"height\":305,\"caption\":\"Casa du Ruscello\"},\"image\":{\"@id\":\"https:\\\/\\\/buitenpizzaovenkopen.nl\\\/#\\\/schema\\\/logo\\\/image\\\/\"}}]}<\/script>\n<!-- \/ Yoast SEO plugin. -->","yoast_head_json":{"title":"Pizza cuill\u00e8re en acier inoxydable de 30 cm-lame avec une longueur de 80cm -","description":"La pelle \u00e0 pizza en acier inoxydable 30cm devant vous offre la possibilit\u00e9 de cuire une grande d\u00e9gustation de pizzas en seulement 90 Secondes!","robots":{"index":"index","follow":"follow","max-snippet":"max-snippet:-1","max-image-preview":"max-image-preview:large","max-video-preview":"max-video-preview:-1"},"canonical":"https:\/\/buitenpizzaovenkopen.nl\/fr\/pizza-oven-kopen\/pizzaschep-rvs-30cm-blad-met-opstaande-rand-lengte-80cm\/","og_locale":"fr_FR","og_type":"article","og_title":"Pizzaschep RVS 30cm - blad met opstaande rand lengte 80cm -","og_description":"De pizzaschep RVS 30cm voor biedt u de mogelijkheid om geweldig smakende pizza's te bakken en dat binnen slechts 90 seconden!","og_url":"https:\/\/buitenpizzaovenkopen.nl\/fr\/pizza-oven-kopen\/pizzaschep-rvs-30cm-blad-met-opstaande-rand-lengte-80cm\/","og_site_name":"Buitenpizzaovenkopen.nl","article_modified_time":"2025-12-04T09:13:42+00:00","og_image":[{"width":640,"height":480,"url":"https:\/\/buitenpizzaovenkopen.nl\/wp-content\/uploads\/2023\/04\/BEEK-grote-pizzaschep-2.jpg","type":"image\/jpeg"}],"twitter_card":"summary_large_image","twitter_misc":{"Dur\u00e9e de lecture estim\u00e9e":"2 minutes"},"schema":{"@context":"https:\/\/schema.org","@graph":[{"@type":"WebPage","@id":"https:\/\/buitenpizzaovenkopen.nl\/pizza-oven-kopen\/pizzaschep-rvs-30cm-blad-met-opstaande-rand-lengte-80cm\/","url":"https:\/\/buitenpizzaovenkopen.nl\/pizza-oven-kopen\/pizzaschep-rvs-30cm-blad-met-opstaande-rand-lengte-80cm\/","name":"Pizza cuill\u00e8re en acier inoxydable de 30 cm-lame avec une longueur de 80cm -","isPartOf":{"@id":"https:\/\/buitenpizzaovenkopen.nl\/#website"},"primaryImageOfPage":{"@id":"https:\/\/buitenpizzaovenkopen.nl\/pizza-oven-kopen\/pizzaschep-rvs-30cm-blad-met-opstaande-rand-lengte-80cm\/#primaryimage"},"image":{"@id":"https:\/\/buitenpizzaovenkopen.nl\/pizza-oven-kopen\/pizzaschep-rvs-30cm-blad-met-opstaande-rand-lengte-80cm\/#primaryimage"},"thumbnailUrl":"https:\/\/buitenpizzaovenkopen.nl\/wp-content\/uploads\/2023\/04\/BEEK-grote-pizzaschep-2.jpg","datePublished":"2024-02-28T08:47:05+00:00","dateModified":"2025-12-04T09:13:42+00:00","description":"La pelle \u00e0 pizza en acier inoxydable 30cm devant vous offre la possibilit\u00e9 de cuire une grande d\u00e9gustation de pizzas en seulement 90 Secondes!","breadcrumb":{"@id":"https:\/\/buitenpizzaovenkopen.nl\/pizza-oven-kopen\/pizzaschep-rvs-30cm-blad-met-opstaande-rand-lengte-80cm\/#breadcrumb"},"inLanguage":"fr-FR","potentialAction":[{"@type":"ReadAction","target":["https:\/\/buitenpizzaovenkopen.nl\/pizza-oven-kopen\/pizzaschep-rvs-30cm-blad-met-opstaande-rand-lengte-80cm\/"]}]},{"@type":"ImageObject","inLanguage":"fr-FR","@id":"https:\/\/buitenpizzaovenkopen.nl\/pizza-oven-kopen\/pizzaschep-rvs-30cm-blad-met-opstaande-rand-lengte-80cm\/#primaryimage","url":"https:\/\/buitenpizzaovenkopen.nl\/wp-content\/uploads\/2023\/04\/BEEK-grote-pizzaschep-2.jpg","contentUrl":"https:\/\/buitenpizzaovenkopen.nl\/wp-content\/uploads\/2023\/04\/BEEK-grote-pizzaschep-2.jpg","width":640,"height":480,"caption":"Pizzaschep RVS 30cm"},{"@type":"BreadcrumbList","@id":"https:\/\/buitenpizzaovenkopen.nl\/pizza-oven-kopen\/pizzaschep-rvs-30cm-blad-met-opstaande-rand-lengte-80cm\/#breadcrumb","itemListElement":[{"@type":"ListItem","position":1,"name":"Home","item":"https:\/\/buitenpizzaovenkopen.nl\/"},{"@type":"ListItem","position":2,"name":"Pizza oven kopen","item":"https:\/\/buitenpizzaovenkopen.nl\/pizzaoven-kopen\/"},{"@type":"ListItem","position":3,"name":"Pizzaschep RVS 30cm &#8211; blad met opstaande rand lengte 80cm"}]},{"@type":"WebSite","@id":"https:\/\/buitenpizzaovenkopen.nl\/#website","url":"https:\/\/buitenpizzaovenkopen.nl\/","name":"Buitenpizzaovenkopen.nl","description":"fait partie de Casa Di Ruscello","publisher":{"@id":"https:\/\/buitenpizzaovenkopen.nl\/#organization"},"potentialAction":[{"@type":"SearchAction","target":{"@type":"EntryPoint","urlTemplate":"https:\/\/buitenpizzaovenkopen.nl\/?s={search_term_string}"},"query-input":{"@type":"PropertyValueSpecification","valueRequired":true,"valueName":"search_term_string"}}],"inLanguage":"fr-FR"},{"@type":"Organization","@id":"https:\/\/buitenpizzaovenkopen.nl\/#organization","name":"Casa du Ruscello","url":"https:\/\/buitenpizzaovenkopen.nl\/","logo":{"@type":"ImageObject","inLanguage":"fr-FR","@id":"https:\/\/buitenpizzaovenkopen.nl\/#\/schema\/logo\/image\/","url":"https:\/\/buitenpizzaovenkopen.nl\/wp-content\/uploads\/2020\/02\/logo.gif","contentUrl":"https:\/\/buitenpizzaovenkopen.nl\/wp-content\/uploads\/2020\/02\/logo.gif","width":300,"height":305,"caption":"Casa du Ruscello"},"image":{"@id":"https:\/\/buitenpizzaovenkopen.nl\/#\/schema\/logo\/image\/"}}]}},"_links":{"self":[{"href":"https:\/\/buitenpizzaovenkopen.nl\/fr\/wp-json\/wp\/v2\/product\/7773","targetHints":{"allow":["GET"]}}],"collection":[{"href":"https:\/\/buitenpizzaovenkopen.nl\/fr\/wp-json\/wp\/v2\/product"}],"about":[{"href":"https:\/\/buitenpizzaovenkopen.nl\/fr\/wp-json\/wp\/v2\/types\/product"}],"wp:featuredmedia":[{"embeddable":true,"href":"https:\/\/buitenpizzaovenkopen.nl\/fr\/wp-json\/wp\/v2\/media\/7364"}],"wp:attachment":[{"href":"https:\/\/buitenpizzaovenkopen.nl\/fr\/wp-json\/wp\/v2\/media?parent=7773"}],"wp:term":[{"taxonomy":"product_brand","embeddable":true,"href":"https:\/\/buitenpizzaovenkopen.nl\/fr\/wp-json\/wp\/v2\/product_brand?post=7773"},{"taxonomy":"product_cat","embeddable":true,"href":"https:\/\/buitenpizzaovenkopen.nl\/fr\/wp-json\/wp\/v2\/product_cat?post=7773"},{"taxonomy":"product_tag","embeddable":true,"href":"https:\/\/buitenpizzaovenkopen.nl\/fr\/wp-json\/wp\/v2\/product_tag?post=7773"}],"curies":[{"name":"wp","href":"https:\/\/api.w.org\/{rel}","templated":true}]}}