{"id":7709,"date":"2023-11-30T19:49:43","date_gmt":"2023-11-30T18:49:43","guid":{"rendered":"https:\/\/buitenpizzaovenkopen.nl\/?post_type=product&#038;p=7709"},"modified":"2025-08-15T14:21:10","modified_gmt":"2025-08-15T12:21:10","slug":"beek-corten-90-pizza-oven-cortenstaal-inclusief-afgebeeld-onderstel","status":"publish","type":"product","link":"https:\/\/buitenpizzaovenkopen.nl\/fr\/pizza-oven-kopen\/beek-corten-90-pizza-oven-cortenstaal-inclusief-afgebeeld-onderstel\/","title":{"rendered":"BEEK Corten 90 Pizza Oven inclusief afgebeeld onderstel en 3 delige pizza tools seti nclusief keramisch werkblad van 70x80cm"},"content":{"rendered":"<p>D\u00e9couvrez le robuste \u00e9l\u00e9gance exceptionnelle et la cuisson des capacit\u00e9s de l&#039;BEEK Cortenstaal 90 four \u00e0 pizza, y compris la base, un must-have pour chaque cuisine en plein air et s\u00e9rieux pizza amant. Con\u00e7u \u00e0 partir de durable, acier Corten, ce four combine des fonctionnalit\u00e9s modernes avec un design intemporel et offre un lieu id\u00e9al de cuisson solution pour les amateur de chefs et cuisiniers professionnels comme.<\/p>\n<p>De nieuwste BEEK Corten 90 heeft een down force air circulatie en<br \/>\nEen regelbare inlaat waardoor de oven prachtig brand met gesloten deur.<br \/>\nIs dus voorzien van alle opties.<\/p>\n<p>Avec un spacieux 800\u00d7600 mm surface de cuisson, ce four peut cuire jusqu&#039;\u00e0 4 pizzas en m\u00eame temps, le rendant parfait pour les grandes r\u00e9unions de famille ou d&#039;utilisation commerciale lors d&#039;\u00e9v\u00e9nements. Le BEEK Cortenstaal 90 atteint un maximum de temp\u00e9rature de 500c, ce qui signifie que les pizzas sont parfaitement cuit en seulement 90 secondes, avec cette merveille cro\u00fbte croustillante et juteuse garniture que tout le monde aime.<\/p>\n<p>Le four est \u00e9quip\u00e9 de 2 mm d&#039;\u00e9paisseur de porte en acier inoxydable, de haute qualit\u00e9 chemin\u00e9e, fiable Cewal thermom\u00e8tre et d&#039;un acier inoxydable feu de l&#039;\u00e9cran, visant \u00e0 assurer l&#039;efficacit\u00e9 et la durabilit\u00e9. L&#039;acier Corten de base, de 180 cm de long et 80 cm de large, n&#039;est pas seulement solide et stable, mais aussi enrichi avec un support sp\u00e9cial pour la pizza outils, qui assure le confort et la propret\u00e9 lors de la cuisson.<\/p>\n<p>Le Beek Cortenstaal 90 n&#039;est pas seulement fonctionnel d&#039;un appareil de cuisson; c&#039;est aussi une d\u00e9claration de conception. L&#039;acier Corten est connu pour sa r\u00e9sistance aux intemp\u00e9ries propri\u00e9t\u00e9s naturelles et de la rouille de couleur qui forme une couche protectrice au fil du temps, rendant le four r\u00e9sistant \u00e0 diverses conditions m\u00e9t\u00e9orologiques et sans entretien. Ce four, qui non seulement offre une exceptionnelle performance de cuisson, mais aussi d&#039;am\u00e9liorer l&#039;esth\u00e9tique de votre espace ext\u00e9rieur.<\/p>\n<p>Chaque four est livr\u00e9 avec une garantie d&#039;un an \u00e0 partir de la date d&#039;achat, la fourniture d&#039;une assurance de la durabilit\u00e9 et de la qualit\u00e9 de ce produit. Si vous \u00eates un passionn\u00e9 de la maison d&#039;un chef ou d&#039;un professionnel, l&#039;BEEK Cortenstaal 90 four \u00e0 pizza avec de la base est le choix parfait pour cuire authentique, de d\u00e9licieuses pizzas, tout en ajoutant une touche de style \u00e0 votre cuisine en plein air de l&#039;exp\u00e9rience.<\/p>\n<p><strong><br \/>\nLe temps d&#039;\u00e9chauffement:<\/strong> De 15 \u00e0 40 minutes<br \/>\n<strong>Temp\u00e9rature maximale:<\/strong> 500C<br \/>\n<strong>Vitesse de cuisson:<\/strong> 90 Secondes<br \/>\n<strong>Capacit\u00e9:<\/strong> Jusqu'\u00e0 4 pizzas ou autres plats<br \/>\n<strong>Carburant recommand\u00e9:<\/strong> bouleau \/ bois de fr\u00eane et \/ ou des feuillus comme le h\u00eatre, le ch\u00eane, le bois de pommier etc.<br \/>\n<strong>La cuisson de la section:<\/strong> 800x600mm, extra large de cuisson \u00e9tage<br \/>\n<b>Dimension ext\u00e9rieure<\/b>: 92 cm de large et 79 cm de profondeur<br \/>\n<strong>Contient:<\/strong> Four \u00e0 Pizza, de porte en acier inoxydable de 2 mm d&#039;\u00e9paisseur!, schoorsteen, thermom\u00e8tre merk Cewal (italiaans), les CARAVANES vuurscherm\/ chambre de combustion, pizzaschep merk Falci<br \/>\n<strong>Drain:<\/strong> 150mm<br \/>\n<strong>Garantie:<\/strong> 1 an \u00e0 compter de la date d&#039;achat<br \/>\n<strong>Couleur:<\/strong> acier corten avec acier inoxydable<br \/>\n<strong>Productafmeting pizzaoven (H x B x D):<\/strong> 1100 x 920 X 790 mm<br \/>\n<strong>Taille de produit four \u00e0 pizza, y compris l&#039;acier Corten de base (H x w x D):<\/strong> 2100 x 1800 x 800 mm<\/p>\n<p><a href=\"https:\/\/nl.wikipedia.org\/wiki\/Cortenstaal\" target=\"_blank\" rel=\"noopener\">Acier Corten<\/a> Onderstel 180cm lang bij 80cm breed, ambachtelijk oersterk gemaakt, inclusief speciale pizza tools houder (exclusief afgebeelde houten werkblad maar inclusief keramisch werkblad van 70x80cm)<\/p>\n<h4>Propri\u00e9t\u00e9s de l'acier corten:<\/h4>\n<ul>\n<li>Tr\u00e8s fort, r\u00e9sistant \u00e0 l'usure et donc tr\u00e8s durable.<\/li>\n<li>Design propre et intemporel.<\/li>\n<li>Mat\u00e9riau r\u00e9sistant aux intemp\u00e9ries et durable.<\/li>\n<li>Apparence chaude et naturelle.<\/li>\n<li>Entretien r\u00e9duit.<\/li>\n<\/ul>\n<p>Jetez un \u0153il sur le petit fr\u00e8re, le BEEK Corten 70 <a href=\"https:\/\/buitenpizzaovenkopen.nl\/fr\/pizza-oven-kopen\/beek-corten-70-pizza-oven-inclusief-falci-pizzaschep\/\">https:\/\/buitenpizzaovenkopen.nl\/pizza-oven-kopen\/beek-corten-70-pizza-oven-inclusief-falci-pizzaschep\/<\/a><\/p>\n<p>&nbsp;<\/p>","protected":false},"excerpt":{"rendered":"<p>Le four \u00e0 pizza BEEK Corten 90 est un four de taille moyenne en acier Corten et en acier inoxydable o\u00f9 1, 2, 3 ou 4 pizzas peuvent \u00eatre cuites simultan\u00e9ment. Le four a une surface de cuisson extra-large de 800 mm de large et 600 mm de profondeur. Il p\u00e8se environ 85 kg, ce qui rend ce four toujours incroyablement mobile.<br \/>\nAvec ce grand four, vous pouvez faire cuire de d\u00e9licieuses pizzas pour votre famille ou vos amis, mais est \u00e9galement adapt\u00e9 pour les grandes familles, les grands groupes, de la restauration et de l&#039;alimentation du camion.<\/p>\n<p>Le BEEK Corten 90 est enti\u00e8rement isol\u00e9 et poss\u00e8de une porte d'acc\u00e8s extra-large et une belle hauteur, vous permettant de cuire de d\u00e9licieuses pizzas mais aussi d'autres plats tels que des plats de viande, du poisson, du pain, etc.<br \/>\nC&#039;est un tout-rond!<br \/>\nIl dispose \u00e9galement d'une chemin\u00e9e amovible, d'un thermom\u00e8tre CEWAL int\u00e9gr\u00e9 en provenance d'Italie et d'un sol en chamotte lisse. Le four fonctionne au bois et atteint la meilleure chaleur avec du bois sec, tel que le bouleau, le fr\u00eane, le h\u00eatre, le ch\u00eane ou le bois de fruitier.<\/p>\n<p>Est livr\u00e9 en standard avec une pizza italienne scoop de la Falci de la marque de sorte que vous pouvez imm\u00e9diatement commencer la cuisson les plus savoureuses pizzas<\/p>\n<h4>Propri\u00e9t\u00e9s de l'acier corten:<\/h4>\n<ul>\n<li>Tr\u00e8s fort, r\u00e9sistant \u00e0 l'usure et donc tr\u00e8s durable.<\/li>\n<li>Design propre et intemporel.<\/li>\n<li>Mat\u00e9riau r\u00e9sistant aux intemp\u00e9ries et durable.<\/li>\n<li>Apparence chaude et naturelle.<\/li>\n<li>Entretien r\u00e9duit.<\/li>\n<\/ul>\n<p>Jetez un \u0153il sur le petit fr\u00e8re, le BEEK Classico 70. https:\/\/buitenpizzaovenkopen.nl\/pizza-oven-kopen\/beek-classico-pizza-oven\/<\/p>","protected":false},"featured_media":7544,"template":"","meta":{"_monsterinsights_skip_tracking":false,"_monsterinsights_sitenote_active":false,"_monsterinsights_sitenote_note":"","_monsterinsights_sitenote_category":0,"site-sidebar-layout":"default","site-content-layout":"default","ast-site-content-layout":"default","site-content-style":"default","site-sidebar-style":"default","ast-global-header-display":"","ast-banner-title-visibility":"","ast-main-header-display":"","ast-hfb-above-header-display":"","ast-hfb-below-header-display":"","ast-hfb-mobile-header-display":"","site-post-title":"","ast-breadcrumbs-content":"","ast-featured-img":"","footer-sml-layout":"","ast-disable-related-posts":"","theme-transparent-header-meta":"default","adv-header-id-meta":"","stick-header-meta":"","header-above-stick-meta":"","header-main-stick-meta":"","header-below-stick-meta":"","astra-migrate-meta-layouts":"set","ast-page-background-enabled":"default","ast-page-background-meta":{"desktop":{"background-color":"","background-image":"","background-repeat":"repeat","background-position":"center center","background-size":"auto","background-attachment":"scroll","background-type":"","background-media":"","overlay-type":"","overlay-color":"","overlay-opacity":"","overlay-gradient":""},"tablet":{"background-color":"","background-image":"","background-repeat":"repeat","background-position":"center center","background-size":"auto","background-attachment":"scroll","background-type":"","background-media":"","overlay-type":"","overlay-color":"","overlay-opacity":"","overlay-gradient":""},"mobile":{"background-color":"","background-image":"","background-repeat":"repeat","background-position":"center center","background-size":"auto","background-attachment":"scroll","background-type":"","background-media":"","overlay-type":"","overlay-color":"","overlay-opacity":"","overlay-gradient":""}},"ast-content-background-meta":{"desktop":{"background-color":"var(--ast-global-color-5)","background-image":"","background-repeat":"repeat","background-position":"center center","background-size":"auto","background-attachment":"scroll","background-type":"","background-media":"","overlay-type":"","overlay-color":"","overlay-opacity":"","overlay-gradient":""},"tablet":{"background-color":"var(--ast-global-color-5)","background-image":"","background-repeat":"repeat","background-position":"center center","background-size":"auto","background-attachment":"scroll","background-type":"","background-media":"","overlay-type":"","overlay-color":"","overlay-opacity":"","overlay-gradient":""},"mobile":{"background-color":"var(--ast-global-color-5)","background-image":"","background-repeat":"repeat","background-position":"center center","background-size":"auto","background-attachment":"scroll","background-type":"","background-media":"","overlay-type":"","overlay-color":"","overlay-opacity":"","overlay-gradient":""}}},"product_brand":[],"product_cat":[24],"product_tag":[129,135,131,136],"class_list":{"0":"post-7709","1":"product","2":"type-product","3":"status-publish","4":"has-post-thumbnail","6":"product_cat-pizza-ovens","7":"product_tag-beek","8":"product_tag-grande","9":"product_tag-houtgestookt","10":"product_tag-pizza-oven","11":"product_shipping_class-verzendklasse-4","12":"desktop-align-left","13":"tablet-align-left","14":"mobile-align-left","16":"first","17":"instock","18":"sale","19":"featured","20":"taxable","21":"shipping-taxable","22":"purchasable","23":"product-type-simple"},"yoast_head":"<!-- This site is optimized with the Yoast SEO plugin v27.4 - https:\/\/yoast.com\/product\/yoast-seo-wordpress\/ -->\n<title>BEEK cortenstaal 90 pizzaoven inclusief onderstel - Buitenpizzaovenkopen.nl<\/title>\n<meta name=\"description\" content=\"De BEEK Cortenstaal 90 pizzaoven inclusief onderstel is een ruime houtgestookte pizza oven waar eenvoudig tot 4 pizza\u2019s tegelijk in kunnen worden gebakken!\" \/>\n<meta name=\"robots\" content=\"index, follow, max-snippet:-1, max-image-preview:large, max-video-preview:-1\" \/>\n<link rel=\"canonical\" href=\"https:\/\/buitenpizzaovenkopen.nl\/fr\/pizza-oven-kopen\/beek-corten-90-pizza-oven-cortenstaal-inclusief-afgebeeld-onderstel\/\" \/>\n<meta property=\"og:locale\" content=\"fr_FR\" \/>\n<meta property=\"og:type\" content=\"article\" \/>\n<meta property=\"og:title\" content=\"BEEK cortenstaal 90 pizzaoven inclusief onderstel - Buitenpizzaovenkopen.nl\" \/>\n<meta property=\"og:description\" content=\"De BEEK Cortenstaal 90 pizzaoven inclusief onderstel is een ruime houtgestookte pizza oven waar eenvoudig tot 4 pizza\u2019s tegelijk in kunnen worden gebakken!\" \/>\n<meta property=\"og:url\" content=\"https:\/\/buitenpizzaovenkopen.nl\/fr\/pizza-oven-kopen\/beek-corten-90-pizza-oven-cortenstaal-inclusief-afgebeeld-onderstel\/\" \/>\n<meta property=\"og:site_name\" content=\"Buitenpizzaovenkopen.nl\" \/>\n<meta property=\"article:modified_time\" content=\"2025-08-15T12:21:10+00:00\" \/>\n<meta property=\"og:image\" content=\"https:\/\/buitenpizzaovenkopen.nl\/wp-content\/uploads\/2023\/06\/IMG_5168-scaled.jpeg\" \/>\n\t<meta property=\"og:image:width\" content=\"2560\" \/>\n\t<meta property=\"og:image:height\" content=\"1920\" \/>\n\t<meta property=\"og:image:type\" content=\"image\/jpeg\" \/>\n<meta name=\"twitter:card\" content=\"summary_large_image\" \/>\n<meta name=\"twitter:label1\" content=\"Dur\u00e9e de lecture estim\u00e9e\" \/>\n\t<meta name=\"twitter:data1\" content=\"3 minutes\" \/>\n<script type=\"application\/ld+json\" class=\"yoast-schema-graph\">{\"@context\":\"https:\\\/\\\/schema.org\",\"@graph\":[{\"@type\":\"WebPage\",\"@id\":\"https:\\\/\\\/buitenpizzaovenkopen.nl\\\/pizza-oven-kopen\\\/beek-corten-90-pizza-oven-cortenstaal-inclusief-afgebeeld-onderstel\\\/\",\"url\":\"https:\\\/\\\/buitenpizzaovenkopen.nl\\\/pizza-oven-kopen\\\/beek-corten-90-pizza-oven-cortenstaal-inclusief-afgebeeld-onderstel\\\/\",\"name\":\"BEEK cortenstaal 90 pizzaoven inclusief onderstel - Buitenpizzaovenkopen.nl\",\"isPartOf\":{\"@id\":\"https:\\\/\\\/buitenpizzaovenkopen.nl\\\/#website\"},\"primaryImageOfPage\":{\"@id\":\"https:\\\/\\\/buitenpizzaovenkopen.nl\\\/pizza-oven-kopen\\\/beek-corten-90-pizza-oven-cortenstaal-inclusief-afgebeeld-onderstel\\\/#primaryimage\"},\"image\":{\"@id\":\"https:\\\/\\\/buitenpizzaovenkopen.nl\\\/pizza-oven-kopen\\\/beek-corten-90-pizza-oven-cortenstaal-inclusief-afgebeeld-onderstel\\\/#primaryimage\"},\"thumbnailUrl\":\"https:\\\/\\\/buitenpizzaovenkopen.nl\\\/wp-content\\\/uploads\\\/2023\\\/06\\\/IMG_5168-scaled.jpeg\",\"datePublished\":\"2023-11-30T18:49:43+00:00\",\"dateModified\":\"2025-08-15T12:21:10+00:00\",\"description\":\"De BEEK Cortenstaal 90 pizzaoven inclusief onderstel is een ruime houtgestookte pizza oven waar eenvoudig tot 4 pizza\u2019s tegelijk in kunnen worden gebakken!\",\"breadcrumb\":{\"@id\":\"https:\\\/\\\/buitenpizzaovenkopen.nl\\\/pizza-oven-kopen\\\/beek-corten-90-pizza-oven-cortenstaal-inclusief-afgebeeld-onderstel\\\/#breadcrumb\"},\"inLanguage\":\"fr-FR\",\"potentialAction\":[{\"@type\":\"ReadAction\",\"target\":[\"https:\\\/\\\/buitenpizzaovenkopen.nl\\\/pizza-oven-kopen\\\/beek-corten-90-pizza-oven-cortenstaal-inclusief-afgebeeld-onderstel\\\/\"]}]},{\"@type\":\"ImageObject\",\"inLanguage\":\"fr-FR\",\"@id\":\"https:\\\/\\\/buitenpizzaovenkopen.nl\\\/pizza-oven-kopen\\\/beek-corten-90-pizza-oven-cortenstaal-inclusief-afgebeeld-onderstel\\\/#primaryimage\",\"url\":\"https:\\\/\\\/buitenpizzaovenkopen.nl\\\/wp-content\\\/uploads\\\/2023\\\/06\\\/IMG_5168-scaled.jpeg\",\"contentUrl\":\"https:\\\/\\\/buitenpizzaovenkopen.nl\\\/wp-content\\\/uploads\\\/2023\\\/06\\\/IMG_5168-scaled.jpeg\",\"width\":2560,\"height\":1920,\"caption\":\"BEEK Cortenstaal 90 pizzaoven inclusief onderstel\"},{\"@type\":\"BreadcrumbList\",\"@id\":\"https:\\\/\\\/buitenpizzaovenkopen.nl\\\/pizza-oven-kopen\\\/beek-corten-90-pizza-oven-cortenstaal-inclusief-afgebeeld-onderstel\\\/#breadcrumb\",\"itemListElement\":[{\"@type\":\"ListItem\",\"position\":1,\"name\":\"Home\",\"item\":\"https:\\\/\\\/buitenpizzaovenkopen.nl\\\/\"},{\"@type\":\"ListItem\",\"position\":2,\"name\":\"Pizza oven kopen\",\"item\":\"https:\\\/\\\/buitenpizzaovenkopen.nl\\\/pizzaoven-kopen\\\/\"},{\"@type\":\"ListItem\",\"position\":3,\"name\":\"BEEK Corten 90 Pizza Oven inclusief afgebeeld onderstel en 3 delige pizza tools seti nclusief keramisch werkblad van 70x80cm\"}]},{\"@type\":\"WebSite\",\"@id\":\"https:\\\/\\\/buitenpizzaovenkopen.nl\\\/#website\",\"url\":\"https:\\\/\\\/buitenpizzaovenkopen.nl\\\/\",\"name\":\"Buitenpizzaovenkopen.nl\",\"description\":\"is onderdeel van Casa di Ruscello\",\"publisher\":{\"@id\":\"https:\\\/\\\/buitenpizzaovenkopen.nl\\\/#organization\"},\"potentialAction\":[{\"@type\":\"SearchAction\",\"target\":{\"@type\":\"EntryPoint\",\"urlTemplate\":\"https:\\\/\\\/buitenpizzaovenkopen.nl\\\/?s={search_term_string}\"},\"query-input\":{\"@type\":\"PropertyValueSpecification\",\"valueRequired\":true,\"valueName\":\"search_term_string\"}}],\"inLanguage\":\"fr-FR\"},{\"@type\":\"Organization\",\"@id\":\"https:\\\/\\\/buitenpizzaovenkopen.nl\\\/#organization\",\"name\":\"Casa du Ruscello\",\"url\":\"https:\\\/\\\/buitenpizzaovenkopen.nl\\\/\",\"logo\":{\"@type\":\"ImageObject\",\"inLanguage\":\"fr-FR\",\"@id\":\"https:\\\/\\\/buitenpizzaovenkopen.nl\\\/#\\\/schema\\\/logo\\\/image\\\/\",\"url\":\"https:\\\/\\\/buitenpizzaovenkopen.nl\\\/wp-content\\\/uploads\\\/2020\\\/02\\\/logo.gif\",\"contentUrl\":\"https:\\\/\\\/buitenpizzaovenkopen.nl\\\/wp-content\\\/uploads\\\/2020\\\/02\\\/logo.gif\",\"width\":300,\"height\":305,\"caption\":\"Casa du Ruscello\"},\"image\":{\"@id\":\"https:\\\/\\\/buitenpizzaovenkopen.nl\\\/#\\\/schema\\\/logo\\\/image\\\/\"}}]}<\/script>\n<!-- \/ Yoast SEO plugin. -->","yoast_head_json":{"title":"BEEK cortenstaal 90 four \u00e0 pizza, y compris de base Buitenpizzaovenkopen.nl","description":"Le Beek Cortenstaal 90 four \u00e0 pizza dont la base est un spacieux au feu de bois four \u00e0 pizza qui peut facilement faire cuire jusqu&#039;\u00e0 4 pizzas en m\u00eame temps!","robots":{"index":"index","follow":"follow","max-snippet":"max-snippet:-1","max-image-preview":"max-image-preview:large","max-video-preview":"max-video-preview:-1"},"canonical":"https:\/\/buitenpizzaovenkopen.nl\/fr\/pizza-oven-kopen\/beek-corten-90-pizza-oven-cortenstaal-inclusief-afgebeeld-onderstel\/","og_locale":"fr_FR","og_type":"article","og_title":"BEEK cortenstaal 90 pizzaoven inclusief onderstel - Buitenpizzaovenkopen.nl","og_description":"De BEEK Cortenstaal 90 pizzaoven inclusief onderstel is een ruime houtgestookte pizza oven waar eenvoudig tot 4 pizza\u2019s tegelijk in kunnen worden gebakken!","og_url":"https:\/\/buitenpizzaovenkopen.nl\/fr\/pizza-oven-kopen\/beek-corten-90-pizza-oven-cortenstaal-inclusief-afgebeeld-onderstel\/","og_site_name":"Buitenpizzaovenkopen.nl","article_modified_time":"2025-08-15T12:21:10+00:00","og_image":[{"width":2560,"height":1920,"url":"https:\/\/buitenpizzaovenkopen.nl\/wp-content\/uploads\/2023\/06\/IMG_5168-scaled.jpeg","type":"image\/jpeg"}],"twitter_card":"summary_large_image","twitter_misc":{"Dur\u00e9e de lecture estim\u00e9e":"3 minutes"},"schema":{"@context":"https:\/\/schema.org","@graph":[{"@type":"WebPage","@id":"https:\/\/buitenpizzaovenkopen.nl\/pizza-oven-kopen\/beek-corten-90-pizza-oven-cortenstaal-inclusief-afgebeeld-onderstel\/","url":"https:\/\/buitenpizzaovenkopen.nl\/pizza-oven-kopen\/beek-corten-90-pizza-oven-cortenstaal-inclusief-afgebeeld-onderstel\/","name":"BEEK cortenstaal 90 four \u00e0 pizza, y compris de base Buitenpizzaovenkopen.nl","isPartOf":{"@id":"https:\/\/buitenpizzaovenkopen.nl\/#website"},"primaryImageOfPage":{"@id":"https:\/\/buitenpizzaovenkopen.nl\/pizza-oven-kopen\/beek-corten-90-pizza-oven-cortenstaal-inclusief-afgebeeld-onderstel\/#primaryimage"},"image":{"@id":"https:\/\/buitenpizzaovenkopen.nl\/pizza-oven-kopen\/beek-corten-90-pizza-oven-cortenstaal-inclusief-afgebeeld-onderstel\/#primaryimage"},"thumbnailUrl":"https:\/\/buitenpizzaovenkopen.nl\/wp-content\/uploads\/2023\/06\/IMG_5168-scaled.jpeg","datePublished":"2023-11-30T18:49:43+00:00","dateModified":"2025-08-15T12:21:10+00:00","description":"Le Beek Cortenstaal 90 four \u00e0 pizza dont la base est un spacieux au feu de bois four \u00e0 pizza qui peut facilement faire cuire jusqu&#039;\u00e0 4 pizzas en m\u00eame temps!","breadcrumb":{"@id":"https:\/\/buitenpizzaovenkopen.nl\/pizza-oven-kopen\/beek-corten-90-pizza-oven-cortenstaal-inclusief-afgebeeld-onderstel\/#breadcrumb"},"inLanguage":"fr-FR","potentialAction":[{"@type":"ReadAction","target":["https:\/\/buitenpizzaovenkopen.nl\/pizza-oven-kopen\/beek-corten-90-pizza-oven-cortenstaal-inclusief-afgebeeld-onderstel\/"]}]},{"@type":"ImageObject","inLanguage":"fr-FR","@id":"https:\/\/buitenpizzaovenkopen.nl\/pizza-oven-kopen\/beek-corten-90-pizza-oven-cortenstaal-inclusief-afgebeeld-onderstel\/#primaryimage","url":"https:\/\/buitenpizzaovenkopen.nl\/wp-content\/uploads\/2023\/06\/IMG_5168-scaled.jpeg","contentUrl":"https:\/\/buitenpizzaovenkopen.nl\/wp-content\/uploads\/2023\/06\/IMG_5168-scaled.jpeg","width":2560,"height":1920,"caption":"BEEK Cortenstaal 90 pizzaoven inclusief onderstel"},{"@type":"BreadcrumbList","@id":"https:\/\/buitenpizzaovenkopen.nl\/pizza-oven-kopen\/beek-corten-90-pizza-oven-cortenstaal-inclusief-afgebeeld-onderstel\/#breadcrumb","itemListElement":[{"@type":"ListItem","position":1,"name":"Home","item":"https:\/\/buitenpizzaovenkopen.nl\/"},{"@type":"ListItem","position":2,"name":"Pizza oven kopen","item":"https:\/\/buitenpizzaovenkopen.nl\/pizzaoven-kopen\/"},{"@type":"ListItem","position":3,"name":"BEEK Corten 90 Pizza Oven inclusief afgebeeld onderstel en 3 delige pizza tools seti nclusief keramisch werkblad van 70x80cm"}]},{"@type":"WebSite","@id":"https:\/\/buitenpizzaovenkopen.nl\/#website","url":"https:\/\/buitenpizzaovenkopen.nl\/","name":"Buitenpizzaovenkopen.nl","description":"fait partie de Casa Di Ruscello","publisher":{"@id":"https:\/\/buitenpizzaovenkopen.nl\/#organization"},"potentialAction":[{"@type":"SearchAction","target":{"@type":"EntryPoint","urlTemplate":"https:\/\/buitenpizzaovenkopen.nl\/?s={search_term_string}"},"query-input":{"@type":"PropertyValueSpecification","valueRequired":true,"valueName":"search_term_string"}}],"inLanguage":"fr-FR"},{"@type":"Organization","@id":"https:\/\/buitenpizzaovenkopen.nl\/#organization","name":"Casa du Ruscello","url":"https:\/\/buitenpizzaovenkopen.nl\/","logo":{"@type":"ImageObject","inLanguage":"fr-FR","@id":"https:\/\/buitenpizzaovenkopen.nl\/#\/schema\/logo\/image\/","url":"https:\/\/buitenpizzaovenkopen.nl\/wp-content\/uploads\/2020\/02\/logo.gif","contentUrl":"https:\/\/buitenpizzaovenkopen.nl\/wp-content\/uploads\/2020\/02\/logo.gif","width":300,"height":305,"caption":"Casa du Ruscello"},"image":{"@id":"https:\/\/buitenpizzaovenkopen.nl\/#\/schema\/logo\/image\/"}}]}},"_links":{"self":[{"href":"https:\/\/buitenpizzaovenkopen.nl\/fr\/wp-json\/wp\/v2\/product\/7709","targetHints":{"allow":["GET"]}}],"collection":[{"href":"https:\/\/buitenpizzaovenkopen.nl\/fr\/wp-json\/wp\/v2\/product"}],"about":[{"href":"https:\/\/buitenpizzaovenkopen.nl\/fr\/wp-json\/wp\/v2\/types\/product"}],"wp:featuredmedia":[{"embeddable":true,"href":"https:\/\/buitenpizzaovenkopen.nl\/fr\/wp-json\/wp\/v2\/media\/7544"}],"wp:attachment":[{"href":"https:\/\/buitenpizzaovenkopen.nl\/fr\/wp-json\/wp\/v2\/media?parent=7709"}],"wp:term":[{"taxonomy":"product_brand","embeddable":true,"href":"https:\/\/buitenpizzaovenkopen.nl\/fr\/wp-json\/wp\/v2\/product_brand?post=7709"},{"taxonomy":"product_cat","embeddable":true,"href":"https:\/\/buitenpizzaovenkopen.nl\/fr\/wp-json\/wp\/v2\/product_cat?post=7709"},{"taxonomy":"product_tag","embeddable":true,"href":"https:\/\/buitenpizzaovenkopen.nl\/fr\/wp-json\/wp\/v2\/product_tag?post=7709"}],"curies":[{"name":"wp","href":"https:\/\/api.w.org\/{rel}","templated":true}]}}