{"id":7564,"date":"2023-06-08T15:39:18","date_gmt":"2023-06-08T13:39:18","guid":{"rendered":"https:\/\/buitenpizzaovenkopen.nl\/?post_type=product&#038;p=7564"},"modified":"2024-04-23T23:40:34","modified_gmt":"2024-04-23T21:40:34","slug":"zijplateau-groot-voor-beek-pizza-oven","status":"publish","type":"product","link":"https:\/\/buitenpizzaovenkopen.nl\/fr\/pizza-oven-kopen\/zijplateau-groot-voor-beek-pizza-oven\/","title":{"rendered":"Large de 50 cm de c\u00f4t\u00e9 \u00e9tag\u00e8re pour BEEK Grande &amp; Classico Fours \u00e0 Pizza"},"content":{"rendered":"<p>Le grand c\u00f4t\u00e9 de l&#039;\u00e9tag\u00e8re pour BEEK fours \u00e0 pizza est un plus indispensable pour tout amoureux de la pizza qui veut am\u00e9liorer leur exp\u00e9rience de la cuisson. Con\u00e7u sp\u00e9cifiquement pour les BEEK Grande et Classico mod\u00e8les, de ce c\u00f4t\u00e9 de l&#039;\u00e9tag\u00e8re offre beaucoup plus d&#039;espace pour tous vos bicarbonate de fournitures, de prise de cuisson pizza une exp\u00e9rience simplifi\u00e9e.<\/p>\n<p>Avec des dimensions de 50 x 70 cm, de ce c\u00f4t\u00e9 de l&#039;\u00e9tag\u00e8re offre assez d&#039;espace pour placer les ingr\u00e9dients, les outils et les accessoires dont vous avez besoin pendant la cuisson de la pizza. Il est fait de 1,5 mm d&#039;\u00e9paisseur en acier et est enti\u00e8rement recouvert d&#039;un rev\u00eatement en poudre durable en noir mat, ce qui n&#039;est pas seulement esth\u00e9tique, mais fournit \u00e9galement une protection suppl\u00e9mentaire contre les \u00e9l\u00e9ments, le rendant id\u00e9al pour une utilisation en ext\u00e9rieur.<\/p>\n<p>Installation de la tablette lat\u00e9rale est simple et ne n\u00e9cessite pas d&#039;outils, le rendant facile \u00e0 fixer le plateau \u00e0 la base d&#039;origine de votre BEEK four. Une fois install\u00e9, il transforme les fonctionnalit\u00e9s de votre pizza station en fournissant de l&#039;espace de travail essentiel pour l&#039;efficacit\u00e9 de la cuisson.<\/p>\n<p>Cette grande \u00e9tag\u00e8re lat\u00e9rale est parfait pour l&#039;organisation de votre espace de cuisson. Vous pouvez facilement garder tous vos pizza des outils tels que des goupilles, des pizzas, des boules, et les \u00e9pices \u00e0 port\u00e9e de main. Ce n&#039;est pas seulement la rend plus facile \u00e0 travailler rapidement et efficacement, mais aussi aide \u00e0 garder votre cuisine ou de votre cuisine en plein air de l&#039;espace propre et bien organis\u00e9.<\/p>\n<p>En outre, le grand c\u00f4t\u00e9 de l&#039;\u00e9tag\u00e8re contribue \u00e0 l&#039;esth\u00e9tique de votre cuisine de l&#039;environnement. Le design moderne et \u00e9l\u00e9gant, en noir mat, s&#039;harmonise parfaitement avec le look robuste d&#039;acier Corten et <a href=\"https:\/\/nl.wikipedia.org\/wiki\/RVS\" target=\"_blank\" rel=\"noopener\">RVS<\/a> fours \u00e0 pizza, et am\u00e9liore l&#039;aspect professionnel de votre espace de la cuisson.<\/p>\n<p>En bref, le grand c\u00f4t\u00e9 du Plateau pour BEEK Grande et Classico fours \u00e0 pizza est un excellent investissement pour tous ceux qui veulent se professionnaliser et \u00e0 simplifier leur exp\u00e9rience de la cuisson de la pizza. Ajoutez cet accessoire indispensable \u00e0 votre pizza mat\u00e9riel de cuisson et de profiter de la commodit\u00e9 et la fonctionnalit\u00e9 qu&#039;il propose \u00e0 chaque fourn\u00e9e.<\/p>\n<p>N'h\u00e9sitez pas \u00e0 nous <a href=\"https:\/\/buitenpizzaovenkopen.nl\/fr\/contact-buitenpizzaovenkopen\/\">contacter<\/a> en toute libert\u00e9!<\/p>","protected":false},"excerpt":{"rendered":"<p>Grand 50 x 70 cm de c\u00f4t\u00e9 plate-forme pour l&#039;original de la Grande et de la Classico ch\u00e2ssis.<\/p>\n<p>C\u00f4t\u00e9 plate-forme est faite de 1,5 mm en acier et enti\u00e8rement recouvert de poudre dans la couleur Noir Mat.<\/p>","protected":false},"featured_media":6726,"template":"","meta":{"_monsterinsights_skip_tracking":false,"_monsterinsights_sitenote_active":false,"_monsterinsights_sitenote_note":"","_monsterinsights_sitenote_category":0,"site-sidebar-layout":"default","site-content-layout":"default","ast-site-content-layout":"default","site-content-style":"default","site-sidebar-style":"default","ast-global-header-display":"","ast-banner-title-visibility":"","ast-main-header-display":"","ast-hfb-above-header-display":"","ast-hfb-below-header-display":"","ast-hfb-mobile-header-display":"","site-post-title":"","ast-breadcrumbs-content":"","ast-featured-img":"","footer-sml-layout":"","ast-disable-related-posts":"","theme-transparent-header-meta":"default","adv-header-id-meta":"","stick-header-meta":"","header-above-stick-meta":"","header-main-stick-meta":"","header-below-stick-meta":"","astra-migrate-meta-layouts":"set","ast-page-background-enabled":"default","ast-page-background-meta":{"desktop":{"background-color":"","background-image":"","background-repeat":"repeat","background-position":"center center","background-size":"auto","background-attachment":"scroll","background-type":"","background-media":"","overlay-type":"","overlay-color":"","overlay-opacity":"","overlay-gradient":""},"tablet":{"background-color":"","background-image":"","background-repeat":"repeat","background-position":"center center","background-size":"auto","background-attachment":"scroll","background-type":"","background-media":"","overlay-type":"","overlay-color":"","overlay-opacity":"","overlay-gradient":""},"mobile":{"background-color":"","background-image":"","background-repeat":"repeat","background-position":"center center","background-size":"auto","background-attachment":"scroll","background-type":"","background-media":"","overlay-type":"","overlay-color":"","overlay-opacity":"","overlay-gradient":""}},"ast-content-background-meta":{"desktop":{"background-color":"var(--ast-global-color-5)","background-image":"","background-repeat":"repeat","background-position":"center center","background-size":"auto","background-attachment":"scroll","background-type":"","background-media":"","overlay-type":"","overlay-color":"","overlay-opacity":"","overlay-gradient":""},"tablet":{"background-color":"var(--ast-global-color-5)","background-image":"","background-repeat":"repeat","background-position":"center center","background-size":"auto","background-attachment":"scroll","background-type":"","background-media":"","overlay-type":"","overlay-color":"","overlay-opacity":"","overlay-gradient":""},"mobile":{"background-color":"var(--ast-global-color-5)","background-image":"","background-repeat":"repeat","background-position":"center center","background-size":"auto","background-attachment":"scroll","background-type":"","background-media":"","overlay-type":"","overlay-color":"","overlay-opacity":"","overlay-gradient":""}}},"product_brand":[],"product_cat":[110],"product_tag":[],"class_list":{"0":"post-7564","1":"product","2":"type-product","3":"status-publish","4":"has-post-thumbnail","6":"product_cat-onderstellen","7":"product_shipping_class-verzendklasse-0","8":"desktop-align-left","9":"tablet-align-left","10":"mobile-align-left","12":"first","13":"instock","14":"taxable","15":"shipping-taxable","16":"purchasable","17":"product-type-simple"},"yoast_head":"<!-- This site is optimized with the Yoast SEO plugin v27.3 - https:\/\/yoast.com\/product\/yoast-seo-wordpress\/ -->\n<title>Zijplateau groot voor BEEK pizza oven - Buitenpizzaovenkopen.nl<\/title>\n<meta name=\"description\" content=\"Ontdek het Zijplateau groot voor BEEK pizza oven van 50x70 cm, speciaal ontworpen voor BEEK Grande &amp; Classico. Perfect voor extra ruimte tijdens het bakken.\" \/>\n<meta name=\"robots\" content=\"index, follow, max-snippet:-1, max-image-preview:large, max-video-preview:-1\" \/>\n<link rel=\"canonical\" href=\"https:\/\/buitenpizzaovenkopen.nl\/fr\/pizza-oven-kopen\/zijplateau-groot-voor-beek-pizza-oven\/\" \/>\n<meta property=\"og:locale\" content=\"fr_FR\" \/>\n<meta property=\"og:type\" content=\"article\" \/>\n<meta property=\"og:title\" content=\"Zijplateau groot voor BEEK pizza oven - Buitenpizzaovenkopen.nl\" \/>\n<meta property=\"og:description\" content=\"Ontdek het Zijplateau groot voor BEEK pizza oven van 50x70 cm, speciaal ontworpen voor BEEK Grande &amp; Classico. Perfect voor extra ruimte tijdens het bakken.\" \/>\n<meta property=\"og:url\" content=\"https:\/\/buitenpizzaovenkopen.nl\/fr\/pizza-oven-kopen\/zijplateau-groot-voor-beek-pizza-oven\/\" \/>\n<meta property=\"og:site_name\" content=\"Buitenpizzaovenkopen.nl\" \/>\n<meta property=\"article:modified_time\" content=\"2024-04-23T21:40:34+00:00\" \/>\n<meta property=\"og:image\" content=\"https:\/\/buitenpizzaovenkopen.nl\/wp-content\/uploads\/2021\/01\/799D4C5F-DC19-4776-A61D-B928B9D8B75B-scaled.jpeg\" \/>\n\t<meta property=\"og:image:width\" content=\"1920\" \/>\n\t<meta property=\"og:image:height\" content=\"2560\" \/>\n\t<meta property=\"og:image:type\" content=\"image\/jpeg\" \/>\n<meta name=\"twitter:card\" content=\"summary_large_image\" \/>\n<meta name=\"twitter:label1\" content=\"Dur\u00e9e de lecture estim\u00e9e\" \/>\n\t<meta name=\"twitter:data1\" content=\"2 minutes\" \/>\n<script type=\"application\/ld+json\" class=\"yoast-schema-graph\">{\"@context\":\"https:\\\/\\\/schema.org\",\"@graph\":[{\"@type\":\"WebPage\",\"@id\":\"https:\\\/\\\/buitenpizzaovenkopen.nl\\\/pizza-oven-kopen\\\/zijplateau-groot-voor-beek-pizza-oven\\\/\",\"url\":\"https:\\\/\\\/buitenpizzaovenkopen.nl\\\/pizza-oven-kopen\\\/zijplateau-groot-voor-beek-pizza-oven\\\/\",\"name\":\"Zijplateau groot voor BEEK pizza oven - Buitenpizzaovenkopen.nl\",\"isPartOf\":{\"@id\":\"https:\\\/\\\/buitenpizzaovenkopen.nl\\\/#website\"},\"primaryImageOfPage\":{\"@id\":\"https:\\\/\\\/buitenpizzaovenkopen.nl\\\/pizza-oven-kopen\\\/zijplateau-groot-voor-beek-pizza-oven\\\/#primaryimage\"},\"image\":{\"@id\":\"https:\\\/\\\/buitenpizzaovenkopen.nl\\\/pizza-oven-kopen\\\/zijplateau-groot-voor-beek-pizza-oven\\\/#primaryimage\"},\"thumbnailUrl\":\"https:\\\/\\\/buitenpizzaovenkopen.nl\\\/wp-content\\\/uploads\\\/2021\\\/01\\\/799D4C5F-DC19-4776-A61D-B928B9D8B75B-scaled.jpeg\",\"datePublished\":\"2023-06-08T13:39:18+00:00\",\"dateModified\":\"2024-04-23T21:40:34+00:00\",\"description\":\"Ontdek het Zijplateau groot voor BEEK pizza oven van 50x70 cm, speciaal ontworpen voor BEEK Grande & Classico. Perfect voor extra ruimte tijdens het bakken.\",\"breadcrumb\":{\"@id\":\"https:\\\/\\\/buitenpizzaovenkopen.nl\\\/pizza-oven-kopen\\\/zijplateau-groot-voor-beek-pizza-oven\\\/#breadcrumb\"},\"inLanguage\":\"fr-FR\",\"potentialAction\":[{\"@type\":\"ReadAction\",\"target\":[\"https:\\\/\\\/buitenpizzaovenkopen.nl\\\/pizza-oven-kopen\\\/zijplateau-groot-voor-beek-pizza-oven\\\/\"]}]},{\"@type\":\"ImageObject\",\"inLanguage\":\"fr-FR\",\"@id\":\"https:\\\/\\\/buitenpizzaovenkopen.nl\\\/pizza-oven-kopen\\\/zijplateau-groot-voor-beek-pizza-oven\\\/#primaryimage\",\"url\":\"https:\\\/\\\/buitenpizzaovenkopen.nl\\\/wp-content\\\/uploads\\\/2021\\\/01\\\/799D4C5F-DC19-4776-A61D-B928B9D8B75B-scaled.jpeg\",\"contentUrl\":\"https:\\\/\\\/buitenpizzaovenkopen.nl\\\/wp-content\\\/uploads\\\/2021\\\/01\\\/799D4C5F-DC19-4776-A61D-B928B9D8B75B-scaled.jpeg\",\"width\":1920,\"height\":2560,\"caption\":\"Zijplateau groot voor BEEK pizza oven\"},{\"@type\":\"BreadcrumbList\",\"@id\":\"https:\\\/\\\/buitenpizzaovenkopen.nl\\\/pizza-oven-kopen\\\/zijplateau-groot-voor-beek-pizza-oven\\\/#breadcrumb\",\"itemListElement\":[{\"@type\":\"ListItem\",\"position\":1,\"name\":\"Home\",\"item\":\"https:\\\/\\\/buitenpizzaovenkopen.nl\\\/\"},{\"@type\":\"ListItem\",\"position\":2,\"name\":\"Pizza oven kopen\",\"item\":\"https:\\\/\\\/buitenpizzaovenkopen.nl\\\/pizzaoven-kopen\\\/\"},{\"@type\":\"ListItem\",\"position\":3,\"name\":\"Zijplateau Groot 50cm voor BEEK Grande &amp; Classico Pizza Ovens\"}]},{\"@type\":\"WebSite\",\"@id\":\"https:\\\/\\\/buitenpizzaovenkopen.nl\\\/#website\",\"url\":\"https:\\\/\\\/buitenpizzaovenkopen.nl\\\/\",\"name\":\"Buitenpizzaovenkopen.nl\",\"description\":\"is onderdeel van Casa di Ruscello\",\"publisher\":{\"@id\":\"https:\\\/\\\/buitenpizzaovenkopen.nl\\\/#organization\"},\"potentialAction\":[{\"@type\":\"SearchAction\",\"target\":{\"@type\":\"EntryPoint\",\"urlTemplate\":\"https:\\\/\\\/buitenpizzaovenkopen.nl\\\/?s={search_term_string}\"},\"query-input\":{\"@type\":\"PropertyValueSpecification\",\"valueRequired\":true,\"valueName\":\"search_term_string\"}}],\"inLanguage\":\"fr-FR\"},{\"@type\":\"Organization\",\"@id\":\"https:\\\/\\\/buitenpizzaovenkopen.nl\\\/#organization\",\"name\":\"Casa du Ruscello\",\"url\":\"https:\\\/\\\/buitenpizzaovenkopen.nl\\\/\",\"logo\":{\"@type\":\"ImageObject\",\"inLanguage\":\"fr-FR\",\"@id\":\"https:\\\/\\\/buitenpizzaovenkopen.nl\\\/#\\\/schema\\\/logo\\\/image\\\/\",\"url\":\"https:\\\/\\\/buitenpizzaovenkopen.nl\\\/wp-content\\\/uploads\\\/2020\\\/02\\\/logo.gif\",\"contentUrl\":\"https:\\\/\\\/buitenpizzaovenkopen.nl\\\/wp-content\\\/uploads\\\/2020\\\/02\\\/logo.gif\",\"width\":300,\"height\":305,\"caption\":\"Casa du Ruscello\"},\"image\":{\"@id\":\"https:\\\/\\\/buitenpizzaovenkopen.nl\\\/#\\\/schema\\\/logo\\\/image\\\/\"}}]}<\/script>\n<!-- \/ Yoast SEO plugin. -->","yoast_head_json":{"title":"Grande \u00e9tag\u00e8re lat\u00e9rale pour l&#039;Omble de four \u00e0 pizza - Buitenpizzaovenkopen.nl","description":"D\u00e9couvrez le grand c\u00f4t\u00e9 de l&#039;\u00e9tag\u00e8re pour BEEK four \u00e0 pizza de 50x70 cm, sp\u00e9cialement con\u00e7u pour les Beek Grande &amp; Classico. Parfait pour de l&#039;espace suppl\u00e9mentaire pendant la cuisson.","robots":{"index":"index","follow":"follow","max-snippet":"max-snippet:-1","max-image-preview":"max-image-preview:large","max-video-preview":"max-video-preview:-1"},"canonical":"https:\/\/buitenpizzaovenkopen.nl\/fr\/pizza-oven-kopen\/zijplateau-groot-voor-beek-pizza-oven\/","og_locale":"fr_FR","og_type":"article","og_title":"Zijplateau groot voor BEEK pizza oven - Buitenpizzaovenkopen.nl","og_description":"Ontdek het Zijplateau groot voor BEEK pizza oven van 50x70 cm, speciaal ontworpen voor BEEK Grande & Classico. Perfect voor extra ruimte tijdens het bakken.","og_url":"https:\/\/buitenpizzaovenkopen.nl\/fr\/pizza-oven-kopen\/zijplateau-groot-voor-beek-pizza-oven\/","og_site_name":"Buitenpizzaovenkopen.nl","article_modified_time":"2024-04-23T21:40:34+00:00","og_image":[{"width":1920,"height":2560,"url":"https:\/\/buitenpizzaovenkopen.nl\/wp-content\/uploads\/2021\/01\/799D4C5F-DC19-4776-A61D-B928B9D8B75B-scaled.jpeg","type":"image\/jpeg"}],"twitter_card":"summary_large_image","twitter_misc":{"Dur\u00e9e de lecture estim\u00e9e":"2 minutes"},"schema":{"@context":"https:\/\/schema.org","@graph":[{"@type":"WebPage","@id":"https:\/\/buitenpizzaovenkopen.nl\/pizza-oven-kopen\/zijplateau-groot-voor-beek-pizza-oven\/","url":"https:\/\/buitenpizzaovenkopen.nl\/pizza-oven-kopen\/zijplateau-groot-voor-beek-pizza-oven\/","name":"Grande \u00e9tag\u00e8re lat\u00e9rale pour l&#039;Omble de four \u00e0 pizza - Buitenpizzaovenkopen.nl","isPartOf":{"@id":"https:\/\/buitenpizzaovenkopen.nl\/#website"},"primaryImageOfPage":{"@id":"https:\/\/buitenpizzaovenkopen.nl\/pizza-oven-kopen\/zijplateau-groot-voor-beek-pizza-oven\/#primaryimage"},"image":{"@id":"https:\/\/buitenpizzaovenkopen.nl\/pizza-oven-kopen\/zijplateau-groot-voor-beek-pizza-oven\/#primaryimage"},"thumbnailUrl":"https:\/\/buitenpizzaovenkopen.nl\/wp-content\/uploads\/2021\/01\/799D4C5F-DC19-4776-A61D-B928B9D8B75B-scaled.jpeg","datePublished":"2023-06-08T13:39:18+00:00","dateModified":"2024-04-23T21:40:34+00:00","description":"D\u00e9couvrez le grand c\u00f4t\u00e9 de l&#039;\u00e9tag\u00e8re pour BEEK four \u00e0 pizza de 50x70 cm, sp\u00e9cialement con\u00e7u pour les Beek Grande &amp; Classico. Parfait pour de l&#039;espace suppl\u00e9mentaire pendant la cuisson.","breadcrumb":{"@id":"https:\/\/buitenpizzaovenkopen.nl\/pizza-oven-kopen\/zijplateau-groot-voor-beek-pizza-oven\/#breadcrumb"},"inLanguage":"fr-FR","potentialAction":[{"@type":"ReadAction","target":["https:\/\/buitenpizzaovenkopen.nl\/pizza-oven-kopen\/zijplateau-groot-voor-beek-pizza-oven\/"]}]},{"@type":"ImageObject","inLanguage":"fr-FR","@id":"https:\/\/buitenpizzaovenkopen.nl\/pizza-oven-kopen\/zijplateau-groot-voor-beek-pizza-oven\/#primaryimage","url":"https:\/\/buitenpizzaovenkopen.nl\/wp-content\/uploads\/2021\/01\/799D4C5F-DC19-4776-A61D-B928B9D8B75B-scaled.jpeg","contentUrl":"https:\/\/buitenpizzaovenkopen.nl\/wp-content\/uploads\/2021\/01\/799D4C5F-DC19-4776-A61D-B928B9D8B75B-scaled.jpeg","width":1920,"height":2560,"caption":"Zijplateau groot voor BEEK pizza oven"},{"@type":"BreadcrumbList","@id":"https:\/\/buitenpizzaovenkopen.nl\/pizza-oven-kopen\/zijplateau-groot-voor-beek-pizza-oven\/#breadcrumb","itemListElement":[{"@type":"ListItem","position":1,"name":"Home","item":"https:\/\/buitenpizzaovenkopen.nl\/"},{"@type":"ListItem","position":2,"name":"Pizza oven kopen","item":"https:\/\/buitenpizzaovenkopen.nl\/pizzaoven-kopen\/"},{"@type":"ListItem","position":3,"name":"Zijplateau Groot 50cm voor BEEK Grande &amp; Classico Pizza Ovens"}]},{"@type":"WebSite","@id":"https:\/\/buitenpizzaovenkopen.nl\/#website","url":"https:\/\/buitenpizzaovenkopen.nl\/","name":"Buitenpizzaovenkopen.nl","description":"fait partie de Casa Di Ruscello","publisher":{"@id":"https:\/\/buitenpizzaovenkopen.nl\/#organization"},"potentialAction":[{"@type":"SearchAction","target":{"@type":"EntryPoint","urlTemplate":"https:\/\/buitenpizzaovenkopen.nl\/?s={search_term_string}"},"query-input":{"@type":"PropertyValueSpecification","valueRequired":true,"valueName":"search_term_string"}}],"inLanguage":"fr-FR"},{"@type":"Organization","@id":"https:\/\/buitenpizzaovenkopen.nl\/#organization","name":"Casa du Ruscello","url":"https:\/\/buitenpizzaovenkopen.nl\/","logo":{"@type":"ImageObject","inLanguage":"fr-FR","@id":"https:\/\/buitenpizzaovenkopen.nl\/#\/schema\/logo\/image\/","url":"https:\/\/buitenpizzaovenkopen.nl\/wp-content\/uploads\/2020\/02\/logo.gif","contentUrl":"https:\/\/buitenpizzaovenkopen.nl\/wp-content\/uploads\/2020\/02\/logo.gif","width":300,"height":305,"caption":"Casa du Ruscello"},"image":{"@id":"https:\/\/buitenpizzaovenkopen.nl\/#\/schema\/logo\/image\/"}}]}},"_links":{"self":[{"href":"https:\/\/buitenpizzaovenkopen.nl\/fr\/wp-json\/wp\/v2\/product\/7564","targetHints":{"allow":["GET"]}}],"collection":[{"href":"https:\/\/buitenpizzaovenkopen.nl\/fr\/wp-json\/wp\/v2\/product"}],"about":[{"href":"https:\/\/buitenpizzaovenkopen.nl\/fr\/wp-json\/wp\/v2\/types\/product"}],"wp:featuredmedia":[{"embeddable":true,"href":"https:\/\/buitenpizzaovenkopen.nl\/fr\/wp-json\/wp\/v2\/media\/6726"}],"wp:attachment":[{"href":"https:\/\/buitenpizzaovenkopen.nl\/fr\/wp-json\/wp\/v2\/media?parent=7564"}],"wp:term":[{"taxonomy":"product_brand","embeddable":true,"href":"https:\/\/buitenpizzaovenkopen.nl\/fr\/wp-json\/wp\/v2\/product_brand?post=7564"},{"taxonomy":"product_cat","embeddable":true,"href":"https:\/\/buitenpizzaovenkopen.nl\/fr\/wp-json\/wp\/v2\/product_cat?post=7564"},{"taxonomy":"product_tag","embeddable":true,"href":"https:\/\/buitenpizzaovenkopen.nl\/fr\/wp-json\/wp\/v2\/product_tag?post=7564"}],"curies":[{"name":"wp","href":"https:\/\/api.w.org\/{rel}","templated":true}]}}