{"id":7553,"date":"2023-06-08T15:21:26","date_gmt":"2023-06-08T13:21:26","guid":{"rendered":"https:\/\/buitenpizzaovenkopen.nl\/?post_type=product&#038;p=7553"},"modified":"2024-11-18T08:25:12","modified_gmt":"2024-11-18T07:25:12","slug":"zijplateau-voor-beek-pizza-ovens","status":"publish","type":"product","link":"https:\/\/buitenpizzaovenkopen.nl\/fr\/pizza-oven-kopen\/zijplateau-voor-beek-pizza-ovens\/","title":{"rendered":"Zijplateau klein voor BEEK Pizza Oven Grande en Classico origineel onderstel"},"content":{"rendered":"<p>La tablette lat\u00e9rale pour BEEK four \u00e0 pizza est un outil essentiel pour tous ceux qui veulent prendre leur cuisson pizza exp\u00e9rience au niveau suivant. Sp\u00e9cialement con\u00e7u pour les BEEK Grande et Classico mod\u00e8les, de ce c\u00f4t\u00e9 de l&#039;\u00e9tag\u00e8re offre plus d&#039;espace et de commodit\u00e9 lors de la cuisson.<\/p>\n<p>Cette plate-forme lat\u00e9rale, mesurant 25 x 70 cm, est fait de 1,5 mm d&#039;\u00e9paisseur en acier et est compl\u00e8tement fini avec un solide rev\u00eatement en poudre noir mat. Cette finition offre non seulement un design \u00e9pur\u00e9 et look \u00e9l\u00e9gant pour correspondre \u00e0 la conception de votre BEEK, four \u00e0 pizza, mais offre \u00e9galement une haute r\u00e9sistance aux intemp\u00e9ries, rendant le plateau id\u00e9al pour une utilisation en ext\u00e9rieur.<\/p>\n<p>La plate-forme est con\u00e7ue pour \u00eatre facile \u00e0 installer sur le c\u00f4t\u00e9 de la base d&#039;origine de la four. Il fournit un support stable et accessible \u00e0 tous pour vos pizzas, des accessoires tels que des pizzas pelles, godets Rotatifs et des pinceaux. Cela cr\u00e9e un ensemble organis\u00e9 de cuisson environnement o\u00f9 tout est \u00e0 port\u00e9e de main, contribuant ainsi \u00e0 une meilleure exp\u00e9rience de la cuisine.<\/p>\n<p>L&#039;ajout d&#039;un c\u00f4t\u00e9 tablette n&#039;est pas seulement pratique, mais \u00e9galement pour augmenter la fonctionnalit\u00e9 de votre cuisine de la station. Il fournit un espace de travail suppl\u00e9mentaire pour la pr\u00e9paration des ingr\u00e9dients, en pla\u00e7ant des outils, ou encore le stockage temporaire lors de la cuisson. Cela rend la cuisson des pizzas plus facile et plus amusant, et permet de maintenir un lieu de travail propre et bien organis\u00e9.<\/p>\n<p>En outre, l&#039;installation de la tablette lat\u00e9rale est simple et peut \u00eatre rapidement mont\u00e9 ou d\u00e9mont\u00e9 sans outil, il est \u00e9galement id\u00e9al pour ceux qui prennent leur four \u00e0 pizza \u00e0 des \u00e9v\u00e9nements ou \u00e0 d&#039;autres endroits. Cela rend la tablette lat\u00e9rale pour BEEK, fours \u00e0 pizza, un accessoire indispensable pour usage domestique et pour les professionnels de param\u00e8tres tels que les camions de nourriture, ou de la cuisine ext\u00e9rieure.<\/p>\n<p>Investir dans le c\u00f4t\u00e9 de l&#039;\u00e9tag\u00e8re pour l&#039;Omble de four \u00e0 pizza \u00e0 am\u00e9liorer consid\u00e9rablement l&#039;efficacit\u00e9 et le plaisir de la cuisson pizza, et de transformer votre four \u00e0 pizza dans un appareil polyvalent de cuisson solution qui donne \u00e0 la fois le style et la fonctionnalit\u00e9 de vos aventures culinaires.<\/p>\n<p>N'h\u00e9sitez pas \u00e0 nous <a href=\"https:\/\/buitenpizzaovenkopen.nl\/fr\/contact-buitenpizzaovenkopen\/\">contacter<\/a> en toute libert\u00e9!<\/p>","protected":false},"excerpt":{"rendered":"<p>Petit c\u00f4t\u00e9 plate-forme 25 x 70 cm pour origine la Grande et Classico ch\u00e2ssis.<\/p>\n<p>C\u00f4t\u00e9 plate-forme est faite de 1,5 mm en acier et enti\u00e8rement recouvert de poudre dans la couleur Noir Mat.<\/p>\n<p>C\u00f4t\u00e9 plateau est id\u00e9al pour la pose de pizza scoop Rotary pelle et brosse.<\/p>","protected":false},"featured_media":6709,"template":"","meta":{"_monsterinsights_skip_tracking":false,"_monsterinsights_sitenote_active":false,"_monsterinsights_sitenote_note":"","_monsterinsights_sitenote_category":0,"site-sidebar-layout":"default","site-content-layout":"default","ast-site-content-layout":"default","site-content-style":"default","site-sidebar-style":"default","ast-global-header-display":"","ast-banner-title-visibility":"","ast-main-header-display":"","ast-hfb-above-header-display":"","ast-hfb-below-header-display":"","ast-hfb-mobile-header-display":"","site-post-title":"","ast-breadcrumbs-content":"","ast-featured-img":"","footer-sml-layout":"","ast-disable-related-posts":"","theme-transparent-header-meta":"default","adv-header-id-meta":"","stick-header-meta":"","header-above-stick-meta":"","header-main-stick-meta":"","header-below-stick-meta":"","astra-migrate-meta-layouts":"set","ast-page-background-enabled":"default","ast-page-background-meta":{"desktop":{"background-color":"","background-image":"","background-repeat":"repeat","background-position":"center center","background-size":"auto","background-attachment":"scroll","background-type":"","background-media":"","overlay-type":"","overlay-color":"","overlay-opacity":"","overlay-gradient":""},"tablet":{"background-color":"","background-image":"","background-repeat":"repeat","background-position":"center center","background-size":"auto","background-attachment":"scroll","background-type":"","background-media":"","overlay-type":"","overlay-color":"","overlay-opacity":"","overlay-gradient":""},"mobile":{"background-color":"","background-image":"","background-repeat":"repeat","background-position":"center center","background-size":"auto","background-attachment":"scroll","background-type":"","background-media":"","overlay-type":"","overlay-color":"","overlay-opacity":"","overlay-gradient":""}},"ast-content-background-meta":{"desktop":{"background-color":"var(--ast-global-color-5)","background-image":"","background-repeat":"repeat","background-position":"center center","background-size":"auto","background-attachment":"scroll","background-type":"","background-media":"","overlay-type":"","overlay-color":"","overlay-opacity":"","overlay-gradient":""},"tablet":{"background-color":"var(--ast-global-color-5)","background-image":"","background-repeat":"repeat","background-position":"center center","background-size":"auto","background-attachment":"scroll","background-type":"","background-media":"","overlay-type":"","overlay-color":"","overlay-opacity":"","overlay-gradient":""},"mobile":{"background-color":"var(--ast-global-color-5)","background-image":"","background-repeat":"repeat","background-position":"center center","background-size":"auto","background-attachment":"scroll","background-type":"","background-media":"","overlay-type":"","overlay-color":"","overlay-opacity":"","overlay-gradient":""}}},"product_brand":[],"product_cat":[110],"product_tag":[],"class_list":{"0":"post-7553","1":"product","2":"type-product","3":"status-publish","4":"has-post-thumbnail","6":"product_cat-onderstellen","7":"product_shipping_class-verzendklasse-0","8":"desktop-align-left","9":"tablet-align-left","10":"mobile-align-left","12":"first","13":"instock","14":"taxable","15":"shipping-taxable","16":"purchasable","17":"product-type-simple"},"yoast_head":"<!-- This site is optimized with the Yoast SEO plugin v27.3 - https:\/\/yoast.com\/product\/yoast-seo-wordpress\/ -->\n<title>Zijplateau klein voor BEEK Pizza Oven Grande en Classico origineel onderstel Buitenpizzaovenkopen.nl<\/title>\n<meta name=\"description\" content=\"Verhoog uw kookgemak met het Zijplateau voor BEEK pizza oven Grande en Classico. Ideaal voor het organiseren van uw pizza gereedschappen en meer!\" \/>\n<meta name=\"robots\" content=\"index, follow, max-snippet:-1, max-image-preview:large, max-video-preview:-1\" \/>\n<link rel=\"canonical\" href=\"https:\/\/buitenpizzaovenkopen.nl\/fr\/pizza-oven-kopen\/zijplateau-voor-beek-pizza-ovens\/\" \/>\n<meta property=\"og:locale\" content=\"fr_FR\" \/>\n<meta property=\"og:type\" content=\"article\" \/>\n<meta property=\"og:title\" content=\"Zijplateau klein voor BEEK Pizza Oven Grande en Classico origineel onderstel Buitenpizzaovenkopen.nl\" \/>\n<meta property=\"og:description\" content=\"Verhoog uw kookgemak met het Zijplateau voor BEEK pizza oven Grande en Classico. Ideaal voor het organiseren van uw pizza gereedschappen en meer!\" \/>\n<meta property=\"og:url\" content=\"https:\/\/buitenpizzaovenkopen.nl\/fr\/pizza-oven-kopen\/zijplateau-voor-beek-pizza-ovens\/\" \/>\n<meta property=\"og:site_name\" content=\"Buitenpizzaovenkopen.nl\" \/>\n<meta property=\"article:modified_time\" content=\"2024-11-18T07:25:12+00:00\" \/>\n<meta property=\"og:image\" content=\"https:\/\/buitenpizzaovenkopen.nl\/wp-content\/uploads\/2022\/02\/FE3EFD9E-41A1-4593-9889-73816DE57EF4-scaled.jpeg\" \/>\n\t<meta property=\"og:image:width\" content=\"1920\" \/>\n\t<meta property=\"og:image:height\" content=\"2560\" \/>\n\t<meta property=\"og:image:type\" content=\"image\/jpeg\" \/>\n<meta name=\"twitter:card\" content=\"summary_large_image\" \/>\n<meta name=\"twitter:label1\" content=\"Dur\u00e9e de lecture estim\u00e9e\" \/>\n\t<meta name=\"twitter:data1\" content=\"2 minutes\" \/>\n<script type=\"application\/ld+json\" class=\"yoast-schema-graph\">{\"@context\":\"https:\\\/\\\/schema.org\",\"@graph\":[{\"@type\":\"WebPage\",\"@id\":\"https:\\\/\\\/buitenpizzaovenkopen.nl\\\/pizza-oven-kopen\\\/zijplateau-voor-beek-pizza-ovens\\\/\",\"url\":\"https:\\\/\\\/buitenpizzaovenkopen.nl\\\/pizza-oven-kopen\\\/zijplateau-voor-beek-pizza-ovens\\\/\",\"name\":\"Zijplateau klein voor BEEK Pizza Oven Grande en Classico origineel onderstel Buitenpizzaovenkopen.nl\",\"isPartOf\":{\"@id\":\"https:\\\/\\\/buitenpizzaovenkopen.nl\\\/#website\"},\"primaryImageOfPage\":{\"@id\":\"https:\\\/\\\/buitenpizzaovenkopen.nl\\\/pizza-oven-kopen\\\/zijplateau-voor-beek-pizza-ovens\\\/#primaryimage\"},\"image\":{\"@id\":\"https:\\\/\\\/buitenpizzaovenkopen.nl\\\/pizza-oven-kopen\\\/zijplateau-voor-beek-pizza-ovens\\\/#primaryimage\"},\"thumbnailUrl\":\"https:\\\/\\\/buitenpizzaovenkopen.nl\\\/wp-content\\\/uploads\\\/2022\\\/02\\\/FE3EFD9E-41A1-4593-9889-73816DE57EF4-scaled.jpeg\",\"datePublished\":\"2023-06-08T13:21:26+00:00\",\"dateModified\":\"2024-11-18T07:25:12+00:00\",\"description\":\"Verhoog uw kookgemak met het Zijplateau voor BEEK pizza oven Grande en Classico. Ideaal voor het organiseren van uw pizza gereedschappen en meer!\",\"breadcrumb\":{\"@id\":\"https:\\\/\\\/buitenpizzaovenkopen.nl\\\/pizza-oven-kopen\\\/zijplateau-voor-beek-pizza-ovens\\\/#breadcrumb\"},\"inLanguage\":\"fr-FR\",\"potentialAction\":[{\"@type\":\"ReadAction\",\"target\":[\"https:\\\/\\\/buitenpizzaovenkopen.nl\\\/pizza-oven-kopen\\\/zijplateau-voor-beek-pizza-ovens\\\/\"]}]},{\"@type\":\"ImageObject\",\"inLanguage\":\"fr-FR\",\"@id\":\"https:\\\/\\\/buitenpizzaovenkopen.nl\\\/pizza-oven-kopen\\\/zijplateau-voor-beek-pizza-ovens\\\/#primaryimage\",\"url\":\"https:\\\/\\\/buitenpizzaovenkopen.nl\\\/wp-content\\\/uploads\\\/2022\\\/02\\\/FE3EFD9E-41A1-4593-9889-73816DE57EF4-scaled.jpeg\",\"contentUrl\":\"https:\\\/\\\/buitenpizzaovenkopen.nl\\\/wp-content\\\/uploads\\\/2022\\\/02\\\/FE3EFD9E-41A1-4593-9889-73816DE57EF4-scaled.jpeg\",\"width\":1920,\"height\":2560,\"caption\":\"Zijplateau voor BEEK pizza oven - 3-delige pizza scheppen set\"},{\"@type\":\"BreadcrumbList\",\"@id\":\"https:\\\/\\\/buitenpizzaovenkopen.nl\\\/pizza-oven-kopen\\\/zijplateau-voor-beek-pizza-ovens\\\/#breadcrumb\",\"itemListElement\":[{\"@type\":\"ListItem\",\"position\":1,\"name\":\"Home\",\"item\":\"https:\\\/\\\/buitenpizzaovenkopen.nl\\\/\"},{\"@type\":\"ListItem\",\"position\":2,\"name\":\"Pizza oven kopen\",\"item\":\"https:\\\/\\\/buitenpizzaovenkopen.nl\\\/pizzaoven-kopen\\\/\"},{\"@type\":\"ListItem\",\"position\":3,\"name\":\"Zijplateau klein voor BEEK Pizza Oven Grande en Classico origineel onderstel\"}]},{\"@type\":\"WebSite\",\"@id\":\"https:\\\/\\\/buitenpizzaovenkopen.nl\\\/#website\",\"url\":\"https:\\\/\\\/buitenpizzaovenkopen.nl\\\/\",\"name\":\"Buitenpizzaovenkopen.nl\",\"description\":\"is onderdeel van Casa di Ruscello\",\"publisher\":{\"@id\":\"https:\\\/\\\/buitenpizzaovenkopen.nl\\\/#organization\"},\"potentialAction\":[{\"@type\":\"SearchAction\",\"target\":{\"@type\":\"EntryPoint\",\"urlTemplate\":\"https:\\\/\\\/buitenpizzaovenkopen.nl\\\/?s={search_term_string}\"},\"query-input\":{\"@type\":\"PropertyValueSpecification\",\"valueRequired\":true,\"valueName\":\"search_term_string\"}}],\"inLanguage\":\"fr-FR\"},{\"@type\":\"Organization\",\"@id\":\"https:\\\/\\\/buitenpizzaovenkopen.nl\\\/#organization\",\"name\":\"Casa du Ruscello\",\"url\":\"https:\\\/\\\/buitenpizzaovenkopen.nl\\\/\",\"logo\":{\"@type\":\"ImageObject\",\"inLanguage\":\"fr-FR\",\"@id\":\"https:\\\/\\\/buitenpizzaovenkopen.nl\\\/#\\\/schema\\\/logo\\\/image\\\/\",\"url\":\"https:\\\/\\\/buitenpizzaovenkopen.nl\\\/wp-content\\\/uploads\\\/2020\\\/02\\\/logo.gif\",\"contentUrl\":\"https:\\\/\\\/buitenpizzaovenkopen.nl\\\/wp-content\\\/uploads\\\/2020\\\/02\\\/logo.gif\",\"width\":300,\"height\":305,\"caption\":\"Casa du Ruscello\"},\"image\":{\"@id\":\"https:\\\/\\\/buitenpizzaovenkopen.nl\\\/#\\\/schema\\\/logo\\\/image\\\/\"}}]}<\/script>\n<!-- \/ Yoast SEO plugin. -->","yoast_head_json":{"title":"Zijplateau klein voor BEEK Pizza Oven Grande en Classico origineel onderstel Buitenpizzaovenkopen.nl","description":"Augmenter votre cuisine commodit\u00e9 avec la tablette lat\u00e9rale pour BEEK four \u00e0 pizza Grande et Classico. Id\u00e9al pour l&#039;organisation de votre pizza, et les outils de!","robots":{"index":"index","follow":"follow","max-snippet":"max-snippet:-1","max-image-preview":"max-image-preview:large","max-video-preview":"max-video-preview:-1"},"canonical":"https:\/\/buitenpizzaovenkopen.nl\/fr\/pizza-oven-kopen\/zijplateau-voor-beek-pizza-ovens\/","og_locale":"fr_FR","og_type":"article","og_title":"Zijplateau klein voor BEEK Pizza Oven Grande en Classico origineel onderstel Buitenpizzaovenkopen.nl","og_description":"Verhoog uw kookgemak met het Zijplateau voor BEEK pizza oven Grande en Classico. Ideaal voor het organiseren van uw pizza gereedschappen en meer!","og_url":"https:\/\/buitenpizzaovenkopen.nl\/fr\/pizza-oven-kopen\/zijplateau-voor-beek-pizza-ovens\/","og_site_name":"Buitenpizzaovenkopen.nl","article_modified_time":"2024-11-18T07:25:12+00:00","og_image":[{"width":1920,"height":2560,"url":"https:\/\/buitenpizzaovenkopen.nl\/wp-content\/uploads\/2022\/02\/FE3EFD9E-41A1-4593-9889-73816DE57EF4-scaled.jpeg","type":"image\/jpeg"}],"twitter_card":"summary_large_image","twitter_misc":{"Dur\u00e9e de lecture estim\u00e9e":"2 minutes"},"schema":{"@context":"https:\/\/schema.org","@graph":[{"@type":"WebPage","@id":"https:\/\/buitenpizzaovenkopen.nl\/pizza-oven-kopen\/zijplateau-voor-beek-pizza-ovens\/","url":"https:\/\/buitenpizzaovenkopen.nl\/pizza-oven-kopen\/zijplateau-voor-beek-pizza-ovens\/","name":"Zijplateau klein voor BEEK Pizza Oven Grande en Classico origineel onderstel Buitenpizzaovenkopen.nl","isPartOf":{"@id":"https:\/\/buitenpizzaovenkopen.nl\/#website"},"primaryImageOfPage":{"@id":"https:\/\/buitenpizzaovenkopen.nl\/pizza-oven-kopen\/zijplateau-voor-beek-pizza-ovens\/#primaryimage"},"image":{"@id":"https:\/\/buitenpizzaovenkopen.nl\/pizza-oven-kopen\/zijplateau-voor-beek-pizza-ovens\/#primaryimage"},"thumbnailUrl":"https:\/\/buitenpizzaovenkopen.nl\/wp-content\/uploads\/2022\/02\/FE3EFD9E-41A1-4593-9889-73816DE57EF4-scaled.jpeg","datePublished":"2023-06-08T13:21:26+00:00","dateModified":"2024-11-18T07:25:12+00:00","description":"Augmenter votre cuisine commodit\u00e9 avec la tablette lat\u00e9rale pour BEEK four \u00e0 pizza Grande et Classico. Id\u00e9al pour l&#039;organisation de votre pizza, et les outils de!","breadcrumb":{"@id":"https:\/\/buitenpizzaovenkopen.nl\/pizza-oven-kopen\/zijplateau-voor-beek-pizza-ovens\/#breadcrumb"},"inLanguage":"fr-FR","potentialAction":[{"@type":"ReadAction","target":["https:\/\/buitenpizzaovenkopen.nl\/pizza-oven-kopen\/zijplateau-voor-beek-pizza-ovens\/"]}]},{"@type":"ImageObject","inLanguage":"fr-FR","@id":"https:\/\/buitenpizzaovenkopen.nl\/pizza-oven-kopen\/zijplateau-voor-beek-pizza-ovens\/#primaryimage","url":"https:\/\/buitenpizzaovenkopen.nl\/wp-content\/uploads\/2022\/02\/FE3EFD9E-41A1-4593-9889-73816DE57EF4-scaled.jpeg","contentUrl":"https:\/\/buitenpizzaovenkopen.nl\/wp-content\/uploads\/2022\/02\/FE3EFD9E-41A1-4593-9889-73816DE57EF4-scaled.jpeg","width":1920,"height":2560,"caption":"Zijplateau voor BEEK pizza oven - 3-delige pizza scheppen set"},{"@type":"BreadcrumbList","@id":"https:\/\/buitenpizzaovenkopen.nl\/pizza-oven-kopen\/zijplateau-voor-beek-pizza-ovens\/#breadcrumb","itemListElement":[{"@type":"ListItem","position":1,"name":"Home","item":"https:\/\/buitenpizzaovenkopen.nl\/"},{"@type":"ListItem","position":2,"name":"Pizza oven kopen","item":"https:\/\/buitenpizzaovenkopen.nl\/pizzaoven-kopen\/"},{"@type":"ListItem","position":3,"name":"Zijplateau klein voor BEEK Pizza Oven Grande en Classico origineel onderstel"}]},{"@type":"WebSite","@id":"https:\/\/buitenpizzaovenkopen.nl\/#website","url":"https:\/\/buitenpizzaovenkopen.nl\/","name":"Buitenpizzaovenkopen.nl","description":"fait partie de Casa Di Ruscello","publisher":{"@id":"https:\/\/buitenpizzaovenkopen.nl\/#organization"},"potentialAction":[{"@type":"SearchAction","target":{"@type":"EntryPoint","urlTemplate":"https:\/\/buitenpizzaovenkopen.nl\/?s={search_term_string}"},"query-input":{"@type":"PropertyValueSpecification","valueRequired":true,"valueName":"search_term_string"}}],"inLanguage":"fr-FR"},{"@type":"Organization","@id":"https:\/\/buitenpizzaovenkopen.nl\/#organization","name":"Casa du Ruscello","url":"https:\/\/buitenpizzaovenkopen.nl\/","logo":{"@type":"ImageObject","inLanguage":"fr-FR","@id":"https:\/\/buitenpizzaovenkopen.nl\/#\/schema\/logo\/image\/","url":"https:\/\/buitenpizzaovenkopen.nl\/wp-content\/uploads\/2020\/02\/logo.gif","contentUrl":"https:\/\/buitenpizzaovenkopen.nl\/wp-content\/uploads\/2020\/02\/logo.gif","width":300,"height":305,"caption":"Casa du Ruscello"},"image":{"@id":"https:\/\/buitenpizzaovenkopen.nl\/#\/schema\/logo\/image\/"}}]}},"_links":{"self":[{"href":"https:\/\/buitenpizzaovenkopen.nl\/fr\/wp-json\/wp\/v2\/product\/7553","targetHints":{"allow":["GET"]}}],"collection":[{"href":"https:\/\/buitenpizzaovenkopen.nl\/fr\/wp-json\/wp\/v2\/product"}],"about":[{"href":"https:\/\/buitenpizzaovenkopen.nl\/fr\/wp-json\/wp\/v2\/types\/product"}],"wp:featuredmedia":[{"embeddable":true,"href":"https:\/\/buitenpizzaovenkopen.nl\/fr\/wp-json\/wp\/v2\/media\/6709"}],"wp:attachment":[{"href":"https:\/\/buitenpizzaovenkopen.nl\/fr\/wp-json\/wp\/v2\/media?parent=7553"}],"wp:term":[{"taxonomy":"product_brand","embeddable":true,"href":"https:\/\/buitenpizzaovenkopen.nl\/fr\/wp-json\/wp\/v2\/product_brand?post=7553"},{"taxonomy":"product_cat","embeddable":true,"href":"https:\/\/buitenpizzaovenkopen.nl\/fr\/wp-json\/wp\/v2\/product_cat?post=7553"},{"taxonomy":"product_tag","embeddable":true,"href":"https:\/\/buitenpizzaovenkopen.nl\/fr\/wp-json\/wp\/v2\/product_tag?post=7553"}],"curies":[{"name":"wp","href":"https:\/\/api.w.org\/{rel}","templated":true}]}}