{"id":7529,"date":"2023-06-05T20:30:43","date_gmt":"2023-06-05T18:30:43","guid":{"rendered":"https:\/\/buitenpizzaovenkopen.nl\/?post_type=product&#038;p=7529"},"modified":"2024-06-06T22:52:48","modified_gmt":"2024-06-06T20:52:48","slug":"beek-corten-90-pizza-oven-cortenstaal-met-extra-brede-bakvloer","status":"publish","type":"product","link":"https:\/\/buitenpizzaovenkopen.nl\/fr\/pizza-oven-kopen\/beek-corten-90-pizza-oven-cortenstaal-met-extra-brede-bakvloer\/","title":{"rendered":"BEEK Corten 90 four \u00e0 pizza acier Corten avec extra large de cuisson \u00e9tage"},"content":{"rendered":"<p>De BEEK Cortenstaal 90 pizzaoven is een middel grote oven van <a href=\"https:\/\/nl.wikipedia.org\/wiki\/Cortenstaal\" target=\"_blank\" rel=\"noopener\">Acier Corten<\/a> en RVS waar 1,2,3 tot 4 pizza\u2019s tegelijk in kunnen worden afgebakken. De oven heeft een extra brede bakvloer van 800 mm breed en 600 mm diep. Hij weegt ongeveer 85 kg, waardoor deze oven nog steeds ontzettend mobiel is.<\/p>\n<p>De nieuwste BEEK Corten 90 heeft een down force air circulatie en<br \/>\nEen regelbare inlaat waardoor de oven prachtig brand met gesloten deur.<br \/>\nIs dus voorzien van alle opties.<br \/>\nAvec ce grand four, vous pouvez faire cuire de d\u00e9licieuses pizzas pour votre famille ou vos amis, mais est \u00e9galement adapt\u00e9 pour les grandes familles, les grands groupes, de la restauration et de l&#039;alimentation du camion.<\/p>\n<p>Le four \u00e0 pizza BEEK Corten 90 est enti\u00e8rement isol\u00e9 et poss\u00e8de une porte d'acc\u00e8s extra-large avec une belle hauteur, vous permettant de cuire de d\u00e9licieuses pizzas, mais vous pouvez \u00e9galement pr\u00e9parer d'autres plats tels que des plats de viande, du poisson, du pain, etc.<br \/>\nHet is een echte alleskunner!<br \/>\nIl dispose \u00e9galement d'une chemin\u00e9e amovible, d'un thermom\u00e8tre CEWAL int\u00e9gr\u00e9 en provenance d'Italie et d'un sol en chamotte lisse. Le four fonctionne au bois et atteint la meilleure chaleur avec du bois sec, tel que le bouleau, le fr\u00eane, le h\u00eatre, le ch\u00eane ou le bois de fruitier.<\/p>\n<p>Il est livr\u00e9 en standard avec une pelle \u00e0 pizza italienne afin que vous puissiez commencer \u00e0 cuire les pizzas les plus d\u00e9licieuses imm\u00e9diatement.<\/p>\n<p>N'h\u00e9sitez pas \u00e0 nous <a href=\"https:\/\/buitenpizzaovenkopen.nl\/fr\/contact-buitenpizzaovenkopen\/\">contacter<\/a> en toute libert\u00e9!<\/p>\n<h4>Propri\u00e9t\u00e9s de l'acier corten:<\/h4>\n<ul>\n<li>Tr\u00e8s fort, r\u00e9sistant \u00e0 l'usure et donc tr\u00e8s durable.<\/li>\n<li>Design propre et intemporel.<\/li>\n<li>Mat\u00e9riau r\u00e9sistant aux intemp\u00e9ries et durable.<\/li>\n<li>Apparence chaude et naturelle.<\/li>\n<li>Entretien r\u00e9duit.<\/li>\n<\/ul>\n<p><strong>Sp\u00e9cifications techniques:\u00a0<\/strong><\/p>\n<p><strong>Le temps d&#039;\u00e9chauffement:<\/strong> De 15 \u00e0 40 minutes<br \/>\n<strong>Temp\u00e9rature maximale:<\/strong> 500C<br \/>\n<strong>Vitesse de cuisson:<\/strong> 90 Secondes<br \/>\n<strong>Capacit\u00e9:<\/strong> Jusqu'\u00e0 4 pizzas ou autres plats<br \/>\n<strong>Carburant recommand\u00e9:<\/strong> bouleau \/ bois de fr\u00eane et \/ ou des feuillus comme le h\u00eatre, le ch\u00eane, le bois de pommier etc.<br \/>\n<strong>La cuisson de la section:<\/strong> 800x600mm, extra large de cuisson \u00e9tage<br \/>\n<b>Dimension ext\u00e9rieure<\/b>: 92 cm de large et 79 cm de profondeur<br \/>\n<strong>Contient:<\/strong> Four \u00e0 Pizza, de porte en acier inoxydable de 2 mm d&#039;\u00e9paisseur!, schoorsteen, thermom\u00e8tre merk Cewal (italiaans), les CARAVANES vuurscherm\/ chambre de combustion, pizzaschep merk Falci<br \/>\n<strong>Drain:<\/strong> 150mm<br \/>\n<strong>Garantie:<\/strong> 1 an \u00e0 compter de la date d&#039;achat<br \/>\n<strong>Couleur:<\/strong> acier corten avec acier inoxydable<\/p>\n<p>Jetez un \u0153il sur le petit fr\u00e8re, le BEEK Corten 70 <a href=\"https:\/\/buitenpizzaovenkopen.nl\/fr\/pizza-oven-kopen\/beek-corten-70-pizza-oven-inclusief-falci-pizzaschep\/\">https:\/\/buitenpizzaovenkopen.nl\/pizza-oven-kopen\/beek-corten-70-pizza-oven-inclusief-falci-pizzaschep\/<\/a><\/p>\n<p>&nbsp;<\/p>","protected":false},"excerpt":{"rendered":"<p>Le four \u00e0 pizza BEEK Corten 90 est un four de taille moyenne en acier Corten et en acier inoxydable o\u00f9 1, 2, 3 ou 4 pizzas peuvent \u00eatre cuites simultan\u00e9ment. Le four a une surface de cuisson extra-large de 800 mm de large et 600 mm de profondeur. Il p\u00e8se environ 85 kg, ce qui rend ce four toujours incroyablement mobile.<br \/>\nAvec ce grand four, vous pouvez faire cuire de d\u00e9licieuses pizzas pour votre famille ou vos amis, mais est \u00e9galement adapt\u00e9 pour les grandes familles, les grands groupes, de la restauration et de l&#039;alimentation du camion.<\/p>\n<p>Le BEEK Corten 90 est enti\u00e8rement isol\u00e9 et poss\u00e8de une porte d'acc\u00e8s extra-large et une belle hauteur, vous permettant de cuire de d\u00e9licieuses pizzas mais aussi d'autres plats tels que des plats de viande, du poisson, du pain, etc.<br \/>\nC&#039;est un tout-rond!<br \/>\nIl dispose \u00e9galement d'une chemin\u00e9e amovible, d'un thermom\u00e8tre CEWAL int\u00e9gr\u00e9 en provenance d'Italie et d'un sol en chamotte lisse. Le four fonctionne au bois et atteint la meilleure chaleur avec du bois sec, tel que le bouleau, le fr\u00eane, le h\u00eatre, le ch\u00eane ou le bois de fruitier.<\/p>\n<p>Est livr\u00e9 en standard avec une pizza italienne scoop de la Falci de la marque de sorte que vous pouvez imm\u00e9diatement commencer la cuisson les plus savoureuses pizzas<\/p>\n<h4>Propri\u00e9t\u00e9s de l'acier corten:<\/h4>\n<ul>\n<li>Tr\u00e8s fort, r\u00e9sistant \u00e0 l'usure et donc tr\u00e8s durable.<\/li>\n<li>Design propre et intemporel.<\/li>\n<li>Mat\u00e9riau r\u00e9sistant aux intemp\u00e9ries et durable.<\/li>\n<li>Apparence chaude et naturelle.<\/li>\n<li>Entretien r\u00e9duit.<\/li>\n<\/ul>\n<p>Jetez un \u0153il sur le petit fr\u00e8re, le BEEK Classico 70. https:\/\/buitenpizzaovenkopen.nl\/pizza-oven-kopen\/beek-classico-pizza-oven\/<\/p>","protected":false},"featured_media":7538,"template":"","meta":{"_monsterinsights_skip_tracking":false,"_monsterinsights_sitenote_active":false,"_monsterinsights_sitenote_note":"","_monsterinsights_sitenote_category":0,"site-sidebar-layout":"default","site-content-layout":"default","ast-site-content-layout":"default","site-content-style":"default","site-sidebar-style":"default","ast-global-header-display":"","ast-banner-title-visibility":"","ast-main-header-display":"","ast-hfb-above-header-display":"","ast-hfb-below-header-display":"","ast-hfb-mobile-header-display":"","site-post-title":"","ast-breadcrumbs-content":"","ast-featured-img":"","footer-sml-layout":"","ast-disable-related-posts":"","theme-transparent-header-meta":"default","adv-header-id-meta":"","stick-header-meta":"","header-above-stick-meta":"","header-main-stick-meta":"","header-below-stick-meta":"","astra-migrate-meta-layouts":"set","ast-page-background-enabled":"default","ast-page-background-meta":{"desktop":{"background-color":"","background-image":"","background-repeat":"repeat","background-position":"center center","background-size":"auto","background-attachment":"scroll","background-type":"","background-media":"","overlay-type":"","overlay-color":"","overlay-opacity":"","overlay-gradient":""},"tablet":{"background-color":"","background-image":"","background-repeat":"repeat","background-position":"center center","background-size":"auto","background-attachment":"scroll","background-type":"","background-media":"","overlay-type":"","overlay-color":"","overlay-opacity":"","overlay-gradient":""},"mobile":{"background-color":"","background-image":"","background-repeat":"repeat","background-position":"center center","background-size":"auto","background-attachment":"scroll","background-type":"","background-media":"","overlay-type":"","overlay-color":"","overlay-opacity":"","overlay-gradient":""}},"ast-content-background-meta":{"desktop":{"background-color":"var(--ast-global-color-5)","background-image":"","background-repeat":"repeat","background-position":"center center","background-size":"auto","background-attachment":"scroll","background-type":"","background-media":"","overlay-type":"","overlay-color":"","overlay-opacity":"","overlay-gradient":""},"tablet":{"background-color":"var(--ast-global-color-5)","background-image":"","background-repeat":"repeat","background-position":"center center","background-size":"auto","background-attachment":"scroll","background-type":"","background-media":"","overlay-type":"","overlay-color":"","overlay-opacity":"","overlay-gradient":""},"mobile":{"background-color":"var(--ast-global-color-5)","background-image":"","background-repeat":"repeat","background-position":"center center","background-size":"auto","background-attachment":"scroll","background-type":"","background-media":"","overlay-type":"","overlay-color":"","overlay-opacity":"","overlay-gradient":""}}},"product_brand":[],"product_cat":[24],"product_tag":[129,135,131,136],"class_list":{"0":"post-7529","1":"product","2":"type-product","3":"status-publish","4":"has-post-thumbnail","6":"product_cat-pizza-ovens","7":"product_tag-beek","8":"product_tag-grande","9":"product_tag-houtgestookt","10":"product_tag-pizza-oven","11":"product_shipping_class-verzendklasse-3","12":"desktop-align-left","13":"tablet-align-left","14":"mobile-align-left","16":"first","17":"instock","18":"sale","19":"featured","20":"taxable","21":"shipping-taxable","22":"purchasable","23":"product-type-simple"},"yoast_head":"<!-- This site is optimized with the Yoast SEO plugin v27.4 - https:\/\/yoast.com\/product\/yoast-seo-wordpress\/ -->\n<title>BEEK cortenstaal 90 pizzaoven - Buitenpizzaovenkopen.nl<\/title>\n<meta name=\"description\" content=\"De BEEK Cortenstaal 90 pizzaoven is een ruime houtgestookte pizza oven waar eenvoudig 4 pizza\u2019s tegelijk in gebakken kunnen worden en dat in 90 seconden!\" \/>\n<meta name=\"robots\" content=\"index, follow, max-snippet:-1, max-image-preview:large, max-video-preview:-1\" \/>\n<link rel=\"canonical\" href=\"https:\/\/buitenpizzaovenkopen.nl\/fr\/pizza-oven-kopen\/beek-corten-90-pizza-oven-cortenstaal-met-extra-brede-bakvloer\/\" \/>\n<meta property=\"og:locale\" content=\"fr_FR\" \/>\n<meta property=\"og:type\" content=\"article\" \/>\n<meta property=\"og:title\" content=\"BEEK cortenstaal 90 pizzaoven - Buitenpizzaovenkopen.nl\" \/>\n<meta property=\"og:description\" content=\"De BEEK Cortenstaal 90 pizzaoven is een ruime houtgestookte pizza oven waar eenvoudig 4 pizza\u2019s tegelijk in gebakken kunnen worden en dat in 90 seconden!\" \/>\n<meta property=\"og:url\" content=\"https:\/\/buitenpizzaovenkopen.nl\/fr\/pizza-oven-kopen\/beek-corten-90-pizza-oven-cortenstaal-met-extra-brede-bakvloer\/\" \/>\n<meta property=\"og:site_name\" content=\"Buitenpizzaovenkopen.nl\" \/>\n<meta property=\"article:modified_time\" content=\"2024-06-06T20:52:48+00:00\" \/>\n<meta property=\"og:image\" content=\"https:\/\/buitenpizzaovenkopen.nl\/wp-content\/uploads\/2023\/06\/IMG_5184.jpeg\" \/>\n\t<meta property=\"og:image:width\" content=\"1024\" \/>\n\t<meta property=\"og:image:height\" content=\"768\" \/>\n\t<meta property=\"og:image:type\" content=\"image\/jpeg\" \/>\n<meta name=\"twitter:card\" content=\"summary_large_image\" \/>\n<meta name=\"twitter:label1\" content=\"Dur\u00e9e de lecture estim\u00e9e\" \/>\n\t<meta name=\"twitter:data1\" content=\"2 minutes\" \/>\n<script type=\"application\/ld+json\" class=\"yoast-schema-graph\">{\"@context\":\"https:\\\/\\\/schema.org\",\"@graph\":[{\"@type\":\"WebPage\",\"@id\":\"https:\\\/\\\/buitenpizzaovenkopen.nl\\\/pizza-oven-kopen\\\/beek-corten-90-pizza-oven-cortenstaal-met-extra-brede-bakvloer\\\/\",\"url\":\"https:\\\/\\\/buitenpizzaovenkopen.nl\\\/pizza-oven-kopen\\\/beek-corten-90-pizza-oven-cortenstaal-met-extra-brede-bakvloer\\\/\",\"name\":\"BEEK cortenstaal 90 pizzaoven - Buitenpizzaovenkopen.nl\",\"isPartOf\":{\"@id\":\"https:\\\/\\\/buitenpizzaovenkopen.nl\\\/#website\"},\"primaryImageOfPage\":{\"@id\":\"https:\\\/\\\/buitenpizzaovenkopen.nl\\\/pizza-oven-kopen\\\/beek-corten-90-pizza-oven-cortenstaal-met-extra-brede-bakvloer\\\/#primaryimage\"},\"image\":{\"@id\":\"https:\\\/\\\/buitenpizzaovenkopen.nl\\\/pizza-oven-kopen\\\/beek-corten-90-pizza-oven-cortenstaal-met-extra-brede-bakvloer\\\/#primaryimage\"},\"thumbnailUrl\":\"https:\\\/\\\/buitenpizzaovenkopen.nl\\\/wp-content\\\/uploads\\\/2023\\\/06\\\/IMG_5184.jpeg\",\"datePublished\":\"2023-06-05T18:30:43+00:00\",\"dateModified\":\"2024-06-06T20:52:48+00:00\",\"description\":\"De BEEK Cortenstaal 90 pizzaoven is een ruime houtgestookte pizza oven waar eenvoudig 4 pizza\u2019s tegelijk in gebakken kunnen worden en dat in 90 seconden!\",\"breadcrumb\":{\"@id\":\"https:\\\/\\\/buitenpizzaovenkopen.nl\\\/pizza-oven-kopen\\\/beek-corten-90-pizza-oven-cortenstaal-met-extra-brede-bakvloer\\\/#breadcrumb\"},\"inLanguage\":\"fr-FR\",\"potentialAction\":[{\"@type\":\"ReadAction\",\"target\":[\"https:\\\/\\\/buitenpizzaovenkopen.nl\\\/pizza-oven-kopen\\\/beek-corten-90-pizza-oven-cortenstaal-met-extra-brede-bakvloer\\\/\"]}]},{\"@type\":\"ImageObject\",\"inLanguage\":\"fr-FR\",\"@id\":\"https:\\\/\\\/buitenpizzaovenkopen.nl\\\/pizza-oven-kopen\\\/beek-corten-90-pizza-oven-cortenstaal-met-extra-brede-bakvloer\\\/#primaryimage\",\"url\":\"https:\\\/\\\/buitenpizzaovenkopen.nl\\\/wp-content\\\/uploads\\\/2023\\\/06\\\/IMG_5184.jpeg\",\"contentUrl\":\"https:\\\/\\\/buitenpizzaovenkopen.nl\\\/wp-content\\\/uploads\\\/2023\\\/06\\\/IMG_5184.jpeg\",\"width\":1024,\"height\":768,\"caption\":\"BEEK Cortenstaal 90 pizzaoven\"},{\"@type\":\"BreadcrumbList\",\"@id\":\"https:\\\/\\\/buitenpizzaovenkopen.nl\\\/pizza-oven-kopen\\\/beek-corten-90-pizza-oven-cortenstaal-met-extra-brede-bakvloer\\\/#breadcrumb\",\"itemListElement\":[{\"@type\":\"ListItem\",\"position\":1,\"name\":\"Home\",\"item\":\"https:\\\/\\\/buitenpizzaovenkopen.nl\\\/\"},{\"@type\":\"ListItem\",\"position\":2,\"name\":\"Pizza oven kopen\",\"item\":\"https:\\\/\\\/buitenpizzaovenkopen.nl\\\/pizzaoven-kopen\\\/\"},{\"@type\":\"ListItem\",\"position\":3,\"name\":\"BEEK Corten 90 Pizza Oven Cortenstaal met extra brede bakvloer\"}]},{\"@type\":\"WebSite\",\"@id\":\"https:\\\/\\\/buitenpizzaovenkopen.nl\\\/#website\",\"url\":\"https:\\\/\\\/buitenpizzaovenkopen.nl\\\/\",\"name\":\"Buitenpizzaovenkopen.nl\",\"description\":\"is onderdeel van Casa di Ruscello\",\"publisher\":{\"@id\":\"https:\\\/\\\/buitenpizzaovenkopen.nl\\\/#organization\"},\"potentialAction\":[{\"@type\":\"SearchAction\",\"target\":{\"@type\":\"EntryPoint\",\"urlTemplate\":\"https:\\\/\\\/buitenpizzaovenkopen.nl\\\/?s={search_term_string}\"},\"query-input\":{\"@type\":\"PropertyValueSpecification\",\"valueRequired\":true,\"valueName\":\"search_term_string\"}}],\"inLanguage\":\"fr-FR\"},{\"@type\":\"Organization\",\"@id\":\"https:\\\/\\\/buitenpizzaovenkopen.nl\\\/#organization\",\"name\":\"Casa du Ruscello\",\"url\":\"https:\\\/\\\/buitenpizzaovenkopen.nl\\\/\",\"logo\":{\"@type\":\"ImageObject\",\"inLanguage\":\"fr-FR\",\"@id\":\"https:\\\/\\\/buitenpizzaovenkopen.nl\\\/#\\\/schema\\\/logo\\\/image\\\/\",\"url\":\"https:\\\/\\\/buitenpizzaovenkopen.nl\\\/wp-content\\\/uploads\\\/2020\\\/02\\\/logo.gif\",\"contentUrl\":\"https:\\\/\\\/buitenpizzaovenkopen.nl\\\/wp-content\\\/uploads\\\/2020\\\/02\\\/logo.gif\",\"width\":300,\"height\":305,\"caption\":\"Casa du Ruscello\"},\"image\":{\"@id\":\"https:\\\/\\\/buitenpizzaovenkopen.nl\\\/#\\\/schema\\\/logo\\\/image\\\/\"}}]}<\/script>\n<!-- \/ Yoast SEO plugin. -->","yoast_head_json":{"title":"BEEK cortenstaal 90 pizzaoven - Buitenpizzaovenkopen.nl","description":"De BEEK Cortenstaal 90 pizzaoven is een ruime houtgestookte pizza oven waar eenvoudig 4 pizza\u2019s tegelijk in gebakken kunnen worden en dat in 90 seconden!","robots":{"index":"index","follow":"follow","max-snippet":"max-snippet:-1","max-image-preview":"max-image-preview:large","max-video-preview":"max-video-preview:-1"},"canonical":"https:\/\/buitenpizzaovenkopen.nl\/fr\/pizza-oven-kopen\/beek-corten-90-pizza-oven-cortenstaal-met-extra-brede-bakvloer\/","og_locale":"fr_FR","og_type":"article","og_title":"BEEK cortenstaal 90 pizzaoven - Buitenpizzaovenkopen.nl","og_description":"De BEEK Cortenstaal 90 pizzaoven is een ruime houtgestookte pizza oven waar eenvoudig 4 pizza\u2019s tegelijk in gebakken kunnen worden en dat in 90 seconden!","og_url":"https:\/\/buitenpizzaovenkopen.nl\/fr\/pizza-oven-kopen\/beek-corten-90-pizza-oven-cortenstaal-met-extra-brede-bakvloer\/","og_site_name":"Buitenpizzaovenkopen.nl","article_modified_time":"2024-06-06T20:52:48+00:00","og_image":[{"width":1024,"height":768,"url":"https:\/\/buitenpizzaovenkopen.nl\/wp-content\/uploads\/2023\/06\/IMG_5184.jpeg","type":"image\/jpeg"}],"twitter_card":"summary_large_image","twitter_misc":{"Dur\u00e9e de lecture estim\u00e9e":"2 minutes"},"schema":{"@context":"https:\/\/schema.org","@graph":[{"@type":"WebPage","@id":"https:\/\/buitenpizzaovenkopen.nl\/pizza-oven-kopen\/beek-corten-90-pizza-oven-cortenstaal-met-extra-brede-bakvloer\/","url":"https:\/\/buitenpizzaovenkopen.nl\/pizza-oven-kopen\/beek-corten-90-pizza-oven-cortenstaal-met-extra-brede-bakvloer\/","name":"BEEK cortenstaal 90 pizzaoven - Buitenpizzaovenkopen.nl","isPartOf":{"@id":"https:\/\/buitenpizzaovenkopen.nl\/#website"},"primaryImageOfPage":{"@id":"https:\/\/buitenpizzaovenkopen.nl\/pizza-oven-kopen\/beek-corten-90-pizza-oven-cortenstaal-met-extra-brede-bakvloer\/#primaryimage"},"image":{"@id":"https:\/\/buitenpizzaovenkopen.nl\/pizza-oven-kopen\/beek-corten-90-pizza-oven-cortenstaal-met-extra-brede-bakvloer\/#primaryimage"},"thumbnailUrl":"https:\/\/buitenpizzaovenkopen.nl\/wp-content\/uploads\/2023\/06\/IMG_5184.jpeg","datePublished":"2023-06-05T18:30:43+00:00","dateModified":"2024-06-06T20:52:48+00:00","description":"De BEEK Cortenstaal 90 pizzaoven is een ruime houtgestookte pizza oven waar eenvoudig 4 pizza\u2019s tegelijk in gebakken kunnen worden en dat in 90 seconden!","breadcrumb":{"@id":"https:\/\/buitenpizzaovenkopen.nl\/pizza-oven-kopen\/beek-corten-90-pizza-oven-cortenstaal-met-extra-brede-bakvloer\/#breadcrumb"},"inLanguage":"fr-FR","potentialAction":[{"@type":"ReadAction","target":["https:\/\/buitenpizzaovenkopen.nl\/pizza-oven-kopen\/beek-corten-90-pizza-oven-cortenstaal-met-extra-brede-bakvloer\/"]}]},{"@type":"ImageObject","inLanguage":"fr-FR","@id":"https:\/\/buitenpizzaovenkopen.nl\/pizza-oven-kopen\/beek-corten-90-pizza-oven-cortenstaal-met-extra-brede-bakvloer\/#primaryimage","url":"https:\/\/buitenpizzaovenkopen.nl\/wp-content\/uploads\/2023\/06\/IMG_5184.jpeg","contentUrl":"https:\/\/buitenpizzaovenkopen.nl\/wp-content\/uploads\/2023\/06\/IMG_5184.jpeg","width":1024,"height":768,"caption":"BEEK Cortenstaal 90 pizzaoven"},{"@type":"BreadcrumbList","@id":"https:\/\/buitenpizzaovenkopen.nl\/pizza-oven-kopen\/beek-corten-90-pizza-oven-cortenstaal-met-extra-brede-bakvloer\/#breadcrumb","itemListElement":[{"@type":"ListItem","position":1,"name":"Home","item":"https:\/\/buitenpizzaovenkopen.nl\/"},{"@type":"ListItem","position":2,"name":"Pizza oven kopen","item":"https:\/\/buitenpizzaovenkopen.nl\/pizzaoven-kopen\/"},{"@type":"ListItem","position":3,"name":"BEEK Corten 90 Pizza Oven Cortenstaal met extra brede bakvloer"}]},{"@type":"WebSite","@id":"https:\/\/buitenpizzaovenkopen.nl\/#website","url":"https:\/\/buitenpizzaovenkopen.nl\/","name":"Buitenpizzaovenkopen.nl","description":"fait partie de Casa Di Ruscello","publisher":{"@id":"https:\/\/buitenpizzaovenkopen.nl\/#organization"},"potentialAction":[{"@type":"SearchAction","target":{"@type":"EntryPoint","urlTemplate":"https:\/\/buitenpizzaovenkopen.nl\/?s={search_term_string}"},"query-input":{"@type":"PropertyValueSpecification","valueRequired":true,"valueName":"search_term_string"}}],"inLanguage":"fr-FR"},{"@type":"Organization","@id":"https:\/\/buitenpizzaovenkopen.nl\/#organization","name":"Casa du Ruscello","url":"https:\/\/buitenpizzaovenkopen.nl\/","logo":{"@type":"ImageObject","inLanguage":"fr-FR","@id":"https:\/\/buitenpizzaovenkopen.nl\/#\/schema\/logo\/image\/","url":"https:\/\/buitenpizzaovenkopen.nl\/wp-content\/uploads\/2020\/02\/logo.gif","contentUrl":"https:\/\/buitenpizzaovenkopen.nl\/wp-content\/uploads\/2020\/02\/logo.gif","width":300,"height":305,"caption":"Casa du Ruscello"},"image":{"@id":"https:\/\/buitenpizzaovenkopen.nl\/#\/schema\/logo\/image\/"}}]}},"_links":{"self":[{"href":"https:\/\/buitenpizzaovenkopen.nl\/fr\/wp-json\/wp\/v2\/product\/7529","targetHints":{"allow":["GET"]}}],"collection":[{"href":"https:\/\/buitenpizzaovenkopen.nl\/fr\/wp-json\/wp\/v2\/product"}],"about":[{"href":"https:\/\/buitenpizzaovenkopen.nl\/fr\/wp-json\/wp\/v2\/types\/product"}],"wp:featuredmedia":[{"embeddable":true,"href":"https:\/\/buitenpizzaovenkopen.nl\/fr\/wp-json\/wp\/v2\/media\/7538"}],"wp:attachment":[{"href":"https:\/\/buitenpizzaovenkopen.nl\/fr\/wp-json\/wp\/v2\/media?parent=7529"}],"wp:term":[{"taxonomy":"product_brand","embeddable":true,"href":"https:\/\/buitenpizzaovenkopen.nl\/fr\/wp-json\/wp\/v2\/product_brand?post=7529"},{"taxonomy":"product_cat","embeddable":true,"href":"https:\/\/buitenpizzaovenkopen.nl\/fr\/wp-json\/wp\/v2\/product_cat?post=7529"},{"taxonomy":"product_tag","embeddable":true,"href":"https:\/\/buitenpizzaovenkopen.nl\/fr\/wp-json\/wp\/v2\/product_tag?post=7529"}],"curies":[{"name":"wp","href":"https:\/\/api.w.org\/{rel}","templated":true}]}}