{"id":7513,"date":"2023-06-05T19:27:14","date_gmt":"2023-06-05T17:27:14","guid":{"rendered":"https:\/\/buitenpizzaovenkopen.nl\/?post_type=product&#038;p=7513"},"modified":"2026-02-18T13:17:22","modified_gmt":"2026-02-18T12:17:22","slug":"beek-gigante-pizza-oven-horeca","status":"publish","type":"product","link":"https:\/\/buitenpizzaovenkopen.nl\/fr\/pizza-oven-kopen\/beek-gigante-pizza-oven-horeca\/","title":{"rendered":"BEEK GIGANTE four \u00e0 Pizza en particulier pour les camions de nourriture et de restauration mobile"},"content":{"rendered":"<p>Le four \u00e0 pizza BEEK GIGANTE repr\u00e9sente l'apog\u00e9e de la fonctionnalit\u00e9 et de l'efficacit\u00e9 dans le monde des fours \u00e0 pizza \u00e0 bois. Ce four robuste peut cuire jusqu'\u00e0 six pizzas simultan\u00e9ment, ce qui le rend particuli\u00e8rement adapt\u00e9 \u00e0 une utilisation dans les camions de restauration, lors de grands \u00e9v\u00e9nements, de mariages, de campings et dans le secteur de l'h\u00f4tellerie. Avec ses dimensions impressionnantes de 120 cm de largeur et 90 cm de profondeur, le four offre une surface de cuisson g\u00e9n\u00e9reuse tout en restant \u00e9tonnamment mobile avec un poids de seulement 175 kg.<\/p>\n<p>Dimensions externes : 132 cm de large, 110 cm de profondeur.<\/p>\n<p>De nieuwste BEEK GIGANTE heeft een down force air circulatie en<br \/>\nEen regelbare inlaat waardoor de oven prachtig brand met gesloten deur.<br \/>\nIs dus voorzien van alle opties.<\/p>\n<p>Le GIGANTE est con\u00e7u pour relever les d\u00e9fis d'une utilisation commerciale intensive et offre une isolation sup\u00e9rieure avec un d\u00f4me, un mur arri\u00e8re et un sol tous isol\u00e9s pour garantir une r\u00e9tention de chaleur et une efficacit\u00e9 optimales. Ces caract\u00e9ristiques garantissent que le four chauffe rapidement et maintient une temp\u00e9rature maximale constante, ce qui est essentiel pour la cuisson parfaite des pizzas.<\/p>\n<p>La construction du four utilise de l'acier inoxydable de haute qualit\u00e9 et de l'acier rev\u00eatu de poudre, ce qui le rend non seulement durable, mais \u00e9galement r\u00e9sistant aux exigences rigoureuses de la restauration mobile et des d\u00e9placements fr\u00e9quents. Avec un \u00e9vent standard de 150 mm, un rejet optimal de la fum\u00e9e est garanti, ce qui contribue \u00e0 un environnement de cuisson plus s\u00fbr et plus agr\u00e9able.<\/p>\n<p>Disponible dans des couleurs standard telles que le noir mat (RAL 9005), en plus de ces couleurs, le BEEK GIGANTE offre \u00e9galement la possibilit\u00e9 de personnaliser la couleur et le mat\u00e9riau, sur demande par contact t\u00e9l\u00e9phonique. Cela permet aux clients de personnaliser le four selon leurs d\u00e9sirs et besoins sp\u00e9cifiques.<\/p>\n<p>Que vous soyez un pizza\u00efolo chevronn\u00e9 ou que vous cherchiez \u00e0 \u00e9lever votre entreprise \u00e0 un niveau sup\u00e9rieur, le four \u00e0 pizza BEEK GIGANTE est le choix parfait pour produire de grands volumes de d\u00e9licieuses pizzas avec des r\u00e9sultats constamment excellents. Contactez-nous d\u00e8s aujourd'hui pour en savoir plus sur ce four impressionnant et ce qu'il peut apporter \u00e0 votre entreprise.<\/p>\n<p><strong>Sp\u00e9cifications techniques:<\/strong><\/p>\n<ul>\n<li><strong>Couleur<\/strong> Noir ou couleur sur demande.<\/li>\n<li><strong>Dimensions externes:<\/strong> 132 cm de largeur x 110 cm de profondeur et 70 cm de hauteur hors chemin\u00e9e.<\/li>\n<li><strong>Espace int\u00e9rieur\/espace de cuisson:<\/strong> 120&#215;90 cm<\/li>\n<li><strong>Poids:<\/strong> 175 kg<\/li>\n<li><strong>Capacit\u00e9:<\/strong> Adapt\u00e9 pour 6 pizzas \u00e0 la fois, jusqu'\u00e0 100+ pizzas par heure!<\/li>\n<li><strong>Le temps d&#039;\u00e9chauffement:<\/strong> 30 \u2013 60 minutes<\/li>\n<li><strong>Inclusief:<\/strong> Thermom\u00e8tre, sortie en acier inoxydable, porte en acier inoxydable, ext\u00e9rieur en aluminium, int\u00e9rieur en acier inoxydable, sol du four en chamotte.<\/li>\n<\/ul>\n<p><strong>La livraison standard comprend:<\/strong> Pelle \u00e0 pizza et plat de four.<\/p>\n<p>N'h\u00e9sitez pas \u00e0 nous <a href=\"https:\/\/buitenpizzaovenkopen.nl\/fr\/contact-buitenpizzaovenkopen\/\">contacter<\/a> en toute libert\u00e9!<\/p>","protected":false},"excerpt":{"rendered":"<p>Le four \u00e0 pizza BEEK GIGANTE est vraiment un super four pour l'h\u00f4tellerie, les camions de restauration mobiles, les \u00e9v\u00e9nements, les festivals, les grands campings et autres lieux potentiels.<\/p>\n<p>Le four a une grande surface interne de 1200 mm x 900 mm.<\/p>","protected":false},"featured_media":7520,"template":"","meta":{"_monsterinsights_skip_tracking":false,"_monsterinsights_sitenote_active":false,"_monsterinsights_sitenote_note":"","_monsterinsights_sitenote_category":0,"site-sidebar-layout":"default","site-content-layout":"default","ast-site-content-layout":"default","site-content-style":"default","site-sidebar-style":"default","ast-global-header-display":"","ast-banner-title-visibility":"","ast-main-header-display":"","ast-hfb-above-header-display":"","ast-hfb-below-header-display":"","ast-hfb-mobile-header-display":"","site-post-title":"","ast-breadcrumbs-content":"","ast-featured-img":"","footer-sml-layout":"","ast-disable-related-posts":"","theme-transparent-header-meta":"default","adv-header-id-meta":"","stick-header-meta":"","header-above-stick-meta":"","header-main-stick-meta":"","header-below-stick-meta":"","astra-migrate-meta-layouts":"set","ast-page-background-enabled":"default","ast-page-background-meta":{"desktop":{"background-color":"","background-image":"","background-repeat":"repeat","background-position":"center center","background-size":"auto","background-attachment":"scroll","background-type":"","background-media":"","overlay-type":"","overlay-color":"","overlay-opacity":"","overlay-gradient":""},"tablet":{"background-color":"","background-image":"","background-repeat":"repeat","background-position":"center center","background-size":"auto","background-attachment":"scroll","background-type":"","background-media":"","overlay-type":"","overlay-color":"","overlay-opacity":"","overlay-gradient":""},"mobile":{"background-color":"","background-image":"","background-repeat":"repeat","background-position":"center center","background-size":"auto","background-attachment":"scroll","background-type":"","background-media":"","overlay-type":"","overlay-color":"","overlay-opacity":"","overlay-gradient":""}},"ast-content-background-meta":{"desktop":{"background-color":"var(--ast-global-color-5)","background-image":"","background-repeat":"repeat","background-position":"center center","background-size":"auto","background-attachment":"scroll","background-type":"","background-media":"","overlay-type":"","overlay-color":"","overlay-opacity":"","overlay-gradient":""},"tablet":{"background-color":"var(--ast-global-color-5)","background-image":"","background-repeat":"repeat","background-position":"center center","background-size":"auto","background-attachment":"scroll","background-type":"","background-media":"","overlay-type":"","overlay-color":"","overlay-opacity":"","overlay-gradient":""},"mobile":{"background-color":"var(--ast-global-color-5)","background-image":"","background-repeat":"repeat","background-position":"center center","background-size":"auto","background-attachment":"scroll","background-type":"","background-media":"","overlay-type":"","overlay-color":"","overlay-opacity":"","overlay-gradient":""}}},"product_brand":[],"product_cat":[24],"product_tag":[129,137,131,117],"class_list":{"0":"post-7513","1":"product","2":"type-product","3":"status-publish","4":"has-post-thumbnail","6":"product_cat-pizza-ovens","7":"product_tag-beek","8":"product_tag-gigante","9":"product_tag-houtgestookt","10":"product_tag-pizza","11":"product_shipping_class-verzendklasse-4","12":"desktop-align-left","13":"tablet-align-left","14":"mobile-align-left","16":"first","17":"instock","18":"sale","19":"featured","20":"taxable","21":"shipping-taxable","22":"purchasable","23":"product-type-variable"},"yoast_head":"<!-- This site is optimized with the Yoast SEO plugin v27.4 - https:\/\/yoast.com\/product\/yoast-seo-wordpress\/ -->\n<title>BEEK GIGANTE Pizza Oven bij buitenpizzaovenkopen.nl<\/title>\n<meta name=\"description\" content=\"De BEEK GIGANTE Pizza Oven is een grote oven die de pizzaliefhebber de mogelijkheid biedt om binnen 90 seconden geweldig smakende pizza&#039;s te bakken.\" \/>\n<meta name=\"robots\" content=\"index, follow, max-snippet:-1, max-image-preview:large, max-video-preview:-1\" \/>\n<link rel=\"canonical\" href=\"https:\/\/buitenpizzaovenkopen.nl\/fr\/pizza-oven-kopen\/beek-gigante-pizza-oven-horeca\/\" \/>\n<meta property=\"og:locale\" content=\"fr_FR\" \/>\n<meta property=\"og:type\" content=\"article\" \/>\n<meta property=\"og:title\" content=\"BEEK GIGANTE Pizza Oven bij buitenpizzaovenkopen.nl\" \/>\n<meta property=\"og:description\" content=\"De BEEK GIGANTE Pizza Oven is een grote oven die de pizzaliefhebber de mogelijkheid biedt om binnen 90 seconden geweldig smakende pizza&#039;s te bakken.\" \/>\n<meta property=\"og:url\" content=\"https:\/\/buitenpizzaovenkopen.nl\/fr\/pizza-oven-kopen\/beek-gigante-pizza-oven-horeca\/\" \/>\n<meta property=\"og:site_name\" content=\"Buitenpizzaovenkopen.nl\" \/>\n<meta property=\"article:modified_time\" content=\"2026-02-18T12:17:22+00:00\" \/>\n<meta property=\"og:image\" content=\"https:\/\/buitenpizzaovenkopen.nl\/wp-content\/uploads\/2023\/06\/7691bb64-7e78-4cd2-b5f2-78ba2cf603d4.jpeg\" \/>\n\t<meta property=\"og:image:width\" content=\"1500\" \/>\n\t<meta property=\"og:image:height\" content=\"2000\" \/>\n\t<meta property=\"og:image:type\" content=\"image\/jpeg\" \/>\n<meta name=\"twitter:card\" content=\"summary_large_image\" \/>\n<meta name=\"twitter:label1\" content=\"Dur\u00e9e de lecture estim\u00e9e\" \/>\n\t<meta name=\"twitter:data1\" content=\"3 minutes\" \/>\n<script type=\"application\/ld+json\" class=\"yoast-schema-graph\">{\"@context\":\"https:\\\/\\\/schema.org\",\"@graph\":[{\"@type\":\"WebPage\",\"@id\":\"https:\\\/\\\/buitenpizzaovenkopen.nl\\\/pizza-oven-kopen\\\/beek-gigante-pizza-oven-horeca\\\/\",\"url\":\"https:\\\/\\\/buitenpizzaovenkopen.nl\\\/pizza-oven-kopen\\\/beek-gigante-pizza-oven-horeca\\\/\",\"name\":\"BEEK GIGANTE Pizza Oven bij buitenpizzaovenkopen.nl\",\"isPartOf\":{\"@id\":\"https:\\\/\\\/buitenpizzaovenkopen.nl\\\/#website\"},\"primaryImageOfPage\":{\"@id\":\"https:\\\/\\\/buitenpizzaovenkopen.nl\\\/pizza-oven-kopen\\\/beek-gigante-pizza-oven-horeca\\\/#primaryimage\"},\"image\":{\"@id\":\"https:\\\/\\\/buitenpizzaovenkopen.nl\\\/pizza-oven-kopen\\\/beek-gigante-pizza-oven-horeca\\\/#primaryimage\"},\"thumbnailUrl\":\"https:\\\/\\\/buitenpizzaovenkopen.nl\\\/wp-content\\\/uploads\\\/2023\\\/06\\\/7691bb64-7e78-4cd2-b5f2-78ba2cf603d4.jpeg\",\"datePublished\":\"2023-06-05T17:27:14+00:00\",\"dateModified\":\"2026-02-18T12:17:22+00:00\",\"description\":\"De BEEK GIGANTE Pizza Oven is een grote oven die de pizzaliefhebber de mogelijkheid biedt om binnen 90 seconden geweldig smakende pizza's te bakken.\",\"breadcrumb\":{\"@id\":\"https:\\\/\\\/buitenpizzaovenkopen.nl\\\/pizza-oven-kopen\\\/beek-gigante-pizza-oven-horeca\\\/#breadcrumb\"},\"inLanguage\":\"fr-FR\",\"potentialAction\":[{\"@type\":\"ReadAction\",\"target\":[\"https:\\\/\\\/buitenpizzaovenkopen.nl\\\/pizza-oven-kopen\\\/beek-gigante-pizza-oven-horeca\\\/\"]}]},{\"@type\":\"ImageObject\",\"inLanguage\":\"fr-FR\",\"@id\":\"https:\\\/\\\/buitenpizzaovenkopen.nl\\\/pizza-oven-kopen\\\/beek-gigante-pizza-oven-horeca\\\/#primaryimage\",\"url\":\"https:\\\/\\\/buitenpizzaovenkopen.nl\\\/wp-content\\\/uploads\\\/2023\\\/06\\\/7691bb64-7e78-4cd2-b5f2-78ba2cf603d4.jpeg\",\"contentUrl\":\"https:\\\/\\\/buitenpizzaovenkopen.nl\\\/wp-content\\\/uploads\\\/2023\\\/06\\\/7691bb64-7e78-4cd2-b5f2-78ba2cf603d4.jpeg\",\"width\":1500,\"height\":2000,\"caption\":\"BEEK GIGANTE Pizza Oven\"},{\"@type\":\"BreadcrumbList\",\"@id\":\"https:\\\/\\\/buitenpizzaovenkopen.nl\\\/pizza-oven-kopen\\\/beek-gigante-pizza-oven-horeca\\\/#breadcrumb\",\"itemListElement\":[{\"@type\":\"ListItem\",\"position\":1,\"name\":\"Home\",\"item\":\"https:\\\/\\\/buitenpizzaovenkopen.nl\\\/\"},{\"@type\":\"ListItem\",\"position\":2,\"name\":\"Pizza oven kopen\",\"item\":\"https:\\\/\\\/buitenpizzaovenkopen.nl\\\/pizzaoven-kopen\\\/\"},{\"@type\":\"ListItem\",\"position\":3,\"name\":\"BEEK GIGANTE Pizza oven speciaal voor foodtruck en mobiele horeca\"}]},{\"@type\":\"WebSite\",\"@id\":\"https:\\\/\\\/buitenpizzaovenkopen.nl\\\/#website\",\"url\":\"https:\\\/\\\/buitenpizzaovenkopen.nl\\\/\",\"name\":\"Buitenpizzaovenkopen.nl\",\"description\":\"is onderdeel van Casa di Ruscello\",\"publisher\":{\"@id\":\"https:\\\/\\\/buitenpizzaovenkopen.nl\\\/#organization\"},\"potentialAction\":[{\"@type\":\"SearchAction\",\"target\":{\"@type\":\"EntryPoint\",\"urlTemplate\":\"https:\\\/\\\/buitenpizzaovenkopen.nl\\\/?s={search_term_string}\"},\"query-input\":{\"@type\":\"PropertyValueSpecification\",\"valueRequired\":true,\"valueName\":\"search_term_string\"}}],\"inLanguage\":\"fr-FR\"},{\"@type\":\"Organization\",\"@id\":\"https:\\\/\\\/buitenpizzaovenkopen.nl\\\/#organization\",\"name\":\"Casa du Ruscello\",\"url\":\"https:\\\/\\\/buitenpizzaovenkopen.nl\\\/\",\"logo\":{\"@type\":\"ImageObject\",\"inLanguage\":\"fr-FR\",\"@id\":\"https:\\\/\\\/buitenpizzaovenkopen.nl\\\/#\\\/schema\\\/logo\\\/image\\\/\",\"url\":\"https:\\\/\\\/buitenpizzaovenkopen.nl\\\/wp-content\\\/uploads\\\/2020\\\/02\\\/logo.gif\",\"contentUrl\":\"https:\\\/\\\/buitenpizzaovenkopen.nl\\\/wp-content\\\/uploads\\\/2020\\\/02\\\/logo.gif\",\"width\":300,\"height\":305,\"caption\":\"Casa du Ruscello\"},\"image\":{\"@id\":\"https:\\\/\\\/buitenpizzaovenkopen.nl\\\/#\\\/schema\\\/logo\\\/image\\\/\"}}]}<\/script>\n<!-- \/ Yoast SEO plugin. -->","yoast_head_json":{"title":"BEEK GIGANTE Pizza Oven bij buitenpizzaovenkopen.nl","description":"De BEEK GIGANTE Pizza Oven is een grote oven die de pizzaliefhebber de mogelijkheid biedt om binnen 90 seconden geweldig smakende pizza's te bakken.","robots":{"index":"index","follow":"follow","max-snippet":"max-snippet:-1","max-image-preview":"max-image-preview:large","max-video-preview":"max-video-preview:-1"},"canonical":"https:\/\/buitenpizzaovenkopen.nl\/fr\/pizza-oven-kopen\/beek-gigante-pizza-oven-horeca\/","og_locale":"fr_FR","og_type":"article","og_title":"BEEK GIGANTE Pizza Oven bij buitenpizzaovenkopen.nl","og_description":"De BEEK GIGANTE Pizza Oven is een grote oven die de pizzaliefhebber de mogelijkheid biedt om binnen 90 seconden geweldig smakende pizza's te bakken.","og_url":"https:\/\/buitenpizzaovenkopen.nl\/fr\/pizza-oven-kopen\/beek-gigante-pizza-oven-horeca\/","og_site_name":"Buitenpizzaovenkopen.nl","article_modified_time":"2026-02-18T12:17:22+00:00","og_image":[{"width":1500,"height":2000,"url":"https:\/\/buitenpizzaovenkopen.nl\/wp-content\/uploads\/2023\/06\/7691bb64-7e78-4cd2-b5f2-78ba2cf603d4.jpeg","type":"image\/jpeg"}],"twitter_card":"summary_large_image","twitter_misc":{"Dur\u00e9e de lecture estim\u00e9e":"3 minutes"},"schema":{"@context":"https:\/\/schema.org","@graph":[{"@type":"WebPage","@id":"https:\/\/buitenpizzaovenkopen.nl\/pizza-oven-kopen\/beek-gigante-pizza-oven-horeca\/","url":"https:\/\/buitenpizzaovenkopen.nl\/pizza-oven-kopen\/beek-gigante-pizza-oven-horeca\/","name":"BEEK GIGANTE Pizza Oven bij buitenpizzaovenkopen.nl","isPartOf":{"@id":"https:\/\/buitenpizzaovenkopen.nl\/#website"},"primaryImageOfPage":{"@id":"https:\/\/buitenpizzaovenkopen.nl\/pizza-oven-kopen\/beek-gigante-pizza-oven-horeca\/#primaryimage"},"image":{"@id":"https:\/\/buitenpizzaovenkopen.nl\/pizza-oven-kopen\/beek-gigante-pizza-oven-horeca\/#primaryimage"},"thumbnailUrl":"https:\/\/buitenpizzaovenkopen.nl\/wp-content\/uploads\/2023\/06\/7691bb64-7e78-4cd2-b5f2-78ba2cf603d4.jpeg","datePublished":"2023-06-05T17:27:14+00:00","dateModified":"2026-02-18T12:17:22+00:00","description":"De BEEK GIGANTE Pizza Oven is een grote oven die de pizzaliefhebber de mogelijkheid biedt om binnen 90 seconden geweldig smakende pizza's te bakken.","breadcrumb":{"@id":"https:\/\/buitenpizzaovenkopen.nl\/pizza-oven-kopen\/beek-gigante-pizza-oven-horeca\/#breadcrumb"},"inLanguage":"fr-FR","potentialAction":[{"@type":"ReadAction","target":["https:\/\/buitenpizzaovenkopen.nl\/pizza-oven-kopen\/beek-gigante-pizza-oven-horeca\/"]}]},{"@type":"ImageObject","inLanguage":"fr-FR","@id":"https:\/\/buitenpizzaovenkopen.nl\/pizza-oven-kopen\/beek-gigante-pizza-oven-horeca\/#primaryimage","url":"https:\/\/buitenpizzaovenkopen.nl\/wp-content\/uploads\/2023\/06\/7691bb64-7e78-4cd2-b5f2-78ba2cf603d4.jpeg","contentUrl":"https:\/\/buitenpizzaovenkopen.nl\/wp-content\/uploads\/2023\/06\/7691bb64-7e78-4cd2-b5f2-78ba2cf603d4.jpeg","width":1500,"height":2000,"caption":"BEEK GIGANTE Pizza Oven"},{"@type":"BreadcrumbList","@id":"https:\/\/buitenpizzaovenkopen.nl\/pizza-oven-kopen\/beek-gigante-pizza-oven-horeca\/#breadcrumb","itemListElement":[{"@type":"ListItem","position":1,"name":"Home","item":"https:\/\/buitenpizzaovenkopen.nl\/"},{"@type":"ListItem","position":2,"name":"Pizza oven kopen","item":"https:\/\/buitenpizzaovenkopen.nl\/pizzaoven-kopen\/"},{"@type":"ListItem","position":3,"name":"BEEK GIGANTE Pizza oven speciaal voor foodtruck en mobiele horeca"}]},{"@type":"WebSite","@id":"https:\/\/buitenpizzaovenkopen.nl\/#website","url":"https:\/\/buitenpizzaovenkopen.nl\/","name":"Buitenpizzaovenkopen.nl","description":"fait partie de Casa Di Ruscello","publisher":{"@id":"https:\/\/buitenpizzaovenkopen.nl\/#organization"},"potentialAction":[{"@type":"SearchAction","target":{"@type":"EntryPoint","urlTemplate":"https:\/\/buitenpizzaovenkopen.nl\/?s={search_term_string}"},"query-input":{"@type":"PropertyValueSpecification","valueRequired":true,"valueName":"search_term_string"}}],"inLanguage":"fr-FR"},{"@type":"Organization","@id":"https:\/\/buitenpizzaovenkopen.nl\/#organization","name":"Casa du Ruscello","url":"https:\/\/buitenpizzaovenkopen.nl\/","logo":{"@type":"ImageObject","inLanguage":"fr-FR","@id":"https:\/\/buitenpizzaovenkopen.nl\/#\/schema\/logo\/image\/","url":"https:\/\/buitenpizzaovenkopen.nl\/wp-content\/uploads\/2020\/02\/logo.gif","contentUrl":"https:\/\/buitenpizzaovenkopen.nl\/wp-content\/uploads\/2020\/02\/logo.gif","width":300,"height":305,"caption":"Casa du Ruscello"},"image":{"@id":"https:\/\/buitenpizzaovenkopen.nl\/#\/schema\/logo\/image\/"}}]}},"_links":{"self":[{"href":"https:\/\/buitenpizzaovenkopen.nl\/fr\/wp-json\/wp\/v2\/product\/7513","targetHints":{"allow":["GET"]}}],"collection":[{"href":"https:\/\/buitenpizzaovenkopen.nl\/fr\/wp-json\/wp\/v2\/product"}],"about":[{"href":"https:\/\/buitenpizzaovenkopen.nl\/fr\/wp-json\/wp\/v2\/types\/product"}],"wp:featuredmedia":[{"embeddable":true,"href":"https:\/\/buitenpizzaovenkopen.nl\/fr\/wp-json\/wp\/v2\/media\/7520"}],"wp:attachment":[{"href":"https:\/\/buitenpizzaovenkopen.nl\/fr\/wp-json\/wp\/v2\/media?parent=7513"}],"wp:term":[{"taxonomy":"product_brand","embeddable":true,"href":"https:\/\/buitenpizzaovenkopen.nl\/fr\/wp-json\/wp\/v2\/product_brand?post=7513"},{"taxonomy":"product_cat","embeddable":true,"href":"https:\/\/buitenpizzaovenkopen.nl\/fr\/wp-json\/wp\/v2\/product_cat?post=7513"},{"taxonomy":"product_tag","embeddable":true,"href":"https:\/\/buitenpizzaovenkopen.nl\/fr\/wp-json\/wp\/v2\/product_tag?post=7513"}],"curies":[{"name":"wp","href":"https:\/\/api.w.org\/{rel}","templated":true}]}}