{"id":7354,"date":"2023-04-03T21:34:41","date_gmt":"2023-04-03T19:34:41","guid":{"rendered":"https:\/\/buitenpizzaovenkopen.nl\/?post_type=product&#038;p=7354"},"modified":"2025-12-04T10:17:39","modified_gmt":"2025-12-04T09:17:39","slug":"pizza-draaischep-werkschep-lengte-80cm","status":"publish","type":"product","link":"https:\/\/buitenpizzaovenkopen.nl\/fr\/pizza-oven-kopen\/pizza-draaischep-werkschep-lengte-80cm\/","title":{"rendered":"BEEK Pizza tournant pelle de travail de la pelle longueur 80cm"},"content":{"rendered":"<p>Le Ruisseau de la Pizza tournant scoop de Casa Di Ruscello est l&#039;outil id\u00e9al pour toute pizza amant qui aspire \u00e0 la perfection dans chaque pizza ils cuisent. Ce professionnel de tournage Scoop a un diam\u00e8tre de 19 cm et est faite de haute qualit\u00e9 en acier inoxydable, ce qui le rend non seulement durable, mais aussi r\u00e9sistant \u00e0 la haute temp\u00e9rature des fours \u00e0 pizza. La longueur totale de la pelle est de 80 cm, ce qui permet de vous rendre facilement \u00e0 l&#039;arri\u00e8re du four sans risquer de vous br\u00fbler.<\/p>\n<p>Ce tournant Scoop, aussi connu comme un travail scoop, est sp\u00e9cifiquement con\u00e7u pour tourner pizzas efficacement et d&#039;inspecter le dessous avec pr\u00e9cision pendant le processus de cuisson. L&#039;utilisation de l&#039;BEEK Pizza tournant scoop garantit que votre pizza cuit uniform\u00e9ment et que la base devient parfaitement croustillante sans combustion. C&#039;est un outil indispensable qui fera de votre exp\u00e9rience de la cuisson, vous permettant de pr\u00e9parer \u00e0 l&#039;aspect professionnel des pizzas avec facilit\u00e9.<\/p>\n<p>En plus de transformer les pizzas, la pelle est \u00e9galement tr\u00e8s utile pour transporter en toute s\u00e9curit\u00e9 et efficacement l&#039;ajout de bois de chauffage dans le four. Le long, en bois robuste poign\u00e9e offre une prise en main confortable et un excellent contr\u00f4le, ce qui est essentiel pour rapidement et en toute s\u00e9curit\u00e9 la gestion du four pendant la cuisson.<\/p>\n<p>Si vous avez besoin d&#039;une plus longue poign\u00e9e pour votre rotary pelle, la Casa Di Ruscello offre la possibilit\u00e9 de l&#039;adapter \u00e0 vos besoins personnels. Contactez-nous par t\u00e9l\u00e9phone, et nous vous fournirons un personnalis\u00e9 pelle qui r\u00e9pondent parfaitement \u00e0 vos sp\u00e9cifications.<\/p>\n<p>Le BEEK Pizza en tournant \u00e0 la Cuill\u00e8re n&#039;est pas seulement un outil, mais un investissement dans votre cuisine. Il vous permet de travailler avec pr\u00e9cision et facilit\u00e9, faire des pizza exp\u00e9rience encore plus agr\u00e9able. Mise \u00e0 niveau de votre pizza \u00e9quipement aujourd&#039;hui avec ce tournant essentiel de scoop et de l&#039;exp\u00e9rience de la diff\u00e9rence dans votre prochaine pizza aventure.<\/p>\n<p><strong>Avez-vous des questions?<\/strong> Prendre compl\u00e8tement libre de toute obligation <a href=\"https:\/\/buitenpizzaovenkopen.nl\/fr\/contact-buitenpizzaovenkopen\/\">contacter<\/a> en toute libert\u00e9!<\/p>","protected":false},"excerpt":{"rendered":"<p>Pizza tourne-disque de la &#034;Casa Di Ruscello&#034; avec manche en bois de 80 cm et d&#039;une lame de 19 cm en acier inoxydable.<\/p>","protected":false},"featured_media":6699,"template":"","meta":{"_monsterinsights_skip_tracking":false,"_monsterinsights_sitenote_active":false,"_monsterinsights_sitenote_note":"","_monsterinsights_sitenote_category":0,"site-sidebar-layout":"default","site-content-layout":"default","ast-site-content-layout":"default","site-content-style":"default","site-sidebar-style":"default","ast-global-header-display":"","ast-banner-title-visibility":"","ast-main-header-display":"","ast-hfb-above-header-display":"","ast-hfb-below-header-display":"","ast-hfb-mobile-header-display":"","site-post-title":"","ast-breadcrumbs-content":"","ast-featured-img":"","footer-sml-layout":"","ast-disable-related-posts":"","theme-transparent-header-meta":"default","adv-header-id-meta":"","stick-header-meta":"","header-above-stick-meta":"","header-main-stick-meta":"","header-below-stick-meta":"","astra-migrate-meta-layouts":"set","ast-page-background-enabled":"default","ast-page-background-meta":{"desktop":{"background-color":"","background-image":"","background-repeat":"repeat","background-position":"center center","background-size":"auto","background-attachment":"scroll","background-type":"","background-media":"","overlay-type":"","overlay-color":"","overlay-opacity":"","overlay-gradient":""},"tablet":{"background-color":"","background-image":"","background-repeat":"repeat","background-position":"center center","background-size":"auto","background-attachment":"scroll","background-type":"","background-media":"","overlay-type":"","overlay-color":"","overlay-opacity":"","overlay-gradient":""},"mobile":{"background-color":"","background-image":"","background-repeat":"repeat","background-position":"center center","background-size":"auto","background-attachment":"scroll","background-type":"","background-media":"","overlay-type":"","overlay-color":"","overlay-opacity":"","overlay-gradient":""}},"ast-content-background-meta":{"desktop":{"background-color":"var(--ast-global-color-5)","background-image":"","background-repeat":"repeat","background-position":"center center","background-size":"auto","background-attachment":"scroll","background-type":"","background-media":"","overlay-type":"","overlay-color":"","overlay-opacity":"","overlay-gradient":""},"tablet":{"background-color":"var(--ast-global-color-5)","background-image":"","background-repeat":"repeat","background-position":"center center","background-size":"auto","background-attachment":"scroll","background-type":"","background-media":"","overlay-type":"","overlay-color":"","overlay-opacity":"","overlay-gradient":""},"mobile":{"background-color":"var(--ast-global-color-5)","background-image":"","background-repeat":"repeat","background-position":"center center","background-size":"auto","background-attachment":"scroll","background-type":"","background-media":"","overlay-type":"","overlay-color":"","overlay-opacity":"","overlay-gradient":""}}},"product_brand":[],"product_cat":[91],"product_tag":[112,113,114,111],"class_list":{"0":"post-7354","1":"product","2":"type-product","3":"status-publish","4":"has-post-thumbnail","6":"product_cat-pizza-accessoires","7":"product_tag-draaischep","8":"product_tag-falci","9":"product_tag-ovenborstel","10":"product_tag-pizzaschep","11":"product_shipping_class-verzendklasse-0","12":"desktop-align-left","13":"tablet-align-left","14":"mobile-align-left","16":"first","17":"instock","18":"taxable","19":"shipping-taxable","20":"purchasable","21":"product-type-simple"},"yoast_head":"<!-- This site is optimized with the Yoast SEO plugin v27.3 - https:\/\/yoast.com\/product\/yoast-seo-wordpress\/ -->\n<title>BEEK Pizza Draaischep Werkschep Lengte 80cm -<\/title>\n<meta name=\"description\" content=\"De BEEK Pizza Draaischep van 80cm voor de Beek Classico pizza oven biedt u de mogelijkheid om geweldig smakende pizza&#039;s te bakken.\" \/>\n<meta name=\"robots\" content=\"index, follow, max-snippet:-1, max-image-preview:large, max-video-preview:-1\" \/>\n<link rel=\"canonical\" href=\"https:\/\/buitenpizzaovenkopen.nl\/fr\/pizza-oven-kopen\/pizza-draaischep-werkschep-lengte-80cm\/\" \/>\n<meta property=\"og:locale\" content=\"fr_FR\" \/>\n<meta property=\"og:type\" content=\"article\" \/>\n<meta property=\"og:title\" content=\"BEEK Pizza Draaischep Werkschep Lengte 80cm -\" \/>\n<meta property=\"og:description\" content=\"De BEEK Pizza Draaischep van 80cm voor de Beek Classico pizza oven biedt u de mogelijkheid om geweldig smakende pizza&#039;s te bakken.\" \/>\n<meta property=\"og:url\" content=\"https:\/\/buitenpizzaovenkopen.nl\/fr\/pizza-oven-kopen\/pizza-draaischep-werkschep-lengte-80cm\/\" \/>\n<meta property=\"og:site_name\" content=\"Buitenpizzaovenkopen.nl\" \/>\n<meta property=\"article:modified_time\" content=\"2025-12-04T09:17:39+00:00\" \/>\n<meta property=\"og:image\" content=\"https:\/\/buitenpizzaovenkopen.nl\/wp-content\/uploads\/2021\/01\/96FF8355-51D9-4EFF-8251-8CC7E5B53B41.jpeg\" \/>\n\t<meta property=\"og:image:width\" content=\"1536\" \/>\n\t<meta property=\"og:image:height\" content=\"2048\" \/>\n\t<meta property=\"og:image:type\" content=\"image\/jpeg\" \/>\n<meta name=\"twitter:card\" content=\"summary_large_image\" \/>\n<meta name=\"twitter:label1\" content=\"Dur\u00e9e de lecture estim\u00e9e\" \/>\n\t<meta name=\"twitter:data1\" content=\"2 minutes\" \/>\n<script type=\"application\/ld+json\" class=\"yoast-schema-graph\">{\"@context\":\"https:\\\/\\\/schema.org\",\"@graph\":[{\"@type\":\"WebPage\",\"@id\":\"https:\\\/\\\/buitenpizzaovenkopen.nl\\\/pizza-oven-kopen\\\/pizza-draaischep-werkschep-lengte-80cm\\\/\",\"url\":\"https:\\\/\\\/buitenpizzaovenkopen.nl\\\/pizza-oven-kopen\\\/pizza-draaischep-werkschep-lengte-80cm\\\/\",\"name\":\"BEEK Pizza Draaischep Werkschep Lengte 80cm -\",\"isPartOf\":{\"@id\":\"https:\\\/\\\/buitenpizzaovenkopen.nl\\\/#website\"},\"primaryImageOfPage\":{\"@id\":\"https:\\\/\\\/buitenpizzaovenkopen.nl\\\/pizza-oven-kopen\\\/pizza-draaischep-werkschep-lengte-80cm\\\/#primaryimage\"},\"image\":{\"@id\":\"https:\\\/\\\/buitenpizzaovenkopen.nl\\\/pizza-oven-kopen\\\/pizza-draaischep-werkschep-lengte-80cm\\\/#primaryimage\"},\"thumbnailUrl\":\"https:\\\/\\\/buitenpizzaovenkopen.nl\\\/wp-content\\\/uploads\\\/2021\\\/01\\\/96FF8355-51D9-4EFF-8251-8CC7E5B53B41.jpeg\",\"datePublished\":\"2023-04-03T19:34:41+00:00\",\"dateModified\":\"2025-12-04T09:17:39+00:00\",\"description\":\"De BEEK Pizza Draaischep van 80cm voor de Beek Classico pizza oven biedt u de mogelijkheid om geweldig smakende pizza's te bakken.\",\"breadcrumb\":{\"@id\":\"https:\\\/\\\/buitenpizzaovenkopen.nl\\\/pizza-oven-kopen\\\/pizza-draaischep-werkschep-lengte-80cm\\\/#breadcrumb\"},\"inLanguage\":\"fr-FR\",\"potentialAction\":[{\"@type\":\"ReadAction\",\"target\":[\"https:\\\/\\\/buitenpizzaovenkopen.nl\\\/pizza-oven-kopen\\\/pizza-draaischep-werkschep-lengte-80cm\\\/\"]}]},{\"@type\":\"ImageObject\",\"inLanguage\":\"fr-FR\",\"@id\":\"https:\\\/\\\/buitenpizzaovenkopen.nl\\\/pizza-oven-kopen\\\/pizza-draaischep-werkschep-lengte-80cm\\\/#primaryimage\",\"url\":\"https:\\\/\\\/buitenpizzaovenkopen.nl\\\/wp-content\\\/uploads\\\/2021\\\/01\\\/96FF8355-51D9-4EFF-8251-8CC7E5B53B41.jpeg\",\"contentUrl\":\"https:\\\/\\\/buitenpizzaovenkopen.nl\\\/wp-content\\\/uploads\\\/2021\\\/01\\\/96FF8355-51D9-4EFF-8251-8CC7E5B53B41.jpeg\",\"width\":1536,\"height\":2048,\"caption\":\"BEEK Pizza Draaischep\"},{\"@type\":\"BreadcrumbList\",\"@id\":\"https:\\\/\\\/buitenpizzaovenkopen.nl\\\/pizza-oven-kopen\\\/pizza-draaischep-werkschep-lengte-80cm\\\/#breadcrumb\",\"itemListElement\":[{\"@type\":\"ListItem\",\"position\":1,\"name\":\"Home\",\"item\":\"https:\\\/\\\/buitenpizzaovenkopen.nl\\\/\"},{\"@type\":\"ListItem\",\"position\":2,\"name\":\"Pizza oven kopen\",\"item\":\"https:\\\/\\\/buitenpizzaovenkopen.nl\\\/pizzaoven-kopen\\\/\"},{\"@type\":\"ListItem\",\"position\":3,\"name\":\"BEEK Pizza Draaischep Werkschep Lengte 80cm\"}]},{\"@type\":\"WebSite\",\"@id\":\"https:\\\/\\\/buitenpizzaovenkopen.nl\\\/#website\",\"url\":\"https:\\\/\\\/buitenpizzaovenkopen.nl\\\/\",\"name\":\"Buitenpizzaovenkopen.nl\",\"description\":\"is onderdeel van Casa di Ruscello\",\"publisher\":{\"@id\":\"https:\\\/\\\/buitenpizzaovenkopen.nl\\\/#organization\"},\"potentialAction\":[{\"@type\":\"SearchAction\",\"target\":{\"@type\":\"EntryPoint\",\"urlTemplate\":\"https:\\\/\\\/buitenpizzaovenkopen.nl\\\/?s={search_term_string}\"},\"query-input\":{\"@type\":\"PropertyValueSpecification\",\"valueRequired\":true,\"valueName\":\"search_term_string\"}}],\"inLanguage\":\"fr-FR\"},{\"@type\":\"Organization\",\"@id\":\"https:\\\/\\\/buitenpizzaovenkopen.nl\\\/#organization\",\"name\":\"Casa du Ruscello\",\"url\":\"https:\\\/\\\/buitenpizzaovenkopen.nl\\\/\",\"logo\":{\"@type\":\"ImageObject\",\"inLanguage\":\"fr-FR\",\"@id\":\"https:\\\/\\\/buitenpizzaovenkopen.nl\\\/#\\\/schema\\\/logo\\\/image\\\/\",\"url\":\"https:\\\/\\\/buitenpizzaovenkopen.nl\\\/wp-content\\\/uploads\\\/2020\\\/02\\\/logo.gif\",\"contentUrl\":\"https:\\\/\\\/buitenpizzaovenkopen.nl\\\/wp-content\\\/uploads\\\/2020\\\/02\\\/logo.gif\",\"width\":300,\"height\":305,\"caption\":\"Casa du Ruscello\"},\"image\":{\"@id\":\"https:\\\/\\\/buitenpizzaovenkopen.nl\\\/#\\\/schema\\\/logo\\\/image\\\/\"}}]}<\/script>\n<!-- \/ Yoast SEO plugin. -->","yoast_head_json":{"title":"BEEK Pizza tournant pelle de travail de la pelle longueur 80cm -","description":"Le Beek Pizza de pivotement de boule de 80cm pour les Beek Classico four \u00e0 pizza vous offre la possibilit\u00e9 de cuire une grande d\u00e9gustation de pizzas.","robots":{"index":"index","follow":"follow","max-snippet":"max-snippet:-1","max-image-preview":"max-image-preview:large","max-video-preview":"max-video-preview:-1"},"canonical":"https:\/\/buitenpizzaovenkopen.nl\/fr\/pizza-oven-kopen\/pizza-draaischep-werkschep-lengte-80cm\/","og_locale":"fr_FR","og_type":"article","og_title":"BEEK Pizza Draaischep Werkschep Lengte 80cm -","og_description":"De BEEK Pizza Draaischep van 80cm voor de Beek Classico pizza oven biedt u de mogelijkheid om geweldig smakende pizza's te bakken.","og_url":"https:\/\/buitenpizzaovenkopen.nl\/fr\/pizza-oven-kopen\/pizza-draaischep-werkschep-lengte-80cm\/","og_site_name":"Buitenpizzaovenkopen.nl","article_modified_time":"2025-12-04T09:17:39+00:00","og_image":[{"width":1536,"height":2048,"url":"https:\/\/buitenpizzaovenkopen.nl\/wp-content\/uploads\/2021\/01\/96FF8355-51D9-4EFF-8251-8CC7E5B53B41.jpeg","type":"image\/jpeg"}],"twitter_card":"summary_large_image","twitter_misc":{"Dur\u00e9e de lecture estim\u00e9e":"2 minutes"},"schema":{"@context":"https:\/\/schema.org","@graph":[{"@type":"WebPage","@id":"https:\/\/buitenpizzaovenkopen.nl\/pizza-oven-kopen\/pizza-draaischep-werkschep-lengte-80cm\/","url":"https:\/\/buitenpizzaovenkopen.nl\/pizza-oven-kopen\/pizza-draaischep-werkschep-lengte-80cm\/","name":"BEEK Pizza tournant pelle de travail de la pelle longueur 80cm -","isPartOf":{"@id":"https:\/\/buitenpizzaovenkopen.nl\/#website"},"primaryImageOfPage":{"@id":"https:\/\/buitenpizzaovenkopen.nl\/pizza-oven-kopen\/pizza-draaischep-werkschep-lengte-80cm\/#primaryimage"},"image":{"@id":"https:\/\/buitenpizzaovenkopen.nl\/pizza-oven-kopen\/pizza-draaischep-werkschep-lengte-80cm\/#primaryimage"},"thumbnailUrl":"https:\/\/buitenpizzaovenkopen.nl\/wp-content\/uploads\/2021\/01\/96FF8355-51D9-4EFF-8251-8CC7E5B53B41.jpeg","datePublished":"2023-04-03T19:34:41+00:00","dateModified":"2025-12-04T09:17:39+00:00","description":"Le Beek Pizza de pivotement de boule de 80cm pour les Beek Classico four \u00e0 pizza vous offre la possibilit\u00e9 de cuire une grande d\u00e9gustation de pizzas.","breadcrumb":{"@id":"https:\/\/buitenpizzaovenkopen.nl\/pizza-oven-kopen\/pizza-draaischep-werkschep-lengte-80cm\/#breadcrumb"},"inLanguage":"fr-FR","potentialAction":[{"@type":"ReadAction","target":["https:\/\/buitenpizzaovenkopen.nl\/pizza-oven-kopen\/pizza-draaischep-werkschep-lengte-80cm\/"]}]},{"@type":"ImageObject","inLanguage":"fr-FR","@id":"https:\/\/buitenpizzaovenkopen.nl\/pizza-oven-kopen\/pizza-draaischep-werkschep-lengte-80cm\/#primaryimage","url":"https:\/\/buitenpizzaovenkopen.nl\/wp-content\/uploads\/2021\/01\/96FF8355-51D9-4EFF-8251-8CC7E5B53B41.jpeg","contentUrl":"https:\/\/buitenpizzaovenkopen.nl\/wp-content\/uploads\/2021\/01\/96FF8355-51D9-4EFF-8251-8CC7E5B53B41.jpeg","width":1536,"height":2048,"caption":"BEEK Pizza Draaischep"},{"@type":"BreadcrumbList","@id":"https:\/\/buitenpizzaovenkopen.nl\/pizza-oven-kopen\/pizza-draaischep-werkschep-lengte-80cm\/#breadcrumb","itemListElement":[{"@type":"ListItem","position":1,"name":"Home","item":"https:\/\/buitenpizzaovenkopen.nl\/"},{"@type":"ListItem","position":2,"name":"Pizza oven kopen","item":"https:\/\/buitenpizzaovenkopen.nl\/pizzaoven-kopen\/"},{"@type":"ListItem","position":3,"name":"BEEK Pizza Draaischep Werkschep Lengte 80cm"}]},{"@type":"WebSite","@id":"https:\/\/buitenpizzaovenkopen.nl\/#website","url":"https:\/\/buitenpizzaovenkopen.nl\/","name":"Buitenpizzaovenkopen.nl","description":"fait partie de Casa Di Ruscello","publisher":{"@id":"https:\/\/buitenpizzaovenkopen.nl\/#organization"},"potentialAction":[{"@type":"SearchAction","target":{"@type":"EntryPoint","urlTemplate":"https:\/\/buitenpizzaovenkopen.nl\/?s={search_term_string}"},"query-input":{"@type":"PropertyValueSpecification","valueRequired":true,"valueName":"search_term_string"}}],"inLanguage":"fr-FR"},{"@type":"Organization","@id":"https:\/\/buitenpizzaovenkopen.nl\/#organization","name":"Casa du Ruscello","url":"https:\/\/buitenpizzaovenkopen.nl\/","logo":{"@type":"ImageObject","inLanguage":"fr-FR","@id":"https:\/\/buitenpizzaovenkopen.nl\/#\/schema\/logo\/image\/","url":"https:\/\/buitenpizzaovenkopen.nl\/wp-content\/uploads\/2020\/02\/logo.gif","contentUrl":"https:\/\/buitenpizzaovenkopen.nl\/wp-content\/uploads\/2020\/02\/logo.gif","width":300,"height":305,"caption":"Casa du Ruscello"},"image":{"@id":"https:\/\/buitenpizzaovenkopen.nl\/#\/schema\/logo\/image\/"}}]}},"_links":{"self":[{"href":"https:\/\/buitenpizzaovenkopen.nl\/fr\/wp-json\/wp\/v2\/product\/7354","targetHints":{"allow":["GET"]}}],"collection":[{"href":"https:\/\/buitenpizzaovenkopen.nl\/fr\/wp-json\/wp\/v2\/product"}],"about":[{"href":"https:\/\/buitenpizzaovenkopen.nl\/fr\/wp-json\/wp\/v2\/types\/product"}],"wp:featuredmedia":[{"embeddable":true,"href":"https:\/\/buitenpizzaovenkopen.nl\/fr\/wp-json\/wp\/v2\/media\/6699"}],"wp:attachment":[{"href":"https:\/\/buitenpizzaovenkopen.nl\/fr\/wp-json\/wp\/v2\/media?parent=7354"}],"wp:term":[{"taxonomy":"product_brand","embeddable":true,"href":"https:\/\/buitenpizzaovenkopen.nl\/fr\/wp-json\/wp\/v2\/product_brand?post=7354"},{"taxonomy":"product_cat","embeddable":true,"href":"https:\/\/buitenpizzaovenkopen.nl\/fr\/wp-json\/wp\/v2\/product_cat?post=7354"},{"taxonomy":"product_tag","embeddable":true,"href":"https:\/\/buitenpizzaovenkopen.nl\/fr\/wp-json\/wp\/v2\/product_tag?post=7354"}],"curies":[{"name":"wp","href":"https:\/\/api.w.org\/{rel}","templated":true}]}}