{"id":7164,"date":"2023-02-18T16:00:06","date_gmt":"2023-02-18T15:00:06","guid":{"rendered":"https:\/\/buitenpizzaovenkopen.nl\/?post_type=product&#038;p=7164"},"modified":"2025-12-04T10:11:49","modified_gmt":"2025-12-04T09:11:49","slug":"beek-grande-hoes-cover","status":"publish","type":"product","link":"https:\/\/buitenpizzaovenkopen.nl\/fr\/pizza-oven-kopen\/beek-grande-hoes-cover\/","title":{"rendered":"Capot de protection four \u00e0 Pizza BEEK GRANDE"},"content":{"rendered":"<p>Prot\u00e9ger votre BEEK GRANDE four \u00e0 pizza de fa\u00e7on optimale avec notre sp\u00e9cialement con\u00e7u capot de protection four \u00e0 Pizza BEEK GRANDE. Cette housse personnalis\u00e9e est le compl\u00e9ment parfait pour votre pr\u00e9cieux four \u00e0 pizza, de la prot\u00e9ger de toutes les conditions m\u00e9t\u00e9orologiques, du soleil \u00e0 la pluie battante. Avec un accent sur la durabilit\u00e9 et de fonctionnalit\u00e9, cette housse est fabriqu\u00e9e \u00e0 partir de mat\u00e9riau r\u00e9sistant aux intemp\u00e9ries qui prolonge la vie de votre four, en les prot\u00e9geant contre les \u00e9l\u00e9ments.<\/p>\n<p>Le couvercle s&#039;adapte exactement \u00e0 la taille de l&#039;BEEK GRANDE four, avec une largeur de 92 cm, profondeur 79 cm, et une hauteur d&#039;environ 55 cm sans la chemin\u00e9e. L&#039;ajustement serr\u00e9 maintient le couvercle de se d\u00e9placer ou de se desserrer, m\u00eame dans les vents forts ou de conditions m\u00e9t\u00e9orologiques impr\u00e9vues change, tout en gardant votre four prot\u00e9g\u00e9 toute l&#039;ann\u00e9e.<\/p>\n<p>Chaque four \u00e0 Pizza Beek GRANDE housse de Protection est livr\u00e9 avec un sac de rangement pratique, rendant facile \u00e0 ranger et \u00e0 emporter avec vous. Cela rend non seulement pratique pour une utilisation \u00e0 domicile, mais \u00e9galement id\u00e9al pour ceux qui veulent prendre leur four \u00e0 pizza avec eux \u00e0 des \u00e9v\u00e9nements ou des jours f\u00e9ri\u00e9s. Le maintien de la couverture est aussi simple; le mat\u00e9riel est rapide \u00e0 nettoyer et n\u00e9cessite un minimum de soins, qui contribue \u00e0 une plus longue dur\u00e9e de vie et une protection continue.<\/p>\n<p>Investir dans cet accessoire indispensable et de garder votre BEEK GRANDE four \u00e0 pizza \u00e0 la recherche de la nouvelle ann\u00e9e apr\u00e8s ann\u00e9e. Le couvercle de protection, four \u00e0 Pizza BEEK GRANDE n&#039;est pas seulement une pratique d&#039;investissement, mais aussi augmente la durabilit\u00e9 et la valeur esth\u00e9tique de votre four \u00e0 pizza. Prot\u00e9ger votre four de la salet\u00e9, de la poussi\u00e8re et de l&#039;eau et de profiter de l&#039;art de la cuisson pizza tranquillement. Avec cette housse, vous \u00eates assur\u00e9 d&#039;un \u00e9tat impeccable de votre four \u00e0 pizza, ce qui vous permettra de profiter de la cuisson des pizzas parfaites pour de nombreuses ann\u00e9es \u00e0 venir.<\/p>\n<p>Cette couverture est pour l&#039; <a href=\"https:\/\/buitenpizzaovenkopen.nl\/fr\/pizza-oven-kopen\/beek-grande-pizzaoven\/\" target=\"_blank\" rel=\"noopener\">BEEK GRANDE<\/a><\/p>\n<p>Avez-vous des questions? Prendre pour assurer <a href=\"https:\/\/buitenpizzaovenkopen.nl\/fr\/contact-buitenpizzaovenkopen\/\">contacter<\/a> en toute libert\u00e9!<\/p>","protected":false},"excerpt":{"rendered":"<p>C&#039;est une couverture de protection pour l&#039;Beek GRANDE four \u00e0 pizza \u201cMEILLEURE COUVERTURE pour BEEK GRANDE\u201d<\/p>","protected":false},"featured_media":7269,"template":"","meta":{"_monsterinsights_skip_tracking":false,"_monsterinsights_sitenote_active":false,"_monsterinsights_sitenote_note":"","_monsterinsights_sitenote_category":0,"site-sidebar-layout":"default","site-content-layout":"default","ast-site-content-layout":"default","site-content-style":"default","site-sidebar-style":"default","ast-global-header-display":"","ast-banner-title-visibility":"","ast-main-header-display":"","ast-hfb-above-header-display":"","ast-hfb-below-header-display":"","ast-hfb-mobile-header-display":"","site-post-title":"","ast-breadcrumbs-content":"","ast-featured-img":"","footer-sml-layout":"","ast-disable-related-posts":"","theme-transparent-header-meta":"default","adv-header-id-meta":"","stick-header-meta":"","header-above-stick-meta":"","header-main-stick-meta":"","header-below-stick-meta":"","astra-migrate-meta-layouts":"set","ast-page-background-enabled":"default","ast-page-background-meta":{"desktop":{"background-color":"","background-image":"","background-repeat":"repeat","background-position":"center center","background-size":"auto","background-attachment":"scroll","background-type":"","background-media":"","overlay-type":"","overlay-color":"","overlay-opacity":"","overlay-gradient":""},"tablet":{"background-color":"","background-image":"","background-repeat":"repeat","background-position":"center center","background-size":"auto","background-attachment":"scroll","background-type":"","background-media":"","overlay-type":"","overlay-color":"","overlay-opacity":"","overlay-gradient":""},"mobile":{"background-color":"","background-image":"","background-repeat":"repeat","background-position":"center center","background-size":"auto","background-attachment":"scroll","background-type":"","background-media":"","overlay-type":"","overlay-color":"","overlay-opacity":"","overlay-gradient":""}},"ast-content-background-meta":{"desktop":{"background-color":"var(--ast-global-color-5)","background-image":"","background-repeat":"repeat","background-position":"center center","background-size":"auto","background-attachment":"scroll","background-type":"","background-media":"","overlay-type":"","overlay-color":"","overlay-opacity":"","overlay-gradient":""},"tablet":{"background-color":"var(--ast-global-color-5)","background-image":"","background-repeat":"repeat","background-position":"center center","background-size":"auto","background-attachment":"scroll","background-type":"","background-media":"","overlay-type":"","overlay-color":"","overlay-opacity":"","overlay-gradient":""},"mobile":{"background-color":"var(--ast-global-color-5)","background-image":"","background-repeat":"repeat","background-position":"center center","background-size":"auto","background-attachment":"scroll","background-type":"","background-media":"","overlay-type":"","overlay-color":"","overlay-opacity":"","overlay-gradient":""}}},"product_brand":[],"product_cat":[91,25],"product_tag":[],"class_list":{"0":"post-7164","1":"product","2":"type-product","3":"status-publish","4":"has-post-thumbnail","6":"product_cat-pizza-accessoires","7":"product_cat-pizza-benodigdheden","8":"product_shipping_class-verzendklasse-0","9":"desktop-align-left","10":"tablet-align-left","11":"mobile-align-left","13":"first","14":"instock","15":"taxable","16":"shipping-taxable","17":"purchasable","18":"product-type-simple"},"yoast_head":"<!-- This site is optimized with the Yoast SEO plugin v27.4 - https:\/\/yoast.com\/product\/yoast-seo-wordpress\/ -->\n<title>Beschermhoes Pizza oven BEEK GRANDE -<\/title>\n<meta name=\"description\" content=\"Beschermhoes Pizza oven BEEK GRANDE. Strak passende hoes van weerbestendig materiaal, inclusief opbergtas! \u201cBEST COVER FOR BEEK GRANDE\u201d\" \/>\n<meta name=\"robots\" content=\"index, follow, max-snippet:-1, max-image-preview:large, max-video-preview:-1\" \/>\n<link rel=\"canonical\" href=\"https:\/\/buitenpizzaovenkopen.nl\/fr\/pizza-oven-kopen\/beek-grande-hoes-cover\/\" \/>\n<meta property=\"og:locale\" content=\"fr_FR\" \/>\n<meta property=\"og:type\" content=\"article\" \/>\n<meta property=\"og:title\" content=\"Beschermhoes Pizza oven BEEK GRANDE -\" \/>\n<meta property=\"og:description\" content=\"Beschermhoes Pizza oven BEEK GRANDE. Strak passende hoes van weerbestendig materiaal, inclusief opbergtas! \u201cBEST COVER FOR BEEK GRANDE\u201d\" \/>\n<meta property=\"og:url\" content=\"https:\/\/buitenpizzaovenkopen.nl\/fr\/pizza-oven-kopen\/beek-grande-hoes-cover\/\" \/>\n<meta property=\"og:site_name\" content=\"Buitenpizzaovenkopen.nl\" \/>\n<meta property=\"article:modified_time\" content=\"2025-12-04T09:11:49+00:00\" \/>\n<meta property=\"og:image\" content=\"https:\/\/buitenpizzaovenkopen.nl\/wp-content\/uploads\/2023\/01\/EBF307BB-2D95-49C2-8779-BA3B6B4389CE-scaled.jpeg\" \/>\n\t<meta property=\"og:image:width\" content=\"1920\" \/>\n\t<meta property=\"og:image:height\" content=\"2560\" \/>\n\t<meta property=\"og:image:type\" content=\"image\/jpeg\" \/>\n<meta name=\"twitter:card\" content=\"summary_large_image\" \/>\n<meta name=\"twitter:label1\" content=\"Dur\u00e9e de lecture estim\u00e9e\" \/>\n\t<meta name=\"twitter:data1\" content=\"2 minutes\" \/>\n<script type=\"application\/ld+json\" class=\"yoast-schema-graph\">{\"@context\":\"https:\\\/\\\/schema.org\",\"@graph\":[{\"@type\":\"WebPage\",\"@id\":\"https:\\\/\\\/buitenpizzaovenkopen.nl\\\/pizza-oven-kopen\\\/beek-grande-hoes-cover\\\/\",\"url\":\"https:\\\/\\\/buitenpizzaovenkopen.nl\\\/pizza-oven-kopen\\\/beek-grande-hoes-cover\\\/\",\"name\":\"Beschermhoes Pizza oven BEEK GRANDE -\",\"isPartOf\":{\"@id\":\"https:\\\/\\\/buitenpizzaovenkopen.nl\\\/#website\"},\"primaryImageOfPage\":{\"@id\":\"https:\\\/\\\/buitenpizzaovenkopen.nl\\\/pizza-oven-kopen\\\/beek-grande-hoes-cover\\\/#primaryimage\"},\"image\":{\"@id\":\"https:\\\/\\\/buitenpizzaovenkopen.nl\\\/pizza-oven-kopen\\\/beek-grande-hoes-cover\\\/#primaryimage\"},\"thumbnailUrl\":\"https:\\\/\\\/buitenpizzaovenkopen.nl\\\/wp-content\\\/uploads\\\/2023\\\/01\\\/EBF307BB-2D95-49C2-8779-BA3B6B4389CE-scaled.jpeg\",\"datePublished\":\"2023-02-18T15:00:06+00:00\",\"dateModified\":\"2025-12-04T09:11:49+00:00\",\"description\":\"Beschermhoes Pizza oven BEEK GRANDE. Strak passende hoes van weerbestendig materiaal, inclusief opbergtas! \u201cBEST COVER FOR BEEK GRANDE\u201d\",\"breadcrumb\":{\"@id\":\"https:\\\/\\\/buitenpizzaovenkopen.nl\\\/pizza-oven-kopen\\\/beek-grande-hoes-cover\\\/#breadcrumb\"},\"inLanguage\":\"fr-FR\",\"potentialAction\":[{\"@type\":\"ReadAction\",\"target\":[\"https:\\\/\\\/buitenpizzaovenkopen.nl\\\/pizza-oven-kopen\\\/beek-grande-hoes-cover\\\/\"]}]},{\"@type\":\"ImageObject\",\"inLanguage\":\"fr-FR\",\"@id\":\"https:\\\/\\\/buitenpizzaovenkopen.nl\\\/pizza-oven-kopen\\\/beek-grande-hoes-cover\\\/#primaryimage\",\"url\":\"https:\\\/\\\/buitenpizzaovenkopen.nl\\\/wp-content\\\/uploads\\\/2023\\\/01\\\/EBF307BB-2D95-49C2-8779-BA3B6B4389CE-scaled.jpeg\",\"contentUrl\":\"https:\\\/\\\/buitenpizzaovenkopen.nl\\\/wp-content\\\/uploads\\\/2023\\\/01\\\/EBF307BB-2D95-49C2-8779-BA3B6B4389CE-scaled.jpeg\",\"width\":1920,\"height\":2560,\"caption\":\"Beschermhoes Pizza oven BEEK GRANDE\"},{\"@type\":\"BreadcrumbList\",\"@id\":\"https:\\\/\\\/buitenpizzaovenkopen.nl\\\/pizza-oven-kopen\\\/beek-grande-hoes-cover\\\/#breadcrumb\",\"itemListElement\":[{\"@type\":\"ListItem\",\"position\":1,\"name\":\"Home\",\"item\":\"https:\\\/\\\/buitenpizzaovenkopen.nl\\\/\"},{\"@type\":\"ListItem\",\"position\":2,\"name\":\"Pizza oven kopen\",\"item\":\"https:\\\/\\\/buitenpizzaovenkopen.nl\\\/pizzaoven-kopen\\\/\"},{\"@type\":\"ListItem\",\"position\":3,\"name\":\"Beschermhoes Pizza oven BEEK GRANDE\"}]},{\"@type\":\"WebSite\",\"@id\":\"https:\\\/\\\/buitenpizzaovenkopen.nl\\\/#website\",\"url\":\"https:\\\/\\\/buitenpizzaovenkopen.nl\\\/\",\"name\":\"Buitenpizzaovenkopen.nl\",\"description\":\"is onderdeel van Casa di Ruscello\",\"publisher\":{\"@id\":\"https:\\\/\\\/buitenpizzaovenkopen.nl\\\/#organization\"},\"potentialAction\":[{\"@type\":\"SearchAction\",\"target\":{\"@type\":\"EntryPoint\",\"urlTemplate\":\"https:\\\/\\\/buitenpizzaovenkopen.nl\\\/?s={search_term_string}\"},\"query-input\":{\"@type\":\"PropertyValueSpecification\",\"valueRequired\":true,\"valueName\":\"search_term_string\"}}],\"inLanguage\":\"fr-FR\"},{\"@type\":\"Organization\",\"@id\":\"https:\\\/\\\/buitenpizzaovenkopen.nl\\\/#organization\",\"name\":\"Casa du Ruscello\",\"url\":\"https:\\\/\\\/buitenpizzaovenkopen.nl\\\/\",\"logo\":{\"@type\":\"ImageObject\",\"inLanguage\":\"fr-FR\",\"@id\":\"https:\\\/\\\/buitenpizzaovenkopen.nl\\\/#\\\/schema\\\/logo\\\/image\\\/\",\"url\":\"https:\\\/\\\/buitenpizzaovenkopen.nl\\\/wp-content\\\/uploads\\\/2020\\\/02\\\/logo.gif\",\"contentUrl\":\"https:\\\/\\\/buitenpizzaovenkopen.nl\\\/wp-content\\\/uploads\\\/2020\\\/02\\\/logo.gif\",\"width\":300,\"height\":305,\"caption\":\"Casa du Ruscello\"},\"image\":{\"@id\":\"https:\\\/\\\/buitenpizzaovenkopen.nl\\\/#\\\/schema\\\/logo\\\/image\\\/\"}}]}<\/script>\n<!-- \/ Yoast SEO plugin. -->","yoast_head_json":{"title":"Capot de protection four \u00e0 Pizza BEEK GRANDE -","description":"Capot de protection four \u00e0 Pizza BEEK GRANDE. \u00c9tanche, couvercle \u00e0 l&#039;\u00e9preuve des intemp\u00e9ries mat\u00e9riau, y compris le sac de rangement! \u201cMEILLEURE COUVERTURE POUR BEEK GRANDE\u201d","robots":{"index":"index","follow":"follow","max-snippet":"max-snippet:-1","max-image-preview":"max-image-preview:large","max-video-preview":"max-video-preview:-1"},"canonical":"https:\/\/buitenpizzaovenkopen.nl\/fr\/pizza-oven-kopen\/beek-grande-hoes-cover\/","og_locale":"fr_FR","og_type":"article","og_title":"Beschermhoes Pizza oven BEEK GRANDE -","og_description":"Beschermhoes Pizza oven BEEK GRANDE. Strak passende hoes van weerbestendig materiaal, inclusief opbergtas! \u201cBEST COVER FOR BEEK GRANDE\u201d","og_url":"https:\/\/buitenpizzaovenkopen.nl\/fr\/pizza-oven-kopen\/beek-grande-hoes-cover\/","og_site_name":"Buitenpizzaovenkopen.nl","article_modified_time":"2025-12-04T09:11:49+00:00","og_image":[{"width":1920,"height":2560,"url":"https:\/\/buitenpizzaovenkopen.nl\/wp-content\/uploads\/2023\/01\/EBF307BB-2D95-49C2-8779-BA3B6B4389CE-scaled.jpeg","type":"image\/jpeg"}],"twitter_card":"summary_large_image","twitter_misc":{"Dur\u00e9e de lecture estim\u00e9e":"2 minutes"},"schema":{"@context":"https:\/\/schema.org","@graph":[{"@type":"WebPage","@id":"https:\/\/buitenpizzaovenkopen.nl\/pizza-oven-kopen\/beek-grande-hoes-cover\/","url":"https:\/\/buitenpizzaovenkopen.nl\/pizza-oven-kopen\/beek-grande-hoes-cover\/","name":"Capot de protection four \u00e0 Pizza BEEK GRANDE -","isPartOf":{"@id":"https:\/\/buitenpizzaovenkopen.nl\/#website"},"primaryImageOfPage":{"@id":"https:\/\/buitenpizzaovenkopen.nl\/pizza-oven-kopen\/beek-grande-hoes-cover\/#primaryimage"},"image":{"@id":"https:\/\/buitenpizzaovenkopen.nl\/pizza-oven-kopen\/beek-grande-hoes-cover\/#primaryimage"},"thumbnailUrl":"https:\/\/buitenpizzaovenkopen.nl\/wp-content\/uploads\/2023\/01\/EBF307BB-2D95-49C2-8779-BA3B6B4389CE-scaled.jpeg","datePublished":"2023-02-18T15:00:06+00:00","dateModified":"2025-12-04T09:11:49+00:00","description":"Capot de protection four \u00e0 Pizza BEEK GRANDE. \u00c9tanche, couvercle \u00e0 l&#039;\u00e9preuve des intemp\u00e9ries mat\u00e9riau, y compris le sac de rangement! \u201cMEILLEURE COUVERTURE POUR BEEK GRANDE\u201d","breadcrumb":{"@id":"https:\/\/buitenpizzaovenkopen.nl\/pizza-oven-kopen\/beek-grande-hoes-cover\/#breadcrumb"},"inLanguage":"fr-FR","potentialAction":[{"@type":"ReadAction","target":["https:\/\/buitenpizzaovenkopen.nl\/pizza-oven-kopen\/beek-grande-hoes-cover\/"]}]},{"@type":"ImageObject","inLanguage":"fr-FR","@id":"https:\/\/buitenpizzaovenkopen.nl\/pizza-oven-kopen\/beek-grande-hoes-cover\/#primaryimage","url":"https:\/\/buitenpizzaovenkopen.nl\/wp-content\/uploads\/2023\/01\/EBF307BB-2D95-49C2-8779-BA3B6B4389CE-scaled.jpeg","contentUrl":"https:\/\/buitenpizzaovenkopen.nl\/wp-content\/uploads\/2023\/01\/EBF307BB-2D95-49C2-8779-BA3B6B4389CE-scaled.jpeg","width":1920,"height":2560,"caption":"Beschermhoes Pizza oven BEEK GRANDE"},{"@type":"BreadcrumbList","@id":"https:\/\/buitenpizzaovenkopen.nl\/pizza-oven-kopen\/beek-grande-hoes-cover\/#breadcrumb","itemListElement":[{"@type":"ListItem","position":1,"name":"Home","item":"https:\/\/buitenpizzaovenkopen.nl\/"},{"@type":"ListItem","position":2,"name":"Pizza oven kopen","item":"https:\/\/buitenpizzaovenkopen.nl\/pizzaoven-kopen\/"},{"@type":"ListItem","position":3,"name":"Beschermhoes Pizza oven BEEK GRANDE"}]},{"@type":"WebSite","@id":"https:\/\/buitenpizzaovenkopen.nl\/#website","url":"https:\/\/buitenpizzaovenkopen.nl\/","name":"Buitenpizzaovenkopen.nl","description":"fait partie de Casa Di Ruscello","publisher":{"@id":"https:\/\/buitenpizzaovenkopen.nl\/#organization"},"potentialAction":[{"@type":"SearchAction","target":{"@type":"EntryPoint","urlTemplate":"https:\/\/buitenpizzaovenkopen.nl\/?s={search_term_string}"},"query-input":{"@type":"PropertyValueSpecification","valueRequired":true,"valueName":"search_term_string"}}],"inLanguage":"fr-FR"},{"@type":"Organization","@id":"https:\/\/buitenpizzaovenkopen.nl\/#organization","name":"Casa du Ruscello","url":"https:\/\/buitenpizzaovenkopen.nl\/","logo":{"@type":"ImageObject","inLanguage":"fr-FR","@id":"https:\/\/buitenpizzaovenkopen.nl\/#\/schema\/logo\/image\/","url":"https:\/\/buitenpizzaovenkopen.nl\/wp-content\/uploads\/2020\/02\/logo.gif","contentUrl":"https:\/\/buitenpizzaovenkopen.nl\/wp-content\/uploads\/2020\/02\/logo.gif","width":300,"height":305,"caption":"Casa du Ruscello"},"image":{"@id":"https:\/\/buitenpizzaovenkopen.nl\/#\/schema\/logo\/image\/"}}]}},"_links":{"self":[{"href":"https:\/\/buitenpizzaovenkopen.nl\/fr\/wp-json\/wp\/v2\/product\/7164","targetHints":{"allow":["GET"]}}],"collection":[{"href":"https:\/\/buitenpizzaovenkopen.nl\/fr\/wp-json\/wp\/v2\/product"}],"about":[{"href":"https:\/\/buitenpizzaovenkopen.nl\/fr\/wp-json\/wp\/v2\/types\/product"}],"wp:featuredmedia":[{"embeddable":true,"href":"https:\/\/buitenpizzaovenkopen.nl\/fr\/wp-json\/wp\/v2\/media\/7269"}],"wp:attachment":[{"href":"https:\/\/buitenpizzaovenkopen.nl\/fr\/wp-json\/wp\/v2\/media?parent=7164"}],"wp:term":[{"taxonomy":"product_brand","embeddable":true,"href":"https:\/\/buitenpizzaovenkopen.nl\/fr\/wp-json\/wp\/v2\/product_brand?post=7164"},{"taxonomy":"product_cat","embeddable":true,"href":"https:\/\/buitenpizzaovenkopen.nl\/fr\/wp-json\/wp\/v2\/product_cat?post=7164"},{"taxonomy":"product_tag","embeddable":true,"href":"https:\/\/buitenpizzaovenkopen.nl\/fr\/wp-json\/wp\/v2\/product_tag?post=7164"}],"curies":[{"name":"wp","href":"https:\/\/api.w.org\/{rel}","templated":true}]}}