{"id":7163,"date":"2023-02-18T17:19:48","date_gmt":"2023-02-18T16:19:48","guid":{"rendered":"https:\/\/buitenpizzaovenkopen.nl\/?post_type=product&#038;p=7163"},"modified":"2026-04-19T22:52:34","modified_gmt":"2026-04-19T20:52:34","slug":"beek-classico-pizza-oven-aanbieding-bij-buitenpizzaovenkopen-nl","status":"publish","type":"product","link":"https:\/\/buitenpizzaovenkopen.nl\/fr\/pizza-oven-kopen\/beek-classico-pizza-oven-aanbieding-bij-buitenpizzaovenkopen-nl\/","title":{"rendered":"BEEK Classico Four \u00e0 Pizza couverture-BEEK CLASSICO"},"content":{"rendered":"<p>Le Beek Classico four \u00e0 Pizza pochette est un accessoire indispensable pour toute personne qui veut pr\u00e9server l&#039;aspect et la fonctionnalit\u00e9 de leur BEEK Classico 70 four \u00e0 pizza pour une longue p\u00e9riode de temps. Cette sp\u00e9cialement con\u00e7u \u00e9tui de protection n&#039;est pas seulement une pratique plus de votre four \u00e0 pizza, mais aussi un \u00e9l\u00e9gant. Fait de haute qualit\u00e9, mat\u00e9riau r\u00e9sistant aux intemp\u00e9ries, cette housse offre une protection optimale contre les diverses conditions m\u00e9t\u00e9orologiques telles que la pluie, le soleil, et m\u00eame de la neige, en gardant votre four \u00e0 pizza \u00e0 la recherche comme neuf, ann\u00e9e apr\u00e8s ann\u00e9e.<\/p>\n<p>La couverture a \u00e9t\u00e9 soigneusement con\u00e7ue pour s&#039;adapter parfaitement autour de la BEEK Classico 70 four \u00e0 pizza, ne n\u00e9gligeant aucun d\u00e9tail. L&#039;ajustement est serr\u00e9 et s\u00e9curis\u00e9, qui garantit que la couverture ne pr\u00e9sente pas de d\u00e9calage ou de desserrer en cas de vents forts. La construction robuste de la couverture de garantit de ne pas d\u00e9chirer ou de s&#039;usent au fil du temps, offrant une protection durable pour votre investissement.<\/p>\n<p><span style=\"font-size: 16px; -webkit-text-size-adjust: 100%;\">Le maintien de la couverture est aussi particuli\u00e8rement facile. Le mat\u00e9riau est facile \u00e0 nettoyer et ne n\u00e9cessite pas de traitements sp\u00e9ciaux pour maintenir ses propri\u00e9t\u00e9s protectrices. Un simple rin\u00e7age \u00e0 l&#039;eau est suffisant pour enlever la salet\u00e9 et la poussi\u00e8re, qui sera toujours faire de votre couverture un look parfait.<\/span><\/p>\n<p>Investir dans l&#039;BEEK Classico four \u00e0 pizza couvrir les moyens d&#039;investir dans la long\u00e9vit\u00e9 et l&#039;esth\u00e9tique de votre BEEK Classico 70 four \u00e0 pizza. Prot\u00e9ger votre four \u00e0 partir d&#039;\u00e9l\u00e9ments et de profiter de l&#039;incomparable performance de cuisson qu&#039;il propose pour le plus. Avec cette housse, vous \u00eates assur\u00e9 d&#039;un \u00e9tat impeccable de votre four \u00e0 pizza, vous pouvez donc profiter de la cuisson des pizzas parfaites pour de nombreuses ann\u00e9es \u00e0 venir.<\/p>\n<p>Avez-vous des questions? Prendre aucune obligation <a href=\"https:\/\/buitenpizzaovenkopen.nl\/fr\/contact-buitenpizzaovenkopen\/\">contacter<\/a> en toute libert\u00e9!<\/p>","protected":false},"excerpt":{"rendered":"<p>Il s&#039;agit d&#039;une housse de protection pour le Classico four \u00e0 pizza \u201cMEILLEURE COUVERTURE pour le CLASSICO\u201d<br \/>\nSuper mooi strak passende hoes van weerbestendig en sterk materiaal, vrachtwagen zeil!<\/p>","protected":false},"featured_media":9878,"template":"","meta":{"_monsterinsights_skip_tracking":false,"_monsterinsights_sitenote_active":false,"_monsterinsights_sitenote_note":"","_monsterinsights_sitenote_category":0,"site-sidebar-layout":"default","site-content-layout":"default","ast-site-content-layout":"default","site-content-style":"default","site-sidebar-style":"default","ast-global-header-display":"","ast-banner-title-visibility":"","ast-main-header-display":"","ast-hfb-above-header-display":"","ast-hfb-below-header-display":"","ast-hfb-mobile-header-display":"","site-post-title":"","ast-breadcrumbs-content":"","ast-featured-img":"","footer-sml-layout":"","ast-disable-related-posts":"","theme-transparent-header-meta":"default","adv-header-id-meta":"","stick-header-meta":"","header-above-stick-meta":"","header-main-stick-meta":"","header-below-stick-meta":"","astra-migrate-meta-layouts":"set","ast-page-background-enabled":"default","ast-page-background-meta":{"desktop":{"background-color":"","background-image":"","background-repeat":"repeat","background-position":"center center","background-size":"auto","background-attachment":"scroll","background-type":"","background-media":"","overlay-type":"","overlay-color":"","overlay-opacity":"","overlay-gradient":""},"tablet":{"background-color":"","background-image":"","background-repeat":"repeat","background-position":"center center","background-size":"auto","background-attachment":"scroll","background-type":"","background-media":"","overlay-type":"","overlay-color":"","overlay-opacity":"","overlay-gradient":""},"mobile":{"background-color":"","background-image":"","background-repeat":"repeat","background-position":"center center","background-size":"auto","background-attachment":"scroll","background-type":"","background-media":"","overlay-type":"","overlay-color":"","overlay-opacity":"","overlay-gradient":""}},"ast-content-background-meta":{"desktop":{"background-color":"var(--ast-global-color-5)","background-image":"","background-repeat":"repeat","background-position":"center center","background-size":"auto","background-attachment":"scroll","background-type":"","background-media":"","overlay-type":"","overlay-color":"","overlay-opacity":"","overlay-gradient":""},"tablet":{"background-color":"var(--ast-global-color-5)","background-image":"","background-repeat":"repeat","background-position":"center center","background-size":"auto","background-attachment":"scroll","background-type":"","background-media":"","overlay-type":"","overlay-color":"","overlay-opacity":"","overlay-gradient":""},"mobile":{"background-color":"var(--ast-global-color-5)","background-image":"","background-repeat":"repeat","background-position":"center center","background-size":"auto","background-attachment":"scroll","background-type":"","background-media":"","overlay-type":"","overlay-color":"","overlay-opacity":"","overlay-gradient":""}}},"product_brand":[],"product_cat":[91],"product_tag":[],"class_list":{"0":"post-7163","1":"product","2":"type-product","3":"status-publish","4":"has-post-thumbnail","6":"product_cat-pizza-accessoires","7":"product_shipping_class-verzendklasse-0","8":"desktop-align-left","9":"tablet-align-left","10":"mobile-align-left","12":"first","13":"onbackorder","14":"taxable","15":"shipping-taxable","16":"purchasable","17":"product-type-simple"},"yoast_head":"<!-- This site is optimized with the Yoast SEO plugin v27.5 - https:\/\/yoast.com\/product\/yoast-seo-wordpress\/ -->\n<title>BEEK Classico hoes voor Pizza Oven - BEEK CLASSICO -<\/title>\n<meta name=\"description\" content=\"BEEK Classico hoes voor Pizza Oven - all weather hoes. \u201cBEST COVER FOR CLASSICO\u201d Strak passende hoes van weerbestendig sterk materiaal, vrachtwagen zeil.\" \/>\n<meta name=\"robots\" content=\"index, follow, max-snippet:-1, max-image-preview:large, max-video-preview:-1\" \/>\n<link rel=\"canonical\" href=\"https:\/\/buitenpizzaovenkopen.nl\/fr\/pizza-oven-kopen\/beek-classico-pizza-oven-aanbieding-bij-buitenpizzaovenkopen-nl\/\" \/>\n<meta property=\"og:locale\" content=\"fr_FR\" \/>\n<meta property=\"og:type\" content=\"article\" \/>\n<meta property=\"og:title\" content=\"BEEK Classico hoes voor Pizza Oven - BEEK CLASSICO -\" \/>\n<meta property=\"og:description\" content=\"BEEK Classico hoes voor Pizza Oven - all weather hoes. \u201cBEST COVER FOR CLASSICO\u201d Strak passende hoes van weerbestendig sterk materiaal, vrachtwagen zeil.\" \/>\n<meta property=\"og:url\" content=\"https:\/\/buitenpizzaovenkopen.nl\/fr\/pizza-oven-kopen\/beek-classico-pizza-oven-aanbieding-bij-buitenpizzaovenkopen-nl\/\" \/>\n<meta property=\"og:site_name\" content=\"Buitenpizzaovenkopen.nl\" \/>\n<meta property=\"article:modified_time\" content=\"2026-04-19T20:52:34+00:00\" \/>\n<meta property=\"og:image\" content=\"https:\/\/buitenpizzaovenkopen.nl\/wp-content\/uploads\/2023\/02\/8594fa92-d525-425a-844f-950183029401.jpeg\" \/>\n\t<meta property=\"og:image:width\" content=\"1200\" \/>\n\t<meta property=\"og:image:height\" content=\"1600\" \/>\n\t<meta property=\"og:image:type\" content=\"image\/jpeg\" \/>\n<meta name=\"twitter:card\" content=\"summary_large_image\" \/>\n<meta name=\"twitter:label1\" content=\"Dur\u00e9e de lecture estim\u00e9e\" \/>\n\t<meta name=\"twitter:data1\" content=\"2 minutes\" \/>\n<script type=\"application\/ld+json\" class=\"yoast-schema-graph\">{\"@context\":\"https:\\\/\\\/schema.org\",\"@graph\":[{\"@type\":\"WebPage\",\"@id\":\"https:\\\/\\\/buitenpizzaovenkopen.nl\\\/pizza-oven-kopen\\\/beek-classico-pizza-oven-aanbieding-bij-buitenpizzaovenkopen-nl\\\/\",\"url\":\"https:\\\/\\\/buitenpizzaovenkopen.nl\\\/pizza-oven-kopen\\\/beek-classico-pizza-oven-aanbieding-bij-buitenpizzaovenkopen-nl\\\/\",\"name\":\"BEEK Classico hoes voor Pizza Oven - BEEK CLASSICO -\",\"isPartOf\":{\"@id\":\"https:\\\/\\\/buitenpizzaovenkopen.nl\\\/#website\"},\"primaryImageOfPage\":{\"@id\":\"https:\\\/\\\/buitenpizzaovenkopen.nl\\\/pizza-oven-kopen\\\/beek-classico-pizza-oven-aanbieding-bij-buitenpizzaovenkopen-nl\\\/#primaryimage\"},\"image\":{\"@id\":\"https:\\\/\\\/buitenpizzaovenkopen.nl\\\/pizza-oven-kopen\\\/beek-classico-pizza-oven-aanbieding-bij-buitenpizzaovenkopen-nl\\\/#primaryimage\"},\"thumbnailUrl\":\"https:\\\/\\\/buitenpizzaovenkopen.nl\\\/wp-content\\\/uploads\\\/2023\\\/02\\\/8594fa92-d525-425a-844f-950183029401.jpeg\",\"datePublished\":\"2023-02-18T16:19:48+00:00\",\"dateModified\":\"2026-04-19T20:52:34+00:00\",\"description\":\"BEEK Classico hoes voor Pizza Oven - all weather hoes. \u201cBEST COVER FOR CLASSICO\u201d Strak passende hoes van weerbestendig sterk materiaal, vrachtwagen zeil.\",\"breadcrumb\":{\"@id\":\"https:\\\/\\\/buitenpizzaovenkopen.nl\\\/pizza-oven-kopen\\\/beek-classico-pizza-oven-aanbieding-bij-buitenpizzaovenkopen-nl\\\/#breadcrumb\"},\"inLanguage\":\"fr-FR\",\"potentialAction\":[{\"@type\":\"ReadAction\",\"target\":[\"https:\\\/\\\/buitenpizzaovenkopen.nl\\\/pizza-oven-kopen\\\/beek-classico-pizza-oven-aanbieding-bij-buitenpizzaovenkopen-nl\\\/\"]}]},{\"@type\":\"ImageObject\",\"inLanguage\":\"fr-FR\",\"@id\":\"https:\\\/\\\/buitenpizzaovenkopen.nl\\\/pizza-oven-kopen\\\/beek-classico-pizza-oven-aanbieding-bij-buitenpizzaovenkopen-nl\\\/#primaryimage\",\"url\":\"https:\\\/\\\/buitenpizzaovenkopen.nl\\\/wp-content\\\/uploads\\\/2023\\\/02\\\/8594fa92-d525-425a-844f-950183029401.jpeg\",\"contentUrl\":\"https:\\\/\\\/buitenpizzaovenkopen.nl\\\/wp-content\\\/uploads\\\/2023\\\/02\\\/8594fa92-d525-425a-844f-950183029401.jpeg\",\"width\":1200,\"height\":1600},{\"@type\":\"BreadcrumbList\",\"@id\":\"https:\\\/\\\/buitenpizzaovenkopen.nl\\\/pizza-oven-kopen\\\/beek-classico-pizza-oven-aanbieding-bij-buitenpizzaovenkopen-nl\\\/#breadcrumb\",\"itemListElement\":[{\"@type\":\"ListItem\",\"position\":1,\"name\":\"Home\",\"item\":\"https:\\\/\\\/buitenpizzaovenkopen.nl\\\/\"},{\"@type\":\"ListItem\",\"position\":2,\"name\":\"Pizza oven kopen\",\"item\":\"https:\\\/\\\/buitenpizzaovenkopen.nl\\\/pizzaoven-kopen\\\/\"},{\"@type\":\"ListItem\",\"position\":3,\"name\":\"BEEK Classico hoes voor Pizza Oven &#8211; BEEK CLASSICO\"}]},{\"@type\":\"WebSite\",\"@id\":\"https:\\\/\\\/buitenpizzaovenkopen.nl\\\/#website\",\"url\":\"https:\\\/\\\/buitenpizzaovenkopen.nl\\\/\",\"name\":\"Buitenpizzaovenkopen.nl\",\"description\":\"is onderdeel van Casa di Ruscello\",\"publisher\":{\"@id\":\"https:\\\/\\\/buitenpizzaovenkopen.nl\\\/#organization\"},\"potentialAction\":[{\"@type\":\"SearchAction\",\"target\":{\"@type\":\"EntryPoint\",\"urlTemplate\":\"https:\\\/\\\/buitenpizzaovenkopen.nl\\\/?s={search_term_string}\"},\"query-input\":{\"@type\":\"PropertyValueSpecification\",\"valueRequired\":true,\"valueName\":\"search_term_string\"}}],\"inLanguage\":\"fr-FR\"},{\"@type\":\"Organization\",\"@id\":\"https:\\\/\\\/buitenpizzaovenkopen.nl\\\/#organization\",\"name\":\"Casa du Ruscello\",\"url\":\"https:\\\/\\\/buitenpizzaovenkopen.nl\\\/\",\"logo\":{\"@type\":\"ImageObject\",\"inLanguage\":\"fr-FR\",\"@id\":\"https:\\\/\\\/buitenpizzaovenkopen.nl\\\/#\\\/schema\\\/logo\\\/image\\\/\",\"url\":\"https:\\\/\\\/buitenpizzaovenkopen.nl\\\/wp-content\\\/uploads\\\/2020\\\/02\\\/logo.gif\",\"contentUrl\":\"https:\\\/\\\/buitenpizzaovenkopen.nl\\\/wp-content\\\/uploads\\\/2020\\\/02\\\/logo.gif\",\"width\":300,\"height\":305,\"caption\":\"Casa du Ruscello\"},\"image\":{\"@id\":\"https:\\\/\\\/buitenpizzaovenkopen.nl\\\/#\\\/schema\\\/logo\\\/image\\\/\"}}]}<\/script>\n<!-- \/ Yoast SEO plugin. -->","yoast_head_json":{"title":"BEEK Classico Four \u00e0 Pizza couverture-BEEK CLASSICO -","description":"BEEK Classico hoes voor Pizza Oven - all weather hoes. \u201cBEST COVER FOR CLASSICO\u201d Strak passende hoes van weerbestendig sterk materiaal, vrachtwagen zeil.","robots":{"index":"index","follow":"follow","max-snippet":"max-snippet:-1","max-image-preview":"max-image-preview:large","max-video-preview":"max-video-preview:-1"},"canonical":"https:\/\/buitenpizzaovenkopen.nl\/fr\/pizza-oven-kopen\/beek-classico-pizza-oven-aanbieding-bij-buitenpizzaovenkopen-nl\/","og_locale":"fr_FR","og_type":"article","og_title":"BEEK Classico hoes voor Pizza Oven - BEEK CLASSICO -","og_description":"BEEK Classico hoes voor Pizza Oven - all weather hoes. \u201cBEST COVER FOR CLASSICO\u201d Strak passende hoes van weerbestendig sterk materiaal, vrachtwagen zeil.","og_url":"https:\/\/buitenpizzaovenkopen.nl\/fr\/pizza-oven-kopen\/beek-classico-pizza-oven-aanbieding-bij-buitenpizzaovenkopen-nl\/","og_site_name":"Buitenpizzaovenkopen.nl","article_modified_time":"2026-04-19T20:52:34+00:00","og_image":[{"width":1200,"height":1600,"url":"https:\/\/buitenpizzaovenkopen.nl\/wp-content\/uploads\/2023\/02\/8594fa92-d525-425a-844f-950183029401.jpeg","type":"image\/jpeg"}],"twitter_card":"summary_large_image","twitter_misc":{"Dur\u00e9e de lecture estim\u00e9e":"2 minutes"},"schema":{"@context":"https:\/\/schema.org","@graph":[{"@type":"WebPage","@id":"https:\/\/buitenpizzaovenkopen.nl\/pizza-oven-kopen\/beek-classico-pizza-oven-aanbieding-bij-buitenpizzaovenkopen-nl\/","url":"https:\/\/buitenpizzaovenkopen.nl\/pizza-oven-kopen\/beek-classico-pizza-oven-aanbieding-bij-buitenpizzaovenkopen-nl\/","name":"BEEK Classico Four \u00e0 Pizza couverture-BEEK CLASSICO -","isPartOf":{"@id":"https:\/\/buitenpizzaovenkopen.nl\/#website"},"primaryImageOfPage":{"@id":"https:\/\/buitenpizzaovenkopen.nl\/pizza-oven-kopen\/beek-classico-pizza-oven-aanbieding-bij-buitenpizzaovenkopen-nl\/#primaryimage"},"image":{"@id":"https:\/\/buitenpizzaovenkopen.nl\/pizza-oven-kopen\/beek-classico-pizza-oven-aanbieding-bij-buitenpizzaovenkopen-nl\/#primaryimage"},"thumbnailUrl":"https:\/\/buitenpizzaovenkopen.nl\/wp-content\/uploads\/2023\/02\/8594fa92-d525-425a-844f-950183029401.jpeg","datePublished":"2023-02-18T16:19:48+00:00","dateModified":"2026-04-19T20:52:34+00:00","description":"BEEK Classico hoes voor Pizza Oven - all weather hoes. \u201cBEST COVER FOR CLASSICO\u201d Strak passende hoes van weerbestendig sterk materiaal, vrachtwagen zeil.","breadcrumb":{"@id":"https:\/\/buitenpizzaovenkopen.nl\/pizza-oven-kopen\/beek-classico-pizza-oven-aanbieding-bij-buitenpizzaovenkopen-nl\/#breadcrumb"},"inLanguage":"fr-FR","potentialAction":[{"@type":"ReadAction","target":["https:\/\/buitenpizzaovenkopen.nl\/pizza-oven-kopen\/beek-classico-pizza-oven-aanbieding-bij-buitenpizzaovenkopen-nl\/"]}]},{"@type":"ImageObject","inLanguage":"fr-FR","@id":"https:\/\/buitenpizzaovenkopen.nl\/pizza-oven-kopen\/beek-classico-pizza-oven-aanbieding-bij-buitenpizzaovenkopen-nl\/#primaryimage","url":"https:\/\/buitenpizzaovenkopen.nl\/wp-content\/uploads\/2023\/02\/8594fa92-d525-425a-844f-950183029401.jpeg","contentUrl":"https:\/\/buitenpizzaovenkopen.nl\/wp-content\/uploads\/2023\/02\/8594fa92-d525-425a-844f-950183029401.jpeg","width":1200,"height":1600},{"@type":"BreadcrumbList","@id":"https:\/\/buitenpizzaovenkopen.nl\/pizza-oven-kopen\/beek-classico-pizza-oven-aanbieding-bij-buitenpizzaovenkopen-nl\/#breadcrumb","itemListElement":[{"@type":"ListItem","position":1,"name":"Home","item":"https:\/\/buitenpizzaovenkopen.nl\/"},{"@type":"ListItem","position":2,"name":"Pizza oven kopen","item":"https:\/\/buitenpizzaovenkopen.nl\/pizzaoven-kopen\/"},{"@type":"ListItem","position":3,"name":"BEEK Classico hoes voor Pizza Oven &#8211; BEEK CLASSICO"}]},{"@type":"WebSite","@id":"https:\/\/buitenpizzaovenkopen.nl\/#website","url":"https:\/\/buitenpizzaovenkopen.nl\/","name":"Buitenpizzaovenkopen.nl","description":"fait partie de Casa Di Ruscello","publisher":{"@id":"https:\/\/buitenpizzaovenkopen.nl\/#organization"},"potentialAction":[{"@type":"SearchAction","target":{"@type":"EntryPoint","urlTemplate":"https:\/\/buitenpizzaovenkopen.nl\/?s={search_term_string}"},"query-input":{"@type":"PropertyValueSpecification","valueRequired":true,"valueName":"search_term_string"}}],"inLanguage":"fr-FR"},{"@type":"Organization","@id":"https:\/\/buitenpizzaovenkopen.nl\/#organization","name":"Casa du Ruscello","url":"https:\/\/buitenpizzaovenkopen.nl\/","logo":{"@type":"ImageObject","inLanguage":"fr-FR","@id":"https:\/\/buitenpizzaovenkopen.nl\/#\/schema\/logo\/image\/","url":"https:\/\/buitenpizzaovenkopen.nl\/wp-content\/uploads\/2020\/02\/logo.gif","contentUrl":"https:\/\/buitenpizzaovenkopen.nl\/wp-content\/uploads\/2020\/02\/logo.gif","width":300,"height":305,"caption":"Casa du Ruscello"},"image":{"@id":"https:\/\/buitenpizzaovenkopen.nl\/#\/schema\/logo\/image\/"}}]}},"_links":{"self":[{"href":"https:\/\/buitenpizzaovenkopen.nl\/fr\/wp-json\/wp\/v2\/product\/7163","targetHints":{"allow":["GET"]}}],"collection":[{"href":"https:\/\/buitenpizzaovenkopen.nl\/fr\/wp-json\/wp\/v2\/product"}],"about":[{"href":"https:\/\/buitenpizzaovenkopen.nl\/fr\/wp-json\/wp\/v2\/types\/product"}],"wp:featuredmedia":[{"embeddable":true,"href":"https:\/\/buitenpizzaovenkopen.nl\/fr\/wp-json\/wp\/v2\/media\/9878"}],"wp:attachment":[{"href":"https:\/\/buitenpizzaovenkopen.nl\/fr\/wp-json\/wp\/v2\/media?parent=7163"}],"wp:term":[{"taxonomy":"product_brand","embeddable":true,"href":"https:\/\/buitenpizzaovenkopen.nl\/fr\/wp-json\/wp\/v2\/product_brand?post=7163"},{"taxonomy":"product_cat","embeddable":true,"href":"https:\/\/buitenpizzaovenkopen.nl\/fr\/wp-json\/wp\/v2\/product_cat?post=7163"},{"taxonomy":"product_tag","embeddable":true,"href":"https:\/\/buitenpizzaovenkopen.nl\/fr\/wp-json\/wp\/v2\/product_tag?post=7163"}],"curies":[{"name":"wp","href":"https:\/\/api.w.org\/{rel}","templated":true}]}}