{"id":7161,"date":"2023-02-01T14:22:52","date_gmt":"2023-02-01T13:22:52","guid":{"rendered":"https:\/\/buitenpizzaovenkopen.nl\/?post_type=product&#038;p=7161"},"modified":"2025-05-12T22:32:13","modified_gmt":"2025-05-12T20:32:13","slug":"beek-pizzames-pizza-oven-aanbieding-bij-buitenpizzaovenkopen-nl","status":"publish","type":"product","link":"https:\/\/buitenpizzaovenkopen.nl\/fr\/pizza-oven-kopen\/beek-pizzames-pizza-oven-aanbieding-bij-buitenpizzaovenkopen-nl\/","title":{"rendered":"BEEK pizzames en acier inoxydable de 35 cm-professionnel de la roulette \u00e0 Pizza"},"content":{"rendered":"<div class=\"ast-oembed-container\" style=\"height: 100%;\"><iframe title=\"BEEK PIZZA SNIJDER, couteau \u00e0 pizza, coltello da pizza, pizzames\" width=\"500\" height=\"281\" src=\"https:\/\/www.youtube.com\/embed\/Ju5TbqCJMUA?feature=oembed\" frameborder=\"0\" allow=\"accelerometer; autoplay; clipboard-write; encrypted-media; gyroscope; picture-in-picture; web-share\" referrerpolicy=\"strict-origin-when-cross-origin\" allowfullscreen><\/iframe><\/div>\n<p>Le Beek pizzames en acier inoxydable de 35 cm est un outil indispensable pour tous les amoureux de la pizza. Professionnellement con\u00e7u couteau est id\u00e9al pour la coupe des deux petites et grandes pizzas jusqu&#039;\u00e0 35 cm de diam\u00e8tre. Avec son tranchant, lame en acier inoxydable, il coupe sans effort \u00e0 travers toute la pizza, sans avoir \u00e0 d\u00e9placer ou endommager les garnitures.<\/p>\n<p>Wat dit pizzames onderscheidt, is zijn duurzaamheid en gebruiksgemak. Het robuuste ontwerp zorgt ervoor dat het mes niet alleen sterk is, maar ook gemakkelijk te onderhouden.<\/p>\n<p>La poign\u00e9e ergonomique de la BEEK pizzames en acier inoxydable offre une prise en main confortable, ce qui est essentiel lors de la coupe de plusieurs pizzas sur une longue soir\u00e9e. Si vous \u00eates un amateur de cuisine ou d&#039;un chef professionnel, cette pizza jeu offre la qualit\u00e9 et de l&#039;efficacit\u00e9 n\u00e9cessaires pour travailler rapidement et efficacement.<\/p>\n<p>Si vous \u00eates dans le doute au sujet de la fa\u00e7on d&#039;obtenir le meilleur r\u00e9sultat avec votre nouveau BEEK pizzames, d\u00e9couvrez la vid\u00e9o d&#039;instruction, nous avons pr\u00e9par\u00e9 pour vous. Dans cette vid\u00e9o, nous d\u00e9montrons le droit des techniques de coupe pour obtenir la pizza parfaite points, \u00e0 chaque fois.<\/p>\n<p>Le Ruisseau de la pizza couteau n&#039;est pas seulement un outil utile, mais aussi un ajout \u00e9l\u00e9gant \u00e0 n&#039;importe quelle cuisine. Le design \u00e9l\u00e9gant et finition de haute qualit\u00e9 font de ce couteau un eye-catcher pendant toute partie de la pizza. Avec ce couteau, vous \u00eates assur\u00e9 de fa\u00e7on pr\u00e9cise et soign\u00e9e coupes, vous permettant de vous sans effort pour fournir \u00e0 vos clients avec des pizzas \u00e0 la coupe parfaite. id\u00e9al pour ceux qui veulent combiner la fonctionnalit\u00e9 et de l&#039;esth\u00e9tique, dans leurs outils de cuisine.<\/p>\n<p>Pour de la vraie pizza amateurs qui ne veulent pas de compromis sur la qualit\u00e9 et la fonctionnalit\u00e9, l&#039;Beek pizzames en acier inoxydable de 35 cm est le choix parfait. Ramener \u00e0 la maison et de l&#039;exp\u00e9rience par vous-m\u00eame comment il transforme chaque pizza de nuit dans un bon et agr\u00e9able exp\u00e9rience. Investir dans les meilleurs outils pour votre cuisine; investir dans un flux de couteaux \u00e0 pizza.<\/p>\n<p>N'h\u00e9sitez pas \u00e0 nous <a href=\"https:\/\/buitenpizzaovenkopen.nl\/fr\/contact-buitenpizzaovenkopen\/\">contacter<\/a> en toute libert\u00e9!<\/p>","protected":false},"excerpt":{"rendered":"<p>Pizzames BEEK en acier inoxydable de 35 cm,<br \/>\nTr\u00e8s beaux pizzames pour couper la pizza en un instant.<\/p>\n<p>Adapt\u00e9 pour les petites et grandes pizzas de 35cm de diam\u00e8tre<br \/>\nCette conception est facile \u00e0 nettoyer, peut g\u00e9rer le lave-vaisselle et super solide et forte.<\/p>\n<div class=\"slot slot--description slot--seperated slot--seperated--has-more-content js_slot-description\" data-group-name=\"ProductDescription\" data-bltgg=\"kApXHf3bMSC-MjdcaoJBLw.2_25\">\n<div data-test=\"product-description\" data-bltgi=\"kApXHf3bMSC-MjdcaoJBLw.2_25.26\">\n<div class=\"js_show-more-description show-more active\">\n<div class=\"js_show-more-holder show-more-holder show-more--l product-tracklists-show-more--animate\">\n<div class=\"js_description_content js_show-more-content\">\n<div class=\"product-description\" data-test=\"description\">\n<p>Vous \u00eates \u00e0 la recherche d&#039;un professionnel de la roulette \u00e0 pizza avec lequel vous pouvez couper la pizza sans pousser la garniture de l&#039;avant? Puis celui-ci est pour vous.<\/p>\n<\/div>\n<\/div>\n<\/div>\n<\/div>\n<\/div>\n<\/div>","protected":false},"featured_media":8874,"template":"","meta":{"_monsterinsights_skip_tracking":false,"_monsterinsights_sitenote_active":false,"_monsterinsights_sitenote_note":"","_monsterinsights_sitenote_category":0,"site-sidebar-layout":"default","site-content-layout":"default","ast-site-content-layout":"default","site-content-style":"default","site-sidebar-style":"default","ast-global-header-display":"","ast-banner-title-visibility":"","ast-main-header-display":"","ast-hfb-above-header-display":"","ast-hfb-below-header-display":"","ast-hfb-mobile-header-display":"","site-post-title":"","ast-breadcrumbs-content":"","ast-featured-img":"","footer-sml-layout":"","ast-disable-related-posts":"","theme-transparent-header-meta":"default","adv-header-id-meta":"","stick-header-meta":"","header-above-stick-meta":"","header-main-stick-meta":"","header-below-stick-meta":"","astra-migrate-meta-layouts":"set","ast-page-background-enabled":"default","ast-page-background-meta":{"desktop":{"background-color":"","background-image":"","background-repeat":"repeat","background-position":"center center","background-size":"auto","background-attachment":"scroll","background-type":"","background-media":"","overlay-type":"","overlay-color":"","overlay-opacity":"","overlay-gradient":""},"tablet":{"background-color":"","background-image":"","background-repeat":"repeat","background-position":"center center","background-size":"auto","background-attachment":"scroll","background-type":"","background-media":"","overlay-type":"","overlay-color":"","overlay-opacity":"","overlay-gradient":""},"mobile":{"background-color":"","background-image":"","background-repeat":"repeat","background-position":"center center","background-size":"auto","background-attachment":"scroll","background-type":"","background-media":"","overlay-type":"","overlay-color":"","overlay-opacity":"","overlay-gradient":""}},"ast-content-background-meta":{"desktop":{"background-color":"var(--ast-global-color-5)","background-image":"","background-repeat":"repeat","background-position":"center center","background-size":"auto","background-attachment":"scroll","background-type":"","background-media":"","overlay-type":"","overlay-color":"","overlay-opacity":"","overlay-gradient":""},"tablet":{"background-color":"var(--ast-global-color-5)","background-image":"","background-repeat":"repeat","background-position":"center center","background-size":"auto","background-attachment":"scroll","background-type":"","background-media":"","overlay-type":"","overlay-color":"","overlay-opacity":"","overlay-gradient":""},"mobile":{"background-color":"var(--ast-global-color-5)","background-image":"","background-repeat":"repeat","background-position":"center center","background-size":"auto","background-attachment":"scroll","background-type":"","background-media":"","overlay-type":"","overlay-color":"","overlay-opacity":"","overlay-gradient":""}}},"product_brand":[],"product_cat":[91,25],"product_tag":[],"class_list":{"0":"post-7161","1":"product","2":"type-product","3":"status-publish","4":"has-post-thumbnail","6":"product_cat-pizza-accessoires","7":"product_cat-pizza-benodigdheden","8":"product_shipping_class-verzendklasse-0","9":"desktop-align-left","10":"tablet-align-left","11":"mobile-align-left","13":"first","14":"instock","15":"taxable","16":"shipping-taxable","17":"purchasable","18":"product-type-simple"},"yoast_head":"<!-- This site is optimized with the Yoast SEO plugin v27.4 - https:\/\/yoast.com\/product\/yoast-seo-wordpress\/ -->\n<title>BEEK pizzames RVS - aanbieding bij buitenpizzaovenkopen.nl<\/title>\n<meta name=\"description\" content=\"het BEEK Pizzames RVS van 35cm is ideaal voor de echte pizzaliefhebbers het pizzames is geschikt voor pizza&#039;s tot maar liefst 35cm\" \/>\n<meta name=\"robots\" content=\"index, follow, max-snippet:-1, max-image-preview:large, max-video-preview:-1\" \/>\n<link rel=\"canonical\" href=\"https:\/\/buitenpizzaovenkopen.nl\/fr\/pizza-oven-kopen\/beek-pizzames-pizza-oven-aanbieding-bij-buitenpizzaovenkopen-nl\/\" \/>\n<meta property=\"og:locale\" content=\"fr_FR\" \/>\n<meta property=\"og:type\" content=\"article\" \/>\n<meta property=\"og:title\" content=\"BEEK pizzames RVS - aanbieding bij buitenpizzaovenkopen.nl\" \/>\n<meta property=\"og:description\" content=\"het BEEK Pizzames RVS van 35cm is ideaal voor de echte pizzaliefhebbers het pizzames is geschikt voor pizza&#039;s tot maar liefst 35cm\" \/>\n<meta property=\"og:url\" content=\"https:\/\/buitenpizzaovenkopen.nl\/fr\/pizza-oven-kopen\/beek-pizzames-pizza-oven-aanbieding-bij-buitenpizzaovenkopen-nl\/\" \/>\n<meta property=\"og:site_name\" content=\"Buitenpizzaovenkopen.nl\" \/>\n<meta property=\"article:modified_time\" content=\"2025-05-12T20:32:13+00:00\" \/>\n<meta property=\"og:image\" content=\"https:\/\/buitenpizzaovenkopen.nl\/wp-content\/uploads\/2023\/02\/73a70fd5-42dd-4a72-8a09-f6bcbe3df1e8.jpeg\" \/>\n\t<meta property=\"og:image:width\" content=\"1600\" \/>\n\t<meta property=\"og:image:height\" content=\"1200\" \/>\n\t<meta property=\"og:image:type\" content=\"image\/jpeg\" \/>\n<meta name=\"twitter:card\" content=\"summary_large_image\" \/>\n<meta name=\"twitter:label1\" content=\"Dur\u00e9e de lecture estim\u00e9e\" \/>\n\t<meta name=\"twitter:data1\" content=\"2 minutes\" \/>\n<script type=\"application\/ld+json\" class=\"yoast-schema-graph\">{\"@context\":\"https:\\\/\\\/schema.org\",\"@graph\":[{\"@type\":\"WebPage\",\"@id\":\"https:\\\/\\\/buitenpizzaovenkopen.nl\\\/pizza-oven-kopen\\\/beek-pizzames-pizza-oven-aanbieding-bij-buitenpizzaovenkopen-nl\\\/\",\"url\":\"https:\\\/\\\/buitenpizzaovenkopen.nl\\\/pizza-oven-kopen\\\/beek-pizzames-pizza-oven-aanbieding-bij-buitenpizzaovenkopen-nl\\\/\",\"name\":\"BEEK pizzames RVS - aanbieding bij buitenpizzaovenkopen.nl\",\"isPartOf\":{\"@id\":\"https:\\\/\\\/buitenpizzaovenkopen.nl\\\/#website\"},\"primaryImageOfPage\":{\"@id\":\"https:\\\/\\\/buitenpizzaovenkopen.nl\\\/pizza-oven-kopen\\\/beek-pizzames-pizza-oven-aanbieding-bij-buitenpizzaovenkopen-nl\\\/#primaryimage\"},\"image\":{\"@id\":\"https:\\\/\\\/buitenpizzaovenkopen.nl\\\/pizza-oven-kopen\\\/beek-pizzames-pizza-oven-aanbieding-bij-buitenpizzaovenkopen-nl\\\/#primaryimage\"},\"thumbnailUrl\":\"https:\\\/\\\/buitenpizzaovenkopen.nl\\\/wp-content\\\/uploads\\\/2023\\\/02\\\/73a70fd5-42dd-4a72-8a09-f6bcbe3df1e8.jpeg\",\"datePublished\":\"2023-02-01T13:22:52+00:00\",\"dateModified\":\"2025-05-12T20:32:13+00:00\",\"description\":\"het BEEK Pizzames RVS van 35cm is ideaal voor de echte pizzaliefhebbers het pizzames is geschikt voor pizza's tot maar liefst 35cm\",\"breadcrumb\":{\"@id\":\"https:\\\/\\\/buitenpizzaovenkopen.nl\\\/pizza-oven-kopen\\\/beek-pizzames-pizza-oven-aanbieding-bij-buitenpizzaovenkopen-nl\\\/#breadcrumb\"},\"inLanguage\":\"fr-FR\",\"potentialAction\":[{\"@type\":\"ReadAction\",\"target\":[\"https:\\\/\\\/buitenpizzaovenkopen.nl\\\/pizza-oven-kopen\\\/beek-pizzames-pizza-oven-aanbieding-bij-buitenpizzaovenkopen-nl\\\/\"]}]},{\"@type\":\"ImageObject\",\"inLanguage\":\"fr-FR\",\"@id\":\"https:\\\/\\\/buitenpizzaovenkopen.nl\\\/pizza-oven-kopen\\\/beek-pizzames-pizza-oven-aanbieding-bij-buitenpizzaovenkopen-nl\\\/#primaryimage\",\"url\":\"https:\\\/\\\/buitenpizzaovenkopen.nl\\\/wp-content\\\/uploads\\\/2023\\\/02\\\/73a70fd5-42dd-4a72-8a09-f6bcbe3df1e8.jpeg\",\"contentUrl\":\"https:\\\/\\\/buitenpizzaovenkopen.nl\\\/wp-content\\\/uploads\\\/2023\\\/02\\\/73a70fd5-42dd-4a72-8a09-f6bcbe3df1e8.jpeg\",\"width\":1600,\"height\":1200},{\"@type\":\"BreadcrumbList\",\"@id\":\"https:\\\/\\\/buitenpizzaovenkopen.nl\\\/pizza-oven-kopen\\\/beek-pizzames-pizza-oven-aanbieding-bij-buitenpizzaovenkopen-nl\\\/#breadcrumb\",\"itemListElement\":[{\"@type\":\"ListItem\",\"position\":1,\"name\":\"Home\",\"item\":\"https:\\\/\\\/buitenpizzaovenkopen.nl\\\/\"},{\"@type\":\"ListItem\",\"position\":2,\"name\":\"Pizza oven kopen\",\"item\":\"https:\\\/\\\/buitenpizzaovenkopen.nl\\\/pizzaoven-kopen\\\/\"},{\"@type\":\"ListItem\",\"position\":3,\"name\":\"BEEK pizzames RVS 35cm &#8211; Professionele Pizza snijder\"}]},{\"@type\":\"WebSite\",\"@id\":\"https:\\\/\\\/buitenpizzaovenkopen.nl\\\/#website\",\"url\":\"https:\\\/\\\/buitenpizzaovenkopen.nl\\\/\",\"name\":\"Buitenpizzaovenkopen.nl\",\"description\":\"is onderdeel van Casa di Ruscello\",\"publisher\":{\"@id\":\"https:\\\/\\\/buitenpizzaovenkopen.nl\\\/#organization\"},\"potentialAction\":[{\"@type\":\"SearchAction\",\"target\":{\"@type\":\"EntryPoint\",\"urlTemplate\":\"https:\\\/\\\/buitenpizzaovenkopen.nl\\\/?s={search_term_string}\"},\"query-input\":{\"@type\":\"PropertyValueSpecification\",\"valueRequired\":true,\"valueName\":\"search_term_string\"}}],\"inLanguage\":\"fr-FR\"},{\"@type\":\"Organization\",\"@id\":\"https:\\\/\\\/buitenpizzaovenkopen.nl\\\/#organization\",\"name\":\"Casa du Ruscello\",\"url\":\"https:\\\/\\\/buitenpizzaovenkopen.nl\\\/\",\"logo\":{\"@type\":\"ImageObject\",\"inLanguage\":\"fr-FR\",\"@id\":\"https:\\\/\\\/buitenpizzaovenkopen.nl\\\/#\\\/schema\\\/logo\\\/image\\\/\",\"url\":\"https:\\\/\\\/buitenpizzaovenkopen.nl\\\/wp-content\\\/uploads\\\/2020\\\/02\\\/logo.gif\",\"contentUrl\":\"https:\\\/\\\/buitenpizzaovenkopen.nl\\\/wp-content\\\/uploads\\\/2020\\\/02\\\/logo.gif\",\"width\":300,\"height\":305,\"caption\":\"Casa du Ruscello\"},\"image\":{\"@id\":\"https:\\\/\\\/buitenpizzaovenkopen.nl\\\/#\\\/schema\\\/logo\\\/image\\\/\"}}]}<\/script>\n<!-- \/ Yoast SEO plugin. -->","yoast_head_json":{"title":"BEEK pizzames en acier inoxydable-offre sp\u00e9ciale buitenpizzaovenkopen.nl","description":"le BEEK Pizzames en acier inoxydable de 35 cm est id\u00e9al pour une vraie pizza amoureux de la pizzames est adapt\u00e9 pour les pizzas jusqu&#039;\u00e0 35cm","robots":{"index":"index","follow":"follow","max-snippet":"max-snippet:-1","max-image-preview":"max-image-preview:large","max-video-preview":"max-video-preview:-1"},"canonical":"https:\/\/buitenpizzaovenkopen.nl\/fr\/pizza-oven-kopen\/beek-pizzames-pizza-oven-aanbieding-bij-buitenpizzaovenkopen-nl\/","og_locale":"fr_FR","og_type":"article","og_title":"BEEK pizzames RVS - aanbieding bij buitenpizzaovenkopen.nl","og_description":"het BEEK Pizzames RVS van 35cm is ideaal voor de echte pizzaliefhebbers het pizzames is geschikt voor pizza's tot maar liefst 35cm","og_url":"https:\/\/buitenpizzaovenkopen.nl\/fr\/pizza-oven-kopen\/beek-pizzames-pizza-oven-aanbieding-bij-buitenpizzaovenkopen-nl\/","og_site_name":"Buitenpizzaovenkopen.nl","article_modified_time":"2025-05-12T20:32:13+00:00","og_image":[{"width":1600,"height":1200,"url":"https:\/\/buitenpizzaovenkopen.nl\/wp-content\/uploads\/2023\/02\/73a70fd5-42dd-4a72-8a09-f6bcbe3df1e8.jpeg","type":"image\/jpeg"}],"twitter_card":"summary_large_image","twitter_misc":{"Dur\u00e9e de lecture estim\u00e9e":"2 minutes"},"schema":{"@context":"https:\/\/schema.org","@graph":[{"@type":"WebPage","@id":"https:\/\/buitenpizzaovenkopen.nl\/pizza-oven-kopen\/beek-pizzames-pizza-oven-aanbieding-bij-buitenpizzaovenkopen-nl\/","url":"https:\/\/buitenpizzaovenkopen.nl\/pizza-oven-kopen\/beek-pizzames-pizza-oven-aanbieding-bij-buitenpizzaovenkopen-nl\/","name":"BEEK pizzames en acier inoxydable-offre sp\u00e9ciale buitenpizzaovenkopen.nl","isPartOf":{"@id":"https:\/\/buitenpizzaovenkopen.nl\/#website"},"primaryImageOfPage":{"@id":"https:\/\/buitenpizzaovenkopen.nl\/pizza-oven-kopen\/beek-pizzames-pizza-oven-aanbieding-bij-buitenpizzaovenkopen-nl\/#primaryimage"},"image":{"@id":"https:\/\/buitenpizzaovenkopen.nl\/pizza-oven-kopen\/beek-pizzames-pizza-oven-aanbieding-bij-buitenpizzaovenkopen-nl\/#primaryimage"},"thumbnailUrl":"https:\/\/buitenpizzaovenkopen.nl\/wp-content\/uploads\/2023\/02\/73a70fd5-42dd-4a72-8a09-f6bcbe3df1e8.jpeg","datePublished":"2023-02-01T13:22:52+00:00","dateModified":"2025-05-12T20:32:13+00:00","description":"le BEEK Pizzames en acier inoxydable de 35 cm est id\u00e9al pour une vraie pizza amoureux de la pizzames est adapt\u00e9 pour les pizzas jusqu&#039;\u00e0 35cm","breadcrumb":{"@id":"https:\/\/buitenpizzaovenkopen.nl\/pizza-oven-kopen\/beek-pizzames-pizza-oven-aanbieding-bij-buitenpizzaovenkopen-nl\/#breadcrumb"},"inLanguage":"fr-FR","potentialAction":[{"@type":"ReadAction","target":["https:\/\/buitenpizzaovenkopen.nl\/pizza-oven-kopen\/beek-pizzames-pizza-oven-aanbieding-bij-buitenpizzaovenkopen-nl\/"]}]},{"@type":"ImageObject","inLanguage":"fr-FR","@id":"https:\/\/buitenpizzaovenkopen.nl\/pizza-oven-kopen\/beek-pizzames-pizza-oven-aanbieding-bij-buitenpizzaovenkopen-nl\/#primaryimage","url":"https:\/\/buitenpizzaovenkopen.nl\/wp-content\/uploads\/2023\/02\/73a70fd5-42dd-4a72-8a09-f6bcbe3df1e8.jpeg","contentUrl":"https:\/\/buitenpizzaovenkopen.nl\/wp-content\/uploads\/2023\/02\/73a70fd5-42dd-4a72-8a09-f6bcbe3df1e8.jpeg","width":1600,"height":1200},{"@type":"BreadcrumbList","@id":"https:\/\/buitenpizzaovenkopen.nl\/pizza-oven-kopen\/beek-pizzames-pizza-oven-aanbieding-bij-buitenpizzaovenkopen-nl\/#breadcrumb","itemListElement":[{"@type":"ListItem","position":1,"name":"Home","item":"https:\/\/buitenpizzaovenkopen.nl\/"},{"@type":"ListItem","position":2,"name":"Pizza oven kopen","item":"https:\/\/buitenpizzaovenkopen.nl\/pizzaoven-kopen\/"},{"@type":"ListItem","position":3,"name":"BEEK pizzames RVS 35cm &#8211; Professionele Pizza snijder"}]},{"@type":"WebSite","@id":"https:\/\/buitenpizzaovenkopen.nl\/#website","url":"https:\/\/buitenpizzaovenkopen.nl\/","name":"Buitenpizzaovenkopen.nl","description":"fait partie de Casa Di Ruscello","publisher":{"@id":"https:\/\/buitenpizzaovenkopen.nl\/#organization"},"potentialAction":[{"@type":"SearchAction","target":{"@type":"EntryPoint","urlTemplate":"https:\/\/buitenpizzaovenkopen.nl\/?s={search_term_string}"},"query-input":{"@type":"PropertyValueSpecification","valueRequired":true,"valueName":"search_term_string"}}],"inLanguage":"fr-FR"},{"@type":"Organization","@id":"https:\/\/buitenpizzaovenkopen.nl\/#organization","name":"Casa du Ruscello","url":"https:\/\/buitenpizzaovenkopen.nl\/","logo":{"@type":"ImageObject","inLanguage":"fr-FR","@id":"https:\/\/buitenpizzaovenkopen.nl\/#\/schema\/logo\/image\/","url":"https:\/\/buitenpizzaovenkopen.nl\/wp-content\/uploads\/2020\/02\/logo.gif","contentUrl":"https:\/\/buitenpizzaovenkopen.nl\/wp-content\/uploads\/2020\/02\/logo.gif","width":300,"height":305,"caption":"Casa du Ruscello"},"image":{"@id":"https:\/\/buitenpizzaovenkopen.nl\/#\/schema\/logo\/image\/"}}]}},"_links":{"self":[{"href":"https:\/\/buitenpizzaovenkopen.nl\/fr\/wp-json\/wp\/v2\/product\/7161","targetHints":{"allow":["GET"]}}],"collection":[{"href":"https:\/\/buitenpizzaovenkopen.nl\/fr\/wp-json\/wp\/v2\/product"}],"about":[{"href":"https:\/\/buitenpizzaovenkopen.nl\/fr\/wp-json\/wp\/v2\/types\/product"}],"wp:featuredmedia":[{"embeddable":true,"href":"https:\/\/buitenpizzaovenkopen.nl\/fr\/wp-json\/wp\/v2\/media\/8874"}],"wp:attachment":[{"href":"https:\/\/buitenpizzaovenkopen.nl\/fr\/wp-json\/wp\/v2\/media?parent=7161"}],"wp:term":[{"taxonomy":"product_brand","embeddable":true,"href":"https:\/\/buitenpizzaovenkopen.nl\/fr\/wp-json\/wp\/v2\/product_brand?post=7161"},{"taxonomy":"product_cat","embeddable":true,"href":"https:\/\/buitenpizzaovenkopen.nl\/fr\/wp-json\/wp\/v2\/product_cat?post=7161"},{"taxonomy":"product_tag","embeddable":true,"href":"https:\/\/buitenpizzaovenkopen.nl\/fr\/wp-json\/wp\/v2\/product_tag?post=7161"}],"curies":[{"name":"wp","href":"https:\/\/api.w.org\/{rel}","templated":true}]}}