{"id":6732,"date":"2022-02-23T21:07:48","date_gmt":"2022-02-23T20:07:48","guid":{"rendered":"https:\/\/buitenpizzaovenkopen.nl\/?post_type=product&#038;p=6732"},"modified":"2024-04-24T00:01:30","modified_gmt":"2024-04-23T22:01:30","slug":"onderstel-beek-90-hoogte-104cm","status":"publish","type":"product","link":"https:\/\/buitenpizzaovenkopen.nl\/fr\/pizza-oven-kopen\/onderstel-beek-90-hoogte-104cm\/","title":{"rendered":"La Base de four \u00e0 Pizza BEEK 90, hauteur 104cm, correspondant \u00e0 la GRANDE Beek"},"content":{"rendered":"<p>Le four \u00e0 Pizza BEEK 90 de base est sp\u00e9cifiquement con\u00e7u pour augmenter la fonctionnalit\u00e9 et la mobilit\u00e9 de votre four \u00e0 pizza au bois. Avec un id\u00e9al de travail hauteur de 104 cm, ce ch\u00e2ssis est parfait pour toute personne qui veut travailler confortablement et efficacement, sans torsion ou d&#039;\u00e9tirement. Cela en fait un excellent choix pour les usages domestique et commercial, en particulier dans les pays d&#039;europe du Nord o\u00f9 il y a une hauteur de travail souhait\u00e9e.<\/p>\n<p>Con\u00e7u \u00e0 partir de 1,5 mm d&#039;\u00e9paisseur en acier robuste, cette base dispose d&#039;une semelle de couleur noir mat rev\u00eatement de poudre, ce qui lui donne un look \u00e9l\u00e9gant et prot\u00e8ge contre les \u00e9l\u00e9ments. Il est sp\u00e9cialement con\u00e7u pour supporter les BEEK Grande, mais il est \u00e9galement compatible avec d&#039;autres mod\u00e8les de fours \u00e0 pizza. Le ch\u00e2ssis peut \u00eatre facilement d\u00e9plac\u00e9 gr\u00e2ce \u00e0 la forte roulettes de 100 mm, le rendant id\u00e9al pour les installations fixes et mobiles des applications telles que les camions de nourriture et d&#039;\u00e9v\u00e9nements en plein air.<\/p>\n<p>L&#039;installation du ch\u00e2ssis est simple et rapide. Il peut \u00eatre assembl\u00e9 ou d\u00e9mont\u00e9 en moins de 15 minutes, de simplifier le transport et le stockage. Ceci est particuli\u00e8rement utile pour les traiteurs et organisateurs d&#039;\u00e9v\u00e9nements qui ont besoin de d\u00e9placer leur \u00e9quipement r\u00e9guli\u00e8rement.<\/p>\n<p>En outre, le ch\u00e2ssis offre un vaste espace de rangement pour le bois, avec de l&#039;espace pour environ 0,5 m\u00e8tres cubes de bois empil\u00e9s sous le four. L&#039;extension optionnelle tops de fournir plus d&#039;espace de travail et de rangement pour les ustensiles de cuisine tels que des pizzas de scoops, de la rotation de scoops et d&#039;un four pinceaux. La premi\u00e8re extension de la feuille de mesures 25\u00d770 cm, id\u00e9al pour ranger les outils, tandis que le second 50\u00d770 cm de la feuille de sert comme un espace de travail suppl\u00e9mentaire pour la pr\u00e9paration des plats.<\/p>\n<p>Le Four \u00e0 Pizza BEEK 90 de la base \u00e0 la fois pratique et design \u00e9l\u00e9gant, il est un plus indispensable pour toute pizza maker, qui s&#039;efforce de fonctionnalit\u00e9 et d&#039;efficacit\u00e9 dans leur espace de cuisson. Mise \u00e0 niveau de votre cuisson pizza exp\u00e9rience avec cette haute qualit\u00e9, personnalisable et facile \u00e0 utiliser de base.<\/p>\n<p>Facile \u00e0 assembler.<br \/>\nLa largeur est de + \/ - 90 cm<br \/>\nLongueur de+ \/ - 70 cm<br \/>\nHauteur totale 104 cm, cet id\u00e9al de la hauteur de travail est agr\u00e9able d&#039;\u00eatre en mesure de bien regarder dans le four et ainsi \u00eatre en mesure de faire cuire vos pizzas ou autres plats.<br \/>\nC&#039;est pourquoi nous vous proposons ces ch\u00e2ssis en particulier pour les pays d&#039;europe du Nord.<\/p>\n<p>Il ya beaucoup d&#039;espace pour votre bois de rangement sous le four \u00e0 pizza, mais il y a aussi la possibilit\u00e9 de commander des pi\u00e8ces suppl\u00e9mentaires en option.<br \/>\nPlaque de montage 1: 25\u00d770 cm pour votre pizza scoop, le Rotary pelle et brosse.<br \/>\nL&#039;Extension de la feuille 2: 50\u00d770 cm ainsi qu&#039;un plan de travail pour la pr\u00e9paration de vos pizzas ou autres plats.<\/p>\n<p><a href=\"https:\/\/www.google.com\/maps\/place\/Smitsweg+5,+5375+KS+Reek\/@51.7356336,5.6855498,17z\/data=!3m1!4b1!4m5!3m4!1s0x47c7035d5350f489:0x80b7bd4ba114c8b3!8m2!3d51.7356303!4d5.6877385\" target=\"_blank\" rel=\"noopener\">R\u00e9cup\u00e9rer<\/a> est gratuite. De-pour le montage dans 5 \u00e0 15 minutes et puis s&#039;int\u00e8gre dans tous les v\u00e9hicules.<\/p>\n<p>Avez-vous des questions? <a href=\"https:\/\/buitenpizzaovenkopen.nl\/fr\/contact-buitenpizzaovenkopen\/\">contacter<\/a> en toute libert\u00e9!<\/p>","protected":false},"excerpt":{"rendered":"<p>De Base, faite sp\u00e9cialement pour au feu de bois mobile fours \u00e0 pizza et \u00e0 une amende hauteur de travail de 104cm.<br \/>\nLa Base est faite de 1,5 mm en acier et compl\u00e8tement couch\u00e9 dans la couleur Noir Mat.<br \/>\npour Maxime 70, BEEK Classico 70, Jolly 70, Alfa, Clementi et d&#039;autres marques. S&#039;adapte sur chaque terrasse, mais aussi \u00e0 travers chaque porte.<br \/>\nPar \u00e0 l&#039;aide de roulettes de 100 mm facile \u00e0 d\u00e9placer sur la terrasse.<br \/>\nAu fond, la possibilit\u00e9 de 0,5 M3 de bois empil\u00e9s pour votre four \u00e0 pizza.<\/p>","protected":false},"featured_media":6724,"template":"","meta":{"_monsterinsights_skip_tracking":false,"_monsterinsights_sitenote_active":false,"_monsterinsights_sitenote_note":"","_monsterinsights_sitenote_category":0,"site-sidebar-layout":"default","site-content-layout":"default","ast-site-content-layout":"default","site-content-style":"default","site-sidebar-style":"default","ast-global-header-display":"","ast-banner-title-visibility":"","ast-main-header-display":"","ast-hfb-above-header-display":"","ast-hfb-below-header-display":"","ast-hfb-mobile-header-display":"","site-post-title":"","ast-breadcrumbs-content":"","ast-featured-img":"","footer-sml-layout":"","ast-disable-related-posts":"","theme-transparent-header-meta":"default","adv-header-id-meta":"","stick-header-meta":"","header-above-stick-meta":"","header-main-stick-meta":"","header-below-stick-meta":"","astra-migrate-meta-layouts":"set","ast-page-background-enabled":"default","ast-page-background-meta":{"desktop":{"background-color":"","background-image":"","background-repeat":"repeat","background-position":"center center","background-size":"auto","background-attachment":"scroll","background-type":"","background-media":"","overlay-type":"","overlay-color":"","overlay-opacity":"","overlay-gradient":""},"tablet":{"background-color":"","background-image":"","background-repeat":"repeat","background-position":"center center","background-size":"auto","background-attachment":"scroll","background-type":"","background-media":"","overlay-type":"","overlay-color":"","overlay-opacity":"","overlay-gradient":""},"mobile":{"background-color":"","background-image":"","background-repeat":"repeat","background-position":"center center","background-size":"auto","background-attachment":"scroll","background-type":"","background-media":"","overlay-type":"","overlay-color":"","overlay-opacity":"","overlay-gradient":""}},"ast-content-background-meta":{"desktop":{"background-color":"var(--ast-global-color-5)","background-image":"","background-repeat":"repeat","background-position":"center center","background-size":"auto","background-attachment":"scroll","background-type":"","background-media":"","overlay-type":"","overlay-color":"","overlay-opacity":"","overlay-gradient":""},"tablet":{"background-color":"var(--ast-global-color-5)","background-image":"","background-repeat":"repeat","background-position":"center center","background-size":"auto","background-attachment":"scroll","background-type":"","background-media":"","overlay-type":"","overlay-color":"","overlay-opacity":"","overlay-gradient":""},"mobile":{"background-color":"var(--ast-global-color-5)","background-image":"","background-repeat":"repeat","background-position":"center center","background-size":"auto","background-attachment":"scroll","background-type":"","background-media":"","overlay-type":"","overlay-color":"","overlay-opacity":"","overlay-gradient":""}}},"product_brand":[],"product_cat":[110],"product_tag":[],"class_list":{"0":"post-6732","1":"product","2":"type-product","3":"status-publish","4":"has-post-thumbnail","6":"product_cat-onderstellen","7":"product_shipping_class-verzendklasse-4","8":"desktop-align-left","9":"tablet-align-left","10":"mobile-align-left","12":"first","13":"instock","14":"taxable","15":"shipping-taxable","16":"purchasable","17":"product-type-variable","18":"has-default-attributes"},"yoast_head":"<!-- This site is optimized with the Yoast SEO plugin v27.5 - https:\/\/yoast.com\/product\/yoast-seo-wordpress\/ -->\n<title>Onderstel Pizza oven BEEK 90, hoogte 104cm, passend bij de BEEK GRANDE - Buitenpizzaovenkopen.nl Onderstel Pizza oven BEEK 90, hoogte 104cm, passend bij de BEEK GRANDE %<\/title>\n<meta name=\"description\" content=\"Ontdek het Onderstel Pizza Oven BEEK 90, perfect voor de BEEK GRANDE en andere grote ovens, met een ideale hoogte van 104cm voor optimale gebruiksgemak.\" \/>\n<meta name=\"robots\" content=\"index, follow, max-snippet:-1, max-image-preview:large, max-video-preview:-1\" \/>\n<link rel=\"canonical\" href=\"https:\/\/buitenpizzaovenkopen.nl\/fr\/pizza-oven-kopen\/onderstel-beek-90-hoogte-104cm\/\" \/>\n<meta property=\"og:locale\" content=\"fr_FR\" \/>\n<meta property=\"og:type\" content=\"article\" \/>\n<meta property=\"og:title\" content=\"Onderstel Pizza oven BEEK 90, hoogte 104cm, passend bij de BEEK GRANDE - Buitenpizzaovenkopen.nl Onderstel Pizza oven BEEK 90, hoogte 104cm, passend bij de BEEK GRANDE %\" \/>\n<meta property=\"og:description\" content=\"Ontdek het Onderstel Pizza Oven BEEK 90, perfect voor de BEEK GRANDE en andere grote ovens, met een ideale hoogte van 104cm voor optimale gebruiksgemak.\" \/>\n<meta property=\"og:url\" content=\"https:\/\/buitenpizzaovenkopen.nl\/fr\/pizza-oven-kopen\/onderstel-beek-90-hoogte-104cm\/\" \/>\n<meta property=\"og:site_name\" content=\"Buitenpizzaovenkopen.nl\" \/>\n<meta property=\"article:modified_time\" content=\"2024-04-23T22:01:30+00:00\" \/>\n<meta property=\"og:image\" content=\"https:\/\/buitenpizzaovenkopen.nl\/wp-content\/uploads\/2021\/01\/AFF19BC3-56F4-43CE-817E-D25E3BAF4304-scaled.jpeg\" \/>\n\t<meta property=\"og:image:width\" content=\"1920\" \/>\n\t<meta property=\"og:image:height\" content=\"2560\" \/>\n\t<meta property=\"og:image:type\" content=\"image\/jpeg\" \/>\n<meta name=\"twitter:card\" content=\"summary_large_image\" \/>\n<meta name=\"twitter:label1\" content=\"Dur\u00e9e de lecture estim\u00e9e\" \/>\n\t<meta name=\"twitter:data1\" content=\"3 minutes\" \/>\n<script type=\"application\/ld+json\" class=\"yoast-schema-graph\">{\"@context\":\"https:\\\/\\\/schema.org\",\"@graph\":[{\"@type\":\"WebPage\",\"@id\":\"https:\\\/\\\/buitenpizzaovenkopen.nl\\\/pizza-oven-kopen\\\/onderstel-beek-90-hoogte-104cm\\\/\",\"url\":\"https:\\\/\\\/buitenpizzaovenkopen.nl\\\/pizza-oven-kopen\\\/onderstel-beek-90-hoogte-104cm\\\/\",\"name\":\"Onderstel Pizza oven BEEK 90, hoogte 104cm, passend bij de BEEK GRANDE - Buitenpizzaovenkopen.nl Onderstel Pizza oven BEEK 90, hoogte 104cm, passend bij de BEEK GRANDE %\",\"isPartOf\":{\"@id\":\"https:\\\/\\\/buitenpizzaovenkopen.nl\\\/#website\"},\"primaryImageOfPage\":{\"@id\":\"https:\\\/\\\/buitenpizzaovenkopen.nl\\\/pizza-oven-kopen\\\/onderstel-beek-90-hoogte-104cm\\\/#primaryimage\"},\"image\":{\"@id\":\"https:\\\/\\\/buitenpizzaovenkopen.nl\\\/pizza-oven-kopen\\\/onderstel-beek-90-hoogte-104cm\\\/#primaryimage\"},\"thumbnailUrl\":\"https:\\\/\\\/buitenpizzaovenkopen.nl\\\/wp-content\\\/uploads\\\/2021\\\/01\\\/AFF19BC3-56F4-43CE-817E-D25E3BAF4304-scaled.jpeg\",\"datePublished\":\"2022-02-23T20:07:48+00:00\",\"dateModified\":\"2024-04-23T22:01:30+00:00\",\"description\":\"Ontdek het Onderstel Pizza Oven BEEK 90, perfect voor de BEEK GRANDE en andere grote ovens, met een ideale hoogte van 104cm voor optimale gebruiksgemak.\",\"breadcrumb\":{\"@id\":\"https:\\\/\\\/buitenpizzaovenkopen.nl\\\/pizza-oven-kopen\\\/onderstel-beek-90-hoogte-104cm\\\/#breadcrumb\"},\"inLanguage\":\"fr-FR\",\"potentialAction\":[{\"@type\":\"ReadAction\",\"target\":[\"https:\\\/\\\/buitenpizzaovenkopen.nl\\\/pizza-oven-kopen\\\/onderstel-beek-90-hoogte-104cm\\\/\"]}]},{\"@type\":\"ImageObject\",\"inLanguage\":\"fr-FR\",\"@id\":\"https:\\\/\\\/buitenpizzaovenkopen.nl\\\/pizza-oven-kopen\\\/onderstel-beek-90-hoogte-104cm\\\/#primaryimage\",\"url\":\"https:\\\/\\\/buitenpizzaovenkopen.nl\\\/wp-content\\\/uploads\\\/2021\\\/01\\\/AFF19BC3-56F4-43CE-817E-D25E3BAF4304-scaled.jpeg\",\"contentUrl\":\"https:\\\/\\\/buitenpizzaovenkopen.nl\\\/wp-content\\\/uploads\\\/2021\\\/01\\\/AFF19BC3-56F4-43CE-817E-D25E3BAF4304-scaled.jpeg\",\"width\":1920,\"height\":2560,\"caption\":\"BEEK Grande Pizza Oven - Onderstel Pizza oven BEEK 90\"},{\"@type\":\"BreadcrumbList\",\"@id\":\"https:\\\/\\\/buitenpizzaovenkopen.nl\\\/pizza-oven-kopen\\\/onderstel-beek-90-hoogte-104cm\\\/#breadcrumb\",\"itemListElement\":[{\"@type\":\"ListItem\",\"position\":1,\"name\":\"Home\",\"item\":\"https:\\\/\\\/buitenpizzaovenkopen.nl\\\/\"},{\"@type\":\"ListItem\",\"position\":2,\"name\":\"Pizza oven kopen\",\"item\":\"https:\\\/\\\/buitenpizzaovenkopen.nl\\\/pizzaoven-kopen\\\/\"},{\"@type\":\"ListItem\",\"position\":3,\"name\":\"Onderstel Pizza oven BEEK 90, hoogte 104cm, passend bij de BEEK GRANDE\"}]},{\"@type\":\"WebSite\",\"@id\":\"https:\\\/\\\/buitenpizzaovenkopen.nl\\\/#website\",\"url\":\"https:\\\/\\\/buitenpizzaovenkopen.nl\\\/\",\"name\":\"Buitenpizzaovenkopen.nl\",\"description\":\"is onderdeel van Casa di Ruscello\",\"publisher\":{\"@id\":\"https:\\\/\\\/buitenpizzaovenkopen.nl\\\/#organization\"},\"potentialAction\":[{\"@type\":\"SearchAction\",\"target\":{\"@type\":\"EntryPoint\",\"urlTemplate\":\"https:\\\/\\\/buitenpizzaovenkopen.nl\\\/?s={search_term_string}\"},\"query-input\":{\"@type\":\"PropertyValueSpecification\",\"valueRequired\":true,\"valueName\":\"search_term_string\"}}],\"inLanguage\":\"fr-FR\"},{\"@type\":\"Organization\",\"@id\":\"https:\\\/\\\/buitenpizzaovenkopen.nl\\\/#organization\",\"name\":\"Casa du Ruscello\",\"url\":\"https:\\\/\\\/buitenpizzaovenkopen.nl\\\/\",\"logo\":{\"@type\":\"ImageObject\",\"inLanguage\":\"fr-FR\",\"@id\":\"https:\\\/\\\/buitenpizzaovenkopen.nl\\\/#\\\/schema\\\/logo\\\/image\\\/\",\"url\":\"https:\\\/\\\/buitenpizzaovenkopen.nl\\\/wp-content\\\/uploads\\\/2020\\\/02\\\/logo.gif\",\"contentUrl\":\"https:\\\/\\\/buitenpizzaovenkopen.nl\\\/wp-content\\\/uploads\\\/2020\\\/02\\\/logo.gif\",\"width\":300,\"height\":305,\"caption\":\"Casa du Ruscello\"},\"image\":{\"@id\":\"https:\\\/\\\/buitenpizzaovenkopen.nl\\\/#\\\/schema\\\/logo\\\/image\\\/\"}}]}<\/script>\n<!-- \/ Yoast SEO plugin. -->","yoast_head_json":{"title":"La Base de four \u00e0 Pizza BEEK 90, hauteur 104cm, correspondant \u00e0 l&#039;Beek GRANDE - Buitenpizzaovenkopen.nl la base de four \u00e0 Pizza BEEK 90, hauteur 104cm, correspondant \u00e0 l&#039;Beek GRANDE %","description":"D\u00e9couvrez le Four \u00e0 Pizza BEEK 90 de base, parfait pour les Beek GRANDE et d&#039;autres grands fours, avec une hauteur id\u00e9ale de 104cm pour une facilit\u00e9 d&#039;utilisation optimale.","robots":{"index":"index","follow":"follow","max-snippet":"max-snippet:-1","max-image-preview":"max-image-preview:large","max-video-preview":"max-video-preview:-1"},"canonical":"https:\/\/buitenpizzaovenkopen.nl\/fr\/pizza-oven-kopen\/onderstel-beek-90-hoogte-104cm\/","og_locale":"fr_FR","og_type":"article","og_title":"Onderstel Pizza oven BEEK 90, hoogte 104cm, passend bij de BEEK GRANDE - Buitenpizzaovenkopen.nl Onderstel Pizza oven BEEK 90, hoogte 104cm, passend bij de BEEK GRANDE %","og_description":"Ontdek het Onderstel Pizza Oven BEEK 90, perfect voor de BEEK GRANDE en andere grote ovens, met een ideale hoogte van 104cm voor optimale gebruiksgemak.","og_url":"https:\/\/buitenpizzaovenkopen.nl\/fr\/pizza-oven-kopen\/onderstel-beek-90-hoogte-104cm\/","og_site_name":"Buitenpizzaovenkopen.nl","article_modified_time":"2024-04-23T22:01:30+00:00","og_image":[{"width":1920,"height":2560,"url":"https:\/\/buitenpizzaovenkopen.nl\/wp-content\/uploads\/2021\/01\/AFF19BC3-56F4-43CE-817E-D25E3BAF4304-scaled.jpeg","type":"image\/jpeg"}],"twitter_card":"summary_large_image","twitter_misc":{"Dur\u00e9e de lecture estim\u00e9e":"3 minutes"},"schema":{"@context":"https:\/\/schema.org","@graph":[{"@type":"WebPage","@id":"https:\/\/buitenpizzaovenkopen.nl\/pizza-oven-kopen\/onderstel-beek-90-hoogte-104cm\/","url":"https:\/\/buitenpizzaovenkopen.nl\/pizza-oven-kopen\/onderstel-beek-90-hoogte-104cm\/","name":"La Base de four \u00e0 Pizza BEEK 90, hauteur 104cm, correspondant \u00e0 l&#039;Beek GRANDE - Buitenpizzaovenkopen.nl la base de four \u00e0 Pizza BEEK 90, hauteur 104cm, correspondant \u00e0 l&#039;Beek GRANDE %","isPartOf":{"@id":"https:\/\/buitenpizzaovenkopen.nl\/#website"},"primaryImageOfPage":{"@id":"https:\/\/buitenpizzaovenkopen.nl\/pizza-oven-kopen\/onderstel-beek-90-hoogte-104cm\/#primaryimage"},"image":{"@id":"https:\/\/buitenpizzaovenkopen.nl\/pizza-oven-kopen\/onderstel-beek-90-hoogte-104cm\/#primaryimage"},"thumbnailUrl":"https:\/\/buitenpizzaovenkopen.nl\/wp-content\/uploads\/2021\/01\/AFF19BC3-56F4-43CE-817E-D25E3BAF4304-scaled.jpeg","datePublished":"2022-02-23T20:07:48+00:00","dateModified":"2024-04-23T22:01:30+00:00","description":"D\u00e9couvrez le Four \u00e0 Pizza BEEK 90 de base, parfait pour les Beek GRANDE et d&#039;autres grands fours, avec une hauteur id\u00e9ale de 104cm pour une facilit\u00e9 d&#039;utilisation optimale.","breadcrumb":{"@id":"https:\/\/buitenpizzaovenkopen.nl\/pizza-oven-kopen\/onderstel-beek-90-hoogte-104cm\/#breadcrumb"},"inLanguage":"fr-FR","potentialAction":[{"@type":"ReadAction","target":["https:\/\/buitenpizzaovenkopen.nl\/pizza-oven-kopen\/onderstel-beek-90-hoogte-104cm\/"]}]},{"@type":"ImageObject","inLanguage":"fr-FR","@id":"https:\/\/buitenpizzaovenkopen.nl\/pizza-oven-kopen\/onderstel-beek-90-hoogte-104cm\/#primaryimage","url":"https:\/\/buitenpizzaovenkopen.nl\/wp-content\/uploads\/2021\/01\/AFF19BC3-56F4-43CE-817E-D25E3BAF4304-scaled.jpeg","contentUrl":"https:\/\/buitenpizzaovenkopen.nl\/wp-content\/uploads\/2021\/01\/AFF19BC3-56F4-43CE-817E-D25E3BAF4304-scaled.jpeg","width":1920,"height":2560,"caption":"BEEK Grande Pizza Oven - Onderstel Pizza oven BEEK 90"},{"@type":"BreadcrumbList","@id":"https:\/\/buitenpizzaovenkopen.nl\/pizza-oven-kopen\/onderstel-beek-90-hoogte-104cm\/#breadcrumb","itemListElement":[{"@type":"ListItem","position":1,"name":"Home","item":"https:\/\/buitenpizzaovenkopen.nl\/"},{"@type":"ListItem","position":2,"name":"Pizza oven kopen","item":"https:\/\/buitenpizzaovenkopen.nl\/pizzaoven-kopen\/"},{"@type":"ListItem","position":3,"name":"Onderstel Pizza oven BEEK 90, hoogte 104cm, passend bij de BEEK GRANDE"}]},{"@type":"WebSite","@id":"https:\/\/buitenpizzaovenkopen.nl\/#website","url":"https:\/\/buitenpizzaovenkopen.nl\/","name":"Buitenpizzaovenkopen.nl","description":"fait partie de Casa Di Ruscello","publisher":{"@id":"https:\/\/buitenpizzaovenkopen.nl\/#organization"},"potentialAction":[{"@type":"SearchAction","target":{"@type":"EntryPoint","urlTemplate":"https:\/\/buitenpizzaovenkopen.nl\/?s={search_term_string}"},"query-input":{"@type":"PropertyValueSpecification","valueRequired":true,"valueName":"search_term_string"}}],"inLanguage":"fr-FR"},{"@type":"Organization","@id":"https:\/\/buitenpizzaovenkopen.nl\/#organization","name":"Casa du Ruscello","url":"https:\/\/buitenpizzaovenkopen.nl\/","logo":{"@type":"ImageObject","inLanguage":"fr-FR","@id":"https:\/\/buitenpizzaovenkopen.nl\/#\/schema\/logo\/image\/","url":"https:\/\/buitenpizzaovenkopen.nl\/wp-content\/uploads\/2020\/02\/logo.gif","contentUrl":"https:\/\/buitenpizzaovenkopen.nl\/wp-content\/uploads\/2020\/02\/logo.gif","width":300,"height":305,"caption":"Casa du Ruscello"},"image":{"@id":"https:\/\/buitenpizzaovenkopen.nl\/#\/schema\/logo\/image\/"}}]}},"_links":{"self":[{"href":"https:\/\/buitenpizzaovenkopen.nl\/fr\/wp-json\/wp\/v2\/product\/6732","targetHints":{"allow":["GET"]}}],"collection":[{"href":"https:\/\/buitenpizzaovenkopen.nl\/fr\/wp-json\/wp\/v2\/product"}],"about":[{"href":"https:\/\/buitenpizzaovenkopen.nl\/fr\/wp-json\/wp\/v2\/types\/product"}],"wp:featuredmedia":[{"embeddable":true,"href":"https:\/\/buitenpizzaovenkopen.nl\/fr\/wp-json\/wp\/v2\/media\/6724"}],"wp:attachment":[{"href":"https:\/\/buitenpizzaovenkopen.nl\/fr\/wp-json\/wp\/v2\/media?parent=6732"}],"wp:term":[{"taxonomy":"product_brand","embeddable":true,"href":"https:\/\/buitenpizzaovenkopen.nl\/fr\/wp-json\/wp\/v2\/product_brand?post=6732"},{"taxonomy":"product_cat","embeddable":true,"href":"https:\/\/buitenpizzaovenkopen.nl\/fr\/wp-json\/wp\/v2\/product_cat?post=6732"},{"taxonomy":"product_tag","embeddable":true,"href":"https:\/\/buitenpizzaovenkopen.nl\/fr\/wp-json\/wp\/v2\/product_tag?post=6732"}],"curies":[{"name":"wp","href":"https:\/\/api.w.org\/{rel}","templated":true}]}}