{"id":6707,"date":"2022-02-17T14:15:31","date_gmt":"2022-02-17T13:15:31","guid":{"rendered":"https:\/\/buitenpizzaovenkopen.nl\/?post_type=product&#038;p=6707"},"modified":"2025-12-04T10:18:34","modified_gmt":"2025-12-04T09:18:34","slug":"pizza-scheppen-set-3-delig","status":"publish","type":"product","link":"https:\/\/buitenpizzaovenkopen.nl\/fr\/pizza-oven-kopen\/pizza-scheppen-set-3-delig\/","title":{"rendered":"3-delige pizza scheppen ensemble 80cm"},"content":{"rendered":"<p>Le 3-morceau de pizza excavation est la palette d&#039;outils id\u00e9ale pour toute personne qui souhaite ma\u00eetriser l&#039;art de la cuisson pizza \u00e0 la maison. Ce set se compose de trois outils essentiels que chaque pizza amant besoins: une grande pizza scoop, une pratique Rotary scoop et un robuste four pinceau. Chaque pi\u00e8ce de cet ensemble a \u00e9t\u00e9 con\u00e7u avec la facilit\u00e9 d&#039;utilisation et l&#039;efficacit\u00e9 \u00e0 l&#039;esprit, vous permettant de fonctionner comme un vrai pizzaiolo dans votre propre cuisine.<\/p>\n<p>La grande pizza scoop est parfait pour transporter en toute s\u00e9curit\u00e9 glissez votre pizzas dans un four chaud. Avec un diam\u00e8tre de 30cm et faite de haute qualit\u00e9 en acier inoxydable, il offre assez d&#039;espace pour les grandes ou les petites pizzas. le long manche en bois assure une distance s\u00e9curitaire de la chaleur, tandis que la poign\u00e9e ergonomique garantit une tenue confortable.<\/p>\n<p>Le tournant scoop est plus petit et plus agile, id\u00e9al pour se transformer pizzas dans le four pour assurer une cuisson uniforme. La pelle a une conception compacte qui permet avec pr\u00e9cision de man\u0153uvre et de surveiller la cuisson du statut de la pizza. Cela est essentiel pour parvenir \u00e0 la perfection croquant bas sans endommager la pizza.<\/p>\n<p>La semelle four pinceau est un must-have pour maintenir le four. Cette brosse permet d&#039;enlever efficacement les cendres et les d\u00e9bris d&#039;aliments, ce qui est essentiel pour assurer la qualit\u00e9 de chaque pizza. Le long manche de la brosse permet d&#039;atteindre en profondeur dans le four sans se soucier de la chaleur.<\/p>\n<p>Ce 3 pi\u00e8ces de pizza excavation n&#039;est pas seulement pratique, mais aussi un investissement dans vos comp\u00e9tences de cuisson. Il vous permet de travailler avec pr\u00e9cision et en toute confiance, si vous \u00eates un d\u00e9butant ou exp\u00e9riment\u00e9 dans le pizzaiolo. Mise \u00e0 niveau de votre pizza outils d&#039;aujourd&#039;hui et de transformer votre cuisine en un italien pizzeria!<\/p>\n<p>Pizza scoops jeu de Casa Di Ruscello avec manche en bois compos\u00e9 de:<br \/>\n- FALCI pizza scoop 30cm en acier inoxydable avec bord sur\u00e9lev\u00e9<br \/>\n<span style=\"font-size: 16px\">- FALCI platine de 19 cm en acier inoxydable<br \/>\n- Four pinceau\u00a0<\/span><\/p>\n<p>Avez-vous des questions? Prendre aucune obligation <a href=\"https:\/\/buitenpizzaovenkopen.nl\/fr\/contact-buitenpizzaovenkopen\/\">contacter<\/a> en toute libert\u00e9!<\/p>","protected":false},"excerpt":{"rendered":"<p>Pizza scoops jeu de Casa Di Ruscello avec manche en bois compos\u00e9 de:<br \/>\n- FALCI pizza scoop 30cm en acier inoxydable avec bord sur\u00e9lev\u00e9<br \/>\n- FALCI platine de 19 cm en acier inoxydable<br \/>\n- Four pinceau<\/p>","protected":false},"featured_media":6709,"template":"","meta":{"_monsterinsights_skip_tracking":false,"_monsterinsights_sitenote_active":false,"_monsterinsights_sitenote_note":"","_monsterinsights_sitenote_category":0,"site-sidebar-layout":"default","site-content-layout":"default","ast-site-content-layout":"default","site-content-style":"default","site-sidebar-style":"default","ast-global-header-display":"","ast-banner-title-visibility":"","ast-main-header-display":"","ast-hfb-above-header-display":"","ast-hfb-below-header-display":"","ast-hfb-mobile-header-display":"","site-post-title":"","ast-breadcrumbs-content":"","ast-featured-img":"","footer-sml-layout":"","ast-disable-related-posts":"","theme-transparent-header-meta":"default","adv-header-id-meta":"","stick-header-meta":"","header-above-stick-meta":"","header-main-stick-meta":"","header-below-stick-meta":"","astra-migrate-meta-layouts":"set","ast-page-background-enabled":"default","ast-page-background-meta":{"desktop":{"background-color":"","background-image":"","background-repeat":"repeat","background-position":"center center","background-size":"auto","background-attachment":"scroll","background-type":"","background-media":"","overlay-type":"","overlay-color":"","overlay-opacity":"","overlay-gradient":""},"tablet":{"background-color":"","background-image":"","background-repeat":"repeat","background-position":"center center","background-size":"auto","background-attachment":"scroll","background-type":"","background-media":"","overlay-type":"","overlay-color":"","overlay-opacity":"","overlay-gradient":""},"mobile":{"background-color":"","background-image":"","background-repeat":"repeat","background-position":"center center","background-size":"auto","background-attachment":"scroll","background-type":"","background-media":"","overlay-type":"","overlay-color":"","overlay-opacity":"","overlay-gradient":""}},"ast-content-background-meta":{"desktop":{"background-color":"var(--ast-global-color-5)","background-image":"","background-repeat":"repeat","background-position":"center center","background-size":"auto","background-attachment":"scroll","background-type":"","background-media":"","overlay-type":"","overlay-color":"","overlay-opacity":"","overlay-gradient":""},"tablet":{"background-color":"var(--ast-global-color-5)","background-image":"","background-repeat":"repeat","background-position":"center center","background-size":"auto","background-attachment":"scroll","background-type":"","background-media":"","overlay-type":"","overlay-color":"","overlay-opacity":"","overlay-gradient":""},"mobile":{"background-color":"var(--ast-global-color-5)","background-image":"","background-repeat":"repeat","background-position":"center center","background-size":"auto","background-attachment":"scroll","background-type":"","background-media":"","overlay-type":"","overlay-color":"","overlay-opacity":"","overlay-gradient":""}}},"product_brand":[],"product_cat":[91],"product_tag":[112,113,114,111],"class_list":{"0":"post-6707","1":"product","2":"type-product","3":"status-publish","4":"has-post-thumbnail","6":"product_cat-pizza-accessoires","7":"product_tag-draaischep","8":"product_tag-falci","9":"product_tag-ovenborstel","10":"product_tag-pizzaschep","11":"product_shipping_class-verzendklasse-0","12":"desktop-align-left","13":"tablet-align-left","14":"mobile-align-left","16":"first","17":"instock","18":"taxable","19":"shipping-taxable","20":"purchasable","21":"product-type-simple"},"yoast_head":"<!-- This site is optimized with the Yoast SEO plugin v27.4 - https:\/\/yoast.com\/product\/yoast-seo-wordpress\/ -->\n<title>3-delige pizza scheppen set 80cm - Buitenpizzaovenkopen.nl<\/title>\n<meta name=\"description\" content=\"Haal het beste uit elke pizza-avond met onze 3-delige pizza scheppen set, inclusief een pizzaschep, draaischep, en ovenborstel!\" \/>\n<meta name=\"robots\" content=\"index, follow, max-snippet:-1, max-image-preview:large, max-video-preview:-1\" \/>\n<link rel=\"canonical\" href=\"https:\/\/buitenpizzaovenkopen.nl\/fr\/pizza-oven-kopen\/pizza-scheppen-set-3-delig\/\" \/>\n<meta property=\"og:locale\" content=\"fr_FR\" \/>\n<meta property=\"og:type\" content=\"article\" \/>\n<meta property=\"og:title\" content=\"3-delige pizza scheppen set 80cm - Buitenpizzaovenkopen.nl\" \/>\n<meta property=\"og:description\" content=\"Haal het beste uit elke pizza-avond met onze 3-delige pizza scheppen set, inclusief een pizzaschep, draaischep, en ovenborstel!\" \/>\n<meta property=\"og:url\" content=\"https:\/\/buitenpizzaovenkopen.nl\/fr\/pizza-oven-kopen\/pizza-scheppen-set-3-delig\/\" \/>\n<meta property=\"og:site_name\" content=\"Buitenpizzaovenkopen.nl\" \/>\n<meta property=\"article:modified_time\" content=\"2025-12-04T09:18:34+00:00\" \/>\n<meta property=\"og:image\" content=\"https:\/\/buitenpizzaovenkopen.nl\/wp-content\/uploads\/2022\/02\/FE3EFD9E-41A1-4593-9889-73816DE57EF4-scaled.jpeg\" \/>\n\t<meta property=\"og:image:width\" content=\"1920\" \/>\n\t<meta property=\"og:image:height\" content=\"2560\" \/>\n\t<meta property=\"og:image:type\" content=\"image\/jpeg\" \/>\n<meta name=\"twitter:card\" content=\"summary_large_image\" \/>\n<meta name=\"twitter:label1\" content=\"Dur\u00e9e de lecture estim\u00e9e\" \/>\n\t<meta name=\"twitter:data1\" content=\"2 minutes\" \/>\n<script type=\"application\/ld+json\" class=\"yoast-schema-graph\">{\"@context\":\"https:\\\/\\\/schema.org\",\"@graph\":[{\"@type\":\"WebPage\",\"@id\":\"https:\\\/\\\/buitenpizzaovenkopen.nl\\\/pizza-oven-kopen\\\/pizza-scheppen-set-3-delig\\\/\",\"url\":\"https:\\\/\\\/buitenpizzaovenkopen.nl\\\/pizza-oven-kopen\\\/pizza-scheppen-set-3-delig\\\/\",\"name\":\"3-delige pizza scheppen set 80cm - Buitenpizzaovenkopen.nl\",\"isPartOf\":{\"@id\":\"https:\\\/\\\/buitenpizzaovenkopen.nl\\\/#website\"},\"primaryImageOfPage\":{\"@id\":\"https:\\\/\\\/buitenpizzaovenkopen.nl\\\/pizza-oven-kopen\\\/pizza-scheppen-set-3-delig\\\/#primaryimage\"},\"image\":{\"@id\":\"https:\\\/\\\/buitenpizzaovenkopen.nl\\\/pizza-oven-kopen\\\/pizza-scheppen-set-3-delig\\\/#primaryimage\"},\"thumbnailUrl\":\"https:\\\/\\\/buitenpizzaovenkopen.nl\\\/wp-content\\\/uploads\\\/2022\\\/02\\\/FE3EFD9E-41A1-4593-9889-73816DE57EF4-scaled.jpeg\",\"datePublished\":\"2022-02-17T13:15:31+00:00\",\"dateModified\":\"2025-12-04T09:18:34+00:00\",\"description\":\"Haal het beste uit elke pizza-avond met onze 3-delige pizza scheppen set, inclusief een pizzaschep, draaischep, en ovenborstel!\",\"breadcrumb\":{\"@id\":\"https:\\\/\\\/buitenpizzaovenkopen.nl\\\/pizza-oven-kopen\\\/pizza-scheppen-set-3-delig\\\/#breadcrumb\"},\"inLanguage\":\"fr-FR\",\"potentialAction\":[{\"@type\":\"ReadAction\",\"target\":[\"https:\\\/\\\/buitenpizzaovenkopen.nl\\\/pizza-oven-kopen\\\/pizza-scheppen-set-3-delig\\\/\"]}]},{\"@type\":\"ImageObject\",\"inLanguage\":\"fr-FR\",\"@id\":\"https:\\\/\\\/buitenpizzaovenkopen.nl\\\/pizza-oven-kopen\\\/pizza-scheppen-set-3-delig\\\/#primaryimage\",\"url\":\"https:\\\/\\\/buitenpizzaovenkopen.nl\\\/wp-content\\\/uploads\\\/2022\\\/02\\\/FE3EFD9E-41A1-4593-9889-73816DE57EF4-scaled.jpeg\",\"contentUrl\":\"https:\\\/\\\/buitenpizzaovenkopen.nl\\\/wp-content\\\/uploads\\\/2022\\\/02\\\/FE3EFD9E-41A1-4593-9889-73816DE57EF4-scaled.jpeg\",\"width\":1920,\"height\":2560,\"caption\":\"Zijplateau voor BEEK pizza oven - 3-delige pizza scheppen set\"},{\"@type\":\"BreadcrumbList\",\"@id\":\"https:\\\/\\\/buitenpizzaovenkopen.nl\\\/pizza-oven-kopen\\\/pizza-scheppen-set-3-delig\\\/#breadcrumb\",\"itemListElement\":[{\"@type\":\"ListItem\",\"position\":1,\"name\":\"Home\",\"item\":\"https:\\\/\\\/buitenpizzaovenkopen.nl\\\/\"},{\"@type\":\"ListItem\",\"position\":2,\"name\":\"Pizza oven kopen\",\"item\":\"https:\\\/\\\/buitenpizzaovenkopen.nl\\\/pizzaoven-kopen\\\/\"},{\"@type\":\"ListItem\",\"position\":3,\"name\":\"3-delige pizza scheppen set 80cm\"}]},{\"@type\":\"WebSite\",\"@id\":\"https:\\\/\\\/buitenpizzaovenkopen.nl\\\/#website\",\"url\":\"https:\\\/\\\/buitenpizzaovenkopen.nl\\\/\",\"name\":\"Buitenpizzaovenkopen.nl\",\"description\":\"is onderdeel van Casa di Ruscello\",\"publisher\":{\"@id\":\"https:\\\/\\\/buitenpizzaovenkopen.nl\\\/#organization\"},\"potentialAction\":[{\"@type\":\"SearchAction\",\"target\":{\"@type\":\"EntryPoint\",\"urlTemplate\":\"https:\\\/\\\/buitenpizzaovenkopen.nl\\\/?s={search_term_string}\"},\"query-input\":{\"@type\":\"PropertyValueSpecification\",\"valueRequired\":true,\"valueName\":\"search_term_string\"}}],\"inLanguage\":\"fr-FR\"},{\"@type\":\"Organization\",\"@id\":\"https:\\\/\\\/buitenpizzaovenkopen.nl\\\/#organization\",\"name\":\"Casa du Ruscello\",\"url\":\"https:\\\/\\\/buitenpizzaovenkopen.nl\\\/\",\"logo\":{\"@type\":\"ImageObject\",\"inLanguage\":\"fr-FR\",\"@id\":\"https:\\\/\\\/buitenpizzaovenkopen.nl\\\/#\\\/schema\\\/logo\\\/image\\\/\",\"url\":\"https:\\\/\\\/buitenpizzaovenkopen.nl\\\/wp-content\\\/uploads\\\/2020\\\/02\\\/logo.gif\",\"contentUrl\":\"https:\\\/\\\/buitenpizzaovenkopen.nl\\\/wp-content\\\/uploads\\\/2020\\\/02\\\/logo.gif\",\"width\":300,\"height\":305,\"caption\":\"Casa du Ruscello\"},\"image\":{\"@id\":\"https:\\\/\\\/buitenpizzaovenkopen.nl\\\/#\\\/schema\\\/logo\\\/image\\\/\"}}]}<\/script>\n<!-- \/ Yoast SEO plugin. -->","yoast_head_json":{"title":"3-delige pizza scheppen ensemble 80cm - Buitenpizzaovenkopen.nl","description":"Tirer le maximum de chaque pizza de nuit avec nos 3 pi\u00e8ces pizza excavation, y compris une pizza scoop, en tournant le scoop, et four pinceau!","robots":{"index":"index","follow":"follow","max-snippet":"max-snippet:-1","max-image-preview":"max-image-preview:large","max-video-preview":"max-video-preview:-1"},"canonical":"https:\/\/buitenpizzaovenkopen.nl\/fr\/pizza-oven-kopen\/pizza-scheppen-set-3-delig\/","og_locale":"fr_FR","og_type":"article","og_title":"3-delige pizza scheppen set 80cm - Buitenpizzaovenkopen.nl","og_description":"Haal het beste uit elke pizza-avond met onze 3-delige pizza scheppen set, inclusief een pizzaschep, draaischep, en ovenborstel!","og_url":"https:\/\/buitenpizzaovenkopen.nl\/fr\/pizza-oven-kopen\/pizza-scheppen-set-3-delig\/","og_site_name":"Buitenpizzaovenkopen.nl","article_modified_time":"2025-12-04T09:18:34+00:00","og_image":[{"width":1920,"height":2560,"url":"https:\/\/buitenpizzaovenkopen.nl\/wp-content\/uploads\/2022\/02\/FE3EFD9E-41A1-4593-9889-73816DE57EF4-scaled.jpeg","type":"image\/jpeg"}],"twitter_card":"summary_large_image","twitter_misc":{"Dur\u00e9e de lecture estim\u00e9e":"2 minutes"},"schema":{"@context":"https:\/\/schema.org","@graph":[{"@type":"WebPage","@id":"https:\/\/buitenpizzaovenkopen.nl\/pizza-oven-kopen\/pizza-scheppen-set-3-delig\/","url":"https:\/\/buitenpizzaovenkopen.nl\/pizza-oven-kopen\/pizza-scheppen-set-3-delig\/","name":"3-delige pizza scheppen ensemble 80cm - Buitenpizzaovenkopen.nl","isPartOf":{"@id":"https:\/\/buitenpizzaovenkopen.nl\/#website"},"primaryImageOfPage":{"@id":"https:\/\/buitenpizzaovenkopen.nl\/pizza-oven-kopen\/pizza-scheppen-set-3-delig\/#primaryimage"},"image":{"@id":"https:\/\/buitenpizzaovenkopen.nl\/pizza-oven-kopen\/pizza-scheppen-set-3-delig\/#primaryimage"},"thumbnailUrl":"https:\/\/buitenpizzaovenkopen.nl\/wp-content\/uploads\/2022\/02\/FE3EFD9E-41A1-4593-9889-73816DE57EF4-scaled.jpeg","datePublished":"2022-02-17T13:15:31+00:00","dateModified":"2025-12-04T09:18:34+00:00","description":"Tirer le maximum de chaque pizza de nuit avec nos 3 pi\u00e8ces pizza excavation, y compris une pizza scoop, en tournant le scoop, et four pinceau!","breadcrumb":{"@id":"https:\/\/buitenpizzaovenkopen.nl\/pizza-oven-kopen\/pizza-scheppen-set-3-delig\/#breadcrumb"},"inLanguage":"fr-FR","potentialAction":[{"@type":"ReadAction","target":["https:\/\/buitenpizzaovenkopen.nl\/pizza-oven-kopen\/pizza-scheppen-set-3-delig\/"]}]},{"@type":"ImageObject","inLanguage":"fr-FR","@id":"https:\/\/buitenpizzaovenkopen.nl\/pizza-oven-kopen\/pizza-scheppen-set-3-delig\/#primaryimage","url":"https:\/\/buitenpizzaovenkopen.nl\/wp-content\/uploads\/2022\/02\/FE3EFD9E-41A1-4593-9889-73816DE57EF4-scaled.jpeg","contentUrl":"https:\/\/buitenpizzaovenkopen.nl\/wp-content\/uploads\/2022\/02\/FE3EFD9E-41A1-4593-9889-73816DE57EF4-scaled.jpeg","width":1920,"height":2560,"caption":"Zijplateau voor BEEK pizza oven - 3-delige pizza scheppen set"},{"@type":"BreadcrumbList","@id":"https:\/\/buitenpizzaovenkopen.nl\/pizza-oven-kopen\/pizza-scheppen-set-3-delig\/#breadcrumb","itemListElement":[{"@type":"ListItem","position":1,"name":"Home","item":"https:\/\/buitenpizzaovenkopen.nl\/"},{"@type":"ListItem","position":2,"name":"Pizza oven kopen","item":"https:\/\/buitenpizzaovenkopen.nl\/pizzaoven-kopen\/"},{"@type":"ListItem","position":3,"name":"3-delige pizza scheppen set 80cm"}]},{"@type":"WebSite","@id":"https:\/\/buitenpizzaovenkopen.nl\/#website","url":"https:\/\/buitenpizzaovenkopen.nl\/","name":"Buitenpizzaovenkopen.nl","description":"fait partie de Casa Di Ruscello","publisher":{"@id":"https:\/\/buitenpizzaovenkopen.nl\/#organization"},"potentialAction":[{"@type":"SearchAction","target":{"@type":"EntryPoint","urlTemplate":"https:\/\/buitenpizzaovenkopen.nl\/?s={search_term_string}"},"query-input":{"@type":"PropertyValueSpecification","valueRequired":true,"valueName":"search_term_string"}}],"inLanguage":"fr-FR"},{"@type":"Organization","@id":"https:\/\/buitenpizzaovenkopen.nl\/#organization","name":"Casa du Ruscello","url":"https:\/\/buitenpizzaovenkopen.nl\/","logo":{"@type":"ImageObject","inLanguage":"fr-FR","@id":"https:\/\/buitenpizzaovenkopen.nl\/#\/schema\/logo\/image\/","url":"https:\/\/buitenpizzaovenkopen.nl\/wp-content\/uploads\/2020\/02\/logo.gif","contentUrl":"https:\/\/buitenpizzaovenkopen.nl\/wp-content\/uploads\/2020\/02\/logo.gif","width":300,"height":305,"caption":"Casa du Ruscello"},"image":{"@id":"https:\/\/buitenpizzaovenkopen.nl\/#\/schema\/logo\/image\/"}}]}},"_links":{"self":[{"href":"https:\/\/buitenpizzaovenkopen.nl\/fr\/wp-json\/wp\/v2\/product\/6707","targetHints":{"allow":["GET"]}}],"collection":[{"href":"https:\/\/buitenpizzaovenkopen.nl\/fr\/wp-json\/wp\/v2\/product"}],"about":[{"href":"https:\/\/buitenpizzaovenkopen.nl\/fr\/wp-json\/wp\/v2\/types\/product"}],"wp:featuredmedia":[{"embeddable":true,"href":"https:\/\/buitenpizzaovenkopen.nl\/fr\/wp-json\/wp\/v2\/media\/6709"}],"wp:attachment":[{"href":"https:\/\/buitenpizzaovenkopen.nl\/fr\/wp-json\/wp\/v2\/media?parent=6707"}],"wp:term":[{"taxonomy":"product_brand","embeddable":true,"href":"https:\/\/buitenpizzaovenkopen.nl\/fr\/wp-json\/wp\/v2\/product_brand?post=6707"},{"taxonomy":"product_cat","embeddable":true,"href":"https:\/\/buitenpizzaovenkopen.nl\/fr\/wp-json\/wp\/v2\/product_cat?post=6707"},{"taxonomy":"product_tag","embeddable":true,"href":"https:\/\/buitenpizzaovenkopen.nl\/fr\/wp-json\/wp\/v2\/product_tag?post=6707"}],"curies":[{"name":"wp","href":"https:\/\/api.w.org\/{rel}","templated":true}]}}