{"id":6618,"date":"2022-02-09T20:53:51","date_gmt":"2022-02-09T19:53:51","guid":{"rendered":"https:\/\/buitenpizzaovenkopen.nl\/?post_type=product&#038;p=6618"},"modified":"2025-12-04T10:12:47","modified_gmt":"2025-12-04T09:12:47","slug":"beschermhoes-maximus-70-pizzaoven","status":"publish","type":"product","link":"https:\/\/buitenpizzaovenkopen.nl\/fr\/pizza-oven-kopen\/beschermhoes-maximus-70-pizzaoven\/","title":{"rendered":"Capot de protection MAXIMUS 70 four \u00e0 pizza"},"content":{"rendered":"<p>Pour une protection optimale de votre MAXIMUS 70 four \u00e0 pizza, nous vous proposons sp\u00e9cialement con\u00e7u capot de protection MAXIMUS 70 four \u00e0 pizza. Cette couverture a \u00e9t\u00e9 soigneusement con\u00e7us pour correspondre aux dimensions exactes de la MAXIMUS four \u00e0 pizza, assurant un ajustement parfait qui ne rabat ou d\u00e9calage dans le temps venteux. Contrairement \u00e0 la norme couvre qui sont souvent trop spacieuses et offrent une protection insuffisante, notre garantie se connecte de fa\u00e7on transparente \u00e0 votre four, ce qui le rend totalement prot\u00e9g\u00e9 de la pluie, de la poussi\u00e8re et de la lumi\u00e8re du soleil.<\/p>\n<p>La MAXIMUS 70 four \u00e0 pizza Capot de Protection est fabriqu\u00e9 \u00e0 partir de haute qualit\u00e9, mat\u00e9riau r\u00e9sistant aux intemp\u00e9ries qui s&#039;\u00e9tend de la durabilit\u00e9 et de la vie de votre four, en les gardant au sec et propre. C&#039;est essentiel, que la MAXIMUS four \u00e0 pizza est \u00e9quip\u00e9e d&#039;une isolation en laine de c\u00e9ramique en vertu de la chamotte sol du four, ce qui donne de meilleurs r\u00e9sultats et dure le plus longtemps lorsqu&#039;il est conserv\u00e9 au sec.<\/p>\n<p>En plus de la protection sup\u00e9rieure, notre couverture offre \u00e9galement un confort suppl\u00e9mentaire \u00e0 un sac de rangement, prise de stockage et de transport de la couverture un jeu d&#039;enfant. Si vous utilisez le four \u00e0 la maison ou \u00e0 l&#039;emporter avec vous \u00e0 des \u00e9v\u00e9nements, notre couverture de garantit que votre MAXIMUS est toujours pr\u00eat \u00e0 l&#039;emploi, sans \u00e9l\u00e9ments externes qui peuvent affecter les performances.<\/p>\n<p>Notre housse de protection MAXIMUS 70 Four \u00e0 Pizza est exclusivement disponible dans les buitenpizzaovenkopen.nl et est actuellement en rupture de stock en raison de la forte demande, mais est disponible pour apr\u00e8s l&#039;accouchement. R\u00e9servez votre couverture aujourd&#039;hui pour assurer votre MAXIMUS four \u00e0 pizza est bien prot\u00e9g\u00e9 dans toutes les conditions m\u00e9t\u00e9orologiques. C&#039;est un investissement essentiel pour toute personne qui veut obtenir le meilleur de leur cuisine en plein air de l&#039;\u00e9quipement et efficace de prolonger sa dur\u00e9e de vie.<\/p>\n<p>Avez-vous des questions? Prendre aucune obligation <a href=\"https:\/\/buitenpizzaovenkopen.nl\/fr\/contact-buitenpizzaovenkopen\/\">contacter<\/a> en toute libert\u00e9!<\/p>","protected":false},"excerpt":{"rendered":"<p>Housse de protection pour MAXIME four \u00e0 pizza, fait sur mesure \u201cmeilleure COUVERTURE pour MAXIMUS\u201d<\/p>","protected":false},"featured_media":6621,"template":"","meta":{"_monsterinsights_skip_tracking":false,"_monsterinsights_sitenote_active":false,"_monsterinsights_sitenote_note":"","_monsterinsights_sitenote_category":0,"site-sidebar-layout":"default","site-content-layout":"default","ast-site-content-layout":"default","site-content-style":"default","site-sidebar-style":"default","ast-global-header-display":"","ast-banner-title-visibility":"","ast-main-header-display":"","ast-hfb-above-header-display":"","ast-hfb-below-header-display":"","ast-hfb-mobile-header-display":"","site-post-title":"","ast-breadcrumbs-content":"","ast-featured-img":"","footer-sml-layout":"","ast-disable-related-posts":"","theme-transparent-header-meta":"default","adv-header-id-meta":"","stick-header-meta":"","header-above-stick-meta":"","header-main-stick-meta":"","header-below-stick-meta":"","astra-migrate-meta-layouts":"set","ast-page-background-enabled":"default","ast-page-background-meta":{"desktop":{"background-color":"","background-image":"","background-repeat":"repeat","background-position":"center center","background-size":"auto","background-attachment":"scroll","background-type":"","background-media":"","overlay-type":"","overlay-color":"","overlay-opacity":"","overlay-gradient":""},"tablet":{"background-color":"","background-image":"","background-repeat":"repeat","background-position":"center center","background-size":"auto","background-attachment":"scroll","background-type":"","background-media":"","overlay-type":"","overlay-color":"","overlay-opacity":"","overlay-gradient":""},"mobile":{"background-color":"","background-image":"","background-repeat":"repeat","background-position":"center center","background-size":"auto","background-attachment":"scroll","background-type":"","background-media":"","overlay-type":"","overlay-color":"","overlay-opacity":"","overlay-gradient":""}},"ast-content-background-meta":{"desktop":{"background-color":"var(--ast-global-color-5)","background-image":"","background-repeat":"repeat","background-position":"center center","background-size":"auto","background-attachment":"scroll","background-type":"","background-media":"","overlay-type":"","overlay-color":"","overlay-opacity":"","overlay-gradient":""},"tablet":{"background-color":"var(--ast-global-color-5)","background-image":"","background-repeat":"repeat","background-position":"center center","background-size":"auto","background-attachment":"scroll","background-type":"","background-media":"","overlay-type":"","overlay-color":"","overlay-opacity":"","overlay-gradient":""},"mobile":{"background-color":"var(--ast-global-color-5)","background-image":"","background-repeat":"repeat","background-position":"center center","background-size":"auto","background-attachment":"scroll","background-type":"","background-media":"","overlay-type":"","overlay-color":"","overlay-opacity":"","overlay-gradient":""}}},"product_brand":[],"product_cat":[91],"product_tag":[133,132,117],"class_list":{"0":"post-6618","1":"product","2":"type-product","3":"status-publish","4":"has-post-thumbnail","6":"product_cat-pizza-accessoires","7":"product_tag-houtgestookte","8":"product_tag-maximus","9":"product_tag-pizza","10":"product_shipping_class-verzendklasse-0","11":"desktop-align-left","12":"tablet-align-left","13":"mobile-align-left","15":"first","16":"instock","17":"taxable","18":"shipping-taxable","19":"purchasable","20":"product-type-simple"},"yoast_head":"<!-- This site is optimized with the Yoast SEO plugin v27.3 - https:\/\/yoast.com\/product\/yoast-seo-wordpress\/ -->\n<title>Beschermhoes MAXIMUS 70 Pizzaoven -<\/title>\n<meta name=\"description\" content=\"Beschermhoes MAXIMUS 70 Pizzaoven met onze speciaal ontworpen &#039;Best Cover&#039;. Een op maat gemaakte, weerbestendige hoes die perfect past en uw oven beschermt!\" \/>\n<meta name=\"robots\" content=\"index, follow, max-snippet:-1, max-image-preview:large, max-video-preview:-1\" \/>\n<link rel=\"canonical\" href=\"https:\/\/buitenpizzaovenkopen.nl\/fr\/pizza-oven-kopen\/beschermhoes-maximus-70-pizzaoven\/\" \/>\n<meta property=\"og:locale\" content=\"fr_FR\" \/>\n<meta property=\"og:type\" content=\"article\" \/>\n<meta property=\"og:title\" content=\"Beschermhoes MAXIMUS 70 Pizzaoven -\" \/>\n<meta property=\"og:description\" content=\"Beschermhoes MAXIMUS 70 Pizzaoven met onze speciaal ontworpen &#039;Best Cover&#039;. Een op maat gemaakte, weerbestendige hoes die perfect past en uw oven beschermt!\" \/>\n<meta property=\"og:url\" content=\"https:\/\/buitenpizzaovenkopen.nl\/fr\/pizza-oven-kopen\/beschermhoes-maximus-70-pizzaoven\/\" \/>\n<meta property=\"og:site_name\" content=\"Buitenpizzaovenkopen.nl\" \/>\n<meta property=\"article:modified_time\" content=\"2025-12-04T09:12:47+00:00\" \/>\n<meta property=\"og:image\" content=\"https:\/\/buitenpizzaovenkopen.nl\/wp-content\/uploads\/2022\/02\/51312505-8AA8-4FA1-B133-94C585AF2C29.jpeg\" \/>\n\t<meta property=\"og:image:width\" content=\"1600\" \/>\n\t<meta property=\"og:image:height\" content=\"1200\" \/>\n\t<meta property=\"og:image:type\" content=\"image\/jpeg\" \/>\n<meta name=\"twitter:card\" content=\"summary_large_image\" \/>\n<meta name=\"twitter:label1\" content=\"Dur\u00e9e de lecture estim\u00e9e\" \/>\n\t<meta name=\"twitter:data1\" content=\"2 minutes\" \/>\n<script type=\"application\/ld+json\" class=\"yoast-schema-graph\">{\"@context\":\"https:\\\/\\\/schema.org\",\"@graph\":[{\"@type\":\"WebPage\",\"@id\":\"https:\\\/\\\/buitenpizzaovenkopen.nl\\\/pizza-oven-kopen\\\/beschermhoes-maximus-70-pizzaoven\\\/\",\"url\":\"https:\\\/\\\/buitenpizzaovenkopen.nl\\\/pizza-oven-kopen\\\/beschermhoes-maximus-70-pizzaoven\\\/\",\"name\":\"Beschermhoes MAXIMUS 70 Pizzaoven -\",\"isPartOf\":{\"@id\":\"https:\\\/\\\/buitenpizzaovenkopen.nl\\\/#website\"},\"primaryImageOfPage\":{\"@id\":\"https:\\\/\\\/buitenpizzaovenkopen.nl\\\/pizza-oven-kopen\\\/beschermhoes-maximus-70-pizzaoven\\\/#primaryimage\"},\"image\":{\"@id\":\"https:\\\/\\\/buitenpizzaovenkopen.nl\\\/pizza-oven-kopen\\\/beschermhoes-maximus-70-pizzaoven\\\/#primaryimage\"},\"thumbnailUrl\":\"https:\\\/\\\/buitenpizzaovenkopen.nl\\\/wp-content\\\/uploads\\\/2022\\\/02\\\/51312505-8AA8-4FA1-B133-94C585AF2C29.jpeg\",\"datePublished\":\"2022-02-09T19:53:51+00:00\",\"dateModified\":\"2025-12-04T09:12:47+00:00\",\"description\":\"Beschermhoes MAXIMUS 70 Pizzaoven met onze speciaal ontworpen 'Best Cover'. Een op maat gemaakte, weerbestendige hoes die perfect past en uw oven beschermt!\",\"breadcrumb\":{\"@id\":\"https:\\\/\\\/buitenpizzaovenkopen.nl\\\/pizza-oven-kopen\\\/beschermhoes-maximus-70-pizzaoven\\\/#breadcrumb\"},\"inLanguage\":\"fr-FR\",\"potentialAction\":[{\"@type\":\"ReadAction\",\"target\":[\"https:\\\/\\\/buitenpizzaovenkopen.nl\\\/pizza-oven-kopen\\\/beschermhoes-maximus-70-pizzaoven\\\/\"]}]},{\"@type\":\"ImageObject\",\"inLanguage\":\"fr-FR\",\"@id\":\"https:\\\/\\\/buitenpizzaovenkopen.nl\\\/pizza-oven-kopen\\\/beschermhoes-maximus-70-pizzaoven\\\/#primaryimage\",\"url\":\"https:\\\/\\\/buitenpizzaovenkopen.nl\\\/wp-content\\\/uploads\\\/2022\\\/02\\\/51312505-8AA8-4FA1-B133-94C585AF2C29.jpeg\",\"contentUrl\":\"https:\\\/\\\/buitenpizzaovenkopen.nl\\\/wp-content\\\/uploads\\\/2022\\\/02\\\/51312505-8AA8-4FA1-B133-94C585AF2C29.jpeg\",\"width\":1600,\"height\":1200,\"caption\":\"Beschermhoes MAXIMUS 70 Pizzaoven\"},{\"@type\":\"BreadcrumbList\",\"@id\":\"https:\\\/\\\/buitenpizzaovenkopen.nl\\\/pizza-oven-kopen\\\/beschermhoes-maximus-70-pizzaoven\\\/#breadcrumb\",\"itemListElement\":[{\"@type\":\"ListItem\",\"position\":1,\"name\":\"Home\",\"item\":\"https:\\\/\\\/buitenpizzaovenkopen.nl\\\/\"},{\"@type\":\"ListItem\",\"position\":2,\"name\":\"Pizza oven kopen\",\"item\":\"https:\\\/\\\/buitenpizzaovenkopen.nl\\\/pizzaoven-kopen\\\/\"},{\"@type\":\"ListItem\",\"position\":3,\"name\":\"Beschermhoes MAXIMUS 70 Pizzaoven\"}]},{\"@type\":\"WebSite\",\"@id\":\"https:\\\/\\\/buitenpizzaovenkopen.nl\\\/#website\",\"url\":\"https:\\\/\\\/buitenpizzaovenkopen.nl\\\/\",\"name\":\"Buitenpizzaovenkopen.nl\",\"description\":\"is onderdeel van Casa di Ruscello\",\"publisher\":{\"@id\":\"https:\\\/\\\/buitenpizzaovenkopen.nl\\\/#organization\"},\"potentialAction\":[{\"@type\":\"SearchAction\",\"target\":{\"@type\":\"EntryPoint\",\"urlTemplate\":\"https:\\\/\\\/buitenpizzaovenkopen.nl\\\/?s={search_term_string}\"},\"query-input\":{\"@type\":\"PropertyValueSpecification\",\"valueRequired\":true,\"valueName\":\"search_term_string\"}}],\"inLanguage\":\"fr-FR\"},{\"@type\":\"Organization\",\"@id\":\"https:\\\/\\\/buitenpizzaovenkopen.nl\\\/#organization\",\"name\":\"Casa du Ruscello\",\"url\":\"https:\\\/\\\/buitenpizzaovenkopen.nl\\\/\",\"logo\":{\"@type\":\"ImageObject\",\"inLanguage\":\"fr-FR\",\"@id\":\"https:\\\/\\\/buitenpizzaovenkopen.nl\\\/#\\\/schema\\\/logo\\\/image\\\/\",\"url\":\"https:\\\/\\\/buitenpizzaovenkopen.nl\\\/wp-content\\\/uploads\\\/2020\\\/02\\\/logo.gif\",\"contentUrl\":\"https:\\\/\\\/buitenpizzaovenkopen.nl\\\/wp-content\\\/uploads\\\/2020\\\/02\\\/logo.gif\",\"width\":300,\"height\":305,\"caption\":\"Casa du Ruscello\"},\"image\":{\"@id\":\"https:\\\/\\\/buitenpizzaovenkopen.nl\\\/#\\\/schema\\\/logo\\\/image\\\/\"}}]}<\/script>\n<!-- \/ Yoast SEO plugin. -->","yoast_head_json":{"title":"Capot de protection MAXIMUS 70 four \u00e0 pizza -","description":"MAXIMUS 70 four \u00e0 pizza capot de protection avec la conception sp\u00e9ciale des &#039;Meilleures&#039;. Personnalis\u00e9, capot \u00e9tanche qui s&#039;adapte parfaitement et prot\u00e8ge votre four!!!","robots":{"index":"index","follow":"follow","max-snippet":"max-snippet:-1","max-image-preview":"max-image-preview:large","max-video-preview":"max-video-preview:-1"},"canonical":"https:\/\/buitenpizzaovenkopen.nl\/fr\/pizza-oven-kopen\/beschermhoes-maximus-70-pizzaoven\/","og_locale":"fr_FR","og_type":"article","og_title":"Beschermhoes MAXIMUS 70 Pizzaoven -","og_description":"Beschermhoes MAXIMUS 70 Pizzaoven met onze speciaal ontworpen 'Best Cover'. Een op maat gemaakte, weerbestendige hoes die perfect past en uw oven beschermt!","og_url":"https:\/\/buitenpizzaovenkopen.nl\/fr\/pizza-oven-kopen\/beschermhoes-maximus-70-pizzaoven\/","og_site_name":"Buitenpizzaovenkopen.nl","article_modified_time":"2025-12-04T09:12:47+00:00","og_image":[{"width":1600,"height":1200,"url":"https:\/\/buitenpizzaovenkopen.nl\/wp-content\/uploads\/2022\/02\/51312505-8AA8-4FA1-B133-94C585AF2C29.jpeg","type":"image\/jpeg"}],"twitter_card":"summary_large_image","twitter_misc":{"Dur\u00e9e de lecture estim\u00e9e":"2 minutes"},"schema":{"@context":"https:\/\/schema.org","@graph":[{"@type":"WebPage","@id":"https:\/\/buitenpizzaovenkopen.nl\/pizza-oven-kopen\/beschermhoes-maximus-70-pizzaoven\/","url":"https:\/\/buitenpizzaovenkopen.nl\/pizza-oven-kopen\/beschermhoes-maximus-70-pizzaoven\/","name":"Capot de protection MAXIMUS 70 four \u00e0 pizza -","isPartOf":{"@id":"https:\/\/buitenpizzaovenkopen.nl\/#website"},"primaryImageOfPage":{"@id":"https:\/\/buitenpizzaovenkopen.nl\/pizza-oven-kopen\/beschermhoes-maximus-70-pizzaoven\/#primaryimage"},"image":{"@id":"https:\/\/buitenpizzaovenkopen.nl\/pizza-oven-kopen\/beschermhoes-maximus-70-pizzaoven\/#primaryimage"},"thumbnailUrl":"https:\/\/buitenpizzaovenkopen.nl\/wp-content\/uploads\/2022\/02\/51312505-8AA8-4FA1-B133-94C585AF2C29.jpeg","datePublished":"2022-02-09T19:53:51+00:00","dateModified":"2025-12-04T09:12:47+00:00","description":"MAXIMUS 70 four \u00e0 pizza capot de protection avec la conception sp\u00e9ciale des &#039;Meilleures&#039;. Personnalis\u00e9, capot \u00e9tanche qui s&#039;adapte parfaitement et prot\u00e8ge votre four!!!","breadcrumb":{"@id":"https:\/\/buitenpizzaovenkopen.nl\/pizza-oven-kopen\/beschermhoes-maximus-70-pizzaoven\/#breadcrumb"},"inLanguage":"fr-FR","potentialAction":[{"@type":"ReadAction","target":["https:\/\/buitenpizzaovenkopen.nl\/pizza-oven-kopen\/beschermhoes-maximus-70-pizzaoven\/"]}]},{"@type":"ImageObject","inLanguage":"fr-FR","@id":"https:\/\/buitenpizzaovenkopen.nl\/pizza-oven-kopen\/beschermhoes-maximus-70-pizzaoven\/#primaryimage","url":"https:\/\/buitenpizzaovenkopen.nl\/wp-content\/uploads\/2022\/02\/51312505-8AA8-4FA1-B133-94C585AF2C29.jpeg","contentUrl":"https:\/\/buitenpizzaovenkopen.nl\/wp-content\/uploads\/2022\/02\/51312505-8AA8-4FA1-B133-94C585AF2C29.jpeg","width":1600,"height":1200,"caption":"Beschermhoes MAXIMUS 70 Pizzaoven"},{"@type":"BreadcrumbList","@id":"https:\/\/buitenpizzaovenkopen.nl\/pizza-oven-kopen\/beschermhoes-maximus-70-pizzaoven\/#breadcrumb","itemListElement":[{"@type":"ListItem","position":1,"name":"Home","item":"https:\/\/buitenpizzaovenkopen.nl\/"},{"@type":"ListItem","position":2,"name":"Pizza oven kopen","item":"https:\/\/buitenpizzaovenkopen.nl\/pizzaoven-kopen\/"},{"@type":"ListItem","position":3,"name":"Beschermhoes MAXIMUS 70 Pizzaoven"}]},{"@type":"WebSite","@id":"https:\/\/buitenpizzaovenkopen.nl\/#website","url":"https:\/\/buitenpizzaovenkopen.nl\/","name":"Buitenpizzaovenkopen.nl","description":"fait partie de Casa Di Ruscello","publisher":{"@id":"https:\/\/buitenpizzaovenkopen.nl\/#organization"},"potentialAction":[{"@type":"SearchAction","target":{"@type":"EntryPoint","urlTemplate":"https:\/\/buitenpizzaovenkopen.nl\/?s={search_term_string}"},"query-input":{"@type":"PropertyValueSpecification","valueRequired":true,"valueName":"search_term_string"}}],"inLanguage":"fr-FR"},{"@type":"Organization","@id":"https:\/\/buitenpizzaovenkopen.nl\/#organization","name":"Casa du Ruscello","url":"https:\/\/buitenpizzaovenkopen.nl\/","logo":{"@type":"ImageObject","inLanguage":"fr-FR","@id":"https:\/\/buitenpizzaovenkopen.nl\/#\/schema\/logo\/image\/","url":"https:\/\/buitenpizzaovenkopen.nl\/wp-content\/uploads\/2020\/02\/logo.gif","contentUrl":"https:\/\/buitenpizzaovenkopen.nl\/wp-content\/uploads\/2020\/02\/logo.gif","width":300,"height":305,"caption":"Casa du Ruscello"},"image":{"@id":"https:\/\/buitenpizzaovenkopen.nl\/#\/schema\/logo\/image\/"}}]}},"_links":{"self":[{"href":"https:\/\/buitenpizzaovenkopen.nl\/fr\/wp-json\/wp\/v2\/product\/6618","targetHints":{"allow":["GET"]}}],"collection":[{"href":"https:\/\/buitenpizzaovenkopen.nl\/fr\/wp-json\/wp\/v2\/product"}],"about":[{"href":"https:\/\/buitenpizzaovenkopen.nl\/fr\/wp-json\/wp\/v2\/types\/product"}],"wp:featuredmedia":[{"embeddable":true,"href":"https:\/\/buitenpizzaovenkopen.nl\/fr\/wp-json\/wp\/v2\/media\/6621"}],"wp:attachment":[{"href":"https:\/\/buitenpizzaovenkopen.nl\/fr\/wp-json\/wp\/v2\/media?parent=6618"}],"wp:term":[{"taxonomy":"product_brand","embeddable":true,"href":"https:\/\/buitenpizzaovenkopen.nl\/fr\/wp-json\/wp\/v2\/product_brand?post=6618"},{"taxonomy":"product_cat","embeddable":true,"href":"https:\/\/buitenpizzaovenkopen.nl\/fr\/wp-json\/wp\/v2\/product_cat?post=6618"},{"taxonomy":"product_tag","embeddable":true,"href":"https:\/\/buitenpizzaovenkopen.nl\/fr\/wp-json\/wp\/v2\/product_tag?post=6618"}],"curies":[{"name":"wp","href":"https:\/\/api.w.org\/{rel}","templated":true}]}}