{"id":6572,"date":"2022-02-09T13:00:40","date_gmt":"2022-02-09T12:00:40","guid":{"rendered":"https:\/\/buitenpizzaovenkopen.nl\/?post_type=product&#038;p=6572"},"modified":"2024-04-23T23:58:16","modified_gmt":"2024-04-23T21:58:16","slug":"onderstel-atlas-voor-pizza-ovens","status":"publish","type":"product","link":"https:\/\/buitenpizzaovenkopen.nl\/fr\/pizza-oven-kopen\/onderstel-atlas-voor-pizza-ovens\/","title":{"rendered":"La Base de l&#039;ATLAS pour les Fours \u00e0 Pizza 90cm"},"content":{"rendered":"<p>L&#039;ATLAS four \u00e0 Pizza de base est sp\u00e9cialement con\u00e7u pour optimiser la fonctionnalit\u00e9 et la mobilit\u00e9 de votre four \u00e0 pizza au bois. Avec une hauteur de travail confortable de 90 cm, cette base est id\u00e9ale pour les utilisateurs qui pr\u00e9f\u00e8rent une baisse de hauteur de travail, ce qui rend la pr\u00e9paration des plats plus simples et plus accessibles. Cela rend l&#039;ATLAS de la base un excellent choix pour la maison baker ou le professionnel pizza maker avec un espace limit\u00e9.<\/p>\n<p>Con\u00e7u \u00e0 partir de 1,5 mm d&#039;\u00e9paisseur en acier et fini avec un noir robuste, rev\u00eatement par poudre ATLAS four \u00e0 Pizza de base offre une durabilit\u00e9 et un style. Le design n&#039;est pas seulement fonctionnelle, mais aussi esth\u00e9tique, il s&#039;int\u00e8gre parfaitement dans toute la terrasse ou dans toute cuisine moderne. La construction est con\u00e7ue pour s&#039;adapter \u00e0 diff\u00e9rents mod\u00e8les et marques de fours \u00e0 pizza, tels que la Maximus 70, BEEK Classico 70, et beaucoup d&#039;autres.<\/p>\n<p>Les dimensions de la base sont \u00e0 71 cm de large et 118 cm de long, le rendant assez compact pour s&#039;adapter \u00e0 travers les ouvertures de porte standard tout en offrant suffisamment d&#039;espace pour votre four. L&#039;assemblage du ch\u00e2ssis est \u00e9tonnamment simple et peut \u00eatre effectu\u00e9e rapidement, ce qui le rend id\u00e9al pour les installations permanentes et des applications mobiles tels que les camions de nourriture ou de plein air.<\/p>\n<p>En outre, l&#039;ATLAS pour Fours \u00e0 Pizza a d\u00e9montable caract\u00e9ristiques, ce qui rend facile \u00e0 transporter. Il peut \u00eatre compl\u00e8tement d\u00e9mont\u00e9 \u00e0 environ 15 minutes puis s&#039;adapte dans la plupart des voitures, ce qui en fait un choix id\u00e9al pour les traiteurs ou les organisateurs de travail dans des endroits diff\u00e9rents.<\/p>\n<p>L&#039;ATLAS de la base est plus qu&#039;une addition standard; il est un \u00e9l\u00e9ment essentiel qui am\u00e9liore l&#039;exp\u00e9rience utilisateur de votre four \u00e0 pizza. Cette base vous permet de prendre vos comp\u00e9tences de cuisson au niveau suivant, tout en profitant de la commodit\u00e9 et l&#039;efficacit\u00e9 qu&#039;il offre. Mise \u00e0 niveau de votre restaurant pizza-exp\u00e9rience de la cuisson avec de l&#039;ATLAS ch\u00e2ssis, o\u00f9 le design et fonctionnalit\u00e9 se rencontrent.<\/p>\n<p>Facile \u00e0 assembler.<br \/>\nLa largeur est de + \/ - 71 cm<br \/>\nLongueur de+\/- 70cm, pour le gros du four, le total de la longueur 118cm<br \/>\nHauteur totale 90 cm, cette hauteur de travail est agr\u00e9able pour les petites gens, pour \u00eatre en mesure de bien regarder dans le four et ainsi \u00eatre en mesure de faire cuire vos pizzas ou autres plats.<\/p>\n<p>Le ramassage est gratuit. De-pour le montage dans environ 15 minutes puis s&#039;adapte \u00e0 toutes les voitures.\\<\/p>\n<p>Avez-vous des questions? Prendre aucune obligation <a href=\"https:\/\/buitenpizzaovenkopen.nl\/fr\/contact-buitenpizzaovenkopen\/\">contacter<\/a> en toute libert\u00e9!<\/p>","protected":false},"excerpt":{"rendered":"<p>Atlas type de ch\u00e2ssis, faite de au feu de bois mobile fours \u00e0 pizza et \u00e0 une hauteur de travail de 90 cm.<br \/>\nLa Base est faite de 1,5 mm d&#039;acier dans La Couleur Noire.<br \/>\npour Maxime 70, BEEK Classico 70, Jolly 70, Alfa, Clementi et d&#039;autres marques. S&#039;adapte sur chaque terrasse, mais aussi \u00e0 travers chaque porte.<\/p>","protected":false},"featured_media":6584,"template":"","meta":{"_monsterinsights_skip_tracking":false,"_monsterinsights_sitenote_active":false,"_monsterinsights_sitenote_note":"","_monsterinsights_sitenote_category":0,"site-sidebar-layout":"default","site-content-layout":"default","ast-site-content-layout":"default","site-content-style":"default","site-sidebar-style":"default","ast-global-header-display":"","ast-banner-title-visibility":"","ast-main-header-display":"","ast-hfb-above-header-display":"","ast-hfb-below-header-display":"","ast-hfb-mobile-header-display":"","site-post-title":"","ast-breadcrumbs-content":"","ast-featured-img":"","footer-sml-layout":"","ast-disable-related-posts":"","theme-transparent-header-meta":"default","adv-header-id-meta":"","stick-header-meta":"","header-above-stick-meta":"","header-main-stick-meta":"","header-below-stick-meta":"","astra-migrate-meta-layouts":"set","ast-page-background-enabled":"default","ast-page-background-meta":{"desktop":{"background-color":"","background-image":"","background-repeat":"repeat","background-position":"center center","background-size":"auto","background-attachment":"scroll","background-type":"","background-media":"","overlay-type":"","overlay-color":"","overlay-opacity":"","overlay-gradient":""},"tablet":{"background-color":"","background-image":"","background-repeat":"repeat","background-position":"center center","background-size":"auto","background-attachment":"scroll","background-type":"","background-media":"","overlay-type":"","overlay-color":"","overlay-opacity":"","overlay-gradient":""},"mobile":{"background-color":"","background-image":"","background-repeat":"repeat","background-position":"center center","background-size":"auto","background-attachment":"scroll","background-type":"","background-media":"","overlay-type":"","overlay-color":"","overlay-opacity":"","overlay-gradient":""}},"ast-content-background-meta":{"desktop":{"background-color":"var(--ast-global-color-5)","background-image":"","background-repeat":"repeat","background-position":"center center","background-size":"auto","background-attachment":"scroll","background-type":"","background-media":"","overlay-type":"","overlay-color":"","overlay-opacity":"","overlay-gradient":""},"tablet":{"background-color":"var(--ast-global-color-5)","background-image":"","background-repeat":"repeat","background-position":"center center","background-size":"auto","background-attachment":"scroll","background-type":"","background-media":"","overlay-type":"","overlay-color":"","overlay-opacity":"","overlay-gradient":""},"mobile":{"background-color":"var(--ast-global-color-5)","background-image":"","background-repeat":"repeat","background-position":"center center","background-size":"auto","background-attachment":"scroll","background-type":"","background-media":"","overlay-type":"","overlay-color":"","overlay-opacity":"","overlay-gradient":""}}},"product_brand":[],"product_cat":[110],"product_tag":[],"class_list":{"0":"post-6572","1":"product","2":"type-product","3":"status-publish","4":"has-post-thumbnail","6":"product_cat-onderstellen","7":"desktop-align-left","8":"tablet-align-left","9":"mobile-align-left","11":"first","12":"instock","13":"taxable","14":"shipping-taxable","15":"purchasable","16":"product-type-simple"},"yoast_head":"<!-- This site is optimized with the Yoast SEO plugin v27.3 - https:\/\/yoast.com\/product\/yoast-seo-wordpress\/ -->\n<title>Onderstel ATLAS voor Pizza Ovens 90cm - Buitenpizzaovenkopen.nl<\/title>\n<meta name=\"description\" content=\"Onderstel ATLAS voor Pizza Ovens, ontworpen voor mobiele pizzaovens met een ideale werkhoogte van 90cm, perfect voor kleinere gebruikers.\" \/>\n<meta name=\"robots\" content=\"index, follow, max-snippet:-1, max-image-preview:large, max-video-preview:-1\" \/>\n<link rel=\"canonical\" href=\"https:\/\/buitenpizzaovenkopen.nl\/fr\/pizza-oven-kopen\/onderstel-atlas-voor-pizza-ovens\/\" \/>\n<meta property=\"og:locale\" content=\"fr_FR\" \/>\n<meta property=\"og:type\" content=\"article\" \/>\n<meta property=\"og:title\" content=\"Onderstel ATLAS voor Pizza Ovens 90cm - Buitenpizzaovenkopen.nl\" \/>\n<meta property=\"og:description\" content=\"Onderstel ATLAS voor Pizza Ovens, ontworpen voor mobiele pizzaovens met een ideale werkhoogte van 90cm, perfect voor kleinere gebruikers.\" \/>\n<meta property=\"og:url\" content=\"https:\/\/buitenpizzaovenkopen.nl\/fr\/pizza-oven-kopen\/onderstel-atlas-voor-pizza-ovens\/\" \/>\n<meta property=\"og:site_name\" content=\"Buitenpizzaovenkopen.nl\" \/>\n<meta property=\"article:modified_time\" content=\"2024-04-23T21:58:16+00:00\" \/>\n<meta property=\"og:image\" content=\"https:\/\/buitenpizzaovenkopen.nl\/wp-content\/uploads\/2022\/02\/5BD5D09B-3F43-48CB-BAC0-7667A3EB49A8-scaled.jpeg\" \/>\n\t<meta property=\"og:image:width\" content=\"1920\" \/>\n\t<meta property=\"og:image:height\" content=\"2560\" \/>\n\t<meta property=\"og:image:type\" content=\"image\/jpeg\" \/>\n<meta name=\"twitter:card\" content=\"summary_large_image\" \/>\n<meta name=\"twitter:label1\" content=\"Dur\u00e9e de lecture estim\u00e9e\" \/>\n\t<meta name=\"twitter:data1\" content=\"3 minutes\" \/>\n<script type=\"application\/ld+json\" class=\"yoast-schema-graph\">{\"@context\":\"https:\\\/\\\/schema.org\",\"@graph\":[{\"@type\":\"WebPage\",\"@id\":\"https:\\\/\\\/buitenpizzaovenkopen.nl\\\/pizza-oven-kopen\\\/onderstel-atlas-voor-pizza-ovens\\\/\",\"url\":\"https:\\\/\\\/buitenpizzaovenkopen.nl\\\/pizza-oven-kopen\\\/onderstel-atlas-voor-pizza-ovens\\\/\",\"name\":\"Onderstel ATLAS voor Pizza Ovens 90cm - Buitenpizzaovenkopen.nl\",\"isPartOf\":{\"@id\":\"https:\\\/\\\/buitenpizzaovenkopen.nl\\\/#website\"},\"primaryImageOfPage\":{\"@id\":\"https:\\\/\\\/buitenpizzaovenkopen.nl\\\/pizza-oven-kopen\\\/onderstel-atlas-voor-pizza-ovens\\\/#primaryimage\"},\"image\":{\"@id\":\"https:\\\/\\\/buitenpizzaovenkopen.nl\\\/pizza-oven-kopen\\\/onderstel-atlas-voor-pizza-ovens\\\/#primaryimage\"},\"thumbnailUrl\":\"https:\\\/\\\/buitenpizzaovenkopen.nl\\\/wp-content\\\/uploads\\\/2022\\\/02\\\/5BD5D09B-3F43-48CB-BAC0-7667A3EB49A8-scaled.jpeg\",\"datePublished\":\"2022-02-09T12:00:40+00:00\",\"dateModified\":\"2024-04-23T21:58:16+00:00\",\"description\":\"Onderstel ATLAS voor Pizza Ovens, ontworpen voor mobiele pizzaovens met een ideale werkhoogte van 90cm, perfect voor kleinere gebruikers.\",\"breadcrumb\":{\"@id\":\"https:\\\/\\\/buitenpizzaovenkopen.nl\\\/pizza-oven-kopen\\\/onderstel-atlas-voor-pizza-ovens\\\/#breadcrumb\"},\"inLanguage\":\"fr-FR\",\"potentialAction\":[{\"@type\":\"ReadAction\",\"target\":[\"https:\\\/\\\/buitenpizzaovenkopen.nl\\\/pizza-oven-kopen\\\/onderstel-atlas-voor-pizza-ovens\\\/\"]}]},{\"@type\":\"ImageObject\",\"inLanguage\":\"fr-FR\",\"@id\":\"https:\\\/\\\/buitenpizzaovenkopen.nl\\\/pizza-oven-kopen\\\/onderstel-atlas-voor-pizza-ovens\\\/#primaryimage\",\"url\":\"https:\\\/\\\/buitenpizzaovenkopen.nl\\\/wp-content\\\/uploads\\\/2022\\\/02\\\/5BD5D09B-3F43-48CB-BAC0-7667A3EB49A8-scaled.jpeg\",\"contentUrl\":\"https:\\\/\\\/buitenpizzaovenkopen.nl\\\/wp-content\\\/uploads\\\/2022\\\/02\\\/5BD5D09B-3F43-48CB-BAC0-7667A3EB49A8-scaled.jpeg\",\"width\":1920,\"height\":2560,\"caption\":\"Onderstel ATLAS voor Pizza Ovens\"},{\"@type\":\"BreadcrumbList\",\"@id\":\"https:\\\/\\\/buitenpizzaovenkopen.nl\\\/pizza-oven-kopen\\\/onderstel-atlas-voor-pizza-ovens\\\/#breadcrumb\",\"itemListElement\":[{\"@type\":\"ListItem\",\"position\":1,\"name\":\"Home\",\"item\":\"https:\\\/\\\/buitenpizzaovenkopen.nl\\\/\"},{\"@type\":\"ListItem\",\"position\":2,\"name\":\"Pizza oven kopen\",\"item\":\"https:\\\/\\\/buitenpizzaovenkopen.nl\\\/pizzaoven-kopen\\\/\"},{\"@type\":\"ListItem\",\"position\":3,\"name\":\"Onderstel ATLAS voor Pizza Ovens 90cm\"}]},{\"@type\":\"WebSite\",\"@id\":\"https:\\\/\\\/buitenpizzaovenkopen.nl\\\/#website\",\"url\":\"https:\\\/\\\/buitenpizzaovenkopen.nl\\\/\",\"name\":\"Buitenpizzaovenkopen.nl\",\"description\":\"is onderdeel van Casa di Ruscello\",\"publisher\":{\"@id\":\"https:\\\/\\\/buitenpizzaovenkopen.nl\\\/#organization\"},\"potentialAction\":[{\"@type\":\"SearchAction\",\"target\":{\"@type\":\"EntryPoint\",\"urlTemplate\":\"https:\\\/\\\/buitenpizzaovenkopen.nl\\\/?s={search_term_string}\"},\"query-input\":{\"@type\":\"PropertyValueSpecification\",\"valueRequired\":true,\"valueName\":\"search_term_string\"}}],\"inLanguage\":\"fr-FR\"},{\"@type\":\"Organization\",\"@id\":\"https:\\\/\\\/buitenpizzaovenkopen.nl\\\/#organization\",\"name\":\"Casa du Ruscello\",\"url\":\"https:\\\/\\\/buitenpizzaovenkopen.nl\\\/\",\"logo\":{\"@type\":\"ImageObject\",\"inLanguage\":\"fr-FR\",\"@id\":\"https:\\\/\\\/buitenpizzaovenkopen.nl\\\/#\\\/schema\\\/logo\\\/image\\\/\",\"url\":\"https:\\\/\\\/buitenpizzaovenkopen.nl\\\/wp-content\\\/uploads\\\/2020\\\/02\\\/logo.gif\",\"contentUrl\":\"https:\\\/\\\/buitenpizzaovenkopen.nl\\\/wp-content\\\/uploads\\\/2020\\\/02\\\/logo.gif\",\"width\":300,\"height\":305,\"caption\":\"Casa du Ruscello\"},\"image\":{\"@id\":\"https:\\\/\\\/buitenpizzaovenkopen.nl\\\/#\\\/schema\\\/logo\\\/image\\\/\"}}]}<\/script>\n<!-- \/ Yoast SEO plugin. -->","yoast_head_json":{"title":"La Base de l&#039;ATLAS pour les Fours \u00e0 Pizza 90cm - Buitenpizzaovenkopen.nl","description":"ATLAS four \u00e0 Pizza de Base, con\u00e7u pour les fours \u00e0 pizza avec un id\u00e9al de travail hauteur de 90 cm, parfait pour les petits utilisateurs.","robots":{"index":"index","follow":"follow","max-snippet":"max-snippet:-1","max-image-preview":"max-image-preview:large","max-video-preview":"max-video-preview:-1"},"canonical":"https:\/\/buitenpizzaovenkopen.nl\/fr\/pizza-oven-kopen\/onderstel-atlas-voor-pizza-ovens\/","og_locale":"fr_FR","og_type":"article","og_title":"Onderstel ATLAS voor Pizza Ovens 90cm - Buitenpizzaovenkopen.nl","og_description":"Onderstel ATLAS voor Pizza Ovens, ontworpen voor mobiele pizzaovens met een ideale werkhoogte van 90cm, perfect voor kleinere gebruikers.","og_url":"https:\/\/buitenpizzaovenkopen.nl\/fr\/pizza-oven-kopen\/onderstel-atlas-voor-pizza-ovens\/","og_site_name":"Buitenpizzaovenkopen.nl","article_modified_time":"2024-04-23T21:58:16+00:00","og_image":[{"width":1920,"height":2560,"url":"https:\/\/buitenpizzaovenkopen.nl\/wp-content\/uploads\/2022\/02\/5BD5D09B-3F43-48CB-BAC0-7667A3EB49A8-scaled.jpeg","type":"image\/jpeg"}],"twitter_card":"summary_large_image","twitter_misc":{"Dur\u00e9e de lecture estim\u00e9e":"3 minutes"},"schema":{"@context":"https:\/\/schema.org","@graph":[{"@type":"WebPage","@id":"https:\/\/buitenpizzaovenkopen.nl\/pizza-oven-kopen\/onderstel-atlas-voor-pizza-ovens\/","url":"https:\/\/buitenpizzaovenkopen.nl\/pizza-oven-kopen\/onderstel-atlas-voor-pizza-ovens\/","name":"La Base de l&#039;ATLAS pour les Fours \u00e0 Pizza 90cm - Buitenpizzaovenkopen.nl","isPartOf":{"@id":"https:\/\/buitenpizzaovenkopen.nl\/#website"},"primaryImageOfPage":{"@id":"https:\/\/buitenpizzaovenkopen.nl\/pizza-oven-kopen\/onderstel-atlas-voor-pizza-ovens\/#primaryimage"},"image":{"@id":"https:\/\/buitenpizzaovenkopen.nl\/pizza-oven-kopen\/onderstel-atlas-voor-pizza-ovens\/#primaryimage"},"thumbnailUrl":"https:\/\/buitenpizzaovenkopen.nl\/wp-content\/uploads\/2022\/02\/5BD5D09B-3F43-48CB-BAC0-7667A3EB49A8-scaled.jpeg","datePublished":"2022-02-09T12:00:40+00:00","dateModified":"2024-04-23T21:58:16+00:00","description":"ATLAS four \u00e0 Pizza de Base, con\u00e7u pour les fours \u00e0 pizza avec un id\u00e9al de travail hauteur de 90 cm, parfait pour les petits utilisateurs.","breadcrumb":{"@id":"https:\/\/buitenpizzaovenkopen.nl\/pizza-oven-kopen\/onderstel-atlas-voor-pizza-ovens\/#breadcrumb"},"inLanguage":"fr-FR","potentialAction":[{"@type":"ReadAction","target":["https:\/\/buitenpizzaovenkopen.nl\/pizza-oven-kopen\/onderstel-atlas-voor-pizza-ovens\/"]}]},{"@type":"ImageObject","inLanguage":"fr-FR","@id":"https:\/\/buitenpizzaovenkopen.nl\/pizza-oven-kopen\/onderstel-atlas-voor-pizza-ovens\/#primaryimage","url":"https:\/\/buitenpizzaovenkopen.nl\/wp-content\/uploads\/2022\/02\/5BD5D09B-3F43-48CB-BAC0-7667A3EB49A8-scaled.jpeg","contentUrl":"https:\/\/buitenpizzaovenkopen.nl\/wp-content\/uploads\/2022\/02\/5BD5D09B-3F43-48CB-BAC0-7667A3EB49A8-scaled.jpeg","width":1920,"height":2560,"caption":"Onderstel ATLAS voor Pizza Ovens"},{"@type":"BreadcrumbList","@id":"https:\/\/buitenpizzaovenkopen.nl\/pizza-oven-kopen\/onderstel-atlas-voor-pizza-ovens\/#breadcrumb","itemListElement":[{"@type":"ListItem","position":1,"name":"Home","item":"https:\/\/buitenpizzaovenkopen.nl\/"},{"@type":"ListItem","position":2,"name":"Pizza oven kopen","item":"https:\/\/buitenpizzaovenkopen.nl\/pizzaoven-kopen\/"},{"@type":"ListItem","position":3,"name":"Onderstel ATLAS voor Pizza Ovens 90cm"}]},{"@type":"WebSite","@id":"https:\/\/buitenpizzaovenkopen.nl\/#website","url":"https:\/\/buitenpizzaovenkopen.nl\/","name":"Buitenpizzaovenkopen.nl","description":"fait partie de Casa Di Ruscello","publisher":{"@id":"https:\/\/buitenpizzaovenkopen.nl\/#organization"},"potentialAction":[{"@type":"SearchAction","target":{"@type":"EntryPoint","urlTemplate":"https:\/\/buitenpizzaovenkopen.nl\/?s={search_term_string}"},"query-input":{"@type":"PropertyValueSpecification","valueRequired":true,"valueName":"search_term_string"}}],"inLanguage":"fr-FR"},{"@type":"Organization","@id":"https:\/\/buitenpizzaovenkopen.nl\/#organization","name":"Casa du Ruscello","url":"https:\/\/buitenpizzaovenkopen.nl\/","logo":{"@type":"ImageObject","inLanguage":"fr-FR","@id":"https:\/\/buitenpizzaovenkopen.nl\/#\/schema\/logo\/image\/","url":"https:\/\/buitenpizzaovenkopen.nl\/wp-content\/uploads\/2020\/02\/logo.gif","contentUrl":"https:\/\/buitenpizzaovenkopen.nl\/wp-content\/uploads\/2020\/02\/logo.gif","width":300,"height":305,"caption":"Casa du Ruscello"},"image":{"@id":"https:\/\/buitenpizzaovenkopen.nl\/#\/schema\/logo\/image\/"}}]}},"_links":{"self":[{"href":"https:\/\/buitenpizzaovenkopen.nl\/fr\/wp-json\/wp\/v2\/product\/6572","targetHints":{"allow":["GET"]}}],"collection":[{"href":"https:\/\/buitenpizzaovenkopen.nl\/fr\/wp-json\/wp\/v2\/product"}],"about":[{"href":"https:\/\/buitenpizzaovenkopen.nl\/fr\/wp-json\/wp\/v2\/types\/product"}],"wp:featuredmedia":[{"embeddable":true,"href":"https:\/\/buitenpizzaovenkopen.nl\/fr\/wp-json\/wp\/v2\/media\/6584"}],"wp:attachment":[{"href":"https:\/\/buitenpizzaovenkopen.nl\/fr\/wp-json\/wp\/v2\/media?parent=6572"}],"wp:term":[{"taxonomy":"product_brand","embeddable":true,"href":"https:\/\/buitenpizzaovenkopen.nl\/fr\/wp-json\/wp\/v2\/product_brand?post=6572"},{"taxonomy":"product_cat","embeddable":true,"href":"https:\/\/buitenpizzaovenkopen.nl\/fr\/wp-json\/wp\/v2\/product_cat?post=6572"},{"taxonomy":"product_tag","embeddable":true,"href":"https:\/\/buitenpizzaovenkopen.nl\/fr\/wp-json\/wp\/v2\/product_tag?post=6572"}],"curies":[{"name":"wp","href":"https:\/\/api.w.org\/{rel}","templated":true}]}}