{"id":6555,"date":"2022-02-09T12:28:15","date_gmt":"2022-02-09T11:28:15","guid":{"rendered":"https:\/\/buitenpizzaovenkopen.nl\/?post_type=product&#038;p=6555"},"modified":"2024-04-23T23:46:07","modified_gmt":"2024-04-23T21:46:07","slug":"onderstel-beek-70-voor-pizza-ovens","status":"publish","type":"product","link":"https:\/\/buitenpizzaovenkopen.nl\/fr\/pizza-oven-kopen\/onderstel-beek-70-voor-pizza-ovens\/","title":{"rendered":"La Base de BEEK 70 pour fours \u00e0 pizza"},"content":{"rendered":"<p>Le Beek 70 four \u00e0 pizza de base est sp\u00e9cialement fabriqu\u00e9 pour une utilisation avec feu de bois mobile, fours \u00e0 pizza, y compris des mod\u00e8les tels que la Maximus 70, Beek Classico 70, et d&#039;autres marques populaires. Avec une hauteur de 104 cm, ce ch\u00e2ssis offre une hauteur de travail optimale qui est particuli\u00e8rement adapt\u00e9 pour la moyenne de l&#039;europe du Nord de l&#039;utilisateur. Dans le sud de l&#039;Europe, la plupart des ch\u00e2ssis sont souvent trop faible, ce qui parfois rend leur utilisation peu pratique pour les plus grands utilisateurs. Notre Beek 70 ch\u00e2ssis, d&#039;autre part, est parfaitement adapt\u00e9e \u00e0 votre confort et la facilit\u00e9 d&#039;utilisation.<\/p>\n<p>Cette BEEK 70 de base pour les fours \u00e0 pizza est faite enti\u00e8rement de 1,5 mm d&#039;\u00e9paisseur en acier et fini avec une semelle noir mat rev\u00eatement, qui assure non seulement un aspect \u00e9l\u00e9gant, mais augmente \u00e9galement la r\u00e9sistance aux intemp\u00e9ries. Il se dresse de fa\u00e7on stable sur toute la terrasse et peut facilement passer \u00e0 travers tout porte standard, le rendant id\u00e9al pour usage domestique et professionnel des param\u00e8tres tels que des festivals ou des r\u00e9ceptions.<\/p>\n<p>Avec l&#039;utilisation de roulettes de 100 mm, le ch\u00e2ssis peut \u00eatre d\u00e9plac\u00e9 sans effort, m\u00eame sur les terrasses. L&#039;espace sous le ch\u00e2ssis offre suffisamment d&#039;espace de stockage pour environ 0,5 m\u00e8tres cubes de bois, assez pour faire des pizzas pour toute une soir\u00e9e sans vous soucier de la p\u00e9nurie de carburant.<\/p>\n<p>Le ch\u00e2ssis est facile \u00e0 assembler et \u00e0 d\u00e9monter dans les 5 \u00e0 15 minutes, ce qui facilite le transport \u00e0 diff\u00e9rents endroits. Il s&#039;int\u00e8gre facilement dans le coffre arri\u00e8re de la plupart des voitures apr\u00e8s le d\u00e9montage. En option, nous vous proposons une extension de feuilles pour encore plus d&#039;espace de travail. La premi\u00e8re pi\u00e8ce jointe mesures 25\u00d770 cm, id\u00e9al pour placer votre pizza scoop, le Rotary pelle et brosse, tandis que la deuxi\u00e8me pi\u00e8ce jointe de 50\u00d770 cm sert comme un suppl\u00e9ment de plan de travail pour la pr\u00e9paration de vos plats.<\/p>\n<p>Facile \u00e0 assembler.<br \/>\nLa largeur est de + \/ - 70 cm<br \/>\nLongueur de+ \/ - 70 cm<br \/>\nHauteur totale 104 cm, cet id\u00e9al de la hauteur de travail est agr\u00e9able d&#039;\u00eatre en mesure de bien regarder dans le four et ainsi \u00eatre en mesure de faire cuire vos pizzas ou autres plats.<br \/>\nC&#039;est pourquoi nous vous proposons ces ch\u00e2ssis en particulier pour les pays d&#039;europe du Nord.<\/p>\n<p>Il ya beaucoup d&#039;espace pour votre bois de rangement sous le four \u00e0 pizza, mais il y a aussi la possibilit\u00e9 de commander des pi\u00e8ces suppl\u00e9mentaires en option.<br \/>\nPlaque de montage 1: 25\u00d770 cm pour votre pizza scoop, le Rotary pelle et brosse.<br \/>\nL&#039;Extension de la feuille 2: 50\u00d770 cm ainsi qu&#039;un plan de travail pour la pr\u00e9paration de vos pizzas ou autres plats.<\/p>\n<p>Avez-vous des questions? Prendre aucune obligation <a href=\"https:\/\/buitenpizzaovenkopen.nl\/fr\/contact-buitenpizzaovenkopen\/\">contacter<\/a> en toute libert\u00e9!<\/p>","protected":false},"excerpt":{"rendered":"<p>De Base, faite sp\u00e9cialement pour au feu de bois mobile fours \u00e0 pizza et \u00e0 une amende hauteur de travail de 104cm.<br \/>\nLa Base est faite de 1,5 mm en acier et compl\u00e8tement couch\u00e9 dans la couleur Noir Mat.<br \/>\npour Maxime 70, BEEK Classico 70, Jolly 70, Alfa, Clementi et d&#039;autres marques. S&#039;adapte sur chaque terrasse, mais aussi \u00e0 travers chaque porte.<br \/>\nPar \u00e0 l&#039;aide de roulettes de 100 mm facile \u00e0 d\u00e9placer sur la terrasse.<br \/>\nAu fond, la possibilit\u00e9 de 0,5 M3 de bois empil\u00e9s pour votre four \u00e0 pizza.<\/p>","protected":false},"featured_media":6571,"template":"","meta":{"_monsterinsights_skip_tracking":false,"_monsterinsights_sitenote_active":false,"_monsterinsights_sitenote_note":"","_monsterinsights_sitenote_category":0,"site-sidebar-layout":"default","site-content-layout":"default","ast-site-content-layout":"default","site-content-style":"default","site-sidebar-style":"default","ast-global-header-display":"","ast-banner-title-visibility":"","ast-main-header-display":"","ast-hfb-above-header-display":"","ast-hfb-below-header-display":"","ast-hfb-mobile-header-display":"","site-post-title":"","ast-breadcrumbs-content":"","ast-featured-img":"","footer-sml-layout":"","ast-disable-related-posts":"","theme-transparent-header-meta":"default","adv-header-id-meta":"","stick-header-meta":"","header-above-stick-meta":"","header-main-stick-meta":"","header-below-stick-meta":"","astra-migrate-meta-layouts":"set","ast-page-background-enabled":"default","ast-page-background-meta":{"desktop":{"background-color":"","background-image":"","background-repeat":"repeat","background-position":"center center","background-size":"auto","background-attachment":"scroll","background-type":"","background-media":"","overlay-type":"","overlay-color":"","overlay-opacity":"","overlay-gradient":""},"tablet":{"background-color":"","background-image":"","background-repeat":"repeat","background-position":"center center","background-size":"auto","background-attachment":"scroll","background-type":"","background-media":"","overlay-type":"","overlay-color":"","overlay-opacity":"","overlay-gradient":""},"mobile":{"background-color":"","background-image":"","background-repeat":"repeat","background-position":"center center","background-size":"auto","background-attachment":"scroll","background-type":"","background-media":"","overlay-type":"","overlay-color":"","overlay-opacity":"","overlay-gradient":""}},"ast-content-background-meta":{"desktop":{"background-color":"var(--ast-global-color-5)","background-image":"","background-repeat":"repeat","background-position":"center center","background-size":"auto","background-attachment":"scroll","background-type":"","background-media":"","overlay-type":"","overlay-color":"","overlay-opacity":"","overlay-gradient":""},"tablet":{"background-color":"var(--ast-global-color-5)","background-image":"","background-repeat":"repeat","background-position":"center center","background-size":"auto","background-attachment":"scroll","background-type":"","background-media":"","overlay-type":"","overlay-color":"","overlay-opacity":"","overlay-gradient":""},"mobile":{"background-color":"var(--ast-global-color-5)","background-image":"","background-repeat":"repeat","background-position":"center center","background-size":"auto","background-attachment":"scroll","background-type":"","background-media":"","overlay-type":"","overlay-color":"","overlay-opacity":"","overlay-gradient":""}}},"product_brand":[],"product_cat":[110],"product_tag":[],"class_list":{"0":"post-6555","1":"product","2":"type-product","3":"status-publish","4":"has-post-thumbnail","6":"product_cat-onderstellen","7":"product_shipping_class-verzendklasse-4","8":"desktop-align-left","9":"tablet-align-left","10":"mobile-align-left","12":"first","13":"instock","14":"taxable","15":"shipping-taxable","16":"purchasable","17":"product-type-variable","18":"has-default-attributes"},"yoast_head":"<!-- This site is optimized with the Yoast SEO plugin v27.4 - https:\/\/yoast.com\/product\/yoast-seo-wordpress\/ -->\n<title>Onderstel BEEK 70 voor pizza ovens - Buitenpizzaovenkopen.nl<\/title>\n<meta name=\"description\" content=\"Ontdek het Onderstel BEEK 70, speciaal ontworpen voor mobiele pizza ovens. Perfecte werkhoogte van 104cm voor optimaal gebruiksgemak!\" \/>\n<meta name=\"robots\" content=\"index, follow, max-snippet:-1, max-image-preview:large, max-video-preview:-1\" \/>\n<link rel=\"canonical\" href=\"https:\/\/buitenpizzaovenkopen.nl\/fr\/pizza-oven-kopen\/onderstel-beek-70-voor-pizza-ovens\/\" \/>\n<meta property=\"og:locale\" content=\"fr_FR\" \/>\n<meta property=\"og:type\" content=\"article\" \/>\n<meta property=\"og:title\" content=\"Onderstel BEEK 70 voor pizza ovens - Buitenpizzaovenkopen.nl\" \/>\n<meta property=\"og:description\" content=\"Ontdek het Onderstel BEEK 70, speciaal ontworpen voor mobiele pizza ovens. Perfecte werkhoogte van 104cm voor optimaal gebruiksgemak!\" \/>\n<meta property=\"og:url\" content=\"https:\/\/buitenpizzaovenkopen.nl\/fr\/pizza-oven-kopen\/onderstel-beek-70-voor-pizza-ovens\/\" \/>\n<meta property=\"og:site_name\" content=\"Buitenpizzaovenkopen.nl\" \/>\n<meta property=\"article:modified_time\" content=\"2024-04-23T21:46:07+00:00\" \/>\n<meta property=\"og:image\" content=\"https:\/\/buitenpizzaovenkopen.nl\/wp-content\/uploads\/2022\/02\/BCB743CE-267E-49BC-9682-DA82E993D767-scaled.jpeg\" \/>\n\t<meta property=\"og:image:width\" content=\"1920\" \/>\n\t<meta property=\"og:image:height\" content=\"2560\" \/>\n\t<meta property=\"og:image:type\" content=\"image\/jpeg\" \/>\n<meta name=\"twitter:card\" content=\"summary_large_image\" \/>\n<meta name=\"twitter:label1\" content=\"Dur\u00e9e de lecture estim\u00e9e\" \/>\n\t<meta name=\"twitter:data1\" content=\"3 minutes\" \/>\n<script type=\"application\/ld+json\" class=\"yoast-schema-graph\">{\"@context\":\"https:\\\/\\\/schema.org\",\"@graph\":[{\"@type\":\"WebPage\",\"@id\":\"https:\\\/\\\/buitenpizzaovenkopen.nl\\\/pizza-oven-kopen\\\/onderstel-beek-70-voor-pizza-ovens\\\/\",\"url\":\"https:\\\/\\\/buitenpizzaovenkopen.nl\\\/pizza-oven-kopen\\\/onderstel-beek-70-voor-pizza-ovens\\\/\",\"name\":\"Onderstel BEEK 70 voor pizza ovens - Buitenpizzaovenkopen.nl\",\"isPartOf\":{\"@id\":\"https:\\\/\\\/buitenpizzaovenkopen.nl\\\/#website\"},\"primaryImageOfPage\":{\"@id\":\"https:\\\/\\\/buitenpizzaovenkopen.nl\\\/pizza-oven-kopen\\\/onderstel-beek-70-voor-pizza-ovens\\\/#primaryimage\"},\"image\":{\"@id\":\"https:\\\/\\\/buitenpizzaovenkopen.nl\\\/pizza-oven-kopen\\\/onderstel-beek-70-voor-pizza-ovens\\\/#primaryimage\"},\"thumbnailUrl\":\"https:\\\/\\\/buitenpizzaovenkopen.nl\\\/wp-content\\\/uploads\\\/2022\\\/02\\\/BCB743CE-267E-49BC-9682-DA82E993D767-scaled.jpeg\",\"datePublished\":\"2022-02-09T11:28:15+00:00\",\"dateModified\":\"2024-04-23T21:46:07+00:00\",\"description\":\"Ontdek het Onderstel BEEK 70, speciaal ontworpen voor mobiele pizza ovens. Perfecte werkhoogte van 104cm voor optimaal gebruiksgemak!\",\"breadcrumb\":{\"@id\":\"https:\\\/\\\/buitenpizzaovenkopen.nl\\\/pizza-oven-kopen\\\/onderstel-beek-70-voor-pizza-ovens\\\/#breadcrumb\"},\"inLanguage\":\"fr-FR\",\"potentialAction\":[{\"@type\":\"ReadAction\",\"target\":[\"https:\\\/\\\/buitenpizzaovenkopen.nl\\\/pizza-oven-kopen\\\/onderstel-beek-70-voor-pizza-ovens\\\/\"]}]},{\"@type\":\"ImageObject\",\"inLanguage\":\"fr-FR\",\"@id\":\"https:\\\/\\\/buitenpizzaovenkopen.nl\\\/pizza-oven-kopen\\\/onderstel-beek-70-voor-pizza-ovens\\\/#primaryimage\",\"url\":\"https:\\\/\\\/buitenpizzaovenkopen.nl\\\/wp-content\\\/uploads\\\/2022\\\/02\\\/BCB743CE-267E-49BC-9682-DA82E993D767-scaled.jpeg\",\"contentUrl\":\"https:\\\/\\\/buitenpizzaovenkopen.nl\\\/wp-content\\\/uploads\\\/2022\\\/02\\\/BCB743CE-267E-49BC-9682-DA82E993D767-scaled.jpeg\",\"width\":1920,\"height\":2560,\"caption\":\"Onderstel BEEK 70 voor pizza ovens\"},{\"@type\":\"BreadcrumbList\",\"@id\":\"https:\\\/\\\/buitenpizzaovenkopen.nl\\\/pizza-oven-kopen\\\/onderstel-beek-70-voor-pizza-ovens\\\/#breadcrumb\",\"itemListElement\":[{\"@type\":\"ListItem\",\"position\":1,\"name\":\"Home\",\"item\":\"https:\\\/\\\/buitenpizzaovenkopen.nl\\\/\"},{\"@type\":\"ListItem\",\"position\":2,\"name\":\"Pizza oven kopen\",\"item\":\"https:\\\/\\\/buitenpizzaovenkopen.nl\\\/pizzaoven-kopen\\\/\"},{\"@type\":\"ListItem\",\"position\":3,\"name\":\"Onderstel BEEK 70 voor pizza ovens\"}]},{\"@type\":\"WebSite\",\"@id\":\"https:\\\/\\\/buitenpizzaovenkopen.nl\\\/#website\",\"url\":\"https:\\\/\\\/buitenpizzaovenkopen.nl\\\/\",\"name\":\"Buitenpizzaovenkopen.nl\",\"description\":\"is onderdeel van Casa di Ruscello\",\"publisher\":{\"@id\":\"https:\\\/\\\/buitenpizzaovenkopen.nl\\\/#organization\"},\"potentialAction\":[{\"@type\":\"SearchAction\",\"target\":{\"@type\":\"EntryPoint\",\"urlTemplate\":\"https:\\\/\\\/buitenpizzaovenkopen.nl\\\/?s={search_term_string}\"},\"query-input\":{\"@type\":\"PropertyValueSpecification\",\"valueRequired\":true,\"valueName\":\"search_term_string\"}}],\"inLanguage\":\"fr-FR\"},{\"@type\":\"Organization\",\"@id\":\"https:\\\/\\\/buitenpizzaovenkopen.nl\\\/#organization\",\"name\":\"Casa du Ruscello\",\"url\":\"https:\\\/\\\/buitenpizzaovenkopen.nl\\\/\",\"logo\":{\"@type\":\"ImageObject\",\"inLanguage\":\"fr-FR\",\"@id\":\"https:\\\/\\\/buitenpizzaovenkopen.nl\\\/#\\\/schema\\\/logo\\\/image\\\/\",\"url\":\"https:\\\/\\\/buitenpizzaovenkopen.nl\\\/wp-content\\\/uploads\\\/2020\\\/02\\\/logo.gif\",\"contentUrl\":\"https:\\\/\\\/buitenpizzaovenkopen.nl\\\/wp-content\\\/uploads\\\/2020\\\/02\\\/logo.gif\",\"width\":300,\"height\":305,\"caption\":\"Casa du Ruscello\"},\"image\":{\"@id\":\"https:\\\/\\\/buitenpizzaovenkopen.nl\\\/#\\\/schema\\\/logo\\\/image\\\/\"}}]}<\/script>\n<!-- \/ Yoast SEO plugin. -->","yoast_head_json":{"title":"Ch\u00e2ssis BEEK 70 pour fours \u00e0 pizza - Buitenpizzaovenkopen.nl","description":"D\u00e9couvrez les BEEK 70 ch\u00e2ssis, sp\u00e9cialement con\u00e7us pour les fours \u00e0 pizza. Parfait \u00e9tat de fonctionnement hauteur 104cm pour un confort d&#039;utilisation optimal!","robots":{"index":"index","follow":"follow","max-snippet":"max-snippet:-1","max-image-preview":"max-image-preview:large","max-video-preview":"max-video-preview:-1"},"canonical":"https:\/\/buitenpizzaovenkopen.nl\/fr\/pizza-oven-kopen\/onderstel-beek-70-voor-pizza-ovens\/","og_locale":"fr_FR","og_type":"article","og_title":"Onderstel BEEK 70 voor pizza ovens - Buitenpizzaovenkopen.nl","og_description":"Ontdek het Onderstel BEEK 70, speciaal ontworpen voor mobiele pizza ovens. Perfecte werkhoogte van 104cm voor optimaal gebruiksgemak!","og_url":"https:\/\/buitenpizzaovenkopen.nl\/fr\/pizza-oven-kopen\/onderstel-beek-70-voor-pizza-ovens\/","og_site_name":"Buitenpizzaovenkopen.nl","article_modified_time":"2024-04-23T21:46:07+00:00","og_image":[{"width":1920,"height":2560,"url":"https:\/\/buitenpizzaovenkopen.nl\/wp-content\/uploads\/2022\/02\/BCB743CE-267E-49BC-9682-DA82E993D767-scaled.jpeg","type":"image\/jpeg"}],"twitter_card":"summary_large_image","twitter_misc":{"Dur\u00e9e de lecture estim\u00e9e":"3 minutes"},"schema":{"@context":"https:\/\/schema.org","@graph":[{"@type":"WebPage","@id":"https:\/\/buitenpizzaovenkopen.nl\/pizza-oven-kopen\/onderstel-beek-70-voor-pizza-ovens\/","url":"https:\/\/buitenpizzaovenkopen.nl\/pizza-oven-kopen\/onderstel-beek-70-voor-pizza-ovens\/","name":"Ch\u00e2ssis BEEK 70 pour fours \u00e0 pizza - Buitenpizzaovenkopen.nl","isPartOf":{"@id":"https:\/\/buitenpizzaovenkopen.nl\/#website"},"primaryImageOfPage":{"@id":"https:\/\/buitenpizzaovenkopen.nl\/pizza-oven-kopen\/onderstel-beek-70-voor-pizza-ovens\/#primaryimage"},"image":{"@id":"https:\/\/buitenpizzaovenkopen.nl\/pizza-oven-kopen\/onderstel-beek-70-voor-pizza-ovens\/#primaryimage"},"thumbnailUrl":"https:\/\/buitenpizzaovenkopen.nl\/wp-content\/uploads\/2022\/02\/BCB743CE-267E-49BC-9682-DA82E993D767-scaled.jpeg","datePublished":"2022-02-09T11:28:15+00:00","dateModified":"2024-04-23T21:46:07+00:00","description":"D\u00e9couvrez les BEEK 70 ch\u00e2ssis, sp\u00e9cialement con\u00e7us pour les fours \u00e0 pizza. Parfait \u00e9tat de fonctionnement hauteur 104cm pour un confort d&#039;utilisation optimal!","breadcrumb":{"@id":"https:\/\/buitenpizzaovenkopen.nl\/pizza-oven-kopen\/onderstel-beek-70-voor-pizza-ovens\/#breadcrumb"},"inLanguage":"fr-FR","potentialAction":[{"@type":"ReadAction","target":["https:\/\/buitenpizzaovenkopen.nl\/pizza-oven-kopen\/onderstel-beek-70-voor-pizza-ovens\/"]}]},{"@type":"ImageObject","inLanguage":"fr-FR","@id":"https:\/\/buitenpizzaovenkopen.nl\/pizza-oven-kopen\/onderstel-beek-70-voor-pizza-ovens\/#primaryimage","url":"https:\/\/buitenpizzaovenkopen.nl\/wp-content\/uploads\/2022\/02\/BCB743CE-267E-49BC-9682-DA82E993D767-scaled.jpeg","contentUrl":"https:\/\/buitenpizzaovenkopen.nl\/wp-content\/uploads\/2022\/02\/BCB743CE-267E-49BC-9682-DA82E993D767-scaled.jpeg","width":1920,"height":2560,"caption":"Onderstel BEEK 70 voor pizza ovens"},{"@type":"BreadcrumbList","@id":"https:\/\/buitenpizzaovenkopen.nl\/pizza-oven-kopen\/onderstel-beek-70-voor-pizza-ovens\/#breadcrumb","itemListElement":[{"@type":"ListItem","position":1,"name":"Home","item":"https:\/\/buitenpizzaovenkopen.nl\/"},{"@type":"ListItem","position":2,"name":"Pizza oven kopen","item":"https:\/\/buitenpizzaovenkopen.nl\/pizzaoven-kopen\/"},{"@type":"ListItem","position":3,"name":"Onderstel BEEK 70 voor pizza ovens"}]},{"@type":"WebSite","@id":"https:\/\/buitenpizzaovenkopen.nl\/#website","url":"https:\/\/buitenpizzaovenkopen.nl\/","name":"Buitenpizzaovenkopen.nl","description":"fait partie de Casa Di Ruscello","publisher":{"@id":"https:\/\/buitenpizzaovenkopen.nl\/#organization"},"potentialAction":[{"@type":"SearchAction","target":{"@type":"EntryPoint","urlTemplate":"https:\/\/buitenpizzaovenkopen.nl\/?s={search_term_string}"},"query-input":{"@type":"PropertyValueSpecification","valueRequired":true,"valueName":"search_term_string"}}],"inLanguage":"fr-FR"},{"@type":"Organization","@id":"https:\/\/buitenpizzaovenkopen.nl\/#organization","name":"Casa du Ruscello","url":"https:\/\/buitenpizzaovenkopen.nl\/","logo":{"@type":"ImageObject","inLanguage":"fr-FR","@id":"https:\/\/buitenpizzaovenkopen.nl\/#\/schema\/logo\/image\/","url":"https:\/\/buitenpizzaovenkopen.nl\/wp-content\/uploads\/2020\/02\/logo.gif","contentUrl":"https:\/\/buitenpizzaovenkopen.nl\/wp-content\/uploads\/2020\/02\/logo.gif","width":300,"height":305,"caption":"Casa du Ruscello"},"image":{"@id":"https:\/\/buitenpizzaovenkopen.nl\/#\/schema\/logo\/image\/"}}]}},"_links":{"self":[{"href":"https:\/\/buitenpizzaovenkopen.nl\/fr\/wp-json\/wp\/v2\/product\/6555","targetHints":{"allow":["GET"]}}],"collection":[{"href":"https:\/\/buitenpizzaovenkopen.nl\/fr\/wp-json\/wp\/v2\/product"}],"about":[{"href":"https:\/\/buitenpizzaovenkopen.nl\/fr\/wp-json\/wp\/v2\/types\/product"}],"wp:featuredmedia":[{"embeddable":true,"href":"https:\/\/buitenpizzaovenkopen.nl\/fr\/wp-json\/wp\/v2\/media\/6571"}],"wp:attachment":[{"href":"https:\/\/buitenpizzaovenkopen.nl\/fr\/wp-json\/wp\/v2\/media?parent=6555"}],"wp:term":[{"taxonomy":"product_brand","embeddable":true,"href":"https:\/\/buitenpizzaovenkopen.nl\/fr\/wp-json\/wp\/v2\/product_brand?post=6555"},{"taxonomy":"product_cat","embeddable":true,"href":"https:\/\/buitenpizzaovenkopen.nl\/fr\/wp-json\/wp\/v2\/product_cat?post=6555"},{"taxonomy":"product_tag","embeddable":true,"href":"https:\/\/buitenpizzaovenkopen.nl\/fr\/wp-json\/wp\/v2\/product_tag?post=6555"}],"curies":[{"name":"wp","href":"https:\/\/api.w.org\/{rel}","templated":true}]}}