{"id":6256,"date":"2021-03-14T20:48:55","date_gmt":"2021-03-14T19:48:55","guid":{"rendered":"https:\/\/buitenpizzaovenkopen.nl\/?post_type=product&#038;p=6256"},"modified":"2025-12-04T10:05:12","modified_gmt":"2025-12-04T09:05:12","slug":"pizza-bollen","status":"publish","type":"product","link":"https:\/\/buitenpizzaovenkopen.nl\/fr\/pizza-oven-kopen\/pizza-bollen\/","title":{"rendered":"Boules de p\u00e2te \u00e0 pizza (uniquement \u00e0 emporter)"},"content":{"rendered":"<p>Fra\u00eechement pr\u00e9par\u00e9 des boules de pizza Buitenpizzaovenkopen.nl fournir la base pour\u201dle plus savoureux de la PIZZA dans la r\u00e9gion&#034;. Surtout pour les amoureux de l&#039;authentique pizzas Napolitaines, notre pizza boules, chacune pesant entre 180 et 200 grammes, sont le choix parfait pour une pizza d&#039;environ 32 cm.<\/p>\n<p><strong>Frais et pr\u00eat \u00e0 utiliser<\/strong><br \/>\nChaque semaine, nous tournons notre pizza balles de frais et congeler imm\u00e9diatement pour assurer la fra\u00eecheur. Ce processus permet de s&#039;assurer que vous avez toujours la meilleure qualit\u00e9 pour votre maison, des pizzas.les boules sont disponibles dans nombre de 20, 30 et 60 pi\u00e8ces, seulement pour \u00eatre ramass\u00e9 \u00e0 notre emplacement.<\/p>\n<p><strong>Instructions de stockage<\/strong><br \/>\nLors de l&#039;achat, vous pouvez congeler les boules de pizza imm\u00e9diatement et de les stocker jusqu&#039;\u00e0 6 mois. Cela le rend particuli\u00e8rement pratique pour toujours avoir un approvisionnement \u00e0 la maison pour quand la pizza frappe l&#039;envie. Lorsque vous \u00eates pr\u00eat \u00e0 cuire, il suffit de retirer le nombre d\u00e9sir\u00e9 de bulbes \u00e0 partir du cong\u00e9lateur. Laissez-les d\u00e9congeler dans un couvert de p\u00e2te conteneur ou un plat \u00e0 la temp\u00e9rature ambiante pendant au moins 6 heures. Une petite astuce: humidifiez l\u00e9g\u00e8rement la pizza boules avant de les utiliser. La cong\u00e9lation permet \u00e0 la p\u00e2te \u00e0 perdre un peu d&#039;humidit\u00e9, et l\u00e9g\u00e8rement en mouillant leur permettra de restaurer la texture optimale.<\/p>\n<p><strong>Pr\u00e9paration de votre pizza de base<\/strong><br \/>\nPour le d\u00e9ploiement de la pizza de base, nous vous recommandons de riz saupoudrer de farine. Ce type de farine contribue \u00e0 cr\u00e9er un \u00eatre parfait, non-b\u00e2ton de fond qui est facile \u00e0 manipuler.<\/p>\n<p><strong>Contact<\/strong><br \/>\nAvez-vous des questions ou voulez-vous plus de conseils sur la pr\u00e9paration de la pizza parfaite avec nos produits? Sentez-vous svp libre pour nous contacter <a href=\"https:\/\/buitenpizzaovenkopen.nl\/fr\/contact-buitenpizzaovenkopen\/\">contacter<\/a> jusqu&#039;\u00e0 nous. Notre \u00e9quipe est pr\u00eate \u00e0 vous aider \u00e0 d\u00e9marrer toute aventure culinaire avec succ\u00e8s.<\/p>\n<p>Cette information compl\u00e8te et des conseils de stockage permettra d&#039;assurer que vous obtenez toujours les meilleurs r\u00e9sultats avec nos produits, tout en profitant de la commodit\u00e9 de la cuisson des pizzas dans votre propre cuisine.<\/p>","protected":false},"excerpt":{"rendered":"<p>Pizza deeg bollen zijn ongeveer 180 &#8211; 200 gram per stuk en zijn goed voor een Napoliaanse PIZZA van +\/- 32cm. De pizza bollen zijn verkrijgbaar in aantallen van 20, 30 en 40 stuks<\/p>","protected":false},"featured_media":2930,"template":"","meta":{"_monsterinsights_skip_tracking":false,"_monsterinsights_sitenote_active":false,"_monsterinsights_sitenote_note":"","_monsterinsights_sitenote_category":0,"site-sidebar-layout":"default","site-content-layout":"default","ast-site-content-layout":"default","site-content-style":"default","site-sidebar-style":"default","ast-global-header-display":"","ast-banner-title-visibility":"","ast-main-header-display":"","ast-hfb-above-header-display":"","ast-hfb-below-header-display":"","ast-hfb-mobile-header-display":"","site-post-title":"","ast-breadcrumbs-content":"","ast-featured-img":"","footer-sml-layout":"","ast-disable-related-posts":"","theme-transparent-header-meta":"default","adv-header-id-meta":"","stick-header-meta":"","header-above-stick-meta":"","header-main-stick-meta":"","header-below-stick-meta":"","astra-migrate-meta-layouts":"set","ast-page-background-enabled":"default","ast-page-background-meta":{"desktop":{"background-color":"","background-image":"","background-repeat":"repeat","background-position":"center center","background-size":"auto","background-attachment":"scroll","background-type":"","background-media":"","overlay-type":"","overlay-color":"","overlay-opacity":"","overlay-gradient":""},"tablet":{"background-color":"","background-image":"","background-repeat":"repeat","background-position":"center center","background-size":"auto","background-attachment":"scroll","background-type":"","background-media":"","overlay-type":"","overlay-color":"","overlay-opacity":"","overlay-gradient":""},"mobile":{"background-color":"","background-image":"","background-repeat":"repeat","background-position":"center center","background-size":"auto","background-attachment":"scroll","background-type":"","background-media":"","overlay-type":"","overlay-color":"","overlay-opacity":"","overlay-gradient":""}},"ast-content-background-meta":{"desktop":{"background-color":"var(--ast-global-color-5)","background-image":"","background-repeat":"repeat","background-position":"center center","background-size":"auto","background-attachment":"scroll","background-type":"","background-media":"","overlay-type":"","overlay-color":"","overlay-opacity":"","overlay-gradient":""},"tablet":{"background-color":"var(--ast-global-color-5)","background-image":"","background-repeat":"repeat","background-position":"center center","background-size":"auto","background-attachment":"scroll","background-type":"","background-media":"","overlay-type":"","overlay-color":"","overlay-opacity":"","overlay-gradient":""},"mobile":{"background-color":"var(--ast-global-color-5)","background-image":"","background-repeat":"repeat","background-position":"center center","background-size":"auto","background-attachment":"scroll","background-type":"","background-media":"","overlay-type":"","overlay-color":"","overlay-opacity":"","overlay-gradient":""}}},"product_brand":[],"product_cat":[25],"product_tag":[116,117,115,118],"class_list":{"0":"post-6256","1":"product","2":"type-product","3":"status-publish","4":"has-post-thumbnail","6":"product_cat-pizza-benodigdheden","7":"product_tag-deegbollen","8":"product_tag-pizza","9":"product_tag-pizzabollen","10":"product_tag-rijststrooimeel","11":"product_shipping_class-verzendklasse-1","12":"desktop-align-left","13":"tablet-align-left","14":"mobile-align-left","16":"first","17":"instock","18":"taxable","19":"shipping-taxable","20":"purchasable","21":"product-type-variable"},"yoast_head":"<!-- This site is optimized with the Yoast SEO plugin v27.3 - https:\/\/yoast.com\/product\/yoast-seo-wordpress\/ -->\n<title>Pizza bollen (alleen afhalen) - Buitenpizzaovenkopen.nl<\/title>\n<meta name=\"description\" content=\"Onze pizza bollen worden wekelijks vers gedraaid en direct ingevroren. Lekker makkelijk dus als u heerlijke pizza&#039;s wil gaan maken\" \/>\n<meta name=\"robots\" content=\"index, follow, max-snippet:-1, max-image-preview:large, max-video-preview:-1\" \/>\n<link rel=\"canonical\" href=\"https:\/\/buitenpizzaovenkopen.nl\/fr\/pizza-oven-kopen\/pizza-bollen\/\" \/>\n<meta property=\"og:locale\" content=\"fr_FR\" \/>\n<meta property=\"og:type\" content=\"article\" \/>\n<meta property=\"og:title\" content=\"Pizza bollen (alleen afhalen) - Buitenpizzaovenkopen.nl\" \/>\n<meta property=\"og:description\" content=\"Onze pizza bollen worden wekelijks vers gedraaid en direct ingevroren. Lekker makkelijk dus als u heerlijke pizza&#039;s wil gaan maken\" \/>\n<meta property=\"og:url\" content=\"https:\/\/buitenpizzaovenkopen.nl\/fr\/pizza-oven-kopen\/pizza-bollen\/\" \/>\n<meta property=\"og:site_name\" content=\"Buitenpizzaovenkopen.nl\" \/>\n<meta property=\"article:modified_time\" content=\"2025-12-04T09:05:12+00:00\" \/>\n<meta property=\"og:image\" content=\"https:\/\/buitenpizzaovenkopen.nl\/wp-content\/uploads\/2019\/10\/bkpam2274911_deegbollen.jpg\" \/>\n\t<meta property=\"og:image:width\" content=\"780\" \/>\n\t<meta property=\"og:image:height\" content=\"520\" \/>\n\t<meta property=\"og:image:type\" content=\"image\/jpeg\" \/>\n<meta name=\"twitter:card\" content=\"summary_large_image\" \/>\n<meta name=\"twitter:label1\" content=\"Dur\u00e9e de lecture estim\u00e9e\" \/>\n\t<meta name=\"twitter:data1\" content=\"2 minutes\" \/>\n<script type=\"application\/ld+json\" class=\"yoast-schema-graph\">{\"@context\":\"https:\\\/\\\/schema.org\",\"@graph\":[{\"@type\":\"WebPage\",\"@id\":\"https:\\\/\\\/buitenpizzaovenkopen.nl\\\/pizza-oven-kopen\\\/pizza-bollen\\\/\",\"url\":\"https:\\\/\\\/buitenpizzaovenkopen.nl\\\/pizza-oven-kopen\\\/pizza-bollen\\\/\",\"name\":\"Pizza bollen (alleen afhalen) - Buitenpizzaovenkopen.nl\",\"isPartOf\":{\"@id\":\"https:\\\/\\\/buitenpizzaovenkopen.nl\\\/#website\"},\"primaryImageOfPage\":{\"@id\":\"https:\\\/\\\/buitenpizzaovenkopen.nl\\\/pizza-oven-kopen\\\/pizza-bollen\\\/#primaryimage\"},\"image\":{\"@id\":\"https:\\\/\\\/buitenpizzaovenkopen.nl\\\/pizza-oven-kopen\\\/pizza-bollen\\\/#primaryimage\"},\"thumbnailUrl\":\"https:\\\/\\\/buitenpizzaovenkopen.nl\\\/wp-content\\\/uploads\\\/2019\\\/10\\\/bkpam2274911_deegbollen.jpg\",\"datePublished\":\"2021-03-14T19:48:55+00:00\",\"dateModified\":\"2025-12-04T09:05:12+00:00\",\"description\":\"Onze pizza bollen worden wekelijks vers gedraaid en direct ingevroren. Lekker makkelijk dus als u heerlijke pizza's wil gaan maken\",\"breadcrumb\":{\"@id\":\"https:\\\/\\\/buitenpizzaovenkopen.nl\\\/pizza-oven-kopen\\\/pizza-bollen\\\/#breadcrumb\"},\"inLanguage\":\"fr-FR\",\"potentialAction\":[{\"@type\":\"ReadAction\",\"target\":[\"https:\\\/\\\/buitenpizzaovenkopen.nl\\\/pizza-oven-kopen\\\/pizza-bollen\\\/\"]}]},{\"@type\":\"ImageObject\",\"inLanguage\":\"fr-FR\",\"@id\":\"https:\\\/\\\/buitenpizzaovenkopen.nl\\\/pizza-oven-kopen\\\/pizza-bollen\\\/#primaryimage\",\"url\":\"https:\\\/\\\/buitenpizzaovenkopen.nl\\\/wp-content\\\/uploads\\\/2019\\\/10\\\/bkpam2274911_deegbollen.jpg\",\"contentUrl\":\"https:\\\/\\\/buitenpizzaovenkopen.nl\\\/wp-content\\\/uploads\\\/2019\\\/10\\\/bkpam2274911_deegbollen.jpg\",\"width\":780,\"height\":520,\"caption\":\"Pizza bollen\"},{\"@type\":\"BreadcrumbList\",\"@id\":\"https:\\\/\\\/buitenpizzaovenkopen.nl\\\/pizza-oven-kopen\\\/pizza-bollen\\\/#breadcrumb\",\"itemListElement\":[{\"@type\":\"ListItem\",\"position\":1,\"name\":\"Home\",\"item\":\"https:\\\/\\\/buitenpizzaovenkopen.nl\\\/\"},{\"@type\":\"ListItem\",\"position\":2,\"name\":\"Pizza oven kopen\",\"item\":\"https:\\\/\\\/buitenpizzaovenkopen.nl\\\/pizzaoven-kopen\\\/\"},{\"@type\":\"ListItem\",\"position\":3,\"name\":\"Pizza bollen (alleen afhalen)\"}]},{\"@type\":\"WebSite\",\"@id\":\"https:\\\/\\\/buitenpizzaovenkopen.nl\\\/#website\",\"url\":\"https:\\\/\\\/buitenpizzaovenkopen.nl\\\/\",\"name\":\"Buitenpizzaovenkopen.nl\",\"description\":\"is onderdeel van Casa di Ruscello\",\"publisher\":{\"@id\":\"https:\\\/\\\/buitenpizzaovenkopen.nl\\\/#organization\"},\"potentialAction\":[{\"@type\":\"SearchAction\",\"target\":{\"@type\":\"EntryPoint\",\"urlTemplate\":\"https:\\\/\\\/buitenpizzaovenkopen.nl\\\/?s={search_term_string}\"},\"query-input\":{\"@type\":\"PropertyValueSpecification\",\"valueRequired\":true,\"valueName\":\"search_term_string\"}}],\"inLanguage\":\"fr-FR\"},{\"@type\":\"Organization\",\"@id\":\"https:\\\/\\\/buitenpizzaovenkopen.nl\\\/#organization\",\"name\":\"Casa du Ruscello\",\"url\":\"https:\\\/\\\/buitenpizzaovenkopen.nl\\\/\",\"logo\":{\"@type\":\"ImageObject\",\"inLanguage\":\"fr-FR\",\"@id\":\"https:\\\/\\\/buitenpizzaovenkopen.nl\\\/#\\\/schema\\\/logo\\\/image\\\/\",\"url\":\"https:\\\/\\\/buitenpizzaovenkopen.nl\\\/wp-content\\\/uploads\\\/2020\\\/02\\\/logo.gif\",\"contentUrl\":\"https:\\\/\\\/buitenpizzaovenkopen.nl\\\/wp-content\\\/uploads\\\/2020\\\/02\\\/logo.gif\",\"width\":300,\"height\":305,\"caption\":\"Casa du Ruscello\"},\"image\":{\"@id\":\"https:\\\/\\\/buitenpizzaovenkopen.nl\\\/#\\\/schema\\\/logo\\\/image\\\/\"}}]}<\/script>\n<!-- \/ Yoast SEO plugin. -->","yoast_head_json":{"title":"Pizza boules (\u00e0 emporter uniquement) - Buitenpizzaovenkopen.nl","description":"Notre pizza, les boules sont fra\u00eechement retourn\u00e9e hebdomadaire et congel\u00e9s imm\u00e9diatement. Si facile, si vous voulez faire de d\u00e9licieuses pizzas","robots":{"index":"index","follow":"follow","max-snippet":"max-snippet:-1","max-image-preview":"max-image-preview:large","max-video-preview":"max-video-preview:-1"},"canonical":"https:\/\/buitenpizzaovenkopen.nl\/fr\/pizza-oven-kopen\/pizza-bollen\/","og_locale":"fr_FR","og_type":"article","og_title":"Pizza bollen (alleen afhalen) - Buitenpizzaovenkopen.nl","og_description":"Onze pizza bollen worden wekelijks vers gedraaid en direct ingevroren. Lekker makkelijk dus als u heerlijke pizza's wil gaan maken","og_url":"https:\/\/buitenpizzaovenkopen.nl\/fr\/pizza-oven-kopen\/pizza-bollen\/","og_site_name":"Buitenpizzaovenkopen.nl","article_modified_time":"2025-12-04T09:05:12+00:00","og_image":[{"width":780,"height":520,"url":"https:\/\/buitenpizzaovenkopen.nl\/wp-content\/uploads\/2019\/10\/bkpam2274911_deegbollen.jpg","type":"image\/jpeg"}],"twitter_card":"summary_large_image","twitter_misc":{"Dur\u00e9e de lecture estim\u00e9e":"2 minutes"},"schema":{"@context":"https:\/\/schema.org","@graph":[{"@type":"WebPage","@id":"https:\/\/buitenpizzaovenkopen.nl\/pizza-oven-kopen\/pizza-bollen\/","url":"https:\/\/buitenpizzaovenkopen.nl\/pizza-oven-kopen\/pizza-bollen\/","name":"Pizza boules (\u00e0 emporter uniquement) - Buitenpizzaovenkopen.nl","isPartOf":{"@id":"https:\/\/buitenpizzaovenkopen.nl\/#website"},"primaryImageOfPage":{"@id":"https:\/\/buitenpizzaovenkopen.nl\/pizza-oven-kopen\/pizza-bollen\/#primaryimage"},"image":{"@id":"https:\/\/buitenpizzaovenkopen.nl\/pizza-oven-kopen\/pizza-bollen\/#primaryimage"},"thumbnailUrl":"https:\/\/buitenpizzaovenkopen.nl\/wp-content\/uploads\/2019\/10\/bkpam2274911_deegbollen.jpg","datePublished":"2021-03-14T19:48:55+00:00","dateModified":"2025-12-04T09:05:12+00:00","description":"Notre pizza, les boules sont fra\u00eechement retourn\u00e9e hebdomadaire et congel\u00e9s imm\u00e9diatement. Si facile, si vous voulez faire de d\u00e9licieuses pizzas","breadcrumb":{"@id":"https:\/\/buitenpizzaovenkopen.nl\/pizza-oven-kopen\/pizza-bollen\/#breadcrumb"},"inLanguage":"fr-FR","potentialAction":[{"@type":"ReadAction","target":["https:\/\/buitenpizzaovenkopen.nl\/pizza-oven-kopen\/pizza-bollen\/"]}]},{"@type":"ImageObject","inLanguage":"fr-FR","@id":"https:\/\/buitenpizzaovenkopen.nl\/pizza-oven-kopen\/pizza-bollen\/#primaryimage","url":"https:\/\/buitenpizzaovenkopen.nl\/wp-content\/uploads\/2019\/10\/bkpam2274911_deegbollen.jpg","contentUrl":"https:\/\/buitenpizzaovenkopen.nl\/wp-content\/uploads\/2019\/10\/bkpam2274911_deegbollen.jpg","width":780,"height":520,"caption":"Pizza bollen"},{"@type":"BreadcrumbList","@id":"https:\/\/buitenpizzaovenkopen.nl\/pizza-oven-kopen\/pizza-bollen\/#breadcrumb","itemListElement":[{"@type":"ListItem","position":1,"name":"Home","item":"https:\/\/buitenpizzaovenkopen.nl\/"},{"@type":"ListItem","position":2,"name":"Pizza oven kopen","item":"https:\/\/buitenpizzaovenkopen.nl\/pizzaoven-kopen\/"},{"@type":"ListItem","position":3,"name":"Pizza bollen (alleen afhalen)"}]},{"@type":"WebSite","@id":"https:\/\/buitenpizzaovenkopen.nl\/#website","url":"https:\/\/buitenpizzaovenkopen.nl\/","name":"Buitenpizzaovenkopen.nl","description":"fait partie de Casa Di Ruscello","publisher":{"@id":"https:\/\/buitenpizzaovenkopen.nl\/#organization"},"potentialAction":[{"@type":"SearchAction","target":{"@type":"EntryPoint","urlTemplate":"https:\/\/buitenpizzaovenkopen.nl\/?s={search_term_string}"},"query-input":{"@type":"PropertyValueSpecification","valueRequired":true,"valueName":"search_term_string"}}],"inLanguage":"fr-FR"},{"@type":"Organization","@id":"https:\/\/buitenpizzaovenkopen.nl\/#organization","name":"Casa du Ruscello","url":"https:\/\/buitenpizzaovenkopen.nl\/","logo":{"@type":"ImageObject","inLanguage":"fr-FR","@id":"https:\/\/buitenpizzaovenkopen.nl\/#\/schema\/logo\/image\/","url":"https:\/\/buitenpizzaovenkopen.nl\/wp-content\/uploads\/2020\/02\/logo.gif","contentUrl":"https:\/\/buitenpizzaovenkopen.nl\/wp-content\/uploads\/2020\/02\/logo.gif","width":300,"height":305,"caption":"Casa du Ruscello"},"image":{"@id":"https:\/\/buitenpizzaovenkopen.nl\/#\/schema\/logo\/image\/"}}]}},"_links":{"self":[{"href":"https:\/\/buitenpizzaovenkopen.nl\/fr\/wp-json\/wp\/v2\/product\/6256","targetHints":{"allow":["GET"]}}],"collection":[{"href":"https:\/\/buitenpizzaovenkopen.nl\/fr\/wp-json\/wp\/v2\/product"}],"about":[{"href":"https:\/\/buitenpizzaovenkopen.nl\/fr\/wp-json\/wp\/v2\/types\/product"}],"wp:featuredmedia":[{"embeddable":true,"href":"https:\/\/buitenpizzaovenkopen.nl\/fr\/wp-json\/wp\/v2\/media\/2930"}],"wp:attachment":[{"href":"https:\/\/buitenpizzaovenkopen.nl\/fr\/wp-json\/wp\/v2\/media?parent=6256"}],"wp:term":[{"taxonomy":"product_brand","embeddable":true,"href":"https:\/\/buitenpizzaovenkopen.nl\/fr\/wp-json\/wp\/v2\/product_brand?post=6256"},{"taxonomy":"product_cat","embeddable":true,"href":"https:\/\/buitenpizzaovenkopen.nl\/fr\/wp-json\/wp\/v2\/product_cat?post=6256"},{"taxonomy":"product_tag","embeddable":true,"href":"https:\/\/buitenpizzaovenkopen.nl\/fr\/wp-json\/wp\/v2\/product_tag?post=6256"}],"curies":[{"name":"wp","href":"https:\/\/api.w.org\/{rel}","templated":true}]}}