{"id":6144,"date":"2021-01-27T11:38:54","date_gmt":"2021-01-27T10:38:54","guid":{"rendered":"https:\/\/buitenpizzaovenkopen.nl\/?post_type=product&#038;p=6144"},"modified":"2025-05-06T18:52:47","modified_gmt":"2025-05-06T16:52:47","slug":"beek-grande-pizza-oven-met-origineel-onderstel","status":"publish","type":"product","link":"https:\/\/buitenpizzaovenkopen.nl\/fr\/pizza-oven-kopen\/beek-grande-pizza-oven-met-origineel-onderstel\/","title":{"rendered":"BEEK Grande Four \u00e0 Pizza avec l&#039;original de la base de"},"content":{"rendered":"<p>De BEEK Grande Pizza Oven is een indrukwekkend model voor de echte pizza liefhebber, met ruimte om tot maar liefst 4 pizza&#8217;s tegelijkertijd te bakken. De oven beschikt over een extra brede bakvloer van 800 mm breed en 600 mm diep, waardoor deze ideaal is voor het bereiden van grote of meerdere kleinere pizza&#8217;s. Ondanks zijn grootte weegt de oven slechts 85 kg, wat hem verrassend mobiel maakt voor verplaatsing binnen of tussen locaties.<\/p>\n<p>Le temps de pr\u00e9chauffage du four \u00e0 pizza BEEK Grande varie de 15 \u00e0 40 minutes, selon les conditions externes et le type de combustible utilis\u00e9. Une fois \u00e0 temp\u00e9rature, le four peut atteindre une temp\u00e9rature maximale de 500\u02daC, permettant de cuire parfaitement les pizzas en seulement 90 secondes. Cela en fait non seulement un choix puissant, mais aussi efficace tant pour un usage domestique que commercial.<\/p>\n<p>De nieuwste BEEK GRANDE heeft een down force air circulatie en<br \/>\nEen regelbare inlaat waardoor de oven prachtig brand met gesloten deur.<br \/>\nIs dus voorzien van alle opties.<\/p>\n<p>Qua constructie meet de oven 920mm in de breedte en 790 mm in de diepte zonder onderstel. Met het onderstel, dat een ideale werkhoogte heeft van 104 cm, komen de totale buitenafmetingen op 2200 x 920 x 790 mm, inclusief afvoer. Het onderstel zelf is gemaakt van gepoedercoat staal en kan optioneel worden uitgebreid met zijschotten voor extra functionaliteit en stijl.<\/p>\n<p>La surface de cuisson du four, 800\u00d7600 mm, est fabriqu\u00e9e \u00e0 partir de mat\u00e9riaux de haute qualit\u00e9 qui garantissent une distribution optimale de la chaleur pour des plats uniform\u00e9ment cuits. Pour le combustible, il est recommand\u00e9 d'utiliser du bois de bouleau ou du bois dur comme le h\u00eatre, le ch\u00eane ou le bois de pommier, ce qui contribue au go\u00fbt authentique des plats.<\/p>\n<p>Le four est livr\u00e9 avec divers accessoires, dont une porte en acier inoxydable de 2 mm d'\u00e9paisseur, un conduit de chemin\u00e9e, un thermom\u00e8tre de haute qualit\u00e9, un pare-feu et une pelle \u00e0 pizza professionnelle de la marque Falci. Ces composants garantissent un fonctionnement durable et fonctionnel du four.<\/p>\n<p>Le Beek Grande est disponible en noir mat et rouge, avec la possibilit\u00e9 de commander d'autres couleurs sur demande. Chaque four est accompagn\u00e9 d'une garantie d'un an \u00e0 partir de la date d'achat, mettant en valeur la qualit\u00e9 et le service de Buitenpizzaovenkopen.nl. Cela fait du Beek Grande Pizza Oven un excellent investissement pour quiconque souhaite \u00e9lever l'art de la fabrication de pizzas.<\/p>\n<p>N'h\u00e9sitez pas \u00e0 nous <a href=\"https:\/\/buitenpizzaovenkopen.nl\/fr\/contact-buitenpizzaovenkopen\/\">contacter<\/a> en toute libert\u00e9!<\/p>\n<p><strong style=\"font-size: 16px\">Sp\u00e9cifications techniques:<\/strong><\/p>\n<p>Le temps d&#039;\u00e9chauffement:<span style=\"font-size: 16px\"> De 15 \u00e0 40 minutes<br \/>\n<\/span><strong>Dimension ext\u00e9rieure<\/strong> (BxD) 900 x 790 mm<br \/>\n<strong>Dimensions externes avec support:<\/strong> (H x L x P): 2200 x 920 x 790 mm incluant l'\u00e9vacuation. Le support a une hauteur id\u00e9ale de 104 cm, est en acier rev\u00eatu de poudre et est livr\u00e9 en standard sans panneaux lat\u00e9raux, mais ces derniers peuvent \u00eatre fournis en option.<br \/>\n<strong>Bakoppervlak:<\/strong> 800x600mm<br \/>\n<strong>Temp\u00e9rature maximale:<\/strong> 500C<br \/>\n<strong>Baksnelheid voor pizza:<\/strong> 90 Secondes<br \/>\n<strong>Capacit\u00e9:<\/strong> Jusqu'\u00e0 4 pizzas ou autres plats<br \/>\n<strong>Carburant recommand\u00e9:<\/strong> Bois de bouleau ou bois dur comme le h\u00eatre, le ch\u00eane, le bois de pommier, etc.<br \/>\n<strong>Contient:<\/strong> Four avec une porte en acier inoxydable de 2 mm d'\u00e9paisseur, chemin\u00e9e, thermom\u00e8tre, pare-feu, pelle \u00e0 pizza de la marque Falci et support.<br \/>\n<strong>Drain:<\/strong> 150mm<br \/>\n<strong>Garantie:<\/strong> 1 an \u00e0 compter de la date d&#039;achat<br \/>\n<strong>Couleur:<\/strong>\u00a0Noir mat et rouge (autres couleurs disponibles sur demande).<\/p>","protected":false},"excerpt":{"rendered":"<p>De Beek Grande pizza oven is een grote oven waar 1 tot 4 pizza\u2019s tegelijk in kunnen worden afgebakken. De oven heeft een extra brede bakvloer 800 mm breed en 600 mm diep. Hij weegt slechts 85 kg, waardoor deze oven nog steeds ontzettend mobiel is.<\/p>","protected":false},"featured_media":6724,"template":"","meta":{"_monsterinsights_skip_tracking":false,"_monsterinsights_sitenote_active":false,"_monsterinsights_sitenote_note":"","_monsterinsights_sitenote_category":0,"site-sidebar-layout":"default","site-content-layout":"default","ast-site-content-layout":"default","site-content-style":"default","site-sidebar-style":"default","ast-global-header-display":"","ast-banner-title-visibility":"","ast-main-header-display":"","ast-hfb-above-header-display":"","ast-hfb-below-header-display":"","ast-hfb-mobile-header-display":"","site-post-title":"","ast-breadcrumbs-content":"","ast-featured-img":"","footer-sml-layout":"","ast-disable-related-posts":"","theme-transparent-header-meta":"default","adv-header-id-meta":"","stick-header-meta":"","header-above-stick-meta":"","header-main-stick-meta":"","header-below-stick-meta":"","astra-migrate-meta-layouts":"set","ast-page-background-enabled":"default","ast-page-background-meta":{"desktop":{"background-color":"","background-image":"","background-repeat":"repeat","background-position":"center center","background-size":"auto","background-attachment":"scroll","background-type":"","background-media":"","overlay-type":"","overlay-color":"","overlay-opacity":"","overlay-gradient":""},"tablet":{"background-color":"","background-image":"","background-repeat":"repeat","background-position":"center center","background-size":"auto","background-attachment":"scroll","background-type":"","background-media":"","overlay-type":"","overlay-color":"","overlay-opacity":"","overlay-gradient":""},"mobile":{"background-color":"","background-image":"","background-repeat":"repeat","background-position":"center center","background-size":"auto","background-attachment":"scroll","background-type":"","background-media":"","overlay-type":"","overlay-color":"","overlay-opacity":"","overlay-gradient":""}},"ast-content-background-meta":{"desktop":{"background-color":"var(--ast-global-color-5)","background-image":"","background-repeat":"repeat","background-position":"center center","background-size":"auto","background-attachment":"scroll","background-type":"","background-media":"","overlay-type":"","overlay-color":"","overlay-opacity":"","overlay-gradient":""},"tablet":{"background-color":"var(--ast-global-color-5)","background-image":"","background-repeat":"repeat","background-position":"center center","background-size":"auto","background-attachment":"scroll","background-type":"","background-media":"","overlay-type":"","overlay-color":"","overlay-opacity":"","overlay-gradient":""},"mobile":{"background-color":"var(--ast-global-color-5)","background-image":"","background-repeat":"repeat","background-position":"center center","background-size":"auto","background-attachment":"scroll","background-type":"","background-media":"","overlay-type":"","overlay-color":"","overlay-opacity":"","overlay-gradient":""}}},"product_brand":[],"product_cat":[24],"product_tag":[],"class_list":{"0":"post-6144","1":"product","2":"type-product","3":"status-publish","4":"has-post-thumbnail","6":"product_cat-pizza-ovens","7":"product_shipping_class-verzendklasse-3","8":"desktop-align-left","9":"tablet-align-left","10":"mobile-align-left","12":"first","13":"instock","14":"sale","15":"featured","16":"taxable","17":"shipping-taxable","18":"purchasable","19":"product-type-variable"},"yoast_head":"<!-- This site is optimized with the Yoast SEO plugin v27.3 - https:\/\/yoast.com\/product\/yoast-seo-wordpress\/ -->\n<title>BEEK Grande Pizza Oven met origineel onderstel -<\/title>\n<meta name=\"description\" content=\"De Beek Grande Pizza Oven is een grote oven waar tot maar liefst 4 pizza\u2019s tegelijk in kunnen worden afgebakken. In zowel zwart als rood leverbaar.\" \/>\n<meta name=\"robots\" content=\"index, follow, max-snippet:-1, max-image-preview:large, max-video-preview:-1\" \/>\n<link rel=\"canonical\" href=\"https:\/\/buitenpizzaovenkopen.nl\/fr\/pizza-oven-kopen\/beek-grande-pizza-oven-met-origineel-onderstel\/\" \/>\n<meta property=\"og:locale\" content=\"fr_FR\" \/>\n<meta property=\"og:type\" content=\"article\" \/>\n<meta property=\"og:title\" content=\"BEEK Grande Pizza Oven met origineel onderstel -\" \/>\n<meta property=\"og:description\" content=\"De Beek Grande Pizza Oven is een grote oven waar tot maar liefst 4 pizza\u2019s tegelijk in kunnen worden afgebakken. In zowel zwart als rood leverbaar.\" \/>\n<meta property=\"og:url\" content=\"https:\/\/buitenpizzaovenkopen.nl\/fr\/pizza-oven-kopen\/beek-grande-pizza-oven-met-origineel-onderstel\/\" \/>\n<meta property=\"og:site_name\" content=\"Buitenpizzaovenkopen.nl\" \/>\n<meta property=\"article:modified_time\" content=\"2025-05-06T16:52:47+00:00\" \/>\n<meta property=\"og:image\" content=\"https:\/\/buitenpizzaovenkopen.nl\/wp-content\/uploads\/2021\/01\/AFF19BC3-56F4-43CE-817E-D25E3BAF4304-scaled.jpeg\" \/>\n\t<meta property=\"og:image:width\" content=\"1920\" \/>\n\t<meta property=\"og:image:height\" content=\"2560\" \/>\n\t<meta property=\"og:image:type\" content=\"image\/jpeg\" \/>\n<meta name=\"twitter:card\" content=\"summary_large_image\" \/>\n<meta name=\"twitter:label1\" content=\"Dur\u00e9e de lecture estim\u00e9e\" \/>\n\t<meta name=\"twitter:data1\" content=\"3 minutes\" \/>\n<script type=\"application\/ld+json\" class=\"yoast-schema-graph\">{\"@context\":\"https:\\\/\\\/schema.org\",\"@graph\":[{\"@type\":\"WebPage\",\"@id\":\"https:\\\/\\\/buitenpizzaovenkopen.nl\\\/pizza-oven-kopen\\\/beek-grande-pizza-oven-met-origineel-onderstel\\\/\",\"url\":\"https:\\\/\\\/buitenpizzaovenkopen.nl\\\/pizza-oven-kopen\\\/beek-grande-pizza-oven-met-origineel-onderstel\\\/\",\"name\":\"BEEK Grande Pizza Oven met origineel onderstel -\",\"isPartOf\":{\"@id\":\"https:\\\/\\\/buitenpizzaovenkopen.nl\\\/#website\"},\"primaryImageOfPage\":{\"@id\":\"https:\\\/\\\/buitenpizzaovenkopen.nl\\\/pizza-oven-kopen\\\/beek-grande-pizza-oven-met-origineel-onderstel\\\/#primaryimage\"},\"image\":{\"@id\":\"https:\\\/\\\/buitenpizzaovenkopen.nl\\\/pizza-oven-kopen\\\/beek-grande-pizza-oven-met-origineel-onderstel\\\/#primaryimage\"},\"thumbnailUrl\":\"https:\\\/\\\/buitenpizzaovenkopen.nl\\\/wp-content\\\/uploads\\\/2021\\\/01\\\/AFF19BC3-56F4-43CE-817E-D25E3BAF4304-scaled.jpeg\",\"datePublished\":\"2021-01-27T10:38:54+00:00\",\"dateModified\":\"2025-05-06T16:52:47+00:00\",\"description\":\"De Beek Grande Pizza Oven is een grote oven waar tot maar liefst 4 pizza\u2019s tegelijk in kunnen worden afgebakken. In zowel zwart als rood leverbaar.\",\"breadcrumb\":{\"@id\":\"https:\\\/\\\/buitenpizzaovenkopen.nl\\\/pizza-oven-kopen\\\/beek-grande-pizza-oven-met-origineel-onderstel\\\/#breadcrumb\"},\"inLanguage\":\"fr-FR\",\"potentialAction\":[{\"@type\":\"ReadAction\",\"target\":[\"https:\\\/\\\/buitenpizzaovenkopen.nl\\\/pizza-oven-kopen\\\/beek-grande-pizza-oven-met-origineel-onderstel\\\/\"]}]},{\"@type\":\"ImageObject\",\"inLanguage\":\"fr-FR\",\"@id\":\"https:\\\/\\\/buitenpizzaovenkopen.nl\\\/pizza-oven-kopen\\\/beek-grande-pizza-oven-met-origineel-onderstel\\\/#primaryimage\",\"url\":\"https:\\\/\\\/buitenpizzaovenkopen.nl\\\/wp-content\\\/uploads\\\/2021\\\/01\\\/AFF19BC3-56F4-43CE-817E-D25E3BAF4304-scaled.jpeg\",\"contentUrl\":\"https:\\\/\\\/buitenpizzaovenkopen.nl\\\/wp-content\\\/uploads\\\/2021\\\/01\\\/AFF19BC3-56F4-43CE-817E-D25E3BAF4304-scaled.jpeg\",\"width\":1920,\"height\":2560,\"caption\":\"BEEK Grande Pizza Oven - Onderstel Pizza oven BEEK 90\"},{\"@type\":\"BreadcrumbList\",\"@id\":\"https:\\\/\\\/buitenpizzaovenkopen.nl\\\/pizza-oven-kopen\\\/beek-grande-pizza-oven-met-origineel-onderstel\\\/#breadcrumb\",\"itemListElement\":[{\"@type\":\"ListItem\",\"position\":1,\"name\":\"Home\",\"item\":\"https:\\\/\\\/buitenpizzaovenkopen.nl\\\/\"},{\"@type\":\"ListItem\",\"position\":2,\"name\":\"Pizza oven kopen\",\"item\":\"https:\\\/\\\/buitenpizzaovenkopen.nl\\\/pizzaoven-kopen\\\/\"},{\"@type\":\"ListItem\",\"position\":3,\"name\":\"BEEK Grande Pizza Oven met origineel onderstel\"}]},{\"@type\":\"WebSite\",\"@id\":\"https:\\\/\\\/buitenpizzaovenkopen.nl\\\/#website\",\"url\":\"https:\\\/\\\/buitenpizzaovenkopen.nl\\\/\",\"name\":\"Buitenpizzaovenkopen.nl\",\"description\":\"is onderdeel van Casa di Ruscello\",\"publisher\":{\"@id\":\"https:\\\/\\\/buitenpizzaovenkopen.nl\\\/#organization\"},\"potentialAction\":[{\"@type\":\"SearchAction\",\"target\":{\"@type\":\"EntryPoint\",\"urlTemplate\":\"https:\\\/\\\/buitenpizzaovenkopen.nl\\\/?s={search_term_string}\"},\"query-input\":{\"@type\":\"PropertyValueSpecification\",\"valueRequired\":true,\"valueName\":\"search_term_string\"}}],\"inLanguage\":\"fr-FR\"},{\"@type\":\"Organization\",\"@id\":\"https:\\\/\\\/buitenpizzaovenkopen.nl\\\/#organization\",\"name\":\"Casa du Ruscello\",\"url\":\"https:\\\/\\\/buitenpizzaovenkopen.nl\\\/\",\"logo\":{\"@type\":\"ImageObject\",\"inLanguage\":\"fr-FR\",\"@id\":\"https:\\\/\\\/buitenpizzaovenkopen.nl\\\/#\\\/schema\\\/logo\\\/image\\\/\",\"url\":\"https:\\\/\\\/buitenpizzaovenkopen.nl\\\/wp-content\\\/uploads\\\/2020\\\/02\\\/logo.gif\",\"contentUrl\":\"https:\\\/\\\/buitenpizzaovenkopen.nl\\\/wp-content\\\/uploads\\\/2020\\\/02\\\/logo.gif\",\"width\":300,\"height\":305,\"caption\":\"Casa du Ruscello\"},\"image\":{\"@id\":\"https:\\\/\\\/buitenpizzaovenkopen.nl\\\/#\\\/schema\\\/logo\\\/image\\\/\"}}]}<\/script>\n<!-- \/ Yoast SEO plugin. -->","yoast_head_json":{"title":"BEEK Grande Pizza Oven met origineel onderstel -","description":"De Beek Grande Pizza Oven is een grote oven waar tot maar liefst 4 pizza\u2019s tegelijk in kunnen worden afgebakken. In zowel zwart als rood leverbaar.","robots":{"index":"index","follow":"follow","max-snippet":"max-snippet:-1","max-image-preview":"max-image-preview:large","max-video-preview":"max-video-preview:-1"},"canonical":"https:\/\/buitenpizzaovenkopen.nl\/fr\/pizza-oven-kopen\/beek-grande-pizza-oven-met-origineel-onderstel\/","og_locale":"fr_FR","og_type":"article","og_title":"BEEK Grande Pizza Oven met origineel onderstel -","og_description":"De Beek Grande Pizza Oven is een grote oven waar tot maar liefst 4 pizza\u2019s tegelijk in kunnen worden afgebakken. In zowel zwart als rood leverbaar.","og_url":"https:\/\/buitenpizzaovenkopen.nl\/fr\/pizza-oven-kopen\/beek-grande-pizza-oven-met-origineel-onderstel\/","og_site_name":"Buitenpizzaovenkopen.nl","article_modified_time":"2025-05-06T16:52:47+00:00","og_image":[{"width":1920,"height":2560,"url":"https:\/\/buitenpizzaovenkopen.nl\/wp-content\/uploads\/2021\/01\/AFF19BC3-56F4-43CE-817E-D25E3BAF4304-scaled.jpeg","type":"image\/jpeg"}],"twitter_card":"summary_large_image","twitter_misc":{"Dur\u00e9e de lecture estim\u00e9e":"3 minutes"},"schema":{"@context":"https:\/\/schema.org","@graph":[{"@type":"WebPage","@id":"https:\/\/buitenpizzaovenkopen.nl\/pizza-oven-kopen\/beek-grande-pizza-oven-met-origineel-onderstel\/","url":"https:\/\/buitenpizzaovenkopen.nl\/pizza-oven-kopen\/beek-grande-pizza-oven-met-origineel-onderstel\/","name":"BEEK Grande Pizza Oven met origineel onderstel -","isPartOf":{"@id":"https:\/\/buitenpizzaovenkopen.nl\/#website"},"primaryImageOfPage":{"@id":"https:\/\/buitenpizzaovenkopen.nl\/pizza-oven-kopen\/beek-grande-pizza-oven-met-origineel-onderstel\/#primaryimage"},"image":{"@id":"https:\/\/buitenpizzaovenkopen.nl\/pizza-oven-kopen\/beek-grande-pizza-oven-met-origineel-onderstel\/#primaryimage"},"thumbnailUrl":"https:\/\/buitenpizzaovenkopen.nl\/wp-content\/uploads\/2021\/01\/AFF19BC3-56F4-43CE-817E-D25E3BAF4304-scaled.jpeg","datePublished":"2021-01-27T10:38:54+00:00","dateModified":"2025-05-06T16:52:47+00:00","description":"De Beek Grande Pizza Oven is een grote oven waar tot maar liefst 4 pizza\u2019s tegelijk in kunnen worden afgebakken. In zowel zwart als rood leverbaar.","breadcrumb":{"@id":"https:\/\/buitenpizzaovenkopen.nl\/pizza-oven-kopen\/beek-grande-pizza-oven-met-origineel-onderstel\/#breadcrumb"},"inLanguage":"fr-FR","potentialAction":[{"@type":"ReadAction","target":["https:\/\/buitenpizzaovenkopen.nl\/pizza-oven-kopen\/beek-grande-pizza-oven-met-origineel-onderstel\/"]}]},{"@type":"ImageObject","inLanguage":"fr-FR","@id":"https:\/\/buitenpizzaovenkopen.nl\/pizza-oven-kopen\/beek-grande-pizza-oven-met-origineel-onderstel\/#primaryimage","url":"https:\/\/buitenpizzaovenkopen.nl\/wp-content\/uploads\/2021\/01\/AFF19BC3-56F4-43CE-817E-D25E3BAF4304-scaled.jpeg","contentUrl":"https:\/\/buitenpizzaovenkopen.nl\/wp-content\/uploads\/2021\/01\/AFF19BC3-56F4-43CE-817E-D25E3BAF4304-scaled.jpeg","width":1920,"height":2560,"caption":"BEEK Grande Pizza Oven - Onderstel Pizza oven BEEK 90"},{"@type":"BreadcrumbList","@id":"https:\/\/buitenpizzaovenkopen.nl\/pizza-oven-kopen\/beek-grande-pizza-oven-met-origineel-onderstel\/#breadcrumb","itemListElement":[{"@type":"ListItem","position":1,"name":"Home","item":"https:\/\/buitenpizzaovenkopen.nl\/"},{"@type":"ListItem","position":2,"name":"Pizza oven kopen","item":"https:\/\/buitenpizzaovenkopen.nl\/pizzaoven-kopen\/"},{"@type":"ListItem","position":3,"name":"BEEK Grande Pizza Oven met origineel onderstel"}]},{"@type":"WebSite","@id":"https:\/\/buitenpizzaovenkopen.nl\/#website","url":"https:\/\/buitenpizzaovenkopen.nl\/","name":"Buitenpizzaovenkopen.nl","description":"fait partie de Casa Di Ruscello","publisher":{"@id":"https:\/\/buitenpizzaovenkopen.nl\/#organization"},"potentialAction":[{"@type":"SearchAction","target":{"@type":"EntryPoint","urlTemplate":"https:\/\/buitenpizzaovenkopen.nl\/?s={search_term_string}"},"query-input":{"@type":"PropertyValueSpecification","valueRequired":true,"valueName":"search_term_string"}}],"inLanguage":"fr-FR"},{"@type":"Organization","@id":"https:\/\/buitenpizzaovenkopen.nl\/#organization","name":"Casa du Ruscello","url":"https:\/\/buitenpizzaovenkopen.nl\/","logo":{"@type":"ImageObject","inLanguage":"fr-FR","@id":"https:\/\/buitenpizzaovenkopen.nl\/#\/schema\/logo\/image\/","url":"https:\/\/buitenpizzaovenkopen.nl\/wp-content\/uploads\/2020\/02\/logo.gif","contentUrl":"https:\/\/buitenpizzaovenkopen.nl\/wp-content\/uploads\/2020\/02\/logo.gif","width":300,"height":305,"caption":"Casa du Ruscello"},"image":{"@id":"https:\/\/buitenpizzaovenkopen.nl\/#\/schema\/logo\/image\/"}}]}},"_links":{"self":[{"href":"https:\/\/buitenpizzaovenkopen.nl\/fr\/wp-json\/wp\/v2\/product\/6144","targetHints":{"allow":["GET"]}}],"collection":[{"href":"https:\/\/buitenpizzaovenkopen.nl\/fr\/wp-json\/wp\/v2\/product"}],"about":[{"href":"https:\/\/buitenpizzaovenkopen.nl\/fr\/wp-json\/wp\/v2\/types\/product"}],"wp:featuredmedia":[{"embeddable":true,"href":"https:\/\/buitenpizzaovenkopen.nl\/fr\/wp-json\/wp\/v2\/media\/6724"}],"wp:attachment":[{"href":"https:\/\/buitenpizzaovenkopen.nl\/fr\/wp-json\/wp\/v2\/media?parent=6144"}],"wp:term":[{"taxonomy":"product_brand","embeddable":true,"href":"https:\/\/buitenpizzaovenkopen.nl\/fr\/wp-json\/wp\/v2\/product_brand?post=6144"},{"taxonomy":"product_cat","embeddable":true,"href":"https:\/\/buitenpizzaovenkopen.nl\/fr\/wp-json\/wp\/v2\/product_cat?post=6144"},{"taxonomy":"product_tag","embeddable":true,"href":"https:\/\/buitenpizzaovenkopen.nl\/fr\/wp-json\/wp\/v2\/product_tag?post=6144"}],"curies":[{"name":"wp","href":"https:\/\/api.w.org\/{rel}","templated":true}]}}