{"id":6090,"date":"2021-01-20T11:34:30","date_gmt":"2021-01-20T10:34:30","guid":{"rendered":"https:\/\/buitenpizzaovenkopen.nl\/?post_type=product&#038;p=6090"},"modified":"2025-10-27T17:32:32","modified_gmt":"2025-10-27T16:32:32","slug":"maximus-70-pizza-oven","status":"publish","type":"product","link":"https:\/\/buitenpizzaovenkopen.nl\/fr\/pizza-oven-kopen\/maximus-70-pizza-oven\/","title":{"rendered":"MAXIMUS 70 Four \u00e0 Pizza"},"content":{"rendered":"<p>Avec la MAXIMUS 70 Four \u00e0 Pizza, vous pouvez apporter de l&#039;authentique pizza italienne saveur directement \u00e0 votre jardin ou votre cuisine. Ce compact mais puissant four est id\u00e9al pour la pizza, passionn\u00e9 de la recherche de l&#039;efficacit\u00e9 et de la perfection tout en un.<\/p>\n<p><strong>Caract\u00e9riser:<\/strong><\/p>\n<ul>\n<li><strong>Le temps d&#039;\u00e9chauffement:<\/strong> Slechts 15 -45 minuten om de optimale temperatuur te bereiken.<\/li>\n<li><strong>Temp\u00e9rature Maximale:<\/strong> Une impressionnante 500\u00b0C, vous permettant de cuire la pizza parfaite en 90 Secondes.<\/li>\n<li><strong>Capacit\u00e9:<\/strong> Ruimte genoeg om tot twee pizza&#8217;s tegelijkertijd te bakken, ideaal voor feestjes en familiebijeenkomsten.<\/li>\n<li><strong>Carburant:<\/strong> Con\u00e7u pour une utilisation avec diff\u00e9rents types de bois, y compris de bouleau et de fr\u00eane pour le meilleur du go\u00fbt et de l&#039;efficacit\u00e9.<\/li>\n<li><strong>Construction:<\/strong> Construit avec des mat\u00e9riaux durables qui retiennent la chaleur et assurer une coh\u00e9rence \u00e0 l&#039;exp\u00e9rience de la cuisson.<\/li>\n<\/ul>\n<p>En outre, ce four comprend un thermom\u00e8tre int\u00e9gr\u00e9 pour un contr\u00f4le pr\u00e9cis de la temp\u00e9rature et un robuste porte qui conserve la chaleur. Le nettoyage est facile gr\u00e2ce \u00e0 l&#039;efficacit\u00e9 de l&#039;ash carter.<\/p>\n<p>Vous avez une question? N&#039;h\u00e9sitez pas \u00e0 prendre <a href=\"https:\/\/buitenpizzaovenkopen.nl\/fr\/contact-buitenpizzaovenkopen\/\">contacter<\/a> jusqu&#039;\u00e0 nous.<\/p>\n<p><strong>Sp\u00e9cifications techniques:<\/strong><\/p>\n<p>Couleur: noir ou rouge<br \/>\n<strong>Avant:<\/strong> Antigo (standard) et de l&#039;Ar\u00e8ne (rustique)<br \/>\n<strong>Dimensions externes:<\/strong> 70x70x98 cm y compris la chemin\u00e9e<br \/>\n<strong>Espace int\u00e9rieur\/espace de cuisson:<\/strong> 60\u00d760 cm<br \/>\n<strong>Poids:<\/strong> 55kg<br \/>\nAdapt\u00e9 pour 2 pizzas en m\u00eame temps, jusqu&#039;\u00e0 30 pizzas \u00e0 l&#039;heure!<br \/>\n<strong>Le temps d&#039;\u00e9chauffement:<\/strong> De 30 \u00e0 45 minutes<br \/>\n- Comprend Un Thermom\u00e8tre<br \/>\n- \u00c9vacuation en acier inoxydable<br \/>\n- Porte en acier inoxydable<br \/>\n<strong>Ext\u00e9rieur:<\/strong> L&#039;aluminium<br \/>\n<strong>\u00c0 l&#039;int\u00e9rieur:<\/strong> RVS<br \/>\n<strong>Sol du four:<\/strong> La Chamotte<br \/>\nVient avec de la pizza et scoop plat de cuisson<\/p>\n<p><strong>Parfait pour:<\/strong><\/p>\n<ul>\n<li>Utilisation \u00e0 la maison dans le jardin ou le patio<\/li>\n<li>\u00c0 petite \u00e9chelle de l&#039;horeca<\/li>\n<li>Restauration Mobile et les camions de nourriture<\/li>\n<\/ul>","protected":false},"excerpt":{"rendered":"<p><span class=\"wysiwyg-font-size-medium\">Ces MAXIMUS 70 Fours \u00e0 Pizza sont super sympa parce qu&#039;ils chauffent assez vite, conservent bien la chaleur gr\u00e2ce \u00e0 la bonne isolation et ont une pierre mur de fa\u00e7ade.<\/span><br \/>\n<span class=\"wysiwyg-font-size-medium\">Avec une Maximus four \u00e0 pizza, vous pouvez pr\u00e9parer le plus d\u00e9licieux pizzas pour vous et vos invit\u00e9s.<\/span><\/p>\n<p><span class=\"wysiwyg-font-size-medium\">Livr\u00e9 complet, avec de la pizza scoop, chemin\u00e9e, 2 extra chamotte pizza tuiles, jauge de temp\u00e9rature, un plat \u00e0 lasagne, bouclier de feu, etc.\u00a0<\/span><span class=\"wysiwyg-font-size-medium\">Aussi, \u00e9ventuellement, avec capot de protection.<\/span><\/p>","protected":false},"featured_media":3232,"template":"","meta":{"_monsterinsights_skip_tracking":false,"_monsterinsights_sitenote_active":false,"_monsterinsights_sitenote_note":"","_monsterinsights_sitenote_category":0,"site-sidebar-layout":"default","site-content-layout":"default","ast-site-content-layout":"default","site-content-style":"default","site-sidebar-style":"default","ast-global-header-display":"","ast-banner-title-visibility":"","ast-main-header-display":"","ast-hfb-above-header-display":"","ast-hfb-below-header-display":"","ast-hfb-mobile-header-display":"","site-post-title":"","ast-breadcrumbs-content":"","ast-featured-img":"","footer-sml-layout":"","ast-disable-related-posts":"","theme-transparent-header-meta":"default","adv-header-id-meta":"","stick-header-meta":"","header-above-stick-meta":"","header-main-stick-meta":"","header-below-stick-meta":"","astra-migrate-meta-layouts":"set","ast-page-background-enabled":"default","ast-page-background-meta":{"desktop":{"background-color":"","background-image":"","background-repeat":"repeat","background-position":"center center","background-size":"auto","background-attachment":"scroll","background-type":"","background-media":"","overlay-type":"","overlay-color":"","overlay-opacity":"","overlay-gradient":""},"tablet":{"background-color":"","background-image":"","background-repeat":"repeat","background-position":"center center","background-size":"auto","background-attachment":"scroll","background-type":"","background-media":"","overlay-type":"","overlay-color":"","overlay-opacity":"","overlay-gradient":""},"mobile":{"background-color":"","background-image":"","background-repeat":"repeat","background-position":"center center","background-size":"auto","background-attachment":"scroll","background-type":"","background-media":"","overlay-type":"","overlay-color":"","overlay-opacity":"","overlay-gradient":""}},"ast-content-background-meta":{"desktop":{"background-color":"var(--ast-global-color-5)","background-image":"","background-repeat":"repeat","background-position":"center center","background-size":"auto","background-attachment":"scroll","background-type":"","background-media":"","overlay-type":"","overlay-color":"","overlay-opacity":"","overlay-gradient":""},"tablet":{"background-color":"var(--ast-global-color-5)","background-image":"","background-repeat":"repeat","background-position":"center center","background-size":"auto","background-attachment":"scroll","background-type":"","background-media":"","overlay-type":"","overlay-color":"","overlay-opacity":"","overlay-gradient":""},"mobile":{"background-color":"var(--ast-global-color-5)","background-image":"","background-repeat":"repeat","background-position":"center center","background-size":"auto","background-attachment":"scroll","background-type":"","background-media":"","overlay-type":"","overlay-color":"","overlay-opacity":"","overlay-gradient":""}}},"product_brand":[],"product_cat":[24],"product_tag":[],"class_list":{"0":"post-6090","1":"product","2":"type-product","3":"status-publish","4":"has-post-thumbnail","6":"product_cat-pizza-ovens","7":"product_shipping_class-verzendklasse-3","8":"desktop-align-left","9":"tablet-align-left","10":"mobile-align-left","12":"first","13":"instock","14":"sale","15":"taxable","16":"shipping-taxable","17":"purchasable","18":"product-type-variable"},"yoast_head":"<!-- This site is optimized with the Yoast SEO plugin v27.4 - https:\/\/yoast.com\/product\/yoast-seo-wordpress\/ -->\n<title>MAXIMUS 70 Pizza Oven - Buitenpizzaovenkopen.nl<\/title>\n<meta name=\"description\" content=\"Met een Maximus 70 pizza oven kunt u de lekkerste pizza&#039;s bereiden voor uzelf en uw gasten. Deze pizza ovens zijn snel op temperatuur.\" \/>\n<meta name=\"robots\" content=\"index, follow, max-snippet:-1, max-image-preview:large, max-video-preview:-1\" \/>\n<link rel=\"canonical\" href=\"https:\/\/buitenpizzaovenkopen.nl\/fr\/pizza-oven-kopen\/maximus-70-pizza-oven\/\" \/>\n<meta property=\"og:locale\" content=\"fr_FR\" \/>\n<meta property=\"og:type\" content=\"article\" \/>\n<meta property=\"og:title\" content=\"MAXIMUS 70 Pizza Oven - Buitenpizzaovenkopen.nl\" \/>\n<meta property=\"og:description\" content=\"Met een Maximus 70 pizza oven kunt u de lekkerste pizza&#039;s bereiden voor uzelf en uw gasten. Deze pizza ovens zijn snel op temperatuur.\" \/>\n<meta property=\"og:url\" content=\"https:\/\/buitenpizzaovenkopen.nl\/fr\/pizza-oven-kopen\/maximus-70-pizza-oven\/\" \/>\n<meta property=\"og:site_name\" content=\"Buitenpizzaovenkopen.nl\" \/>\n<meta property=\"article:modified_time\" content=\"2025-10-27T16:32:32+00:00\" \/>\n<meta property=\"og:image\" content=\"https:\/\/buitenpizzaovenkopen.nl\/wp-content\/uploads\/2019\/10\/IMG_0143.jpg\" \/>\n\t<meta property=\"og:image:width\" content=\"453\" \/>\n\t<meta property=\"og:image:height\" content=\"600\" \/>\n\t<meta property=\"og:image:type\" content=\"image\/jpeg\" \/>\n<meta name=\"twitter:card\" content=\"summary_large_image\" \/>\n<meta name=\"twitter:label1\" content=\"Dur\u00e9e de lecture estim\u00e9e\" \/>\n\t<meta name=\"twitter:data1\" content=\"2 minutes\" \/>\n<script type=\"application\/ld+json\" class=\"yoast-schema-graph\">{\"@context\":\"https:\\\/\\\/schema.org\",\"@graph\":[{\"@type\":\"WebPage\",\"@id\":\"https:\\\/\\\/buitenpizzaovenkopen.nl\\\/pizza-oven-kopen\\\/maximus-70-pizza-oven\\\/\",\"url\":\"https:\\\/\\\/buitenpizzaovenkopen.nl\\\/pizza-oven-kopen\\\/maximus-70-pizza-oven\\\/\",\"name\":\"MAXIMUS 70 Pizza Oven - Buitenpizzaovenkopen.nl\",\"isPartOf\":{\"@id\":\"https:\\\/\\\/buitenpizzaovenkopen.nl\\\/#website\"},\"primaryImageOfPage\":{\"@id\":\"https:\\\/\\\/buitenpizzaovenkopen.nl\\\/pizza-oven-kopen\\\/maximus-70-pizza-oven\\\/#primaryimage\"},\"image\":{\"@id\":\"https:\\\/\\\/buitenpizzaovenkopen.nl\\\/pizza-oven-kopen\\\/maximus-70-pizza-oven\\\/#primaryimage\"},\"thumbnailUrl\":\"https:\\\/\\\/buitenpizzaovenkopen.nl\\\/wp-content\\\/uploads\\\/2019\\\/10\\\/IMG_0143.jpg\",\"datePublished\":\"2021-01-20T10:34:30+00:00\",\"dateModified\":\"2025-10-27T16:32:32+00:00\",\"description\":\"Met een Maximus 70 pizza oven kunt u de lekkerste pizza's bereiden voor uzelf en uw gasten. Deze pizza ovens zijn snel op temperatuur.\",\"breadcrumb\":{\"@id\":\"https:\\\/\\\/buitenpizzaovenkopen.nl\\\/pizza-oven-kopen\\\/maximus-70-pizza-oven\\\/#breadcrumb\"},\"inLanguage\":\"fr-FR\",\"potentialAction\":[{\"@type\":\"ReadAction\",\"target\":[\"https:\\\/\\\/buitenpizzaovenkopen.nl\\\/pizza-oven-kopen\\\/maximus-70-pizza-oven\\\/\"]}]},{\"@type\":\"ImageObject\",\"inLanguage\":\"fr-FR\",\"@id\":\"https:\\\/\\\/buitenpizzaovenkopen.nl\\\/pizza-oven-kopen\\\/maximus-70-pizza-oven\\\/#primaryimage\",\"url\":\"https:\\\/\\\/buitenpizzaovenkopen.nl\\\/wp-content\\\/uploads\\\/2019\\\/10\\\/IMG_0143.jpg\",\"contentUrl\":\"https:\\\/\\\/buitenpizzaovenkopen.nl\\\/wp-content\\\/uploads\\\/2019\\\/10\\\/IMG_0143.jpg\",\"width\":453,\"height\":600,\"caption\":\"Maximus Arena 70\"},{\"@type\":\"BreadcrumbList\",\"@id\":\"https:\\\/\\\/buitenpizzaovenkopen.nl\\\/pizza-oven-kopen\\\/maximus-70-pizza-oven\\\/#breadcrumb\",\"itemListElement\":[{\"@type\":\"ListItem\",\"position\":1,\"name\":\"Home\",\"item\":\"https:\\\/\\\/buitenpizzaovenkopen.nl\\\/\"},{\"@type\":\"ListItem\",\"position\":2,\"name\":\"Pizza oven kopen\",\"item\":\"https:\\\/\\\/buitenpizzaovenkopen.nl\\\/pizzaoven-kopen\\\/\"},{\"@type\":\"ListItem\",\"position\":3,\"name\":\"MAXIMUS 70 Pizza Oven\"}]},{\"@type\":\"WebSite\",\"@id\":\"https:\\\/\\\/buitenpizzaovenkopen.nl\\\/#website\",\"url\":\"https:\\\/\\\/buitenpizzaovenkopen.nl\\\/\",\"name\":\"Buitenpizzaovenkopen.nl\",\"description\":\"is onderdeel van Casa di Ruscello\",\"publisher\":{\"@id\":\"https:\\\/\\\/buitenpizzaovenkopen.nl\\\/#organization\"},\"potentialAction\":[{\"@type\":\"SearchAction\",\"target\":{\"@type\":\"EntryPoint\",\"urlTemplate\":\"https:\\\/\\\/buitenpizzaovenkopen.nl\\\/?s={search_term_string}\"},\"query-input\":{\"@type\":\"PropertyValueSpecification\",\"valueRequired\":true,\"valueName\":\"search_term_string\"}}],\"inLanguage\":\"fr-FR\"},{\"@type\":\"Organization\",\"@id\":\"https:\\\/\\\/buitenpizzaovenkopen.nl\\\/#organization\",\"name\":\"Casa du Ruscello\",\"url\":\"https:\\\/\\\/buitenpizzaovenkopen.nl\\\/\",\"logo\":{\"@type\":\"ImageObject\",\"inLanguage\":\"fr-FR\",\"@id\":\"https:\\\/\\\/buitenpizzaovenkopen.nl\\\/#\\\/schema\\\/logo\\\/image\\\/\",\"url\":\"https:\\\/\\\/buitenpizzaovenkopen.nl\\\/wp-content\\\/uploads\\\/2020\\\/02\\\/logo.gif\",\"contentUrl\":\"https:\\\/\\\/buitenpizzaovenkopen.nl\\\/wp-content\\\/uploads\\\/2020\\\/02\\\/logo.gif\",\"width\":300,\"height\":305,\"caption\":\"Casa du Ruscello\"},\"image\":{\"@id\":\"https:\\\/\\\/buitenpizzaovenkopen.nl\\\/#\\\/schema\\\/logo\\\/image\\\/\"}}]}<\/script>\n<!-- \/ Yoast SEO plugin. -->","yoast_head_json":{"title":"MAXIMUS 70 Four \u00e0 Pizza - Buitenpizzaovenkopen.nl","description":"Avec une Maximus 70 four \u00e0 pizza, vous pouvez pr\u00e9parer le plus d\u00e9licieux pizzas pour vous et vos invit\u00e9s. Ces fours \u00e0 pizza sont rapide \u00e0 chauffer.","robots":{"index":"index","follow":"follow","max-snippet":"max-snippet:-1","max-image-preview":"max-image-preview:large","max-video-preview":"max-video-preview:-1"},"canonical":"https:\/\/buitenpizzaovenkopen.nl\/fr\/pizza-oven-kopen\/maximus-70-pizza-oven\/","og_locale":"fr_FR","og_type":"article","og_title":"MAXIMUS 70 Pizza Oven - Buitenpizzaovenkopen.nl","og_description":"Met een Maximus 70 pizza oven kunt u de lekkerste pizza's bereiden voor uzelf en uw gasten. Deze pizza ovens zijn snel op temperatuur.","og_url":"https:\/\/buitenpizzaovenkopen.nl\/fr\/pizza-oven-kopen\/maximus-70-pizza-oven\/","og_site_name":"Buitenpizzaovenkopen.nl","article_modified_time":"2025-10-27T16:32:32+00:00","og_image":[{"width":453,"height":600,"url":"https:\/\/buitenpizzaovenkopen.nl\/wp-content\/uploads\/2019\/10\/IMG_0143.jpg","type":"image\/jpeg"}],"twitter_card":"summary_large_image","twitter_misc":{"Dur\u00e9e de lecture estim\u00e9e":"2 minutes"},"schema":{"@context":"https:\/\/schema.org","@graph":[{"@type":"WebPage","@id":"https:\/\/buitenpizzaovenkopen.nl\/pizza-oven-kopen\/maximus-70-pizza-oven\/","url":"https:\/\/buitenpizzaovenkopen.nl\/pizza-oven-kopen\/maximus-70-pizza-oven\/","name":"MAXIMUS 70 Four \u00e0 Pizza - Buitenpizzaovenkopen.nl","isPartOf":{"@id":"https:\/\/buitenpizzaovenkopen.nl\/#website"},"primaryImageOfPage":{"@id":"https:\/\/buitenpizzaovenkopen.nl\/pizza-oven-kopen\/maximus-70-pizza-oven\/#primaryimage"},"image":{"@id":"https:\/\/buitenpizzaovenkopen.nl\/pizza-oven-kopen\/maximus-70-pizza-oven\/#primaryimage"},"thumbnailUrl":"https:\/\/buitenpizzaovenkopen.nl\/wp-content\/uploads\/2019\/10\/IMG_0143.jpg","datePublished":"2021-01-20T10:34:30+00:00","dateModified":"2025-10-27T16:32:32+00:00","description":"Avec une Maximus 70 four \u00e0 pizza, vous pouvez pr\u00e9parer le plus d\u00e9licieux pizzas pour vous et vos invit\u00e9s. Ces fours \u00e0 pizza sont rapide \u00e0 chauffer.","breadcrumb":{"@id":"https:\/\/buitenpizzaovenkopen.nl\/pizza-oven-kopen\/maximus-70-pizza-oven\/#breadcrumb"},"inLanguage":"fr-FR","potentialAction":[{"@type":"ReadAction","target":["https:\/\/buitenpizzaovenkopen.nl\/pizza-oven-kopen\/maximus-70-pizza-oven\/"]}]},{"@type":"ImageObject","inLanguage":"fr-FR","@id":"https:\/\/buitenpizzaovenkopen.nl\/pizza-oven-kopen\/maximus-70-pizza-oven\/#primaryimage","url":"https:\/\/buitenpizzaovenkopen.nl\/wp-content\/uploads\/2019\/10\/IMG_0143.jpg","contentUrl":"https:\/\/buitenpizzaovenkopen.nl\/wp-content\/uploads\/2019\/10\/IMG_0143.jpg","width":453,"height":600,"caption":"Maximus Arena 70"},{"@type":"BreadcrumbList","@id":"https:\/\/buitenpizzaovenkopen.nl\/pizza-oven-kopen\/maximus-70-pizza-oven\/#breadcrumb","itemListElement":[{"@type":"ListItem","position":1,"name":"Home","item":"https:\/\/buitenpizzaovenkopen.nl\/"},{"@type":"ListItem","position":2,"name":"Pizza oven kopen","item":"https:\/\/buitenpizzaovenkopen.nl\/pizzaoven-kopen\/"},{"@type":"ListItem","position":3,"name":"MAXIMUS 70 Pizza Oven"}]},{"@type":"WebSite","@id":"https:\/\/buitenpizzaovenkopen.nl\/#website","url":"https:\/\/buitenpizzaovenkopen.nl\/","name":"Buitenpizzaovenkopen.nl","description":"fait partie de Casa Di Ruscello","publisher":{"@id":"https:\/\/buitenpizzaovenkopen.nl\/#organization"},"potentialAction":[{"@type":"SearchAction","target":{"@type":"EntryPoint","urlTemplate":"https:\/\/buitenpizzaovenkopen.nl\/?s={search_term_string}"},"query-input":{"@type":"PropertyValueSpecification","valueRequired":true,"valueName":"search_term_string"}}],"inLanguage":"fr-FR"},{"@type":"Organization","@id":"https:\/\/buitenpizzaovenkopen.nl\/#organization","name":"Casa du Ruscello","url":"https:\/\/buitenpizzaovenkopen.nl\/","logo":{"@type":"ImageObject","inLanguage":"fr-FR","@id":"https:\/\/buitenpizzaovenkopen.nl\/#\/schema\/logo\/image\/","url":"https:\/\/buitenpizzaovenkopen.nl\/wp-content\/uploads\/2020\/02\/logo.gif","contentUrl":"https:\/\/buitenpizzaovenkopen.nl\/wp-content\/uploads\/2020\/02\/logo.gif","width":300,"height":305,"caption":"Casa du Ruscello"},"image":{"@id":"https:\/\/buitenpizzaovenkopen.nl\/#\/schema\/logo\/image\/"}}]}},"_links":{"self":[{"href":"https:\/\/buitenpizzaovenkopen.nl\/fr\/wp-json\/wp\/v2\/product\/6090","targetHints":{"allow":["GET"]}}],"collection":[{"href":"https:\/\/buitenpizzaovenkopen.nl\/fr\/wp-json\/wp\/v2\/product"}],"about":[{"href":"https:\/\/buitenpizzaovenkopen.nl\/fr\/wp-json\/wp\/v2\/types\/product"}],"wp:featuredmedia":[{"embeddable":true,"href":"https:\/\/buitenpizzaovenkopen.nl\/fr\/wp-json\/wp\/v2\/media\/3232"}],"wp:attachment":[{"href":"https:\/\/buitenpizzaovenkopen.nl\/fr\/wp-json\/wp\/v2\/media?parent=6090"}],"wp:term":[{"taxonomy":"product_brand","embeddable":true,"href":"https:\/\/buitenpizzaovenkopen.nl\/fr\/wp-json\/wp\/v2\/product_brand?post=6090"},{"taxonomy":"product_cat","embeddable":true,"href":"https:\/\/buitenpizzaovenkopen.nl\/fr\/wp-json\/wp\/v2\/product_cat?post=6090"},{"taxonomy":"product_tag","embeddable":true,"href":"https:\/\/buitenpizzaovenkopen.nl\/fr\/wp-json\/wp\/v2\/product_tag?post=6090"}],"curies":[{"name":"wp","href":"https:\/\/api.w.org\/{rel}","templated":true}]}}