{"id":6030,"date":"2021-01-20T10:56:36","date_gmt":"2021-01-20T09:56:36","guid":{"rendered":"https:\/\/buitenpizzaovenkopen.nl\/?post_type=product&#038;p=6030"},"modified":"2025-12-11T21:03:08","modified_gmt":"2025-12-11T20:03:08","slug":"beek-classico-pizza-oven-met-onderstel","status":"publish","type":"product","link":"https:\/\/buitenpizzaovenkopen.nl\/fr\/pizza-oven-kopen\/beek-classico-pizza-oven-met-onderstel\/","title":{"rendered":"BEEK Classico Four \u00e0 Pizza 70cm avec l&#039;original de la base, de la pizza, le scoop, le tourne-disque"},"content":{"rendered":"<p>Ensemble complet comprenant le four \u00e0 pizza BEEK Classico de 70 cm avec son support d'origine, une pelle \u00e0 pizza et une pelle \u00e0 rotation.<br \/>\nDe set is exclusief de zijplateaus voor het onderstel. Deze zijn er optioneel wel bij te leveren. Tevens is er een Tussen plateau beschikbaar. Hierdoor wordt het onderstel extra stevig, minder regeninslag voor hout voorraad en handig om spullen op te leggen zoals de pizza scheppen.<\/p>\n<p>De BEEK Classico pizza oven is een houtgestookte oven waar tot 2 pizza\u2019s tegelijk in kunnen worden afgebakken. De oven heeft een bakvloer van 600 mm breed en 600 mm diep. Hij weegt ongeveer 55kg, waardoor deze oven nog steeds ontzettend mobiel is.<\/p>\n<p>De nieuwste BEEK Classico heeft een down force air circulatie en<br \/>\nEen regelbare inlaat waardoor de oven prachtig brand met gesloten deur.<br \/>\nIs dus voorzien van alle opties.<br \/>\nAvec ce four incroyable, vous pouvez pr\u00e9parer de d\u00e9licieuses pizzas pour votre famille, vos amis et vos proches.<\/p>\n<p>Le BEEK Classico est enti\u00e8rement isol\u00e9 et poss\u00e8de une porte d'acc\u00e8s extra-large en acier inoxydable de 2 mm d'\u00e9paisseur et une belle hauteur, vous permettant de cuire de d\u00e9licieuses pizzas mais aussi d'autres plats comme des plats de viande, du poisson, du pain, etc.<br \/>\nIl dispose \u00e9galement d'une chemin\u00e9e amovible, d'un thermom\u00e8tre CEWAL int\u00e9gr\u00e9 en provenance d'Italie et de briques chamottes amovibles. Le four fonctionne au bois et atteint la meilleure chaleur avec du bois sec, tel que le bouleau, le fr\u00eane, le h\u00eatre, le ch\u00eane ou le bois de fruitier.<\/p>\n<p><strong>Sp\u00e9cifications techniques:<\/strong><\/p>\n<p><strong>Le temps d&#039;\u00e9chauffement:<\/strong> 15 \u00e0 30 minutes<br \/>\nPizza pr\u00eate en seulement 90 secondes.<br \/>\n<strong>Temp\u00e9rature maximale:<\/strong>\u00a0500C<br \/>\n<strong>Capacit\u00e9:<\/strong> 2 pizzas en m\u00eame temps jusqu&#039;\u00e0 30 pizzas \u00e0 l&#039;heure!<br \/>\n<strong>Ouverture de porte extra large:<\/strong> 47 cm de large et 23 cm de haut<br \/>\n<strong>Carburant recommand\u00e9:<\/strong> le bois de bouleau ou de feuillus comme le ch\u00eane, le bois de pommier etc.<br \/>\n<strong>La cuisson de la section:<\/strong> 600x600mm<br \/>\n<strong>Contient:<\/strong> Four \u00e0 Pizza, de porte en acier inoxydable de 2 mm d&#039;\u00e9paisseur!, schoorsteen, thermom\u00e8tre merk Cewal (italiaans), les CARAVANES vuurscherm\/ chambre de combustion, pizzaschep merk Falci<br \/>\n<strong>Mat\u00e9riaux:<\/strong> En acier inoxydable et en acier enduit de poudre<br \/>\n<strong>Drain:<\/strong> 110mm<br \/>\n<strong>Isolation:<\/strong> d\u00f4me et le plancher de l&#039;isolation<br \/>\n<strong>Garantie:<\/strong>\u00a01 an \u00e0 compter de la date d&#039;achat<br \/>\n<strong>Couleur:<\/strong>\u00a0Noir mat (RAL 9005) et Matt Rouge (RAL 3020),<br \/>\nAutres couleurs possibles sur demande apr\u00e8s contact t\u00e9l\u00e9phonique.<br \/>\n<strong>Productafmeting (H x B x D):<\/strong> 550 x 700 x 750mm (hoogte zonder de schoorsteen)<br \/>\n<strong>Productafmeting met onderstel (H x B x D):<\/strong> 2150 x 700 x 750mm (met de schoorsteen en met het originele onderstel)<\/p>\n<p>N'h\u00e9sitez pas \u00e0 nous <a href=\"https:\/\/buitenpizzaovenkopen.nl\/fr\/contact-buitenpizzaovenkopen\/\">contacter<\/a> en toute libert\u00e9!<\/p>","protected":false},"excerpt":{"rendered":"<p>Le four \u00e0 pizza Beek Classico est vraiment un super four qui offre \u00e0 l'amateur de pizza s\u00e9rieux la possibilit\u00e9 de cuire de d\u00e9licieuses pizzas au four en pierre en seulement 90 secondes et reste compl\u00e8tement portable ! Le four a une grande surface interne de 600 mm x 600 mm.<\/p>","protected":false},"featured_media":6568,"template":"","meta":{"_monsterinsights_skip_tracking":false,"_monsterinsights_sitenote_active":false,"_monsterinsights_sitenote_note":"","_monsterinsights_sitenote_category":0,"site-sidebar-layout":"default","site-content-layout":"default","ast-site-content-layout":"default","site-content-style":"default","site-sidebar-style":"default","ast-global-header-display":"","ast-banner-title-visibility":"","ast-main-header-display":"","ast-hfb-above-header-display":"","ast-hfb-below-header-display":"","ast-hfb-mobile-header-display":"","site-post-title":"","ast-breadcrumbs-content":"","ast-featured-img":"","footer-sml-layout":"","ast-disable-related-posts":"","theme-transparent-header-meta":"default","adv-header-id-meta":"","stick-header-meta":"","header-above-stick-meta":"","header-main-stick-meta":"","header-below-stick-meta":"","astra-migrate-meta-layouts":"set","ast-page-background-enabled":"default","ast-page-background-meta":{"desktop":{"background-color":"","background-image":"","background-repeat":"repeat","background-position":"center center","background-size":"auto","background-attachment":"scroll","background-type":"","background-media":"","overlay-type":"","overlay-color":"","overlay-opacity":"","overlay-gradient":""},"tablet":{"background-color":"","background-image":"","background-repeat":"repeat","background-position":"center center","background-size":"auto","background-attachment":"scroll","background-type":"","background-media":"","overlay-type":"","overlay-color":"","overlay-opacity":"","overlay-gradient":""},"mobile":{"background-color":"","background-image":"","background-repeat":"repeat","background-position":"center center","background-size":"auto","background-attachment":"scroll","background-type":"","background-media":"","overlay-type":"","overlay-color":"","overlay-opacity":"","overlay-gradient":""}},"ast-content-background-meta":{"desktop":{"background-color":"var(--ast-global-color-5)","background-image":"","background-repeat":"repeat","background-position":"center center","background-size":"auto","background-attachment":"scroll","background-type":"","background-media":"","overlay-type":"","overlay-color":"","overlay-opacity":"","overlay-gradient":""},"tablet":{"background-color":"var(--ast-global-color-5)","background-image":"","background-repeat":"repeat","background-position":"center center","background-size":"auto","background-attachment":"scroll","background-type":"","background-media":"","overlay-type":"","overlay-color":"","overlay-opacity":"","overlay-gradient":""},"mobile":{"background-color":"var(--ast-global-color-5)","background-image":"","background-repeat":"repeat","background-position":"center center","background-size":"auto","background-attachment":"scroll","background-type":"","background-media":"","overlay-type":"","overlay-color":"","overlay-opacity":"","overlay-gradient":""}}},"product_brand":[],"product_cat":[24],"product_tag":[129,130,131,134],"class_list":{"0":"post-6030","1":"product","2":"type-product","3":"status-publish","4":"has-post-thumbnail","6":"product_cat-pizza-ovens","7":"product_tag-beek","8":"product_tag-classico","9":"product_tag-houtgestookt","10":"product_tag-onderstel","11":"product_shipping_class-verzendklasse-3","12":"desktop-align-left","13":"tablet-align-left","14":"mobile-align-left","16":"first","17":"instock","18":"sale","19":"featured","20":"taxable","21":"shipping-taxable","22":"purchasable","23":"product-type-variable"},"yoast_head":"<!-- This site is optimized with the Yoast SEO plugin v27.4 - https:\/\/yoast.com\/product\/yoast-seo-wordpress\/ -->\n<title>BEEK Classico met origineel onderstel - Buitenpizzaovenkopen.nl<\/title>\n<meta name=\"description\" content=\"De Beek Classico pizza oven is een oven die de serieuze pizzaliefhebber de mogelijkheid biedt om in 90 seconden steenovenpizza&#039;s te bakken!\" \/>\n<meta name=\"robots\" content=\"index, follow, max-snippet:-1, max-image-preview:large, max-video-preview:-1\" \/>\n<link rel=\"canonical\" href=\"https:\/\/buitenpizzaovenkopen.nl\/fr\/pizza-oven-kopen\/beek-classico-pizza-oven-met-onderstel\/\" \/>\n<meta property=\"og:locale\" content=\"fr_FR\" \/>\n<meta property=\"og:type\" content=\"article\" \/>\n<meta property=\"og:title\" content=\"BEEK Classico met origineel onderstel - Buitenpizzaovenkopen.nl\" \/>\n<meta property=\"og:description\" content=\"De Beek Classico pizza oven is een oven die de serieuze pizzaliefhebber de mogelijkheid biedt om in 90 seconden steenovenpizza&#039;s te bakken!\" \/>\n<meta property=\"og:url\" content=\"https:\/\/buitenpizzaovenkopen.nl\/fr\/pizza-oven-kopen\/beek-classico-pizza-oven-met-onderstel\/\" \/>\n<meta property=\"og:site_name\" content=\"Buitenpizzaovenkopen.nl\" \/>\n<meta property=\"article:modified_time\" content=\"2025-12-11T20:03:08+00:00\" \/>\n<meta property=\"og:image\" content=\"https:\/\/buitenpizzaovenkopen.nl\/wp-content\/uploads\/2022\/02\/98FAD440-7DE3-48BB-8B56-0C9C864B1A81-scaled.jpeg\" \/>\n\t<meta property=\"og:image:width\" content=\"1920\" \/>\n\t<meta property=\"og:image:height\" content=\"2560\" \/>\n\t<meta property=\"og:image:type\" content=\"image\/jpeg\" \/>\n<meta name=\"twitter:card\" content=\"summary_large_image\" \/>\n<meta name=\"twitter:label1\" content=\"Dur\u00e9e de lecture estim\u00e9e\" \/>\n\t<meta name=\"twitter:data1\" content=\"3 minutes\" \/>\n<script type=\"application\/ld+json\" class=\"yoast-schema-graph\">{\"@context\":\"https:\\\/\\\/schema.org\",\"@graph\":[{\"@type\":\"WebPage\",\"@id\":\"https:\\\/\\\/buitenpizzaovenkopen.nl\\\/pizza-oven-kopen\\\/beek-classico-pizza-oven-met-onderstel\\\/\",\"url\":\"https:\\\/\\\/buitenpizzaovenkopen.nl\\\/pizza-oven-kopen\\\/beek-classico-pizza-oven-met-onderstel\\\/\",\"name\":\"BEEK Classico met origineel onderstel - Buitenpizzaovenkopen.nl\",\"isPartOf\":{\"@id\":\"https:\\\/\\\/buitenpizzaovenkopen.nl\\\/#website\"},\"primaryImageOfPage\":{\"@id\":\"https:\\\/\\\/buitenpizzaovenkopen.nl\\\/pizza-oven-kopen\\\/beek-classico-pizza-oven-met-onderstel\\\/#primaryimage\"},\"image\":{\"@id\":\"https:\\\/\\\/buitenpizzaovenkopen.nl\\\/pizza-oven-kopen\\\/beek-classico-pizza-oven-met-onderstel\\\/#primaryimage\"},\"thumbnailUrl\":\"https:\\\/\\\/buitenpizzaovenkopen.nl\\\/wp-content\\\/uploads\\\/2022\\\/02\\\/98FAD440-7DE3-48BB-8B56-0C9C864B1A81-scaled.jpeg\",\"datePublished\":\"2021-01-20T09:56:36+00:00\",\"dateModified\":\"2025-12-11T20:03:08+00:00\",\"description\":\"De Beek Classico pizza oven is een oven die de serieuze pizzaliefhebber de mogelijkheid biedt om in 90 seconden steenovenpizza's te bakken!\",\"breadcrumb\":{\"@id\":\"https:\\\/\\\/buitenpizzaovenkopen.nl\\\/pizza-oven-kopen\\\/beek-classico-pizza-oven-met-onderstel\\\/#breadcrumb\"},\"inLanguage\":\"fr-FR\",\"potentialAction\":[{\"@type\":\"ReadAction\",\"target\":[\"https:\\\/\\\/buitenpizzaovenkopen.nl\\\/pizza-oven-kopen\\\/beek-classico-pizza-oven-met-onderstel\\\/\"]}]},{\"@type\":\"ImageObject\",\"inLanguage\":\"fr-FR\",\"@id\":\"https:\\\/\\\/buitenpizzaovenkopen.nl\\\/pizza-oven-kopen\\\/beek-classico-pizza-oven-met-onderstel\\\/#primaryimage\",\"url\":\"https:\\\/\\\/buitenpizzaovenkopen.nl\\\/wp-content\\\/uploads\\\/2022\\\/02\\\/98FAD440-7DE3-48BB-8B56-0C9C864B1A81-scaled.jpeg\",\"contentUrl\":\"https:\\\/\\\/buitenpizzaovenkopen.nl\\\/wp-content\\\/uploads\\\/2022\\\/02\\\/98FAD440-7DE3-48BB-8B56-0C9C864B1A81-scaled.jpeg\",\"width\":1920,\"height\":2560},{\"@type\":\"BreadcrumbList\",\"@id\":\"https:\\\/\\\/buitenpizzaovenkopen.nl\\\/pizza-oven-kopen\\\/beek-classico-pizza-oven-met-onderstel\\\/#breadcrumb\",\"itemListElement\":[{\"@type\":\"ListItem\",\"position\":1,\"name\":\"Home\",\"item\":\"https:\\\/\\\/buitenpizzaovenkopen.nl\\\/\"},{\"@type\":\"ListItem\",\"position\":2,\"name\":\"Pizza oven kopen\",\"item\":\"https:\\\/\\\/buitenpizzaovenkopen.nl\\\/pizzaoven-kopen\\\/\"},{\"@type\":\"ListItem\",\"position\":3,\"name\":\"BEEK Classico Pizza Oven 70cm met origineel onderstel, Pizzaschep, Draaischep\"}]},{\"@type\":\"WebSite\",\"@id\":\"https:\\\/\\\/buitenpizzaovenkopen.nl\\\/#website\",\"url\":\"https:\\\/\\\/buitenpizzaovenkopen.nl\\\/\",\"name\":\"Buitenpizzaovenkopen.nl\",\"description\":\"is onderdeel van Casa di Ruscello\",\"publisher\":{\"@id\":\"https:\\\/\\\/buitenpizzaovenkopen.nl\\\/#organization\"},\"potentialAction\":[{\"@type\":\"SearchAction\",\"target\":{\"@type\":\"EntryPoint\",\"urlTemplate\":\"https:\\\/\\\/buitenpizzaovenkopen.nl\\\/?s={search_term_string}\"},\"query-input\":{\"@type\":\"PropertyValueSpecification\",\"valueRequired\":true,\"valueName\":\"search_term_string\"}}],\"inLanguage\":\"fr-FR\"},{\"@type\":\"Organization\",\"@id\":\"https:\\\/\\\/buitenpizzaovenkopen.nl\\\/#organization\",\"name\":\"Casa du Ruscello\",\"url\":\"https:\\\/\\\/buitenpizzaovenkopen.nl\\\/\",\"logo\":{\"@type\":\"ImageObject\",\"inLanguage\":\"fr-FR\",\"@id\":\"https:\\\/\\\/buitenpizzaovenkopen.nl\\\/#\\\/schema\\\/logo\\\/image\\\/\",\"url\":\"https:\\\/\\\/buitenpizzaovenkopen.nl\\\/wp-content\\\/uploads\\\/2020\\\/02\\\/logo.gif\",\"contentUrl\":\"https:\\\/\\\/buitenpizzaovenkopen.nl\\\/wp-content\\\/uploads\\\/2020\\\/02\\\/logo.gif\",\"width\":300,\"height\":305,\"caption\":\"Casa du Ruscello\"},\"image\":{\"@id\":\"https:\\\/\\\/buitenpizzaovenkopen.nl\\\/#\\\/schema\\\/logo\\\/image\\\/\"}}]}<\/script>\n<!-- \/ Yoast SEO plugin. -->","yoast_head_json":{"title":"BEEK Classico met origineel onderstel - Buitenpizzaovenkopen.nl","description":"De Beek Classico pizza oven is een oven die de serieuze pizzaliefhebber de mogelijkheid biedt om in 90 seconden steenovenpizza's te bakken!","robots":{"index":"index","follow":"follow","max-snippet":"max-snippet:-1","max-image-preview":"max-image-preview:large","max-video-preview":"max-video-preview:-1"},"canonical":"https:\/\/buitenpizzaovenkopen.nl\/fr\/pizza-oven-kopen\/beek-classico-pizza-oven-met-onderstel\/","og_locale":"fr_FR","og_type":"article","og_title":"BEEK Classico met origineel onderstel - Buitenpizzaovenkopen.nl","og_description":"De Beek Classico pizza oven is een oven die de serieuze pizzaliefhebber de mogelijkheid biedt om in 90 seconden steenovenpizza's te bakken!","og_url":"https:\/\/buitenpizzaovenkopen.nl\/fr\/pizza-oven-kopen\/beek-classico-pizza-oven-met-onderstel\/","og_site_name":"Buitenpizzaovenkopen.nl","article_modified_time":"2025-12-11T20:03:08+00:00","og_image":[{"width":1920,"height":2560,"url":"https:\/\/buitenpizzaovenkopen.nl\/wp-content\/uploads\/2022\/02\/98FAD440-7DE3-48BB-8B56-0C9C864B1A81-scaled.jpeg","type":"image\/jpeg"}],"twitter_card":"summary_large_image","twitter_misc":{"Dur\u00e9e de lecture estim\u00e9e":"3 minutes"},"schema":{"@context":"https:\/\/schema.org","@graph":[{"@type":"WebPage","@id":"https:\/\/buitenpizzaovenkopen.nl\/pizza-oven-kopen\/beek-classico-pizza-oven-met-onderstel\/","url":"https:\/\/buitenpizzaovenkopen.nl\/pizza-oven-kopen\/beek-classico-pizza-oven-met-onderstel\/","name":"BEEK Classico met origineel onderstel - Buitenpizzaovenkopen.nl","isPartOf":{"@id":"https:\/\/buitenpizzaovenkopen.nl\/#website"},"primaryImageOfPage":{"@id":"https:\/\/buitenpizzaovenkopen.nl\/pizza-oven-kopen\/beek-classico-pizza-oven-met-onderstel\/#primaryimage"},"image":{"@id":"https:\/\/buitenpizzaovenkopen.nl\/pizza-oven-kopen\/beek-classico-pizza-oven-met-onderstel\/#primaryimage"},"thumbnailUrl":"https:\/\/buitenpizzaovenkopen.nl\/wp-content\/uploads\/2022\/02\/98FAD440-7DE3-48BB-8B56-0C9C864B1A81-scaled.jpeg","datePublished":"2021-01-20T09:56:36+00:00","dateModified":"2025-12-11T20:03:08+00:00","description":"De Beek Classico pizza oven is een oven die de serieuze pizzaliefhebber de mogelijkheid biedt om in 90 seconden steenovenpizza's te bakken!","breadcrumb":{"@id":"https:\/\/buitenpizzaovenkopen.nl\/pizza-oven-kopen\/beek-classico-pizza-oven-met-onderstel\/#breadcrumb"},"inLanguage":"fr-FR","potentialAction":[{"@type":"ReadAction","target":["https:\/\/buitenpizzaovenkopen.nl\/pizza-oven-kopen\/beek-classico-pizza-oven-met-onderstel\/"]}]},{"@type":"ImageObject","inLanguage":"fr-FR","@id":"https:\/\/buitenpizzaovenkopen.nl\/pizza-oven-kopen\/beek-classico-pizza-oven-met-onderstel\/#primaryimage","url":"https:\/\/buitenpizzaovenkopen.nl\/wp-content\/uploads\/2022\/02\/98FAD440-7DE3-48BB-8B56-0C9C864B1A81-scaled.jpeg","contentUrl":"https:\/\/buitenpizzaovenkopen.nl\/wp-content\/uploads\/2022\/02\/98FAD440-7DE3-48BB-8B56-0C9C864B1A81-scaled.jpeg","width":1920,"height":2560},{"@type":"BreadcrumbList","@id":"https:\/\/buitenpizzaovenkopen.nl\/pizza-oven-kopen\/beek-classico-pizza-oven-met-onderstel\/#breadcrumb","itemListElement":[{"@type":"ListItem","position":1,"name":"Home","item":"https:\/\/buitenpizzaovenkopen.nl\/"},{"@type":"ListItem","position":2,"name":"Pizza oven kopen","item":"https:\/\/buitenpizzaovenkopen.nl\/pizzaoven-kopen\/"},{"@type":"ListItem","position":3,"name":"BEEK Classico Pizza Oven 70cm met origineel onderstel, Pizzaschep, Draaischep"}]},{"@type":"WebSite","@id":"https:\/\/buitenpizzaovenkopen.nl\/#website","url":"https:\/\/buitenpizzaovenkopen.nl\/","name":"Buitenpizzaovenkopen.nl","description":"fait partie de Casa Di Ruscello","publisher":{"@id":"https:\/\/buitenpizzaovenkopen.nl\/#organization"},"potentialAction":[{"@type":"SearchAction","target":{"@type":"EntryPoint","urlTemplate":"https:\/\/buitenpizzaovenkopen.nl\/?s={search_term_string}"},"query-input":{"@type":"PropertyValueSpecification","valueRequired":true,"valueName":"search_term_string"}}],"inLanguage":"fr-FR"},{"@type":"Organization","@id":"https:\/\/buitenpizzaovenkopen.nl\/#organization","name":"Casa du Ruscello","url":"https:\/\/buitenpizzaovenkopen.nl\/","logo":{"@type":"ImageObject","inLanguage":"fr-FR","@id":"https:\/\/buitenpizzaovenkopen.nl\/#\/schema\/logo\/image\/","url":"https:\/\/buitenpizzaovenkopen.nl\/wp-content\/uploads\/2020\/02\/logo.gif","contentUrl":"https:\/\/buitenpizzaovenkopen.nl\/wp-content\/uploads\/2020\/02\/logo.gif","width":300,"height":305,"caption":"Casa du Ruscello"},"image":{"@id":"https:\/\/buitenpizzaovenkopen.nl\/#\/schema\/logo\/image\/"}}]}},"_links":{"self":[{"href":"https:\/\/buitenpizzaovenkopen.nl\/fr\/wp-json\/wp\/v2\/product\/6030","targetHints":{"allow":["GET"]}}],"collection":[{"href":"https:\/\/buitenpizzaovenkopen.nl\/fr\/wp-json\/wp\/v2\/product"}],"about":[{"href":"https:\/\/buitenpizzaovenkopen.nl\/fr\/wp-json\/wp\/v2\/types\/product"}],"wp:featuredmedia":[{"embeddable":true,"href":"https:\/\/buitenpizzaovenkopen.nl\/fr\/wp-json\/wp\/v2\/media\/6568"}],"wp:attachment":[{"href":"https:\/\/buitenpizzaovenkopen.nl\/fr\/wp-json\/wp\/v2\/media?parent=6030"}],"wp:term":[{"taxonomy":"product_brand","embeddable":true,"href":"https:\/\/buitenpizzaovenkopen.nl\/fr\/wp-json\/wp\/v2\/product_brand?post=6030"},{"taxonomy":"product_cat","embeddable":true,"href":"https:\/\/buitenpizzaovenkopen.nl\/fr\/wp-json\/wp\/v2\/product_cat?post=6030"},{"taxonomy":"product_tag","embeddable":true,"href":"https:\/\/buitenpizzaovenkopen.nl\/fr\/wp-json\/wp\/v2\/product_tag?post=6030"}],"curies":[{"name":"wp","href":"https:\/\/api.w.org\/{rel}","templated":true}]}}