{"id":3074,"date":"2019-10-30T13:40:48","date_gmt":"2019-10-30T12:40:48","guid":{"rendered":"http:\/\/buitenpizzaovenhuren.nl\/?post_type=product&#038;p=3074"},"modified":"2024-04-25T13:44:38","modified_gmt":"2024-04-25T11:44:38","slug":"maximus-prime-pizza-oven","status":"publish","type":"product","link":"https:\/\/buitenpizzaovenkopen.nl\/fr\/pizza-oven-kopen\/maximus-prime-pizza-oven\/","title":{"rendered":"MAXIMUS, le Premier Four \u00e0 Pizza 100cm"},"content":{"rendered":"<p>La MAXIMUS Premier Four \u00e0 Pizza 100 cm, disponible en noir et rouge, combine l&#039;ing\u00e9nierie de haute qualit\u00e9 avec des performances impressionnantes, id\u00e9al pour la cuisson de grandes quantit\u00e9s de pizzas dans un environnement commercial ou \u00e0 la maison de l&#039;environnement. Ce four est sp\u00e9cialement con\u00e7u pour la pr\u00e9paration pizza avec sa spacieuse de 90\u00d790 cm surface de cuisson, ce qui permet de cuire jusqu&#039;\u00e0 quatre pizzas \u00e0 un moment et le processus jusqu&#039;\u00e0 80 pizzas par heure.<\/p>\n<p>Avec un bo\u00eetier robuste en aluminium ext\u00e9rieur et int\u00e9rieur en acier inoxydable, le MAXIMUS Premier est construit pour la durabilit\u00e9 et la facilit\u00e9 d&#039;entretien. La chamotte sol du four est essentiel pour la r\u00e9alisation de r\u00e9partition uniforme de la chaleur, entra\u00eenant parfaitement cuit les pizzas avec cette ch\u00e8re croustillant de base. Le four est \u00e9quip\u00e9 d&#039;une porte en acier inoxydable et le drain, qui ne sont pas seulement fonctionnelle, mais aussi de contribuer \u00e0 la conception \u00e9l\u00e9gante du four.<\/p>\n<p>Le thermom\u00e8tre int\u00e9gr\u00e9 vous permet de contr\u00f4ler pr\u00e9cis\u00e9ment la temp\u00e9rature, qui est essentielle pour obtenir un r\u00e9sultat de cuisson optimal. Le four chauffe en 30 \u00e0 45 minutes, ce qui vous permet de commencer la cuisson, si c&#039;est une longue soir\u00e9e dans un restaurant ou une garden-party \u00e0 la maison.<\/p>\n<p>La MAXIMUS Prime est livr\u00e9 avec un professionnel de la pizza, pelle et un plat de cuisson, de sorte que vous pouvez commencer d\u00e8s la sortie de la bo\u00eete. Ces accessoires augmenter la facilit\u00e9 d&#039;Utilisation et la fonctionnalit\u00e9 du four, de vous donner en tant que chef de la flexibilit\u00e9 n\u00e9cessaire pour pr\u00e9parer des plats diff\u00e9rents.<\/p>\n<p>Avec le choix entre une norme Antigo avant ou rustique Ar\u00e8ne de la conception, vous pouvez adapter la MAXIMUS Prime le style de votre cuisine ou de votre zone de cuisson. Ce four \u00e0 pizza n&#039;est pas seulement culinaire bourreau de travail, mais aussi une esth\u00e9tique plus de toute la cuisine de l&#039;environnement.<\/p>\n<p>Si vous \u00eates un exp\u00e9riment\u00e9 pizza maker ou tout simplement quelqu&#039;un qui aime la bonne pizza, la MAXIMUS Premier Four \u00e0 Pizza 100cm est le choix ultime pour quelqu&#039;un qui aspire \u00e0 la perfection de la cuisson de la pizza.<\/p>\n<p><strong>Sp\u00e9cifications techniques:<\/strong><\/p>\n<p>Couleur: noir ou rouge<br \/>\n<strong>Avant:<\/strong> Antigo (standard) et de l&#039;Ar\u00e8ne (rustique)<br \/>\n<strong>Dimensions externes:<\/strong> 98x99x77 cm \u00e0 l&#039;exclusion de la chemin\u00e9e<br \/>\n<strong>Espace int\u00e9rieur\/espace de cuisson:<\/strong> 90\u00d790 cm<br \/>\n<strong>Poids:<\/strong> 135 kg<br \/>\nAdapt\u00e9 pour 4 pizzas en m\u00eame temps, jusqu&#039;\u00e0 60 \u00e0 70 pizzas par heure!<br \/>\n<strong>Le temps de chauffe<\/strong>: De 30 \u00e0 45 minutes<br \/>\nComprend Thermom\u00e8tre<br \/>\nD&#039;\u00e9vacuation en acier inoxydable<br \/>\nPorte en acier inoxydable<br \/>\n<strong>Ext\u00e9rieur:<\/strong> L&#039;aluminium<br \/>\n<strong>\u00c0 l&#039;int\u00e9rieur:<\/strong> RVS<br \/>\n<strong>Sol du four:<\/strong> La Chamotte<\/p>\n<p>Est livr\u00e9 en standard avec de la pizza et scoop plat de cuisson.<br \/>\nN'h\u00e9sitez pas \u00e0 nous <a href=\"https:\/\/buitenpizzaovenkopen.nl\/fr\/contact-buitenpizzaovenkopen\/\">contacter<\/a> en toute libert\u00e9!<\/p>","protected":false},"excerpt":{"rendered":"<p>La MAXIMUS Premier Four \u00e0 Pizza 100 cm, disponible en noir et rouge, combine l&#039;ing\u00e9nierie de haute qualit\u00e9 avec des performances impressionnantes, id\u00e9al pour la cuisson de grandes quantit\u00e9s de pizzas dans un environnement commercial ou \u00e0 la maison de l&#039;environnement. Ce four est sp\u00e9cialement con\u00e7u pour la pr\u00e9paration pizza avec sa spacieuse de 90\u00d790 cm surface de cuisson, ce qui permet de cuire jusqu&#039;\u00e0 quatre pizzas \u00e0 un moment et le processus jusqu&#039;\u00e0 80 pizzas par heure.<br \/>\n<strong><br \/>\nCouleur<\/strong> Noir et Rouge<br \/>\n<strong>Avant:<\/strong> Antigo (standard) et de l&#039;Ar\u00e8ne (rustique)<br \/>\n<strong>Dimensions externes:<\/strong> 98x99x77 cm \u00e0 l&#039;exclusion de la chemin\u00e9e<br \/>\n<strong>l&#039;espace int\u00e9rieur, espace de cuisson:<\/strong> 90\u00d790 cm<br \/>\nAdapt\u00e9 pour 4 pizzas en m\u00eame temps!),<br \/>\nJusqu&#039;\u00e0 80 pizzas par heure!<\/p>","protected":false},"featured_media":6245,"template":"","meta":{"_monsterinsights_skip_tracking":false,"_monsterinsights_sitenote_active":false,"_monsterinsights_sitenote_note":"","_monsterinsights_sitenote_category":0,"site-sidebar-layout":"default","site-content-layout":"default","ast-site-content-layout":"default","site-content-style":"default","site-sidebar-style":"default","ast-global-header-display":"","ast-banner-title-visibility":"","ast-main-header-display":"","ast-hfb-above-header-display":"","ast-hfb-below-header-display":"","ast-hfb-mobile-header-display":"","site-post-title":"","ast-breadcrumbs-content":"","ast-featured-img":"","footer-sml-layout":"","ast-disable-related-posts":"","theme-transparent-header-meta":"default","adv-header-id-meta":"","stick-header-meta":"","header-above-stick-meta":"","header-main-stick-meta":"","header-below-stick-meta":"","astra-migrate-meta-layouts":"set","ast-page-background-enabled":"default","ast-page-background-meta":{"desktop":{"background-color":"","background-image":"","background-repeat":"repeat","background-position":"center center","background-size":"auto","background-attachment":"scroll","background-type":"","background-media":"","overlay-type":"","overlay-color":"","overlay-opacity":"","overlay-gradient":""},"tablet":{"background-color":"","background-image":"","background-repeat":"repeat","background-position":"center center","background-size":"auto","background-attachment":"scroll","background-type":"","background-media":"","overlay-type":"","overlay-color":"","overlay-opacity":"","overlay-gradient":""},"mobile":{"background-color":"","background-image":"","background-repeat":"repeat","background-position":"center center","background-size":"auto","background-attachment":"scroll","background-type":"","background-media":"","overlay-type":"","overlay-color":"","overlay-opacity":"","overlay-gradient":""}},"ast-content-background-meta":{"desktop":{"background-color":"var(--ast-global-color-5)","background-image":"","background-repeat":"repeat","background-position":"center center","background-size":"auto","background-attachment":"scroll","background-type":"","background-media":"","overlay-type":"","overlay-color":"","overlay-opacity":"","overlay-gradient":""},"tablet":{"background-color":"var(--ast-global-color-5)","background-image":"","background-repeat":"repeat","background-position":"center center","background-size":"auto","background-attachment":"scroll","background-type":"","background-media":"","overlay-type":"","overlay-color":"","overlay-opacity":"","overlay-gradient":""},"mobile":{"background-color":"var(--ast-global-color-5)","background-image":"","background-repeat":"repeat","background-position":"center center","background-size":"auto","background-attachment":"scroll","background-type":"","background-media":"","overlay-type":"","overlay-color":"","overlay-opacity":"","overlay-gradient":""}}},"product_brand":[],"product_cat":[24],"product_tag":[],"class_list":{"0":"post-3074","1":"product","2":"type-product","3":"status-publish","4":"has-post-thumbnail","6":"product_cat-pizza-ovens","7":"product_shipping_class-verzendklasse-4","8":"desktop-align-left","9":"tablet-align-left","10":"mobile-align-left","12":"first","13":"onbackorder","14":"taxable","15":"shipping-taxable","16":"purchasable","17":"product-type-variable"},"yoast_head":"<!-- This site is optimized with the Yoast SEO plugin v27.4 - https:\/\/yoast.com\/product\/yoast-seo-wordpress\/ -->\n<title>MAXIMUS Prime Pizza Oven 100cm - Buitenpizzaovenkopen.nl<\/title>\n<meta name=\"description\" content=\"De Maximus Prime pizza oven is een grote houtgestookte pizza oven, geschikt voor maar liefst 4 pizza\u2019s tegelijk, tot wel 80 pizza&#039;s per uur!\" \/>\n<meta name=\"robots\" content=\"index, follow, max-snippet:-1, max-image-preview:large, max-video-preview:-1\" \/>\n<link rel=\"canonical\" href=\"https:\/\/buitenpizzaovenkopen.nl\/fr\/pizza-oven-kopen\/maximus-prime-pizza-oven\/\" \/>\n<meta property=\"og:locale\" content=\"fr_FR\" \/>\n<meta property=\"og:type\" content=\"article\" \/>\n<meta property=\"og:title\" content=\"MAXIMUS Prime Pizza Oven 100cm - Buitenpizzaovenkopen.nl\" \/>\n<meta property=\"og:description\" content=\"De Maximus Prime pizza oven is een grote houtgestookte pizza oven, geschikt voor maar liefst 4 pizza\u2019s tegelijk, tot wel 80 pizza&#039;s per uur!\" \/>\n<meta property=\"og:url\" content=\"https:\/\/buitenpizzaovenkopen.nl\/fr\/pizza-oven-kopen\/maximus-prime-pizza-oven\/\" \/>\n<meta property=\"og:site_name\" content=\"Buitenpizzaovenkopen.nl\" \/>\n<meta property=\"article:modified_time\" content=\"2024-04-25T11:44:38+00:00\" \/>\n<meta property=\"og:image\" content=\"https:\/\/buitenpizzaovenkopen.nl\/wp-content\/uploads\/2019\/10\/MAXIMUS-Prime-1-1.jpg\" \/>\n\t<meta property=\"og:image:width\" content=\"353\" \/>\n\t<meta property=\"og:image:height\" content=\"455\" \/>\n\t<meta property=\"og:image:type\" content=\"image\/jpeg\" \/>\n<meta name=\"twitter:card\" content=\"summary_large_image\" \/>\n<meta name=\"twitter:label1\" content=\"Dur\u00e9e de lecture estim\u00e9e\" \/>\n\t<meta name=\"twitter:data1\" content=\"3 minutes\" \/>\n<script type=\"application\/ld+json\" class=\"yoast-schema-graph\">{\"@context\":\"https:\\\/\\\/schema.org\",\"@graph\":[{\"@type\":\"WebPage\",\"@id\":\"https:\\\/\\\/buitenpizzaovenkopen.nl\\\/pizza-oven-kopen\\\/maximus-prime-pizza-oven\\\/\",\"url\":\"https:\\\/\\\/buitenpizzaovenkopen.nl\\\/pizza-oven-kopen\\\/maximus-prime-pizza-oven\\\/\",\"name\":\"MAXIMUS Prime Pizza Oven 100cm - Buitenpizzaovenkopen.nl\",\"isPartOf\":{\"@id\":\"https:\\\/\\\/buitenpizzaovenkopen.nl\\\/#website\"},\"primaryImageOfPage\":{\"@id\":\"https:\\\/\\\/buitenpizzaovenkopen.nl\\\/pizza-oven-kopen\\\/maximus-prime-pizza-oven\\\/#primaryimage\"},\"image\":{\"@id\":\"https:\\\/\\\/buitenpizzaovenkopen.nl\\\/pizza-oven-kopen\\\/maximus-prime-pizza-oven\\\/#primaryimage\"},\"thumbnailUrl\":\"https:\\\/\\\/buitenpizzaovenkopen.nl\\\/wp-content\\\/uploads\\\/2019\\\/10\\\/MAXIMUS-Prime-1-1.jpg\",\"datePublished\":\"2019-10-30T12:40:48+00:00\",\"dateModified\":\"2024-04-25T11:44:38+00:00\",\"description\":\"De Maximus Prime pizza oven is een grote houtgestookte pizza oven, geschikt voor maar liefst 4 pizza\u2019s tegelijk, tot wel 80 pizza's per uur!\",\"breadcrumb\":{\"@id\":\"https:\\\/\\\/buitenpizzaovenkopen.nl\\\/pizza-oven-kopen\\\/maximus-prime-pizza-oven\\\/#breadcrumb\"},\"inLanguage\":\"fr-FR\",\"potentialAction\":[{\"@type\":\"ReadAction\",\"target\":[\"https:\\\/\\\/buitenpizzaovenkopen.nl\\\/pizza-oven-kopen\\\/maximus-prime-pizza-oven\\\/\"]}]},{\"@type\":\"ImageObject\",\"inLanguage\":\"fr-FR\",\"@id\":\"https:\\\/\\\/buitenpizzaovenkopen.nl\\\/pizza-oven-kopen\\\/maximus-prime-pizza-oven\\\/#primaryimage\",\"url\":\"https:\\\/\\\/buitenpizzaovenkopen.nl\\\/wp-content\\\/uploads\\\/2019\\\/10\\\/MAXIMUS-Prime-1-1.jpg\",\"contentUrl\":\"https:\\\/\\\/buitenpizzaovenkopen.nl\\\/wp-content\\\/uploads\\\/2019\\\/10\\\/MAXIMUS-Prime-1-1.jpg\",\"width\":353,\"height\":455,\"caption\":\"Maximus Prime Pizza oven\"},{\"@type\":\"BreadcrumbList\",\"@id\":\"https:\\\/\\\/buitenpizzaovenkopen.nl\\\/pizza-oven-kopen\\\/maximus-prime-pizza-oven\\\/#breadcrumb\",\"itemListElement\":[{\"@type\":\"ListItem\",\"position\":1,\"name\":\"Home\",\"item\":\"https:\\\/\\\/buitenpizzaovenkopen.nl\\\/\"},{\"@type\":\"ListItem\",\"position\":2,\"name\":\"Pizza oven kopen\",\"item\":\"https:\\\/\\\/buitenpizzaovenkopen.nl\\\/pizzaoven-kopen\\\/\"},{\"@type\":\"ListItem\",\"position\":3,\"name\":\"MAXIMUS Prime Pizza Oven 100cm\"}]},{\"@type\":\"WebSite\",\"@id\":\"https:\\\/\\\/buitenpizzaovenkopen.nl\\\/#website\",\"url\":\"https:\\\/\\\/buitenpizzaovenkopen.nl\\\/\",\"name\":\"Buitenpizzaovenkopen.nl\",\"description\":\"is onderdeel van Casa di Ruscello\",\"publisher\":{\"@id\":\"https:\\\/\\\/buitenpizzaovenkopen.nl\\\/#organization\"},\"potentialAction\":[{\"@type\":\"SearchAction\",\"target\":{\"@type\":\"EntryPoint\",\"urlTemplate\":\"https:\\\/\\\/buitenpizzaovenkopen.nl\\\/?s={search_term_string}\"},\"query-input\":{\"@type\":\"PropertyValueSpecification\",\"valueRequired\":true,\"valueName\":\"search_term_string\"}}],\"inLanguage\":\"fr-FR\"},{\"@type\":\"Organization\",\"@id\":\"https:\\\/\\\/buitenpizzaovenkopen.nl\\\/#organization\",\"name\":\"Casa du Ruscello\",\"url\":\"https:\\\/\\\/buitenpizzaovenkopen.nl\\\/\",\"logo\":{\"@type\":\"ImageObject\",\"inLanguage\":\"fr-FR\",\"@id\":\"https:\\\/\\\/buitenpizzaovenkopen.nl\\\/#\\\/schema\\\/logo\\\/image\\\/\",\"url\":\"https:\\\/\\\/buitenpizzaovenkopen.nl\\\/wp-content\\\/uploads\\\/2020\\\/02\\\/logo.gif\",\"contentUrl\":\"https:\\\/\\\/buitenpizzaovenkopen.nl\\\/wp-content\\\/uploads\\\/2020\\\/02\\\/logo.gif\",\"width\":300,\"height\":305,\"caption\":\"Casa du Ruscello\"},\"image\":{\"@id\":\"https:\\\/\\\/buitenpizzaovenkopen.nl\\\/#\\\/schema\\\/logo\\\/image\\\/\"}}]}<\/script>\n<!-- \/ Yoast SEO plugin. -->","yoast_head_json":{"title":"MAXIMUS, le Premier Four \u00e0 Pizza 100cm - Buitenpizzaovenkopen.nl","description":"La Maximus Premier four \u00e0 pizza est un grand four \u00e0 pizza au bois, adapt\u00e9 pour les pas moins de 4 pizzas en m\u00eame temps, jusqu&#039;\u00e0 80 pizzas par heure!","robots":{"index":"index","follow":"follow","max-snippet":"max-snippet:-1","max-image-preview":"max-image-preview:large","max-video-preview":"max-video-preview:-1"},"canonical":"https:\/\/buitenpizzaovenkopen.nl\/fr\/pizza-oven-kopen\/maximus-prime-pizza-oven\/","og_locale":"fr_FR","og_type":"article","og_title":"MAXIMUS Prime Pizza Oven 100cm - Buitenpizzaovenkopen.nl","og_description":"De Maximus Prime pizza oven is een grote houtgestookte pizza oven, geschikt voor maar liefst 4 pizza\u2019s tegelijk, tot wel 80 pizza's per uur!","og_url":"https:\/\/buitenpizzaovenkopen.nl\/fr\/pizza-oven-kopen\/maximus-prime-pizza-oven\/","og_site_name":"Buitenpizzaovenkopen.nl","article_modified_time":"2024-04-25T11:44:38+00:00","og_image":[{"width":353,"height":455,"url":"https:\/\/buitenpizzaovenkopen.nl\/wp-content\/uploads\/2019\/10\/MAXIMUS-Prime-1-1.jpg","type":"image\/jpeg"}],"twitter_card":"summary_large_image","twitter_misc":{"Dur\u00e9e de lecture estim\u00e9e":"3 minutes"},"schema":{"@context":"https:\/\/schema.org","@graph":[{"@type":"WebPage","@id":"https:\/\/buitenpizzaovenkopen.nl\/pizza-oven-kopen\/maximus-prime-pizza-oven\/","url":"https:\/\/buitenpizzaovenkopen.nl\/pizza-oven-kopen\/maximus-prime-pizza-oven\/","name":"MAXIMUS, le Premier Four \u00e0 Pizza 100cm - Buitenpizzaovenkopen.nl","isPartOf":{"@id":"https:\/\/buitenpizzaovenkopen.nl\/#website"},"primaryImageOfPage":{"@id":"https:\/\/buitenpizzaovenkopen.nl\/pizza-oven-kopen\/maximus-prime-pizza-oven\/#primaryimage"},"image":{"@id":"https:\/\/buitenpizzaovenkopen.nl\/pizza-oven-kopen\/maximus-prime-pizza-oven\/#primaryimage"},"thumbnailUrl":"https:\/\/buitenpizzaovenkopen.nl\/wp-content\/uploads\/2019\/10\/MAXIMUS-Prime-1-1.jpg","datePublished":"2019-10-30T12:40:48+00:00","dateModified":"2024-04-25T11:44:38+00:00","description":"La Maximus Premier four \u00e0 pizza est un grand four \u00e0 pizza au bois, adapt\u00e9 pour les pas moins de 4 pizzas en m\u00eame temps, jusqu&#039;\u00e0 80 pizzas par heure!","breadcrumb":{"@id":"https:\/\/buitenpizzaovenkopen.nl\/pizza-oven-kopen\/maximus-prime-pizza-oven\/#breadcrumb"},"inLanguage":"fr-FR","potentialAction":[{"@type":"ReadAction","target":["https:\/\/buitenpizzaovenkopen.nl\/pizza-oven-kopen\/maximus-prime-pizza-oven\/"]}]},{"@type":"ImageObject","inLanguage":"fr-FR","@id":"https:\/\/buitenpizzaovenkopen.nl\/pizza-oven-kopen\/maximus-prime-pizza-oven\/#primaryimage","url":"https:\/\/buitenpizzaovenkopen.nl\/wp-content\/uploads\/2019\/10\/MAXIMUS-Prime-1-1.jpg","contentUrl":"https:\/\/buitenpizzaovenkopen.nl\/wp-content\/uploads\/2019\/10\/MAXIMUS-Prime-1-1.jpg","width":353,"height":455,"caption":"Maximus Prime Pizza oven"},{"@type":"BreadcrumbList","@id":"https:\/\/buitenpizzaovenkopen.nl\/pizza-oven-kopen\/maximus-prime-pizza-oven\/#breadcrumb","itemListElement":[{"@type":"ListItem","position":1,"name":"Home","item":"https:\/\/buitenpizzaovenkopen.nl\/"},{"@type":"ListItem","position":2,"name":"Pizza oven kopen","item":"https:\/\/buitenpizzaovenkopen.nl\/pizzaoven-kopen\/"},{"@type":"ListItem","position":3,"name":"MAXIMUS Prime Pizza Oven 100cm"}]},{"@type":"WebSite","@id":"https:\/\/buitenpizzaovenkopen.nl\/#website","url":"https:\/\/buitenpizzaovenkopen.nl\/","name":"Buitenpizzaovenkopen.nl","description":"fait partie de Casa Di Ruscello","publisher":{"@id":"https:\/\/buitenpizzaovenkopen.nl\/#organization"},"potentialAction":[{"@type":"SearchAction","target":{"@type":"EntryPoint","urlTemplate":"https:\/\/buitenpizzaovenkopen.nl\/?s={search_term_string}"},"query-input":{"@type":"PropertyValueSpecification","valueRequired":true,"valueName":"search_term_string"}}],"inLanguage":"fr-FR"},{"@type":"Organization","@id":"https:\/\/buitenpizzaovenkopen.nl\/#organization","name":"Casa du Ruscello","url":"https:\/\/buitenpizzaovenkopen.nl\/","logo":{"@type":"ImageObject","inLanguage":"fr-FR","@id":"https:\/\/buitenpizzaovenkopen.nl\/#\/schema\/logo\/image\/","url":"https:\/\/buitenpizzaovenkopen.nl\/wp-content\/uploads\/2020\/02\/logo.gif","contentUrl":"https:\/\/buitenpizzaovenkopen.nl\/wp-content\/uploads\/2020\/02\/logo.gif","width":300,"height":305,"caption":"Casa du Ruscello"},"image":{"@id":"https:\/\/buitenpizzaovenkopen.nl\/#\/schema\/logo\/image\/"}}]}},"_links":{"self":[{"href":"https:\/\/buitenpizzaovenkopen.nl\/fr\/wp-json\/wp\/v2\/product\/3074","targetHints":{"allow":["GET"]}}],"collection":[{"href":"https:\/\/buitenpizzaovenkopen.nl\/fr\/wp-json\/wp\/v2\/product"}],"about":[{"href":"https:\/\/buitenpizzaovenkopen.nl\/fr\/wp-json\/wp\/v2\/types\/product"}],"wp:featuredmedia":[{"embeddable":true,"href":"https:\/\/buitenpizzaovenkopen.nl\/fr\/wp-json\/wp\/v2\/media\/6245"}],"wp:attachment":[{"href":"https:\/\/buitenpizzaovenkopen.nl\/fr\/wp-json\/wp\/v2\/media?parent=3074"}],"wp:term":[{"taxonomy":"product_brand","embeddable":true,"href":"https:\/\/buitenpizzaovenkopen.nl\/fr\/wp-json\/wp\/v2\/product_brand?post=3074"},{"taxonomy":"product_cat","embeddable":true,"href":"https:\/\/buitenpizzaovenkopen.nl\/fr\/wp-json\/wp\/v2\/product_cat?post=3074"},{"taxonomy":"product_tag","embeddable":true,"href":"https:\/\/buitenpizzaovenkopen.nl\/fr\/wp-json\/wp\/v2\/product_tag?post=3074"}],"curies":[{"name":"wp","href":"https:\/\/api.w.org\/{rel}","templated":true}]}}