{"id":3,"date":"2019-10-02T15:22:15","date_gmt":"2019-10-02T15:22:15","guid":{"rendered":"http:\/\/casadiruscello.promesys.nl\/?page_id=3"},"modified":"2021-03-26T18:36:22","modified_gmt":"2021-03-26T17:36:22","slug":"privacybeleid","status":"publish","type":"page","link":"https:\/\/buitenpizzaovenkopen.nl\/fr\/privacybeleid\/","title":{"rendered":"La vie priv\u00e9e"},"content":{"rendered":"<div data-elementor-type=\"wp-page\" data-elementor-id=\"3\" class=\"elementor elementor-3\">\n\t\t\t\t\t\t<section class=\"elementor-section elementor-top-section elementor-element elementor-element-57bd9629 elementor-section-boxed elementor-section-height-default elementor-section-height-default\" data-id=\"57bd9629\" data-element_type=\"section\" data-e-type=\"section\">\n\t\t\t\t\t\t<div class=\"elementor-container elementor-column-gap-default\">\n\t\t\t\t\t<div class=\"elementor-column elementor-col-100 elementor-top-column elementor-element elementor-element-16e120fb\" data-id=\"16e120fb\" data-element_type=\"column\" data-e-type=\"column\">\n\t\t\t<div class=\"elementor-widget-wrap elementor-element-populated\">\n\t\t\t\t\t\t<div class=\"elementor-element elementor-element-4e6fdf86 elementor-widget elementor-widget-text-editor\" data-id=\"4e6fdf86\" data-element_type=\"widget\" data-e-type=\"widget\" data-widget_type=\"text-editor.default\">\n\t\t\t\t<div class=\"elementor-widget-container\">\n\t\t\t\t\t\t\t\t\t<p>van Beek uit lattes VOF, situ\u00e9 \u00e0 Kempenlandstraat 2, 5375 AV en Lattes aux pays-bas, est responsable du traitement des donn\u00e9es \u00e0 caract\u00e8re personnel, comme indiqu\u00e9 dans la pr\u00e9sente d\u00e9claration de confidentialit\u00e9.&nbsp;<\/p>\n<h3>Contact:&nbsp;<\/h3>\n<p>www.buitenpizzaovenkopen.nl<br><span style=\"font-size: 22.5px;\">Kempenlandstraat 2 <br>5375 de Lattes, pays-bas <br>+31 633711195 <br>HGD van Beek est l&#039;Agent de Protection des Donn\u00e9es de van Beek de lattes VOF. Il\/elle peut \u00eatre atteinte par le biais de dennis@vanbeekuitreek.nl <\/span><\/p>\n<h3>Les donn\u00e9es personnelles que nous traitons<\/h3>\n<p>van Beek uit Lattes VOF traite vos donn\u00e9es personnelles en raison de l&#039;utilisation de nos services et\/ou parce que vous nous les fournissez vous-m\u00eame. Vous trouverez ci-dessous un aper\u00e7u des donn\u00e9es personnelles que nous traitons: <br>- Nom et pr\u00e9nom <br>\u2013 Les informations d&#039;adresse <br>\u2013 Num\u00e9ro de t\u00e9l\u00e9phone <br>\u2013 E-mail<span style=\"font-size: 22.5px;\">&nbsp;&nbsp;<\/span><\/p>\n<h3>Sp\u00e9ciaux et \/ ou de donn\u00e9es sensibles \u00e0 caract\u00e8re personnel que nous traitons<\/h3>\n<p>Notre site web et \/ ou le service n&#039;a pas l&#039;intention de recueillir des donn\u00e9es sur les visiteurs du site qui sont sous l&#039;\u00e2ge de 16 ans. \u00c0 moins d&#039;avoir la permission des parents ou d&#039;un tuteur. Cependant, nous ne pouvons pas v\u00e9rifier si un visiteur de plus de 16 ans. Par cons\u00e9quent, nous recommandons que les parents soient impliqu\u00e9s dans les activit\u00e9s en ligne de leurs enfants, afin d&#039;\u00e9viter que des donn\u00e9es sur les enfants d&#039;\u00eatre recueillis sans le consentement des parents. Si vous \u00eates convaincu que nous avons recueilli des donn\u00e9es personnelles au sujet d&#039;un mineur sans ce consentement, veuillez nous contacter \u00e0 info@vanbeekuitreek.nl puis nous supprimer cette information.<\/p>\n<h3>Dans quel but et de quelle fa\u00e7on nous traitons les donn\u00e9es personnelles<\/h3>\n<p>van Beek uit lattes VOF traite vos donn\u00e9es personnelles aux fins suivantes:&nbsp;<br><span style=\"font-size: 22.5px;\">- Traitement de votre paiement <br>-Pour pouvoir t\u00e9l\u00e9phoner ou envoyer un e-mail vous si cela est n\u00e9cessaire pour \u00eatre en mesure de mener \u00e0 bien nos services&nbsp;<\/span><\/p>\n<h3><span style=\"font-size: 22.5px;\">Automatis\u00e9 de prise de d\u00e9cision <\/span><\/h3>\n<p><span style=\"font-size: 22.5px;\">van Beek de Lattes VOF ne pas prendre de d\u00e9cisions fond\u00e9e sur un traitement automatis\u00e9 sur des questions qui peuvent avoir (beaucoup) les cons\u00e9quences pour les personnes. Ce sont des d\u00e9cisions qui sont prises par des programmes informatiques ou des syst\u00e8mes, sans l&#039;intervention d&#039;une personne (par exemple, un employ\u00e9 de van Beek de lattes VOF).&nbsp;<\/span><\/p>\n<h3><span style=\"font-size: 22.5px;\">Combien de temps nous conservons les donn\u00e9es personnelles <\/span><\/h3>\n<p><span style=\"font-size: 22.5px;\">van Beek uit Lattes VOF ne stocke pas vos donn\u00e9es personnelles plus longtemps que ce qui est strictement n\u00e9cessaire pour atteindre les fins pour lesquelles les donn\u00e9es sont collect\u00e9es.&nbsp;<\/span><\/p>\n<h3><span style=\"font-size: 22.5px;\">Le partage des donn\u00e9es personnelles avec des tierces parties <\/span><\/h3>\n<p><span style=\"font-size: 22.5px;\">van Beek uit Lattes VOF seulement fournit \u00e0 des tiers et uniquement si cela est n\u00e9cessaire pour l&#039;ex\u00e9cution de notre contrat avec vous, ou pour se conformer \u00e0 une obligation l\u00e9gale.&nbsp;<\/span><\/p>\n<h3><span style=\"font-size: 22.5px;\">Des Cookies, ou des techniques similaires, que nous utilisons <\/span><\/h3>\n<p><span style=\"font-size: 22.5px;\">van Beek uit Reek VOF gebruikt geen cookies of vergelijkbare technieken. Gegevens inzien, aanpassen of verwijderen U heeft het recht om uw persoonsgegevens in te zien, te corrigeren of te verwijderen. Daarnaast heeft u het recht om uw eventuele toestemming voor de gegevensverwerking in te trekken of bezwaar te maken tegen de verwerking van uw persoonsgegevens door van Beek uit Reek VOF en heeft u het recht op gegevensoverdraagbaarheid. Dat betekent dat u bij ons een verzoek kunt indienen om de persoonsgegevens die wij van u beschikken in een computerbestand naar u of een ander, door u genoemde organisatie, te sturen. U kunt een verzoek tot inzage, correctie, verwijdering, gegevensoverdraging van uw persoonsgegevens of verzoek tot intrekking van uw toestemming of bezwaar op de verwerking van uw persoonsgegevens sturen naar info@vanbeekuitreek.nl. Om er zeker van te zijn dat het verzoek tot inzage door u is gedaan, vragen wij u een kopie van uw identiteitsbewijs met het verzoek mee te sturen. Maak in deze kopie uw pasfoto, MRZ (machine readable zone, de strook met nummers onderaan het paspoort), paspoortnummer en Burgerservicenummer (BSN) zwart. Dit ter bescherming van uw privacy. We reageren zo snel mogelijk, maar binnen vier weken, op uw verzoek. van Beek uit Reek VOF wil u er tevens op wijzen dat u de mogelijkheid heeft om een klacht in te dienen bij de nationale toezichthouder, de Autoriteit Persoonsgegevens. Dat kan via de volgende link: https:\/\/autoriteitpersoonsgegevens.nl\/nl\/contact-met-de-autoriteit-persoonsgegevens\/tip-ons<\/span><\/p>\n<h3><span style=\"font-size: 22.5px;\">Comment nous prot\u00e9geons les donn\u00e9es personnelles <\/span><\/h3>\n<p><span style=\"font-size: 22.5px;\">van Beek uit Lattes VOF prend la protection de vos donn\u00e9es tr\u00e8s au s\u00e9rieux et prend les mesures appropri\u00e9es pour pr\u00e9venir l&#039;utilisation abusive, la perte, l&#039;acc\u00e8s non autoris\u00e9, la divulgation non d\u00e9sir\u00e9e et la modification non autoris\u00e9es. Si vous avez l&#039;impression que vos donn\u00e9es n&#039;est pas correctement fix\u00e9 ou il y a des indications d&#039;une mauvaise utilisation, veuillez contacter notre service client ou via info@vanbeekuitreek.nl<\/span><\/p>\n<p><!-- \/wp:heading --><\/p>\t\t\t\t\t\t\t\t<\/div>\n\t\t\t\t<\/div>\n\t\t\t\t\t<\/div>\n\t\t<\/div>\n\t\t\t\t\t<\/div>\n\t\t<\/section>\n\t\t\t\t<\/div>","protected":false},"excerpt":{"rendered":"<p>van Beek uit Reek VOF, gevestigd aan Kempenlandstraat 2, 5375 AV te Reek Nederland, is verantwoordelijk voor de verwerking van persoonsgegevens zoals weergegeven in deze privacyverklaring.&nbsp; Contactgegevens:&nbsp; www.buitenpizzaovenkopen.nl Kempenlandstraat 2 5375 AV Reek, Nederland +31 633711195 HGD van Beek is de Functionaris Gegevensbescherming van van Beek uit Reek VOF. Hij\/zij is te bereiken via dennis@vanbeekuitreek.nl [&hellip;]<\/p>\n","protected":false},"author":2,"featured_media":0,"parent":0,"menu_order":0,"comment_status":"closed","ping_status":"open","template":"","meta":{"_monsterinsights_skip_tracking":false,"_monsterinsights_sitenote_active":false,"_monsterinsights_sitenote_note":"","_monsterinsights_sitenote_category":0,"site-sidebar-layout":"default","site-content-layout":"default","ast-site-content-layout":"default","site-content-style":"default","site-sidebar-style":"default","ast-global-header-display":"","ast-banner-title-visibility":"","ast-main-header-display":"","ast-hfb-above-header-display":"","ast-hfb-below-header-display":"","ast-hfb-mobile-header-display":"","site-post-title":"","ast-breadcrumbs-content":"","ast-featured-img":"","footer-sml-layout":"","ast-disable-related-posts":"","theme-transparent-header-meta":"default","adv-header-id-meta":"","stick-header-meta":"","header-above-stick-meta":"","header-main-stick-meta":"","header-below-stick-meta":"","astra-migrate-meta-layouts":"default","ast-page-background-enabled":"default","ast-page-background-meta":{"desktop":{"background-color":"","background-image":"","background-repeat":"repeat","background-position":"center center","background-size":"auto","background-attachment":"scroll","background-type":"","background-media":"","overlay-type":"","overlay-color":"","overlay-opacity":"","overlay-gradient":""},"tablet":{"background-color":"","background-image":"","background-repeat":"repeat","background-position":"center center","background-size":"auto","background-attachment":"scroll","background-type":"","background-media":"","overlay-type":"","overlay-color":"","overlay-opacity":"","overlay-gradient":""},"mobile":{"background-color":"","background-image":"","background-repeat":"repeat","background-position":"center center","background-size":"auto","background-attachment":"scroll","background-type":"","background-media":"","overlay-type":"","overlay-color":"","overlay-opacity":"","overlay-gradient":""}},"ast-content-background-meta":{"desktop":{"background-color":"var(--ast-global-color-5)","background-image":"","background-repeat":"repeat","background-position":"center center","background-size":"auto","background-attachment":"scroll","background-type":"","background-media":"","overlay-type":"","overlay-color":"","overlay-opacity":"","overlay-gradient":""},"tablet":{"background-color":"var(--ast-global-color-5)","background-image":"","background-repeat":"repeat","background-position":"center center","background-size":"auto","background-attachment":"scroll","background-type":"","background-media":"","overlay-type":"","overlay-color":"","overlay-opacity":"","overlay-gradient":""},"mobile":{"background-color":"var(--ast-global-color-5)","background-image":"","background-repeat":"repeat","background-position":"center center","background-size":"auto","background-attachment":"scroll","background-type":"","background-media":"","overlay-type":"","overlay-color":"","overlay-opacity":"","overlay-gradient":""}},"footnotes":""},"class_list":["post-3","page","type-page","status-publish","hentry"],"yoast_head":"<!-- This site is optimized with the Yoast SEO plugin v27.3 - https:\/\/yoast.com\/product\/yoast-seo-wordpress\/ -->\n<title>Privacybeleid - Buitenpizzaovenkopen.nl<\/title>\n<meta name=\"description\" content=\"Op deze pagina kunt het privacybeleid inzien van buitenpizzaovenhuren.nl (onderdeel van Casa di Ruscello).\" \/>\n<meta name=\"robots\" content=\"noindex, follow\" \/>\n<meta property=\"og:locale\" content=\"fr_FR\" \/>\n<meta property=\"og:type\" content=\"article\" \/>\n<meta property=\"og:title\" content=\"Privacybeleid - Buitenpizzaovenkopen.nl\" \/>\n<meta property=\"og:description\" content=\"Op deze pagina kunt het privacybeleid inzien van buitenpizzaovenhuren.nl (onderdeel van Casa di Ruscello).\" \/>\n<meta property=\"og:url\" content=\"https:\/\/buitenpizzaovenkopen.nl\/fr\/privacybeleid\/\" \/>\n<meta property=\"og:site_name\" content=\"Buitenpizzaovenkopen.nl\" \/>\n<meta property=\"article:modified_time\" content=\"2021-03-26T17:36:22+00:00\" \/>\n<meta name=\"twitter:card\" content=\"summary_large_image\" \/>\n<meta name=\"twitter:label1\" content=\"Dur\u00e9e de lecture estim\u00e9e\" \/>\n\t<meta name=\"twitter:data1\" content=\"3 minutes\" \/>\n<script type=\"application\/ld+json\" class=\"yoast-schema-graph\">{\"@context\":\"https:\\\/\\\/schema.org\",\"@graph\":[{\"@type\":\"WebPage\",\"@id\":\"https:\\\/\\\/buitenpizzaovenkopen.nl\\\/privacybeleid\\\/\",\"url\":\"https:\\\/\\\/buitenpizzaovenkopen.nl\\\/privacybeleid\\\/\",\"name\":\"Privacybeleid - Buitenpizzaovenkopen.nl\",\"isPartOf\":{\"@id\":\"https:\\\/\\\/buitenpizzaovenkopen.nl\\\/#website\"},\"datePublished\":\"2019-10-02T15:22:15+00:00\",\"dateModified\":\"2021-03-26T17:36:22+00:00\",\"description\":\"Op deze pagina kunt het privacybeleid inzien van buitenpizzaovenhuren.nl (onderdeel van Casa di Ruscello).\",\"breadcrumb\":{\"@id\":\"https:\\\/\\\/buitenpizzaovenkopen.nl\\\/privacybeleid\\\/#breadcrumb\"},\"inLanguage\":\"fr-FR\",\"potentialAction\":[{\"@type\":\"ReadAction\",\"target\":[\"https:\\\/\\\/buitenpizzaovenkopen.nl\\\/privacybeleid\\\/\"]}]},{\"@type\":\"BreadcrumbList\",\"@id\":\"https:\\\/\\\/buitenpizzaovenkopen.nl\\\/privacybeleid\\\/#breadcrumb\",\"itemListElement\":[{\"@type\":\"ListItem\",\"position\":1,\"name\":\"Home\",\"item\":\"https:\\\/\\\/buitenpizzaovenkopen.nl\\\/\"},{\"@type\":\"ListItem\",\"position\":2,\"name\":\"Privacybeleid\"}]},{\"@type\":\"WebSite\",\"@id\":\"https:\\\/\\\/buitenpizzaovenkopen.nl\\\/#website\",\"url\":\"https:\\\/\\\/buitenpizzaovenkopen.nl\\\/\",\"name\":\"Buitenpizzaovenkopen.nl\",\"description\":\"is onderdeel van Casa di Ruscello\",\"publisher\":{\"@id\":\"https:\\\/\\\/buitenpizzaovenkopen.nl\\\/#organization\"},\"potentialAction\":[{\"@type\":\"SearchAction\",\"target\":{\"@type\":\"EntryPoint\",\"urlTemplate\":\"https:\\\/\\\/buitenpizzaovenkopen.nl\\\/?s={search_term_string}\"},\"query-input\":{\"@type\":\"PropertyValueSpecification\",\"valueRequired\":true,\"valueName\":\"search_term_string\"}}],\"inLanguage\":\"fr-FR\"},{\"@type\":\"Organization\",\"@id\":\"https:\\\/\\\/buitenpizzaovenkopen.nl\\\/#organization\",\"name\":\"Casa du Ruscello\",\"url\":\"https:\\\/\\\/buitenpizzaovenkopen.nl\\\/\",\"logo\":{\"@type\":\"ImageObject\",\"inLanguage\":\"fr-FR\",\"@id\":\"https:\\\/\\\/buitenpizzaovenkopen.nl\\\/#\\\/schema\\\/logo\\\/image\\\/\",\"url\":\"https:\\\/\\\/buitenpizzaovenkopen.nl\\\/wp-content\\\/uploads\\\/2020\\\/02\\\/logo.gif\",\"contentUrl\":\"https:\\\/\\\/buitenpizzaovenkopen.nl\\\/wp-content\\\/uploads\\\/2020\\\/02\\\/logo.gif\",\"width\":300,\"height\":305,\"caption\":\"Casa du Ruscello\"},\"image\":{\"@id\":\"https:\\\/\\\/buitenpizzaovenkopen.nl\\\/#\\\/schema\\\/logo\\\/image\\\/\"}}]}<\/script>\n<!-- \/ Yoast SEO plugin. -->","yoast_head_json":{"title":"Politique De Confidentialit\u00e9 - Buitenpizzaovenkopen.nl","description":"Sur cette page, vous pouvez consulter la politique de confidentialit\u00e9 de buitenpizzaovenhuren.nl (une partie de Casa Di Ruscello).","robots":{"index":"noindex","follow":"follow"},"og_locale":"fr_FR","og_type":"article","og_title":"Privacybeleid - Buitenpizzaovenkopen.nl","og_description":"Op deze pagina kunt het privacybeleid inzien van buitenpizzaovenhuren.nl (onderdeel van Casa di Ruscello).","og_url":"https:\/\/buitenpizzaovenkopen.nl\/fr\/privacybeleid\/","og_site_name":"Buitenpizzaovenkopen.nl","article_modified_time":"2021-03-26T17:36:22+00:00","twitter_card":"summary_large_image","twitter_misc":{"Dur\u00e9e de lecture estim\u00e9e":"3 minutes"},"schema":{"@context":"https:\/\/schema.org","@graph":[{"@type":"WebPage","@id":"https:\/\/buitenpizzaovenkopen.nl\/privacybeleid\/","url":"https:\/\/buitenpizzaovenkopen.nl\/privacybeleid\/","name":"Politique De Confidentialit\u00e9 - Buitenpizzaovenkopen.nl","isPartOf":{"@id":"https:\/\/buitenpizzaovenkopen.nl\/#website"},"datePublished":"2019-10-02T15:22:15+00:00","dateModified":"2021-03-26T17:36:22+00:00","description":"Sur cette page, vous pouvez consulter la politique de confidentialit\u00e9 de buitenpizzaovenhuren.nl (une partie de Casa Di Ruscello).","breadcrumb":{"@id":"https:\/\/buitenpizzaovenkopen.nl\/privacybeleid\/#breadcrumb"},"inLanguage":"fr-FR","potentialAction":[{"@type":"ReadAction","target":["https:\/\/buitenpizzaovenkopen.nl\/privacybeleid\/"]}]},{"@type":"BreadcrumbList","@id":"https:\/\/buitenpizzaovenkopen.nl\/privacybeleid\/#breadcrumb","itemListElement":[{"@type":"ListItem","position":1,"name":"Home","item":"https:\/\/buitenpizzaovenkopen.nl\/"},{"@type":"ListItem","position":2,"name":"Privacybeleid"}]},{"@type":"WebSite","@id":"https:\/\/buitenpizzaovenkopen.nl\/#website","url":"https:\/\/buitenpizzaovenkopen.nl\/","name":"Buitenpizzaovenkopen.nl","description":"fait partie de Casa Di Ruscello","publisher":{"@id":"https:\/\/buitenpizzaovenkopen.nl\/#organization"},"potentialAction":[{"@type":"SearchAction","target":{"@type":"EntryPoint","urlTemplate":"https:\/\/buitenpizzaovenkopen.nl\/?s={search_term_string}"},"query-input":{"@type":"PropertyValueSpecification","valueRequired":true,"valueName":"search_term_string"}}],"inLanguage":"fr-FR"},{"@type":"Organization","@id":"https:\/\/buitenpizzaovenkopen.nl\/#organization","name":"Casa du Ruscello","url":"https:\/\/buitenpizzaovenkopen.nl\/","logo":{"@type":"ImageObject","inLanguage":"fr-FR","@id":"https:\/\/buitenpizzaovenkopen.nl\/#\/schema\/logo\/image\/","url":"https:\/\/buitenpizzaovenkopen.nl\/wp-content\/uploads\/2020\/02\/logo.gif","contentUrl":"https:\/\/buitenpizzaovenkopen.nl\/wp-content\/uploads\/2020\/02\/logo.gif","width":300,"height":305,"caption":"Casa du Ruscello"},"image":{"@id":"https:\/\/buitenpizzaovenkopen.nl\/#\/schema\/logo\/image\/"}}]}},"_links":{"self":[{"href":"https:\/\/buitenpizzaovenkopen.nl\/fr\/wp-json\/wp\/v2\/pages\/3","targetHints":{"allow":["GET"]}}],"collection":[{"href":"https:\/\/buitenpizzaovenkopen.nl\/fr\/wp-json\/wp\/v2\/pages"}],"about":[{"href":"https:\/\/buitenpizzaovenkopen.nl\/fr\/wp-json\/wp\/v2\/types\/page"}],"author":[{"embeddable":true,"href":"https:\/\/buitenpizzaovenkopen.nl\/fr\/wp-json\/wp\/v2\/users\/2"}],"replies":[{"embeddable":true,"href":"https:\/\/buitenpizzaovenkopen.nl\/fr\/wp-json\/wp\/v2\/comments?post=3"}],"version-history":[{"count":0,"href":"https:\/\/buitenpizzaovenkopen.nl\/fr\/wp-json\/wp\/v2\/pages\/3\/revisions"}],"wp:attachment":[{"href":"https:\/\/buitenpizzaovenkopen.nl\/fr\/wp-json\/wp\/v2\/media?parent=3"}],"curies":[{"name":"wp","href":"https:\/\/api.w.org\/{rel}","templated":true}]}}