{"id":9687,"date":"2026-02-27T19:00:34","date_gmt":"2026-02-27T18:00:34","guid":{"rendered":"https:\/\/buitenpizzaovenkopen.nl\/?post_type=product&#038;p=9687"},"modified":"2026-03-01T21:37:29","modified_gmt":"2026-03-01T20:37:29","slug":"beek-grande-pizza-oven-multifuel-inclusief-demontabele-branderunit","status":"publish","type":"product","link":"https:\/\/buitenpizzaovenkopen.nl\/de\/pizza-oven-kopen\/beek-grande-pizza-oven-multifuel-inclusief-demontabele-branderunit\/","title":{"rendered":"BEEK Grande Pizza Oven MULTIFUEL inclusief demontabele Branderunit"},"content":{"rendered":"<p style=\"text-align: left\"><strong>BEEK Grande pizza-Ofen mit Extra breiten Backen Boden<\/strong><\/p>\n<p>De BEEK Grande pizzaoven MULTIFUEL met extra brede bakvloer is een middel grote oven waar tot 4 pizza\u2019s tegelijk in kunnen worden afgebakken. De oven heeft een extra brede bakvloer van 800 mm breed en 600 mm diep. Hij weegt ongeveer 85 kg, waardoor deze oven nog steeds ontzettend mobiel is.<\/p>\n<p>De nieuwste BEEK Classico heeft een down force air circulatie en<br \/>\nEen regelbare inlaat waardoor de oven prachtig brand met gesloten deur.<br \/>\nIs voorzien van een MULTIFUEL optie en is dus voorzien van alle opties.<br \/>\nMit diesem tollen Ofen k\u00f6nnen Sie Backen leckere Pizza f\u00fcr Ihre Familie oder Freunde, aber auch geeignet f\u00fcr gro\u00dfe Familien, gr\u00f6\u00dfere Gruppen, catering und food truck.<\/p>\n<p>Voordelen MULTIFUEL:<br \/>\n&#8211; Kiezen tussen houtgestookt (authentieke smaak) of gas (gemak, snelheid en makkelijke temperatuurregeling)<br \/>\n&#8211; Brander zit op 4cm hoogte boven de bakvloer waardoor u de gehele bakvloer kunt gebruiken als bakoppervlak (extra pizza!)<br \/>\n&#8211; Brander eenvoudig met 2 duimschroeven te verwisselen naar Gas of hout<br \/>\n&#8211; Mocht het gas op zijn kunt u eenvoudig overstappen naar hout<br \/>\n&#8211; Deur van de oven kunt u gebruiken, ook bij gebruik van gas waardoor u extra zuinig kunt stoken.<\/p>\n<p>De BEEK Grande Pizzaoven is volledig dubbel ge\u00efsoleerd en heeft een extra brede toegangsdeur en een mooie hoogte zodat je er super pizza&#8217;s in kan afbakken, maar ook in kunt koken, zoals vleesgerechten, vis, brood enz.<br \/>\nEs ist ein all-rounder!<br \/>\nHet heeft ook een verwijderbare schoorsteen, een ingebouwde CEWAL thermometer uit Itali\u00eb en strakke chamotte vloer. De oven brandt op hout en bereikt de beste warmte met gedroogd hout, berken, essen, beuken, eiken of fruitbomenhout.<br \/>\nF\u00fcr mehr Informationen auf das beste Holz f\u00fcr einen pizza-Ofen, klicken Sie auf diese <a href=\"https:\/\/www.italieplein.nl\/hout-voor-pizzaoven\/\" target=\"_blank\" rel=\"noopener\">link<\/a>.<\/p>\n<p>Wordt standaard geleverd met professionele pizzaschep zodat u direct de lekkerste pizza&#8217;s kunt gaan bakken<\/p>\n<p><strong style=\"font-size: 16px\">Technische Daten:<\/strong><\/p>\n<p>Warm-up Zeit:<span style=\"font-size: 16px\"> 15-40 Minuten<br \/>\n<\/span><strong>Maximale Temperatur:<\/strong> Bis zu 500C<br \/>\n<strong>- Kochen-Geschwindigkeit:<\/strong> 60- 90 seconden<br \/>\n<strong>Kapazit\u00e4t:<\/strong> Bis zu 4 Pizzen oder andere Gerichte.<br \/>\n<strong>Empfohlen Kraftstoff:<\/strong> berkenhout \/ essenhout en\/of hardhout zoals Beuken, eiken, appelhout etc. en gas<br \/>\n<strong>Kochen Abschnitt:<\/strong> 800x600mm-extra Breite Backen Boden<br \/>\n<b>\u00c4u\u00dfere dimension<\/b>: 92cm breit und 79 cm tief<br \/>\n<strong>Enth\u00e4lt:<\/strong> Pizzaoven,\u00a0 RVS deur 2mm dik!, schoorsteen, thermometer merk Cewal (Italiaans), RVS vuurscherm\/ firebox, pizzaschep Falci<br \/>\n<strong>Drain:<\/strong> 150mm<br \/>\n<strong>Garantie:<\/strong> 1 Jahr ab Kaufdatum<br \/>\n<strong>Farbe:<\/strong> Mat Zwart (RAL 9005) en Mat Rood (RAL 3020), Khaki Groen, andere kleuren mogelijk op aanvraag na telefonisch contact.<\/p>\n<p>Deze oven is niet alleen ideaal voor thuisgebruik, maar ook perfect geschikt voor grotere groepen, horecagelegenheden en foodtrucks (sterke oven!) dankzij de volledige isolatie en ruime toegangsdeur voor gemakkelijke bediening. De verwijderbare schoorsteen en de veelzijdigheid in brandstofkeuze maken hem geschikt voor een breed scala aan kookstijlen, van pizza&#8217;s tot vleesgerechten en meer.<\/p>\n<p>Werfen Sie auch einen Blick auf die BEEK Classico 70, der kleineren version dieses Ofen f\u00fcr den Einsatz in kleineren R\u00e4umen. <a href=\"https:\/\/buitenpizzaovenkopen.nl\/de\/pizza-oven-kopen\/beek-classico-pizza-oven\/\">https:\/\/buitenpizzaovenkopen.nl\/pizza-oven-kopen\/beek-classico-pizza-oven\/<\/a><\/p>","protected":false},"excerpt":{"rendered":"<p><strong>BEEK Grande Pizza-Ofen mit Extra breiten Backen Boden<\/strong><\/p>\n<p>De BEEK Grande pizza oven MULTIFUEL met extra brede bakvloer is een middel grote oven waar tot 4 pizza\u2019s tegelijk in kunnen worden afgebakken. De oven heeft een extra brede bakvloer van 800 mm breed en 600 mm diep. Hij weegt ongeveer 85 kg, waardoor deze oven nog steeds ontzettend mobiel is.<br \/>\nMet deze geweldige oven kunt u heerlijke pizza&#8217;s bakken voor uw gezin of vrienden, maar is tevens geschikt voor grote families, grotere groepen, horeca en foodtruck (sterke constructie!)<\/p>\n<p>De BEEK Grande is volledig ge\u00efsoleerd en heeft een extra brede toegangsdeur en een mooie hoogte zodat je er super pizza&#8217;s in kan afbakken, maar ook in kunt koken, zoals vleesgerechten, vis, brood enz.<br \/>\nEs ist ein all-rounder!<br \/>\nEs hat auch einen abnehmbaren Schornstein, eine gebaut-in Cewal thermometer aus Italien und eleganten Schamotte-Bodenbelag. Der Ofen brennt das Holz und erzielt die beste W\u00e4rme mit getrockneten Holz, Birke, Esche, Buche, Eiche oder Obst Baum Holz.<br \/>\nF\u00fcr mehr Informationen auf das beste Holz f\u00fcr einen pizza-Ofen, klicken Sie auf diese <a href=\"https:\/\/www.italieplein.nl\/hout-voor-pizzaoven\/\" target=\"_blank\" rel=\"noopener\">link<\/a>.<\/p>\n<p>Kommt standard mit italienischer pizza Schaufel aus der Falci-Marke, damit k\u00f6nnen Sie sofort anfangen zu Backen der leckersten Pizzen<\/p>\n<p>Werfen Sie auch einen Blick auf die BEEK Classico 70, der kleineren version dieses Ofen f\u00fcr den Einsatz in kleineren R\u00e4umen. <a href=\"https:\/\/buitenpizzaovenkopen.nl\/de\/pizza-oven-kopen\/beek-classico-pizza-oven\/\">https:\/\/buitenpizzaovenkopen.nl\/pizza-oven-kopen\/beek-classico-pizza-oven\/<\/a><\/p>\n<p>&nbsp;<\/p>","protected":false},"featured_media":9724,"template":"","meta":{"_monsterinsights_skip_tracking":false,"_monsterinsights_sitenote_active":false,"_monsterinsights_sitenote_note":"","_monsterinsights_sitenote_category":0,"site-sidebar-layout":"default","site-content-layout":"default","ast-site-content-layout":"default","site-content-style":"default","site-sidebar-style":"default","ast-global-header-display":"","ast-banner-title-visibility":"","ast-main-header-display":"","ast-hfb-above-header-display":"","ast-hfb-below-header-display":"","ast-hfb-mobile-header-display":"","site-post-title":"","ast-breadcrumbs-content":"","ast-featured-img":"","footer-sml-layout":"","ast-disable-related-posts":"","theme-transparent-header-meta":"default","adv-header-id-meta":"","stick-header-meta":"","header-above-stick-meta":"","header-main-stick-meta":"","header-below-stick-meta":"","astra-migrate-meta-layouts":"set","ast-page-background-enabled":"default","ast-page-background-meta":{"desktop":{"background-color":"","background-image":"","background-repeat":"repeat","background-position":"center center","background-size":"auto","background-attachment":"scroll","background-type":"","background-media":"","overlay-type":"","overlay-color":"","overlay-opacity":"","overlay-gradient":""},"tablet":{"background-color":"","background-image":"","background-repeat":"repeat","background-position":"center center","background-size":"auto","background-attachment":"scroll","background-type":"","background-media":"","overlay-type":"","overlay-color":"","overlay-opacity":"","overlay-gradient":""},"mobile":{"background-color":"","background-image":"","background-repeat":"repeat","background-position":"center center","background-size":"auto","background-attachment":"scroll","background-type":"","background-media":"","overlay-type":"","overlay-color":"","overlay-opacity":"","overlay-gradient":""}},"ast-content-background-meta":{"desktop":{"background-color":"var(--ast-global-color-5)","background-image":"","background-repeat":"repeat","background-position":"center center","background-size":"auto","background-attachment":"scroll","background-type":"","background-media":"","overlay-type":"","overlay-color":"","overlay-opacity":"","overlay-gradient":""},"tablet":{"background-color":"var(--ast-global-color-5)","background-image":"","background-repeat":"repeat","background-position":"center center","background-size":"auto","background-attachment":"scroll","background-type":"","background-media":"","overlay-type":"","overlay-color":"","overlay-opacity":"","overlay-gradient":""},"mobile":{"background-color":"var(--ast-global-color-5)","background-image":"","background-repeat":"repeat","background-position":"center center","background-size":"auto","background-attachment":"scroll","background-type":"","background-media":"","overlay-type":"","overlay-color":"","overlay-opacity":"","overlay-gradient":""}}},"product_brand":[],"product_cat":[24],"product_tag":[129,135,131,136],"class_list":{"0":"post-9687","1":"product","2":"type-product","3":"status-publish","4":"has-post-thumbnail","6":"product_cat-pizza-ovens","7":"product_tag-beek","8":"product_tag-grande","9":"product_tag-houtgestookt","10":"product_tag-pizza-oven","11":"product_shipping_class-verzendklasse-3","12":"desktop-align-left","13":"tablet-align-left","14":"mobile-align-left","16":"first","17":"instock","18":"sale","19":"featured","20":"taxable","21":"shipping-taxable","22":"purchasable","23":"product-type-variable"},"yoast_head":"<!-- This site is optimized with the Yoast SEO plugin v27.3 - https:\/\/yoast.com\/product\/yoast-seo-wordpress\/ -->\n<title>BEEK Grande pizzaoven - Buitenpizzaovenkopen.nl<\/title>\n<meta name=\"description\" content=\"Ontdek de ruime BEEK Grande Pizzaoven met extra brede bakvloer voor het perfect bakken van maar liefst 4 pizza&#039;s tegelijk. in slechts 90 seconden!\" \/>\n<meta name=\"robots\" content=\"index, follow, max-snippet:-1, max-image-preview:large, max-video-preview:-1\" \/>\n<link rel=\"canonical\" href=\"https:\/\/buitenpizzaovenkopen.nl\/de\/pizza-oven-kopen\/beek-grande-pizza-oven-multifuel-inclusief-demontabele-branderunit\/\" \/>\n<meta property=\"og:locale\" content=\"de_DE\" \/>\n<meta property=\"og:type\" content=\"article\" \/>\n<meta property=\"og:title\" content=\"BEEK Grande pizzaoven - Buitenpizzaovenkopen.nl\" \/>\n<meta property=\"og:description\" content=\"Ontdek de ruime BEEK Grande Pizzaoven met extra brede bakvloer voor het perfect bakken van maar liefst 4 pizza&#039;s tegelijk. in slechts 90 seconden!\" \/>\n<meta property=\"og:url\" content=\"https:\/\/buitenpizzaovenkopen.nl\/de\/pizza-oven-kopen\/beek-grande-pizza-oven-multifuel-inclusief-demontabele-branderunit\/\" \/>\n<meta property=\"og:site_name\" content=\"Buitenpizzaovenkopen.nl\" \/>\n<meta property=\"article:modified_time\" content=\"2026-03-01T20:37:29+00:00\" \/>\n<meta property=\"og:image\" content=\"https:\/\/buitenpizzaovenkopen.nl\/wp-content\/uploads\/2026\/02\/IMG_1515-scaled.jpeg\" \/>\n\t<meta property=\"og:image:width\" content=\"1920\" \/>\n\t<meta property=\"og:image:height\" content=\"2560\" \/>\n\t<meta property=\"og:image:type\" content=\"image\/jpeg\" \/>\n<meta name=\"twitter:card\" content=\"summary_large_image\" \/>\n<meta name=\"twitter:label1\" content=\"Gesch\u00e4tzte Lesezeit\" \/>\n\t<meta name=\"twitter:data1\" content=\"3\u00a0Minuten\" \/>\n<script type=\"application\/ld+json\" class=\"yoast-schema-graph\">{\"@context\":\"https:\\\/\\\/schema.org\",\"@graph\":[{\"@type\":\"WebPage\",\"@id\":\"https:\\\/\\\/buitenpizzaovenkopen.nl\\\/pizza-oven-kopen\\\/beek-grande-pizza-oven-multifuel-inclusief-demontabele-branderunit\\\/\",\"url\":\"https:\\\/\\\/buitenpizzaovenkopen.nl\\\/pizza-oven-kopen\\\/beek-grande-pizza-oven-multifuel-inclusief-demontabele-branderunit\\\/\",\"name\":\"BEEK Grande pizzaoven - Buitenpizzaovenkopen.nl\",\"isPartOf\":{\"@id\":\"https:\\\/\\\/buitenpizzaovenkopen.nl\\\/#website\"},\"primaryImageOfPage\":{\"@id\":\"https:\\\/\\\/buitenpizzaovenkopen.nl\\\/pizza-oven-kopen\\\/beek-grande-pizza-oven-multifuel-inclusief-demontabele-branderunit\\\/#primaryimage\"},\"image\":{\"@id\":\"https:\\\/\\\/buitenpizzaovenkopen.nl\\\/pizza-oven-kopen\\\/beek-grande-pizza-oven-multifuel-inclusief-demontabele-branderunit\\\/#primaryimage\"},\"thumbnailUrl\":\"https:\\\/\\\/buitenpizzaovenkopen.nl\\\/wp-content\\\/uploads\\\/2026\\\/02\\\/IMG_1515-scaled.jpeg\",\"datePublished\":\"2026-02-27T18:00:34+00:00\",\"dateModified\":\"2026-03-01T20:37:29+00:00\",\"description\":\"Ontdek de ruime BEEK Grande Pizzaoven met extra brede bakvloer voor het perfect bakken van maar liefst 4 pizza's tegelijk. in slechts 90 seconden!\",\"breadcrumb\":{\"@id\":\"https:\\\/\\\/buitenpizzaovenkopen.nl\\\/pizza-oven-kopen\\\/beek-grande-pizza-oven-multifuel-inclusief-demontabele-branderunit\\\/#breadcrumb\"},\"inLanguage\":\"de\",\"potentialAction\":[{\"@type\":\"ReadAction\",\"target\":[\"https:\\\/\\\/buitenpizzaovenkopen.nl\\\/pizza-oven-kopen\\\/beek-grande-pizza-oven-multifuel-inclusief-demontabele-branderunit\\\/\"]}]},{\"@type\":\"ImageObject\",\"inLanguage\":\"de\",\"@id\":\"https:\\\/\\\/buitenpizzaovenkopen.nl\\\/pizza-oven-kopen\\\/beek-grande-pizza-oven-multifuel-inclusief-demontabele-branderunit\\\/#primaryimage\",\"url\":\"https:\\\/\\\/buitenpizzaovenkopen.nl\\\/wp-content\\\/uploads\\\/2026\\\/02\\\/IMG_1515-scaled.jpeg\",\"contentUrl\":\"https:\\\/\\\/buitenpizzaovenkopen.nl\\\/wp-content\\\/uploads\\\/2026\\\/02\\\/IMG_1515-scaled.jpeg\",\"width\":1920,\"height\":2560},{\"@type\":\"BreadcrumbList\",\"@id\":\"https:\\\/\\\/buitenpizzaovenkopen.nl\\\/pizza-oven-kopen\\\/beek-grande-pizza-oven-multifuel-inclusief-demontabele-branderunit\\\/#breadcrumb\",\"itemListElement\":[{\"@type\":\"ListItem\",\"position\":1,\"name\":\"Home\",\"item\":\"https:\\\/\\\/buitenpizzaovenkopen.nl\\\/\"},{\"@type\":\"ListItem\",\"position\":2,\"name\":\"Pizza oven kopen\",\"item\":\"https:\\\/\\\/buitenpizzaovenkopen.nl\\\/pizzaoven-kopen\\\/\"},{\"@type\":\"ListItem\",\"position\":3,\"name\":\"BEEK Grande Pizza Oven MULTIFUEL inclusief demontabele Branderunit\"}]},{\"@type\":\"WebSite\",\"@id\":\"https:\\\/\\\/buitenpizzaovenkopen.nl\\\/#website\",\"url\":\"https:\\\/\\\/buitenpizzaovenkopen.nl\\\/\",\"name\":\"Buitenpizzaovenkopen.nl\",\"description\":\"is onderdeel van Casa di Ruscello\",\"publisher\":{\"@id\":\"https:\\\/\\\/buitenpizzaovenkopen.nl\\\/#organization\"},\"potentialAction\":[{\"@type\":\"SearchAction\",\"target\":{\"@type\":\"EntryPoint\",\"urlTemplate\":\"https:\\\/\\\/buitenpizzaovenkopen.nl\\\/?s={search_term_string}\"},\"query-input\":{\"@type\":\"PropertyValueSpecification\",\"valueRequired\":true,\"valueName\":\"search_term_string\"}}],\"inLanguage\":\"de\"},{\"@type\":\"Organization\",\"@id\":\"https:\\\/\\\/buitenpizzaovenkopen.nl\\\/#organization\",\"name\":\"Casa du Ruscello\",\"url\":\"https:\\\/\\\/buitenpizzaovenkopen.nl\\\/\",\"logo\":{\"@type\":\"ImageObject\",\"inLanguage\":\"de\",\"@id\":\"https:\\\/\\\/buitenpizzaovenkopen.nl\\\/#\\\/schema\\\/logo\\\/image\\\/\",\"url\":\"https:\\\/\\\/buitenpizzaovenkopen.nl\\\/wp-content\\\/uploads\\\/2020\\\/02\\\/logo.gif\",\"contentUrl\":\"https:\\\/\\\/buitenpizzaovenkopen.nl\\\/wp-content\\\/uploads\\\/2020\\\/02\\\/logo.gif\",\"width\":300,\"height\":305,\"caption\":\"Casa du Ruscello\"},\"image\":{\"@id\":\"https:\\\/\\\/buitenpizzaovenkopen.nl\\\/#\\\/schema\\\/logo\\\/image\\\/\"}}]}<\/script>\n<!-- \/ Yoast SEO plugin. -->","yoast_head_json":{"title":"BEEK Grande pizza - Ofen- Buitenpizzaovenkopen.nl","description":"Entdecken Sie die ger\u00e4umigen BEEK Grande pizza-Ofen mit extra breiten Backen Boden f\u00fcr das Perfekte Backen von nicht weniger als 4 Pizzen gleichzeitig. in nur 90 Sekunden!","robots":{"index":"index","follow":"follow","max-snippet":"max-snippet:-1","max-image-preview":"max-image-preview:large","max-video-preview":"max-video-preview:-1"},"canonical":"https:\/\/buitenpizzaovenkopen.nl\/de\/pizza-oven-kopen\/beek-grande-pizza-oven-multifuel-inclusief-demontabele-branderunit\/","og_locale":"de_DE","og_type":"article","og_title":"BEEK Grande pizzaoven - Buitenpizzaovenkopen.nl","og_description":"Ontdek de ruime BEEK Grande Pizzaoven met extra brede bakvloer voor het perfect bakken van maar liefst 4 pizza's tegelijk. in slechts 90 seconden!","og_url":"https:\/\/buitenpizzaovenkopen.nl\/de\/pizza-oven-kopen\/beek-grande-pizza-oven-multifuel-inclusief-demontabele-branderunit\/","og_site_name":"Buitenpizzaovenkopen.nl","article_modified_time":"2026-03-01T20:37:29+00:00","og_image":[{"width":1920,"height":2560,"url":"https:\/\/buitenpizzaovenkopen.nl\/wp-content\/uploads\/2026\/02\/IMG_1515-scaled.jpeg","type":"image\/jpeg"}],"twitter_card":"summary_large_image","twitter_misc":{"Gesch\u00e4tzte Lesezeit":"3\u00a0Minuten"},"schema":{"@context":"https:\/\/schema.org","@graph":[{"@type":"WebPage","@id":"https:\/\/buitenpizzaovenkopen.nl\/pizza-oven-kopen\/beek-grande-pizza-oven-multifuel-inclusief-demontabele-branderunit\/","url":"https:\/\/buitenpizzaovenkopen.nl\/pizza-oven-kopen\/beek-grande-pizza-oven-multifuel-inclusief-demontabele-branderunit\/","name":"BEEK Grande pizza - Ofen- Buitenpizzaovenkopen.nl","isPartOf":{"@id":"https:\/\/buitenpizzaovenkopen.nl\/#website"},"primaryImageOfPage":{"@id":"https:\/\/buitenpizzaovenkopen.nl\/pizza-oven-kopen\/beek-grande-pizza-oven-multifuel-inclusief-demontabele-branderunit\/#primaryimage"},"image":{"@id":"https:\/\/buitenpizzaovenkopen.nl\/pizza-oven-kopen\/beek-grande-pizza-oven-multifuel-inclusief-demontabele-branderunit\/#primaryimage"},"thumbnailUrl":"https:\/\/buitenpizzaovenkopen.nl\/wp-content\/uploads\/2026\/02\/IMG_1515-scaled.jpeg","datePublished":"2026-02-27T18:00:34+00:00","dateModified":"2026-03-01T20:37:29+00:00","description":"Entdecken Sie die ger\u00e4umigen BEEK Grande pizza-Ofen mit extra breiten Backen Boden f\u00fcr das Perfekte Backen von nicht weniger als 4 Pizzen gleichzeitig. in nur 90 Sekunden!","breadcrumb":{"@id":"https:\/\/buitenpizzaovenkopen.nl\/pizza-oven-kopen\/beek-grande-pizza-oven-multifuel-inclusief-demontabele-branderunit\/#breadcrumb"},"inLanguage":"de","potentialAction":[{"@type":"ReadAction","target":["https:\/\/buitenpizzaovenkopen.nl\/pizza-oven-kopen\/beek-grande-pizza-oven-multifuel-inclusief-demontabele-branderunit\/"]}]},{"@type":"ImageObject","inLanguage":"de","@id":"https:\/\/buitenpizzaovenkopen.nl\/pizza-oven-kopen\/beek-grande-pizza-oven-multifuel-inclusief-demontabele-branderunit\/#primaryimage","url":"https:\/\/buitenpizzaovenkopen.nl\/wp-content\/uploads\/2026\/02\/IMG_1515-scaled.jpeg","contentUrl":"https:\/\/buitenpizzaovenkopen.nl\/wp-content\/uploads\/2026\/02\/IMG_1515-scaled.jpeg","width":1920,"height":2560},{"@type":"BreadcrumbList","@id":"https:\/\/buitenpizzaovenkopen.nl\/pizza-oven-kopen\/beek-grande-pizza-oven-multifuel-inclusief-demontabele-branderunit\/#breadcrumb","itemListElement":[{"@type":"ListItem","position":1,"name":"Home","item":"https:\/\/buitenpizzaovenkopen.nl\/"},{"@type":"ListItem","position":2,"name":"Pizza oven kopen","item":"https:\/\/buitenpizzaovenkopen.nl\/pizzaoven-kopen\/"},{"@type":"ListItem","position":3,"name":"BEEK Grande Pizza Oven MULTIFUEL inclusief demontabele Branderunit"}]},{"@type":"WebSite","@id":"https:\/\/buitenpizzaovenkopen.nl\/#website","url":"https:\/\/buitenpizzaovenkopen.nl\/","name":"Buitenpizzaovenkopen.nl","description":"ist Teil von Casa Di Ruscello","publisher":{"@id":"https:\/\/buitenpizzaovenkopen.nl\/#organization"},"potentialAction":[{"@type":"SearchAction","target":{"@type":"EntryPoint","urlTemplate":"https:\/\/buitenpizzaovenkopen.nl\/?s={search_term_string}"},"query-input":{"@type":"PropertyValueSpecification","valueRequired":true,"valueName":"search_term_string"}}],"inLanguage":"de"},{"@type":"Organization","@id":"https:\/\/buitenpizzaovenkopen.nl\/#organization","name":"Casa du Ruscello","url":"https:\/\/buitenpizzaovenkopen.nl\/","logo":{"@type":"ImageObject","inLanguage":"de","@id":"https:\/\/buitenpizzaovenkopen.nl\/#\/schema\/logo\/image\/","url":"https:\/\/buitenpizzaovenkopen.nl\/wp-content\/uploads\/2020\/02\/logo.gif","contentUrl":"https:\/\/buitenpizzaovenkopen.nl\/wp-content\/uploads\/2020\/02\/logo.gif","width":300,"height":305,"caption":"Casa du Ruscello"},"image":{"@id":"https:\/\/buitenpizzaovenkopen.nl\/#\/schema\/logo\/image\/"}}]}},"_links":{"self":[{"href":"https:\/\/buitenpizzaovenkopen.nl\/de\/wp-json\/wp\/v2\/product\/9687","targetHints":{"allow":["GET"]}}],"collection":[{"href":"https:\/\/buitenpizzaovenkopen.nl\/de\/wp-json\/wp\/v2\/product"}],"about":[{"href":"https:\/\/buitenpizzaovenkopen.nl\/de\/wp-json\/wp\/v2\/types\/product"}],"wp:featuredmedia":[{"embeddable":true,"href":"https:\/\/buitenpizzaovenkopen.nl\/de\/wp-json\/wp\/v2\/media\/9724"}],"wp:attachment":[{"href":"https:\/\/buitenpizzaovenkopen.nl\/de\/wp-json\/wp\/v2\/media?parent=9687"}],"wp:term":[{"taxonomy":"product_brand","embeddable":true,"href":"https:\/\/buitenpizzaovenkopen.nl\/de\/wp-json\/wp\/v2\/product_brand?post=9687"},{"taxonomy":"product_cat","embeddable":true,"href":"https:\/\/buitenpizzaovenkopen.nl\/de\/wp-json\/wp\/v2\/product_cat?post=9687"},{"taxonomy":"product_tag","embeddable":true,"href":"https:\/\/buitenpizzaovenkopen.nl\/de\/wp-json\/wp\/v2\/product_tag?post=9687"}],"curies":[{"name":"wp","href":"https:\/\/api.w.org\/{rel}","templated":true}]}}