{"id":9337,"date":"2025-09-30T10:54:43","date_gmt":"2025-09-30T08:54:43","guid":{"rendered":"https:\/\/buitenpizzaovenkopen.nl\/?post_type=product&#038;p=9337"},"modified":"2025-09-30T13:57:13","modified_gmt":"2025-09-30T11:57:13","slug":"beek-classico-pizza-oven-inclusief-onderstel-80x80x100cm-en-3-delige-set-tools","status":"publish","type":"product","link":"https:\/\/buitenpizzaovenkopen.nl\/de\/pizza-oven-kopen\/beek-classico-pizza-oven-inclusief-onderstel-80x80x100cm-en-3-delige-set-tools\/","title":{"rendered":"BEEK Classico 70 pizza oven inclusief onderstel 80x80x100cm en 3 delige set tools"},"content":{"rendered":"<p>De BEEK Classico pizza oven is een revolutionaire toevoeging aan elke buitenkeuken. Deze oven is ontworpen om tot 2 pizza&#8217;s tegelijk af te bakken, waardoor het een ideale keuze is voor zowel kleine gezelschappen als grote bijeenkomsten. Met een bakvloer van 600&#215;600 mm en een gewicht van slechts 55 kg combineert deze oven mobiliteit met de robuustheid.<\/p>\n<p>De nieuwste BEEK CLassico 70 heeft een down force air circulatie en<br \/>\nEen regelbare inlaat waardoor de oven prachtig brand met gesloten deur.<br \/>\nIs dus voorzien van alle opties.<\/p>\n<p>Dit model is uitgerust met een onderstel van Cortenstaal dat 100 cm lang is inclusief scheppenhouder en 80 cm breed is, en wordt geleverd met een 3-delige set pizzagereedschappen,f een grote pizzaschep, een werk-\/draaischep en een ovenborstel, die allen bijdragen aan een optimale gebruikerservaring. Het speciale pizzatool houder op het onderstel zorgt voor georganiseerd en gemakkelijk bereikbaar gereedschap tijdens het bakken en koken.<\/p>\n<p>Zonder de scheppenhouder is het bovenblad 80cm x 80cm en 100cm hoog.<\/p>\n<p>De oven is volledig ge\u00efsoleerd met zowel koepel- als vloerisolatie, wat zorgt voor een effici\u00ebnte warmtebeheersing. De extra grote deuropening van 47 cm breed en 23 cm hoog vergemakkelijkt het in- en uitladen van gerechten. Of het nu gaat om pizza&#8217;s, brood, vlees of vis, de BEEK Classico 70 pizza oven kan het allemaal aan, met een maximale temperatuur van 500\u02daC en een opwarmtijd tussen 20 en 30 minuten.<\/p>\n<p>Neben seinen praktischen Eigenschaften betont die Wahl der Materialien die Langlebigkeit und \u00c4sthetik des Ofens. Cortenstahl ist bekannt f\u00fcr seine St\u00e4rke, Abriebfestigkeit und Wetterbest\u00e4ndigkeit, was zu einem Produkt f\u00fchrt, das sowohl funktional als auch optisch ansprechend ist. Die nat\u00fcrliche Rostfarbe des <a href=\"https:\/\/nl.wikipedia.org\/wiki\/Cortenstaal\" target=\"_blank\" rel=\"noopener\">Cortenstahl<\/a> verleiht dem Ofen ein warmes und zeitloses Erscheinungsbild, das perfekt in jede Au\u00dfenumgebung passt.<\/p>\n<p>Bij aanschaf van deze oven krijgt u niet alleen een krachtig kookinstrument, maar ook een duurzame investering die uw culinaire activiteiten naar een hoger niveau tilt. Ontdek de mogelijkheden van de BEEK Classico pizza oven en ervaar de perfectie van houtgestookte gerechten met een authentieke smaak.<\/p>\n<p><strong><br \/>\nWarm-up Zeit:<\/strong> 20 &#8211; 30 minuten<br \/>\nPizza ist fertig in 2 Minuten<br \/>\n<strong>Maximale Temperatur:<\/strong>\u00a0500C<br \/>\n<strong>Kapazit\u00e4t:<\/strong> 2 Pizzen gleichzeitig bis zu 30 Pizzen pro Stunde!<br \/>\n<strong>T\u00fcr\u00f6ffnung extra large:<\/strong> 47 cm breit und 23 cm hoch<br \/>\n<strong>Empfohlen Kraftstoff:<\/strong> das Holz der Birke oder Hartholz wie Eiche, apple, Holz, etc.<br \/>\n<strong>Kochen Abschnitt:<\/strong> 600x600mm<br \/>\n<strong>Enth\u00e4lt:<\/strong> Pizzaofen, T\u00fcr 2mm dick!, Schornstein, Thermometer Marke Cewal (Italienisch), Edelstahl Feuerschutz \/ Feuerbox, gro\u00dfe Pizzaschaufel, Pizza Arbeits-\/Wendeschaufel und Ofenb\u00fcrste.<\/p>\n<p><strong>Material:<\/strong> Cortenstaal, RVS en gepoedercoat staal<br \/>\n<strong>Drain:<\/strong>\u00a0rvs 110mm<br \/>\n<strong>Isolierung:<\/strong> Kuppel und Boden Isolierung<br \/>\n<strong>Garantie:<\/strong> 1 Jahr ab Kaufdatum<br \/>\n<strong>Productafmeting pizzaoven (H x B x D):<\/strong> 1100 x 700 x 750mm<br \/>\n<strong>Produkt-Gr\u00f6\u00dfe pizza-Ofen inklusive Corten steel base (H x w x D):<\/strong> 2100 x 1000 x 800mm<br \/>\nCortenstaal Onderstel 100cm lang bij 80cm breed, ambachtelijk oersterk gemaakt, inclusief speciale pizza tools houder (exclusief afgebeelde houten werkblad)<\/p>\n<h4>Eigenschaften von Cortenstahl:<\/h4>\n<ul>\n<li>Sehr stark, verschlei\u00dffest und daher sehr langlebig.<\/li>\n<li>Sauberes und zeitloses Design.<\/li>\n<li>Wetterbest\u00e4ndiges und langlebiges Material.<\/li>\n<li>Warmes und nat\u00fcrliches Aussehen.<\/li>\n<li>Geringer Wartungsaufwand.<\/li>\n<\/ul>\n<p>Nehmen Sie gerne unverbindlich <a href=\"https:\/\/buitenpizzaovenkopen.nl\/de\/contact-buitenpizzaovenkopen\/\">Kontakt<\/a> mit uns auf!<\/p>\n<p>&nbsp;<\/p>","protected":false},"excerpt":{"rendered":"<p>Der Beek Classico Pizzaofen ist wirklich ein hervorragender Ofen, der dem ernsthaften Pizza-Liebhaber die M\u00f6glichkeit bietet, in nur 90 Sekunden k\u00f6stliche Steinofenpizzen zu backen und dennoch vollst\u00e4ndig tragbar zu sein! Der Ofen hat eine gro\u00dfe interne Oberfl\u00e4che von 600 mm x 600 mm.<\/p>","protected":false},"featured_media":9351,"template":"","meta":{"_monsterinsights_skip_tracking":false,"_monsterinsights_sitenote_active":false,"_monsterinsights_sitenote_note":"","_monsterinsights_sitenote_category":0,"site-sidebar-layout":"default","site-content-layout":"default","ast-site-content-layout":"default","site-content-style":"default","site-sidebar-style":"default","ast-global-header-display":"","ast-banner-title-visibility":"","ast-main-header-display":"","ast-hfb-above-header-display":"","ast-hfb-below-header-display":"","ast-hfb-mobile-header-display":"","site-post-title":"","ast-breadcrumbs-content":"","ast-featured-img":"","footer-sml-layout":"","ast-disable-related-posts":"","theme-transparent-header-meta":"default","adv-header-id-meta":"","stick-header-meta":"","header-above-stick-meta":"","header-main-stick-meta":"","header-below-stick-meta":"","astra-migrate-meta-layouts":"set","ast-page-background-enabled":"default","ast-page-background-meta":{"desktop":{"background-color":"","background-image":"","background-repeat":"repeat","background-position":"center center","background-size":"auto","background-attachment":"scroll","background-type":"","background-media":"","overlay-type":"","overlay-color":"","overlay-opacity":"","overlay-gradient":""},"tablet":{"background-color":"","background-image":"","background-repeat":"repeat","background-position":"center center","background-size":"auto","background-attachment":"scroll","background-type":"","background-media":"","overlay-type":"","overlay-color":"","overlay-opacity":"","overlay-gradient":""},"mobile":{"background-color":"","background-image":"","background-repeat":"repeat","background-position":"center center","background-size":"auto","background-attachment":"scroll","background-type":"","background-media":"","overlay-type":"","overlay-color":"","overlay-opacity":"","overlay-gradient":""}},"ast-content-background-meta":{"desktop":{"background-color":"var(--ast-global-color-5)","background-image":"","background-repeat":"repeat","background-position":"center center","background-size":"auto","background-attachment":"scroll","background-type":"","background-media":"","overlay-type":"","overlay-color":"","overlay-opacity":"","overlay-gradient":""},"tablet":{"background-color":"var(--ast-global-color-5)","background-image":"","background-repeat":"repeat","background-position":"center center","background-size":"auto","background-attachment":"scroll","background-type":"","background-media":"","overlay-type":"","overlay-color":"","overlay-opacity":"","overlay-gradient":""},"mobile":{"background-color":"var(--ast-global-color-5)","background-image":"","background-repeat":"repeat","background-position":"center center","background-size":"auto","background-attachment":"scroll","background-type":"","background-media":"","overlay-type":"","overlay-color":"","overlay-opacity":"","overlay-gradient":""}}},"product_brand":[],"product_cat":[24],"product_tag":[],"class_list":{"0":"post-9337","1":"product","2":"type-product","3":"status-publish","4":"has-post-thumbnail","6":"product_cat-pizza-ovens","7":"product_shipping_class-verzendklasse-3","8":"desktop-align-left","9":"tablet-align-left","10":"mobile-align-left","12":"first","13":"instock","14":"sale","15":"featured","16":"taxable","17":"shipping-taxable","18":"purchasable","19":"product-type-simple"},"yoast_head":"<!-- This site is optimized with the Yoast SEO plugin v27.4 - https:\/\/yoast.com\/product\/yoast-seo-wordpress\/ -->\n<title>BEEK Classico 70 pizza oven inclusief onderstel 80x80x100cm en 3 delige set tools -<\/title>\n<meta name=\"description\" content=\"BEEK CLassico 70 pizza oven met onderstel die de pizzaliefhebber de mogelijkheid biedt om in 90 seconden heerlijke pizza&#039;s te bakken.\" \/>\n<meta name=\"robots\" content=\"index, follow, max-snippet:-1, max-image-preview:large, max-video-preview:-1\" \/>\n<link rel=\"canonical\" href=\"https:\/\/buitenpizzaovenkopen.nl\/de\/pizza-oven-kopen\/beek-classico-pizza-oven-inclusief-onderstel-80x80x100cm-en-3-delige-set-tools\/\" \/>\n<meta property=\"og:locale\" content=\"de_DE\" \/>\n<meta property=\"og:type\" content=\"article\" \/>\n<meta property=\"og:title\" content=\"BEEK Classico 70 pizza oven inclusief onderstel 80x80x100cm en 3 delige set tools -\" \/>\n<meta property=\"og:description\" content=\"BEEK CLassico 70 pizza oven met onderstel die de pizzaliefhebber de mogelijkheid biedt om in 90 seconden heerlijke pizza&#039;s te bakken.\" \/>\n<meta property=\"og:url\" content=\"https:\/\/buitenpizzaovenkopen.nl\/de\/pizza-oven-kopen\/beek-classico-pizza-oven-inclusief-onderstel-80x80x100cm-en-3-delige-set-tools\/\" \/>\n<meta property=\"og:site_name\" content=\"Buitenpizzaovenkopen.nl\" \/>\n<meta property=\"article:modified_time\" content=\"2025-09-30T11:57:13+00:00\" \/>\n<meta property=\"og:image\" content=\"https:\/\/buitenpizzaovenkopen.nl\/wp-content\/uploads\/2025\/09\/IMG_0547.jpeg\" \/>\n\t<meta property=\"og:image:width\" content=\"1600\" \/>\n\t<meta property=\"og:image:height\" content=\"1200\" \/>\n\t<meta property=\"og:image:type\" content=\"image\/jpeg\" \/>\n<meta name=\"twitter:card\" content=\"summary_large_image\" \/>\n<meta name=\"twitter:label1\" content=\"Gesch\u00e4tzte Lesezeit\" \/>\n\t<meta name=\"twitter:data1\" content=\"3\u00a0Minuten\" \/>\n<script type=\"application\/ld+json\" class=\"yoast-schema-graph\">{\"@context\":\"https:\\\/\\\/schema.org\",\"@graph\":[{\"@type\":\"WebPage\",\"@id\":\"https:\\\/\\\/buitenpizzaovenkopen.nl\\\/pizza-oven-kopen\\\/beek-classico-pizza-oven-inclusief-onderstel-80x80x100cm-en-3-delige-set-tools\\\/\",\"url\":\"https:\\\/\\\/buitenpizzaovenkopen.nl\\\/pizza-oven-kopen\\\/beek-classico-pizza-oven-inclusief-onderstel-80x80x100cm-en-3-delige-set-tools\\\/\",\"name\":\"BEEK Classico 70 pizza oven inclusief onderstel 80x80x100cm en 3 delige set tools -\",\"isPartOf\":{\"@id\":\"https:\\\/\\\/buitenpizzaovenkopen.nl\\\/#website\"},\"primaryImageOfPage\":{\"@id\":\"https:\\\/\\\/buitenpizzaovenkopen.nl\\\/pizza-oven-kopen\\\/beek-classico-pizza-oven-inclusief-onderstel-80x80x100cm-en-3-delige-set-tools\\\/#primaryimage\"},\"image\":{\"@id\":\"https:\\\/\\\/buitenpizzaovenkopen.nl\\\/pizza-oven-kopen\\\/beek-classico-pizza-oven-inclusief-onderstel-80x80x100cm-en-3-delige-set-tools\\\/#primaryimage\"},\"thumbnailUrl\":\"https:\\\/\\\/buitenpizzaovenkopen.nl\\\/wp-content\\\/uploads\\\/2025\\\/09\\\/IMG_0547.jpeg\",\"datePublished\":\"2025-09-30T08:54:43+00:00\",\"dateModified\":\"2025-09-30T11:57:13+00:00\",\"description\":\"BEEK CLassico 70 pizza oven met onderstel die de pizzaliefhebber de mogelijkheid biedt om in 90 seconden heerlijke pizza's te bakken.\",\"breadcrumb\":{\"@id\":\"https:\\\/\\\/buitenpizzaovenkopen.nl\\\/pizza-oven-kopen\\\/beek-classico-pizza-oven-inclusief-onderstel-80x80x100cm-en-3-delige-set-tools\\\/#breadcrumb\"},\"inLanguage\":\"de\",\"potentialAction\":[{\"@type\":\"ReadAction\",\"target\":[\"https:\\\/\\\/buitenpizzaovenkopen.nl\\\/pizza-oven-kopen\\\/beek-classico-pizza-oven-inclusief-onderstel-80x80x100cm-en-3-delige-set-tools\\\/\"]}]},{\"@type\":\"ImageObject\",\"inLanguage\":\"de\",\"@id\":\"https:\\\/\\\/buitenpizzaovenkopen.nl\\\/pizza-oven-kopen\\\/beek-classico-pizza-oven-inclusief-onderstel-80x80x100cm-en-3-delige-set-tools\\\/#primaryimage\",\"url\":\"https:\\\/\\\/buitenpizzaovenkopen.nl\\\/wp-content\\\/uploads\\\/2025\\\/09\\\/IMG_0547.jpeg\",\"contentUrl\":\"https:\\\/\\\/buitenpizzaovenkopen.nl\\\/wp-content\\\/uploads\\\/2025\\\/09\\\/IMG_0547.jpeg\",\"width\":1600,\"height\":1200},{\"@type\":\"BreadcrumbList\",\"@id\":\"https:\\\/\\\/buitenpizzaovenkopen.nl\\\/pizza-oven-kopen\\\/beek-classico-pizza-oven-inclusief-onderstel-80x80x100cm-en-3-delige-set-tools\\\/#breadcrumb\",\"itemListElement\":[{\"@type\":\"ListItem\",\"position\":1,\"name\":\"Home\",\"item\":\"https:\\\/\\\/buitenpizzaovenkopen.nl\\\/\"},{\"@type\":\"ListItem\",\"position\":2,\"name\":\"Pizza oven kopen\",\"item\":\"https:\\\/\\\/buitenpizzaovenkopen.nl\\\/pizzaoven-kopen\\\/\"},{\"@type\":\"ListItem\",\"position\":3,\"name\":\"BEEK Classico 70 pizza oven inclusief onderstel 80x80x100cm en 3 delige set tools\"}]},{\"@type\":\"WebSite\",\"@id\":\"https:\\\/\\\/buitenpizzaovenkopen.nl\\\/#website\",\"url\":\"https:\\\/\\\/buitenpizzaovenkopen.nl\\\/\",\"name\":\"Buitenpizzaovenkopen.nl\",\"description\":\"is onderdeel van Casa di Ruscello\",\"publisher\":{\"@id\":\"https:\\\/\\\/buitenpizzaovenkopen.nl\\\/#organization\"},\"potentialAction\":[{\"@type\":\"SearchAction\",\"target\":{\"@type\":\"EntryPoint\",\"urlTemplate\":\"https:\\\/\\\/buitenpizzaovenkopen.nl\\\/?s={search_term_string}\"},\"query-input\":{\"@type\":\"PropertyValueSpecification\",\"valueRequired\":true,\"valueName\":\"search_term_string\"}}],\"inLanguage\":\"de\"},{\"@type\":\"Organization\",\"@id\":\"https:\\\/\\\/buitenpizzaovenkopen.nl\\\/#organization\",\"name\":\"Casa du Ruscello\",\"url\":\"https:\\\/\\\/buitenpizzaovenkopen.nl\\\/\",\"logo\":{\"@type\":\"ImageObject\",\"inLanguage\":\"de\",\"@id\":\"https:\\\/\\\/buitenpizzaovenkopen.nl\\\/#\\\/schema\\\/logo\\\/image\\\/\",\"url\":\"https:\\\/\\\/buitenpizzaovenkopen.nl\\\/wp-content\\\/uploads\\\/2020\\\/02\\\/logo.gif\",\"contentUrl\":\"https:\\\/\\\/buitenpizzaovenkopen.nl\\\/wp-content\\\/uploads\\\/2020\\\/02\\\/logo.gif\",\"width\":300,\"height\":305,\"caption\":\"Casa du Ruscello\"},\"image\":{\"@id\":\"https:\\\/\\\/buitenpizzaovenkopen.nl\\\/#\\\/schema\\\/logo\\\/image\\\/\"}}]}<\/script>\n<!-- \/ Yoast SEO plugin. -->","yoast_head_json":{"title":"BEEK Classico 70 pizza oven inclusief onderstel 80x80x100cm en 3 delige set tools -","description":"BEEK CLassico 70 pizza oven met onderstel die de pizzaliefhebber de mogelijkheid biedt om in 90 seconden heerlijke pizza's te bakken.","robots":{"index":"index","follow":"follow","max-snippet":"max-snippet:-1","max-image-preview":"max-image-preview:large","max-video-preview":"max-video-preview:-1"},"canonical":"https:\/\/buitenpizzaovenkopen.nl\/de\/pizza-oven-kopen\/beek-classico-pizza-oven-inclusief-onderstel-80x80x100cm-en-3-delige-set-tools\/","og_locale":"de_DE","og_type":"article","og_title":"BEEK Classico 70 pizza oven inclusief onderstel 80x80x100cm en 3 delige set tools -","og_description":"BEEK CLassico 70 pizza oven met onderstel die de pizzaliefhebber de mogelijkheid biedt om in 90 seconden heerlijke pizza's te bakken.","og_url":"https:\/\/buitenpizzaovenkopen.nl\/de\/pizza-oven-kopen\/beek-classico-pizza-oven-inclusief-onderstel-80x80x100cm-en-3-delige-set-tools\/","og_site_name":"Buitenpizzaovenkopen.nl","article_modified_time":"2025-09-30T11:57:13+00:00","og_image":[{"width":1600,"height":1200,"url":"https:\/\/buitenpizzaovenkopen.nl\/wp-content\/uploads\/2025\/09\/IMG_0547.jpeg","type":"image\/jpeg"}],"twitter_card":"summary_large_image","twitter_misc":{"Gesch\u00e4tzte Lesezeit":"3\u00a0Minuten"},"schema":{"@context":"https:\/\/schema.org","@graph":[{"@type":"WebPage","@id":"https:\/\/buitenpizzaovenkopen.nl\/pizza-oven-kopen\/beek-classico-pizza-oven-inclusief-onderstel-80x80x100cm-en-3-delige-set-tools\/","url":"https:\/\/buitenpizzaovenkopen.nl\/pizza-oven-kopen\/beek-classico-pizza-oven-inclusief-onderstel-80x80x100cm-en-3-delige-set-tools\/","name":"BEEK Classico 70 pizza oven inclusief onderstel 80x80x100cm en 3 delige set tools -","isPartOf":{"@id":"https:\/\/buitenpizzaovenkopen.nl\/#website"},"primaryImageOfPage":{"@id":"https:\/\/buitenpizzaovenkopen.nl\/pizza-oven-kopen\/beek-classico-pizza-oven-inclusief-onderstel-80x80x100cm-en-3-delige-set-tools\/#primaryimage"},"image":{"@id":"https:\/\/buitenpizzaovenkopen.nl\/pizza-oven-kopen\/beek-classico-pizza-oven-inclusief-onderstel-80x80x100cm-en-3-delige-set-tools\/#primaryimage"},"thumbnailUrl":"https:\/\/buitenpizzaovenkopen.nl\/wp-content\/uploads\/2025\/09\/IMG_0547.jpeg","datePublished":"2025-09-30T08:54:43+00:00","dateModified":"2025-09-30T11:57:13+00:00","description":"BEEK CLassico 70 pizza oven met onderstel die de pizzaliefhebber de mogelijkheid biedt om in 90 seconden heerlijke pizza's te bakken.","breadcrumb":{"@id":"https:\/\/buitenpizzaovenkopen.nl\/pizza-oven-kopen\/beek-classico-pizza-oven-inclusief-onderstel-80x80x100cm-en-3-delige-set-tools\/#breadcrumb"},"inLanguage":"de","potentialAction":[{"@type":"ReadAction","target":["https:\/\/buitenpizzaovenkopen.nl\/pizza-oven-kopen\/beek-classico-pizza-oven-inclusief-onderstel-80x80x100cm-en-3-delige-set-tools\/"]}]},{"@type":"ImageObject","inLanguage":"de","@id":"https:\/\/buitenpizzaovenkopen.nl\/pizza-oven-kopen\/beek-classico-pizza-oven-inclusief-onderstel-80x80x100cm-en-3-delige-set-tools\/#primaryimage","url":"https:\/\/buitenpizzaovenkopen.nl\/wp-content\/uploads\/2025\/09\/IMG_0547.jpeg","contentUrl":"https:\/\/buitenpizzaovenkopen.nl\/wp-content\/uploads\/2025\/09\/IMG_0547.jpeg","width":1600,"height":1200},{"@type":"BreadcrumbList","@id":"https:\/\/buitenpizzaovenkopen.nl\/pizza-oven-kopen\/beek-classico-pizza-oven-inclusief-onderstel-80x80x100cm-en-3-delige-set-tools\/#breadcrumb","itemListElement":[{"@type":"ListItem","position":1,"name":"Home","item":"https:\/\/buitenpizzaovenkopen.nl\/"},{"@type":"ListItem","position":2,"name":"Pizza oven kopen","item":"https:\/\/buitenpizzaovenkopen.nl\/pizzaoven-kopen\/"},{"@type":"ListItem","position":3,"name":"BEEK Classico 70 pizza oven inclusief onderstel 80x80x100cm en 3 delige set tools"}]},{"@type":"WebSite","@id":"https:\/\/buitenpizzaovenkopen.nl\/#website","url":"https:\/\/buitenpizzaovenkopen.nl\/","name":"Buitenpizzaovenkopen.nl","description":"ist Teil von Casa Di Ruscello","publisher":{"@id":"https:\/\/buitenpizzaovenkopen.nl\/#organization"},"potentialAction":[{"@type":"SearchAction","target":{"@type":"EntryPoint","urlTemplate":"https:\/\/buitenpizzaovenkopen.nl\/?s={search_term_string}"},"query-input":{"@type":"PropertyValueSpecification","valueRequired":true,"valueName":"search_term_string"}}],"inLanguage":"de"},{"@type":"Organization","@id":"https:\/\/buitenpizzaovenkopen.nl\/#organization","name":"Casa du Ruscello","url":"https:\/\/buitenpizzaovenkopen.nl\/","logo":{"@type":"ImageObject","inLanguage":"de","@id":"https:\/\/buitenpizzaovenkopen.nl\/#\/schema\/logo\/image\/","url":"https:\/\/buitenpizzaovenkopen.nl\/wp-content\/uploads\/2020\/02\/logo.gif","contentUrl":"https:\/\/buitenpizzaovenkopen.nl\/wp-content\/uploads\/2020\/02\/logo.gif","width":300,"height":305,"caption":"Casa du Ruscello"},"image":{"@id":"https:\/\/buitenpizzaovenkopen.nl\/#\/schema\/logo\/image\/"}}]}},"_links":{"self":[{"href":"https:\/\/buitenpizzaovenkopen.nl\/de\/wp-json\/wp\/v2\/product\/9337","targetHints":{"allow":["GET"]}}],"collection":[{"href":"https:\/\/buitenpizzaovenkopen.nl\/de\/wp-json\/wp\/v2\/product"}],"about":[{"href":"https:\/\/buitenpizzaovenkopen.nl\/de\/wp-json\/wp\/v2\/types\/product"}],"wp:featuredmedia":[{"embeddable":true,"href":"https:\/\/buitenpizzaovenkopen.nl\/de\/wp-json\/wp\/v2\/media\/9351"}],"wp:attachment":[{"href":"https:\/\/buitenpizzaovenkopen.nl\/de\/wp-json\/wp\/v2\/media?parent=9337"}],"wp:term":[{"taxonomy":"product_brand","embeddable":true,"href":"https:\/\/buitenpizzaovenkopen.nl\/de\/wp-json\/wp\/v2\/product_brand?post=9337"},{"taxonomy":"product_cat","embeddable":true,"href":"https:\/\/buitenpizzaovenkopen.nl\/de\/wp-json\/wp\/v2\/product_cat?post=9337"},{"taxonomy":"product_tag","embeddable":true,"href":"https:\/\/buitenpizzaovenkopen.nl\/de\/wp-json\/wp\/v2\/product_tag?post=9337"}],"curies":[{"name":"wp","href":"https:\/\/api.w.org\/{rel}","templated":true}]}}