{"id":9213,"date":"2025-08-02T10:21:38","date_gmt":"2025-08-02T08:21:38","guid":{"rendered":"https:\/\/buitenpizzaovenkopen.nl\/?post_type=product&#038;p=9213"},"modified":"2025-12-01T16:31:12","modified_gmt":"2025-12-01T15:31:12","slug":"beek-grande-pizza-oven-groen-extra-brede-bakvloer","status":"publish","type":"product","link":"https:\/\/buitenpizzaovenkopen.nl\/de\/pizza-oven-kopen\/beek-grande-pizza-oven-groen-extra-brede-bakvloer\/","title":{"rendered":"BEEK Grande Pizza Oven Groen &#8211; Extra Brede Bakvloer"},"content":{"rendered":"<p><strong>BEEK Grande Pizzaoven met Extra Brede Bakvloer in prachtig Groen<\/strong><!--more--><\/p>\n<p>Der Beek Grande pizza-Ofen mit extra breiten Backen Boden ist ein mittelst\u00e4ndisches Backofen Backen k\u00f6nnen bis zu 4 Pizzen gleichzeitig. Der Ofen hat einen extra breiten Backen Boden 800 mm breit und 600 mm tief. Es wiegt etwa 85 kg, was macht diesen Ofen noch unglaublich Mobil.<\/p>\n<p>De nieuwste BEEK GRANDE heeft een down force air circulatie en<br \/>\nEen regelbare inlaat waardoor de oven prachtig brand met gesloten deur.<br \/>\nIs dus voorzien van alle opties.<br \/>\nMit diesem tollen Ofen k\u00f6nnen Sie Backen leckere Pizza f\u00fcr Ihre Familie oder Freunde, aber auch geeignet f\u00fcr gro\u00dfe Familien, gr\u00f6\u00dfere Gruppen, catering und food truck.<\/p>\n<p>Der BEEK Grande Pizza Ofen ist vollst\u00e4ndig isoliert und verf\u00fcgt \u00fcber eine extra Breite Eingangst\u00fcr und eine sch\u00f6ne H\u00f6he, so dass Sie Backen, die super Pizzen, aber auch Kochen wie Fleisch, Fisch, Brot, etc.<br \/>\nEs ist ein all-rounder!<br \/>\nEs hat auch einen abnehmbaren Schornstein, eine gebaut-in Cewal thermometer aus Italien und eleganten Schamotte-Bodenbelag. Der Ofen brennt das Holz und erzielt die beste W\u00e4rme mit getrockneten Holz, Birke, Esche, Buche, Eiche oder Obst Baum Holz.<br \/>\nF\u00fcr mehr Informationen auf das beste Holz f\u00fcr einen pizza-Ofen, klicken Sie auf diese <a href=\"https:\/\/www.italieplein.nl\/hout-voor-pizzaoven\/\" target=\"_blank\" rel=\"noopener\">link<\/a>.<\/p>\n<p>Kommt standard mit italienischer pizza Schaufel aus der Falci-Marke, damit k\u00f6nnen Sie sofort anfangen zu Backen der leckersten Pizzen<\/p>\n<p><strong style=\"font-size: 16px\">Technische Daten:<\/strong><\/p>\n<p>Warm-up Zeit:<span style=\"font-size: 16px\"> 15-40 Minuten<br \/>\n<\/span><strong>Maximale Temperatur:<\/strong> Bis zu 500C<br \/>\n<strong>- Kochen-Geschwindigkeit:<\/strong> 90 Sekunden<br \/>\n<strong>Kapazit\u00e4t:<\/strong> Bis zu 4 Pizzen oder andere Gerichte.<br \/>\n<strong>Empfohlen Kraftstoff:<\/strong> Birke \/ Esche und \/ oder Harth\u00f6lzer wie Buche, Eiche, Apfel, Holz etc.<br \/>\n<strong>Kochen Abschnitt:<\/strong> 800x600mm-extra Breite Backen Boden<br \/>\n<b>\u00c4u\u00dfere dimension<\/b>: 92cm breit und 79 cm tief<br \/>\n<strong>Enth\u00e4lt:<\/strong> Pizza-Ofen, Edelstahl T\u00fcr 2mm dick!, schoorsteen, thermometer merk Cewal (Italiaans), RVS vuurscherm\/ firebox, pizzaschep merk Falci<br \/>\n<strong>Drain:<\/strong> 150mm<br \/>\n<strong>Garantie:<\/strong> 1 Jahr ab Kaufdatum<br \/>\n<strong>Farbe:<\/strong> Groen, tevens leverbaar in de kleur Mat Zwart (RAL 9005) en Mat Rood (RAL 3020), andere kleuren mogelijk tegen meerprijs op aanvraag na telefonisch contact.<\/p>\n<p>Dieser Backofen ist nicht nur ideal f\u00fcr den Einsatz Zuhause, sondern auch perfekt geeignet f\u00fcr gr\u00f6\u00dfere Gruppen, Gastronomie und food-trucks durch die vollst\u00e4ndige Isolierung und ger\u00e4umigen Eingang T\u00fcr f\u00fcr einfache Bedienung. Die abnehmbaren Schornstein und Vielseitigkeit in der Brennstoff-Wahl, die machen es geeignet f\u00fcr eine Breite Palette von K\u00fcche, von Pizza bis hin zu Fleischgerichten und mehr.<\/p>\n<p>Werfen Sie auch einen Blick auf die BEEK Classico 70, der kleineren version dieses Ofen f\u00fcr den Einsatz in kleineren R\u00e4umen. <a href=\"https:\/\/buitenpizzaovenkopen.nl\/de\/pizza-oven-kopen\/beek-classico-pizza-oven\/\">https:\/\/buitenpizzaovenkopen.nl\/pizza-oven-kopen\/beek-classico-pizza-oven\/<\/a><\/p>","protected":false},"excerpt":{"rendered":"<p><strong>BEEK Grande Pizza-Ofen mit Extra breiten Backen Boden<\/strong><\/p>\n<p>Der BEEK Classico-pizza-Ofen ist ein Holzofen, in dem bis zu 2 Pizzen gebacken werden kann zur gleichen Zeit. Der Ofen hat eine zu Backen Boden 800 mm breit und 600 mm tief. Es wiegt etwa 55 kg, was macht diesen Ofen noch unglaublich Mobil.<br \/>\nMit diesem tollen Ofen k\u00f6nnen Sie Backen leckere Pizza f\u00fcr Ihre Familie oder Freunde, aber auch geeignet f\u00fcr gro\u00dfe Familien, gr\u00f6\u00dfere Gruppen, catering und food truck.<\/p>\n<p>Der Grande ist vollst\u00e4ndig isoliert und verf\u00fcgt \u00fcber eine extra Breite Eingangst\u00fcr und eine sch\u00f6ne H\u00f6he, so dass Sie Backen, die super Pizzen, aber auch Kochen wie Fleisch, Fisch, Brot, etc.<br \/>\nEs ist ein all-rounder!<br \/>\nEs hat auch einen abnehmbaren Schornstein, eine gebaut-in Cewal thermometer aus Italien und eleganten Schamotte-Bodenbelag. Der Ofen brennt das Holz und erzielt die beste W\u00e4rme mit getrockneten Holz, Birke, Esche, Buche, Eiche oder Obst Baum Holz.<br \/>\nF\u00fcr mehr Informationen auf das beste Holz f\u00fcr einen pizza-Ofen, klicken Sie auf diese <a href=\"https:\/\/www.italieplein.nl\/hout-voor-pizzaoven\/\" target=\"_blank\" rel=\"noopener\">link<\/a>.<\/p>\n<p>Kommt standard mit italienischer pizza Schaufel aus der Falci-Marke, damit k\u00f6nnen Sie sofort anfangen zu Backen der leckersten Pizzen<\/p>\n<p>Werfen Sie auch einen Blick auf die BEEK Classico 70, der kleineren version dieses Ofen f\u00fcr den Einsatz in kleineren R\u00e4umen. <a href=\"https:\/\/buitenpizzaovenkopen.nl\/de\/pizza-oven-kopen\/beek-classico-pizza-oven\/\">https:\/\/buitenpizzaovenkopen.nl\/pizza-oven-kopen\/beek-classico-pizza-oven\/<\/a><\/p>\n<p>&nbsp;<\/p>","protected":false},"featured_media":9520,"template":"","meta":{"_monsterinsights_skip_tracking":false,"_monsterinsights_sitenote_active":false,"_monsterinsights_sitenote_note":"","_monsterinsights_sitenote_category":0,"site-sidebar-layout":"default","site-content-layout":"default","ast-site-content-layout":"default","site-content-style":"default","site-sidebar-style":"default","ast-global-header-display":"","ast-banner-title-visibility":"","ast-main-header-display":"","ast-hfb-above-header-display":"","ast-hfb-below-header-display":"","ast-hfb-mobile-header-display":"","site-post-title":"","ast-breadcrumbs-content":"","ast-featured-img":"","footer-sml-layout":"","ast-disable-related-posts":"","theme-transparent-header-meta":"default","adv-header-id-meta":"","stick-header-meta":"","header-above-stick-meta":"","header-main-stick-meta":"","header-below-stick-meta":"","astra-migrate-meta-layouts":"set","ast-page-background-enabled":"default","ast-page-background-meta":{"desktop":{"background-color":"","background-image":"","background-repeat":"repeat","background-position":"center center","background-size":"auto","background-attachment":"scroll","background-type":"","background-media":"","overlay-type":"","overlay-color":"","overlay-opacity":"","overlay-gradient":""},"tablet":{"background-color":"","background-image":"","background-repeat":"repeat","background-position":"center center","background-size":"auto","background-attachment":"scroll","background-type":"","background-media":"","overlay-type":"","overlay-color":"","overlay-opacity":"","overlay-gradient":""},"mobile":{"background-color":"","background-image":"","background-repeat":"repeat","background-position":"center center","background-size":"auto","background-attachment":"scroll","background-type":"","background-media":"","overlay-type":"","overlay-color":"","overlay-opacity":"","overlay-gradient":""}},"ast-content-background-meta":{"desktop":{"background-color":"var(--ast-global-color-5)","background-image":"","background-repeat":"repeat","background-position":"center center","background-size":"auto","background-attachment":"scroll","background-type":"","background-media":"","overlay-type":"","overlay-color":"","overlay-opacity":"","overlay-gradient":""},"tablet":{"background-color":"var(--ast-global-color-5)","background-image":"","background-repeat":"repeat","background-position":"center center","background-size":"auto","background-attachment":"scroll","background-type":"","background-media":"","overlay-type":"","overlay-color":"","overlay-opacity":"","overlay-gradient":""},"mobile":{"background-color":"var(--ast-global-color-5)","background-image":"","background-repeat":"repeat","background-position":"center center","background-size":"auto","background-attachment":"scroll","background-type":"","background-media":"","overlay-type":"","overlay-color":"","overlay-opacity":"","overlay-gradient":""}}},"product_brand":[],"product_cat":[24],"product_tag":[129,135,131,136],"class_list":{"0":"post-9213","1":"product","2":"type-product","3":"status-publish","4":"has-post-thumbnail","6":"product_cat-pizza-ovens","7":"product_tag-beek","8":"product_tag-grande","9":"product_tag-houtgestookt","10":"product_tag-pizza-oven","11":"product_shipping_class-verzendklasse-3","12":"desktop-align-left","13":"tablet-align-left","14":"mobile-align-left","16":"first","17":"instock","18":"sale","19":"featured","20":"taxable","21":"shipping-taxable","22":"purchasable","23":"product-type-simple"},"yoast_head":"<!-- This site is optimized with the Yoast SEO plugin v27.4 - https:\/\/yoast.com\/product\/yoast-seo-wordpress\/ -->\n<title>BEEK Grande pizzaoven - Buitenpizzaovenkopen.nl<\/title>\n<meta name=\"description\" content=\"Ontdek de ruime BEEK Grande Pizzaoven met extra brede bakvloer voor het perfect bakken van maar liefst 4 pizza&#039;s tegelijk. in slechts 90 seconden!\" \/>\n<meta name=\"robots\" content=\"index, follow, max-snippet:-1, max-image-preview:large, max-video-preview:-1\" \/>\n<link rel=\"canonical\" href=\"https:\/\/buitenpizzaovenkopen.nl\/de\/pizza-oven-kopen\/beek-grande-pizza-oven-groen-extra-brede-bakvloer\/\" \/>\n<meta property=\"og:locale\" content=\"de_DE\" \/>\n<meta property=\"og:type\" content=\"article\" \/>\n<meta property=\"og:title\" content=\"BEEK Grande pizzaoven - Buitenpizzaovenkopen.nl\" \/>\n<meta property=\"og:description\" content=\"Ontdek de ruime BEEK Grande Pizzaoven met extra brede bakvloer voor het perfect bakken van maar liefst 4 pizza&#039;s tegelijk. in slechts 90 seconden!\" \/>\n<meta property=\"og:url\" content=\"https:\/\/buitenpizzaovenkopen.nl\/de\/pizza-oven-kopen\/beek-grande-pizza-oven-groen-extra-brede-bakvloer\/\" \/>\n<meta property=\"og:site_name\" content=\"Buitenpizzaovenkopen.nl\" \/>\n<meta property=\"article:modified_time\" content=\"2025-12-01T15:31:12+00:00\" \/>\n<meta property=\"og:image\" content=\"https:\/\/buitenpizzaovenkopen.nl\/wp-content\/uploads\/2025\/08\/IMG_0994-scaled.jpeg\" \/>\n\t<meta property=\"og:image:width\" content=\"1920\" \/>\n\t<meta property=\"og:image:height\" content=\"2560\" \/>\n\t<meta property=\"og:image:type\" content=\"image\/jpeg\" \/>\n<meta name=\"twitter:card\" content=\"summary_large_image\" \/>\n<meta name=\"twitter:label1\" content=\"Gesch\u00e4tzte Lesezeit\" \/>\n\t<meta name=\"twitter:data1\" content=\"3\u00a0Minuten\" \/>\n<script type=\"application\/ld+json\" class=\"yoast-schema-graph\">{\"@context\":\"https:\\\/\\\/schema.org\",\"@graph\":[{\"@type\":\"WebPage\",\"@id\":\"https:\\\/\\\/buitenpizzaovenkopen.nl\\\/pizza-oven-kopen\\\/beek-grande-pizza-oven-groen-extra-brede-bakvloer\\\/\",\"url\":\"https:\\\/\\\/buitenpizzaovenkopen.nl\\\/pizza-oven-kopen\\\/beek-grande-pizza-oven-groen-extra-brede-bakvloer\\\/\",\"name\":\"BEEK Grande pizzaoven - Buitenpizzaovenkopen.nl\",\"isPartOf\":{\"@id\":\"https:\\\/\\\/buitenpizzaovenkopen.nl\\\/#website\"},\"primaryImageOfPage\":{\"@id\":\"https:\\\/\\\/buitenpizzaovenkopen.nl\\\/pizza-oven-kopen\\\/beek-grande-pizza-oven-groen-extra-brede-bakvloer\\\/#primaryimage\"},\"image\":{\"@id\":\"https:\\\/\\\/buitenpizzaovenkopen.nl\\\/pizza-oven-kopen\\\/beek-grande-pizza-oven-groen-extra-brede-bakvloer\\\/#primaryimage\"},\"thumbnailUrl\":\"https:\\\/\\\/buitenpizzaovenkopen.nl\\\/wp-content\\\/uploads\\\/2025\\\/08\\\/IMG_0994-scaled.jpeg\",\"datePublished\":\"2025-08-02T08:21:38+00:00\",\"dateModified\":\"2025-12-01T15:31:12+00:00\",\"description\":\"Ontdek de ruime BEEK Grande Pizzaoven met extra brede bakvloer voor het perfect bakken van maar liefst 4 pizza's tegelijk. in slechts 90 seconden!\",\"breadcrumb\":{\"@id\":\"https:\\\/\\\/buitenpizzaovenkopen.nl\\\/pizza-oven-kopen\\\/beek-grande-pizza-oven-groen-extra-brede-bakvloer\\\/#breadcrumb\"},\"inLanguage\":\"de\",\"potentialAction\":[{\"@type\":\"ReadAction\",\"target\":[\"https:\\\/\\\/buitenpizzaovenkopen.nl\\\/pizza-oven-kopen\\\/beek-grande-pizza-oven-groen-extra-brede-bakvloer\\\/\"]}]},{\"@type\":\"ImageObject\",\"inLanguage\":\"de\",\"@id\":\"https:\\\/\\\/buitenpizzaovenkopen.nl\\\/pizza-oven-kopen\\\/beek-grande-pizza-oven-groen-extra-brede-bakvloer\\\/#primaryimage\",\"url\":\"https:\\\/\\\/buitenpizzaovenkopen.nl\\\/wp-content\\\/uploads\\\/2025\\\/08\\\/IMG_0994-scaled.jpeg\",\"contentUrl\":\"https:\\\/\\\/buitenpizzaovenkopen.nl\\\/wp-content\\\/uploads\\\/2025\\\/08\\\/IMG_0994-scaled.jpeg\",\"width\":1920,\"height\":2560},{\"@type\":\"BreadcrumbList\",\"@id\":\"https:\\\/\\\/buitenpizzaovenkopen.nl\\\/pizza-oven-kopen\\\/beek-grande-pizza-oven-groen-extra-brede-bakvloer\\\/#breadcrumb\",\"itemListElement\":[{\"@type\":\"ListItem\",\"position\":1,\"name\":\"Home\",\"item\":\"https:\\\/\\\/buitenpizzaovenkopen.nl\\\/\"},{\"@type\":\"ListItem\",\"position\":2,\"name\":\"Pizza oven kopen\",\"item\":\"https:\\\/\\\/buitenpizzaovenkopen.nl\\\/pizzaoven-kopen\\\/\"},{\"@type\":\"ListItem\",\"position\":3,\"name\":\"BEEK Grande Pizza Oven Groen &#8211; Extra Brede Bakvloer\"}]},{\"@type\":\"WebSite\",\"@id\":\"https:\\\/\\\/buitenpizzaovenkopen.nl\\\/#website\",\"url\":\"https:\\\/\\\/buitenpizzaovenkopen.nl\\\/\",\"name\":\"Buitenpizzaovenkopen.nl\",\"description\":\"is onderdeel van Casa di Ruscello\",\"publisher\":{\"@id\":\"https:\\\/\\\/buitenpizzaovenkopen.nl\\\/#organization\"},\"potentialAction\":[{\"@type\":\"SearchAction\",\"target\":{\"@type\":\"EntryPoint\",\"urlTemplate\":\"https:\\\/\\\/buitenpizzaovenkopen.nl\\\/?s={search_term_string}\"},\"query-input\":{\"@type\":\"PropertyValueSpecification\",\"valueRequired\":true,\"valueName\":\"search_term_string\"}}],\"inLanguage\":\"de\"},{\"@type\":\"Organization\",\"@id\":\"https:\\\/\\\/buitenpizzaovenkopen.nl\\\/#organization\",\"name\":\"Casa du Ruscello\",\"url\":\"https:\\\/\\\/buitenpizzaovenkopen.nl\\\/\",\"logo\":{\"@type\":\"ImageObject\",\"inLanguage\":\"de\",\"@id\":\"https:\\\/\\\/buitenpizzaovenkopen.nl\\\/#\\\/schema\\\/logo\\\/image\\\/\",\"url\":\"https:\\\/\\\/buitenpizzaovenkopen.nl\\\/wp-content\\\/uploads\\\/2020\\\/02\\\/logo.gif\",\"contentUrl\":\"https:\\\/\\\/buitenpizzaovenkopen.nl\\\/wp-content\\\/uploads\\\/2020\\\/02\\\/logo.gif\",\"width\":300,\"height\":305,\"caption\":\"Casa du Ruscello\"},\"image\":{\"@id\":\"https:\\\/\\\/buitenpizzaovenkopen.nl\\\/#\\\/schema\\\/logo\\\/image\\\/\"}}]}<\/script>\n<!-- \/ Yoast SEO plugin. -->","yoast_head_json":{"title":"BEEK Grande pizza - Ofen- Buitenpizzaovenkopen.nl","description":"Entdecken Sie die ger\u00e4umigen BEEK Grande pizza-Ofen mit extra breiten Backen Boden f\u00fcr das Perfekte Backen von nicht weniger als 4 Pizzen gleichzeitig. in nur 90 Sekunden!","robots":{"index":"index","follow":"follow","max-snippet":"max-snippet:-1","max-image-preview":"max-image-preview:large","max-video-preview":"max-video-preview:-1"},"canonical":"https:\/\/buitenpizzaovenkopen.nl\/de\/pizza-oven-kopen\/beek-grande-pizza-oven-groen-extra-brede-bakvloer\/","og_locale":"de_DE","og_type":"article","og_title":"BEEK Grande pizzaoven - Buitenpizzaovenkopen.nl","og_description":"Ontdek de ruime BEEK Grande Pizzaoven met extra brede bakvloer voor het perfect bakken van maar liefst 4 pizza's tegelijk. in slechts 90 seconden!","og_url":"https:\/\/buitenpizzaovenkopen.nl\/de\/pizza-oven-kopen\/beek-grande-pizza-oven-groen-extra-brede-bakvloer\/","og_site_name":"Buitenpizzaovenkopen.nl","article_modified_time":"2025-12-01T15:31:12+00:00","og_image":[{"width":1920,"height":2560,"url":"https:\/\/buitenpizzaovenkopen.nl\/wp-content\/uploads\/2025\/08\/IMG_0994-scaled.jpeg","type":"image\/jpeg"}],"twitter_card":"summary_large_image","twitter_misc":{"Gesch\u00e4tzte Lesezeit":"3\u00a0Minuten"},"schema":{"@context":"https:\/\/schema.org","@graph":[{"@type":"WebPage","@id":"https:\/\/buitenpizzaovenkopen.nl\/pizza-oven-kopen\/beek-grande-pizza-oven-groen-extra-brede-bakvloer\/","url":"https:\/\/buitenpizzaovenkopen.nl\/pizza-oven-kopen\/beek-grande-pizza-oven-groen-extra-brede-bakvloer\/","name":"BEEK Grande pizza - Ofen- Buitenpizzaovenkopen.nl","isPartOf":{"@id":"https:\/\/buitenpizzaovenkopen.nl\/#website"},"primaryImageOfPage":{"@id":"https:\/\/buitenpizzaovenkopen.nl\/pizza-oven-kopen\/beek-grande-pizza-oven-groen-extra-brede-bakvloer\/#primaryimage"},"image":{"@id":"https:\/\/buitenpizzaovenkopen.nl\/pizza-oven-kopen\/beek-grande-pizza-oven-groen-extra-brede-bakvloer\/#primaryimage"},"thumbnailUrl":"https:\/\/buitenpizzaovenkopen.nl\/wp-content\/uploads\/2025\/08\/IMG_0994-scaled.jpeg","datePublished":"2025-08-02T08:21:38+00:00","dateModified":"2025-12-01T15:31:12+00:00","description":"Entdecken Sie die ger\u00e4umigen BEEK Grande pizza-Ofen mit extra breiten Backen Boden f\u00fcr das Perfekte Backen von nicht weniger als 4 Pizzen gleichzeitig. in nur 90 Sekunden!","breadcrumb":{"@id":"https:\/\/buitenpizzaovenkopen.nl\/pizza-oven-kopen\/beek-grande-pizza-oven-groen-extra-brede-bakvloer\/#breadcrumb"},"inLanguage":"de","potentialAction":[{"@type":"ReadAction","target":["https:\/\/buitenpizzaovenkopen.nl\/pizza-oven-kopen\/beek-grande-pizza-oven-groen-extra-brede-bakvloer\/"]}]},{"@type":"ImageObject","inLanguage":"de","@id":"https:\/\/buitenpizzaovenkopen.nl\/pizza-oven-kopen\/beek-grande-pizza-oven-groen-extra-brede-bakvloer\/#primaryimage","url":"https:\/\/buitenpizzaovenkopen.nl\/wp-content\/uploads\/2025\/08\/IMG_0994-scaled.jpeg","contentUrl":"https:\/\/buitenpizzaovenkopen.nl\/wp-content\/uploads\/2025\/08\/IMG_0994-scaled.jpeg","width":1920,"height":2560},{"@type":"BreadcrumbList","@id":"https:\/\/buitenpizzaovenkopen.nl\/pizza-oven-kopen\/beek-grande-pizza-oven-groen-extra-brede-bakvloer\/#breadcrumb","itemListElement":[{"@type":"ListItem","position":1,"name":"Home","item":"https:\/\/buitenpizzaovenkopen.nl\/"},{"@type":"ListItem","position":2,"name":"Pizza oven kopen","item":"https:\/\/buitenpizzaovenkopen.nl\/pizzaoven-kopen\/"},{"@type":"ListItem","position":3,"name":"BEEK Grande Pizza Oven Groen &#8211; Extra Brede Bakvloer"}]},{"@type":"WebSite","@id":"https:\/\/buitenpizzaovenkopen.nl\/#website","url":"https:\/\/buitenpizzaovenkopen.nl\/","name":"Buitenpizzaovenkopen.nl","description":"ist Teil von Casa Di Ruscello","publisher":{"@id":"https:\/\/buitenpizzaovenkopen.nl\/#organization"},"potentialAction":[{"@type":"SearchAction","target":{"@type":"EntryPoint","urlTemplate":"https:\/\/buitenpizzaovenkopen.nl\/?s={search_term_string}"},"query-input":{"@type":"PropertyValueSpecification","valueRequired":true,"valueName":"search_term_string"}}],"inLanguage":"de"},{"@type":"Organization","@id":"https:\/\/buitenpizzaovenkopen.nl\/#organization","name":"Casa du Ruscello","url":"https:\/\/buitenpizzaovenkopen.nl\/","logo":{"@type":"ImageObject","inLanguage":"de","@id":"https:\/\/buitenpizzaovenkopen.nl\/#\/schema\/logo\/image\/","url":"https:\/\/buitenpizzaovenkopen.nl\/wp-content\/uploads\/2020\/02\/logo.gif","contentUrl":"https:\/\/buitenpizzaovenkopen.nl\/wp-content\/uploads\/2020\/02\/logo.gif","width":300,"height":305,"caption":"Casa du Ruscello"},"image":{"@id":"https:\/\/buitenpizzaovenkopen.nl\/#\/schema\/logo\/image\/"}}]}},"_links":{"self":[{"href":"https:\/\/buitenpizzaovenkopen.nl\/de\/wp-json\/wp\/v2\/product\/9213","targetHints":{"allow":["GET"]}}],"collection":[{"href":"https:\/\/buitenpizzaovenkopen.nl\/de\/wp-json\/wp\/v2\/product"}],"about":[{"href":"https:\/\/buitenpizzaovenkopen.nl\/de\/wp-json\/wp\/v2\/types\/product"}],"wp:featuredmedia":[{"embeddable":true,"href":"https:\/\/buitenpizzaovenkopen.nl\/de\/wp-json\/wp\/v2\/media\/9520"}],"wp:attachment":[{"href":"https:\/\/buitenpizzaovenkopen.nl\/de\/wp-json\/wp\/v2\/media?parent=9213"}],"wp:term":[{"taxonomy":"product_brand","embeddable":true,"href":"https:\/\/buitenpizzaovenkopen.nl\/de\/wp-json\/wp\/v2\/product_brand?post=9213"},{"taxonomy":"product_cat","embeddable":true,"href":"https:\/\/buitenpizzaovenkopen.nl\/de\/wp-json\/wp\/v2\/product_cat?post=9213"},{"taxonomy":"product_tag","embeddable":true,"href":"https:\/\/buitenpizzaovenkopen.nl\/de\/wp-json\/wp\/v2\/product_tag?post=9213"}],"curies":[{"name":"wp","href":"https:\/\/api.w.org\/{rel}","templated":true}]}}