{"id":9091,"date":"2025-06-15T23:04:48","date_gmt":"2025-06-15T21:04:48","guid":{"rendered":"https:\/\/buitenpizzaovenkopen.nl\/?post_type=product&#038;p=9091"},"modified":"2025-12-01T16:32:15","modified_gmt":"2025-12-01T15:32:15","slug":"beek-classico-70-pizza-oven-groen-inclusief-pizzaschep","status":"publish","type":"product","link":"https:\/\/buitenpizzaovenkopen.nl\/de\/pizza-oven-kopen\/beek-classico-70-pizza-oven-groen-inclusief-pizzaschep\/","title":{"rendered":"BEEK Classico 70 Pizza Oven Groen inclusief pizzaschep"},"content":{"rendered":"<p><span style=\"font-size: 16px\">Ontdek de ultieme pizza-ervaring met onze &#8216;BEEK Classico 70 kleur groen.<\/span><\/p>\n<p><span style=\"font-size: 16px\">Pizza Oven inclusief pizzaschep, de perfecte aanwinst voor elke tuin en buitenkeuken.<\/span><\/p>\n<p>De BEEK Classico 70 Pizza Oven is een houtgestookte pizza oven waar tot 2 pizza\u2019s tegelijk in kunnen worden afgebakken.<br \/>\nDe oven heeft een bakvloer van 600 mm breed en 600 mm diep. Hij weegt ongeveer 60 kg, waardoor deze oven nog steeds ontzettend mobiel is.<\/p>\n<p>Mit diesem tollen Ofen k\u00f6nnen Sie k\u00f6stliche Pizzen f\u00fcr Ihre Familie, Freunde und Verwandten backen.<\/p>\n<p>De afvoer en de gehele binnenkant is uitgevoerd in RVS. De deur is ook van 2mm RVS.<\/p>\n<p>De nieuwste BEEK \u00a070 heeft een down force air circulatie en een regelbare inlaat waardoor de oven prachtig brand met gesloten deur.<br \/>\nIs dus voorzien van alle opties.<\/p>\n<p>Der BEEK Corten 70 Pizzaofen ist vollst\u00e4ndig isoliert und verf\u00fcgt \u00fcber eine extrabreite Zugangst\u00fcr und eine angenehme H\u00f6he, sodass Sie nicht nur gro\u00dfartige Pizzen darin backen k\u00f6nnen, sondern auch andere Gerichte wie Fleischgerichte, Fisch, Brot usw.<br \/>\nEs hat auch einen abnehmbaren Schornstein, ein eingebautes CEWAL-Thermometer aus Italien und herausnehmbare Schamottsteine. Der Ofen brennt mit Holz und erreicht die beste W\u00e4rme mit trockenem Holz, wie Birke, Esche, Buche, Eiche oder Obstbaumholz.<\/p>\n<p>Schauen Sie sich auch den gr\u00f6\u00dferen Bruder an, den BEEK Grande <a href=\"https:\/\/buitenpizzaovenkopen.nl\/de\/pizza-oven-kopen\/beek-grande-pizzaoven\/\" target=\"_new\" rel=\"noopener\">https:\/\/buitenpizzaovenkopen.nl\/pizza-oven-kopen\/beek-grande-pizzaoven\/<\/a><\/p>\n<p>Kommt standard mit italienischer pizza Schaufel von der Marke Falci, so k\u00f6nnen Sie sofort anfangen zu Backen der leckersten Pizzen.<\/p>\n<p><strong>Warm-up Zeit:<\/strong> 15-30 Minuten<br \/>\nPizza ist fertig in 2 Minuten<br \/>\n<strong>Maximale Temperatur:<\/strong>\u00a0500C<br \/>\n<strong>Kapazit\u00e4t:<\/strong> 2 Pizzen gleichzeitig bis zu 30 Pizzen pro Stunde!<br \/>\n<strong>T\u00fcr\u00f6ffnung extra large:<\/strong> 47 cm breit und 23 cm hoch<br \/>\n<strong>Empfohlen Kraftstoff:<\/strong> das Holz der Birke oder Hartholz wie Eiche, apple, Holz, etc.<br \/>\n<strong>Kochen Abschnitt:<\/strong> 600x600mm<br \/>\n<strong>Enth\u00e4lt:<\/strong> Pizzaofen, T\u00fcr mit einer Dicke von 2 mm!, Schornstein, Thermometer der Marke Cewal (Italienisch), Edelstahl-Feuerschutz\/Feuerbox, Pizzaschieber, ohne Gestell.<\/p>\n<p><strong>Material:<\/strong> gepoedercoat staal en RVS<br \/>\n<strong>Drain:<\/strong>\u00a0rvs 110mm<br \/>\n<strong>Isolierung:<\/strong> Kuppel und Boden Isolierung<br \/>\n<strong>Garantie:<\/strong>\u00a01 Jahr ab Kaufdatum<br \/>\n<strong>Farbe:<\/strong> Groen en RVS<br \/>\n<strong>Productafmeting (H x B x D):<\/strong> 1100 x 700 x 760<\/p>","protected":false},"excerpt":{"rendered":"<p>Der Beek Corten 70 Pizzaofen ist wirklich ein hervorragender Ofen, der dem ernsthaften Pizza-Liebhaber die M\u00f6glichkeit bietet, in nur 90 Sekunden k\u00f6stliche Steinofenpizzen zu backen und dennoch vollst\u00e4ndig tragbar zu sein! Der Ofen hat eine gro\u00dfe interne Oberfl\u00e4che von 600 mm x 600 mm.<\/p>","protected":false},"featured_media":9092,"template":"","meta":{"_monsterinsights_skip_tracking":false,"_monsterinsights_sitenote_active":false,"_monsterinsights_sitenote_note":"","_monsterinsights_sitenote_category":0,"site-sidebar-layout":"default","site-content-layout":"default","ast-site-content-layout":"default","site-content-style":"default","site-sidebar-style":"default","ast-global-header-display":"","ast-banner-title-visibility":"","ast-main-header-display":"","ast-hfb-above-header-display":"","ast-hfb-below-header-display":"","ast-hfb-mobile-header-display":"","site-post-title":"","ast-breadcrumbs-content":"","ast-featured-img":"","footer-sml-layout":"","ast-disable-related-posts":"","theme-transparent-header-meta":"default","adv-header-id-meta":"","stick-header-meta":"","header-above-stick-meta":"","header-main-stick-meta":"","header-below-stick-meta":"","astra-migrate-meta-layouts":"set","ast-page-background-enabled":"default","ast-page-background-meta":{"desktop":{"background-color":"","background-image":"","background-repeat":"repeat","background-position":"center center","background-size":"auto","background-attachment":"scroll","background-type":"","background-media":"","overlay-type":"","overlay-color":"","overlay-opacity":"","overlay-gradient":""},"tablet":{"background-color":"","background-image":"","background-repeat":"repeat","background-position":"center center","background-size":"auto","background-attachment":"scroll","background-type":"","background-media":"","overlay-type":"","overlay-color":"","overlay-opacity":"","overlay-gradient":""},"mobile":{"background-color":"","background-image":"","background-repeat":"repeat","background-position":"center center","background-size":"auto","background-attachment":"scroll","background-type":"","background-media":"","overlay-type":"","overlay-color":"","overlay-opacity":"","overlay-gradient":""}},"ast-content-background-meta":{"desktop":{"background-color":"var(--ast-global-color-5)","background-image":"","background-repeat":"repeat","background-position":"center center","background-size":"auto","background-attachment":"scroll","background-type":"","background-media":"","overlay-type":"","overlay-color":"","overlay-opacity":"","overlay-gradient":""},"tablet":{"background-color":"var(--ast-global-color-5)","background-image":"","background-repeat":"repeat","background-position":"center center","background-size":"auto","background-attachment":"scroll","background-type":"","background-media":"","overlay-type":"","overlay-color":"","overlay-opacity":"","overlay-gradient":""},"mobile":{"background-color":"var(--ast-global-color-5)","background-image":"","background-repeat":"repeat","background-position":"center center","background-size":"auto","background-attachment":"scroll","background-type":"","background-media":"","overlay-type":"","overlay-color":"","overlay-opacity":"","overlay-gradient":""}}},"product_brand":[],"product_cat":[24],"product_tag":[],"class_list":{"0":"post-9091","1":"product","2":"type-product","3":"status-publish","4":"has-post-thumbnail","6":"product_cat-pizza-ovens","7":"product_shipping_class-verzendklasse-3","8":"desktop-align-left","9":"tablet-align-left","10":"mobile-align-left","12":"first","13":"instock","14":"sale","15":"featured","16":"taxable","17":"shipping-taxable","18":"purchasable","19":"product-type-simple"},"yoast_head":"<!-- This site is optimized with the Yoast SEO plugin v27.4 - https:\/\/yoast.com\/product\/yoast-seo-wordpress\/ -->\n<title>BEEK Classico Pizza Oven - groen 70 met Pizzaschep<\/title>\n<meta name=\"description\" content=\"Geniet van authentieke Italiaanse pizza&#039;s met de BEEK Classico 70 Pizza Oven. Perfecte bakprestaties inclusief pizzaschep, snel op temperatuur.\" \/>\n<meta name=\"robots\" content=\"index, follow, max-snippet:-1, max-image-preview:large, max-video-preview:-1\" \/>\n<link rel=\"canonical\" href=\"https:\/\/buitenpizzaovenkopen.nl\/de\/pizza-oven-kopen\/beek-classico-70-pizza-oven-groen-inclusief-pizzaschep\/\" \/>\n<meta property=\"og:locale\" content=\"de_DE\" \/>\n<meta property=\"og:type\" content=\"article\" \/>\n<meta property=\"og:title\" content=\"BEEK Classico Pizza Oven - groen 70 met Pizzaschep\" \/>\n<meta property=\"og:description\" content=\"Geniet van authentieke Italiaanse pizza&#039;s met de BEEK Classico 70 Pizza Oven. Perfecte bakprestaties inclusief pizzaschep, snel op temperatuur.\" \/>\n<meta property=\"og:url\" content=\"https:\/\/buitenpizzaovenkopen.nl\/de\/pizza-oven-kopen\/beek-classico-70-pizza-oven-groen-inclusief-pizzaschep\/\" \/>\n<meta property=\"og:site_name\" content=\"Buitenpizzaovenkopen.nl\" \/>\n<meta property=\"article:modified_time\" content=\"2025-12-01T15:32:15+00:00\" \/>\n<meta property=\"og:image\" content=\"https:\/\/buitenpizzaovenkopen.nl\/wp-content\/uploads\/2025\/06\/IMG_9855-473x1024.png\" \/>\n\t<meta property=\"og:image:width\" content=\"473\" \/>\n\t<meta property=\"og:image:height\" content=\"1024\" \/>\n\t<meta property=\"og:image:type\" content=\"image\/png\" \/>\n<meta name=\"twitter:card\" content=\"summary_large_image\" \/>\n<meta name=\"twitter:label1\" content=\"Gesch\u00e4tzte Lesezeit\" \/>\n\t<meta name=\"twitter:data1\" content=\"2\u00a0Minuten\" \/>\n<script type=\"application\/ld+json\" class=\"yoast-schema-graph\">{\"@context\":\"https:\\\/\\\/schema.org\",\"@graph\":[{\"@type\":\"WebPage\",\"@id\":\"https:\\\/\\\/buitenpizzaovenkopen.nl\\\/pizza-oven-kopen\\\/beek-classico-70-pizza-oven-groen-inclusief-pizzaschep\\\/\",\"url\":\"https:\\\/\\\/buitenpizzaovenkopen.nl\\\/pizza-oven-kopen\\\/beek-classico-70-pizza-oven-groen-inclusief-pizzaschep\\\/\",\"name\":\"BEEK Classico Pizza Oven - groen 70 met Pizzaschep\",\"isPartOf\":{\"@id\":\"https:\\\/\\\/buitenpizzaovenkopen.nl\\\/#website\"},\"primaryImageOfPage\":{\"@id\":\"https:\\\/\\\/buitenpizzaovenkopen.nl\\\/pizza-oven-kopen\\\/beek-classico-70-pizza-oven-groen-inclusief-pizzaschep\\\/#primaryimage\"},\"image\":{\"@id\":\"https:\\\/\\\/buitenpizzaovenkopen.nl\\\/pizza-oven-kopen\\\/beek-classico-70-pizza-oven-groen-inclusief-pizzaschep\\\/#primaryimage\"},\"thumbnailUrl\":\"https:\\\/\\\/buitenpizzaovenkopen.nl\\\/wp-content\\\/uploads\\\/2025\\\/06\\\/IMG_9855.png\",\"datePublished\":\"2025-06-15T21:04:48+00:00\",\"dateModified\":\"2025-12-01T15:32:15+00:00\",\"description\":\"Geniet van authentieke Italiaanse pizza's met de BEEK Classico 70 Pizza Oven. Perfecte bakprestaties inclusief pizzaschep, snel op temperatuur.\",\"breadcrumb\":{\"@id\":\"https:\\\/\\\/buitenpizzaovenkopen.nl\\\/pizza-oven-kopen\\\/beek-classico-70-pizza-oven-groen-inclusief-pizzaschep\\\/#breadcrumb\"},\"inLanguage\":\"de\",\"potentialAction\":[{\"@type\":\"ReadAction\",\"target\":[\"https:\\\/\\\/buitenpizzaovenkopen.nl\\\/pizza-oven-kopen\\\/beek-classico-70-pizza-oven-groen-inclusief-pizzaschep\\\/\"]}]},{\"@type\":\"ImageObject\",\"inLanguage\":\"de\",\"@id\":\"https:\\\/\\\/buitenpizzaovenkopen.nl\\\/pizza-oven-kopen\\\/beek-classico-70-pizza-oven-groen-inclusief-pizzaschep\\\/#primaryimage\",\"url\":\"https:\\\/\\\/buitenpizzaovenkopen.nl\\\/wp-content\\\/uploads\\\/2025\\\/06\\\/IMG_9855.png\",\"contentUrl\":\"https:\\\/\\\/buitenpizzaovenkopen.nl\\\/wp-content\\\/uploads\\\/2025\\\/06\\\/IMG_9855.png\",\"width\":960,\"height\":2079},{\"@type\":\"BreadcrumbList\",\"@id\":\"https:\\\/\\\/buitenpizzaovenkopen.nl\\\/pizza-oven-kopen\\\/beek-classico-70-pizza-oven-groen-inclusief-pizzaschep\\\/#breadcrumb\",\"itemListElement\":[{\"@type\":\"ListItem\",\"position\":1,\"name\":\"Home\",\"item\":\"https:\\\/\\\/buitenpizzaovenkopen.nl\\\/\"},{\"@type\":\"ListItem\",\"position\":2,\"name\":\"Pizza oven kopen\",\"item\":\"https:\\\/\\\/buitenpizzaovenkopen.nl\\\/pizzaoven-kopen\\\/\"},{\"@type\":\"ListItem\",\"position\":3,\"name\":\"BEEK Classico 70 Pizza Oven Groen inclusief pizzaschep\"}]},{\"@type\":\"WebSite\",\"@id\":\"https:\\\/\\\/buitenpizzaovenkopen.nl\\\/#website\",\"url\":\"https:\\\/\\\/buitenpizzaovenkopen.nl\\\/\",\"name\":\"Buitenpizzaovenkopen.nl\",\"description\":\"is onderdeel van Casa di Ruscello\",\"publisher\":{\"@id\":\"https:\\\/\\\/buitenpizzaovenkopen.nl\\\/#organization\"},\"potentialAction\":[{\"@type\":\"SearchAction\",\"target\":{\"@type\":\"EntryPoint\",\"urlTemplate\":\"https:\\\/\\\/buitenpizzaovenkopen.nl\\\/?s={search_term_string}\"},\"query-input\":{\"@type\":\"PropertyValueSpecification\",\"valueRequired\":true,\"valueName\":\"search_term_string\"}}],\"inLanguage\":\"de\"},{\"@type\":\"Organization\",\"@id\":\"https:\\\/\\\/buitenpizzaovenkopen.nl\\\/#organization\",\"name\":\"Casa du Ruscello\",\"url\":\"https:\\\/\\\/buitenpizzaovenkopen.nl\\\/\",\"logo\":{\"@type\":\"ImageObject\",\"inLanguage\":\"de\",\"@id\":\"https:\\\/\\\/buitenpizzaovenkopen.nl\\\/#\\\/schema\\\/logo\\\/image\\\/\",\"url\":\"https:\\\/\\\/buitenpizzaovenkopen.nl\\\/wp-content\\\/uploads\\\/2020\\\/02\\\/logo.gif\",\"contentUrl\":\"https:\\\/\\\/buitenpizzaovenkopen.nl\\\/wp-content\\\/uploads\\\/2020\\\/02\\\/logo.gif\",\"width\":300,\"height\":305,\"caption\":\"Casa du Ruscello\"},\"image\":{\"@id\":\"https:\\\/\\\/buitenpizzaovenkopen.nl\\\/#\\\/schema\\\/logo\\\/image\\\/\"}}]}<\/script>\n<!-- \/ Yoast SEO plugin. -->","yoast_head_json":{"title":"BEEK Classico Pizza Oven - groen 70 met Pizzaschep","description":"Geniet van authentieke Italiaanse pizza's met de BEEK Classico 70 Pizza Oven. Perfecte bakprestaties inclusief pizzaschep, snel op temperatuur.","robots":{"index":"index","follow":"follow","max-snippet":"max-snippet:-1","max-image-preview":"max-image-preview:large","max-video-preview":"max-video-preview:-1"},"canonical":"https:\/\/buitenpizzaovenkopen.nl\/de\/pizza-oven-kopen\/beek-classico-70-pizza-oven-groen-inclusief-pizzaschep\/","og_locale":"de_DE","og_type":"article","og_title":"BEEK Classico Pizza Oven - groen 70 met Pizzaschep","og_description":"Geniet van authentieke Italiaanse pizza's met de BEEK Classico 70 Pizza Oven. Perfecte bakprestaties inclusief pizzaschep, snel op temperatuur.","og_url":"https:\/\/buitenpizzaovenkopen.nl\/de\/pizza-oven-kopen\/beek-classico-70-pizza-oven-groen-inclusief-pizzaschep\/","og_site_name":"Buitenpizzaovenkopen.nl","article_modified_time":"2025-12-01T15:32:15+00:00","og_image":[{"width":473,"height":1024,"url":"https:\/\/buitenpizzaovenkopen.nl\/wp-content\/uploads\/2025\/06\/IMG_9855-473x1024.png","type":"image\/png"}],"twitter_card":"summary_large_image","twitter_misc":{"Gesch\u00e4tzte Lesezeit":"2\u00a0Minuten"},"schema":{"@context":"https:\/\/schema.org","@graph":[{"@type":"WebPage","@id":"https:\/\/buitenpizzaovenkopen.nl\/pizza-oven-kopen\/beek-classico-70-pizza-oven-groen-inclusief-pizzaschep\/","url":"https:\/\/buitenpizzaovenkopen.nl\/pizza-oven-kopen\/beek-classico-70-pizza-oven-groen-inclusief-pizzaschep\/","name":"BEEK Classico Pizza Oven - groen 70 met Pizzaschep","isPartOf":{"@id":"https:\/\/buitenpizzaovenkopen.nl\/#website"},"primaryImageOfPage":{"@id":"https:\/\/buitenpizzaovenkopen.nl\/pizza-oven-kopen\/beek-classico-70-pizza-oven-groen-inclusief-pizzaschep\/#primaryimage"},"image":{"@id":"https:\/\/buitenpizzaovenkopen.nl\/pizza-oven-kopen\/beek-classico-70-pizza-oven-groen-inclusief-pizzaschep\/#primaryimage"},"thumbnailUrl":"https:\/\/buitenpizzaovenkopen.nl\/wp-content\/uploads\/2025\/06\/IMG_9855.png","datePublished":"2025-06-15T21:04:48+00:00","dateModified":"2025-12-01T15:32:15+00:00","description":"Geniet van authentieke Italiaanse pizza's met de BEEK Classico 70 Pizza Oven. Perfecte bakprestaties inclusief pizzaschep, snel op temperatuur.","breadcrumb":{"@id":"https:\/\/buitenpizzaovenkopen.nl\/pizza-oven-kopen\/beek-classico-70-pizza-oven-groen-inclusief-pizzaschep\/#breadcrumb"},"inLanguage":"de","potentialAction":[{"@type":"ReadAction","target":["https:\/\/buitenpizzaovenkopen.nl\/pizza-oven-kopen\/beek-classico-70-pizza-oven-groen-inclusief-pizzaschep\/"]}]},{"@type":"ImageObject","inLanguage":"de","@id":"https:\/\/buitenpizzaovenkopen.nl\/pizza-oven-kopen\/beek-classico-70-pizza-oven-groen-inclusief-pizzaschep\/#primaryimage","url":"https:\/\/buitenpizzaovenkopen.nl\/wp-content\/uploads\/2025\/06\/IMG_9855.png","contentUrl":"https:\/\/buitenpizzaovenkopen.nl\/wp-content\/uploads\/2025\/06\/IMG_9855.png","width":960,"height":2079},{"@type":"BreadcrumbList","@id":"https:\/\/buitenpizzaovenkopen.nl\/pizza-oven-kopen\/beek-classico-70-pizza-oven-groen-inclusief-pizzaschep\/#breadcrumb","itemListElement":[{"@type":"ListItem","position":1,"name":"Home","item":"https:\/\/buitenpizzaovenkopen.nl\/"},{"@type":"ListItem","position":2,"name":"Pizza oven kopen","item":"https:\/\/buitenpizzaovenkopen.nl\/pizzaoven-kopen\/"},{"@type":"ListItem","position":3,"name":"BEEK Classico 70 Pizza Oven Groen inclusief pizzaschep"}]},{"@type":"WebSite","@id":"https:\/\/buitenpizzaovenkopen.nl\/#website","url":"https:\/\/buitenpizzaovenkopen.nl\/","name":"Buitenpizzaovenkopen.nl","description":"ist Teil von Casa Di Ruscello","publisher":{"@id":"https:\/\/buitenpizzaovenkopen.nl\/#organization"},"potentialAction":[{"@type":"SearchAction","target":{"@type":"EntryPoint","urlTemplate":"https:\/\/buitenpizzaovenkopen.nl\/?s={search_term_string}"},"query-input":{"@type":"PropertyValueSpecification","valueRequired":true,"valueName":"search_term_string"}}],"inLanguage":"de"},{"@type":"Organization","@id":"https:\/\/buitenpizzaovenkopen.nl\/#organization","name":"Casa du Ruscello","url":"https:\/\/buitenpizzaovenkopen.nl\/","logo":{"@type":"ImageObject","inLanguage":"de","@id":"https:\/\/buitenpizzaovenkopen.nl\/#\/schema\/logo\/image\/","url":"https:\/\/buitenpizzaovenkopen.nl\/wp-content\/uploads\/2020\/02\/logo.gif","contentUrl":"https:\/\/buitenpizzaovenkopen.nl\/wp-content\/uploads\/2020\/02\/logo.gif","width":300,"height":305,"caption":"Casa du Ruscello"},"image":{"@id":"https:\/\/buitenpizzaovenkopen.nl\/#\/schema\/logo\/image\/"}}]}},"_links":{"self":[{"href":"https:\/\/buitenpizzaovenkopen.nl\/de\/wp-json\/wp\/v2\/product\/9091","targetHints":{"allow":["GET"]}}],"collection":[{"href":"https:\/\/buitenpizzaovenkopen.nl\/de\/wp-json\/wp\/v2\/product"}],"about":[{"href":"https:\/\/buitenpizzaovenkopen.nl\/de\/wp-json\/wp\/v2\/types\/product"}],"wp:featuredmedia":[{"embeddable":true,"href":"https:\/\/buitenpizzaovenkopen.nl\/de\/wp-json\/wp\/v2\/media\/9092"}],"wp:attachment":[{"href":"https:\/\/buitenpizzaovenkopen.nl\/de\/wp-json\/wp\/v2\/media?parent=9091"}],"wp:term":[{"taxonomy":"product_brand","embeddable":true,"href":"https:\/\/buitenpizzaovenkopen.nl\/de\/wp-json\/wp\/v2\/product_brand?post=9091"},{"taxonomy":"product_cat","embeddable":true,"href":"https:\/\/buitenpizzaovenkopen.nl\/de\/wp-json\/wp\/v2\/product_cat?post=9091"},{"taxonomy":"product_tag","embeddable":true,"href":"https:\/\/buitenpizzaovenkopen.nl\/de\/wp-json\/wp\/v2\/product_tag?post=9091"}],"curies":[{"name":"wp","href":"https:\/\/api.w.org\/{rel}","templated":true}]}}