{"id":8240,"date":"2024-04-23T09:00:02","date_gmt":"2024-04-23T07:00:02","guid":{"rendered":"https:\/\/buitenpizzaovenkopen.nl\/?post_type=product&#038;p=8240"},"modified":"2024-05-18T22:09:19","modified_gmt":"2024-05-18T20:09:19","slug":"tussenplateau-voor-pizza-oven","status":"publish","type":"product","link":"https:\/\/buitenpizzaovenkopen.nl\/de\/pizza-oven-kopen\/tussenplateau-voor-pizza-oven\/","title":{"rendered":"Tussenplateau voor BEEK GRANDE pizza oven"},"content":{"rendered":"<p><strong>Tussenplateau voor uw Pizza Oven<\/strong><\/p>\n<p>Zubereitung der perfekten pizza beinhaltet mehr als nur einen guten Backofen. Das richtige Zubeh\u00f6r kann den Unterschied in Ihrer K\u00fcche erleben. Das ist der Grund, warum wir die Einf\u00fchrung unserer robusten &#034;Pizza-Ofen Intermediate shelf&#034;, der speziell f\u00fcr die BEEK GRANDE Classico und Modelle. Diese zwischen-Ablage ist eine wesentliche Erg\u00e4nzung f\u00fcr jede pizza maker auf der Suche f\u00fcr Effizienz und Komfort.<\/p>\n<p>Die stabilen Zwischenboden, mit den Abmessungen von 90 x 70 cm f\u00fcr die GRANDE und 70 x 70 cm f\u00fcr den Classico, bietet zus\u00e4tzliche Arbeitsfl\u00e4che f\u00fcr alle Notwendigkeiten beim pizza Backen. Gefertigt aus 1,5 mm dickem Stahl und fertig mit einem dauerhaften matt-schwarzer Pulverbeschichtung, dieses Regal vereint Funktionalit\u00e4t mit einem stilvollen look f\u00fcr jedes moderne outdoor-K\u00fcche.<\/p>\n<p>Die enge Zwischenboden f\u00fcr den pizza-Ofen bietet nicht nur zus\u00e4tzlichen Platz f\u00fcr Ihre pizza Backen versorgt, sondern verbessert auch die Stabilit\u00e4t und Benutzerfreundlichkeit Ihrer pizza-Ofen-setup. Mit den zus\u00e4tzlichen Speicher, Sie k\u00f6nnen halten Sie wichtige Werkzeuge und Zutaten griffbereit, so dass Sie Ihre pizza Backen-Erfahrung glatter und mehr Spa\u00df. Dieses plateau ist ideal f\u00fcr professionelle K\u00f6che und home-pizza-B\u00e4cker, die Wert auf Effizienz.<\/p>\n<p><strong>Funktionen und Vorteile:<\/strong><\/p>\n<ul>\n<li><strong>Zus\u00e4tzliche Arbeitsfl\u00e4che:<\/strong> Das plateau erh\u00f6ht den verf\u00fcgbaren Speicherplatz, ideal f\u00fcr die Platzierung Zutaten, Werkzeuge oder bereit-made pizzas wartet, um gebacken zu werden.<\/li>\n<li><strong>Robustes Design:<\/strong> Aus dickem Stahl, das plateau kann widerstehen den hohen Anforderungen pizza Backen und h\u00e4ufigen Einsatz.<\/li>\n<li><strong>\u00c4sthetisch:<\/strong> Das elegante-Pulver-Beschichtung sch\u00fctzt nicht nur vor Rost, sondern auch verleiht dem Regal ein modernes Aussehen, das erh\u00f6ht insgesamt die \u00e4sthetik der Ihre pizza oven base.<\/li>\n<li><strong>Einfache Installation:<\/strong> Das plateau ist entwickelt, um nahtlos mit den urspr\u00fcnglichen Grundlagen der BEEK GRANDE Classico \u00f6fen, making installation a breeze.<\/li>\n<\/ul>\n<p>Haben Sie eine Frage? Nehmen Sie v\u00f6llig unverbindlich <a href=\"https:\/\/buitenpizzaovenkopen.nl\/de\/contact-buitenpizzaovenkopen\/\">Kontakt<\/a> mit uns auf!<\/p>","protected":false},"excerpt":{"rendered":"<p>Dieser robuste, Zwischenboden, fertig mit einem dauerhaften matt-schwarzer Pulverbeschichtung, ist speziell f\u00fcr die Beek GRANDE Classico-pizza-\u00f6fen. Ideal f\u00fcr die Speicherung Backen versorgt und Holz, so dass Sie Arbeit mehr effizient.<\/p>","protected":false},"featured_media":8236,"template":"","meta":{"_monsterinsights_skip_tracking":false,"_monsterinsights_sitenote_active":false,"_monsterinsights_sitenote_note":"","_monsterinsights_sitenote_category":0,"site-sidebar-layout":"default","site-content-layout":"default","ast-site-content-layout":"default","site-content-style":"default","site-sidebar-style":"default","ast-global-header-display":"","ast-banner-title-visibility":"","ast-main-header-display":"","ast-hfb-above-header-display":"","ast-hfb-below-header-display":"","ast-hfb-mobile-header-display":"","site-post-title":"","ast-breadcrumbs-content":"","ast-featured-img":"","footer-sml-layout":"","ast-disable-related-posts":"","theme-transparent-header-meta":"default","adv-header-id-meta":"","stick-header-meta":"","header-above-stick-meta":"","header-main-stick-meta":"","header-below-stick-meta":"","astra-migrate-meta-layouts":"set","ast-page-background-enabled":"default","ast-page-background-meta":{"desktop":{"background-color":"","background-image":"","background-repeat":"repeat","background-position":"center center","background-size":"auto","background-attachment":"scroll","background-type":"","background-media":"","overlay-type":"","overlay-color":"","overlay-opacity":"","overlay-gradient":""},"tablet":{"background-color":"","background-image":"","background-repeat":"repeat","background-position":"center center","background-size":"auto","background-attachment":"scroll","background-type":"","background-media":"","overlay-type":"","overlay-color":"","overlay-opacity":"","overlay-gradient":""},"mobile":{"background-color":"","background-image":"","background-repeat":"repeat","background-position":"center center","background-size":"auto","background-attachment":"scroll","background-type":"","background-media":"","overlay-type":"","overlay-color":"","overlay-opacity":"","overlay-gradient":""}},"ast-content-background-meta":{"desktop":{"background-color":"var(--ast-global-color-5)","background-image":"","background-repeat":"repeat","background-position":"center center","background-size":"auto","background-attachment":"scroll","background-type":"","background-media":"","overlay-type":"","overlay-color":"","overlay-opacity":"","overlay-gradient":""},"tablet":{"background-color":"var(--ast-global-color-5)","background-image":"","background-repeat":"repeat","background-position":"center center","background-size":"auto","background-attachment":"scroll","background-type":"","background-media":"","overlay-type":"","overlay-color":"","overlay-opacity":"","overlay-gradient":""},"mobile":{"background-color":"var(--ast-global-color-5)","background-image":"","background-repeat":"repeat","background-position":"center center","background-size":"auto","background-attachment":"scroll","background-type":"","background-media":"","overlay-type":"","overlay-color":"","overlay-opacity":"","overlay-gradient":""}}},"product_brand":[],"product_cat":[110],"product_tag":[],"class_list":{"0":"post-8240","1":"product","2":"type-product","3":"status-publish","4":"has-post-thumbnail","6":"product_cat-onderstellen","7":"product_shipping_class-verzendklasse-0","8":"desktop-align-left","9":"tablet-align-left","10":"mobile-align-left","12":"first","13":"instock","14":"taxable","15":"shipping-taxable","16":"purchasable","17":"product-type-simple"},"yoast_head":"<!-- This site is optimized with the Yoast SEO plugin v27.3 - https:\/\/yoast.com\/product\/yoast-seo-wordpress\/ -->\n<title>Tussenplateau voor BEEK GRANDE pizza oven Buitenpizzaovenkopen.nl<\/title>\n<meta name=\"description\" content=\"Ontdek het &#039;Tussenplateau voor Pizza Oven&#039;, ideaal voor BEEK GRANDE en Classico modellen. Perfect voor extra opslag en werkruimte tijdens het pizzabakken.\" \/>\n<meta name=\"robots\" content=\"index, follow, max-snippet:-1, max-image-preview:large, max-video-preview:-1\" \/>\n<link rel=\"canonical\" href=\"https:\/\/buitenpizzaovenkopen.nl\/de\/pizza-oven-kopen\/tussenplateau-voor-pizza-oven\/\" \/>\n<meta property=\"og:locale\" content=\"de_DE\" \/>\n<meta property=\"og:type\" content=\"article\" \/>\n<meta property=\"og:title\" content=\"Tussenplateau voor BEEK GRANDE pizza oven Buitenpizzaovenkopen.nl\" \/>\n<meta property=\"og:description\" content=\"Ontdek het &#039;Tussenplateau voor Pizza Oven&#039;, ideaal voor BEEK GRANDE en Classico modellen. Perfect voor extra opslag en werkruimte tijdens het pizzabakken.\" \/>\n<meta property=\"og:url\" content=\"https:\/\/buitenpizzaovenkopen.nl\/de\/pizza-oven-kopen\/tussenplateau-voor-pizza-oven\/\" \/>\n<meta property=\"og:site_name\" content=\"Buitenpizzaovenkopen.nl\" \/>\n<meta property=\"article:modified_time\" content=\"2024-05-18T20:09:19+00:00\" \/>\n<meta property=\"og:image\" content=\"https:\/\/buitenpizzaovenkopen.nl\/wp-content\/uploads\/2024\/03\/d8134c02-84ac-43ef-8d8a-5166b24231ba.jpeg\" \/>\n\t<meta property=\"og:image:width\" content=\"1500\" \/>\n\t<meta property=\"og:image:height\" content=\"2000\" \/>\n\t<meta property=\"og:image:type\" content=\"image\/jpeg\" \/>\n<meta name=\"twitter:card\" content=\"summary_large_image\" \/>\n<meta name=\"twitter:label1\" content=\"Gesch\u00e4tzte Lesezeit\" \/>\n\t<meta name=\"twitter:data1\" content=\"2\u00a0Minuten\" \/>\n<script type=\"application\/ld+json\" class=\"yoast-schema-graph\">{\"@context\":\"https:\\\/\\\/schema.org\",\"@graph\":[{\"@type\":\"WebPage\",\"@id\":\"https:\\\/\\\/buitenpizzaovenkopen.nl\\\/pizza-oven-kopen\\\/tussenplateau-voor-pizza-oven\\\/\",\"url\":\"https:\\\/\\\/buitenpizzaovenkopen.nl\\\/pizza-oven-kopen\\\/tussenplateau-voor-pizza-oven\\\/\",\"name\":\"Tussenplateau voor BEEK GRANDE pizza oven Buitenpizzaovenkopen.nl\",\"isPartOf\":{\"@id\":\"https:\\\/\\\/buitenpizzaovenkopen.nl\\\/#website\"},\"primaryImageOfPage\":{\"@id\":\"https:\\\/\\\/buitenpizzaovenkopen.nl\\\/pizza-oven-kopen\\\/tussenplateau-voor-pizza-oven\\\/#primaryimage\"},\"image\":{\"@id\":\"https:\\\/\\\/buitenpizzaovenkopen.nl\\\/pizza-oven-kopen\\\/tussenplateau-voor-pizza-oven\\\/#primaryimage\"},\"thumbnailUrl\":\"https:\\\/\\\/buitenpizzaovenkopen.nl\\\/wp-content\\\/uploads\\\/2024\\\/03\\\/d8134c02-84ac-43ef-8d8a-5166b24231ba.jpeg\",\"datePublished\":\"2024-04-23T07:00:02+00:00\",\"dateModified\":\"2024-05-18T20:09:19+00:00\",\"description\":\"Ontdek het 'Tussenplateau voor Pizza Oven', ideaal voor BEEK GRANDE en Classico modellen. Perfect voor extra opslag en werkruimte tijdens het pizzabakken.\",\"breadcrumb\":{\"@id\":\"https:\\\/\\\/buitenpizzaovenkopen.nl\\\/pizza-oven-kopen\\\/tussenplateau-voor-pizza-oven\\\/#breadcrumb\"},\"inLanguage\":\"de\",\"potentialAction\":[{\"@type\":\"ReadAction\",\"target\":[\"https:\\\/\\\/buitenpizzaovenkopen.nl\\\/pizza-oven-kopen\\\/tussenplateau-voor-pizza-oven\\\/\"]}]},{\"@type\":\"ImageObject\",\"inLanguage\":\"de\",\"@id\":\"https:\\\/\\\/buitenpizzaovenkopen.nl\\\/pizza-oven-kopen\\\/tussenplateau-voor-pizza-oven\\\/#primaryimage\",\"url\":\"https:\\\/\\\/buitenpizzaovenkopen.nl\\\/wp-content\\\/uploads\\\/2024\\\/03\\\/d8134c02-84ac-43ef-8d8a-5166b24231ba.jpeg\",\"contentUrl\":\"https:\\\/\\\/buitenpizzaovenkopen.nl\\\/wp-content\\\/uploads\\\/2024\\\/03\\\/d8134c02-84ac-43ef-8d8a-5166b24231ba.jpeg\",\"width\":1500,\"height\":2000,\"caption\":\"Tussenplateau voor pizza oven\"},{\"@type\":\"BreadcrumbList\",\"@id\":\"https:\\\/\\\/buitenpizzaovenkopen.nl\\\/pizza-oven-kopen\\\/tussenplateau-voor-pizza-oven\\\/#breadcrumb\",\"itemListElement\":[{\"@type\":\"ListItem\",\"position\":1,\"name\":\"Home\",\"item\":\"https:\\\/\\\/buitenpizzaovenkopen.nl\\\/\"},{\"@type\":\"ListItem\",\"position\":2,\"name\":\"Pizza oven kopen\",\"item\":\"https:\\\/\\\/buitenpizzaovenkopen.nl\\\/pizzaoven-kopen\\\/\"},{\"@type\":\"ListItem\",\"position\":3,\"name\":\"Tussenplateau voor BEEK GRANDE pizza oven\"}]},{\"@type\":\"WebSite\",\"@id\":\"https:\\\/\\\/buitenpizzaovenkopen.nl\\\/#website\",\"url\":\"https:\\\/\\\/buitenpizzaovenkopen.nl\\\/\",\"name\":\"Buitenpizzaovenkopen.nl\",\"description\":\"is onderdeel van Casa di Ruscello\",\"publisher\":{\"@id\":\"https:\\\/\\\/buitenpizzaovenkopen.nl\\\/#organization\"},\"potentialAction\":[{\"@type\":\"SearchAction\",\"target\":{\"@type\":\"EntryPoint\",\"urlTemplate\":\"https:\\\/\\\/buitenpizzaovenkopen.nl\\\/?s={search_term_string}\"},\"query-input\":{\"@type\":\"PropertyValueSpecification\",\"valueRequired\":true,\"valueName\":\"search_term_string\"}}],\"inLanguage\":\"de\"},{\"@type\":\"Organization\",\"@id\":\"https:\\\/\\\/buitenpizzaovenkopen.nl\\\/#organization\",\"name\":\"Casa du Ruscello\",\"url\":\"https:\\\/\\\/buitenpizzaovenkopen.nl\\\/\",\"logo\":{\"@type\":\"ImageObject\",\"inLanguage\":\"de\",\"@id\":\"https:\\\/\\\/buitenpizzaovenkopen.nl\\\/#\\\/schema\\\/logo\\\/image\\\/\",\"url\":\"https:\\\/\\\/buitenpizzaovenkopen.nl\\\/wp-content\\\/uploads\\\/2020\\\/02\\\/logo.gif\",\"contentUrl\":\"https:\\\/\\\/buitenpizzaovenkopen.nl\\\/wp-content\\\/uploads\\\/2020\\\/02\\\/logo.gif\",\"width\":300,\"height\":305,\"caption\":\"Casa du Ruscello\"},\"image\":{\"@id\":\"https:\\\/\\\/buitenpizzaovenkopen.nl\\\/#\\\/schema\\\/logo\\\/image\\\/\"}}]}<\/script>\n<!-- \/ Yoast SEO plugin. -->","yoast_head_json":{"title":"Tussenplateau voor BEEK GRANDE pizza oven Buitenpizzaovenkopen.nl","description":"Entdecken Sie die &#034;intermediate-Regal f\u00fcr Pizza-Ofen&#034;, ideal f\u00fcr BEEK GRANDE Classico und Modelle. Perfekt f\u00fcr den zus\u00e4tzlichen Stauraum und Arbeitsfl\u00e4che, w\u00e4hrend Sie pizza Backen.","robots":{"index":"index","follow":"follow","max-snippet":"max-snippet:-1","max-image-preview":"max-image-preview:large","max-video-preview":"max-video-preview:-1"},"canonical":"https:\/\/buitenpizzaovenkopen.nl\/de\/pizza-oven-kopen\/tussenplateau-voor-pizza-oven\/","og_locale":"de_DE","og_type":"article","og_title":"Tussenplateau voor BEEK GRANDE pizza oven Buitenpizzaovenkopen.nl","og_description":"Ontdek het 'Tussenplateau voor Pizza Oven', ideaal voor BEEK GRANDE en Classico modellen. Perfect voor extra opslag en werkruimte tijdens het pizzabakken.","og_url":"https:\/\/buitenpizzaovenkopen.nl\/de\/pizza-oven-kopen\/tussenplateau-voor-pizza-oven\/","og_site_name":"Buitenpizzaovenkopen.nl","article_modified_time":"2024-05-18T20:09:19+00:00","og_image":[{"width":1500,"height":2000,"url":"https:\/\/buitenpizzaovenkopen.nl\/wp-content\/uploads\/2024\/03\/d8134c02-84ac-43ef-8d8a-5166b24231ba.jpeg","type":"image\/jpeg"}],"twitter_card":"summary_large_image","twitter_misc":{"Gesch\u00e4tzte Lesezeit":"2\u00a0Minuten"},"schema":{"@context":"https:\/\/schema.org","@graph":[{"@type":"WebPage","@id":"https:\/\/buitenpizzaovenkopen.nl\/pizza-oven-kopen\/tussenplateau-voor-pizza-oven\/","url":"https:\/\/buitenpizzaovenkopen.nl\/pizza-oven-kopen\/tussenplateau-voor-pizza-oven\/","name":"Tussenplateau voor BEEK GRANDE pizza oven Buitenpizzaovenkopen.nl","isPartOf":{"@id":"https:\/\/buitenpizzaovenkopen.nl\/#website"},"primaryImageOfPage":{"@id":"https:\/\/buitenpizzaovenkopen.nl\/pizza-oven-kopen\/tussenplateau-voor-pizza-oven\/#primaryimage"},"image":{"@id":"https:\/\/buitenpizzaovenkopen.nl\/pizza-oven-kopen\/tussenplateau-voor-pizza-oven\/#primaryimage"},"thumbnailUrl":"https:\/\/buitenpizzaovenkopen.nl\/wp-content\/uploads\/2024\/03\/d8134c02-84ac-43ef-8d8a-5166b24231ba.jpeg","datePublished":"2024-04-23T07:00:02+00:00","dateModified":"2024-05-18T20:09:19+00:00","description":"Entdecken Sie die &#034;intermediate-Regal f\u00fcr Pizza-Ofen&#034;, ideal f\u00fcr BEEK GRANDE Classico und Modelle. Perfekt f\u00fcr den zus\u00e4tzlichen Stauraum und Arbeitsfl\u00e4che, w\u00e4hrend Sie pizza Backen.","breadcrumb":{"@id":"https:\/\/buitenpizzaovenkopen.nl\/pizza-oven-kopen\/tussenplateau-voor-pizza-oven\/#breadcrumb"},"inLanguage":"de","potentialAction":[{"@type":"ReadAction","target":["https:\/\/buitenpizzaovenkopen.nl\/pizza-oven-kopen\/tussenplateau-voor-pizza-oven\/"]}]},{"@type":"ImageObject","inLanguage":"de","@id":"https:\/\/buitenpizzaovenkopen.nl\/pizza-oven-kopen\/tussenplateau-voor-pizza-oven\/#primaryimage","url":"https:\/\/buitenpizzaovenkopen.nl\/wp-content\/uploads\/2024\/03\/d8134c02-84ac-43ef-8d8a-5166b24231ba.jpeg","contentUrl":"https:\/\/buitenpizzaovenkopen.nl\/wp-content\/uploads\/2024\/03\/d8134c02-84ac-43ef-8d8a-5166b24231ba.jpeg","width":1500,"height":2000,"caption":"Tussenplateau voor pizza oven"},{"@type":"BreadcrumbList","@id":"https:\/\/buitenpizzaovenkopen.nl\/pizza-oven-kopen\/tussenplateau-voor-pizza-oven\/#breadcrumb","itemListElement":[{"@type":"ListItem","position":1,"name":"Home","item":"https:\/\/buitenpizzaovenkopen.nl\/"},{"@type":"ListItem","position":2,"name":"Pizza oven kopen","item":"https:\/\/buitenpizzaovenkopen.nl\/pizzaoven-kopen\/"},{"@type":"ListItem","position":3,"name":"Tussenplateau voor BEEK GRANDE pizza oven"}]},{"@type":"WebSite","@id":"https:\/\/buitenpizzaovenkopen.nl\/#website","url":"https:\/\/buitenpizzaovenkopen.nl\/","name":"Buitenpizzaovenkopen.nl","description":"ist Teil von Casa Di Ruscello","publisher":{"@id":"https:\/\/buitenpizzaovenkopen.nl\/#organization"},"potentialAction":[{"@type":"SearchAction","target":{"@type":"EntryPoint","urlTemplate":"https:\/\/buitenpizzaovenkopen.nl\/?s={search_term_string}"},"query-input":{"@type":"PropertyValueSpecification","valueRequired":true,"valueName":"search_term_string"}}],"inLanguage":"de"},{"@type":"Organization","@id":"https:\/\/buitenpizzaovenkopen.nl\/#organization","name":"Casa du Ruscello","url":"https:\/\/buitenpizzaovenkopen.nl\/","logo":{"@type":"ImageObject","inLanguage":"de","@id":"https:\/\/buitenpizzaovenkopen.nl\/#\/schema\/logo\/image\/","url":"https:\/\/buitenpizzaovenkopen.nl\/wp-content\/uploads\/2020\/02\/logo.gif","contentUrl":"https:\/\/buitenpizzaovenkopen.nl\/wp-content\/uploads\/2020\/02\/logo.gif","width":300,"height":305,"caption":"Casa du Ruscello"},"image":{"@id":"https:\/\/buitenpizzaovenkopen.nl\/#\/schema\/logo\/image\/"}}]}},"_links":{"self":[{"href":"https:\/\/buitenpizzaovenkopen.nl\/de\/wp-json\/wp\/v2\/product\/8240","targetHints":{"allow":["GET"]}}],"collection":[{"href":"https:\/\/buitenpizzaovenkopen.nl\/de\/wp-json\/wp\/v2\/product"}],"about":[{"href":"https:\/\/buitenpizzaovenkopen.nl\/de\/wp-json\/wp\/v2\/types\/product"}],"wp:featuredmedia":[{"embeddable":true,"href":"https:\/\/buitenpizzaovenkopen.nl\/de\/wp-json\/wp\/v2\/media\/8236"}],"wp:attachment":[{"href":"https:\/\/buitenpizzaovenkopen.nl\/de\/wp-json\/wp\/v2\/media?parent=8240"}],"wp:term":[{"taxonomy":"product_brand","embeddable":true,"href":"https:\/\/buitenpizzaovenkopen.nl\/de\/wp-json\/wp\/v2\/product_brand?post=8240"},{"taxonomy":"product_cat","embeddable":true,"href":"https:\/\/buitenpizzaovenkopen.nl\/de\/wp-json\/wp\/v2\/product_cat?post=8240"},{"taxonomy":"product_tag","embeddable":true,"href":"https:\/\/buitenpizzaovenkopen.nl\/de\/wp-json\/wp\/v2\/product_tag?post=8240"}],"curies":[{"name":"wp","href":"https:\/\/api.w.org\/{rel}","templated":true}]}}