{"id":7710,"date":"2023-11-30T20:01:07","date_gmt":"2023-11-30T19:01:07","guid":{"rendered":"https:\/\/buitenpizzaovenkopen.nl\/?post_type=product&#038;p=7710"},"modified":"2025-08-15T14:18:31","modified_gmt":"2025-08-15T12:18:31","slug":"beek-corten-70-pizza-oven-inclusief-onderstel","status":"publish","type":"product","link":"https:\/\/buitenpizzaovenkopen.nl\/de\/pizza-oven-kopen\/beek-corten-70-pizza-oven-inclusief-onderstel\/","title":{"rendered":"BEEK Corten 70 classico pizza oven inclusief onderstel en 3 delige set tools inclusief keramisch werkblad van 80x80cm"},"content":{"rendered":"<p>Die BEEK Corten 70 Classico Pizzaofen, hergestellt aus strapazierf\u00e4higem Cortenstahl, ist eine revolution\u00e4re Erg\u00e4nzung zu jeder Au\u00dfenk\u00fcche. Dieser Ofen ist darauf ausgelegt, gleichzeitig bis zu 2 Pizzen zu backen, was ihn zu einer idealen Wahl f\u00fcr sowohl kleine Versammlungen als auch gro\u00dfe Veranstaltungen macht. Mit einer Backfl\u00e4che von 600\u00d7600 mm und einem Gewicht von nur 60 kg kombiniert dieser Ofen Mobilit\u00e4t mit der Robustheit von Cortenstahl.<\/p>\n<p>De nieuwste BEEK Corten 70 heeft een down force air circulatie en<br \/>\nEen regelbare inlaat waardoor de oven prachtig brand met gesloten deur.<br \/>\nIs dus voorzien van alle opties.<\/p>\n<p>Dieses Modell ist mit einem Cortenstahlgestell ausgestattet, das 180 cm lang und 80 cm breit ist, und wird mit einem 3-teiligen Set Pizzawerkzeug geliefert, einschlie\u00dflich einer gro\u00dfen Pizzaschaufel, einer Arbeits-\/Wendeschaufel und einer Ofenb\u00fcrste, die alle zu einem optimalen Benutzererlebnis beitragen. Der spezielle Pizzawerkzeughalter am Gestell sorgt f\u00fcr eine organisierte und leicht zug\u00e4ngliche Werkzeug w\u00e4hrend des Kochens.<\/p>\n<p>Der Ofen ist vollst\u00e4ndig isoliert mit sowohl Kuppel- als auch Bodenisolierung, was eine effiziente W\u00e4rmeregulierung gew\u00e4hrleistet. Die extra gro\u00dfe T\u00fcr\u00f6ffnung von 47 cm Breite und 23 cm H\u00f6he erleichtert das Be- und Entladen von Gerichten. Ob es sich um Pizzen, Brot, Fleisch oder Fisch handelt, der BEEK Corten 70 Classico Pizzaofen kann alles bew\u00e4ltigen, mit einer maximalen Temperatur von 500\u02daC und einer Aufheizzeit zwischen 15 und 30 Minuten.<\/p>\n<p>Neben seinen praktischen Eigenschaften betont die Wahl der Materialien die Langlebigkeit und \u00c4sthetik des Ofens. Cortenstahl ist bekannt f\u00fcr seine St\u00e4rke, Abriebfestigkeit und Wetterbest\u00e4ndigkeit, was zu einem Produkt f\u00fchrt, das sowohl funktional als auch optisch ansprechend ist. Die nat\u00fcrliche Rostfarbe des <a href=\"https:\/\/nl.wikipedia.org\/wiki\/Cortenstaal\" target=\"_blank\" rel=\"noopener\">Cortenstahl<\/a> verleiht dem Ofen ein warmes und zeitloses Erscheinungsbild, das perfekt in jede Au\u00dfenumgebung passt.<\/p>\n<p>Mit dem Kauf dieses Ofens erwerben Sie nicht nur ein leistungsstarkes Kochinstrument, sondern auch eine nachhaltige Investition, die Ihre kulinarischen Aktivit\u00e4ten auf ein h\u00f6heres Niveau hebt. Entdecken Sie die M\u00f6glichkeiten des BEEK Corten 70 Classico Pizzaofens und erleben Sie die Perfektion von holzgefeuerten Gerichten mit authentischem Geschmack.<\/p>\n<p><strong><br \/>\nWarm-up Zeit:<\/strong> 15-30 Minuten<br \/>\nPizza ist fertig in 2 Minuten<br \/>\n<strong>Maximale Temperatur:<\/strong>\u00a0500C<br \/>\n<strong>Kapazit\u00e4t:<\/strong> 2 Pizzen gleichzeitig bis zu 30 Pizzen pro Stunde!<br \/>\n<strong>T\u00fcr\u00f6ffnung extra large:<\/strong> 47 cm breit und 23 cm hoch<br \/>\n<strong>Empfohlen Kraftstoff:<\/strong> das Holz der Birke oder Hartholz wie Eiche, apple, Holz, etc.<br \/>\n<strong>Kochen Abschnitt:<\/strong> 600x600mm<br \/>\n<strong>Enth\u00e4lt:<\/strong> Pizzaofen, T\u00fcr 2mm dick!, Schornstein, Thermometer Marke Cewal (Italienisch), Edelstahl Feuerschutz \/ Feuerbox, gro\u00dfe Pizzaschaufel, Pizza Arbeits-\/Wendeschaufel und Ofenb\u00fcrste.<\/p>\n<p><strong>Material:<\/strong> Cortenstaal en RVS<br \/>\n<strong>Drain:<\/strong>\u00a0rvs 110mm<br \/>\n<strong>Isolierung:<\/strong> Kuppel und Boden Isolierung<br \/>\n<strong>Garantie:<\/strong>\u00a01 Jahr ab Kaufdatum<br \/>\n<strong>Farbe:<\/strong> Cortenstaal roestkleur en RVS<br \/>\n<strong>Productafmeting pizzaoven (H x B x D):<\/strong> 1100 x 700 x 750mm<br \/>\n<strong>Produkt-Gr\u00f6\u00dfe pizza-Ofen inklusive Corten steel base (H x w x D):<\/strong> 2100 x 1800 x 800mm<br \/>\nCortenstaal Onderstel 180cm lang bij 80cm breed, ambachtelijk oersterk gemaakt, inclusief speciale pizza tools houder (exclusief afgebeelde houten werkblad maar inclusief keramisch werkblad van 80x80cm )<\/p>\n<h4>Eigenschaften von Cortenstahl:<\/h4>\n<ul>\n<li>Sehr stark, verschlei\u00dffest und daher sehr langlebig.<\/li>\n<li>Sauberes und zeitloses Design.<\/li>\n<li>Wetterbest\u00e4ndiges und langlebiges Material.<\/li>\n<li>Warmes und nat\u00fcrliches Aussehen.<\/li>\n<li>Geringer Wartungsaufwand.<\/li>\n<\/ul>\n<p>Nehmen Sie gerne unverbindlich <a href=\"https:\/\/buitenpizzaovenkopen.nl\/de\/contact-buitenpizzaovenkopen\/\">Kontakt<\/a> mit uns auf!<\/p>\n<p>&nbsp;<\/p>","protected":false},"excerpt":{"rendered":"<p>Der Beek Corten 70 Pizzaofen ist wirklich ein hervorragender Ofen, der dem ernsthaften Pizza-Liebhaber die M\u00f6glichkeit bietet, in nur 90 Sekunden k\u00f6stliche Steinofenpizzen zu backen und dennoch vollst\u00e4ndig tragbar zu sein! Der Ofen hat eine gro\u00dfe interne Oberfl\u00e4che von 600 mm x 600 mm.<\/p>","protected":false},"featured_media":7475,"template":"","meta":{"_monsterinsights_skip_tracking":false,"_monsterinsights_sitenote_active":false,"_monsterinsights_sitenote_note":"","_monsterinsights_sitenote_category":0,"site-sidebar-layout":"default","site-content-layout":"default","ast-site-content-layout":"default","site-content-style":"default","site-sidebar-style":"default","ast-global-header-display":"","ast-banner-title-visibility":"","ast-main-header-display":"","ast-hfb-above-header-display":"","ast-hfb-below-header-display":"","ast-hfb-mobile-header-display":"","site-post-title":"","ast-breadcrumbs-content":"","ast-featured-img":"","footer-sml-layout":"","ast-disable-related-posts":"","theme-transparent-header-meta":"default","adv-header-id-meta":"","stick-header-meta":"","header-above-stick-meta":"","header-main-stick-meta":"","header-below-stick-meta":"","astra-migrate-meta-layouts":"set","ast-page-background-enabled":"default","ast-page-background-meta":{"desktop":{"background-color":"","background-image":"","background-repeat":"repeat","background-position":"center center","background-size":"auto","background-attachment":"scroll","background-type":"","background-media":"","overlay-type":"","overlay-color":"","overlay-opacity":"","overlay-gradient":""},"tablet":{"background-color":"","background-image":"","background-repeat":"repeat","background-position":"center center","background-size":"auto","background-attachment":"scroll","background-type":"","background-media":"","overlay-type":"","overlay-color":"","overlay-opacity":"","overlay-gradient":""},"mobile":{"background-color":"","background-image":"","background-repeat":"repeat","background-position":"center center","background-size":"auto","background-attachment":"scroll","background-type":"","background-media":"","overlay-type":"","overlay-color":"","overlay-opacity":"","overlay-gradient":""}},"ast-content-background-meta":{"desktop":{"background-color":"var(--ast-global-color-5)","background-image":"","background-repeat":"repeat","background-position":"center center","background-size":"auto","background-attachment":"scroll","background-type":"","background-media":"","overlay-type":"","overlay-color":"","overlay-opacity":"","overlay-gradient":""},"tablet":{"background-color":"var(--ast-global-color-5)","background-image":"","background-repeat":"repeat","background-position":"center center","background-size":"auto","background-attachment":"scroll","background-type":"","background-media":"","overlay-type":"","overlay-color":"","overlay-opacity":"","overlay-gradient":""},"mobile":{"background-color":"var(--ast-global-color-5)","background-image":"","background-repeat":"repeat","background-position":"center center","background-size":"auto","background-attachment":"scroll","background-type":"","background-media":"","overlay-type":"","overlay-color":"","overlay-opacity":"","overlay-gradient":""}}},"product_brand":[],"product_cat":[24],"product_tag":[],"class_list":{"0":"post-7710","1":"product","2":"type-product","3":"status-publish","4":"has-post-thumbnail","6":"product_cat-pizza-ovens","7":"product_shipping_class-verzendklasse-4","8":"desktop-align-left","9":"tablet-align-left","10":"mobile-align-left","12":"first","13":"instock","14":"sale","15":"featured","16":"taxable","17":"shipping-taxable","18":"purchasable","19":"product-type-simple"},"yoast_head":"<!-- This site is optimized with the Yoast SEO plugin v27.4 - https:\/\/yoast.com\/product\/yoast-seo-wordpress\/ -->\n<title>BEEK Corten 70 classico pizza oven inclusief onderstel en 3 delige set tools inclusief keramisch werkblad van 80x80cm -<\/title>\n<meta name=\"description\" content=\"BEEK Corten 70 classico pizza oven is een cortenstaal pizza oven die de pizzaliefhebber de mogelijkheid biedt om in 90 seconden heerlijke pizza&#039;s te bakken.\" \/>\n<meta name=\"robots\" content=\"index, follow, max-snippet:-1, max-image-preview:large, max-video-preview:-1\" \/>\n<link rel=\"canonical\" href=\"https:\/\/buitenpizzaovenkopen.nl\/de\/pizza-oven-kopen\/beek-corten-70-pizza-oven-inclusief-onderstel\/\" \/>\n<meta property=\"og:locale\" content=\"de_DE\" \/>\n<meta property=\"og:type\" content=\"article\" \/>\n<meta property=\"og:title\" content=\"BEEK Corten 70 classico pizza oven inclusief onderstel en 3 delige set tools inclusief keramisch werkblad van 80x80cm -\" \/>\n<meta property=\"og:description\" content=\"BEEK Corten 70 classico pizza oven is een cortenstaal pizza oven die de pizzaliefhebber de mogelijkheid biedt om in 90 seconden heerlijke pizza&#039;s te bakken.\" \/>\n<meta property=\"og:url\" content=\"https:\/\/buitenpizzaovenkopen.nl\/de\/pizza-oven-kopen\/beek-corten-70-pizza-oven-inclusief-onderstel\/\" \/>\n<meta property=\"og:site_name\" content=\"Buitenpizzaovenkopen.nl\" \/>\n<meta property=\"article:modified_time\" content=\"2025-08-15T12:18:31+00:00\" \/>\n<meta property=\"og:image\" content=\"https:\/\/buitenpizzaovenkopen.nl\/wp-content\/uploads\/2023\/02\/IMG_5247-scaled.jpeg\" \/>\n\t<meta property=\"og:image:width\" content=\"2560\" \/>\n\t<meta property=\"og:image:height\" content=\"1920\" \/>\n\t<meta property=\"og:image:type\" content=\"image\/jpeg\" \/>\n<meta name=\"twitter:card\" content=\"summary_large_image\" \/>\n<meta name=\"twitter:label1\" content=\"Gesch\u00e4tzte Lesezeit\" \/>\n\t<meta name=\"twitter:data1\" content=\"3\u00a0Minuten\" \/>\n<script type=\"application\/ld+json\" class=\"yoast-schema-graph\">{\"@context\":\"https:\\\/\\\/schema.org\",\"@graph\":[{\"@type\":\"WebPage\",\"@id\":\"https:\\\/\\\/buitenpizzaovenkopen.nl\\\/pizza-oven-kopen\\\/beek-corten-70-pizza-oven-inclusief-onderstel\\\/\",\"url\":\"https:\\\/\\\/buitenpizzaovenkopen.nl\\\/pizza-oven-kopen\\\/beek-corten-70-pizza-oven-inclusief-onderstel\\\/\",\"name\":\"BEEK Corten 70 classico pizza oven inclusief onderstel en 3 delige set tools inclusief keramisch werkblad van 80x80cm -\",\"isPartOf\":{\"@id\":\"https:\\\/\\\/buitenpizzaovenkopen.nl\\\/#website\"},\"primaryImageOfPage\":{\"@id\":\"https:\\\/\\\/buitenpizzaovenkopen.nl\\\/pizza-oven-kopen\\\/beek-corten-70-pizza-oven-inclusief-onderstel\\\/#primaryimage\"},\"image\":{\"@id\":\"https:\\\/\\\/buitenpizzaovenkopen.nl\\\/pizza-oven-kopen\\\/beek-corten-70-pizza-oven-inclusief-onderstel\\\/#primaryimage\"},\"thumbnailUrl\":\"https:\\\/\\\/buitenpizzaovenkopen.nl\\\/wp-content\\\/uploads\\\/2023\\\/02\\\/IMG_5247-scaled.jpeg\",\"datePublished\":\"2023-11-30T19:01:07+00:00\",\"dateModified\":\"2025-08-15T12:18:31+00:00\",\"description\":\"BEEK Corten 70 classico pizza oven is een cortenstaal pizza oven die de pizzaliefhebber de mogelijkheid biedt om in 90 seconden heerlijke pizza's te bakken.\",\"breadcrumb\":{\"@id\":\"https:\\\/\\\/buitenpizzaovenkopen.nl\\\/pizza-oven-kopen\\\/beek-corten-70-pizza-oven-inclusief-onderstel\\\/#breadcrumb\"},\"inLanguage\":\"de\",\"potentialAction\":[{\"@type\":\"ReadAction\",\"target\":[\"https:\\\/\\\/buitenpizzaovenkopen.nl\\\/pizza-oven-kopen\\\/beek-corten-70-pizza-oven-inclusief-onderstel\\\/\"]}]},{\"@type\":\"ImageObject\",\"inLanguage\":\"de\",\"@id\":\"https:\\\/\\\/buitenpizzaovenkopen.nl\\\/pizza-oven-kopen\\\/beek-corten-70-pizza-oven-inclusief-onderstel\\\/#primaryimage\",\"url\":\"https:\\\/\\\/buitenpizzaovenkopen.nl\\\/wp-content\\\/uploads\\\/2023\\\/02\\\/IMG_5247-scaled.jpeg\",\"contentUrl\":\"https:\\\/\\\/buitenpizzaovenkopen.nl\\\/wp-content\\\/uploads\\\/2023\\\/02\\\/IMG_5247-scaled.jpeg\",\"width\":2560,\"height\":1920,\"caption\":\"BEEK Corten 70 classico pizza oven\"},{\"@type\":\"BreadcrumbList\",\"@id\":\"https:\\\/\\\/buitenpizzaovenkopen.nl\\\/pizza-oven-kopen\\\/beek-corten-70-pizza-oven-inclusief-onderstel\\\/#breadcrumb\",\"itemListElement\":[{\"@type\":\"ListItem\",\"position\":1,\"name\":\"Home\",\"item\":\"https:\\\/\\\/buitenpizzaovenkopen.nl\\\/\"},{\"@type\":\"ListItem\",\"position\":2,\"name\":\"Pizza oven kopen\",\"item\":\"https:\\\/\\\/buitenpizzaovenkopen.nl\\\/pizzaoven-kopen\\\/\"},{\"@type\":\"ListItem\",\"position\":3,\"name\":\"BEEK Corten 70 classico pizza oven inclusief onderstel en 3 delige set tools inclusief keramisch werkblad van 80x80cm\"}]},{\"@type\":\"WebSite\",\"@id\":\"https:\\\/\\\/buitenpizzaovenkopen.nl\\\/#website\",\"url\":\"https:\\\/\\\/buitenpizzaovenkopen.nl\\\/\",\"name\":\"Buitenpizzaovenkopen.nl\",\"description\":\"is onderdeel van Casa di Ruscello\",\"publisher\":{\"@id\":\"https:\\\/\\\/buitenpizzaovenkopen.nl\\\/#organization\"},\"potentialAction\":[{\"@type\":\"SearchAction\",\"target\":{\"@type\":\"EntryPoint\",\"urlTemplate\":\"https:\\\/\\\/buitenpizzaovenkopen.nl\\\/?s={search_term_string}\"},\"query-input\":{\"@type\":\"PropertyValueSpecification\",\"valueRequired\":true,\"valueName\":\"search_term_string\"}}],\"inLanguage\":\"de\"},{\"@type\":\"Organization\",\"@id\":\"https:\\\/\\\/buitenpizzaovenkopen.nl\\\/#organization\",\"name\":\"Casa du Ruscello\",\"url\":\"https:\\\/\\\/buitenpizzaovenkopen.nl\\\/\",\"logo\":{\"@type\":\"ImageObject\",\"inLanguage\":\"de\",\"@id\":\"https:\\\/\\\/buitenpizzaovenkopen.nl\\\/#\\\/schema\\\/logo\\\/image\\\/\",\"url\":\"https:\\\/\\\/buitenpizzaovenkopen.nl\\\/wp-content\\\/uploads\\\/2020\\\/02\\\/logo.gif\",\"contentUrl\":\"https:\\\/\\\/buitenpizzaovenkopen.nl\\\/wp-content\\\/uploads\\\/2020\\\/02\\\/logo.gif\",\"width\":300,\"height\":305,\"caption\":\"Casa du Ruscello\"},\"image\":{\"@id\":\"https:\\\/\\\/buitenpizzaovenkopen.nl\\\/#\\\/schema\\\/logo\\\/image\\\/\"}}]}<\/script>\n<!-- \/ Yoast SEO plugin. -->","yoast_head_json":{"title":"BEEK Corten 70 classico pizza oven inclusief onderstel en 3 delige set tools inclusief keramisch werkblad van 80x80cm -","description":"BEEK Corten 70 classico pizza oven is een cortenstaal pizza oven die de pizzaliefhebber de mogelijkheid biedt om in 90 seconden heerlijke pizza's te bakken.","robots":{"index":"index","follow":"follow","max-snippet":"max-snippet:-1","max-image-preview":"max-image-preview:large","max-video-preview":"max-video-preview:-1"},"canonical":"https:\/\/buitenpizzaovenkopen.nl\/de\/pizza-oven-kopen\/beek-corten-70-pizza-oven-inclusief-onderstel\/","og_locale":"de_DE","og_type":"article","og_title":"BEEK Corten 70 classico pizza oven inclusief onderstel en 3 delige set tools inclusief keramisch werkblad van 80x80cm -","og_description":"BEEK Corten 70 classico pizza oven is een cortenstaal pizza oven die de pizzaliefhebber de mogelijkheid biedt om in 90 seconden heerlijke pizza's te bakken.","og_url":"https:\/\/buitenpizzaovenkopen.nl\/de\/pizza-oven-kopen\/beek-corten-70-pizza-oven-inclusief-onderstel\/","og_site_name":"Buitenpizzaovenkopen.nl","article_modified_time":"2025-08-15T12:18:31+00:00","og_image":[{"width":2560,"height":1920,"url":"https:\/\/buitenpizzaovenkopen.nl\/wp-content\/uploads\/2023\/02\/IMG_5247-scaled.jpeg","type":"image\/jpeg"}],"twitter_card":"summary_large_image","twitter_misc":{"Gesch\u00e4tzte Lesezeit":"3\u00a0Minuten"},"schema":{"@context":"https:\/\/schema.org","@graph":[{"@type":"WebPage","@id":"https:\/\/buitenpizzaovenkopen.nl\/pizza-oven-kopen\/beek-corten-70-pizza-oven-inclusief-onderstel\/","url":"https:\/\/buitenpizzaovenkopen.nl\/pizza-oven-kopen\/beek-corten-70-pizza-oven-inclusief-onderstel\/","name":"BEEK Corten 70 classico pizza oven inclusief onderstel en 3 delige set tools inclusief keramisch werkblad van 80x80cm -","isPartOf":{"@id":"https:\/\/buitenpizzaovenkopen.nl\/#website"},"primaryImageOfPage":{"@id":"https:\/\/buitenpizzaovenkopen.nl\/pizza-oven-kopen\/beek-corten-70-pizza-oven-inclusief-onderstel\/#primaryimage"},"image":{"@id":"https:\/\/buitenpizzaovenkopen.nl\/pizza-oven-kopen\/beek-corten-70-pizza-oven-inclusief-onderstel\/#primaryimage"},"thumbnailUrl":"https:\/\/buitenpizzaovenkopen.nl\/wp-content\/uploads\/2023\/02\/IMG_5247-scaled.jpeg","datePublished":"2023-11-30T19:01:07+00:00","dateModified":"2025-08-15T12:18:31+00:00","description":"BEEK Corten 70 classico pizza oven is een cortenstaal pizza oven die de pizzaliefhebber de mogelijkheid biedt om in 90 seconden heerlijke pizza's te bakken.","breadcrumb":{"@id":"https:\/\/buitenpizzaovenkopen.nl\/pizza-oven-kopen\/beek-corten-70-pizza-oven-inclusief-onderstel\/#breadcrumb"},"inLanguage":"de","potentialAction":[{"@type":"ReadAction","target":["https:\/\/buitenpizzaovenkopen.nl\/pizza-oven-kopen\/beek-corten-70-pizza-oven-inclusief-onderstel\/"]}]},{"@type":"ImageObject","inLanguage":"de","@id":"https:\/\/buitenpizzaovenkopen.nl\/pizza-oven-kopen\/beek-corten-70-pizza-oven-inclusief-onderstel\/#primaryimage","url":"https:\/\/buitenpizzaovenkopen.nl\/wp-content\/uploads\/2023\/02\/IMG_5247-scaled.jpeg","contentUrl":"https:\/\/buitenpizzaovenkopen.nl\/wp-content\/uploads\/2023\/02\/IMG_5247-scaled.jpeg","width":2560,"height":1920,"caption":"BEEK Corten 70 classico pizza oven"},{"@type":"BreadcrumbList","@id":"https:\/\/buitenpizzaovenkopen.nl\/pizza-oven-kopen\/beek-corten-70-pizza-oven-inclusief-onderstel\/#breadcrumb","itemListElement":[{"@type":"ListItem","position":1,"name":"Home","item":"https:\/\/buitenpizzaovenkopen.nl\/"},{"@type":"ListItem","position":2,"name":"Pizza oven kopen","item":"https:\/\/buitenpizzaovenkopen.nl\/pizzaoven-kopen\/"},{"@type":"ListItem","position":3,"name":"BEEK Corten 70 classico pizza oven inclusief onderstel en 3 delige set tools inclusief keramisch werkblad van 80x80cm"}]},{"@type":"WebSite","@id":"https:\/\/buitenpizzaovenkopen.nl\/#website","url":"https:\/\/buitenpizzaovenkopen.nl\/","name":"Buitenpizzaovenkopen.nl","description":"ist Teil von Casa Di Ruscello","publisher":{"@id":"https:\/\/buitenpizzaovenkopen.nl\/#organization"},"potentialAction":[{"@type":"SearchAction","target":{"@type":"EntryPoint","urlTemplate":"https:\/\/buitenpizzaovenkopen.nl\/?s={search_term_string}"},"query-input":{"@type":"PropertyValueSpecification","valueRequired":true,"valueName":"search_term_string"}}],"inLanguage":"de"},{"@type":"Organization","@id":"https:\/\/buitenpizzaovenkopen.nl\/#organization","name":"Casa du Ruscello","url":"https:\/\/buitenpizzaovenkopen.nl\/","logo":{"@type":"ImageObject","inLanguage":"de","@id":"https:\/\/buitenpizzaovenkopen.nl\/#\/schema\/logo\/image\/","url":"https:\/\/buitenpizzaovenkopen.nl\/wp-content\/uploads\/2020\/02\/logo.gif","contentUrl":"https:\/\/buitenpizzaovenkopen.nl\/wp-content\/uploads\/2020\/02\/logo.gif","width":300,"height":305,"caption":"Casa du Ruscello"},"image":{"@id":"https:\/\/buitenpizzaovenkopen.nl\/#\/schema\/logo\/image\/"}}]}},"_links":{"self":[{"href":"https:\/\/buitenpizzaovenkopen.nl\/de\/wp-json\/wp\/v2\/product\/7710","targetHints":{"allow":["GET"]}}],"collection":[{"href":"https:\/\/buitenpizzaovenkopen.nl\/de\/wp-json\/wp\/v2\/product"}],"about":[{"href":"https:\/\/buitenpizzaovenkopen.nl\/de\/wp-json\/wp\/v2\/types\/product"}],"wp:featuredmedia":[{"embeddable":true,"href":"https:\/\/buitenpizzaovenkopen.nl\/de\/wp-json\/wp\/v2\/media\/7475"}],"wp:attachment":[{"href":"https:\/\/buitenpizzaovenkopen.nl\/de\/wp-json\/wp\/v2\/media?parent=7710"}],"wp:term":[{"taxonomy":"product_brand","embeddable":true,"href":"https:\/\/buitenpizzaovenkopen.nl\/de\/wp-json\/wp\/v2\/product_brand?post=7710"},{"taxonomy":"product_cat","embeddable":true,"href":"https:\/\/buitenpizzaovenkopen.nl\/de\/wp-json\/wp\/v2\/product_cat?post=7710"},{"taxonomy":"product_tag","embeddable":true,"href":"https:\/\/buitenpizzaovenkopen.nl\/de\/wp-json\/wp\/v2\/product_tag?post=7710"}],"curies":[{"name":"wp","href":"https:\/\/api.w.org\/{rel}","templated":true}]}}