{"id":7709,"date":"2023-11-30T19:49:43","date_gmt":"2023-11-30T18:49:43","guid":{"rendered":"https:\/\/buitenpizzaovenkopen.nl\/?post_type=product&#038;p=7709"},"modified":"2025-08-15T14:21:10","modified_gmt":"2025-08-15T12:21:10","slug":"beek-corten-90-pizza-oven-cortenstaal-inclusief-afgebeeld-onderstel","status":"publish","type":"product","link":"https:\/\/buitenpizzaovenkopen.nl\/de\/pizza-oven-kopen\/beek-corten-90-pizza-oven-cortenstaal-inclusief-afgebeeld-onderstel\/","title":{"rendered":"BEEK Corten 90 Pizza Oven inclusief afgebeeld onderstel en 3 delige pizza tools seti nclusief keramisch werkblad van 70x80cm"},"content":{"rendered":"<p>Entdecken Sie die robuste Eleganz und au\u00dfergew\u00f6hnlichen Backen Kapazit\u00e4ten der BEEK Cortenstaal 90 pizza-Ofen inklusive base, ein must-have f\u00fcr jeden outdoor-K\u00fcche und schwere pizza-Liebhaber. Gefertigt aus robustem Corten-Stahl-dieser Ofen vereint moderne Funktionalit\u00e4t mit einem zeitlosen design und bietet eine ideale Kochen-L\u00f6sung f\u00fcr Hobby-K\u00f6che und Profi-K\u00f6che gleicherma\u00dfen.<\/p>\n<p>De nieuwste BEEK Corten 90 heeft een down force air circulatie en<br \/>\nEen regelbare inlaat waardoor de oven prachtig brand met gesloten deur.<br \/>\nIs dus voorzien van alle opties.<\/p>\n<p>Mit einer ger\u00e4umigen 800\u00d7600 mm Garraum, dieser Ofen Backen k\u00f6nnen bis zu 4 Pizzen gleichzeitig machen es perfekt f\u00fcr gro\u00dfe Familienfeiern oder eine kommerzielle Nutzung bei Veranstaltungen. Der BEEK Cortenstaal 90 erreicht eine maximale Temperatur von 500c, was bedeutet, dass die Pizza perfekt gebacken, die in nur 90 Sekunden, mit wunderbar knusprigen Kruste und saftiger Belag, die jeder liebt.<\/p>\n<p>Der Backofen ist ausgestattet mit einem 2 mm dicken Edelstahl T\u00fcr, hohe-Qualit\u00e4t Kamin, eine zuverl\u00e4ssige Cewal thermometer und ein Edelstahl-Feuer-Bildschirm, alle entwickelt, um sicherzustellen, Effizienz und Langlebigkeit. Die Corten-Stahl-Basis, 180 cm lang und 80 cm breit ist, ist nicht nur stark und stabil, aber auch angereichert mit einer speziellen Halterung f\u00fcr pizza Werkzeuge, die sorgt f\u00fcr Komfort und Sauberkeit beim Kochen.<\/p>\n<p>Der Beek Cortenstaal 90 ist nicht nur eine funktionelle Kochen Ger\u00e4t; es ist auch ein statement f\u00fcr design. Corten-Stahl-ist bekannt f\u00fcr seine Witterungsbest\u00e4ndigkeit und Nat\u00fcrliche Rost-Farbe Formen eine sch\u00fctzende Schicht \u00fcber die Zeit, so dass der Ofen resistent gegen verschiedene Wetter Bedingungen ohne Wartung. Dieser Backofen bietet nicht nur au\u00dfergew\u00f6hnliche Kochen-Leistung, sondern verbessert auch die \u00e4sthetik Ihres Platz im freien.<\/p>\n<p>Jeder Ofen ist mit einem ein-Jahres-Garantie ab dem Tag der Kauf, die Bereitstellung Versicherung in der Haltbarkeit und Qualit\u00e4t dieses Produkts. Egal, ob Sie ein leidenschaftlicher Hause Koch oder Profi-der BEEK Cortenstaal 90 pizza-Ofen mit base ist die perfekte Wahl zum Backen authentische, leckere Pizza beim hinzuf\u00fcgen einen Hauch von Stil zu Ihre outdoor cooking experience.<\/p>\n<p><strong><br \/>\nWarm-up Zeit:<\/strong> 15-40 Minuten<br \/>\n<strong>Maximale Temperatur:<\/strong> 500C<br \/>\n<strong>- Kochen-Geschwindigkeit:<\/strong> 90 Sekunden<br \/>\n<strong>Kapazit\u00e4t:<\/strong> Bis zu 4 Pizzen oder andere Gerichte<br \/>\n<strong>Empfohlen Kraftstoff:<\/strong> Birke \/ Esche und \/ oder Harth\u00f6lzer wie Buche, Eiche, Apfel, Holz etc.<br \/>\n<strong>Kochen Abschnitt:<\/strong> 800x600mm, extra breiten Backen Boden<br \/>\n<b>\u00c4u\u00dfere dimension<\/b>: 92cm breit und 79 cm tief<br \/>\n<strong>Enth\u00e4lt:<\/strong> Pizza-Ofen, Edelstahl T\u00fcr 2mm dick!, schoorsteen, thermometer merk Cewal (italiaans), RVS vuurscherm\/ firebox, pizzaschep merk Falci<br \/>\n<strong>Drain:<\/strong> 150mm<br \/>\n<strong>Garantie:<\/strong> 1 Jahr ab Kaufdatum<br \/>\n<strong>Farbe:<\/strong> Cortenstahl mit Edelstahl<br \/>\n<strong>Productafmeting pizzaoven (H x B x D):<\/strong> 1100 x 920 X 790 mm<br \/>\n<strong>Produkt-Gr\u00f6\u00dfe pizza-Ofen inklusive Corten steel base (H x w x D):<\/strong> 2100 x 1800 x 800mm<\/p>\n<p><a href=\"https:\/\/nl.wikipedia.org\/wiki\/Cortenstaal\" target=\"_blank\" rel=\"noopener\">Cortenstahl<\/a> Onderstel 180cm lang bij 80cm breed, ambachtelijk oersterk gemaakt, inclusief speciale pizza tools houder (exclusief afgebeelde houten werkblad maar inclusief keramisch werkblad van 70x80cm)<\/p>\n<h4>Eigenschaften von Cortenstahl:<\/h4>\n<ul>\n<li>Sehr stark, verschlei\u00dffest und daher sehr langlebig.<\/li>\n<li>Sauberes und zeitloses Design.<\/li>\n<li>Wetterbest\u00e4ndiges und langlebiges Material.<\/li>\n<li>Warmes und nat\u00fcrliches Aussehen.<\/li>\n<li>Geringer Wartungsaufwand.<\/li>\n<\/ul>\n<p>Werfen Sie einen Blick auf den kleineren Bruder, den BEEK Corten 70 <a href=\"https:\/\/buitenpizzaovenkopen.nl\/de\/pizza-oven-kopen\/beek-corten-70-pizza-oven-inclusief-falci-pizzaschep\/\">https:\/\/buitenpizzaovenkopen.nl\/pizza-oven-kopen\/beek-corten-70-pizza-oven-inclusief-falci-pizzaschep\/<\/a><\/p>\n<p>&nbsp;<\/p>","protected":false},"excerpt":{"rendered":"<p>Der BEEK Corten 90 Pizzaofen ist ein mittelgro\u00dfer Ofen aus Cortenstahl und Edelstahl, in dem 1, 2, 3 oder 4 Pizzen gleichzeitig gebacken werden k\u00f6nnen. Der Ofen hat eine extrabreite Backfl\u00e4che von 800 mm Breite und 600 mm Tiefe. Er wiegt etwa 85 kg, was diesen Ofen immer noch unglaublich mobil macht.<br \/>\nMit diesem tollen Ofen k\u00f6nnen Sie Backen leckere Pizza f\u00fcr Ihre Familie oder Freunde, aber auch geeignet f\u00fcr gro\u00dfe Familien, gr\u00f6\u00dfere Gruppen, catering und food truck.<\/p>\n<p>Der BEEK Corten 90 ist vollst\u00e4ndig isoliert und verf\u00fcgt \u00fcber eine extrabreite Zugangst\u00fcr und eine angenehme H\u00f6he, sodass Sie darin gro\u00dfartige Pizzen backen k\u00f6nnen, aber auch andere Gerichte wie Fleischgerichte, Fisch, Brot usw.<br \/>\nEs ist ein all-rounder!<br \/>\nEs verf\u00fcgt au\u00dferdem \u00fcber einen abnehmbaren Schornstein, einen eingebauten CEWAL-Thermometer aus Italien und einen eleganten Chamottesteinboden. Der Ofen brennt mit Holz und erreicht die beste W\u00e4rme mit trockenem Holz, wie Birke, Esche, Buche, Eiche oder Obstbaumholz.<\/p>\n<p>Kommt standard mit italienischer pizza Schaufel aus der Falci-Marke, damit k\u00f6nnen Sie sofort anfangen zu Backen der leckersten Pizzen<\/p>\n<h4>Eigenschaften von Cortenstahl:<\/h4>\n<ul>\n<li>Sehr stark, verschlei\u00dffest und daher sehr langlebig.<\/li>\n<li>Sauberes und zeitloses Design.<\/li>\n<li>Wetterbest\u00e4ndiges und langlebiges Material.<\/li>\n<li>Warmes und nat\u00fcrliches Aussehen.<\/li>\n<li>Geringer Wartungsaufwand.<\/li>\n<\/ul>\n<p>Nehmen Sie auch einen Blick auf den kleineren Bruder, den BEEK Classico 70. https:\/\/buitenpizzaovenkopen.nl\/pizza-oven-kopen\/beek-classico-pizza-oven\/<\/p>","protected":false},"featured_media":7544,"template":"","meta":{"_monsterinsights_skip_tracking":false,"_monsterinsights_sitenote_active":false,"_monsterinsights_sitenote_note":"","_monsterinsights_sitenote_category":0,"site-sidebar-layout":"default","site-content-layout":"default","ast-site-content-layout":"default","site-content-style":"default","site-sidebar-style":"default","ast-global-header-display":"","ast-banner-title-visibility":"","ast-main-header-display":"","ast-hfb-above-header-display":"","ast-hfb-below-header-display":"","ast-hfb-mobile-header-display":"","site-post-title":"","ast-breadcrumbs-content":"","ast-featured-img":"","footer-sml-layout":"","ast-disable-related-posts":"","theme-transparent-header-meta":"default","adv-header-id-meta":"","stick-header-meta":"","header-above-stick-meta":"","header-main-stick-meta":"","header-below-stick-meta":"","astra-migrate-meta-layouts":"set","ast-page-background-enabled":"default","ast-page-background-meta":{"desktop":{"background-color":"","background-image":"","background-repeat":"repeat","background-position":"center center","background-size":"auto","background-attachment":"scroll","background-type":"","background-media":"","overlay-type":"","overlay-color":"","overlay-opacity":"","overlay-gradient":""},"tablet":{"background-color":"","background-image":"","background-repeat":"repeat","background-position":"center center","background-size":"auto","background-attachment":"scroll","background-type":"","background-media":"","overlay-type":"","overlay-color":"","overlay-opacity":"","overlay-gradient":""},"mobile":{"background-color":"","background-image":"","background-repeat":"repeat","background-position":"center center","background-size":"auto","background-attachment":"scroll","background-type":"","background-media":"","overlay-type":"","overlay-color":"","overlay-opacity":"","overlay-gradient":""}},"ast-content-background-meta":{"desktop":{"background-color":"var(--ast-global-color-5)","background-image":"","background-repeat":"repeat","background-position":"center center","background-size":"auto","background-attachment":"scroll","background-type":"","background-media":"","overlay-type":"","overlay-color":"","overlay-opacity":"","overlay-gradient":""},"tablet":{"background-color":"var(--ast-global-color-5)","background-image":"","background-repeat":"repeat","background-position":"center center","background-size":"auto","background-attachment":"scroll","background-type":"","background-media":"","overlay-type":"","overlay-color":"","overlay-opacity":"","overlay-gradient":""},"mobile":{"background-color":"var(--ast-global-color-5)","background-image":"","background-repeat":"repeat","background-position":"center center","background-size":"auto","background-attachment":"scroll","background-type":"","background-media":"","overlay-type":"","overlay-color":"","overlay-opacity":"","overlay-gradient":""}}},"product_brand":[],"product_cat":[24],"product_tag":[129,135,131,136],"class_list":{"0":"post-7709","1":"product","2":"type-product","3":"status-publish","4":"has-post-thumbnail","6":"product_cat-pizza-ovens","7":"product_tag-beek","8":"product_tag-grande","9":"product_tag-houtgestookt","10":"product_tag-pizza-oven","11":"product_shipping_class-verzendklasse-4","12":"desktop-align-left","13":"tablet-align-left","14":"mobile-align-left","16":"first","17":"instock","18":"sale","19":"featured","20":"taxable","21":"shipping-taxable","22":"purchasable","23":"product-type-simple"},"yoast_head":"<!-- This site is optimized with the Yoast SEO plugin v27.3 - https:\/\/yoast.com\/product\/yoast-seo-wordpress\/ -->\n<title>BEEK cortenstaal 90 pizzaoven inclusief onderstel - Buitenpizzaovenkopen.nl<\/title>\n<meta name=\"description\" content=\"De BEEK Cortenstaal 90 pizzaoven inclusief onderstel is een ruime houtgestookte pizza oven waar eenvoudig tot 4 pizza\u2019s tegelijk in kunnen worden gebakken!\" \/>\n<meta name=\"robots\" content=\"index, follow, max-snippet:-1, max-image-preview:large, max-video-preview:-1\" \/>\n<link rel=\"canonical\" href=\"https:\/\/buitenpizzaovenkopen.nl\/de\/pizza-oven-kopen\/beek-corten-90-pizza-oven-cortenstaal-inclusief-afgebeeld-onderstel\/\" \/>\n<meta property=\"og:locale\" content=\"de_DE\" \/>\n<meta property=\"og:type\" content=\"article\" \/>\n<meta property=\"og:title\" content=\"BEEK cortenstaal 90 pizzaoven inclusief onderstel - Buitenpizzaovenkopen.nl\" \/>\n<meta property=\"og:description\" content=\"De BEEK Cortenstaal 90 pizzaoven inclusief onderstel is een ruime houtgestookte pizza oven waar eenvoudig tot 4 pizza\u2019s tegelijk in kunnen worden gebakken!\" \/>\n<meta property=\"og:url\" content=\"https:\/\/buitenpizzaovenkopen.nl\/de\/pizza-oven-kopen\/beek-corten-90-pizza-oven-cortenstaal-inclusief-afgebeeld-onderstel\/\" \/>\n<meta property=\"og:site_name\" content=\"Buitenpizzaovenkopen.nl\" \/>\n<meta property=\"article:modified_time\" content=\"2025-08-15T12:21:10+00:00\" \/>\n<meta property=\"og:image\" content=\"https:\/\/buitenpizzaovenkopen.nl\/wp-content\/uploads\/2023\/06\/IMG_5168-scaled.jpeg\" \/>\n\t<meta property=\"og:image:width\" content=\"2560\" \/>\n\t<meta property=\"og:image:height\" content=\"1920\" \/>\n\t<meta property=\"og:image:type\" content=\"image\/jpeg\" \/>\n<meta name=\"twitter:card\" content=\"summary_large_image\" \/>\n<meta name=\"twitter:label1\" content=\"Gesch\u00e4tzte Lesezeit\" \/>\n\t<meta name=\"twitter:data1\" content=\"3\u00a0Minuten\" \/>\n<script type=\"application\/ld+json\" class=\"yoast-schema-graph\">{\"@context\":\"https:\\\/\\\/schema.org\",\"@graph\":[{\"@type\":\"WebPage\",\"@id\":\"https:\\\/\\\/buitenpizzaovenkopen.nl\\\/pizza-oven-kopen\\\/beek-corten-90-pizza-oven-cortenstaal-inclusief-afgebeeld-onderstel\\\/\",\"url\":\"https:\\\/\\\/buitenpizzaovenkopen.nl\\\/pizza-oven-kopen\\\/beek-corten-90-pizza-oven-cortenstaal-inclusief-afgebeeld-onderstel\\\/\",\"name\":\"BEEK cortenstaal 90 pizzaoven inclusief onderstel - Buitenpizzaovenkopen.nl\",\"isPartOf\":{\"@id\":\"https:\\\/\\\/buitenpizzaovenkopen.nl\\\/#website\"},\"primaryImageOfPage\":{\"@id\":\"https:\\\/\\\/buitenpizzaovenkopen.nl\\\/pizza-oven-kopen\\\/beek-corten-90-pizza-oven-cortenstaal-inclusief-afgebeeld-onderstel\\\/#primaryimage\"},\"image\":{\"@id\":\"https:\\\/\\\/buitenpizzaovenkopen.nl\\\/pizza-oven-kopen\\\/beek-corten-90-pizza-oven-cortenstaal-inclusief-afgebeeld-onderstel\\\/#primaryimage\"},\"thumbnailUrl\":\"https:\\\/\\\/buitenpizzaovenkopen.nl\\\/wp-content\\\/uploads\\\/2023\\\/06\\\/IMG_5168-scaled.jpeg\",\"datePublished\":\"2023-11-30T18:49:43+00:00\",\"dateModified\":\"2025-08-15T12:21:10+00:00\",\"description\":\"De BEEK Cortenstaal 90 pizzaoven inclusief onderstel is een ruime houtgestookte pizza oven waar eenvoudig tot 4 pizza\u2019s tegelijk in kunnen worden gebakken!\",\"breadcrumb\":{\"@id\":\"https:\\\/\\\/buitenpizzaovenkopen.nl\\\/pizza-oven-kopen\\\/beek-corten-90-pizza-oven-cortenstaal-inclusief-afgebeeld-onderstel\\\/#breadcrumb\"},\"inLanguage\":\"de\",\"potentialAction\":[{\"@type\":\"ReadAction\",\"target\":[\"https:\\\/\\\/buitenpizzaovenkopen.nl\\\/pizza-oven-kopen\\\/beek-corten-90-pizza-oven-cortenstaal-inclusief-afgebeeld-onderstel\\\/\"]}]},{\"@type\":\"ImageObject\",\"inLanguage\":\"de\",\"@id\":\"https:\\\/\\\/buitenpizzaovenkopen.nl\\\/pizza-oven-kopen\\\/beek-corten-90-pizza-oven-cortenstaal-inclusief-afgebeeld-onderstel\\\/#primaryimage\",\"url\":\"https:\\\/\\\/buitenpizzaovenkopen.nl\\\/wp-content\\\/uploads\\\/2023\\\/06\\\/IMG_5168-scaled.jpeg\",\"contentUrl\":\"https:\\\/\\\/buitenpizzaovenkopen.nl\\\/wp-content\\\/uploads\\\/2023\\\/06\\\/IMG_5168-scaled.jpeg\",\"width\":2560,\"height\":1920,\"caption\":\"BEEK Cortenstaal 90 pizzaoven inclusief onderstel\"},{\"@type\":\"BreadcrumbList\",\"@id\":\"https:\\\/\\\/buitenpizzaovenkopen.nl\\\/pizza-oven-kopen\\\/beek-corten-90-pizza-oven-cortenstaal-inclusief-afgebeeld-onderstel\\\/#breadcrumb\",\"itemListElement\":[{\"@type\":\"ListItem\",\"position\":1,\"name\":\"Home\",\"item\":\"https:\\\/\\\/buitenpizzaovenkopen.nl\\\/\"},{\"@type\":\"ListItem\",\"position\":2,\"name\":\"Pizza oven kopen\",\"item\":\"https:\\\/\\\/buitenpizzaovenkopen.nl\\\/pizzaoven-kopen\\\/\"},{\"@type\":\"ListItem\",\"position\":3,\"name\":\"BEEK Corten 90 Pizza Oven inclusief afgebeeld onderstel en 3 delige pizza tools seti nclusief keramisch werkblad van 70x80cm\"}]},{\"@type\":\"WebSite\",\"@id\":\"https:\\\/\\\/buitenpizzaovenkopen.nl\\\/#website\",\"url\":\"https:\\\/\\\/buitenpizzaovenkopen.nl\\\/\",\"name\":\"Buitenpizzaovenkopen.nl\",\"description\":\"is onderdeel van Casa di Ruscello\",\"publisher\":{\"@id\":\"https:\\\/\\\/buitenpizzaovenkopen.nl\\\/#organization\"},\"potentialAction\":[{\"@type\":\"SearchAction\",\"target\":{\"@type\":\"EntryPoint\",\"urlTemplate\":\"https:\\\/\\\/buitenpizzaovenkopen.nl\\\/?s={search_term_string}\"},\"query-input\":{\"@type\":\"PropertyValueSpecification\",\"valueRequired\":true,\"valueName\":\"search_term_string\"}}],\"inLanguage\":\"de\"},{\"@type\":\"Organization\",\"@id\":\"https:\\\/\\\/buitenpizzaovenkopen.nl\\\/#organization\",\"name\":\"Casa du Ruscello\",\"url\":\"https:\\\/\\\/buitenpizzaovenkopen.nl\\\/\",\"logo\":{\"@type\":\"ImageObject\",\"inLanguage\":\"de\",\"@id\":\"https:\\\/\\\/buitenpizzaovenkopen.nl\\\/#\\\/schema\\\/logo\\\/image\\\/\",\"url\":\"https:\\\/\\\/buitenpizzaovenkopen.nl\\\/wp-content\\\/uploads\\\/2020\\\/02\\\/logo.gif\",\"contentUrl\":\"https:\\\/\\\/buitenpizzaovenkopen.nl\\\/wp-content\\\/uploads\\\/2020\\\/02\\\/logo.gif\",\"width\":300,\"height\":305,\"caption\":\"Casa du Ruscello\"},\"image\":{\"@id\":\"https:\\\/\\\/buitenpizzaovenkopen.nl\\\/#\\\/schema\\\/logo\\\/image\\\/\"}}]}<\/script>\n<!-- \/ Yoast SEO plugin. -->","yoast_head_json":{"title":"BEEK cortenstaal 90 pizza-Ofen inklusive Basis - Buitenpizzaovenkopen.nl","description":"Der Beek Cortenstaal 90 pizza-Ofen inklusive Basis ist eine ger\u00e4umige wood-fired pizza oven, dass einfach Nachbacken kann bis zu 4 Pizzen gleichzeitig!","robots":{"index":"index","follow":"follow","max-snippet":"max-snippet:-1","max-image-preview":"max-image-preview:large","max-video-preview":"max-video-preview:-1"},"canonical":"https:\/\/buitenpizzaovenkopen.nl\/de\/pizza-oven-kopen\/beek-corten-90-pizza-oven-cortenstaal-inclusief-afgebeeld-onderstel\/","og_locale":"de_DE","og_type":"article","og_title":"BEEK cortenstaal 90 pizzaoven inclusief onderstel - Buitenpizzaovenkopen.nl","og_description":"De BEEK Cortenstaal 90 pizzaoven inclusief onderstel is een ruime houtgestookte pizza oven waar eenvoudig tot 4 pizza\u2019s tegelijk in kunnen worden gebakken!","og_url":"https:\/\/buitenpizzaovenkopen.nl\/de\/pizza-oven-kopen\/beek-corten-90-pizza-oven-cortenstaal-inclusief-afgebeeld-onderstel\/","og_site_name":"Buitenpizzaovenkopen.nl","article_modified_time":"2025-08-15T12:21:10+00:00","og_image":[{"width":2560,"height":1920,"url":"https:\/\/buitenpizzaovenkopen.nl\/wp-content\/uploads\/2023\/06\/IMG_5168-scaled.jpeg","type":"image\/jpeg"}],"twitter_card":"summary_large_image","twitter_misc":{"Gesch\u00e4tzte Lesezeit":"3\u00a0Minuten"},"schema":{"@context":"https:\/\/schema.org","@graph":[{"@type":"WebPage","@id":"https:\/\/buitenpizzaovenkopen.nl\/pizza-oven-kopen\/beek-corten-90-pizza-oven-cortenstaal-inclusief-afgebeeld-onderstel\/","url":"https:\/\/buitenpizzaovenkopen.nl\/pizza-oven-kopen\/beek-corten-90-pizza-oven-cortenstaal-inclusief-afgebeeld-onderstel\/","name":"BEEK cortenstaal 90 pizza-Ofen inklusive Basis - Buitenpizzaovenkopen.nl","isPartOf":{"@id":"https:\/\/buitenpizzaovenkopen.nl\/#website"},"primaryImageOfPage":{"@id":"https:\/\/buitenpizzaovenkopen.nl\/pizza-oven-kopen\/beek-corten-90-pizza-oven-cortenstaal-inclusief-afgebeeld-onderstel\/#primaryimage"},"image":{"@id":"https:\/\/buitenpizzaovenkopen.nl\/pizza-oven-kopen\/beek-corten-90-pizza-oven-cortenstaal-inclusief-afgebeeld-onderstel\/#primaryimage"},"thumbnailUrl":"https:\/\/buitenpizzaovenkopen.nl\/wp-content\/uploads\/2023\/06\/IMG_5168-scaled.jpeg","datePublished":"2023-11-30T18:49:43+00:00","dateModified":"2025-08-15T12:21:10+00:00","description":"Der Beek Cortenstaal 90 pizza-Ofen inklusive Basis ist eine ger\u00e4umige wood-fired pizza oven, dass einfach Nachbacken kann bis zu 4 Pizzen gleichzeitig!","breadcrumb":{"@id":"https:\/\/buitenpizzaovenkopen.nl\/pizza-oven-kopen\/beek-corten-90-pizza-oven-cortenstaal-inclusief-afgebeeld-onderstel\/#breadcrumb"},"inLanguage":"de","potentialAction":[{"@type":"ReadAction","target":["https:\/\/buitenpizzaovenkopen.nl\/pizza-oven-kopen\/beek-corten-90-pizza-oven-cortenstaal-inclusief-afgebeeld-onderstel\/"]}]},{"@type":"ImageObject","inLanguage":"de","@id":"https:\/\/buitenpizzaovenkopen.nl\/pizza-oven-kopen\/beek-corten-90-pizza-oven-cortenstaal-inclusief-afgebeeld-onderstel\/#primaryimage","url":"https:\/\/buitenpizzaovenkopen.nl\/wp-content\/uploads\/2023\/06\/IMG_5168-scaled.jpeg","contentUrl":"https:\/\/buitenpizzaovenkopen.nl\/wp-content\/uploads\/2023\/06\/IMG_5168-scaled.jpeg","width":2560,"height":1920,"caption":"BEEK Cortenstaal 90 pizzaoven inclusief onderstel"},{"@type":"BreadcrumbList","@id":"https:\/\/buitenpizzaovenkopen.nl\/pizza-oven-kopen\/beek-corten-90-pizza-oven-cortenstaal-inclusief-afgebeeld-onderstel\/#breadcrumb","itemListElement":[{"@type":"ListItem","position":1,"name":"Home","item":"https:\/\/buitenpizzaovenkopen.nl\/"},{"@type":"ListItem","position":2,"name":"Pizza oven kopen","item":"https:\/\/buitenpizzaovenkopen.nl\/pizzaoven-kopen\/"},{"@type":"ListItem","position":3,"name":"BEEK Corten 90 Pizza Oven inclusief afgebeeld onderstel en 3 delige pizza tools seti nclusief keramisch werkblad van 70x80cm"}]},{"@type":"WebSite","@id":"https:\/\/buitenpizzaovenkopen.nl\/#website","url":"https:\/\/buitenpizzaovenkopen.nl\/","name":"Buitenpizzaovenkopen.nl","description":"ist Teil von Casa Di Ruscello","publisher":{"@id":"https:\/\/buitenpizzaovenkopen.nl\/#organization"},"potentialAction":[{"@type":"SearchAction","target":{"@type":"EntryPoint","urlTemplate":"https:\/\/buitenpizzaovenkopen.nl\/?s={search_term_string}"},"query-input":{"@type":"PropertyValueSpecification","valueRequired":true,"valueName":"search_term_string"}}],"inLanguage":"de"},{"@type":"Organization","@id":"https:\/\/buitenpizzaovenkopen.nl\/#organization","name":"Casa du Ruscello","url":"https:\/\/buitenpizzaovenkopen.nl\/","logo":{"@type":"ImageObject","inLanguage":"de","@id":"https:\/\/buitenpizzaovenkopen.nl\/#\/schema\/logo\/image\/","url":"https:\/\/buitenpizzaovenkopen.nl\/wp-content\/uploads\/2020\/02\/logo.gif","contentUrl":"https:\/\/buitenpizzaovenkopen.nl\/wp-content\/uploads\/2020\/02\/logo.gif","width":300,"height":305,"caption":"Casa du Ruscello"},"image":{"@id":"https:\/\/buitenpizzaovenkopen.nl\/#\/schema\/logo\/image\/"}}]}},"_links":{"self":[{"href":"https:\/\/buitenpizzaovenkopen.nl\/de\/wp-json\/wp\/v2\/product\/7709","targetHints":{"allow":["GET"]}}],"collection":[{"href":"https:\/\/buitenpizzaovenkopen.nl\/de\/wp-json\/wp\/v2\/product"}],"about":[{"href":"https:\/\/buitenpizzaovenkopen.nl\/de\/wp-json\/wp\/v2\/types\/product"}],"wp:featuredmedia":[{"embeddable":true,"href":"https:\/\/buitenpizzaovenkopen.nl\/de\/wp-json\/wp\/v2\/media\/7544"}],"wp:attachment":[{"href":"https:\/\/buitenpizzaovenkopen.nl\/de\/wp-json\/wp\/v2\/media?parent=7709"}],"wp:term":[{"taxonomy":"product_brand","embeddable":true,"href":"https:\/\/buitenpizzaovenkopen.nl\/de\/wp-json\/wp\/v2\/product_brand?post=7709"},{"taxonomy":"product_cat","embeddable":true,"href":"https:\/\/buitenpizzaovenkopen.nl\/de\/wp-json\/wp\/v2\/product_cat?post=7709"},{"taxonomy":"product_tag","embeddable":true,"href":"https:\/\/buitenpizzaovenkopen.nl\/de\/wp-json\/wp\/v2\/product_tag?post=7709"}],"curies":[{"name":"wp","href":"https:\/\/api.w.org\/{rel}","templated":true}]}}