{"id":7564,"date":"2023-06-08T15:39:18","date_gmt":"2023-06-08T13:39:18","guid":{"rendered":"https:\/\/buitenpizzaovenkopen.nl\/?post_type=product&#038;p=7564"},"modified":"2024-04-23T23:40:34","modified_gmt":"2024-04-23T21:40:34","slug":"zijplateau-groot-voor-beek-pizza-oven","status":"publish","type":"product","link":"https:\/\/buitenpizzaovenkopen.nl\/de\/pizza-oven-kopen\/zijplateau-groot-voor-beek-pizza-oven\/","title":{"rendered":"Gro\u00dfe 50cm-Seite-Regal BEEK Grande &amp; Classico-Pizza-\u00d6fen"},"content":{"rendered":"<p>Die gro\u00dfe Seite-Regal-BEEK-pizza-\u00f6fen ist eine unverzichtbare Erg\u00e4nzung f\u00fcr alle pizza-Liebhaber, der will verbessern Sie Ihre Backen Erfahrung. Speziell f\u00fcr die BEEK Grande Classico Modelle, diese Seite Regal bietet deutlich mehr Raum f\u00fcr alle Ihre Backen versorgt, so dass pizza Backen eine optimierte Erfahrung.<\/p>\n<p>Mit den Ma\u00dfen 50 x 70 cm, diese Seite Regal bietet genug Raum f\u00fcr die Platzierung von Zutaten, Werkzeuge und Zubeh\u00f6r Sie ben\u00f6tigen, w\u00e4hrend pizza Backen. Es ist aus 1,5 mm dickem Stahl und ist vollst\u00e4ndig abgedeckt mit eine dauerhafte Pulverbeschichtung in matt-schwarz, das ist nicht nur \u00e4sthetisch Ansprechend, sondern bietet auch zus\u00e4tzlichen Schutz gegen die Elemente, so dass es ideal f\u00fcr die Verwendung im freien.<\/p>\n<p>Installation der seitlichen Regal ist einfach und erfordert keine Werkzeuge, machen es einfach zu befestigen Sie das Regal an der urspr\u00fcnglichen Basis Ihres BEEK Ofen. Einmal installiert, verwandelt es die Funktionalit\u00e4t von Ihre pizza station durch die Bereitstellung zus\u00e4tzlicher Arbeitsbereich unerl\u00e4sslich f\u00fcr effizientes Kochen.<\/p>\n<p>Diese gr\u00f6\u00dferen Seite Regal ist perfekt f\u00fcr die Organisation Ihrer K\u00fcche Platz. Sie k\u00f6nnen einfach halten Sie Ihre pizza Werkzeuge wie rolling pins, pizza Schaufeln, und Gew\u00fcrze immer griffbereit. Dies macht es nicht nur leichter Arbeit schnell und effektiv, sondern hilft auch, halten Sie Ihre K\u00fcche oder outdoor-K\u00fcche Platz ordentlich und organisiert.<\/p>\n<p>Zus\u00e4tzlich, die gro\u00dfe Seite Regal tr\u00e4gt zu die \u00e4sthetik von Ihr cooking Umgebung. Das schlanke, moderne design in matt-schwarz f\u00fcgt sich nahtlos in die robuste Optik von Corten-Stahl und <a href=\"https:\/\/nl.wikipedia.org\/wiki\/RVS\" target=\"_blank\" rel=\"noopener\">RVS<\/a> pizza-\u00f6fen und f\u00f6rdert das professionelle Aussehen Ihres baking Raum.<\/p>\n<p>Kurz gesagt, die gro\u00dfe Seite-Plateau f\u00fcr BEEK Grande Classico-pizza-\u00f6fen, eine gute Investition f\u00fcr jeden, der will, zu professionalisieren und vereinfachen Sie Ihre pizza Backen Erfahrung. Add this essential Zubeh\u00f6r, um Ihre pizza Backen Ger\u00e4te und genie\u00dfen Sie den Komfort und die Funktionalit\u00e4t bietet es mit jeder Backen Sitzung.<\/p>\n<p>Nehmen Sie gerne unverbindlich <a href=\"https:\/\/buitenpizzaovenkopen.nl\/de\/contact-buitenpizzaovenkopen\/\">Kontakt<\/a> mit uns auf!<\/p>","protected":false},"excerpt":{"rendered":"<p>Gro\u00df 50 x 70 cm side Plattform f\u00fcr original-Grande Classico chassis.<\/p>\n<p>Side Plattform ist aus 1,5 mm Stahl gefertigt und komplett pulverbeschichtet in der Farbe Matt-Schwarz.<\/p>","protected":false},"featured_media":6726,"template":"","meta":{"_monsterinsights_skip_tracking":false,"_monsterinsights_sitenote_active":false,"_monsterinsights_sitenote_note":"","_monsterinsights_sitenote_category":0,"site-sidebar-layout":"default","site-content-layout":"default","ast-site-content-layout":"default","site-content-style":"default","site-sidebar-style":"default","ast-global-header-display":"","ast-banner-title-visibility":"","ast-main-header-display":"","ast-hfb-above-header-display":"","ast-hfb-below-header-display":"","ast-hfb-mobile-header-display":"","site-post-title":"","ast-breadcrumbs-content":"","ast-featured-img":"","footer-sml-layout":"","ast-disable-related-posts":"","theme-transparent-header-meta":"default","adv-header-id-meta":"","stick-header-meta":"","header-above-stick-meta":"","header-main-stick-meta":"","header-below-stick-meta":"","astra-migrate-meta-layouts":"set","ast-page-background-enabled":"default","ast-page-background-meta":{"desktop":{"background-color":"","background-image":"","background-repeat":"repeat","background-position":"center center","background-size":"auto","background-attachment":"scroll","background-type":"","background-media":"","overlay-type":"","overlay-color":"","overlay-opacity":"","overlay-gradient":""},"tablet":{"background-color":"","background-image":"","background-repeat":"repeat","background-position":"center center","background-size":"auto","background-attachment":"scroll","background-type":"","background-media":"","overlay-type":"","overlay-color":"","overlay-opacity":"","overlay-gradient":""},"mobile":{"background-color":"","background-image":"","background-repeat":"repeat","background-position":"center center","background-size":"auto","background-attachment":"scroll","background-type":"","background-media":"","overlay-type":"","overlay-color":"","overlay-opacity":"","overlay-gradient":""}},"ast-content-background-meta":{"desktop":{"background-color":"var(--ast-global-color-5)","background-image":"","background-repeat":"repeat","background-position":"center center","background-size":"auto","background-attachment":"scroll","background-type":"","background-media":"","overlay-type":"","overlay-color":"","overlay-opacity":"","overlay-gradient":""},"tablet":{"background-color":"var(--ast-global-color-5)","background-image":"","background-repeat":"repeat","background-position":"center center","background-size":"auto","background-attachment":"scroll","background-type":"","background-media":"","overlay-type":"","overlay-color":"","overlay-opacity":"","overlay-gradient":""},"mobile":{"background-color":"var(--ast-global-color-5)","background-image":"","background-repeat":"repeat","background-position":"center center","background-size":"auto","background-attachment":"scroll","background-type":"","background-media":"","overlay-type":"","overlay-color":"","overlay-opacity":"","overlay-gradient":""}}},"product_brand":[],"product_cat":[110],"product_tag":[],"class_list":{"0":"post-7564","1":"product","2":"type-product","3":"status-publish","4":"has-post-thumbnail","6":"product_cat-onderstellen","7":"product_shipping_class-verzendklasse-0","8":"desktop-align-left","9":"tablet-align-left","10":"mobile-align-left","12":"first","13":"instock","14":"taxable","15":"shipping-taxable","16":"purchasable","17":"product-type-simple"},"yoast_head":"<!-- This site is optimized with the Yoast SEO plugin v27.3 - https:\/\/yoast.com\/product\/yoast-seo-wordpress\/ -->\n<title>Zijplateau groot voor BEEK pizza oven - Buitenpizzaovenkopen.nl<\/title>\n<meta name=\"description\" content=\"Ontdek het Zijplateau groot voor BEEK pizza oven van 50x70 cm, speciaal ontworpen voor BEEK Grande &amp; Classico. Perfect voor extra ruimte tijdens het bakken.\" \/>\n<meta name=\"robots\" content=\"index, follow, max-snippet:-1, max-image-preview:large, max-video-preview:-1\" \/>\n<link rel=\"canonical\" href=\"https:\/\/buitenpizzaovenkopen.nl\/de\/pizza-oven-kopen\/zijplateau-groot-voor-beek-pizza-oven\/\" \/>\n<meta property=\"og:locale\" content=\"de_DE\" \/>\n<meta property=\"og:type\" content=\"article\" \/>\n<meta property=\"og:title\" content=\"Zijplateau groot voor BEEK pizza oven - Buitenpizzaovenkopen.nl\" \/>\n<meta property=\"og:description\" content=\"Ontdek het Zijplateau groot voor BEEK pizza oven van 50x70 cm, speciaal ontworpen voor BEEK Grande &amp; Classico. Perfect voor extra ruimte tijdens het bakken.\" \/>\n<meta property=\"og:url\" content=\"https:\/\/buitenpizzaovenkopen.nl\/de\/pizza-oven-kopen\/zijplateau-groot-voor-beek-pizza-oven\/\" \/>\n<meta property=\"og:site_name\" content=\"Buitenpizzaovenkopen.nl\" \/>\n<meta property=\"article:modified_time\" content=\"2024-04-23T21:40:34+00:00\" \/>\n<meta property=\"og:image\" content=\"https:\/\/buitenpizzaovenkopen.nl\/wp-content\/uploads\/2021\/01\/799D4C5F-DC19-4776-A61D-B928B9D8B75B-scaled.jpeg\" \/>\n\t<meta property=\"og:image:width\" content=\"1920\" \/>\n\t<meta property=\"og:image:height\" content=\"2560\" \/>\n\t<meta property=\"og:image:type\" content=\"image\/jpeg\" \/>\n<meta name=\"twitter:card\" content=\"summary_large_image\" \/>\n<meta name=\"twitter:label1\" content=\"Gesch\u00e4tzte Lesezeit\" \/>\n\t<meta name=\"twitter:data1\" content=\"2\u00a0Minuten\" \/>\n<script type=\"application\/ld+json\" class=\"yoast-schema-graph\">{\"@context\":\"https:\\\/\\\/schema.org\",\"@graph\":[{\"@type\":\"WebPage\",\"@id\":\"https:\\\/\\\/buitenpizzaovenkopen.nl\\\/pizza-oven-kopen\\\/zijplateau-groot-voor-beek-pizza-oven\\\/\",\"url\":\"https:\\\/\\\/buitenpizzaovenkopen.nl\\\/pizza-oven-kopen\\\/zijplateau-groot-voor-beek-pizza-oven\\\/\",\"name\":\"Zijplateau groot voor BEEK pizza oven - Buitenpizzaovenkopen.nl\",\"isPartOf\":{\"@id\":\"https:\\\/\\\/buitenpizzaovenkopen.nl\\\/#website\"},\"primaryImageOfPage\":{\"@id\":\"https:\\\/\\\/buitenpizzaovenkopen.nl\\\/pizza-oven-kopen\\\/zijplateau-groot-voor-beek-pizza-oven\\\/#primaryimage\"},\"image\":{\"@id\":\"https:\\\/\\\/buitenpizzaovenkopen.nl\\\/pizza-oven-kopen\\\/zijplateau-groot-voor-beek-pizza-oven\\\/#primaryimage\"},\"thumbnailUrl\":\"https:\\\/\\\/buitenpizzaovenkopen.nl\\\/wp-content\\\/uploads\\\/2021\\\/01\\\/799D4C5F-DC19-4776-A61D-B928B9D8B75B-scaled.jpeg\",\"datePublished\":\"2023-06-08T13:39:18+00:00\",\"dateModified\":\"2024-04-23T21:40:34+00:00\",\"description\":\"Ontdek het Zijplateau groot voor BEEK pizza oven van 50x70 cm, speciaal ontworpen voor BEEK Grande & Classico. Perfect voor extra ruimte tijdens het bakken.\",\"breadcrumb\":{\"@id\":\"https:\\\/\\\/buitenpizzaovenkopen.nl\\\/pizza-oven-kopen\\\/zijplateau-groot-voor-beek-pizza-oven\\\/#breadcrumb\"},\"inLanguage\":\"de\",\"potentialAction\":[{\"@type\":\"ReadAction\",\"target\":[\"https:\\\/\\\/buitenpizzaovenkopen.nl\\\/pizza-oven-kopen\\\/zijplateau-groot-voor-beek-pizza-oven\\\/\"]}]},{\"@type\":\"ImageObject\",\"inLanguage\":\"de\",\"@id\":\"https:\\\/\\\/buitenpizzaovenkopen.nl\\\/pizza-oven-kopen\\\/zijplateau-groot-voor-beek-pizza-oven\\\/#primaryimage\",\"url\":\"https:\\\/\\\/buitenpizzaovenkopen.nl\\\/wp-content\\\/uploads\\\/2021\\\/01\\\/799D4C5F-DC19-4776-A61D-B928B9D8B75B-scaled.jpeg\",\"contentUrl\":\"https:\\\/\\\/buitenpizzaovenkopen.nl\\\/wp-content\\\/uploads\\\/2021\\\/01\\\/799D4C5F-DC19-4776-A61D-B928B9D8B75B-scaled.jpeg\",\"width\":1920,\"height\":2560,\"caption\":\"Zijplateau groot voor BEEK pizza oven\"},{\"@type\":\"BreadcrumbList\",\"@id\":\"https:\\\/\\\/buitenpizzaovenkopen.nl\\\/pizza-oven-kopen\\\/zijplateau-groot-voor-beek-pizza-oven\\\/#breadcrumb\",\"itemListElement\":[{\"@type\":\"ListItem\",\"position\":1,\"name\":\"Home\",\"item\":\"https:\\\/\\\/buitenpizzaovenkopen.nl\\\/\"},{\"@type\":\"ListItem\",\"position\":2,\"name\":\"Pizza oven kopen\",\"item\":\"https:\\\/\\\/buitenpizzaovenkopen.nl\\\/pizzaoven-kopen\\\/\"},{\"@type\":\"ListItem\",\"position\":3,\"name\":\"Zijplateau Groot 50cm voor BEEK Grande &amp; Classico Pizza Ovens\"}]},{\"@type\":\"WebSite\",\"@id\":\"https:\\\/\\\/buitenpizzaovenkopen.nl\\\/#website\",\"url\":\"https:\\\/\\\/buitenpizzaovenkopen.nl\\\/\",\"name\":\"Buitenpizzaovenkopen.nl\",\"description\":\"is onderdeel van Casa di Ruscello\",\"publisher\":{\"@id\":\"https:\\\/\\\/buitenpizzaovenkopen.nl\\\/#organization\"},\"potentialAction\":[{\"@type\":\"SearchAction\",\"target\":{\"@type\":\"EntryPoint\",\"urlTemplate\":\"https:\\\/\\\/buitenpizzaovenkopen.nl\\\/?s={search_term_string}\"},\"query-input\":{\"@type\":\"PropertyValueSpecification\",\"valueRequired\":true,\"valueName\":\"search_term_string\"}}],\"inLanguage\":\"de\"},{\"@type\":\"Organization\",\"@id\":\"https:\\\/\\\/buitenpizzaovenkopen.nl\\\/#organization\",\"name\":\"Casa du Ruscello\",\"url\":\"https:\\\/\\\/buitenpizzaovenkopen.nl\\\/\",\"logo\":{\"@type\":\"ImageObject\",\"inLanguage\":\"de\",\"@id\":\"https:\\\/\\\/buitenpizzaovenkopen.nl\\\/#\\\/schema\\\/logo\\\/image\\\/\",\"url\":\"https:\\\/\\\/buitenpizzaovenkopen.nl\\\/wp-content\\\/uploads\\\/2020\\\/02\\\/logo.gif\",\"contentUrl\":\"https:\\\/\\\/buitenpizzaovenkopen.nl\\\/wp-content\\\/uploads\\\/2020\\\/02\\\/logo.gif\",\"width\":300,\"height\":305,\"caption\":\"Casa du Ruscello\"},\"image\":{\"@id\":\"https:\\\/\\\/buitenpizzaovenkopen.nl\\\/#\\\/schema\\\/logo\\\/image\\\/\"}}]}<\/script>\n<!-- \/ Yoast SEO plugin. -->","yoast_head_json":{"title":"Gro\u00dfe seitliche Regal f\u00fcr Bach pizza - Ofen- Buitenpizzaovenkopen.nl","description":"Entdecken Sie die gro\u00dfe Seite-Regal-BEEK-pizza-Ofen von 50x70 cm, speziell f\u00fcr Beek Grande &amp; Classico. Perfekt f\u00fcr zus\u00e4tzlichen Platz zu Backen.","robots":{"index":"index","follow":"follow","max-snippet":"max-snippet:-1","max-image-preview":"max-image-preview:large","max-video-preview":"max-video-preview:-1"},"canonical":"https:\/\/buitenpizzaovenkopen.nl\/de\/pizza-oven-kopen\/zijplateau-groot-voor-beek-pizza-oven\/","og_locale":"de_DE","og_type":"article","og_title":"Zijplateau groot voor BEEK pizza oven - Buitenpizzaovenkopen.nl","og_description":"Ontdek het Zijplateau groot voor BEEK pizza oven van 50x70 cm, speciaal ontworpen voor BEEK Grande & Classico. Perfect voor extra ruimte tijdens het bakken.","og_url":"https:\/\/buitenpizzaovenkopen.nl\/de\/pizza-oven-kopen\/zijplateau-groot-voor-beek-pizza-oven\/","og_site_name":"Buitenpizzaovenkopen.nl","article_modified_time":"2024-04-23T21:40:34+00:00","og_image":[{"width":1920,"height":2560,"url":"https:\/\/buitenpizzaovenkopen.nl\/wp-content\/uploads\/2021\/01\/799D4C5F-DC19-4776-A61D-B928B9D8B75B-scaled.jpeg","type":"image\/jpeg"}],"twitter_card":"summary_large_image","twitter_misc":{"Gesch\u00e4tzte Lesezeit":"2\u00a0Minuten"},"schema":{"@context":"https:\/\/schema.org","@graph":[{"@type":"WebPage","@id":"https:\/\/buitenpizzaovenkopen.nl\/pizza-oven-kopen\/zijplateau-groot-voor-beek-pizza-oven\/","url":"https:\/\/buitenpizzaovenkopen.nl\/pizza-oven-kopen\/zijplateau-groot-voor-beek-pizza-oven\/","name":"Gro\u00dfe seitliche Regal f\u00fcr Bach pizza - Ofen- Buitenpizzaovenkopen.nl","isPartOf":{"@id":"https:\/\/buitenpizzaovenkopen.nl\/#website"},"primaryImageOfPage":{"@id":"https:\/\/buitenpizzaovenkopen.nl\/pizza-oven-kopen\/zijplateau-groot-voor-beek-pizza-oven\/#primaryimage"},"image":{"@id":"https:\/\/buitenpizzaovenkopen.nl\/pizza-oven-kopen\/zijplateau-groot-voor-beek-pizza-oven\/#primaryimage"},"thumbnailUrl":"https:\/\/buitenpizzaovenkopen.nl\/wp-content\/uploads\/2021\/01\/799D4C5F-DC19-4776-A61D-B928B9D8B75B-scaled.jpeg","datePublished":"2023-06-08T13:39:18+00:00","dateModified":"2024-04-23T21:40:34+00:00","description":"Entdecken Sie die gro\u00dfe Seite-Regal-BEEK-pizza-Ofen von 50x70 cm, speziell f\u00fcr Beek Grande &amp; Classico. Perfekt f\u00fcr zus\u00e4tzlichen Platz zu Backen.","breadcrumb":{"@id":"https:\/\/buitenpizzaovenkopen.nl\/pizza-oven-kopen\/zijplateau-groot-voor-beek-pizza-oven\/#breadcrumb"},"inLanguage":"de","potentialAction":[{"@type":"ReadAction","target":["https:\/\/buitenpizzaovenkopen.nl\/pizza-oven-kopen\/zijplateau-groot-voor-beek-pizza-oven\/"]}]},{"@type":"ImageObject","inLanguage":"de","@id":"https:\/\/buitenpizzaovenkopen.nl\/pizza-oven-kopen\/zijplateau-groot-voor-beek-pizza-oven\/#primaryimage","url":"https:\/\/buitenpizzaovenkopen.nl\/wp-content\/uploads\/2021\/01\/799D4C5F-DC19-4776-A61D-B928B9D8B75B-scaled.jpeg","contentUrl":"https:\/\/buitenpizzaovenkopen.nl\/wp-content\/uploads\/2021\/01\/799D4C5F-DC19-4776-A61D-B928B9D8B75B-scaled.jpeg","width":1920,"height":2560,"caption":"Zijplateau groot voor BEEK pizza oven"},{"@type":"BreadcrumbList","@id":"https:\/\/buitenpizzaovenkopen.nl\/pizza-oven-kopen\/zijplateau-groot-voor-beek-pizza-oven\/#breadcrumb","itemListElement":[{"@type":"ListItem","position":1,"name":"Home","item":"https:\/\/buitenpizzaovenkopen.nl\/"},{"@type":"ListItem","position":2,"name":"Pizza oven kopen","item":"https:\/\/buitenpizzaovenkopen.nl\/pizzaoven-kopen\/"},{"@type":"ListItem","position":3,"name":"Zijplateau Groot 50cm voor BEEK Grande &amp; Classico Pizza Ovens"}]},{"@type":"WebSite","@id":"https:\/\/buitenpizzaovenkopen.nl\/#website","url":"https:\/\/buitenpizzaovenkopen.nl\/","name":"Buitenpizzaovenkopen.nl","description":"ist Teil von Casa Di Ruscello","publisher":{"@id":"https:\/\/buitenpizzaovenkopen.nl\/#organization"},"potentialAction":[{"@type":"SearchAction","target":{"@type":"EntryPoint","urlTemplate":"https:\/\/buitenpizzaovenkopen.nl\/?s={search_term_string}"},"query-input":{"@type":"PropertyValueSpecification","valueRequired":true,"valueName":"search_term_string"}}],"inLanguage":"de"},{"@type":"Organization","@id":"https:\/\/buitenpizzaovenkopen.nl\/#organization","name":"Casa du Ruscello","url":"https:\/\/buitenpizzaovenkopen.nl\/","logo":{"@type":"ImageObject","inLanguage":"de","@id":"https:\/\/buitenpizzaovenkopen.nl\/#\/schema\/logo\/image\/","url":"https:\/\/buitenpizzaovenkopen.nl\/wp-content\/uploads\/2020\/02\/logo.gif","contentUrl":"https:\/\/buitenpizzaovenkopen.nl\/wp-content\/uploads\/2020\/02\/logo.gif","width":300,"height":305,"caption":"Casa du Ruscello"},"image":{"@id":"https:\/\/buitenpizzaovenkopen.nl\/#\/schema\/logo\/image\/"}}]}},"_links":{"self":[{"href":"https:\/\/buitenpizzaovenkopen.nl\/de\/wp-json\/wp\/v2\/product\/7564","targetHints":{"allow":["GET"]}}],"collection":[{"href":"https:\/\/buitenpizzaovenkopen.nl\/de\/wp-json\/wp\/v2\/product"}],"about":[{"href":"https:\/\/buitenpizzaovenkopen.nl\/de\/wp-json\/wp\/v2\/types\/product"}],"wp:featuredmedia":[{"embeddable":true,"href":"https:\/\/buitenpizzaovenkopen.nl\/de\/wp-json\/wp\/v2\/media\/6726"}],"wp:attachment":[{"href":"https:\/\/buitenpizzaovenkopen.nl\/de\/wp-json\/wp\/v2\/media?parent=7564"}],"wp:term":[{"taxonomy":"product_brand","embeddable":true,"href":"https:\/\/buitenpizzaovenkopen.nl\/de\/wp-json\/wp\/v2\/product_brand?post=7564"},{"taxonomy":"product_cat","embeddable":true,"href":"https:\/\/buitenpizzaovenkopen.nl\/de\/wp-json\/wp\/v2\/product_cat?post=7564"},{"taxonomy":"product_tag","embeddable":true,"href":"https:\/\/buitenpizzaovenkopen.nl\/de\/wp-json\/wp\/v2\/product_tag?post=7564"}],"curies":[{"name":"wp","href":"https:\/\/api.w.org\/{rel}","templated":true}]}}