{"id":7529,"date":"2023-06-05T20:30:43","date_gmt":"2023-06-05T18:30:43","guid":{"rendered":"https:\/\/buitenpizzaovenkopen.nl\/?post_type=product&#038;p=7529"},"modified":"2024-06-06T22:52:48","modified_gmt":"2024-06-06T20:52:48","slug":"beek-corten-90-pizza-oven-cortenstaal-met-extra-brede-bakvloer","status":"publish","type":"product","link":"https:\/\/buitenpizzaovenkopen.nl\/de\/pizza-oven-kopen\/beek-corten-90-pizza-oven-cortenstaal-met-extra-brede-bakvloer\/","title":{"rendered":"BEEK Corten 90 pizza-Ofen Corten-Stahl mit extra breiten Backen Boden"},"content":{"rendered":"<p>De BEEK Cortenstaal 90 pizzaoven is een middel grote oven van <a href=\"https:\/\/nl.wikipedia.org\/wiki\/Cortenstaal\" target=\"_blank\" rel=\"noopener\">Cortenstahl<\/a> en RVS waar 1,2,3 tot 4 pizza\u2019s tegelijk in kunnen worden afgebakken. De oven heeft een extra brede bakvloer van 800 mm breed en 600 mm diep. Hij weegt ongeveer 85 kg, waardoor deze oven nog steeds ontzettend mobiel is.<\/p>\n<p>De nieuwste BEEK Corten 90 heeft een down force air circulatie en<br \/>\nEen regelbare inlaat waardoor de oven prachtig brand met gesloten deur.<br \/>\nIs dus voorzien van alle opties.<br \/>\nMit diesem tollen Ofen k\u00f6nnen Sie Backen leckere Pizza f\u00fcr Ihre Familie oder Freunde, aber auch geeignet f\u00fcr gro\u00dfe Familien, gr\u00f6\u00dfere Gruppen, catering und food truck.<\/p>\n<p>Der BEEK Corten 90 Pizzaofen ist vollst\u00e4ndig isoliert und verf\u00fcgt \u00fcber eine extrabreite Zugangst\u00fcr mit einer angenehmen H\u00f6he, sodass Sie darin k\u00f6stliche Pizzen backen k\u00f6nnen, aber Sie k\u00f6nnen auch andere Gerichte wie Fleischgerichte, Fisch, Brot usw. zubereiten.<br \/>\nHet is een echte alleskunner!<br \/>\nEs verf\u00fcgt au\u00dferdem \u00fcber einen abnehmbaren Schornstein, einen eingebauten CEWAL-Thermometer aus Italien und einen eleganten Chamottesteinboden. Der Ofen brennt mit Holz und erreicht die beste W\u00e4rme mit trockenem Holz, wie Birke, Esche, Buche, Eiche oder Obstbaumholz.<\/p>\n<p>Es wird standardm\u00e4\u00dfig mit einer italienischen Pizzaschaufel geliefert, damit Sie sofort die k\u00f6stlichsten Pizzen backen k\u00f6nnen.<\/p>\n<p>Nehmen Sie gerne unverbindlich <a href=\"https:\/\/buitenpizzaovenkopen.nl\/de\/contact-buitenpizzaovenkopen\/\">Kontakt<\/a> mit uns auf!<\/p>\n<h4>Eigenschaften von Cortenstahl:<\/h4>\n<ul>\n<li>Sehr stark, verschlei\u00dffest und daher sehr langlebig.<\/li>\n<li>Sauberes und zeitloses Design.<\/li>\n<li>Wetterbest\u00e4ndiges und langlebiges Material.<\/li>\n<li>Warmes und nat\u00fcrliches Aussehen.<\/li>\n<li>Geringer Wartungsaufwand.<\/li>\n<\/ul>\n<p><strong>Technische Daten:\u00a0<\/strong><\/p>\n<p><strong>Warm-up Zeit:<\/strong> 15-40 Minuten<br \/>\n<strong>Maximale Temperatur:<\/strong> 500C<br \/>\n<strong>- Kochen-Geschwindigkeit:<\/strong> 90 Sekunden<br \/>\n<strong>Kapazit\u00e4t:<\/strong> Bis zu 4 Pizzen oder andere Gerichte<br \/>\n<strong>Empfohlen Kraftstoff:<\/strong> Birke \/ Esche und \/ oder Harth\u00f6lzer wie Buche, Eiche, Apfel, Holz etc.<br \/>\n<strong>Kochen Abschnitt:<\/strong> 800x600mm, extra breiten Backen Boden<br \/>\n<b>\u00c4u\u00dfere dimension<\/b>: 92cm breit und 79 cm tief<br \/>\n<strong>Enth\u00e4lt:<\/strong> Pizza-Ofen, Edelstahl T\u00fcr 2mm dick!, schoorsteen, thermometer merk Cewal (italiaans), RVS vuurscherm\/ firebox, pizzaschep merk Falci<br \/>\n<strong>Drain:<\/strong> 150mm<br \/>\n<strong>Garantie:<\/strong> 1 Jahr ab Kaufdatum<br \/>\n<strong>Farbe:<\/strong> Cortenstahl mit Edelstahl<\/p>\n<p>Werfen Sie einen Blick auf den kleineren Bruder, den BEEK Corten 70 <a href=\"https:\/\/buitenpizzaovenkopen.nl\/de\/pizza-oven-kopen\/beek-corten-70-pizza-oven-inclusief-falci-pizzaschep\/\">https:\/\/buitenpizzaovenkopen.nl\/pizza-oven-kopen\/beek-corten-70-pizza-oven-inclusief-falci-pizzaschep\/<\/a><\/p>\n<p>&nbsp;<\/p>","protected":false},"excerpt":{"rendered":"<p>Der BEEK Corten 90 Pizzaofen ist ein mittelgro\u00dfer Ofen aus Cortenstahl und Edelstahl, in dem 1, 2, 3 oder 4 Pizzen gleichzeitig gebacken werden k\u00f6nnen. Der Ofen hat eine extrabreite Backfl\u00e4che von 800 mm Breite und 600 mm Tiefe. Er wiegt etwa 85 kg, was diesen Ofen immer noch unglaublich mobil macht.<br \/>\nMit diesem tollen Ofen k\u00f6nnen Sie Backen leckere Pizza f\u00fcr Ihre Familie oder Freunde, aber auch geeignet f\u00fcr gro\u00dfe Familien, gr\u00f6\u00dfere Gruppen, catering und food truck.<\/p>\n<p>Der BEEK Corten 90 ist vollst\u00e4ndig isoliert und verf\u00fcgt \u00fcber eine extrabreite Zugangst\u00fcr und eine angenehme H\u00f6he, sodass Sie darin gro\u00dfartige Pizzen backen k\u00f6nnen, aber auch andere Gerichte wie Fleischgerichte, Fisch, Brot usw.<br \/>\nEs ist ein all-rounder!<br \/>\nEs verf\u00fcgt au\u00dferdem \u00fcber einen abnehmbaren Schornstein, einen eingebauten CEWAL-Thermometer aus Italien und einen eleganten Chamottesteinboden. Der Ofen brennt mit Holz und erreicht die beste W\u00e4rme mit trockenem Holz, wie Birke, Esche, Buche, Eiche oder Obstbaumholz.<\/p>\n<p>Kommt standard mit italienischer pizza Schaufel aus der Falci-Marke, damit k\u00f6nnen Sie sofort anfangen zu Backen der leckersten Pizzen<\/p>\n<h4>Eigenschaften von Cortenstahl:<\/h4>\n<ul>\n<li>Sehr stark, verschlei\u00dffest und daher sehr langlebig.<\/li>\n<li>Sauberes und zeitloses Design.<\/li>\n<li>Wetterbest\u00e4ndiges und langlebiges Material.<\/li>\n<li>Warmes und nat\u00fcrliches Aussehen.<\/li>\n<li>Geringer Wartungsaufwand.<\/li>\n<\/ul>\n<p>Nehmen Sie auch einen Blick auf den kleineren Bruder, den BEEK Classico 70. https:\/\/buitenpizzaovenkopen.nl\/pizza-oven-kopen\/beek-classico-pizza-oven\/<\/p>","protected":false},"featured_media":7538,"template":"","meta":{"_monsterinsights_skip_tracking":false,"_monsterinsights_sitenote_active":false,"_monsterinsights_sitenote_note":"","_monsterinsights_sitenote_category":0,"site-sidebar-layout":"default","site-content-layout":"default","ast-site-content-layout":"default","site-content-style":"default","site-sidebar-style":"default","ast-global-header-display":"","ast-banner-title-visibility":"","ast-main-header-display":"","ast-hfb-above-header-display":"","ast-hfb-below-header-display":"","ast-hfb-mobile-header-display":"","site-post-title":"","ast-breadcrumbs-content":"","ast-featured-img":"","footer-sml-layout":"","ast-disable-related-posts":"","theme-transparent-header-meta":"default","adv-header-id-meta":"","stick-header-meta":"","header-above-stick-meta":"","header-main-stick-meta":"","header-below-stick-meta":"","astra-migrate-meta-layouts":"set","ast-page-background-enabled":"default","ast-page-background-meta":{"desktop":{"background-color":"","background-image":"","background-repeat":"repeat","background-position":"center center","background-size":"auto","background-attachment":"scroll","background-type":"","background-media":"","overlay-type":"","overlay-color":"","overlay-opacity":"","overlay-gradient":""},"tablet":{"background-color":"","background-image":"","background-repeat":"repeat","background-position":"center center","background-size":"auto","background-attachment":"scroll","background-type":"","background-media":"","overlay-type":"","overlay-color":"","overlay-opacity":"","overlay-gradient":""},"mobile":{"background-color":"","background-image":"","background-repeat":"repeat","background-position":"center center","background-size":"auto","background-attachment":"scroll","background-type":"","background-media":"","overlay-type":"","overlay-color":"","overlay-opacity":"","overlay-gradient":""}},"ast-content-background-meta":{"desktop":{"background-color":"var(--ast-global-color-5)","background-image":"","background-repeat":"repeat","background-position":"center center","background-size":"auto","background-attachment":"scroll","background-type":"","background-media":"","overlay-type":"","overlay-color":"","overlay-opacity":"","overlay-gradient":""},"tablet":{"background-color":"var(--ast-global-color-5)","background-image":"","background-repeat":"repeat","background-position":"center center","background-size":"auto","background-attachment":"scroll","background-type":"","background-media":"","overlay-type":"","overlay-color":"","overlay-opacity":"","overlay-gradient":""},"mobile":{"background-color":"var(--ast-global-color-5)","background-image":"","background-repeat":"repeat","background-position":"center center","background-size":"auto","background-attachment":"scroll","background-type":"","background-media":"","overlay-type":"","overlay-color":"","overlay-opacity":"","overlay-gradient":""}}},"product_brand":[],"product_cat":[24],"product_tag":[129,135,131,136],"class_list":{"0":"post-7529","1":"product","2":"type-product","3":"status-publish","4":"has-post-thumbnail","6":"product_cat-pizza-ovens","7":"product_tag-beek","8":"product_tag-grande","9":"product_tag-houtgestookt","10":"product_tag-pizza-oven","11":"product_shipping_class-verzendklasse-3","12":"desktop-align-left","13":"tablet-align-left","14":"mobile-align-left","16":"first","17":"instock","18":"sale","19":"featured","20":"taxable","21":"shipping-taxable","22":"purchasable","23":"product-type-simple"},"yoast_head":"<!-- This site is optimized with the Yoast SEO plugin v27.3 - https:\/\/yoast.com\/product\/yoast-seo-wordpress\/ -->\n<title>BEEK cortenstaal 90 pizzaoven - Buitenpizzaovenkopen.nl<\/title>\n<meta name=\"description\" content=\"De BEEK Cortenstaal 90 pizzaoven is een ruime houtgestookte pizza oven waar eenvoudig 4 pizza\u2019s tegelijk in gebakken kunnen worden en dat in 90 seconden!\" \/>\n<meta name=\"robots\" content=\"index, follow, max-snippet:-1, max-image-preview:large, max-video-preview:-1\" \/>\n<link rel=\"canonical\" href=\"https:\/\/buitenpizzaovenkopen.nl\/de\/pizza-oven-kopen\/beek-corten-90-pizza-oven-cortenstaal-met-extra-brede-bakvloer\/\" \/>\n<meta property=\"og:locale\" content=\"de_DE\" \/>\n<meta property=\"og:type\" content=\"article\" \/>\n<meta property=\"og:title\" content=\"BEEK cortenstaal 90 pizzaoven - Buitenpizzaovenkopen.nl\" \/>\n<meta property=\"og:description\" content=\"De BEEK Cortenstaal 90 pizzaoven is een ruime houtgestookte pizza oven waar eenvoudig 4 pizza\u2019s tegelijk in gebakken kunnen worden en dat in 90 seconden!\" \/>\n<meta property=\"og:url\" content=\"https:\/\/buitenpizzaovenkopen.nl\/de\/pizza-oven-kopen\/beek-corten-90-pizza-oven-cortenstaal-met-extra-brede-bakvloer\/\" \/>\n<meta property=\"og:site_name\" content=\"Buitenpizzaovenkopen.nl\" \/>\n<meta property=\"article:modified_time\" content=\"2024-06-06T20:52:48+00:00\" \/>\n<meta property=\"og:image\" content=\"https:\/\/buitenpizzaovenkopen.nl\/wp-content\/uploads\/2023\/06\/IMG_5184.jpeg\" \/>\n\t<meta property=\"og:image:width\" content=\"1024\" \/>\n\t<meta property=\"og:image:height\" content=\"768\" \/>\n\t<meta property=\"og:image:type\" content=\"image\/jpeg\" \/>\n<meta name=\"twitter:card\" content=\"summary_large_image\" \/>\n<meta name=\"twitter:label1\" content=\"Gesch\u00e4tzte Lesezeit\" \/>\n\t<meta name=\"twitter:data1\" content=\"2\u00a0Minuten\" \/>\n<script type=\"application\/ld+json\" class=\"yoast-schema-graph\">{\"@context\":\"https:\\\/\\\/schema.org\",\"@graph\":[{\"@type\":\"WebPage\",\"@id\":\"https:\\\/\\\/buitenpizzaovenkopen.nl\\\/pizza-oven-kopen\\\/beek-corten-90-pizza-oven-cortenstaal-met-extra-brede-bakvloer\\\/\",\"url\":\"https:\\\/\\\/buitenpizzaovenkopen.nl\\\/pizza-oven-kopen\\\/beek-corten-90-pizza-oven-cortenstaal-met-extra-brede-bakvloer\\\/\",\"name\":\"BEEK cortenstaal 90 pizzaoven - Buitenpizzaovenkopen.nl\",\"isPartOf\":{\"@id\":\"https:\\\/\\\/buitenpizzaovenkopen.nl\\\/#website\"},\"primaryImageOfPage\":{\"@id\":\"https:\\\/\\\/buitenpizzaovenkopen.nl\\\/pizza-oven-kopen\\\/beek-corten-90-pizza-oven-cortenstaal-met-extra-brede-bakvloer\\\/#primaryimage\"},\"image\":{\"@id\":\"https:\\\/\\\/buitenpizzaovenkopen.nl\\\/pizza-oven-kopen\\\/beek-corten-90-pizza-oven-cortenstaal-met-extra-brede-bakvloer\\\/#primaryimage\"},\"thumbnailUrl\":\"https:\\\/\\\/buitenpizzaovenkopen.nl\\\/wp-content\\\/uploads\\\/2023\\\/06\\\/IMG_5184.jpeg\",\"datePublished\":\"2023-06-05T18:30:43+00:00\",\"dateModified\":\"2024-06-06T20:52:48+00:00\",\"description\":\"De BEEK Cortenstaal 90 pizzaoven is een ruime houtgestookte pizza oven waar eenvoudig 4 pizza\u2019s tegelijk in gebakken kunnen worden en dat in 90 seconden!\",\"breadcrumb\":{\"@id\":\"https:\\\/\\\/buitenpizzaovenkopen.nl\\\/pizza-oven-kopen\\\/beek-corten-90-pizza-oven-cortenstaal-met-extra-brede-bakvloer\\\/#breadcrumb\"},\"inLanguage\":\"de\",\"potentialAction\":[{\"@type\":\"ReadAction\",\"target\":[\"https:\\\/\\\/buitenpizzaovenkopen.nl\\\/pizza-oven-kopen\\\/beek-corten-90-pizza-oven-cortenstaal-met-extra-brede-bakvloer\\\/\"]}]},{\"@type\":\"ImageObject\",\"inLanguage\":\"de\",\"@id\":\"https:\\\/\\\/buitenpizzaovenkopen.nl\\\/pizza-oven-kopen\\\/beek-corten-90-pizza-oven-cortenstaal-met-extra-brede-bakvloer\\\/#primaryimage\",\"url\":\"https:\\\/\\\/buitenpizzaovenkopen.nl\\\/wp-content\\\/uploads\\\/2023\\\/06\\\/IMG_5184.jpeg\",\"contentUrl\":\"https:\\\/\\\/buitenpizzaovenkopen.nl\\\/wp-content\\\/uploads\\\/2023\\\/06\\\/IMG_5184.jpeg\",\"width\":1024,\"height\":768,\"caption\":\"BEEK Cortenstaal 90 pizzaoven\"},{\"@type\":\"BreadcrumbList\",\"@id\":\"https:\\\/\\\/buitenpizzaovenkopen.nl\\\/pizza-oven-kopen\\\/beek-corten-90-pizza-oven-cortenstaal-met-extra-brede-bakvloer\\\/#breadcrumb\",\"itemListElement\":[{\"@type\":\"ListItem\",\"position\":1,\"name\":\"Home\",\"item\":\"https:\\\/\\\/buitenpizzaovenkopen.nl\\\/\"},{\"@type\":\"ListItem\",\"position\":2,\"name\":\"Pizza oven kopen\",\"item\":\"https:\\\/\\\/buitenpizzaovenkopen.nl\\\/pizzaoven-kopen\\\/\"},{\"@type\":\"ListItem\",\"position\":3,\"name\":\"BEEK Corten 90 Pizza Oven Cortenstaal met extra brede bakvloer\"}]},{\"@type\":\"WebSite\",\"@id\":\"https:\\\/\\\/buitenpizzaovenkopen.nl\\\/#website\",\"url\":\"https:\\\/\\\/buitenpizzaovenkopen.nl\\\/\",\"name\":\"Buitenpizzaovenkopen.nl\",\"description\":\"is onderdeel van Casa di Ruscello\",\"publisher\":{\"@id\":\"https:\\\/\\\/buitenpizzaovenkopen.nl\\\/#organization\"},\"potentialAction\":[{\"@type\":\"SearchAction\",\"target\":{\"@type\":\"EntryPoint\",\"urlTemplate\":\"https:\\\/\\\/buitenpizzaovenkopen.nl\\\/?s={search_term_string}\"},\"query-input\":{\"@type\":\"PropertyValueSpecification\",\"valueRequired\":true,\"valueName\":\"search_term_string\"}}],\"inLanguage\":\"de\"},{\"@type\":\"Organization\",\"@id\":\"https:\\\/\\\/buitenpizzaovenkopen.nl\\\/#organization\",\"name\":\"Casa du Ruscello\",\"url\":\"https:\\\/\\\/buitenpizzaovenkopen.nl\\\/\",\"logo\":{\"@type\":\"ImageObject\",\"inLanguage\":\"de\",\"@id\":\"https:\\\/\\\/buitenpizzaovenkopen.nl\\\/#\\\/schema\\\/logo\\\/image\\\/\",\"url\":\"https:\\\/\\\/buitenpizzaovenkopen.nl\\\/wp-content\\\/uploads\\\/2020\\\/02\\\/logo.gif\",\"contentUrl\":\"https:\\\/\\\/buitenpizzaovenkopen.nl\\\/wp-content\\\/uploads\\\/2020\\\/02\\\/logo.gif\",\"width\":300,\"height\":305,\"caption\":\"Casa du Ruscello\"},\"image\":{\"@id\":\"https:\\\/\\\/buitenpizzaovenkopen.nl\\\/#\\\/schema\\\/logo\\\/image\\\/\"}}]}<\/script>\n<!-- \/ Yoast SEO plugin. -->","yoast_head_json":{"title":"BEEK cortenstaal 90 pizzaoven - Buitenpizzaovenkopen.nl","description":"De BEEK Cortenstaal 90 pizzaoven is een ruime houtgestookte pizza oven waar eenvoudig 4 pizza\u2019s tegelijk in gebakken kunnen worden en dat in 90 seconden!","robots":{"index":"index","follow":"follow","max-snippet":"max-snippet:-1","max-image-preview":"max-image-preview:large","max-video-preview":"max-video-preview:-1"},"canonical":"https:\/\/buitenpizzaovenkopen.nl\/de\/pizza-oven-kopen\/beek-corten-90-pizza-oven-cortenstaal-met-extra-brede-bakvloer\/","og_locale":"de_DE","og_type":"article","og_title":"BEEK cortenstaal 90 pizzaoven - Buitenpizzaovenkopen.nl","og_description":"De BEEK Cortenstaal 90 pizzaoven is een ruime houtgestookte pizza oven waar eenvoudig 4 pizza\u2019s tegelijk in gebakken kunnen worden en dat in 90 seconden!","og_url":"https:\/\/buitenpizzaovenkopen.nl\/de\/pizza-oven-kopen\/beek-corten-90-pizza-oven-cortenstaal-met-extra-brede-bakvloer\/","og_site_name":"Buitenpizzaovenkopen.nl","article_modified_time":"2024-06-06T20:52:48+00:00","og_image":[{"width":1024,"height":768,"url":"https:\/\/buitenpizzaovenkopen.nl\/wp-content\/uploads\/2023\/06\/IMG_5184.jpeg","type":"image\/jpeg"}],"twitter_card":"summary_large_image","twitter_misc":{"Gesch\u00e4tzte Lesezeit":"2\u00a0Minuten"},"schema":{"@context":"https:\/\/schema.org","@graph":[{"@type":"WebPage","@id":"https:\/\/buitenpizzaovenkopen.nl\/pizza-oven-kopen\/beek-corten-90-pizza-oven-cortenstaal-met-extra-brede-bakvloer\/","url":"https:\/\/buitenpizzaovenkopen.nl\/pizza-oven-kopen\/beek-corten-90-pizza-oven-cortenstaal-met-extra-brede-bakvloer\/","name":"BEEK cortenstaal 90 pizzaoven - Buitenpizzaovenkopen.nl","isPartOf":{"@id":"https:\/\/buitenpizzaovenkopen.nl\/#website"},"primaryImageOfPage":{"@id":"https:\/\/buitenpizzaovenkopen.nl\/pizza-oven-kopen\/beek-corten-90-pizza-oven-cortenstaal-met-extra-brede-bakvloer\/#primaryimage"},"image":{"@id":"https:\/\/buitenpizzaovenkopen.nl\/pizza-oven-kopen\/beek-corten-90-pizza-oven-cortenstaal-met-extra-brede-bakvloer\/#primaryimage"},"thumbnailUrl":"https:\/\/buitenpizzaovenkopen.nl\/wp-content\/uploads\/2023\/06\/IMG_5184.jpeg","datePublished":"2023-06-05T18:30:43+00:00","dateModified":"2024-06-06T20:52:48+00:00","description":"De BEEK Cortenstaal 90 pizzaoven is een ruime houtgestookte pizza oven waar eenvoudig 4 pizza\u2019s tegelijk in gebakken kunnen worden en dat in 90 seconden!","breadcrumb":{"@id":"https:\/\/buitenpizzaovenkopen.nl\/pizza-oven-kopen\/beek-corten-90-pizza-oven-cortenstaal-met-extra-brede-bakvloer\/#breadcrumb"},"inLanguage":"de","potentialAction":[{"@type":"ReadAction","target":["https:\/\/buitenpizzaovenkopen.nl\/pizza-oven-kopen\/beek-corten-90-pizza-oven-cortenstaal-met-extra-brede-bakvloer\/"]}]},{"@type":"ImageObject","inLanguage":"de","@id":"https:\/\/buitenpizzaovenkopen.nl\/pizza-oven-kopen\/beek-corten-90-pizza-oven-cortenstaal-met-extra-brede-bakvloer\/#primaryimage","url":"https:\/\/buitenpizzaovenkopen.nl\/wp-content\/uploads\/2023\/06\/IMG_5184.jpeg","contentUrl":"https:\/\/buitenpizzaovenkopen.nl\/wp-content\/uploads\/2023\/06\/IMG_5184.jpeg","width":1024,"height":768,"caption":"BEEK Cortenstaal 90 pizzaoven"},{"@type":"BreadcrumbList","@id":"https:\/\/buitenpizzaovenkopen.nl\/pizza-oven-kopen\/beek-corten-90-pizza-oven-cortenstaal-met-extra-brede-bakvloer\/#breadcrumb","itemListElement":[{"@type":"ListItem","position":1,"name":"Home","item":"https:\/\/buitenpizzaovenkopen.nl\/"},{"@type":"ListItem","position":2,"name":"Pizza oven kopen","item":"https:\/\/buitenpizzaovenkopen.nl\/pizzaoven-kopen\/"},{"@type":"ListItem","position":3,"name":"BEEK Corten 90 Pizza Oven Cortenstaal met extra brede bakvloer"}]},{"@type":"WebSite","@id":"https:\/\/buitenpizzaovenkopen.nl\/#website","url":"https:\/\/buitenpizzaovenkopen.nl\/","name":"Buitenpizzaovenkopen.nl","description":"ist Teil von Casa Di Ruscello","publisher":{"@id":"https:\/\/buitenpizzaovenkopen.nl\/#organization"},"potentialAction":[{"@type":"SearchAction","target":{"@type":"EntryPoint","urlTemplate":"https:\/\/buitenpizzaovenkopen.nl\/?s={search_term_string}"},"query-input":{"@type":"PropertyValueSpecification","valueRequired":true,"valueName":"search_term_string"}}],"inLanguage":"de"},{"@type":"Organization","@id":"https:\/\/buitenpizzaovenkopen.nl\/#organization","name":"Casa du Ruscello","url":"https:\/\/buitenpizzaovenkopen.nl\/","logo":{"@type":"ImageObject","inLanguage":"de","@id":"https:\/\/buitenpizzaovenkopen.nl\/#\/schema\/logo\/image\/","url":"https:\/\/buitenpizzaovenkopen.nl\/wp-content\/uploads\/2020\/02\/logo.gif","contentUrl":"https:\/\/buitenpizzaovenkopen.nl\/wp-content\/uploads\/2020\/02\/logo.gif","width":300,"height":305,"caption":"Casa du Ruscello"},"image":{"@id":"https:\/\/buitenpizzaovenkopen.nl\/#\/schema\/logo\/image\/"}}]}},"_links":{"self":[{"href":"https:\/\/buitenpizzaovenkopen.nl\/de\/wp-json\/wp\/v2\/product\/7529","targetHints":{"allow":["GET"]}}],"collection":[{"href":"https:\/\/buitenpizzaovenkopen.nl\/de\/wp-json\/wp\/v2\/product"}],"about":[{"href":"https:\/\/buitenpizzaovenkopen.nl\/de\/wp-json\/wp\/v2\/types\/product"}],"wp:featuredmedia":[{"embeddable":true,"href":"https:\/\/buitenpizzaovenkopen.nl\/de\/wp-json\/wp\/v2\/media\/7538"}],"wp:attachment":[{"href":"https:\/\/buitenpizzaovenkopen.nl\/de\/wp-json\/wp\/v2\/media?parent=7529"}],"wp:term":[{"taxonomy":"product_brand","embeddable":true,"href":"https:\/\/buitenpizzaovenkopen.nl\/de\/wp-json\/wp\/v2\/product_brand?post=7529"},{"taxonomy":"product_cat","embeddable":true,"href":"https:\/\/buitenpizzaovenkopen.nl\/de\/wp-json\/wp\/v2\/product_cat?post=7529"},{"taxonomy":"product_tag","embeddable":true,"href":"https:\/\/buitenpizzaovenkopen.nl\/de\/wp-json\/wp\/v2\/product_tag?post=7529"}],"curies":[{"name":"wp","href":"https:\/\/api.w.org\/{rel}","templated":true}]}}