{"id":6572,"date":"2022-02-09T13:00:40","date_gmt":"2022-02-09T12:00:40","guid":{"rendered":"https:\/\/buitenpizzaovenkopen.nl\/?post_type=product&#038;p=6572"},"modified":"2024-04-23T23:58:16","modified_gmt":"2024-04-23T21:58:16","slug":"onderstel-atlas-voor-pizza-ovens","status":"publish","type":"product","link":"https:\/\/buitenpizzaovenkopen.nl\/de\/pizza-oven-kopen\/onderstel-atlas-voor-pizza-ovens\/","title":{"rendered":"Base ATLAS f\u00fcr Pizza-\u00d6fen 90cm"},"content":{"rendered":"<p>Die ATLAS-Pizza-Ofen-Basis ist speziell entwickelt, um optimieren die Funktionalit\u00e4t und die Mobilit\u00e4t von Ihrem Holzofen pizza-Ofen. Mit einer angenehmen Arbeitsh\u00f6he von 90 cm ist diese Basis ist ideal f\u00fcr Benutzer, die lieber eine geringere Arbeitsh\u00f6he, was macht die Zubereitung von Speisen einfacher und leichter zug\u00e4nglich. Dies macht die ATLAS-Basis eine ausgezeichnete Wahl f\u00fcr zu Hause B\u00e4cker oder professional pizza maker mit begrenztem Raum.<\/p>\n<p>Gefertigt aus 1,5 mm dickem Stahl und fertig mit eine robuste schwarz Pulver Beschichtung, ATLAS Pizza oven base bietet Haltbarkeit und Stil. Das design ist nicht nur funktional, sondern auch \u00e4sthetisch Ansprechend, so dass es passt nahtlos in jede Terrasse oder in jede moderne K\u00fcche. Die Konstruktion ist entwickelt, um fit verschiedene Modelle und Marken von pizza-\u00f6fen wie dem Maximus 70, BEEK Classico 70, und viele andere.<\/p>\n<p>Die Abmessungen der Basis sind 71 cm breit und 118 cm lang, so dass es kompakt genug, um fit durch standard-T\u00fcr\u00f6ffnungen, w\u00e4hrend immer noch genug Platz f\u00fcr Ihren Ofen. Die Montage der chassis ist \u00fcberraschend einfach und kann schnell durchgef\u00fchrt werden, wodurch es ideal f\u00fcr sowohl Festinstallationen und mobile Anwendungen wie Lebensmittel-LKW-oder outdoor-Veranstaltungen.<\/p>\n<p>In addition, ATLAS f\u00fcr Pizza-\u00d6fen verf\u00fcgt \u00fcber abnehmbare Eigenschaften, so dass es leicht zu transportieren. Es kann komplett zerlegt werden in etwa 15 Minuten und dann passt in die meisten Autos, machen es eine perfekte Wahl f\u00fcr Gastronomen oder Veranstalter arbeiten an verschiedenen Standorten.<\/p>\n<p>Die ATLAS-base ist mehr als eine standard-Erg\u00e4nzung; es ist ein wesentlicher Teil, die verbessert die Benutzer Erfahrung von Ihre pizza im Ofen. Diese Basis erm\u00f6glicht es Ihnen, Ihre Kochk\u00fcnste auf die n\u00e4chste Stufe, w\u00e4hrend Sie genie\u00dfen die Bequemlichkeit und Effizienz bietet. Aktualisieren Sie Ihre pizza-Backen Erfahrung mit dem ATLAS-chassis, bei denen design und Funktionalit\u00e4t erf\u00fcllen.<\/p>\n<p>Einfach zu montieren.<br \/>\nBreite ist + \/ - 71 cm<br \/>\nL\u00e4nge+\/- 70cm f\u00fcr die gro\u00dfen der Ofen, Gesamtl\u00e4nge 118cm<br \/>\nGesamth\u00f6he 90 cm, Arbeitsh\u00f6he ist sch\u00f6n f\u00fcr die kleineren Leute, der Lage sein, gut Aussehen in den Ofen und somit in der Lage sein, um zu Backen Sie Ihre pizza oder andere Gerichte.<\/p>\n<p>Abholung ist kostenlos. De-montierbar in etwa 15 Minuten und passt in jeden PKW.\\<\/p>\n<p>Haben Sie Fragen? Nehmen Sie keine Verpflichtung <a href=\"https:\/\/buitenpizzaovenkopen.nl\/de\/contact-buitenpizzaovenkopen\/\">Kontakt<\/a> mit uns auf!<\/p>","protected":false},"excerpt":{"rendered":"<p>Typ Atlas-chassis, f\u00fcr Holzofen-mobile pizza-\u00f6fen und in einer Arbeitsh\u00f6he von 90cm.<br \/>\nBasis ist aus 1,5 mm Stahl in Der Farbe Schwarz.<br \/>\nf\u00fcr Maximus 70, BEEK Classico 70, Jolly 70, Alfa, Clementi und anderen Marken. Passt auf jede Terrasse, sondern auch durch jede T\u00fcr.<\/p>","protected":false},"featured_media":6584,"template":"","meta":{"_monsterinsights_skip_tracking":false,"_monsterinsights_sitenote_active":false,"_monsterinsights_sitenote_note":"","_monsterinsights_sitenote_category":0,"site-sidebar-layout":"default","site-content-layout":"default","ast-site-content-layout":"default","site-content-style":"default","site-sidebar-style":"default","ast-global-header-display":"","ast-banner-title-visibility":"","ast-main-header-display":"","ast-hfb-above-header-display":"","ast-hfb-below-header-display":"","ast-hfb-mobile-header-display":"","site-post-title":"","ast-breadcrumbs-content":"","ast-featured-img":"","footer-sml-layout":"","ast-disable-related-posts":"","theme-transparent-header-meta":"default","adv-header-id-meta":"","stick-header-meta":"","header-above-stick-meta":"","header-main-stick-meta":"","header-below-stick-meta":"","astra-migrate-meta-layouts":"set","ast-page-background-enabled":"default","ast-page-background-meta":{"desktop":{"background-color":"","background-image":"","background-repeat":"repeat","background-position":"center center","background-size":"auto","background-attachment":"scroll","background-type":"","background-media":"","overlay-type":"","overlay-color":"","overlay-opacity":"","overlay-gradient":""},"tablet":{"background-color":"","background-image":"","background-repeat":"repeat","background-position":"center center","background-size":"auto","background-attachment":"scroll","background-type":"","background-media":"","overlay-type":"","overlay-color":"","overlay-opacity":"","overlay-gradient":""},"mobile":{"background-color":"","background-image":"","background-repeat":"repeat","background-position":"center center","background-size":"auto","background-attachment":"scroll","background-type":"","background-media":"","overlay-type":"","overlay-color":"","overlay-opacity":"","overlay-gradient":""}},"ast-content-background-meta":{"desktop":{"background-color":"var(--ast-global-color-5)","background-image":"","background-repeat":"repeat","background-position":"center center","background-size":"auto","background-attachment":"scroll","background-type":"","background-media":"","overlay-type":"","overlay-color":"","overlay-opacity":"","overlay-gradient":""},"tablet":{"background-color":"var(--ast-global-color-5)","background-image":"","background-repeat":"repeat","background-position":"center center","background-size":"auto","background-attachment":"scroll","background-type":"","background-media":"","overlay-type":"","overlay-color":"","overlay-opacity":"","overlay-gradient":""},"mobile":{"background-color":"var(--ast-global-color-5)","background-image":"","background-repeat":"repeat","background-position":"center center","background-size":"auto","background-attachment":"scroll","background-type":"","background-media":"","overlay-type":"","overlay-color":"","overlay-opacity":"","overlay-gradient":""}}},"product_brand":[],"product_cat":[110],"product_tag":[],"class_list":{"0":"post-6572","1":"product","2":"type-product","3":"status-publish","4":"has-post-thumbnail","6":"product_cat-onderstellen","7":"desktop-align-left","8":"tablet-align-left","9":"mobile-align-left","11":"first","12":"instock","13":"taxable","14":"shipping-taxable","15":"purchasable","16":"product-type-simple"},"yoast_head":"<!-- This site is optimized with the Yoast SEO plugin v27.4 - https:\/\/yoast.com\/product\/yoast-seo-wordpress\/ -->\n<title>Onderstel ATLAS voor Pizza Ovens 90cm - Buitenpizzaovenkopen.nl<\/title>\n<meta name=\"description\" content=\"Onderstel ATLAS voor Pizza Ovens, ontworpen voor mobiele pizzaovens met een ideale werkhoogte van 90cm, perfect voor kleinere gebruikers.\" \/>\n<meta name=\"robots\" content=\"index, follow, max-snippet:-1, max-image-preview:large, max-video-preview:-1\" \/>\n<link rel=\"canonical\" href=\"https:\/\/buitenpizzaovenkopen.nl\/de\/pizza-oven-kopen\/onderstel-atlas-voor-pizza-ovens\/\" \/>\n<meta property=\"og:locale\" content=\"de_DE\" \/>\n<meta property=\"og:type\" content=\"article\" \/>\n<meta property=\"og:title\" content=\"Onderstel ATLAS voor Pizza Ovens 90cm - Buitenpizzaovenkopen.nl\" \/>\n<meta property=\"og:description\" content=\"Onderstel ATLAS voor Pizza Ovens, ontworpen voor mobiele pizzaovens met een ideale werkhoogte van 90cm, perfect voor kleinere gebruikers.\" \/>\n<meta property=\"og:url\" content=\"https:\/\/buitenpizzaovenkopen.nl\/de\/pizza-oven-kopen\/onderstel-atlas-voor-pizza-ovens\/\" \/>\n<meta property=\"og:site_name\" content=\"Buitenpizzaovenkopen.nl\" \/>\n<meta property=\"article:modified_time\" content=\"2024-04-23T21:58:16+00:00\" \/>\n<meta property=\"og:image\" content=\"https:\/\/buitenpizzaovenkopen.nl\/wp-content\/uploads\/2022\/02\/5BD5D09B-3F43-48CB-BAC0-7667A3EB49A8-scaled.jpeg\" \/>\n\t<meta property=\"og:image:width\" content=\"1920\" \/>\n\t<meta property=\"og:image:height\" content=\"2560\" \/>\n\t<meta property=\"og:image:type\" content=\"image\/jpeg\" \/>\n<meta name=\"twitter:card\" content=\"summary_large_image\" \/>\n<meta name=\"twitter:label1\" content=\"Gesch\u00e4tzte Lesezeit\" \/>\n\t<meta name=\"twitter:data1\" content=\"3\u00a0Minuten\" \/>\n<script type=\"application\/ld+json\" class=\"yoast-schema-graph\">{\"@context\":\"https:\\\/\\\/schema.org\",\"@graph\":[{\"@type\":\"WebPage\",\"@id\":\"https:\\\/\\\/buitenpizzaovenkopen.nl\\\/pizza-oven-kopen\\\/onderstel-atlas-voor-pizza-ovens\\\/\",\"url\":\"https:\\\/\\\/buitenpizzaovenkopen.nl\\\/pizza-oven-kopen\\\/onderstel-atlas-voor-pizza-ovens\\\/\",\"name\":\"Onderstel ATLAS voor Pizza Ovens 90cm - Buitenpizzaovenkopen.nl\",\"isPartOf\":{\"@id\":\"https:\\\/\\\/buitenpizzaovenkopen.nl\\\/#website\"},\"primaryImageOfPage\":{\"@id\":\"https:\\\/\\\/buitenpizzaovenkopen.nl\\\/pizza-oven-kopen\\\/onderstel-atlas-voor-pizza-ovens\\\/#primaryimage\"},\"image\":{\"@id\":\"https:\\\/\\\/buitenpizzaovenkopen.nl\\\/pizza-oven-kopen\\\/onderstel-atlas-voor-pizza-ovens\\\/#primaryimage\"},\"thumbnailUrl\":\"https:\\\/\\\/buitenpizzaovenkopen.nl\\\/wp-content\\\/uploads\\\/2022\\\/02\\\/5BD5D09B-3F43-48CB-BAC0-7667A3EB49A8-scaled.jpeg\",\"datePublished\":\"2022-02-09T12:00:40+00:00\",\"dateModified\":\"2024-04-23T21:58:16+00:00\",\"description\":\"Onderstel ATLAS voor Pizza Ovens, ontworpen voor mobiele pizzaovens met een ideale werkhoogte van 90cm, perfect voor kleinere gebruikers.\",\"breadcrumb\":{\"@id\":\"https:\\\/\\\/buitenpizzaovenkopen.nl\\\/pizza-oven-kopen\\\/onderstel-atlas-voor-pizza-ovens\\\/#breadcrumb\"},\"inLanguage\":\"de\",\"potentialAction\":[{\"@type\":\"ReadAction\",\"target\":[\"https:\\\/\\\/buitenpizzaovenkopen.nl\\\/pizza-oven-kopen\\\/onderstel-atlas-voor-pizza-ovens\\\/\"]}]},{\"@type\":\"ImageObject\",\"inLanguage\":\"de\",\"@id\":\"https:\\\/\\\/buitenpizzaovenkopen.nl\\\/pizza-oven-kopen\\\/onderstel-atlas-voor-pizza-ovens\\\/#primaryimage\",\"url\":\"https:\\\/\\\/buitenpizzaovenkopen.nl\\\/wp-content\\\/uploads\\\/2022\\\/02\\\/5BD5D09B-3F43-48CB-BAC0-7667A3EB49A8-scaled.jpeg\",\"contentUrl\":\"https:\\\/\\\/buitenpizzaovenkopen.nl\\\/wp-content\\\/uploads\\\/2022\\\/02\\\/5BD5D09B-3F43-48CB-BAC0-7667A3EB49A8-scaled.jpeg\",\"width\":1920,\"height\":2560,\"caption\":\"Onderstel ATLAS voor Pizza Ovens\"},{\"@type\":\"BreadcrumbList\",\"@id\":\"https:\\\/\\\/buitenpizzaovenkopen.nl\\\/pizza-oven-kopen\\\/onderstel-atlas-voor-pizza-ovens\\\/#breadcrumb\",\"itemListElement\":[{\"@type\":\"ListItem\",\"position\":1,\"name\":\"Home\",\"item\":\"https:\\\/\\\/buitenpizzaovenkopen.nl\\\/\"},{\"@type\":\"ListItem\",\"position\":2,\"name\":\"Pizza oven kopen\",\"item\":\"https:\\\/\\\/buitenpizzaovenkopen.nl\\\/pizzaoven-kopen\\\/\"},{\"@type\":\"ListItem\",\"position\":3,\"name\":\"Onderstel ATLAS voor Pizza Ovens 90cm\"}]},{\"@type\":\"WebSite\",\"@id\":\"https:\\\/\\\/buitenpizzaovenkopen.nl\\\/#website\",\"url\":\"https:\\\/\\\/buitenpizzaovenkopen.nl\\\/\",\"name\":\"Buitenpizzaovenkopen.nl\",\"description\":\"is onderdeel van Casa di Ruscello\",\"publisher\":{\"@id\":\"https:\\\/\\\/buitenpizzaovenkopen.nl\\\/#organization\"},\"potentialAction\":[{\"@type\":\"SearchAction\",\"target\":{\"@type\":\"EntryPoint\",\"urlTemplate\":\"https:\\\/\\\/buitenpizzaovenkopen.nl\\\/?s={search_term_string}\"},\"query-input\":{\"@type\":\"PropertyValueSpecification\",\"valueRequired\":true,\"valueName\":\"search_term_string\"}}],\"inLanguage\":\"de\"},{\"@type\":\"Organization\",\"@id\":\"https:\\\/\\\/buitenpizzaovenkopen.nl\\\/#organization\",\"name\":\"Casa du Ruscello\",\"url\":\"https:\\\/\\\/buitenpizzaovenkopen.nl\\\/\",\"logo\":{\"@type\":\"ImageObject\",\"inLanguage\":\"de\",\"@id\":\"https:\\\/\\\/buitenpizzaovenkopen.nl\\\/#\\\/schema\\\/logo\\\/image\\\/\",\"url\":\"https:\\\/\\\/buitenpizzaovenkopen.nl\\\/wp-content\\\/uploads\\\/2020\\\/02\\\/logo.gif\",\"contentUrl\":\"https:\\\/\\\/buitenpizzaovenkopen.nl\\\/wp-content\\\/uploads\\\/2020\\\/02\\\/logo.gif\",\"width\":300,\"height\":305,\"caption\":\"Casa du Ruscello\"},\"image\":{\"@id\":\"https:\\\/\\\/buitenpizzaovenkopen.nl\\\/#\\\/schema\\\/logo\\\/image\\\/\"}}]}<\/script>\n<!-- \/ Yoast SEO plugin. -->","yoast_head_json":{"title":"Base ATLAS f\u00fcr Pizza-\u00d6fen 90cm - Buitenpizzaovenkopen.nl","description":"ATLAS Pizza-Ofen-Basis, speziell f\u00fcr mobile pizza-\u00f6fen mit einer idealen Arbeitsh\u00f6he von 90 cm, perfekt f\u00fcr kleinere Nutzer.","robots":{"index":"index","follow":"follow","max-snippet":"max-snippet:-1","max-image-preview":"max-image-preview:large","max-video-preview":"max-video-preview:-1"},"canonical":"https:\/\/buitenpizzaovenkopen.nl\/de\/pizza-oven-kopen\/onderstel-atlas-voor-pizza-ovens\/","og_locale":"de_DE","og_type":"article","og_title":"Onderstel ATLAS voor Pizza Ovens 90cm - Buitenpizzaovenkopen.nl","og_description":"Onderstel ATLAS voor Pizza Ovens, ontworpen voor mobiele pizzaovens met een ideale werkhoogte van 90cm, perfect voor kleinere gebruikers.","og_url":"https:\/\/buitenpizzaovenkopen.nl\/de\/pizza-oven-kopen\/onderstel-atlas-voor-pizza-ovens\/","og_site_name":"Buitenpizzaovenkopen.nl","article_modified_time":"2024-04-23T21:58:16+00:00","og_image":[{"width":1920,"height":2560,"url":"https:\/\/buitenpizzaovenkopen.nl\/wp-content\/uploads\/2022\/02\/5BD5D09B-3F43-48CB-BAC0-7667A3EB49A8-scaled.jpeg","type":"image\/jpeg"}],"twitter_card":"summary_large_image","twitter_misc":{"Gesch\u00e4tzte Lesezeit":"3\u00a0Minuten"},"schema":{"@context":"https:\/\/schema.org","@graph":[{"@type":"WebPage","@id":"https:\/\/buitenpizzaovenkopen.nl\/pizza-oven-kopen\/onderstel-atlas-voor-pizza-ovens\/","url":"https:\/\/buitenpizzaovenkopen.nl\/pizza-oven-kopen\/onderstel-atlas-voor-pizza-ovens\/","name":"Base ATLAS f\u00fcr Pizza-\u00d6fen 90cm - Buitenpizzaovenkopen.nl","isPartOf":{"@id":"https:\/\/buitenpizzaovenkopen.nl\/#website"},"primaryImageOfPage":{"@id":"https:\/\/buitenpizzaovenkopen.nl\/pizza-oven-kopen\/onderstel-atlas-voor-pizza-ovens\/#primaryimage"},"image":{"@id":"https:\/\/buitenpizzaovenkopen.nl\/pizza-oven-kopen\/onderstel-atlas-voor-pizza-ovens\/#primaryimage"},"thumbnailUrl":"https:\/\/buitenpizzaovenkopen.nl\/wp-content\/uploads\/2022\/02\/5BD5D09B-3F43-48CB-BAC0-7667A3EB49A8-scaled.jpeg","datePublished":"2022-02-09T12:00:40+00:00","dateModified":"2024-04-23T21:58:16+00:00","description":"ATLAS Pizza-Ofen-Basis, speziell f\u00fcr mobile pizza-\u00f6fen mit einer idealen Arbeitsh\u00f6he von 90 cm, perfekt f\u00fcr kleinere Nutzer.","breadcrumb":{"@id":"https:\/\/buitenpizzaovenkopen.nl\/pizza-oven-kopen\/onderstel-atlas-voor-pizza-ovens\/#breadcrumb"},"inLanguage":"de","potentialAction":[{"@type":"ReadAction","target":["https:\/\/buitenpizzaovenkopen.nl\/pizza-oven-kopen\/onderstel-atlas-voor-pizza-ovens\/"]}]},{"@type":"ImageObject","inLanguage":"de","@id":"https:\/\/buitenpizzaovenkopen.nl\/pizza-oven-kopen\/onderstel-atlas-voor-pizza-ovens\/#primaryimage","url":"https:\/\/buitenpizzaovenkopen.nl\/wp-content\/uploads\/2022\/02\/5BD5D09B-3F43-48CB-BAC0-7667A3EB49A8-scaled.jpeg","contentUrl":"https:\/\/buitenpizzaovenkopen.nl\/wp-content\/uploads\/2022\/02\/5BD5D09B-3F43-48CB-BAC0-7667A3EB49A8-scaled.jpeg","width":1920,"height":2560,"caption":"Onderstel ATLAS voor Pizza Ovens"},{"@type":"BreadcrumbList","@id":"https:\/\/buitenpizzaovenkopen.nl\/pizza-oven-kopen\/onderstel-atlas-voor-pizza-ovens\/#breadcrumb","itemListElement":[{"@type":"ListItem","position":1,"name":"Home","item":"https:\/\/buitenpizzaovenkopen.nl\/"},{"@type":"ListItem","position":2,"name":"Pizza oven kopen","item":"https:\/\/buitenpizzaovenkopen.nl\/pizzaoven-kopen\/"},{"@type":"ListItem","position":3,"name":"Onderstel ATLAS voor Pizza Ovens 90cm"}]},{"@type":"WebSite","@id":"https:\/\/buitenpizzaovenkopen.nl\/#website","url":"https:\/\/buitenpizzaovenkopen.nl\/","name":"Buitenpizzaovenkopen.nl","description":"ist Teil von Casa Di Ruscello","publisher":{"@id":"https:\/\/buitenpizzaovenkopen.nl\/#organization"},"potentialAction":[{"@type":"SearchAction","target":{"@type":"EntryPoint","urlTemplate":"https:\/\/buitenpizzaovenkopen.nl\/?s={search_term_string}"},"query-input":{"@type":"PropertyValueSpecification","valueRequired":true,"valueName":"search_term_string"}}],"inLanguage":"de"},{"@type":"Organization","@id":"https:\/\/buitenpizzaovenkopen.nl\/#organization","name":"Casa du Ruscello","url":"https:\/\/buitenpizzaovenkopen.nl\/","logo":{"@type":"ImageObject","inLanguage":"de","@id":"https:\/\/buitenpizzaovenkopen.nl\/#\/schema\/logo\/image\/","url":"https:\/\/buitenpizzaovenkopen.nl\/wp-content\/uploads\/2020\/02\/logo.gif","contentUrl":"https:\/\/buitenpizzaovenkopen.nl\/wp-content\/uploads\/2020\/02\/logo.gif","width":300,"height":305,"caption":"Casa du Ruscello"},"image":{"@id":"https:\/\/buitenpizzaovenkopen.nl\/#\/schema\/logo\/image\/"}}]}},"_links":{"self":[{"href":"https:\/\/buitenpizzaovenkopen.nl\/de\/wp-json\/wp\/v2\/product\/6572","targetHints":{"allow":["GET"]}}],"collection":[{"href":"https:\/\/buitenpizzaovenkopen.nl\/de\/wp-json\/wp\/v2\/product"}],"about":[{"href":"https:\/\/buitenpizzaovenkopen.nl\/de\/wp-json\/wp\/v2\/types\/product"}],"wp:featuredmedia":[{"embeddable":true,"href":"https:\/\/buitenpizzaovenkopen.nl\/de\/wp-json\/wp\/v2\/media\/6584"}],"wp:attachment":[{"href":"https:\/\/buitenpizzaovenkopen.nl\/de\/wp-json\/wp\/v2\/media?parent=6572"}],"wp:term":[{"taxonomy":"product_brand","embeddable":true,"href":"https:\/\/buitenpizzaovenkopen.nl\/de\/wp-json\/wp\/v2\/product_brand?post=6572"},{"taxonomy":"product_cat","embeddable":true,"href":"https:\/\/buitenpizzaovenkopen.nl\/de\/wp-json\/wp\/v2\/product_cat?post=6572"},{"taxonomy":"product_tag","embeddable":true,"href":"https:\/\/buitenpizzaovenkopen.nl\/de\/wp-json\/wp\/v2\/product_tag?post=6572"}],"curies":[{"name":"wp","href":"https:\/\/api.w.org\/{rel}","templated":true}]}}