{"id":6555,"date":"2022-02-09T12:28:15","date_gmt":"2022-02-09T11:28:15","guid":{"rendered":"https:\/\/buitenpizzaovenkopen.nl\/?post_type=product&#038;p=6555"},"modified":"2024-04-23T23:46:07","modified_gmt":"2024-04-23T21:46:07","slug":"onderstel-beek-70-voor-pizza-ovens","status":"publish","type":"product","link":"https:\/\/buitenpizzaovenkopen.nl\/de\/pizza-oven-kopen\/onderstel-beek-70-voor-pizza-ovens\/","title":{"rendered":"Base BEEK 70 f\u00fcr pizza-\u00f6fen"},"content":{"rendered":"<p>Der Beek 70 Pizzaofen base ist speziell hergestellt f\u00fcr die Verwendung mit Holzofen-mobile pizza-\u00f6fen, darunter Modelle wie der Maximus 70, Beek Classico 70, und anderen bekannten Marken. Mit einer H\u00f6he von 104 cm, dieses chassis bietet eine optimale Arbeitsh\u00f6he ist besonders geeignet f\u00fcr den durchschnittlichen nordeurop\u00e4ischen Benutzer. Im s\u00fcdlichen Europa, die meisten chassis sind oft zu niedrig, was manchmal macht Ihre Verwendung unpraktisch f\u00fcr gr\u00f6\u00dfere Benutzer. Unsere Beek 70-chassis, auf der anderen Seite, ist perfekt angepasst an Ihren Komfort und Leichtigkeit von verwenden.<\/p>\n<p>Diese BEEK 70 Basis f\u00fcr pizza-\u00f6fen ist komplett aus 1,5 mm dickem Stahl und fertig mit einem dauerhaften matt-schwarze Beschichtung, die sorgt nicht nur f\u00fcr ein elegantes Erscheinungsbild, sondern erh\u00f6ht auch die Resistenz gegen Witterungseinfl\u00fcsse. Es steht stabil auf jeder Terrasse und k\u00f6nnen leicht passieren durch jede standard-T\u00fcr, wodurch es ideal f\u00fcr sowohl home-verwenden und professionelle Einstellungen, wie festivals oder catering-events.<\/p>\n<p>Mit dem Einsatz von 100mm Rollen, kann das Fahrwerk bewegt werden m\u00fchelos, auch auf unebenen Terrassen. Den Raum unter der Unterboden bietet genug Speicherplatz f\u00fcr \u00fcber 0,5 Kubikmeter Holz, genug, um zu Backen Pizza f\u00fcr einen ganzen Abend, ohne sich Gedanken \u00fcber Treibstoffmangel.<\/p>\n<p>Das chassis ist einfach zu montieren und demontierbar innerhalb von 5 bis 15 Minuten, die erleichtert die transport zu unterschiedlichen Standorten. Es passt problemlos in den Kofferraum der meisten Autos, wenn demontiert. Als zus\u00e4tzliche option bieten wir die Erweiterung Bl\u00e4tter f\u00fcr noch mehr Arbeitsfl\u00e4che. Die erste Anlage misst 25\u00d770 cm, ideal f\u00fcr die Platzierung Ihrer pizza Schaufel, Rotierenden Schaufel und Pinsel, w\u00e4hrend die zweite Anlage von 50 cm\u00d770 cm dient als zus\u00e4tzliche Arbeitsfl\u00e4che f\u00fcr die Zubereitung Ihrer Gerichte.<\/p>\n<p>Einfach zu montieren.<br \/>\nBreite + \/ - 70 cm<br \/>\nL\u00e4nge+ \/ - 70 cm<br \/>\nGesamth\u00f6he 104 cm, ideale Arbeitsh\u00f6he ist sch\u00f6n zu sehen k\u00f6nnen auch im Ofen und damit in der Lage sein, zu Backen Sie Ihre pizza oder andere Gerichte.<br \/>\nDas ist, warum wir bieten diese chassis vor allem f\u00fcr den n\u00f6rdlichen europ\u00e4ischen L\u00e4ndern.<\/p>\n<p>Es gibt viel Platz f\u00fcr Ihre holzlagerung unter dem Pizzaofen, es gibt aber auch die M\u00f6glichkeit zur Bestellung weiterer Teile als option.<br \/>\nMontageplatte 1: 25 cm\u00d770 cm f\u00fcr Ihre pizza Schaufel, Rotierenden Schaufel und Pinsel.<br \/>\nErweiterung Blatt 2: 50\u00d770 cm als Arbeitsfl\u00e4che f\u00fcr die Vorbereitung Ihrer pizza oder andere Gerichte.<\/p>\n<p>Haben Sie Fragen? Nehmen Sie keine Verpflichtung <a href=\"https:\/\/buitenpizzaovenkopen.nl\/de\/contact-buitenpizzaovenkopen\/\">Kontakt<\/a> mit uns auf!<\/p>","protected":false},"excerpt":{"rendered":"<p>Basis speziell f\u00fcr Holzofen-mobile pizza-\u00f6fen und in einer edlen H\u00f6he von 104cm.<br \/>\nBasis ist aus 1,5 mm Stahl gefertigt und komplett beschichtet in der Farbe Matt-Schwarz.<br \/>\nf\u00fcr Maximus 70, BEEK Classico 70, Jolly 70, Alfa, Clementi und anderen Marken. Passt auf jede Terrasse, sondern auch durch jede T\u00fcr.<br \/>\nDurch die Verwendung von Rollen 100mm leicht zu bewegen auf der Terrasse.<br \/>\nAn der Unterseite, die M\u00f6glichkeit f\u00fcr 0,5 M3 gestapeltes Holz f\u00fcr den Pizzaofen.<\/p>","protected":false},"featured_media":6571,"template":"","meta":{"_monsterinsights_skip_tracking":false,"_monsterinsights_sitenote_active":false,"_monsterinsights_sitenote_note":"","_monsterinsights_sitenote_category":0,"site-sidebar-layout":"default","site-content-layout":"default","ast-site-content-layout":"default","site-content-style":"default","site-sidebar-style":"default","ast-global-header-display":"","ast-banner-title-visibility":"","ast-main-header-display":"","ast-hfb-above-header-display":"","ast-hfb-below-header-display":"","ast-hfb-mobile-header-display":"","site-post-title":"","ast-breadcrumbs-content":"","ast-featured-img":"","footer-sml-layout":"","ast-disable-related-posts":"","theme-transparent-header-meta":"default","adv-header-id-meta":"","stick-header-meta":"","header-above-stick-meta":"","header-main-stick-meta":"","header-below-stick-meta":"","astra-migrate-meta-layouts":"set","ast-page-background-enabled":"default","ast-page-background-meta":{"desktop":{"background-color":"","background-image":"","background-repeat":"repeat","background-position":"center center","background-size":"auto","background-attachment":"scroll","background-type":"","background-media":"","overlay-type":"","overlay-color":"","overlay-opacity":"","overlay-gradient":""},"tablet":{"background-color":"","background-image":"","background-repeat":"repeat","background-position":"center center","background-size":"auto","background-attachment":"scroll","background-type":"","background-media":"","overlay-type":"","overlay-color":"","overlay-opacity":"","overlay-gradient":""},"mobile":{"background-color":"","background-image":"","background-repeat":"repeat","background-position":"center center","background-size":"auto","background-attachment":"scroll","background-type":"","background-media":"","overlay-type":"","overlay-color":"","overlay-opacity":"","overlay-gradient":""}},"ast-content-background-meta":{"desktop":{"background-color":"var(--ast-global-color-5)","background-image":"","background-repeat":"repeat","background-position":"center center","background-size":"auto","background-attachment":"scroll","background-type":"","background-media":"","overlay-type":"","overlay-color":"","overlay-opacity":"","overlay-gradient":""},"tablet":{"background-color":"var(--ast-global-color-5)","background-image":"","background-repeat":"repeat","background-position":"center center","background-size":"auto","background-attachment":"scroll","background-type":"","background-media":"","overlay-type":"","overlay-color":"","overlay-opacity":"","overlay-gradient":""},"mobile":{"background-color":"var(--ast-global-color-5)","background-image":"","background-repeat":"repeat","background-position":"center center","background-size":"auto","background-attachment":"scroll","background-type":"","background-media":"","overlay-type":"","overlay-color":"","overlay-opacity":"","overlay-gradient":""}}},"product_brand":[],"product_cat":[110],"product_tag":[],"class_list":{"0":"post-6555","1":"product","2":"type-product","3":"status-publish","4":"has-post-thumbnail","6":"product_cat-onderstellen","7":"product_shipping_class-verzendklasse-4","8":"desktop-align-left","9":"tablet-align-left","10":"mobile-align-left","12":"first","13":"instock","14":"taxable","15":"shipping-taxable","16":"purchasable","17":"product-type-variable","18":"has-default-attributes"},"yoast_head":"<!-- This site is optimized with the Yoast SEO plugin v27.4 - https:\/\/yoast.com\/product\/yoast-seo-wordpress\/ -->\n<title>Onderstel BEEK 70 voor pizza ovens - Buitenpizzaovenkopen.nl<\/title>\n<meta name=\"description\" content=\"Ontdek het Onderstel BEEK 70, speciaal ontworpen voor mobiele pizza ovens. Perfecte werkhoogte van 104cm voor optimaal gebruiksgemak!\" \/>\n<meta name=\"robots\" content=\"index, follow, max-snippet:-1, max-image-preview:large, max-video-preview:-1\" \/>\n<link rel=\"canonical\" href=\"https:\/\/buitenpizzaovenkopen.nl\/de\/pizza-oven-kopen\/onderstel-beek-70-voor-pizza-ovens\/\" \/>\n<meta property=\"og:locale\" content=\"de_DE\" \/>\n<meta property=\"og:type\" content=\"article\" \/>\n<meta property=\"og:title\" content=\"Onderstel BEEK 70 voor pizza ovens - Buitenpizzaovenkopen.nl\" \/>\n<meta property=\"og:description\" content=\"Ontdek het Onderstel BEEK 70, speciaal ontworpen voor mobiele pizza ovens. Perfecte werkhoogte van 104cm voor optimaal gebruiksgemak!\" \/>\n<meta property=\"og:url\" content=\"https:\/\/buitenpizzaovenkopen.nl\/de\/pizza-oven-kopen\/onderstel-beek-70-voor-pizza-ovens\/\" \/>\n<meta property=\"og:site_name\" content=\"Buitenpizzaovenkopen.nl\" \/>\n<meta property=\"article:modified_time\" content=\"2024-04-23T21:46:07+00:00\" \/>\n<meta property=\"og:image\" content=\"https:\/\/buitenpizzaovenkopen.nl\/wp-content\/uploads\/2022\/02\/BCB743CE-267E-49BC-9682-DA82E993D767-scaled.jpeg\" \/>\n\t<meta property=\"og:image:width\" content=\"1920\" \/>\n\t<meta property=\"og:image:height\" content=\"2560\" \/>\n\t<meta property=\"og:image:type\" content=\"image\/jpeg\" \/>\n<meta name=\"twitter:card\" content=\"summary_large_image\" \/>\n<meta name=\"twitter:label1\" content=\"Gesch\u00e4tzte Lesezeit\" \/>\n\t<meta name=\"twitter:data1\" content=\"3\u00a0Minuten\" \/>\n<script type=\"application\/ld+json\" class=\"yoast-schema-graph\">{\"@context\":\"https:\\\/\\\/schema.org\",\"@graph\":[{\"@type\":\"WebPage\",\"@id\":\"https:\\\/\\\/buitenpizzaovenkopen.nl\\\/pizza-oven-kopen\\\/onderstel-beek-70-voor-pizza-ovens\\\/\",\"url\":\"https:\\\/\\\/buitenpizzaovenkopen.nl\\\/pizza-oven-kopen\\\/onderstel-beek-70-voor-pizza-ovens\\\/\",\"name\":\"Onderstel BEEK 70 voor pizza ovens - Buitenpizzaovenkopen.nl\",\"isPartOf\":{\"@id\":\"https:\\\/\\\/buitenpizzaovenkopen.nl\\\/#website\"},\"primaryImageOfPage\":{\"@id\":\"https:\\\/\\\/buitenpizzaovenkopen.nl\\\/pizza-oven-kopen\\\/onderstel-beek-70-voor-pizza-ovens\\\/#primaryimage\"},\"image\":{\"@id\":\"https:\\\/\\\/buitenpizzaovenkopen.nl\\\/pizza-oven-kopen\\\/onderstel-beek-70-voor-pizza-ovens\\\/#primaryimage\"},\"thumbnailUrl\":\"https:\\\/\\\/buitenpizzaovenkopen.nl\\\/wp-content\\\/uploads\\\/2022\\\/02\\\/BCB743CE-267E-49BC-9682-DA82E993D767-scaled.jpeg\",\"datePublished\":\"2022-02-09T11:28:15+00:00\",\"dateModified\":\"2024-04-23T21:46:07+00:00\",\"description\":\"Ontdek het Onderstel BEEK 70, speciaal ontworpen voor mobiele pizza ovens. Perfecte werkhoogte van 104cm voor optimaal gebruiksgemak!\",\"breadcrumb\":{\"@id\":\"https:\\\/\\\/buitenpizzaovenkopen.nl\\\/pizza-oven-kopen\\\/onderstel-beek-70-voor-pizza-ovens\\\/#breadcrumb\"},\"inLanguage\":\"de\",\"potentialAction\":[{\"@type\":\"ReadAction\",\"target\":[\"https:\\\/\\\/buitenpizzaovenkopen.nl\\\/pizza-oven-kopen\\\/onderstel-beek-70-voor-pizza-ovens\\\/\"]}]},{\"@type\":\"ImageObject\",\"inLanguage\":\"de\",\"@id\":\"https:\\\/\\\/buitenpizzaovenkopen.nl\\\/pizza-oven-kopen\\\/onderstel-beek-70-voor-pizza-ovens\\\/#primaryimage\",\"url\":\"https:\\\/\\\/buitenpizzaovenkopen.nl\\\/wp-content\\\/uploads\\\/2022\\\/02\\\/BCB743CE-267E-49BC-9682-DA82E993D767-scaled.jpeg\",\"contentUrl\":\"https:\\\/\\\/buitenpizzaovenkopen.nl\\\/wp-content\\\/uploads\\\/2022\\\/02\\\/BCB743CE-267E-49BC-9682-DA82E993D767-scaled.jpeg\",\"width\":1920,\"height\":2560,\"caption\":\"Onderstel BEEK 70 voor pizza ovens\"},{\"@type\":\"BreadcrumbList\",\"@id\":\"https:\\\/\\\/buitenpizzaovenkopen.nl\\\/pizza-oven-kopen\\\/onderstel-beek-70-voor-pizza-ovens\\\/#breadcrumb\",\"itemListElement\":[{\"@type\":\"ListItem\",\"position\":1,\"name\":\"Home\",\"item\":\"https:\\\/\\\/buitenpizzaovenkopen.nl\\\/\"},{\"@type\":\"ListItem\",\"position\":2,\"name\":\"Pizza oven kopen\",\"item\":\"https:\\\/\\\/buitenpizzaovenkopen.nl\\\/pizzaoven-kopen\\\/\"},{\"@type\":\"ListItem\",\"position\":3,\"name\":\"Onderstel BEEK 70 voor pizza ovens\"}]},{\"@type\":\"WebSite\",\"@id\":\"https:\\\/\\\/buitenpizzaovenkopen.nl\\\/#website\",\"url\":\"https:\\\/\\\/buitenpizzaovenkopen.nl\\\/\",\"name\":\"Buitenpizzaovenkopen.nl\",\"description\":\"is onderdeel van Casa di Ruscello\",\"publisher\":{\"@id\":\"https:\\\/\\\/buitenpizzaovenkopen.nl\\\/#organization\"},\"potentialAction\":[{\"@type\":\"SearchAction\",\"target\":{\"@type\":\"EntryPoint\",\"urlTemplate\":\"https:\\\/\\\/buitenpizzaovenkopen.nl\\\/?s={search_term_string}\"},\"query-input\":{\"@type\":\"PropertyValueSpecification\",\"valueRequired\":true,\"valueName\":\"search_term_string\"}}],\"inLanguage\":\"de\"},{\"@type\":\"Organization\",\"@id\":\"https:\\\/\\\/buitenpizzaovenkopen.nl\\\/#organization\",\"name\":\"Casa du Ruscello\",\"url\":\"https:\\\/\\\/buitenpizzaovenkopen.nl\\\/\",\"logo\":{\"@type\":\"ImageObject\",\"inLanguage\":\"de\",\"@id\":\"https:\\\/\\\/buitenpizzaovenkopen.nl\\\/#\\\/schema\\\/logo\\\/image\\\/\",\"url\":\"https:\\\/\\\/buitenpizzaovenkopen.nl\\\/wp-content\\\/uploads\\\/2020\\\/02\\\/logo.gif\",\"contentUrl\":\"https:\\\/\\\/buitenpizzaovenkopen.nl\\\/wp-content\\\/uploads\\\/2020\\\/02\\\/logo.gif\",\"width\":300,\"height\":305,\"caption\":\"Casa du Ruscello\"},\"image\":{\"@id\":\"https:\\\/\\\/buitenpizzaovenkopen.nl\\\/#\\\/schema\\\/logo\\\/image\\\/\"}}]}<\/script>\n<!-- \/ Yoast SEO plugin. -->","yoast_head_json":{"title":"Chassis BEEK 70 f\u00fcr pizza-\u00f6fen - Buitenpizzaovenkopen.nl","description":"Entdecken Sie die BEEK 70-chassis, die speziell f\u00fcr mobile pizza-\u00f6fen. Die perfekte Arbeitsh\u00f6he von 104cm f\u00fcr optimalen Bedienkomfort!","robots":{"index":"index","follow":"follow","max-snippet":"max-snippet:-1","max-image-preview":"max-image-preview:large","max-video-preview":"max-video-preview:-1"},"canonical":"https:\/\/buitenpizzaovenkopen.nl\/de\/pizza-oven-kopen\/onderstel-beek-70-voor-pizza-ovens\/","og_locale":"de_DE","og_type":"article","og_title":"Onderstel BEEK 70 voor pizza ovens - Buitenpizzaovenkopen.nl","og_description":"Ontdek het Onderstel BEEK 70, speciaal ontworpen voor mobiele pizza ovens. Perfecte werkhoogte van 104cm voor optimaal gebruiksgemak!","og_url":"https:\/\/buitenpizzaovenkopen.nl\/de\/pizza-oven-kopen\/onderstel-beek-70-voor-pizza-ovens\/","og_site_name":"Buitenpizzaovenkopen.nl","article_modified_time":"2024-04-23T21:46:07+00:00","og_image":[{"width":1920,"height":2560,"url":"https:\/\/buitenpizzaovenkopen.nl\/wp-content\/uploads\/2022\/02\/BCB743CE-267E-49BC-9682-DA82E993D767-scaled.jpeg","type":"image\/jpeg"}],"twitter_card":"summary_large_image","twitter_misc":{"Gesch\u00e4tzte Lesezeit":"3\u00a0Minuten"},"schema":{"@context":"https:\/\/schema.org","@graph":[{"@type":"WebPage","@id":"https:\/\/buitenpizzaovenkopen.nl\/pizza-oven-kopen\/onderstel-beek-70-voor-pizza-ovens\/","url":"https:\/\/buitenpizzaovenkopen.nl\/pizza-oven-kopen\/onderstel-beek-70-voor-pizza-ovens\/","name":"Chassis BEEK 70 f\u00fcr pizza-\u00f6fen - Buitenpizzaovenkopen.nl","isPartOf":{"@id":"https:\/\/buitenpizzaovenkopen.nl\/#website"},"primaryImageOfPage":{"@id":"https:\/\/buitenpizzaovenkopen.nl\/pizza-oven-kopen\/onderstel-beek-70-voor-pizza-ovens\/#primaryimage"},"image":{"@id":"https:\/\/buitenpizzaovenkopen.nl\/pizza-oven-kopen\/onderstel-beek-70-voor-pizza-ovens\/#primaryimage"},"thumbnailUrl":"https:\/\/buitenpizzaovenkopen.nl\/wp-content\/uploads\/2022\/02\/BCB743CE-267E-49BC-9682-DA82E993D767-scaled.jpeg","datePublished":"2022-02-09T11:28:15+00:00","dateModified":"2024-04-23T21:46:07+00:00","description":"Entdecken Sie die BEEK 70-chassis, die speziell f\u00fcr mobile pizza-\u00f6fen. Die perfekte Arbeitsh\u00f6he von 104cm f\u00fcr optimalen Bedienkomfort!","breadcrumb":{"@id":"https:\/\/buitenpizzaovenkopen.nl\/pizza-oven-kopen\/onderstel-beek-70-voor-pizza-ovens\/#breadcrumb"},"inLanguage":"de","potentialAction":[{"@type":"ReadAction","target":["https:\/\/buitenpizzaovenkopen.nl\/pizza-oven-kopen\/onderstel-beek-70-voor-pizza-ovens\/"]}]},{"@type":"ImageObject","inLanguage":"de","@id":"https:\/\/buitenpizzaovenkopen.nl\/pizza-oven-kopen\/onderstel-beek-70-voor-pizza-ovens\/#primaryimage","url":"https:\/\/buitenpizzaovenkopen.nl\/wp-content\/uploads\/2022\/02\/BCB743CE-267E-49BC-9682-DA82E993D767-scaled.jpeg","contentUrl":"https:\/\/buitenpizzaovenkopen.nl\/wp-content\/uploads\/2022\/02\/BCB743CE-267E-49BC-9682-DA82E993D767-scaled.jpeg","width":1920,"height":2560,"caption":"Onderstel BEEK 70 voor pizza ovens"},{"@type":"BreadcrumbList","@id":"https:\/\/buitenpizzaovenkopen.nl\/pizza-oven-kopen\/onderstel-beek-70-voor-pizza-ovens\/#breadcrumb","itemListElement":[{"@type":"ListItem","position":1,"name":"Home","item":"https:\/\/buitenpizzaovenkopen.nl\/"},{"@type":"ListItem","position":2,"name":"Pizza oven kopen","item":"https:\/\/buitenpizzaovenkopen.nl\/pizzaoven-kopen\/"},{"@type":"ListItem","position":3,"name":"Onderstel BEEK 70 voor pizza ovens"}]},{"@type":"WebSite","@id":"https:\/\/buitenpizzaovenkopen.nl\/#website","url":"https:\/\/buitenpizzaovenkopen.nl\/","name":"Buitenpizzaovenkopen.nl","description":"ist Teil von Casa Di Ruscello","publisher":{"@id":"https:\/\/buitenpizzaovenkopen.nl\/#organization"},"potentialAction":[{"@type":"SearchAction","target":{"@type":"EntryPoint","urlTemplate":"https:\/\/buitenpizzaovenkopen.nl\/?s={search_term_string}"},"query-input":{"@type":"PropertyValueSpecification","valueRequired":true,"valueName":"search_term_string"}}],"inLanguage":"de"},{"@type":"Organization","@id":"https:\/\/buitenpizzaovenkopen.nl\/#organization","name":"Casa du Ruscello","url":"https:\/\/buitenpizzaovenkopen.nl\/","logo":{"@type":"ImageObject","inLanguage":"de","@id":"https:\/\/buitenpizzaovenkopen.nl\/#\/schema\/logo\/image\/","url":"https:\/\/buitenpizzaovenkopen.nl\/wp-content\/uploads\/2020\/02\/logo.gif","contentUrl":"https:\/\/buitenpizzaovenkopen.nl\/wp-content\/uploads\/2020\/02\/logo.gif","width":300,"height":305,"caption":"Casa du Ruscello"},"image":{"@id":"https:\/\/buitenpizzaovenkopen.nl\/#\/schema\/logo\/image\/"}}]}},"_links":{"self":[{"href":"https:\/\/buitenpizzaovenkopen.nl\/de\/wp-json\/wp\/v2\/product\/6555","targetHints":{"allow":["GET"]}}],"collection":[{"href":"https:\/\/buitenpizzaovenkopen.nl\/de\/wp-json\/wp\/v2\/product"}],"about":[{"href":"https:\/\/buitenpizzaovenkopen.nl\/de\/wp-json\/wp\/v2\/types\/product"}],"wp:featuredmedia":[{"embeddable":true,"href":"https:\/\/buitenpizzaovenkopen.nl\/de\/wp-json\/wp\/v2\/media\/6571"}],"wp:attachment":[{"href":"https:\/\/buitenpizzaovenkopen.nl\/de\/wp-json\/wp\/v2\/media?parent=6555"}],"wp:term":[{"taxonomy":"product_brand","embeddable":true,"href":"https:\/\/buitenpizzaovenkopen.nl\/de\/wp-json\/wp\/v2\/product_brand?post=6555"},{"taxonomy":"product_cat","embeddable":true,"href":"https:\/\/buitenpizzaovenkopen.nl\/de\/wp-json\/wp\/v2\/product_cat?post=6555"},{"taxonomy":"product_tag","embeddable":true,"href":"https:\/\/buitenpizzaovenkopen.nl\/de\/wp-json\/wp\/v2\/product_tag?post=6555"}],"curies":[{"name":"wp","href":"https:\/\/api.w.org\/{rel}","templated":true}]}}