{"id":6256,"date":"2021-03-14T20:48:55","date_gmt":"2021-03-14T19:48:55","guid":{"rendered":"https:\/\/buitenpizzaovenkopen.nl\/?post_type=product&#038;p=6256"},"modified":"2025-12-04T10:05:12","modified_gmt":"2025-12-04T09:05:12","slug":"pizza-bollen","status":"publish","type":"product","link":"https:\/\/buitenpizzaovenkopen.nl\/de\/pizza-oven-kopen\/pizza-bollen\/","title":{"rendered":"Pizzateigkugeln (nur zur Abholung)"},"content":{"rendered":"<p>Die frisch zubereitete pizza B\u00e4lle Buitenpizzaovenkopen.nl die Grundlage f\u00fcr&#034;die leckersten PIZZA in der region&#034;. Vor allem f\u00fcr Liebhaber der authentischen neapolitanischen Pizza, unsere pizza-Kugeln, jede mit einem Gewicht zwischen 180 und 200 Gramm sind die perfekte Wahl f\u00fcr eine pizza von etwa 32 cm.<\/p>\n<p><strong>Frisch und bereit zu verwenden<\/strong><br \/>\nJede Woche wenden wir unsere pizza B\u00e4lle frisch und frieren Sie Sie sofort, um sicherzustellen frische. Dieser Prozess sorgt daf\u00fcr, dass Sie immer haben die beste Qualit\u00e4t f\u00fcr Ihr home-made Pizza.die Kugeln sind erh\u00e4ltlich in den zahlen von 20, 30 und 60 St\u00fcck, die nur abgeholt werden in unserem Standort.<\/p>\n<p><strong>Anweisungen zur Lagerung<\/strong><br \/>\nWenn gekauft, Sie k\u00f6nnen einfrieren die pizza B\u00e4lle sofort und lagern Sie Sie bis zu 6 Monate. Dies macht es besonders bequem zu haben immer einen Vorrat zu Hause, wenn die pizza craving strikes. Wenn Sie bereit sind zu Backen, entfernen Sie einfach die gew\u00fcnschte Anzahl der Lampen aus der Tiefk\u00fchltruhe. Lassen Sie Sie Auftauen und in einem \u00fcberdachten Teig Beh\u00e4lter oder Sch\u00fcssel bei Raumtemperatur f\u00fcr mindestens 6 Stunden. Ein kleiner Tipp: leicht befeuchten die pizza B\u00e4lle, bevor Sie Sie verwenden. Einfrieren erm\u00f6glicht es dem Teig, verliert Feuchtigkeit, und leicht anfeuchtet, Sie wird zur Wiederherstellung der optimalen textur.<\/p>\n<p><strong>Die Vorbereitung Ihrer pizza base<\/strong><br \/>\nF\u00fcr Rollen den Pizzateig, wir empfehlen Reis-Prise Mehl -. Diese Art von Mehl, hilft zu schaffen eine perfekte, nicht-stick unten, dass ist einfach zu handhaben.<\/p>\n<p><strong>Kontakt<\/strong><br \/>\nHaben Sie Fragen oder w\u00fcnschen Sie weitere Beratung bei der Vorbereitung die perfekte pizza mit unsere Produkte? F\u00fchlen Sie sich bitte frei, uns zu Kontaktieren <a href=\"https:\/\/buitenpizzaovenkopen.nl\/de\/contact-buitenpizzaovenkopen\/\">Kontakt<\/a> mit uns. Unser team ist bereit zu helfen Sie starten ein Kulinarisches Abenteuer erfolgreich.<\/p>\n<p>Dieses umfassende Informationen und Lagerung Tipps wird sichergestellt, dass Sie immer beste Ergebnisse mit unseren Produkten, w\u00e4hrend genie\u00dfen den Komfort der Backen von Pizzen in der eigenen K\u00fcche.<\/p>","protected":false},"excerpt":{"rendered":"<p>Pizza deeg bollen zijn ongeveer 180 &#8211; 200 gram per stuk en zijn goed voor een Napoliaanse PIZZA van +\/- 32cm. De pizza bollen zijn verkrijgbaar in aantallen van 20, 30 en 40 stuks<\/p>","protected":false},"featured_media":2930,"template":"","meta":{"_monsterinsights_skip_tracking":false,"_monsterinsights_sitenote_active":false,"_monsterinsights_sitenote_note":"","_monsterinsights_sitenote_category":0,"site-sidebar-layout":"default","site-content-layout":"default","ast-site-content-layout":"default","site-content-style":"default","site-sidebar-style":"default","ast-global-header-display":"","ast-banner-title-visibility":"","ast-main-header-display":"","ast-hfb-above-header-display":"","ast-hfb-below-header-display":"","ast-hfb-mobile-header-display":"","site-post-title":"","ast-breadcrumbs-content":"","ast-featured-img":"","footer-sml-layout":"","ast-disable-related-posts":"","theme-transparent-header-meta":"default","adv-header-id-meta":"","stick-header-meta":"","header-above-stick-meta":"","header-main-stick-meta":"","header-below-stick-meta":"","astra-migrate-meta-layouts":"set","ast-page-background-enabled":"default","ast-page-background-meta":{"desktop":{"background-color":"","background-image":"","background-repeat":"repeat","background-position":"center center","background-size":"auto","background-attachment":"scroll","background-type":"","background-media":"","overlay-type":"","overlay-color":"","overlay-opacity":"","overlay-gradient":""},"tablet":{"background-color":"","background-image":"","background-repeat":"repeat","background-position":"center center","background-size":"auto","background-attachment":"scroll","background-type":"","background-media":"","overlay-type":"","overlay-color":"","overlay-opacity":"","overlay-gradient":""},"mobile":{"background-color":"","background-image":"","background-repeat":"repeat","background-position":"center center","background-size":"auto","background-attachment":"scroll","background-type":"","background-media":"","overlay-type":"","overlay-color":"","overlay-opacity":"","overlay-gradient":""}},"ast-content-background-meta":{"desktop":{"background-color":"var(--ast-global-color-5)","background-image":"","background-repeat":"repeat","background-position":"center center","background-size":"auto","background-attachment":"scroll","background-type":"","background-media":"","overlay-type":"","overlay-color":"","overlay-opacity":"","overlay-gradient":""},"tablet":{"background-color":"var(--ast-global-color-5)","background-image":"","background-repeat":"repeat","background-position":"center center","background-size":"auto","background-attachment":"scroll","background-type":"","background-media":"","overlay-type":"","overlay-color":"","overlay-opacity":"","overlay-gradient":""},"mobile":{"background-color":"var(--ast-global-color-5)","background-image":"","background-repeat":"repeat","background-position":"center center","background-size":"auto","background-attachment":"scroll","background-type":"","background-media":"","overlay-type":"","overlay-color":"","overlay-opacity":"","overlay-gradient":""}}},"product_brand":[],"product_cat":[25],"product_tag":[116,117,115,118],"class_list":{"0":"post-6256","1":"product","2":"type-product","3":"status-publish","4":"has-post-thumbnail","6":"product_cat-pizza-benodigdheden","7":"product_tag-deegbollen","8":"product_tag-pizza","9":"product_tag-pizzabollen","10":"product_tag-rijststrooimeel","11":"product_shipping_class-verzendklasse-1","12":"desktop-align-left","13":"tablet-align-left","14":"mobile-align-left","16":"first","17":"instock","18":"taxable","19":"shipping-taxable","20":"purchasable","21":"product-type-variable"},"yoast_head":"<!-- This site is optimized with the Yoast SEO plugin v27.3 - https:\/\/yoast.com\/product\/yoast-seo-wordpress\/ -->\n<title>Pizza bollen (alleen afhalen) - Buitenpizzaovenkopen.nl<\/title>\n<meta name=\"description\" content=\"Onze pizza bollen worden wekelijks vers gedraaid en direct ingevroren. Lekker makkelijk dus als u heerlijke pizza&#039;s wil gaan maken\" \/>\n<meta name=\"robots\" content=\"index, follow, max-snippet:-1, max-image-preview:large, max-video-preview:-1\" \/>\n<link rel=\"canonical\" href=\"https:\/\/buitenpizzaovenkopen.nl\/de\/pizza-oven-kopen\/pizza-bollen\/\" \/>\n<meta property=\"og:locale\" content=\"de_DE\" \/>\n<meta property=\"og:type\" content=\"article\" \/>\n<meta property=\"og:title\" content=\"Pizza bollen (alleen afhalen) - Buitenpizzaovenkopen.nl\" \/>\n<meta property=\"og:description\" content=\"Onze pizza bollen worden wekelijks vers gedraaid en direct ingevroren. Lekker makkelijk dus als u heerlijke pizza&#039;s wil gaan maken\" \/>\n<meta property=\"og:url\" content=\"https:\/\/buitenpizzaovenkopen.nl\/de\/pizza-oven-kopen\/pizza-bollen\/\" \/>\n<meta property=\"og:site_name\" content=\"Buitenpizzaovenkopen.nl\" \/>\n<meta property=\"article:modified_time\" content=\"2025-12-04T09:05:12+00:00\" \/>\n<meta property=\"og:image\" content=\"https:\/\/buitenpizzaovenkopen.nl\/wp-content\/uploads\/2019\/10\/bkpam2274911_deegbollen.jpg\" \/>\n\t<meta property=\"og:image:width\" content=\"780\" \/>\n\t<meta property=\"og:image:height\" content=\"520\" \/>\n\t<meta property=\"og:image:type\" content=\"image\/jpeg\" \/>\n<meta name=\"twitter:card\" content=\"summary_large_image\" \/>\n<meta name=\"twitter:label1\" content=\"Gesch\u00e4tzte Lesezeit\" \/>\n\t<meta name=\"twitter:data1\" content=\"2\u00a0Minuten\" \/>\n<script type=\"application\/ld+json\" class=\"yoast-schema-graph\">{\"@context\":\"https:\\\/\\\/schema.org\",\"@graph\":[{\"@type\":\"WebPage\",\"@id\":\"https:\\\/\\\/buitenpizzaovenkopen.nl\\\/pizza-oven-kopen\\\/pizza-bollen\\\/\",\"url\":\"https:\\\/\\\/buitenpizzaovenkopen.nl\\\/pizza-oven-kopen\\\/pizza-bollen\\\/\",\"name\":\"Pizza bollen (alleen afhalen) - Buitenpizzaovenkopen.nl\",\"isPartOf\":{\"@id\":\"https:\\\/\\\/buitenpizzaovenkopen.nl\\\/#website\"},\"primaryImageOfPage\":{\"@id\":\"https:\\\/\\\/buitenpizzaovenkopen.nl\\\/pizza-oven-kopen\\\/pizza-bollen\\\/#primaryimage\"},\"image\":{\"@id\":\"https:\\\/\\\/buitenpizzaovenkopen.nl\\\/pizza-oven-kopen\\\/pizza-bollen\\\/#primaryimage\"},\"thumbnailUrl\":\"https:\\\/\\\/buitenpizzaovenkopen.nl\\\/wp-content\\\/uploads\\\/2019\\\/10\\\/bkpam2274911_deegbollen.jpg\",\"datePublished\":\"2021-03-14T19:48:55+00:00\",\"dateModified\":\"2025-12-04T09:05:12+00:00\",\"description\":\"Onze pizza bollen worden wekelijks vers gedraaid en direct ingevroren. Lekker makkelijk dus als u heerlijke pizza's wil gaan maken\",\"breadcrumb\":{\"@id\":\"https:\\\/\\\/buitenpizzaovenkopen.nl\\\/pizza-oven-kopen\\\/pizza-bollen\\\/#breadcrumb\"},\"inLanguage\":\"de\",\"potentialAction\":[{\"@type\":\"ReadAction\",\"target\":[\"https:\\\/\\\/buitenpizzaovenkopen.nl\\\/pizza-oven-kopen\\\/pizza-bollen\\\/\"]}]},{\"@type\":\"ImageObject\",\"inLanguage\":\"de\",\"@id\":\"https:\\\/\\\/buitenpizzaovenkopen.nl\\\/pizza-oven-kopen\\\/pizza-bollen\\\/#primaryimage\",\"url\":\"https:\\\/\\\/buitenpizzaovenkopen.nl\\\/wp-content\\\/uploads\\\/2019\\\/10\\\/bkpam2274911_deegbollen.jpg\",\"contentUrl\":\"https:\\\/\\\/buitenpizzaovenkopen.nl\\\/wp-content\\\/uploads\\\/2019\\\/10\\\/bkpam2274911_deegbollen.jpg\",\"width\":780,\"height\":520,\"caption\":\"Pizza bollen\"},{\"@type\":\"BreadcrumbList\",\"@id\":\"https:\\\/\\\/buitenpizzaovenkopen.nl\\\/pizza-oven-kopen\\\/pizza-bollen\\\/#breadcrumb\",\"itemListElement\":[{\"@type\":\"ListItem\",\"position\":1,\"name\":\"Home\",\"item\":\"https:\\\/\\\/buitenpizzaovenkopen.nl\\\/\"},{\"@type\":\"ListItem\",\"position\":2,\"name\":\"Pizza oven kopen\",\"item\":\"https:\\\/\\\/buitenpizzaovenkopen.nl\\\/pizzaoven-kopen\\\/\"},{\"@type\":\"ListItem\",\"position\":3,\"name\":\"Pizza bollen (alleen afhalen)\"}]},{\"@type\":\"WebSite\",\"@id\":\"https:\\\/\\\/buitenpizzaovenkopen.nl\\\/#website\",\"url\":\"https:\\\/\\\/buitenpizzaovenkopen.nl\\\/\",\"name\":\"Buitenpizzaovenkopen.nl\",\"description\":\"is onderdeel van Casa di Ruscello\",\"publisher\":{\"@id\":\"https:\\\/\\\/buitenpizzaovenkopen.nl\\\/#organization\"},\"potentialAction\":[{\"@type\":\"SearchAction\",\"target\":{\"@type\":\"EntryPoint\",\"urlTemplate\":\"https:\\\/\\\/buitenpizzaovenkopen.nl\\\/?s={search_term_string}\"},\"query-input\":{\"@type\":\"PropertyValueSpecification\",\"valueRequired\":true,\"valueName\":\"search_term_string\"}}],\"inLanguage\":\"de\"},{\"@type\":\"Organization\",\"@id\":\"https:\\\/\\\/buitenpizzaovenkopen.nl\\\/#organization\",\"name\":\"Casa du Ruscello\",\"url\":\"https:\\\/\\\/buitenpizzaovenkopen.nl\\\/\",\"logo\":{\"@type\":\"ImageObject\",\"inLanguage\":\"de\",\"@id\":\"https:\\\/\\\/buitenpizzaovenkopen.nl\\\/#\\\/schema\\\/logo\\\/image\\\/\",\"url\":\"https:\\\/\\\/buitenpizzaovenkopen.nl\\\/wp-content\\\/uploads\\\/2020\\\/02\\\/logo.gif\",\"contentUrl\":\"https:\\\/\\\/buitenpizzaovenkopen.nl\\\/wp-content\\\/uploads\\\/2020\\\/02\\\/logo.gif\",\"width\":300,\"height\":305,\"caption\":\"Casa du Ruscello\"},\"image\":{\"@id\":\"https:\\\/\\\/buitenpizzaovenkopen.nl\\\/#\\\/schema\\\/logo\\\/image\\\/\"}}]}<\/script>\n<!-- \/ Yoast SEO plugin. -->","yoast_head_json":{"title":"Pizza-Kugeln (take away only) - Buitenpizzaovenkopen.nl","description":"Unsere pizza B\u00e4lle sind frisch gedreht w\u00f6chentlich und sofort eingefroren. So einfach, wenn Sie wollen leckere Pizza","robots":{"index":"index","follow":"follow","max-snippet":"max-snippet:-1","max-image-preview":"max-image-preview:large","max-video-preview":"max-video-preview:-1"},"canonical":"https:\/\/buitenpizzaovenkopen.nl\/de\/pizza-oven-kopen\/pizza-bollen\/","og_locale":"de_DE","og_type":"article","og_title":"Pizza bollen (alleen afhalen) - Buitenpizzaovenkopen.nl","og_description":"Onze pizza bollen worden wekelijks vers gedraaid en direct ingevroren. Lekker makkelijk dus als u heerlijke pizza's wil gaan maken","og_url":"https:\/\/buitenpizzaovenkopen.nl\/de\/pizza-oven-kopen\/pizza-bollen\/","og_site_name":"Buitenpizzaovenkopen.nl","article_modified_time":"2025-12-04T09:05:12+00:00","og_image":[{"width":780,"height":520,"url":"https:\/\/buitenpizzaovenkopen.nl\/wp-content\/uploads\/2019\/10\/bkpam2274911_deegbollen.jpg","type":"image\/jpeg"}],"twitter_card":"summary_large_image","twitter_misc":{"Gesch\u00e4tzte Lesezeit":"2\u00a0Minuten"},"schema":{"@context":"https:\/\/schema.org","@graph":[{"@type":"WebPage","@id":"https:\/\/buitenpizzaovenkopen.nl\/pizza-oven-kopen\/pizza-bollen\/","url":"https:\/\/buitenpizzaovenkopen.nl\/pizza-oven-kopen\/pizza-bollen\/","name":"Pizza-Kugeln (take away only) - Buitenpizzaovenkopen.nl","isPartOf":{"@id":"https:\/\/buitenpizzaovenkopen.nl\/#website"},"primaryImageOfPage":{"@id":"https:\/\/buitenpizzaovenkopen.nl\/pizza-oven-kopen\/pizza-bollen\/#primaryimage"},"image":{"@id":"https:\/\/buitenpizzaovenkopen.nl\/pizza-oven-kopen\/pizza-bollen\/#primaryimage"},"thumbnailUrl":"https:\/\/buitenpizzaovenkopen.nl\/wp-content\/uploads\/2019\/10\/bkpam2274911_deegbollen.jpg","datePublished":"2021-03-14T19:48:55+00:00","dateModified":"2025-12-04T09:05:12+00:00","description":"Unsere pizza B\u00e4lle sind frisch gedreht w\u00f6chentlich und sofort eingefroren. So einfach, wenn Sie wollen leckere Pizza","breadcrumb":{"@id":"https:\/\/buitenpizzaovenkopen.nl\/pizza-oven-kopen\/pizza-bollen\/#breadcrumb"},"inLanguage":"de","potentialAction":[{"@type":"ReadAction","target":["https:\/\/buitenpizzaovenkopen.nl\/pizza-oven-kopen\/pizza-bollen\/"]}]},{"@type":"ImageObject","inLanguage":"de","@id":"https:\/\/buitenpizzaovenkopen.nl\/pizza-oven-kopen\/pizza-bollen\/#primaryimage","url":"https:\/\/buitenpizzaovenkopen.nl\/wp-content\/uploads\/2019\/10\/bkpam2274911_deegbollen.jpg","contentUrl":"https:\/\/buitenpizzaovenkopen.nl\/wp-content\/uploads\/2019\/10\/bkpam2274911_deegbollen.jpg","width":780,"height":520,"caption":"Pizza bollen"},{"@type":"BreadcrumbList","@id":"https:\/\/buitenpizzaovenkopen.nl\/pizza-oven-kopen\/pizza-bollen\/#breadcrumb","itemListElement":[{"@type":"ListItem","position":1,"name":"Home","item":"https:\/\/buitenpizzaovenkopen.nl\/"},{"@type":"ListItem","position":2,"name":"Pizza oven kopen","item":"https:\/\/buitenpizzaovenkopen.nl\/pizzaoven-kopen\/"},{"@type":"ListItem","position":3,"name":"Pizza bollen (alleen afhalen)"}]},{"@type":"WebSite","@id":"https:\/\/buitenpizzaovenkopen.nl\/#website","url":"https:\/\/buitenpizzaovenkopen.nl\/","name":"Buitenpizzaovenkopen.nl","description":"ist Teil von Casa Di Ruscello","publisher":{"@id":"https:\/\/buitenpizzaovenkopen.nl\/#organization"},"potentialAction":[{"@type":"SearchAction","target":{"@type":"EntryPoint","urlTemplate":"https:\/\/buitenpizzaovenkopen.nl\/?s={search_term_string}"},"query-input":{"@type":"PropertyValueSpecification","valueRequired":true,"valueName":"search_term_string"}}],"inLanguage":"de"},{"@type":"Organization","@id":"https:\/\/buitenpizzaovenkopen.nl\/#organization","name":"Casa du Ruscello","url":"https:\/\/buitenpizzaovenkopen.nl\/","logo":{"@type":"ImageObject","inLanguage":"de","@id":"https:\/\/buitenpizzaovenkopen.nl\/#\/schema\/logo\/image\/","url":"https:\/\/buitenpizzaovenkopen.nl\/wp-content\/uploads\/2020\/02\/logo.gif","contentUrl":"https:\/\/buitenpizzaovenkopen.nl\/wp-content\/uploads\/2020\/02\/logo.gif","width":300,"height":305,"caption":"Casa du Ruscello"},"image":{"@id":"https:\/\/buitenpizzaovenkopen.nl\/#\/schema\/logo\/image\/"}}]}},"_links":{"self":[{"href":"https:\/\/buitenpizzaovenkopen.nl\/de\/wp-json\/wp\/v2\/product\/6256","targetHints":{"allow":["GET"]}}],"collection":[{"href":"https:\/\/buitenpizzaovenkopen.nl\/de\/wp-json\/wp\/v2\/product"}],"about":[{"href":"https:\/\/buitenpizzaovenkopen.nl\/de\/wp-json\/wp\/v2\/types\/product"}],"wp:featuredmedia":[{"embeddable":true,"href":"https:\/\/buitenpizzaovenkopen.nl\/de\/wp-json\/wp\/v2\/media\/2930"}],"wp:attachment":[{"href":"https:\/\/buitenpizzaovenkopen.nl\/de\/wp-json\/wp\/v2\/media?parent=6256"}],"wp:term":[{"taxonomy":"product_brand","embeddable":true,"href":"https:\/\/buitenpizzaovenkopen.nl\/de\/wp-json\/wp\/v2\/product_brand?post=6256"},{"taxonomy":"product_cat","embeddable":true,"href":"https:\/\/buitenpizzaovenkopen.nl\/de\/wp-json\/wp\/v2\/product_cat?post=6256"},{"taxonomy":"product_tag","embeddable":true,"href":"https:\/\/buitenpizzaovenkopen.nl\/de\/wp-json\/wp\/v2\/product_tag?post=6256"}],"curies":[{"name":"wp","href":"https:\/\/api.w.org\/{rel}","templated":true}]}}