{"id":6144,"date":"2021-01-27T11:38:54","date_gmt":"2021-01-27T10:38:54","guid":{"rendered":"https:\/\/buitenpizzaovenkopen.nl\/?post_type=product&#038;p=6144"},"modified":"2025-05-06T18:52:47","modified_gmt":"2025-05-06T16:52:47","slug":"beek-grande-pizza-oven-met-origineel-onderstel","status":"publish","type":"product","link":"https:\/\/buitenpizzaovenkopen.nl\/de\/pizza-oven-kopen\/beek-grande-pizza-oven-met-origineel-onderstel\/","title":{"rendered":"BEEK Grande Pizza-Ofen mit original base"},"content":{"rendered":"<p>De BEEK Grande Pizza Oven is een indrukwekkend model voor de echte pizza liefhebber, met ruimte om tot maar liefst 4 pizza&#8217;s tegelijkertijd te bakken. De oven beschikt over een extra brede bakvloer van 800 mm breed en 600 mm diep, waardoor deze ideaal is voor het bereiden van grote of meerdere kleinere pizza&#8217;s. Ondanks zijn grootte weegt de oven slechts 85 kg, wat hem verrassend mobiel maakt voor verplaatsing binnen of tussen locaties.<\/p>\n<p>Die Aufheizzeit des BEEK Grande Pizzaofens betr\u00e4gt je nach externen Bedingungen und Art des verwendeten Brennstoffs 15 bis 40 Minuten. Sobald die Temperatur erreicht ist, kann der Ofen eine maximale Temperatur von 500\u02daC erreichen, so dass Pizzen in nur 90 Sekunden perfekt gebacken werden k\u00f6nnen. Dies macht ihn nicht nur zu einer leistungsstarken, sondern auch zu einer effizienten Wahl f\u00fcr den Heim- und gewerblichen Gebrauch.<\/p>\n<p>De nieuwste BEEK GRANDE heeft een down force air circulatie en<br \/>\nEen regelbare inlaat waardoor de oven prachtig brand met gesloten deur.<br \/>\nIs dus voorzien van alle opties.<\/p>\n<p>Qua constructie meet de oven 920mm in de breedte en 790 mm in de diepte zonder onderstel. Met het onderstel, dat een ideale werkhoogte heeft van 104 cm, komen de totale buitenafmetingen op 2200 x 920 x 790 mm, inclusief afvoer. Het onderstel zelf is gemaakt van gepoedercoat staal en kan optioneel worden uitgebreid met zijschotten voor extra functionaliteit en stijl.<\/p>\n<p>Die Backfl\u00e4che des Ofens, 800\u00d7600 mm, besteht aus hochwertigen Materialien, die eine optimale W\u00e4rmeverteilung f\u00fcr gleichm\u00e4\u00dfig gekochte Gerichte gew\u00e4hrleisten. Als Brennstoff wird empfohlen, Birkenholz oder Hartholz wie Buche, Eiche oder Apfelholz zu verwenden, was zum authentischen Geschmack der Gerichte beitr\u00e4gt.<\/p>\n<p>Der Ofen wird mit verschiedenen Zubeh\u00f6rteilen geliefert, darunter eine 2 mm dicke Edelstahlt\u00fcr, ein Schornstein, ein hochwertiges Thermometer, ein Feuerschutz und ein professioneller Pizzaschieber der Marke Falci. Diese Komponenten gew\u00e4hrleisten eine langlebige und funktionale Bedienung des Ofens.<\/p>\n<p>Der Beek Grande ist in mattem Schwarz und Rot erh\u00e4ltlich, mit der M\u00f6glichkeit, auf Anfrage andere Farben zu bestellen. Jeder Ofen wird mit einer einj\u00e4hrigen Garantie ab dem Kaufdatum geliefert, was die Qualit\u00e4t und den Service von Buitenpizzaovenkopen.nl unterstreicht. Dies macht den Beek Grande Pizzaofen zu einer ausgezeichneten Investition f\u00fcr alle, die die Kunst des Pizza-Backens auf ein h\u00f6heres Niveau heben m\u00f6chten.<\/p>\n<p>Nehmen Sie gerne unverbindlich <a href=\"https:\/\/buitenpizzaovenkopen.nl\/de\/contact-buitenpizzaovenkopen\/\">Kontakt<\/a> mit uns auf!<\/p>\n<p><strong style=\"font-size: 16px\">Technische Daten:<\/strong><\/p>\n<p>Warm-up Zeit:<span style=\"font-size: 16px\"> 15-40 Minuten<br \/>\n<\/span><strong>\u00c4u\u00dfere dimension<\/strong> (BxD) 900 x 790 mm<br \/>\n<strong>Au\u00dfenma\u00dfe mit Gestell:<\/strong> (H x B x T): 2200 x 920 x 790 mm inklusive Abzug. Das Gestell hat eine ideale H\u00f6he von 104 cm, besteht aus pulverbeschichtetem Stahl und wird standardm\u00e4\u00dfig ohne Seitenteile geliefert, optional aber erh\u00e4ltlich.<br \/>\n<strong>Bakoppervlak:<\/strong> 800x600mm<br \/>\n<strong>Maximale Temperatur:<\/strong> 500C<br \/>\n<strong>Baksnelheid voor pizza:<\/strong> 90 Sekunden<br \/>\n<strong>Kapazit\u00e4t:<\/strong> Bis zu 4 Pizzen oder andere Gerichte<br \/>\n<strong>Empfohlen Kraftstoff:<\/strong> Birkenholz oder Hartholz wie Buche, Eiche, Apfelholz usw.<br \/>\n<strong>Enth\u00e4lt:<\/strong> Ofen mit 2 mm dicker Edelstahlt\u00fcr, Schornstein, Thermometer, Feuerschutz, Pizzaschieber der Marke Falci und Gestell.<br \/>\n<strong>Drain:<\/strong> 150mm<br \/>\n<strong>Garantie:<\/strong> 1 Jahr ab Kaufdatum<br \/>\n<strong>Farbe:<\/strong>\u00a0Mattschwarz und Rot (andere Farben auf Anfrage m\u00f6glich).<\/p>","protected":false},"excerpt":{"rendered":"<p>De Beek Grande pizza oven is een grote oven waar 1 tot 4 pizza\u2019s tegelijk in kunnen worden afgebakken. De oven heeft een extra brede bakvloer 800 mm breed en 600 mm diep. Hij weegt slechts 85 kg, waardoor deze oven nog steeds ontzettend mobiel is.<\/p>","protected":false},"featured_media":6724,"template":"","meta":{"_monsterinsights_skip_tracking":false,"_monsterinsights_sitenote_active":false,"_monsterinsights_sitenote_note":"","_monsterinsights_sitenote_category":0,"site-sidebar-layout":"default","site-content-layout":"default","ast-site-content-layout":"default","site-content-style":"default","site-sidebar-style":"default","ast-global-header-display":"","ast-banner-title-visibility":"","ast-main-header-display":"","ast-hfb-above-header-display":"","ast-hfb-below-header-display":"","ast-hfb-mobile-header-display":"","site-post-title":"","ast-breadcrumbs-content":"","ast-featured-img":"","footer-sml-layout":"","ast-disable-related-posts":"","theme-transparent-header-meta":"default","adv-header-id-meta":"","stick-header-meta":"","header-above-stick-meta":"","header-main-stick-meta":"","header-below-stick-meta":"","astra-migrate-meta-layouts":"set","ast-page-background-enabled":"default","ast-page-background-meta":{"desktop":{"background-color":"","background-image":"","background-repeat":"repeat","background-position":"center center","background-size":"auto","background-attachment":"scroll","background-type":"","background-media":"","overlay-type":"","overlay-color":"","overlay-opacity":"","overlay-gradient":""},"tablet":{"background-color":"","background-image":"","background-repeat":"repeat","background-position":"center center","background-size":"auto","background-attachment":"scroll","background-type":"","background-media":"","overlay-type":"","overlay-color":"","overlay-opacity":"","overlay-gradient":""},"mobile":{"background-color":"","background-image":"","background-repeat":"repeat","background-position":"center center","background-size":"auto","background-attachment":"scroll","background-type":"","background-media":"","overlay-type":"","overlay-color":"","overlay-opacity":"","overlay-gradient":""}},"ast-content-background-meta":{"desktop":{"background-color":"var(--ast-global-color-5)","background-image":"","background-repeat":"repeat","background-position":"center center","background-size":"auto","background-attachment":"scroll","background-type":"","background-media":"","overlay-type":"","overlay-color":"","overlay-opacity":"","overlay-gradient":""},"tablet":{"background-color":"var(--ast-global-color-5)","background-image":"","background-repeat":"repeat","background-position":"center center","background-size":"auto","background-attachment":"scroll","background-type":"","background-media":"","overlay-type":"","overlay-color":"","overlay-opacity":"","overlay-gradient":""},"mobile":{"background-color":"var(--ast-global-color-5)","background-image":"","background-repeat":"repeat","background-position":"center center","background-size":"auto","background-attachment":"scroll","background-type":"","background-media":"","overlay-type":"","overlay-color":"","overlay-opacity":"","overlay-gradient":""}}},"product_brand":[],"product_cat":[24],"product_tag":[],"class_list":{"0":"post-6144","1":"product","2":"type-product","3":"status-publish","4":"has-post-thumbnail","6":"product_cat-pizza-ovens","7":"product_shipping_class-verzendklasse-3","8":"desktop-align-left","9":"tablet-align-left","10":"mobile-align-left","12":"first","13":"instock","14":"sale","15":"featured","16":"taxable","17":"shipping-taxable","18":"purchasable","19":"product-type-variable"},"yoast_head":"<!-- This site is optimized with the Yoast SEO plugin v27.4 - https:\/\/yoast.com\/product\/yoast-seo-wordpress\/ -->\n<title>BEEK Grande Pizza Oven met origineel onderstel -<\/title>\n<meta name=\"description\" content=\"De Beek Grande Pizza Oven is een grote oven waar tot maar liefst 4 pizza\u2019s tegelijk in kunnen worden afgebakken. In zowel zwart als rood leverbaar.\" \/>\n<meta name=\"robots\" content=\"index, follow, max-snippet:-1, max-image-preview:large, max-video-preview:-1\" \/>\n<link rel=\"canonical\" href=\"https:\/\/buitenpizzaovenkopen.nl\/de\/pizza-oven-kopen\/beek-grande-pizza-oven-met-origineel-onderstel\/\" \/>\n<meta property=\"og:locale\" content=\"de_DE\" \/>\n<meta property=\"og:type\" content=\"article\" \/>\n<meta property=\"og:title\" content=\"BEEK Grande Pizza Oven met origineel onderstel -\" \/>\n<meta property=\"og:description\" content=\"De Beek Grande Pizza Oven is een grote oven waar tot maar liefst 4 pizza\u2019s tegelijk in kunnen worden afgebakken. In zowel zwart als rood leverbaar.\" \/>\n<meta property=\"og:url\" content=\"https:\/\/buitenpizzaovenkopen.nl\/de\/pizza-oven-kopen\/beek-grande-pizza-oven-met-origineel-onderstel\/\" \/>\n<meta property=\"og:site_name\" content=\"Buitenpizzaovenkopen.nl\" \/>\n<meta property=\"article:modified_time\" content=\"2025-05-06T16:52:47+00:00\" \/>\n<meta property=\"og:image\" content=\"https:\/\/buitenpizzaovenkopen.nl\/wp-content\/uploads\/2021\/01\/AFF19BC3-56F4-43CE-817E-D25E3BAF4304-scaled.jpeg\" \/>\n\t<meta property=\"og:image:width\" content=\"1920\" \/>\n\t<meta property=\"og:image:height\" content=\"2560\" \/>\n\t<meta property=\"og:image:type\" content=\"image\/jpeg\" \/>\n<meta name=\"twitter:card\" content=\"summary_large_image\" \/>\n<meta name=\"twitter:label1\" content=\"Gesch\u00e4tzte Lesezeit\" \/>\n\t<meta name=\"twitter:data1\" content=\"3\u00a0Minuten\" \/>\n<script type=\"application\/ld+json\" class=\"yoast-schema-graph\">{\"@context\":\"https:\\\/\\\/schema.org\",\"@graph\":[{\"@type\":\"WebPage\",\"@id\":\"https:\\\/\\\/buitenpizzaovenkopen.nl\\\/pizza-oven-kopen\\\/beek-grande-pizza-oven-met-origineel-onderstel\\\/\",\"url\":\"https:\\\/\\\/buitenpizzaovenkopen.nl\\\/pizza-oven-kopen\\\/beek-grande-pizza-oven-met-origineel-onderstel\\\/\",\"name\":\"BEEK Grande Pizza Oven met origineel onderstel -\",\"isPartOf\":{\"@id\":\"https:\\\/\\\/buitenpizzaovenkopen.nl\\\/#website\"},\"primaryImageOfPage\":{\"@id\":\"https:\\\/\\\/buitenpizzaovenkopen.nl\\\/pizza-oven-kopen\\\/beek-grande-pizza-oven-met-origineel-onderstel\\\/#primaryimage\"},\"image\":{\"@id\":\"https:\\\/\\\/buitenpizzaovenkopen.nl\\\/pizza-oven-kopen\\\/beek-grande-pizza-oven-met-origineel-onderstel\\\/#primaryimage\"},\"thumbnailUrl\":\"https:\\\/\\\/buitenpizzaovenkopen.nl\\\/wp-content\\\/uploads\\\/2021\\\/01\\\/AFF19BC3-56F4-43CE-817E-D25E3BAF4304-scaled.jpeg\",\"datePublished\":\"2021-01-27T10:38:54+00:00\",\"dateModified\":\"2025-05-06T16:52:47+00:00\",\"description\":\"De Beek Grande Pizza Oven is een grote oven waar tot maar liefst 4 pizza\u2019s tegelijk in kunnen worden afgebakken. In zowel zwart als rood leverbaar.\",\"breadcrumb\":{\"@id\":\"https:\\\/\\\/buitenpizzaovenkopen.nl\\\/pizza-oven-kopen\\\/beek-grande-pizza-oven-met-origineel-onderstel\\\/#breadcrumb\"},\"inLanguage\":\"de\",\"potentialAction\":[{\"@type\":\"ReadAction\",\"target\":[\"https:\\\/\\\/buitenpizzaovenkopen.nl\\\/pizza-oven-kopen\\\/beek-grande-pizza-oven-met-origineel-onderstel\\\/\"]}]},{\"@type\":\"ImageObject\",\"inLanguage\":\"de\",\"@id\":\"https:\\\/\\\/buitenpizzaovenkopen.nl\\\/pizza-oven-kopen\\\/beek-grande-pizza-oven-met-origineel-onderstel\\\/#primaryimage\",\"url\":\"https:\\\/\\\/buitenpizzaovenkopen.nl\\\/wp-content\\\/uploads\\\/2021\\\/01\\\/AFF19BC3-56F4-43CE-817E-D25E3BAF4304-scaled.jpeg\",\"contentUrl\":\"https:\\\/\\\/buitenpizzaovenkopen.nl\\\/wp-content\\\/uploads\\\/2021\\\/01\\\/AFF19BC3-56F4-43CE-817E-D25E3BAF4304-scaled.jpeg\",\"width\":1920,\"height\":2560,\"caption\":\"BEEK Grande Pizza Oven - Onderstel Pizza oven BEEK 90\"},{\"@type\":\"BreadcrumbList\",\"@id\":\"https:\\\/\\\/buitenpizzaovenkopen.nl\\\/pizza-oven-kopen\\\/beek-grande-pizza-oven-met-origineel-onderstel\\\/#breadcrumb\",\"itemListElement\":[{\"@type\":\"ListItem\",\"position\":1,\"name\":\"Home\",\"item\":\"https:\\\/\\\/buitenpizzaovenkopen.nl\\\/\"},{\"@type\":\"ListItem\",\"position\":2,\"name\":\"Pizza oven kopen\",\"item\":\"https:\\\/\\\/buitenpizzaovenkopen.nl\\\/pizzaoven-kopen\\\/\"},{\"@type\":\"ListItem\",\"position\":3,\"name\":\"BEEK Grande Pizza Oven met origineel onderstel\"}]},{\"@type\":\"WebSite\",\"@id\":\"https:\\\/\\\/buitenpizzaovenkopen.nl\\\/#website\",\"url\":\"https:\\\/\\\/buitenpizzaovenkopen.nl\\\/\",\"name\":\"Buitenpizzaovenkopen.nl\",\"description\":\"is onderdeel van Casa di Ruscello\",\"publisher\":{\"@id\":\"https:\\\/\\\/buitenpizzaovenkopen.nl\\\/#organization\"},\"potentialAction\":[{\"@type\":\"SearchAction\",\"target\":{\"@type\":\"EntryPoint\",\"urlTemplate\":\"https:\\\/\\\/buitenpizzaovenkopen.nl\\\/?s={search_term_string}\"},\"query-input\":{\"@type\":\"PropertyValueSpecification\",\"valueRequired\":true,\"valueName\":\"search_term_string\"}}],\"inLanguage\":\"de\"},{\"@type\":\"Organization\",\"@id\":\"https:\\\/\\\/buitenpizzaovenkopen.nl\\\/#organization\",\"name\":\"Casa du Ruscello\",\"url\":\"https:\\\/\\\/buitenpizzaovenkopen.nl\\\/\",\"logo\":{\"@type\":\"ImageObject\",\"inLanguage\":\"de\",\"@id\":\"https:\\\/\\\/buitenpizzaovenkopen.nl\\\/#\\\/schema\\\/logo\\\/image\\\/\",\"url\":\"https:\\\/\\\/buitenpizzaovenkopen.nl\\\/wp-content\\\/uploads\\\/2020\\\/02\\\/logo.gif\",\"contentUrl\":\"https:\\\/\\\/buitenpizzaovenkopen.nl\\\/wp-content\\\/uploads\\\/2020\\\/02\\\/logo.gif\",\"width\":300,\"height\":305,\"caption\":\"Casa du Ruscello\"},\"image\":{\"@id\":\"https:\\\/\\\/buitenpizzaovenkopen.nl\\\/#\\\/schema\\\/logo\\\/image\\\/\"}}]}<\/script>\n<!-- \/ Yoast SEO plugin. -->","yoast_head_json":{"title":"BEEK Grande Pizza Oven met origineel onderstel -","description":"De Beek Grande Pizza Oven is een grote oven waar tot maar liefst 4 pizza\u2019s tegelijk in kunnen worden afgebakken. In zowel zwart als rood leverbaar.","robots":{"index":"index","follow":"follow","max-snippet":"max-snippet:-1","max-image-preview":"max-image-preview:large","max-video-preview":"max-video-preview:-1"},"canonical":"https:\/\/buitenpizzaovenkopen.nl\/de\/pizza-oven-kopen\/beek-grande-pizza-oven-met-origineel-onderstel\/","og_locale":"de_DE","og_type":"article","og_title":"BEEK Grande Pizza Oven met origineel onderstel -","og_description":"De Beek Grande Pizza Oven is een grote oven waar tot maar liefst 4 pizza\u2019s tegelijk in kunnen worden afgebakken. In zowel zwart als rood leverbaar.","og_url":"https:\/\/buitenpizzaovenkopen.nl\/de\/pizza-oven-kopen\/beek-grande-pizza-oven-met-origineel-onderstel\/","og_site_name":"Buitenpizzaovenkopen.nl","article_modified_time":"2025-05-06T16:52:47+00:00","og_image":[{"width":1920,"height":2560,"url":"https:\/\/buitenpizzaovenkopen.nl\/wp-content\/uploads\/2021\/01\/AFF19BC3-56F4-43CE-817E-D25E3BAF4304-scaled.jpeg","type":"image\/jpeg"}],"twitter_card":"summary_large_image","twitter_misc":{"Gesch\u00e4tzte Lesezeit":"3\u00a0Minuten"},"schema":{"@context":"https:\/\/schema.org","@graph":[{"@type":"WebPage","@id":"https:\/\/buitenpizzaovenkopen.nl\/pizza-oven-kopen\/beek-grande-pizza-oven-met-origineel-onderstel\/","url":"https:\/\/buitenpizzaovenkopen.nl\/pizza-oven-kopen\/beek-grande-pizza-oven-met-origineel-onderstel\/","name":"BEEK Grande Pizza Oven met origineel onderstel -","isPartOf":{"@id":"https:\/\/buitenpizzaovenkopen.nl\/#website"},"primaryImageOfPage":{"@id":"https:\/\/buitenpizzaovenkopen.nl\/pizza-oven-kopen\/beek-grande-pizza-oven-met-origineel-onderstel\/#primaryimage"},"image":{"@id":"https:\/\/buitenpizzaovenkopen.nl\/pizza-oven-kopen\/beek-grande-pizza-oven-met-origineel-onderstel\/#primaryimage"},"thumbnailUrl":"https:\/\/buitenpizzaovenkopen.nl\/wp-content\/uploads\/2021\/01\/AFF19BC3-56F4-43CE-817E-D25E3BAF4304-scaled.jpeg","datePublished":"2021-01-27T10:38:54+00:00","dateModified":"2025-05-06T16:52:47+00:00","description":"De Beek Grande Pizza Oven is een grote oven waar tot maar liefst 4 pizza\u2019s tegelijk in kunnen worden afgebakken. In zowel zwart als rood leverbaar.","breadcrumb":{"@id":"https:\/\/buitenpizzaovenkopen.nl\/pizza-oven-kopen\/beek-grande-pizza-oven-met-origineel-onderstel\/#breadcrumb"},"inLanguage":"de","potentialAction":[{"@type":"ReadAction","target":["https:\/\/buitenpizzaovenkopen.nl\/pizza-oven-kopen\/beek-grande-pizza-oven-met-origineel-onderstel\/"]}]},{"@type":"ImageObject","inLanguage":"de","@id":"https:\/\/buitenpizzaovenkopen.nl\/pizza-oven-kopen\/beek-grande-pizza-oven-met-origineel-onderstel\/#primaryimage","url":"https:\/\/buitenpizzaovenkopen.nl\/wp-content\/uploads\/2021\/01\/AFF19BC3-56F4-43CE-817E-D25E3BAF4304-scaled.jpeg","contentUrl":"https:\/\/buitenpizzaovenkopen.nl\/wp-content\/uploads\/2021\/01\/AFF19BC3-56F4-43CE-817E-D25E3BAF4304-scaled.jpeg","width":1920,"height":2560,"caption":"BEEK Grande Pizza Oven - Onderstel Pizza oven BEEK 90"},{"@type":"BreadcrumbList","@id":"https:\/\/buitenpizzaovenkopen.nl\/pizza-oven-kopen\/beek-grande-pizza-oven-met-origineel-onderstel\/#breadcrumb","itemListElement":[{"@type":"ListItem","position":1,"name":"Home","item":"https:\/\/buitenpizzaovenkopen.nl\/"},{"@type":"ListItem","position":2,"name":"Pizza oven kopen","item":"https:\/\/buitenpizzaovenkopen.nl\/pizzaoven-kopen\/"},{"@type":"ListItem","position":3,"name":"BEEK Grande Pizza Oven met origineel onderstel"}]},{"@type":"WebSite","@id":"https:\/\/buitenpizzaovenkopen.nl\/#website","url":"https:\/\/buitenpizzaovenkopen.nl\/","name":"Buitenpizzaovenkopen.nl","description":"ist Teil von Casa Di Ruscello","publisher":{"@id":"https:\/\/buitenpizzaovenkopen.nl\/#organization"},"potentialAction":[{"@type":"SearchAction","target":{"@type":"EntryPoint","urlTemplate":"https:\/\/buitenpizzaovenkopen.nl\/?s={search_term_string}"},"query-input":{"@type":"PropertyValueSpecification","valueRequired":true,"valueName":"search_term_string"}}],"inLanguage":"de"},{"@type":"Organization","@id":"https:\/\/buitenpizzaovenkopen.nl\/#organization","name":"Casa du Ruscello","url":"https:\/\/buitenpizzaovenkopen.nl\/","logo":{"@type":"ImageObject","inLanguage":"de","@id":"https:\/\/buitenpizzaovenkopen.nl\/#\/schema\/logo\/image\/","url":"https:\/\/buitenpizzaovenkopen.nl\/wp-content\/uploads\/2020\/02\/logo.gif","contentUrl":"https:\/\/buitenpizzaovenkopen.nl\/wp-content\/uploads\/2020\/02\/logo.gif","width":300,"height":305,"caption":"Casa du Ruscello"},"image":{"@id":"https:\/\/buitenpizzaovenkopen.nl\/#\/schema\/logo\/image\/"}}]}},"_links":{"self":[{"href":"https:\/\/buitenpizzaovenkopen.nl\/de\/wp-json\/wp\/v2\/product\/6144","targetHints":{"allow":["GET"]}}],"collection":[{"href":"https:\/\/buitenpizzaovenkopen.nl\/de\/wp-json\/wp\/v2\/product"}],"about":[{"href":"https:\/\/buitenpizzaovenkopen.nl\/de\/wp-json\/wp\/v2\/types\/product"}],"wp:featuredmedia":[{"embeddable":true,"href":"https:\/\/buitenpizzaovenkopen.nl\/de\/wp-json\/wp\/v2\/media\/6724"}],"wp:attachment":[{"href":"https:\/\/buitenpizzaovenkopen.nl\/de\/wp-json\/wp\/v2\/media?parent=6144"}],"wp:term":[{"taxonomy":"product_brand","embeddable":true,"href":"https:\/\/buitenpizzaovenkopen.nl\/de\/wp-json\/wp\/v2\/product_brand?post=6144"},{"taxonomy":"product_cat","embeddable":true,"href":"https:\/\/buitenpizzaovenkopen.nl\/de\/wp-json\/wp\/v2\/product_cat?post=6144"},{"taxonomy":"product_tag","embeddable":true,"href":"https:\/\/buitenpizzaovenkopen.nl\/de\/wp-json\/wp\/v2\/product_tag?post=6144"}],"curies":[{"name":"wp","href":"https:\/\/api.w.org\/{rel}","templated":true}]}}