{"id":6090,"date":"2021-01-20T11:34:30","date_gmt":"2021-01-20T10:34:30","guid":{"rendered":"https:\/\/buitenpizzaovenkopen.nl\/?post_type=product&#038;p=6090"},"modified":"2025-10-27T17:32:32","modified_gmt":"2025-10-27T16:32:32","slug":"maximus-70-pizza-oven","status":"publish","type":"product","link":"https:\/\/buitenpizzaovenkopen.nl\/de\/pizza-oven-kopen\/maximus-70-pizza-oven\/","title":{"rendered":"MAXIMUS Pizza-Ofen 70"},"content":{"rendered":"<p>Mit dem MAXIMUS 70 Pizza-Ofen, Sie k\u00f6nnen, bringen Sie authentische italienische pizza Geschmack direkt zu Ihrem Hinterhof oder in der K\u00fcche. Diese kompakte und dennoch leistungsstarke Ofen ist ideal f\u00fcr die pizza-Enthusiasten auf der Suche nach Effizienz und Perfektion in einem.<\/p>\n<p><strong>Charakterisieren:<\/strong><\/p>\n<ul>\n<li><strong>Warm-up Zeit:<\/strong> Slechts 15 -45 minuten om de optimale temperatuur te bereiken.<\/li>\n<li><strong>Maximale Temperatur:<\/strong> Eine beeindruckende 500\u00b0C, so dass Sie zu Backen die perfekte pizza in 90 Sekunden.<\/li>\n<li><strong>Kapazit\u00e4t:<\/strong> Ruimte genoeg om tot twee pizza&#8217;s tegelijkertijd te bakken, ideaal voor feestjes en familiebijeenkomsten.<\/li>\n<li><strong>Kraftstoff:<\/strong> Konzipiert f\u00fcr die Verwendung mit verschiedenen Arten von Holz, einschlie\u00dflich der Birke und Esche f\u00fcr den besten Geschmack und Effizienz.<\/li>\n<li><strong>Konstruktion:<\/strong> Gebaut mit langlebigen Materialien, die die W\u00e4rme und sorgt f\u00fcr eine einheitliche Backen Erfahrung.<\/li>\n<\/ul>\n<p>Neben dieser Ofen verf\u00fcgt \u00fcber ein eingebautes thermometer f\u00fcr pr\u00e4zise Temperatur Kontrolle und eine robuste T\u00fcr, dass die W\u00e4rme bewahrt. Die Reinigung ist einfach, Dank der effizienten Asche Sumpf.<\/p>\n<p>Haben Sie eine Frage? Z\u00f6gern Sie nicht und nehmen Sie <a href=\"https:\/\/buitenpizzaovenkopen.nl\/de\/contact-buitenpizzaovenkopen\/\">Kontakt<\/a> mit uns.<\/p>\n<p><strong>Technische Daten:<\/strong><\/p>\n<p>Farbe: schwarz oder rot<br \/>\n<strong>Front:<\/strong> Antigo (standard) und Arena (rustikal)<br \/>\n<strong>Au\u00dfenma\u00dfe:<\/strong> 70x70x98 cm inklusive Schornstein<br \/>\n<strong>Innenraum\/Kochraum:<\/strong> 60\u00d760 cm<br \/>\n<strong>Gewicht:<\/strong> 55kg<br \/>\nGeeignet f\u00fcr 2 Pizzen gleichzeitig bis zu 30 Pizzen pro Stunde!<br \/>\n<strong>Warm-up Zeit:<\/strong> 30-45 Minuten<br \/>\n- Umfasst Thermometer<br \/>\n- Stainless steel drain<br \/>\n- Edelstahl-T\u00fcr<br \/>\n<strong>Exterieur:<\/strong> Aluminium<br \/>\n<strong>Innen:<\/strong> RVS<br \/>\n<strong>Backofen-Boden:<\/strong> Schamotte<br \/>\nKommt mit pizza-Schaufel und Auflaufform<\/p>\n<p><strong>Perfekt f\u00fcr:<\/strong><\/p>\n<ul>\n<li>Zu Hause verwenden, im Garten oder auf der Terrasse<\/li>\n<li>Small-scale horeca<\/li>\n<li>Mobile catering-und food trucks<\/li>\n<\/ul>","protected":false},"excerpt":{"rendered":"<p><span class=\"wysiwyg-font-size-medium\">Dieser MAXIMUS 70 Pizza\u00f6fen sind super nett, weil Sie relativ schnell auf Temperatur, halten die W\u00e4rme gut durch die gute Isolation und einen Stein vor die Wand.<\/span><br \/>\n<span class=\"wysiwyg-font-size-medium\">Mit einem Maximus pizza-Ofen bereiten Sie die leckersten Pizzen f\u00fcr sich und Ihre G\u00e4ste.<\/span><\/p>\n<p><span class=\"wysiwyg-font-size-medium\">Kommen komplett mit der pizza-Schaufel -, Schornstein -, 2 extra Schamotte pizza-Fliesen, Temperatur-Messger\u00e4t, Lasagne Schale, Feuer, Schild usw.\u00a0<\/span><span class=\"wysiwyg-font-size-medium\">Eventuell auch mit Schutzh\u00fclle.<\/span><\/p>","protected":false},"featured_media":3232,"template":"","meta":{"_monsterinsights_skip_tracking":false,"_monsterinsights_sitenote_active":false,"_monsterinsights_sitenote_note":"","_monsterinsights_sitenote_category":0,"site-sidebar-layout":"default","site-content-layout":"default","ast-site-content-layout":"default","site-content-style":"default","site-sidebar-style":"default","ast-global-header-display":"","ast-banner-title-visibility":"","ast-main-header-display":"","ast-hfb-above-header-display":"","ast-hfb-below-header-display":"","ast-hfb-mobile-header-display":"","site-post-title":"","ast-breadcrumbs-content":"","ast-featured-img":"","footer-sml-layout":"","ast-disable-related-posts":"","theme-transparent-header-meta":"default","adv-header-id-meta":"","stick-header-meta":"","header-above-stick-meta":"","header-main-stick-meta":"","header-below-stick-meta":"","astra-migrate-meta-layouts":"set","ast-page-background-enabled":"default","ast-page-background-meta":{"desktop":{"background-color":"","background-image":"","background-repeat":"repeat","background-position":"center center","background-size":"auto","background-attachment":"scroll","background-type":"","background-media":"","overlay-type":"","overlay-color":"","overlay-opacity":"","overlay-gradient":""},"tablet":{"background-color":"","background-image":"","background-repeat":"repeat","background-position":"center center","background-size":"auto","background-attachment":"scroll","background-type":"","background-media":"","overlay-type":"","overlay-color":"","overlay-opacity":"","overlay-gradient":""},"mobile":{"background-color":"","background-image":"","background-repeat":"repeat","background-position":"center center","background-size":"auto","background-attachment":"scroll","background-type":"","background-media":"","overlay-type":"","overlay-color":"","overlay-opacity":"","overlay-gradient":""}},"ast-content-background-meta":{"desktop":{"background-color":"var(--ast-global-color-5)","background-image":"","background-repeat":"repeat","background-position":"center center","background-size":"auto","background-attachment":"scroll","background-type":"","background-media":"","overlay-type":"","overlay-color":"","overlay-opacity":"","overlay-gradient":""},"tablet":{"background-color":"var(--ast-global-color-5)","background-image":"","background-repeat":"repeat","background-position":"center center","background-size":"auto","background-attachment":"scroll","background-type":"","background-media":"","overlay-type":"","overlay-color":"","overlay-opacity":"","overlay-gradient":""},"mobile":{"background-color":"var(--ast-global-color-5)","background-image":"","background-repeat":"repeat","background-position":"center center","background-size":"auto","background-attachment":"scroll","background-type":"","background-media":"","overlay-type":"","overlay-color":"","overlay-opacity":"","overlay-gradient":""}}},"product_brand":[],"product_cat":[24],"product_tag":[],"class_list":{"0":"post-6090","1":"product","2":"type-product","3":"status-publish","4":"has-post-thumbnail","6":"product_cat-pizza-ovens","7":"product_shipping_class-verzendklasse-3","8":"desktop-align-left","9":"tablet-align-left","10":"mobile-align-left","12":"first","13":"instock","14":"sale","15":"taxable","16":"shipping-taxable","17":"purchasable","18":"product-type-variable"},"yoast_head":"<!-- This site is optimized with the Yoast SEO plugin v27.4 - https:\/\/yoast.com\/product\/yoast-seo-wordpress\/ -->\n<title>MAXIMUS 70 Pizza Oven - Buitenpizzaovenkopen.nl<\/title>\n<meta name=\"description\" content=\"Met een Maximus 70 pizza oven kunt u de lekkerste pizza&#039;s bereiden voor uzelf en uw gasten. Deze pizza ovens zijn snel op temperatuur.\" \/>\n<meta name=\"robots\" content=\"index, follow, max-snippet:-1, max-image-preview:large, max-video-preview:-1\" \/>\n<link rel=\"canonical\" href=\"https:\/\/buitenpizzaovenkopen.nl\/de\/pizza-oven-kopen\/maximus-70-pizza-oven\/\" \/>\n<meta property=\"og:locale\" content=\"de_DE\" \/>\n<meta property=\"og:type\" content=\"article\" \/>\n<meta property=\"og:title\" content=\"MAXIMUS 70 Pizza Oven - Buitenpizzaovenkopen.nl\" \/>\n<meta property=\"og:description\" content=\"Met een Maximus 70 pizza oven kunt u de lekkerste pizza&#039;s bereiden voor uzelf en uw gasten. Deze pizza ovens zijn snel op temperatuur.\" \/>\n<meta property=\"og:url\" content=\"https:\/\/buitenpizzaovenkopen.nl\/de\/pizza-oven-kopen\/maximus-70-pizza-oven\/\" \/>\n<meta property=\"og:site_name\" content=\"Buitenpizzaovenkopen.nl\" \/>\n<meta property=\"article:modified_time\" content=\"2025-10-27T16:32:32+00:00\" \/>\n<meta property=\"og:image\" content=\"https:\/\/buitenpizzaovenkopen.nl\/wp-content\/uploads\/2019\/10\/IMG_0143.jpg\" \/>\n\t<meta property=\"og:image:width\" content=\"453\" \/>\n\t<meta property=\"og:image:height\" content=\"600\" \/>\n\t<meta property=\"og:image:type\" content=\"image\/jpeg\" \/>\n<meta name=\"twitter:card\" content=\"summary_large_image\" \/>\n<meta name=\"twitter:label1\" content=\"Gesch\u00e4tzte Lesezeit\" \/>\n\t<meta name=\"twitter:data1\" content=\"2\u00a0Minuten\" \/>\n<script type=\"application\/ld+json\" class=\"yoast-schema-graph\">{\"@context\":\"https:\\\/\\\/schema.org\",\"@graph\":[{\"@type\":\"WebPage\",\"@id\":\"https:\\\/\\\/buitenpizzaovenkopen.nl\\\/pizza-oven-kopen\\\/maximus-70-pizza-oven\\\/\",\"url\":\"https:\\\/\\\/buitenpizzaovenkopen.nl\\\/pizza-oven-kopen\\\/maximus-70-pizza-oven\\\/\",\"name\":\"MAXIMUS 70 Pizza Oven - Buitenpizzaovenkopen.nl\",\"isPartOf\":{\"@id\":\"https:\\\/\\\/buitenpizzaovenkopen.nl\\\/#website\"},\"primaryImageOfPage\":{\"@id\":\"https:\\\/\\\/buitenpizzaovenkopen.nl\\\/pizza-oven-kopen\\\/maximus-70-pizza-oven\\\/#primaryimage\"},\"image\":{\"@id\":\"https:\\\/\\\/buitenpizzaovenkopen.nl\\\/pizza-oven-kopen\\\/maximus-70-pizza-oven\\\/#primaryimage\"},\"thumbnailUrl\":\"https:\\\/\\\/buitenpizzaovenkopen.nl\\\/wp-content\\\/uploads\\\/2019\\\/10\\\/IMG_0143.jpg\",\"datePublished\":\"2021-01-20T10:34:30+00:00\",\"dateModified\":\"2025-10-27T16:32:32+00:00\",\"description\":\"Met een Maximus 70 pizza oven kunt u de lekkerste pizza's bereiden voor uzelf en uw gasten. Deze pizza ovens zijn snel op temperatuur.\",\"breadcrumb\":{\"@id\":\"https:\\\/\\\/buitenpizzaovenkopen.nl\\\/pizza-oven-kopen\\\/maximus-70-pizza-oven\\\/#breadcrumb\"},\"inLanguage\":\"de\",\"potentialAction\":[{\"@type\":\"ReadAction\",\"target\":[\"https:\\\/\\\/buitenpizzaovenkopen.nl\\\/pizza-oven-kopen\\\/maximus-70-pizza-oven\\\/\"]}]},{\"@type\":\"ImageObject\",\"inLanguage\":\"de\",\"@id\":\"https:\\\/\\\/buitenpizzaovenkopen.nl\\\/pizza-oven-kopen\\\/maximus-70-pizza-oven\\\/#primaryimage\",\"url\":\"https:\\\/\\\/buitenpizzaovenkopen.nl\\\/wp-content\\\/uploads\\\/2019\\\/10\\\/IMG_0143.jpg\",\"contentUrl\":\"https:\\\/\\\/buitenpizzaovenkopen.nl\\\/wp-content\\\/uploads\\\/2019\\\/10\\\/IMG_0143.jpg\",\"width\":453,\"height\":600,\"caption\":\"Maximus Arena 70\"},{\"@type\":\"BreadcrumbList\",\"@id\":\"https:\\\/\\\/buitenpizzaovenkopen.nl\\\/pizza-oven-kopen\\\/maximus-70-pizza-oven\\\/#breadcrumb\",\"itemListElement\":[{\"@type\":\"ListItem\",\"position\":1,\"name\":\"Home\",\"item\":\"https:\\\/\\\/buitenpizzaovenkopen.nl\\\/\"},{\"@type\":\"ListItem\",\"position\":2,\"name\":\"Pizza oven kopen\",\"item\":\"https:\\\/\\\/buitenpizzaovenkopen.nl\\\/pizzaoven-kopen\\\/\"},{\"@type\":\"ListItem\",\"position\":3,\"name\":\"MAXIMUS 70 Pizza Oven\"}]},{\"@type\":\"WebSite\",\"@id\":\"https:\\\/\\\/buitenpizzaovenkopen.nl\\\/#website\",\"url\":\"https:\\\/\\\/buitenpizzaovenkopen.nl\\\/\",\"name\":\"Buitenpizzaovenkopen.nl\",\"description\":\"is onderdeel van Casa di Ruscello\",\"publisher\":{\"@id\":\"https:\\\/\\\/buitenpizzaovenkopen.nl\\\/#organization\"},\"potentialAction\":[{\"@type\":\"SearchAction\",\"target\":{\"@type\":\"EntryPoint\",\"urlTemplate\":\"https:\\\/\\\/buitenpizzaovenkopen.nl\\\/?s={search_term_string}\"},\"query-input\":{\"@type\":\"PropertyValueSpecification\",\"valueRequired\":true,\"valueName\":\"search_term_string\"}}],\"inLanguage\":\"de\"},{\"@type\":\"Organization\",\"@id\":\"https:\\\/\\\/buitenpizzaovenkopen.nl\\\/#organization\",\"name\":\"Casa du Ruscello\",\"url\":\"https:\\\/\\\/buitenpizzaovenkopen.nl\\\/\",\"logo\":{\"@type\":\"ImageObject\",\"inLanguage\":\"de\",\"@id\":\"https:\\\/\\\/buitenpizzaovenkopen.nl\\\/#\\\/schema\\\/logo\\\/image\\\/\",\"url\":\"https:\\\/\\\/buitenpizzaovenkopen.nl\\\/wp-content\\\/uploads\\\/2020\\\/02\\\/logo.gif\",\"contentUrl\":\"https:\\\/\\\/buitenpizzaovenkopen.nl\\\/wp-content\\\/uploads\\\/2020\\\/02\\\/logo.gif\",\"width\":300,\"height\":305,\"caption\":\"Casa du Ruscello\"},\"image\":{\"@id\":\"https:\\\/\\\/buitenpizzaovenkopen.nl\\\/#\\\/schema\\\/logo\\\/image\\\/\"}}]}<\/script>\n<!-- \/ Yoast SEO plugin. -->","yoast_head_json":{"title":"MAXIMUS 70 Pizza - Ofen- Buitenpizzaovenkopen.nl","description":"Mit einem Maximus 70 pizza-Ofen bereiten Sie die leckersten Pizzen f\u00fcr sich und Ihre G\u00e4ste. Diese Pizza\u00f6fen sind schnell zu erw\u00e4rmen.","robots":{"index":"index","follow":"follow","max-snippet":"max-snippet:-1","max-image-preview":"max-image-preview:large","max-video-preview":"max-video-preview:-1"},"canonical":"https:\/\/buitenpizzaovenkopen.nl\/de\/pizza-oven-kopen\/maximus-70-pizza-oven\/","og_locale":"de_DE","og_type":"article","og_title":"MAXIMUS 70 Pizza Oven - Buitenpizzaovenkopen.nl","og_description":"Met een Maximus 70 pizza oven kunt u de lekkerste pizza's bereiden voor uzelf en uw gasten. Deze pizza ovens zijn snel op temperatuur.","og_url":"https:\/\/buitenpizzaovenkopen.nl\/de\/pizza-oven-kopen\/maximus-70-pizza-oven\/","og_site_name":"Buitenpizzaovenkopen.nl","article_modified_time":"2025-10-27T16:32:32+00:00","og_image":[{"width":453,"height":600,"url":"https:\/\/buitenpizzaovenkopen.nl\/wp-content\/uploads\/2019\/10\/IMG_0143.jpg","type":"image\/jpeg"}],"twitter_card":"summary_large_image","twitter_misc":{"Gesch\u00e4tzte Lesezeit":"2\u00a0Minuten"},"schema":{"@context":"https:\/\/schema.org","@graph":[{"@type":"WebPage","@id":"https:\/\/buitenpizzaovenkopen.nl\/pizza-oven-kopen\/maximus-70-pizza-oven\/","url":"https:\/\/buitenpizzaovenkopen.nl\/pizza-oven-kopen\/maximus-70-pizza-oven\/","name":"MAXIMUS 70 Pizza - Ofen- Buitenpizzaovenkopen.nl","isPartOf":{"@id":"https:\/\/buitenpizzaovenkopen.nl\/#website"},"primaryImageOfPage":{"@id":"https:\/\/buitenpizzaovenkopen.nl\/pizza-oven-kopen\/maximus-70-pizza-oven\/#primaryimage"},"image":{"@id":"https:\/\/buitenpizzaovenkopen.nl\/pizza-oven-kopen\/maximus-70-pizza-oven\/#primaryimage"},"thumbnailUrl":"https:\/\/buitenpizzaovenkopen.nl\/wp-content\/uploads\/2019\/10\/IMG_0143.jpg","datePublished":"2021-01-20T10:34:30+00:00","dateModified":"2025-10-27T16:32:32+00:00","description":"Mit einem Maximus 70 pizza-Ofen bereiten Sie die leckersten Pizzen f\u00fcr sich und Ihre G\u00e4ste. Diese Pizza\u00f6fen sind schnell zu erw\u00e4rmen.","breadcrumb":{"@id":"https:\/\/buitenpizzaovenkopen.nl\/pizza-oven-kopen\/maximus-70-pizza-oven\/#breadcrumb"},"inLanguage":"de","potentialAction":[{"@type":"ReadAction","target":["https:\/\/buitenpizzaovenkopen.nl\/pizza-oven-kopen\/maximus-70-pizza-oven\/"]}]},{"@type":"ImageObject","inLanguage":"de","@id":"https:\/\/buitenpizzaovenkopen.nl\/pizza-oven-kopen\/maximus-70-pizza-oven\/#primaryimage","url":"https:\/\/buitenpizzaovenkopen.nl\/wp-content\/uploads\/2019\/10\/IMG_0143.jpg","contentUrl":"https:\/\/buitenpizzaovenkopen.nl\/wp-content\/uploads\/2019\/10\/IMG_0143.jpg","width":453,"height":600,"caption":"Maximus Arena 70"},{"@type":"BreadcrumbList","@id":"https:\/\/buitenpizzaovenkopen.nl\/pizza-oven-kopen\/maximus-70-pizza-oven\/#breadcrumb","itemListElement":[{"@type":"ListItem","position":1,"name":"Home","item":"https:\/\/buitenpizzaovenkopen.nl\/"},{"@type":"ListItem","position":2,"name":"Pizza oven kopen","item":"https:\/\/buitenpizzaovenkopen.nl\/pizzaoven-kopen\/"},{"@type":"ListItem","position":3,"name":"MAXIMUS 70 Pizza Oven"}]},{"@type":"WebSite","@id":"https:\/\/buitenpizzaovenkopen.nl\/#website","url":"https:\/\/buitenpizzaovenkopen.nl\/","name":"Buitenpizzaovenkopen.nl","description":"ist Teil von Casa Di Ruscello","publisher":{"@id":"https:\/\/buitenpizzaovenkopen.nl\/#organization"},"potentialAction":[{"@type":"SearchAction","target":{"@type":"EntryPoint","urlTemplate":"https:\/\/buitenpizzaovenkopen.nl\/?s={search_term_string}"},"query-input":{"@type":"PropertyValueSpecification","valueRequired":true,"valueName":"search_term_string"}}],"inLanguage":"de"},{"@type":"Organization","@id":"https:\/\/buitenpizzaovenkopen.nl\/#organization","name":"Casa du Ruscello","url":"https:\/\/buitenpizzaovenkopen.nl\/","logo":{"@type":"ImageObject","inLanguage":"de","@id":"https:\/\/buitenpizzaovenkopen.nl\/#\/schema\/logo\/image\/","url":"https:\/\/buitenpizzaovenkopen.nl\/wp-content\/uploads\/2020\/02\/logo.gif","contentUrl":"https:\/\/buitenpizzaovenkopen.nl\/wp-content\/uploads\/2020\/02\/logo.gif","width":300,"height":305,"caption":"Casa du Ruscello"},"image":{"@id":"https:\/\/buitenpizzaovenkopen.nl\/#\/schema\/logo\/image\/"}}]}},"_links":{"self":[{"href":"https:\/\/buitenpizzaovenkopen.nl\/de\/wp-json\/wp\/v2\/product\/6090","targetHints":{"allow":["GET"]}}],"collection":[{"href":"https:\/\/buitenpizzaovenkopen.nl\/de\/wp-json\/wp\/v2\/product"}],"about":[{"href":"https:\/\/buitenpizzaovenkopen.nl\/de\/wp-json\/wp\/v2\/types\/product"}],"wp:featuredmedia":[{"embeddable":true,"href":"https:\/\/buitenpizzaovenkopen.nl\/de\/wp-json\/wp\/v2\/media\/3232"}],"wp:attachment":[{"href":"https:\/\/buitenpizzaovenkopen.nl\/de\/wp-json\/wp\/v2\/media?parent=6090"}],"wp:term":[{"taxonomy":"product_brand","embeddable":true,"href":"https:\/\/buitenpizzaovenkopen.nl\/de\/wp-json\/wp\/v2\/product_brand?post=6090"},{"taxonomy":"product_cat","embeddable":true,"href":"https:\/\/buitenpizzaovenkopen.nl\/de\/wp-json\/wp\/v2\/product_cat?post=6090"},{"taxonomy":"product_tag","embeddable":true,"href":"https:\/\/buitenpizzaovenkopen.nl\/de\/wp-json\/wp\/v2\/product_tag?post=6090"}],"curies":[{"name":"wp","href":"https:\/\/api.w.org\/{rel}","templated":true}]}}