{"id":10016,"date":"2026-05-12T12:09:31","date_gmt":"2026-05-12T10:09:31","guid":{"rendered":"https:\/\/buitenpizzaovenkopen.nl\/?post_type=product&#038;p=10016"},"modified":"2026-05-12T12:32:39","modified_gmt":"2026-05-12T10:32:39","slug":"geperforeerde-beek-pizza-draaischep-werkschep-lengte-80cm","status":"publish","type":"product","link":"https:\/\/buitenpizzaovenkopen.nl\/de\/pizza-oven-kopen\/geperforeerde-beek-pizza-draaischep-werkschep-lengte-80cm\/","title":{"rendered":"BEEK Geperforeerde Pizza Draaischep\/Werkschep Lengte 78cm"},"content":{"rendered":"<p>De geperforeerde BEEK Pizza Draaischep is het ideale hulpmiddel voor elke pizzaliefhebber die streeft naar perfectie in elke pizza die zij bakken. Deze professionele draaischep heeft een diameter van 20 cm en is vervaardigd uit Aluminium, waardoor hij niet alleen super licht en duurzaam is, maar ook bestand tegen de hoge temperaturen van pizzaovens. De totale lengte van de schep is 78 cm, waardoor u gemakkelijk bij de achterste delen van de oven kunt zonder dat u risico loopt op brandwonden.<\/p>\n<p>Diese drehen Scoop, auch bekannt als ein Werk der scoop ist speziell entwickelt, um wiederum Pizzen effizient und untersuchen Sie die Unterseite genau w\u00e4hrend der Backen Prozess. Die Nutzung der BEEK Pizza drehen Schaufel sorgt daf\u00fcr, dass Ihre pizza kocht gleichm\u00e4\u00dfig und dass die base wird perfekt knusprig ohne zu brennen. Es ist ein wichtiges Werkzeug, verwandelt sich Ihre Backen Erfahrung, so dass Sie zu bereiten Sie Professionell aussehende Pizza mit Leichtigkeit.<\/p>\n<p>Zus\u00e4tzlich zum drehen der Pizza, die Schaufel ist auch sehr n\u00fctzlich f\u00fcr sicher und effizient hinzuf\u00fcgen von Brennholz in den Ofen. Die lange, stabile Holz Griff bietet eine komfortable grip und hervorragende Kontrolle, die wesentlich f\u00fcr den schnell und sicher verwalten Sie den Backofen w\u00e4hrend des Backens.<\/p>\n<p>De geperforeerde BEEK Pizza Draaischep is niet alleen een tool, maar een investering in uw kookkunst. Het stelt u in staat om met precisie en gemak te werken, waardoor elke pizza-ervaring nog aangenamer wordt. Upgrade uw pizza-uitrusting vandaag nog met deze essenti\u00eble draaischep en ervaar het verschil in uw volgende pizza-avontuur.<\/p>\n<p><strong>Haben Sie Fragen?<\/strong> Nehmen Sie v\u00f6llig unverbindlich <a href=\"https:\/\/buitenpizzaovenkopen.nl\/de\/contact-buitenpizzaovenkopen\/\">Kontakt<\/a> mit uns auf!<\/p>","protected":false},"excerpt":{"rendered":"<p>Geperforeerde Pizza draaischep van BEEK met houten steel van 78cm en een blad van 20cm uitgevoerd in aluminium.<\/p>\n<p>Super licht en behendig!<\/p>","protected":false},"featured_media":10020,"template":"","meta":{"_monsterinsights_skip_tracking":false,"_monsterinsights_sitenote_active":false,"_monsterinsights_sitenote_note":"","_monsterinsights_sitenote_category":0,"site-sidebar-layout":"default","site-content-layout":"default","ast-site-content-layout":"default","site-content-style":"default","site-sidebar-style":"default","ast-global-header-display":"","ast-banner-title-visibility":"","ast-main-header-display":"","ast-hfb-above-header-display":"","ast-hfb-below-header-display":"","ast-hfb-mobile-header-display":"","site-post-title":"","ast-breadcrumbs-content":"","ast-featured-img":"","footer-sml-layout":"","ast-disable-related-posts":"","theme-transparent-header-meta":"default","adv-header-id-meta":"","stick-header-meta":"","header-above-stick-meta":"","header-main-stick-meta":"","header-below-stick-meta":"","astra-migrate-meta-layouts":"set","ast-page-background-enabled":"default","ast-page-background-meta":{"desktop":{"background-color":"","background-image":"","background-repeat":"repeat","background-position":"center center","background-size":"auto","background-attachment":"scroll","background-type":"","background-media":"","overlay-type":"","overlay-color":"","overlay-opacity":"","overlay-gradient":""},"tablet":{"background-color":"","background-image":"","background-repeat":"repeat","background-position":"center center","background-size":"auto","background-attachment":"scroll","background-type":"","background-media":"","overlay-type":"","overlay-color":"","overlay-opacity":"","overlay-gradient":""},"mobile":{"background-color":"","background-image":"","background-repeat":"repeat","background-position":"center center","background-size":"auto","background-attachment":"scroll","background-type":"","background-media":"","overlay-type":"","overlay-color":"","overlay-opacity":"","overlay-gradient":""}},"ast-content-background-meta":{"desktop":{"background-color":"var(--ast-global-color-5)","background-image":"","background-repeat":"repeat","background-position":"center center","background-size":"auto","background-attachment":"scroll","background-type":"","background-media":"","overlay-type":"","overlay-color":"","overlay-opacity":"","overlay-gradient":""},"tablet":{"background-color":"var(--ast-global-color-5)","background-image":"","background-repeat":"repeat","background-position":"center center","background-size":"auto","background-attachment":"scroll","background-type":"","background-media":"","overlay-type":"","overlay-color":"","overlay-opacity":"","overlay-gradient":""},"mobile":{"background-color":"var(--ast-global-color-5)","background-image":"","background-repeat":"repeat","background-position":"center center","background-size":"auto","background-attachment":"scroll","background-type":"","background-media":"","overlay-type":"","overlay-color":"","overlay-opacity":"","overlay-gradient":""}}},"product_brand":[],"product_cat":[91],"product_tag":[147,112,146,114,111,148],"class_list":{"0":"post-10016","1":"product","2":"type-product","3":"status-publish","4":"has-post-thumbnail","6":"product_cat-pizza-accessoires","7":"product_tag-behendig","8":"product_tag-draaischep","9":"product_tag-licht","10":"product_tag-ovenborstel","11":"product_tag-pizzaschep","12":"product_tag-werkschep","13":"product_shipping_class-verzendklasse-0","14":"desktop-align-left","15":"tablet-align-left","16":"mobile-align-left","18":"first","19":"instock","20":"taxable","21":"shipping-taxable","22":"purchasable","23":"product-type-simple"},"yoast_head":"<!-- This site is optimized with the Yoast SEO plugin v27.6 - https:\/\/yoast.com\/product\/yoast-seo-wordpress\/ -->\n<title>BEEK Geperforeerde Pizza Draaischep\/Werkschep Lengte 78cm -<\/title>\n<meta name=\"description\" content=\"De geperforeerde BEEK Pizza Draaischep van 80cm voor de Beek Classico pizza oven biedt u de mogelijkheid om geweldig smakende pizza&#039;s te bakken.\" \/>\n<meta name=\"robots\" content=\"index, follow, max-snippet:-1, max-image-preview:large, max-video-preview:-1\" \/>\n<link rel=\"canonical\" href=\"https:\/\/buitenpizzaovenkopen.nl\/de\/pizza-oven-kopen\/geperforeerde-beek-pizza-draaischep-werkschep-lengte-80cm\/\" \/>\n<meta property=\"og:locale\" content=\"de_DE\" \/>\n<meta property=\"og:type\" content=\"article\" \/>\n<meta property=\"og:title\" content=\"BEEK Geperforeerde Pizza Draaischep\/Werkschep Lengte 78cm -\" \/>\n<meta property=\"og:description\" content=\"De geperforeerde BEEK Pizza Draaischep van 80cm voor de Beek Classico pizza oven biedt u de mogelijkheid om geweldig smakende pizza&#039;s te bakken.\" \/>\n<meta property=\"og:url\" content=\"https:\/\/buitenpizzaovenkopen.nl\/de\/pizza-oven-kopen\/geperforeerde-beek-pizza-draaischep-werkschep-lengte-80cm\/\" \/>\n<meta property=\"og:site_name\" content=\"Buitenpizzaovenkopen.nl\" \/>\n<meta property=\"article:modified_time\" content=\"2026-05-12T10:32:39+00:00\" \/>\n<meta property=\"og:image\" content=\"https:\/\/buitenpizzaovenkopen.nl\/wp-content\/uploads\/2026\/05\/IMG_0724-scaled.jpeg\" \/>\n\t<meta property=\"og:image:width\" content=\"1920\" \/>\n\t<meta property=\"og:image:height\" content=\"2560\" \/>\n\t<meta property=\"og:image:type\" content=\"image\/jpeg\" \/>\n<meta name=\"twitter:card\" content=\"summary_large_image\" \/>\n<meta name=\"twitter:label1\" content=\"Gesch\u00e4tzte Lesezeit\" \/>\n\t<meta name=\"twitter:data1\" content=\"2\u00a0Minuten\" \/>\n<script type=\"application\/ld+json\" class=\"yoast-schema-graph\">{\"@context\":\"https:\\\/\\\/schema.org\",\"@graph\":[{\"@type\":\"WebPage\",\"@id\":\"https:\\\/\\\/buitenpizzaovenkopen.nl\\\/pizza-oven-kopen\\\/geperforeerde-beek-pizza-draaischep-werkschep-lengte-80cm\\\/\",\"url\":\"https:\\\/\\\/buitenpizzaovenkopen.nl\\\/pizza-oven-kopen\\\/geperforeerde-beek-pizza-draaischep-werkschep-lengte-80cm\\\/\",\"name\":\"BEEK Geperforeerde Pizza Draaischep\\\/Werkschep Lengte 78cm -\",\"isPartOf\":{\"@id\":\"https:\\\/\\\/buitenpizzaovenkopen.nl\\\/#website\"},\"primaryImageOfPage\":{\"@id\":\"https:\\\/\\\/buitenpizzaovenkopen.nl\\\/pizza-oven-kopen\\\/geperforeerde-beek-pizza-draaischep-werkschep-lengte-80cm\\\/#primaryimage\"},\"image\":{\"@id\":\"https:\\\/\\\/buitenpizzaovenkopen.nl\\\/pizza-oven-kopen\\\/geperforeerde-beek-pizza-draaischep-werkschep-lengte-80cm\\\/#primaryimage\"},\"thumbnailUrl\":\"https:\\\/\\\/buitenpizzaovenkopen.nl\\\/wp-content\\\/uploads\\\/2026\\\/05\\\/IMG_0724-scaled.jpeg\",\"datePublished\":\"2026-05-12T10:09:31+00:00\",\"dateModified\":\"2026-05-12T10:32:39+00:00\",\"description\":\"De geperforeerde BEEK Pizza Draaischep van 80cm voor de Beek Classico pizza oven biedt u de mogelijkheid om geweldig smakende pizza's te bakken.\",\"breadcrumb\":{\"@id\":\"https:\\\/\\\/buitenpizzaovenkopen.nl\\\/pizza-oven-kopen\\\/geperforeerde-beek-pizza-draaischep-werkschep-lengte-80cm\\\/#breadcrumb\"},\"inLanguage\":\"de\",\"potentialAction\":[{\"@type\":\"ReadAction\",\"target\":[\"https:\\\/\\\/buitenpizzaovenkopen.nl\\\/pizza-oven-kopen\\\/geperforeerde-beek-pizza-draaischep-werkschep-lengte-80cm\\\/\"]}]},{\"@type\":\"ImageObject\",\"inLanguage\":\"de\",\"@id\":\"https:\\\/\\\/buitenpizzaovenkopen.nl\\\/pizza-oven-kopen\\\/geperforeerde-beek-pizza-draaischep-werkschep-lengte-80cm\\\/#primaryimage\",\"url\":\"https:\\\/\\\/buitenpizzaovenkopen.nl\\\/wp-content\\\/uploads\\\/2026\\\/05\\\/IMG_0724-scaled.jpeg\",\"contentUrl\":\"https:\\\/\\\/buitenpizzaovenkopen.nl\\\/wp-content\\\/uploads\\\/2026\\\/05\\\/IMG_0724-scaled.jpeg\",\"width\":1920,\"height\":2560},{\"@type\":\"BreadcrumbList\",\"@id\":\"https:\\\/\\\/buitenpizzaovenkopen.nl\\\/pizza-oven-kopen\\\/geperforeerde-beek-pizza-draaischep-werkschep-lengte-80cm\\\/#breadcrumb\",\"itemListElement\":[{\"@type\":\"ListItem\",\"position\":1,\"name\":\"Home\",\"item\":\"https:\\\/\\\/buitenpizzaovenkopen.nl\\\/\"},{\"@type\":\"ListItem\",\"position\":2,\"name\":\"Pizza oven kopen\",\"item\":\"https:\\\/\\\/buitenpizzaovenkopen.nl\\\/pizzaoven-kopen\\\/\"},{\"@type\":\"ListItem\",\"position\":3,\"name\":\"BEEK Geperforeerde Pizza Draaischep\\\/Werkschep Lengte 78cm\"}]},{\"@type\":\"WebSite\",\"@id\":\"https:\\\/\\\/buitenpizzaovenkopen.nl\\\/#website\",\"url\":\"https:\\\/\\\/buitenpizzaovenkopen.nl\\\/\",\"name\":\"Buitenpizzaovenkopen.nl\",\"description\":\"is onderdeel van Casa di Ruscello\",\"publisher\":{\"@id\":\"https:\\\/\\\/buitenpizzaovenkopen.nl\\\/#organization\"},\"potentialAction\":[{\"@type\":\"SearchAction\",\"target\":{\"@type\":\"EntryPoint\",\"urlTemplate\":\"https:\\\/\\\/buitenpizzaovenkopen.nl\\\/?s={search_term_string}\"},\"query-input\":{\"@type\":\"PropertyValueSpecification\",\"valueRequired\":true,\"valueName\":\"search_term_string\"}}],\"inLanguage\":\"de\"},{\"@type\":\"Organization\",\"@id\":\"https:\\\/\\\/buitenpizzaovenkopen.nl\\\/#organization\",\"name\":\"Casa du Ruscello\",\"url\":\"https:\\\/\\\/buitenpizzaovenkopen.nl\\\/\",\"logo\":{\"@type\":\"ImageObject\",\"inLanguage\":\"de\",\"@id\":\"https:\\\/\\\/buitenpizzaovenkopen.nl\\\/#\\\/schema\\\/logo\\\/image\\\/\",\"url\":\"https:\\\/\\\/buitenpizzaovenkopen.nl\\\/wp-content\\\/uploads\\\/2020\\\/02\\\/logo.gif\",\"contentUrl\":\"https:\\\/\\\/buitenpizzaovenkopen.nl\\\/wp-content\\\/uploads\\\/2020\\\/02\\\/logo.gif\",\"width\":300,\"height\":305,\"caption\":\"Casa du Ruscello\"},\"image\":{\"@id\":\"https:\\\/\\\/buitenpizzaovenkopen.nl\\\/#\\\/schema\\\/logo\\\/image\\\/\"}}]}<\/script>\n<!-- \/ Yoast SEO plugin. -->","yoast_head_json":{"title":"BEEK Geperforeerde Pizza Draaischep\/Werkschep Lengte 78cm -","description":"De geperforeerde BEEK Pizza Draaischep van 80cm voor de Beek Classico pizza oven biedt u de mogelijkheid om geweldig smakende pizza's te bakken.","robots":{"index":"index","follow":"follow","max-snippet":"max-snippet:-1","max-image-preview":"max-image-preview:large","max-video-preview":"max-video-preview:-1"},"canonical":"https:\/\/buitenpizzaovenkopen.nl\/de\/pizza-oven-kopen\/geperforeerde-beek-pizza-draaischep-werkschep-lengte-80cm\/","og_locale":"de_DE","og_type":"article","og_title":"BEEK Geperforeerde Pizza Draaischep\/Werkschep Lengte 78cm -","og_description":"De geperforeerde BEEK Pizza Draaischep van 80cm voor de Beek Classico pizza oven biedt u de mogelijkheid om geweldig smakende pizza's te bakken.","og_url":"https:\/\/buitenpizzaovenkopen.nl\/de\/pizza-oven-kopen\/geperforeerde-beek-pizza-draaischep-werkschep-lengte-80cm\/","og_site_name":"Buitenpizzaovenkopen.nl","article_modified_time":"2026-05-12T10:32:39+00:00","og_image":[{"width":1920,"height":2560,"url":"https:\/\/buitenpizzaovenkopen.nl\/wp-content\/uploads\/2026\/05\/IMG_0724-scaled.jpeg","type":"image\/jpeg"}],"twitter_card":"summary_large_image","twitter_misc":{"Gesch\u00e4tzte Lesezeit":"2\u00a0Minuten"},"schema":{"@context":"https:\/\/schema.org","@graph":[{"@type":"WebPage","@id":"https:\/\/buitenpizzaovenkopen.nl\/pizza-oven-kopen\/geperforeerde-beek-pizza-draaischep-werkschep-lengte-80cm\/","url":"https:\/\/buitenpizzaovenkopen.nl\/pizza-oven-kopen\/geperforeerde-beek-pizza-draaischep-werkschep-lengte-80cm\/","name":"BEEK Geperforeerde Pizza Draaischep\/Werkschep Lengte 78cm -","isPartOf":{"@id":"https:\/\/buitenpizzaovenkopen.nl\/#website"},"primaryImageOfPage":{"@id":"https:\/\/buitenpizzaovenkopen.nl\/pizza-oven-kopen\/geperforeerde-beek-pizza-draaischep-werkschep-lengte-80cm\/#primaryimage"},"image":{"@id":"https:\/\/buitenpizzaovenkopen.nl\/pizza-oven-kopen\/geperforeerde-beek-pizza-draaischep-werkschep-lengte-80cm\/#primaryimage"},"thumbnailUrl":"https:\/\/buitenpizzaovenkopen.nl\/wp-content\/uploads\/2026\/05\/IMG_0724-scaled.jpeg","datePublished":"2026-05-12T10:09:31+00:00","dateModified":"2026-05-12T10:32:39+00:00","description":"De geperforeerde BEEK Pizza Draaischep van 80cm voor de Beek Classico pizza oven biedt u de mogelijkheid om geweldig smakende pizza's te bakken.","breadcrumb":{"@id":"https:\/\/buitenpizzaovenkopen.nl\/pizza-oven-kopen\/geperforeerde-beek-pizza-draaischep-werkschep-lengte-80cm\/#breadcrumb"},"inLanguage":"de","potentialAction":[{"@type":"ReadAction","target":["https:\/\/buitenpizzaovenkopen.nl\/pizza-oven-kopen\/geperforeerde-beek-pizza-draaischep-werkschep-lengte-80cm\/"]}]},{"@type":"ImageObject","inLanguage":"de","@id":"https:\/\/buitenpizzaovenkopen.nl\/pizza-oven-kopen\/geperforeerde-beek-pizza-draaischep-werkschep-lengte-80cm\/#primaryimage","url":"https:\/\/buitenpizzaovenkopen.nl\/wp-content\/uploads\/2026\/05\/IMG_0724-scaled.jpeg","contentUrl":"https:\/\/buitenpizzaovenkopen.nl\/wp-content\/uploads\/2026\/05\/IMG_0724-scaled.jpeg","width":1920,"height":2560},{"@type":"BreadcrumbList","@id":"https:\/\/buitenpizzaovenkopen.nl\/pizza-oven-kopen\/geperforeerde-beek-pizza-draaischep-werkschep-lengte-80cm\/#breadcrumb","itemListElement":[{"@type":"ListItem","position":1,"name":"Home","item":"https:\/\/buitenpizzaovenkopen.nl\/"},{"@type":"ListItem","position":2,"name":"Pizza oven kopen","item":"https:\/\/buitenpizzaovenkopen.nl\/pizzaoven-kopen\/"},{"@type":"ListItem","position":3,"name":"BEEK Geperforeerde Pizza Draaischep\/Werkschep Lengte 78cm"}]},{"@type":"WebSite","@id":"https:\/\/buitenpizzaovenkopen.nl\/#website","url":"https:\/\/buitenpizzaovenkopen.nl\/","name":"Buitenpizzaovenkopen.nl","description":"ist Teil von Casa Di Ruscello","publisher":{"@id":"https:\/\/buitenpizzaovenkopen.nl\/#organization"},"potentialAction":[{"@type":"SearchAction","target":{"@type":"EntryPoint","urlTemplate":"https:\/\/buitenpizzaovenkopen.nl\/?s={search_term_string}"},"query-input":{"@type":"PropertyValueSpecification","valueRequired":true,"valueName":"search_term_string"}}],"inLanguage":"de"},{"@type":"Organization","@id":"https:\/\/buitenpizzaovenkopen.nl\/#organization","name":"Casa du Ruscello","url":"https:\/\/buitenpizzaovenkopen.nl\/","logo":{"@type":"ImageObject","inLanguage":"de","@id":"https:\/\/buitenpizzaovenkopen.nl\/#\/schema\/logo\/image\/","url":"https:\/\/buitenpizzaovenkopen.nl\/wp-content\/uploads\/2020\/02\/logo.gif","contentUrl":"https:\/\/buitenpizzaovenkopen.nl\/wp-content\/uploads\/2020\/02\/logo.gif","width":300,"height":305,"caption":"Casa du Ruscello"},"image":{"@id":"https:\/\/buitenpizzaovenkopen.nl\/#\/schema\/logo\/image\/"}}]}},"_links":{"self":[{"href":"https:\/\/buitenpizzaovenkopen.nl\/de\/wp-json\/wp\/v2\/product\/10016","targetHints":{"allow":["GET"]}}],"collection":[{"href":"https:\/\/buitenpizzaovenkopen.nl\/de\/wp-json\/wp\/v2\/product"}],"about":[{"href":"https:\/\/buitenpizzaovenkopen.nl\/de\/wp-json\/wp\/v2\/types\/product"}],"wp:featuredmedia":[{"embeddable":true,"href":"https:\/\/buitenpizzaovenkopen.nl\/de\/wp-json\/wp\/v2\/media\/10020"}],"wp:attachment":[{"href":"https:\/\/buitenpizzaovenkopen.nl\/de\/wp-json\/wp\/v2\/media?parent=10016"}],"wp:term":[{"taxonomy":"product_brand","embeddable":true,"href":"https:\/\/buitenpizzaovenkopen.nl\/de\/wp-json\/wp\/v2\/product_brand?post=10016"},{"taxonomy":"product_cat","embeddable":true,"href":"https:\/\/buitenpizzaovenkopen.nl\/de\/wp-json\/wp\/v2\/product_cat?post=10016"},{"taxonomy":"product_tag","embeddable":true,"href":"https:\/\/buitenpizzaovenkopen.nl\/de\/wp-json\/wp\/v2\/product_tag?post=10016"}],"curies":[{"name":"wp","href":"https:\/\/api.w.org\/{rel}","templated":true}]}}