{"id":3,"date":"2019-10-02T15:22:15","date_gmt":"2019-10-02T15:22:15","guid":{"rendered":"http:\/\/casadiruscello.promesys.nl\/?page_id=3"},"modified":"2021-03-26T18:36:22","modified_gmt":"2021-03-26T17:36:22","slug":"privacybeleid","status":"publish","type":"page","link":"https:\/\/buitenpizzaovenkopen.nl\/de\/privacybeleid\/","title":{"rendered":"Datenschutz"},"content":{"rendered":"<div data-elementor-type=\"wp-page\" data-elementor-id=\"3\" class=\"elementor elementor-3\">\n\t\t\t\t\t\t<section class=\"elementor-section elementor-top-section elementor-element elementor-element-57bd9629 elementor-section-boxed elementor-section-height-default elementor-section-height-default\" data-id=\"57bd9629\" data-element_type=\"section\" data-e-type=\"section\">\n\t\t\t\t\t\t<div class=\"elementor-container elementor-column-gap-default\">\n\t\t\t\t\t<div class=\"elementor-column elementor-col-100 elementor-top-column elementor-element elementor-element-16e120fb\" data-id=\"16e120fb\" data-element_type=\"column\" data-e-type=\"column\">\n\t\t\t<div class=\"elementor-widget-wrap elementor-element-populated\">\n\t\t\t\t\t\t<div class=\"elementor-element elementor-element-4e6fdf86 elementor-widget elementor-widget-text-editor\" data-id=\"4e6fdf86\" data-element_type=\"widget\" data-e-type=\"widget\" data-widget_type=\"text-editor.default\">\n\t\t\t\t<div class=\"elementor-widget-container\">\n\t\t\t\t\t\t\t\t\t<p>van Beek uit Rejek VOF, befindet sich unter Kempenlandstraat 2, 5375 AV Rejek in der Niederlande, ist verantwortlich f\u00fcr die Verarbeitung personenbezogener Daten wie in dieser Datenschutzerkl\u00e4rung.&nbsp;<\/p>\n<h3>Kontakt:&nbsp;<\/h3>\n<p>www.buitenpizzaovenkopen.nl<br><span style=\"font-size: 22.5px;\">Kempenlandstraat 2 <br>5375 Rejek, Niederlande <br>+31 633711195 <br>HGD van Beek ist der Datenschutzbeauftragte der van Beek aus rejek VOF. Er\/Sie kann erreicht werden \u00fcber dennis@vanbeekuitreek.nl <\/span><\/p>\n<h3>Pers\u00f6nliche Daten, die wir verarbeiten<\/h3>\n<p>van Beek uit Rejek VOF verarbeitet Ihre personenbezogenen Daten, weil Sie unsere Dienste nutzen und\/oder weil Sie uns diese von sich selbst. Nachfolgend finden Sie eine \u00fcbersicht der personenbezogenen Daten, die wir verarbeiten: <br>- Vor-und Nachname <br>\u2013 Adresse der Informationen <br>\u2013 Telefonnummer <br>\u2013 E-mail-Adresse<span style=\"font-size: 22.5px;\">&nbsp;&nbsp;<\/span><\/p>\n<h3>Spezielle und \/ oder sensible pers\u00f6nliche Daten, die wir verarbeiten<\/h3>\n<p>Unsere website und \/ oder Dienst hat nicht die Absicht, Daten \u00fcber website-Besucher unter 16 Jahren. Es sei denn, Sie haben die Erlaubnis von Eltern oder Erziehungsberechtigten. Wir k\u00f6nnen jedoch nicht \u00fcberpr\u00fcfen, ob ein Besucher \u00fcber 16. Wir empfehlen daher, dass Eltern in die online-Aktivit\u00e4ten Ihrer Kinder, um zu verhindern, dass Daten \u00fcber Kinder gesammelt werden, ohne elterliche Zustimmung. Wenn Sie \u00fcberzeugt sind, dass wir personenbezogene Daten \u00fcber einen minderj\u00e4hrigen ohne diese Zustimmung, Kontaktieren Sie uns bitte info@vanbeekuitreek.nl, dann l\u00f6schen wir diese Informationen.<\/p>\n<h3>F\u00fcr welche Zwecke und auf welcher Grundlage wir personenbezogene Daten verarbeiten<\/h3>\n<p>van Beek uit rejek VOF verarbeitet Ihre personenbezogenen Daten f\u00fcr folgende Zwecke:&nbsp;<br><span style=\"font-size: 22.5px;\">- Abwicklung Ihrer Zahlung <br>-Um in der Lage sein, einen Anruf oder eine e-mail an Sie, wenn dies notwendig ist, um in der Lage zu tragen out unsere Dienstleistungen&nbsp;<\/span><\/p>\n<h3><span style=\"font-size: 22.5px;\">Automatisierte Entscheidungsfindung <\/span><\/h3>\n<p><span style=\"font-size: 22.5px;\">van Beek aus Rejek VOF nicht die Entscheidungen auf Grundlage einer automatisierten Verarbeitung in Angelegenheiten haben kann, dass die (signifikante) Konsequenzen f\u00fcr Menschen. Dies sind Entscheidungen, die getroffen werden, die von Computerprogrammen oder-Systemen ohne Beteiligung einer person (beispielsweise ein Mitarbeiter von van Beek aus rejek VOF).&nbsp;<\/span><\/p>\n<h3><span style=\"font-size: 22.5px;\">Wie lange bewahren wir personenbezogene Daten <\/span><\/h3>\n<p><span style=\"font-size: 22.5px;\">van Beek uit Rejek VOF nicht speichern Ihre personenbezogenen Daten, die l\u00e4nger als strikt notwendig f\u00fcr die Realisierung der Zwecke, f\u00fcr die Ihre Daten gesammelt werden.&nbsp;<\/span><\/p>\n<h3><span style=\"font-size: 22.5px;\">Weitergabe personenbezogener Daten an Dritte <\/span><\/h3>\n<p><span style=\"font-size: 22.5px;\">van Beek uit Rejek VOF stellt nur an Dritte und nur, wenn dies notwendig ist f\u00fcr die Ausf\u00fchrung unserer Vereinbarung mit Ihnen oder zur Einhaltung einer gesetzlichen Verpflichtung.&nbsp;<\/span><\/p>\n<h3><span style=\"font-size: 22.5px;\">Cookies oder \u00e4hnliche Techniken, die wir verwenden <\/span><\/h3>\n<p><span style=\"font-size: 22.5px;\">van Beek uit Reek VOF gebruikt geen cookies of vergelijkbare technieken. Gegevens inzien, aanpassen of verwijderen U heeft het recht om uw persoonsgegevens in te zien, te corrigeren of te verwijderen. Daarnaast heeft u het recht om uw eventuele toestemming voor de gegevensverwerking in te trekken of bezwaar te maken tegen de verwerking van uw persoonsgegevens door van Beek uit Reek VOF en heeft u het recht op gegevensoverdraagbaarheid. Dat betekent dat u bij ons een verzoek kunt indienen om de persoonsgegevens die wij van u beschikken in een computerbestand naar u of een ander, door u genoemde organisatie, te sturen. U kunt een verzoek tot inzage, correctie, verwijdering, gegevensoverdraging van uw persoonsgegevens of verzoek tot intrekking van uw toestemming of bezwaar op de verwerking van uw persoonsgegevens sturen naar info@vanbeekuitreek.nl. Om er zeker van te zijn dat het verzoek tot inzage door u is gedaan, vragen wij u een kopie van uw identiteitsbewijs met het verzoek mee te sturen. Maak in deze kopie uw pasfoto, MRZ (machine readable zone, de strook met nummers onderaan het paspoort), paspoortnummer en Burgerservicenummer (BSN) zwart. Dit ter bescherming van uw privacy. We reageren zo snel mogelijk, maar binnen vier weken, op uw verzoek. van Beek uit Reek VOF wil u er tevens op wijzen dat u de mogelijkheid heeft om een klacht in te dienen bij de nationale toezichthouder, de Autoriteit Persoonsgegevens. Dat kan via de volgende link: https:\/\/autoriteitpersoonsgegevens.nl\/nl\/contact-met-de-autoriteit-persoonsgegevens\/tip-ons<\/span><\/p>\n<h3><span style=\"font-size: 22.5px;\">Wie sch\u00fctzen wir personenbezogene Daten <\/span><\/h3>\n<p><span style=\"font-size: 22.5px;\">van Beek uit Rejek VOF nimmt den Schutz Ihrer Daten ernst und ergreift geeignete Ma\u00dfnahmen, um Missbrauch, Verlust, unbefugtem Zugang, unerw\u00fcnschter Offenlegung und Unbefugter \u00e4nderung. Wenn Sie den Eindruck haben, dass Ihre Daten nicht ordnungsgem\u00e4\u00df gesichert sind oder Anzeichen eines Missbrauchs, Kontaktieren Sie bitte unseren Kunden service, oder per info@vanbeekuitreek.nl<\/span><\/p>\n<p><!-- \/wp:heading --><\/p>\t\t\t\t\t\t\t\t<\/div>\n\t\t\t\t<\/div>\n\t\t\t\t\t<\/div>\n\t\t<\/div>\n\t\t\t\t\t<\/div>\n\t\t<\/section>\n\t\t\t\t<\/div>","protected":false},"excerpt":{"rendered":"<p>van Beek uit Reek VOF, gevestigd aan Kempenlandstraat 2, 5375 AV te Reek Nederland, is verantwoordelijk voor de verwerking van persoonsgegevens zoals weergegeven in deze privacyverklaring.&nbsp; Contactgegevens:&nbsp; www.buitenpizzaovenkopen.nl Kempenlandstraat 2 5375 AV Reek, Nederland +31 633711195 HGD van Beek is de Functionaris Gegevensbescherming van van Beek uit Reek VOF. Hij\/zij is te bereiken via dennis@vanbeekuitreek.nl [&hellip;]<\/p>\n","protected":false},"author":2,"featured_media":0,"parent":0,"menu_order":0,"comment_status":"closed","ping_status":"open","template":"","meta":{"_monsterinsights_skip_tracking":false,"_monsterinsights_sitenote_active":false,"_monsterinsights_sitenote_note":"","_monsterinsights_sitenote_category":0,"site-sidebar-layout":"default","site-content-layout":"default","ast-site-content-layout":"default","site-content-style":"default","site-sidebar-style":"default","ast-global-header-display":"","ast-banner-title-visibility":"","ast-main-header-display":"","ast-hfb-above-header-display":"","ast-hfb-below-header-display":"","ast-hfb-mobile-header-display":"","site-post-title":"","ast-breadcrumbs-content":"","ast-featured-img":"","footer-sml-layout":"","ast-disable-related-posts":"","theme-transparent-header-meta":"default","adv-header-id-meta":"","stick-header-meta":"","header-above-stick-meta":"","header-main-stick-meta":"","header-below-stick-meta":"","astra-migrate-meta-layouts":"default","ast-page-background-enabled":"default","ast-page-background-meta":{"desktop":{"background-color":"","background-image":"","background-repeat":"repeat","background-position":"center center","background-size":"auto","background-attachment":"scroll","background-type":"","background-media":"","overlay-type":"","overlay-color":"","overlay-opacity":"","overlay-gradient":""},"tablet":{"background-color":"","background-image":"","background-repeat":"repeat","background-position":"center center","background-size":"auto","background-attachment":"scroll","background-type":"","background-media":"","overlay-type":"","overlay-color":"","overlay-opacity":"","overlay-gradient":""},"mobile":{"background-color":"","background-image":"","background-repeat":"repeat","background-position":"center center","background-size":"auto","background-attachment":"scroll","background-type":"","background-media":"","overlay-type":"","overlay-color":"","overlay-opacity":"","overlay-gradient":""}},"ast-content-background-meta":{"desktop":{"background-color":"var(--ast-global-color-5)","background-image":"","background-repeat":"repeat","background-position":"center center","background-size":"auto","background-attachment":"scroll","background-type":"","background-media":"","overlay-type":"","overlay-color":"","overlay-opacity":"","overlay-gradient":""},"tablet":{"background-color":"var(--ast-global-color-5)","background-image":"","background-repeat":"repeat","background-position":"center center","background-size":"auto","background-attachment":"scroll","background-type":"","background-media":"","overlay-type":"","overlay-color":"","overlay-opacity":"","overlay-gradient":""},"mobile":{"background-color":"var(--ast-global-color-5)","background-image":"","background-repeat":"repeat","background-position":"center center","background-size":"auto","background-attachment":"scroll","background-type":"","background-media":"","overlay-type":"","overlay-color":"","overlay-opacity":"","overlay-gradient":""}},"footnotes":""},"class_list":["post-3","page","type-page","status-publish","hentry"],"yoast_head":"<!-- This site is optimized with the Yoast SEO plugin v27.3 - https:\/\/yoast.com\/product\/yoast-seo-wordpress\/ -->\n<title>Privacybeleid - Buitenpizzaovenkopen.nl<\/title>\n<meta name=\"description\" content=\"Op deze pagina kunt het privacybeleid inzien van buitenpizzaovenhuren.nl (onderdeel van Casa di Ruscello).\" \/>\n<meta name=\"robots\" content=\"noindex, follow\" \/>\n<meta property=\"og:locale\" content=\"de_DE\" \/>\n<meta property=\"og:type\" content=\"article\" \/>\n<meta property=\"og:title\" content=\"Privacybeleid - Buitenpizzaovenkopen.nl\" \/>\n<meta property=\"og:description\" content=\"Op deze pagina kunt het privacybeleid inzien van buitenpizzaovenhuren.nl (onderdeel van Casa di Ruscello).\" \/>\n<meta property=\"og:url\" content=\"https:\/\/buitenpizzaovenkopen.nl\/de\/privacybeleid\/\" \/>\n<meta property=\"og:site_name\" content=\"Buitenpizzaovenkopen.nl\" \/>\n<meta property=\"article:modified_time\" content=\"2021-03-26T17:36:22+00:00\" \/>\n<meta name=\"twitter:card\" content=\"summary_large_image\" \/>\n<meta name=\"twitter:label1\" content=\"Gesch\u00e4tzte Lesezeit\" \/>\n\t<meta name=\"twitter:data1\" content=\"3\u00a0Minuten\" \/>\n<script type=\"application\/ld+json\" class=\"yoast-schema-graph\">{\"@context\":\"https:\\\/\\\/schema.org\",\"@graph\":[{\"@type\":\"WebPage\",\"@id\":\"https:\\\/\\\/buitenpizzaovenkopen.nl\\\/privacybeleid\\\/\",\"url\":\"https:\\\/\\\/buitenpizzaovenkopen.nl\\\/privacybeleid\\\/\",\"name\":\"Privacybeleid - Buitenpizzaovenkopen.nl\",\"isPartOf\":{\"@id\":\"https:\\\/\\\/buitenpizzaovenkopen.nl\\\/#website\"},\"datePublished\":\"2019-10-02T15:22:15+00:00\",\"dateModified\":\"2021-03-26T17:36:22+00:00\",\"description\":\"Op deze pagina kunt het privacybeleid inzien van buitenpizzaovenhuren.nl (onderdeel van Casa di Ruscello).\",\"breadcrumb\":{\"@id\":\"https:\\\/\\\/buitenpizzaovenkopen.nl\\\/privacybeleid\\\/#breadcrumb\"},\"inLanguage\":\"de\",\"potentialAction\":[{\"@type\":\"ReadAction\",\"target\":[\"https:\\\/\\\/buitenpizzaovenkopen.nl\\\/privacybeleid\\\/\"]}]},{\"@type\":\"BreadcrumbList\",\"@id\":\"https:\\\/\\\/buitenpizzaovenkopen.nl\\\/privacybeleid\\\/#breadcrumb\",\"itemListElement\":[{\"@type\":\"ListItem\",\"position\":1,\"name\":\"Home\",\"item\":\"https:\\\/\\\/buitenpizzaovenkopen.nl\\\/\"},{\"@type\":\"ListItem\",\"position\":2,\"name\":\"Privacybeleid\"}]},{\"@type\":\"WebSite\",\"@id\":\"https:\\\/\\\/buitenpizzaovenkopen.nl\\\/#website\",\"url\":\"https:\\\/\\\/buitenpizzaovenkopen.nl\\\/\",\"name\":\"Buitenpizzaovenkopen.nl\",\"description\":\"is onderdeel van Casa di Ruscello\",\"publisher\":{\"@id\":\"https:\\\/\\\/buitenpizzaovenkopen.nl\\\/#organization\"},\"potentialAction\":[{\"@type\":\"SearchAction\",\"target\":{\"@type\":\"EntryPoint\",\"urlTemplate\":\"https:\\\/\\\/buitenpizzaovenkopen.nl\\\/?s={search_term_string}\"},\"query-input\":{\"@type\":\"PropertyValueSpecification\",\"valueRequired\":true,\"valueName\":\"search_term_string\"}}],\"inLanguage\":\"de\"},{\"@type\":\"Organization\",\"@id\":\"https:\\\/\\\/buitenpizzaovenkopen.nl\\\/#organization\",\"name\":\"Casa du Ruscello\",\"url\":\"https:\\\/\\\/buitenpizzaovenkopen.nl\\\/\",\"logo\":{\"@type\":\"ImageObject\",\"inLanguage\":\"de\",\"@id\":\"https:\\\/\\\/buitenpizzaovenkopen.nl\\\/#\\\/schema\\\/logo\\\/image\\\/\",\"url\":\"https:\\\/\\\/buitenpizzaovenkopen.nl\\\/wp-content\\\/uploads\\\/2020\\\/02\\\/logo.gif\",\"contentUrl\":\"https:\\\/\\\/buitenpizzaovenkopen.nl\\\/wp-content\\\/uploads\\\/2020\\\/02\\\/logo.gif\",\"width\":300,\"height\":305,\"caption\":\"Casa du Ruscello\"},\"image\":{\"@id\":\"https:\\\/\\\/buitenpizzaovenkopen.nl\\\/#\\\/schema\\\/logo\\\/image\\\/\"}}]}<\/script>\n<!-- \/ Yoast SEO plugin. -->","yoast_head_json":{"title":"Privacy Policy - Buitenpizzaovenkopen.nl","description":"Auf dieser Seite k\u00f6nnen Sie der Datenschutzerkl\u00e4rung von buitenpizzaovenhuren.nl (Teil von Casa Di Ruscello).","robots":{"index":"noindex","follow":"follow"},"og_locale":"de_DE","og_type":"article","og_title":"Privacybeleid - Buitenpizzaovenkopen.nl","og_description":"Op deze pagina kunt het privacybeleid inzien van buitenpizzaovenhuren.nl (onderdeel van Casa di Ruscello).","og_url":"https:\/\/buitenpizzaovenkopen.nl\/de\/privacybeleid\/","og_site_name":"Buitenpizzaovenkopen.nl","article_modified_time":"2021-03-26T17:36:22+00:00","twitter_card":"summary_large_image","twitter_misc":{"Gesch\u00e4tzte Lesezeit":"3\u00a0Minuten"},"schema":{"@context":"https:\/\/schema.org","@graph":[{"@type":"WebPage","@id":"https:\/\/buitenpizzaovenkopen.nl\/privacybeleid\/","url":"https:\/\/buitenpizzaovenkopen.nl\/privacybeleid\/","name":"Privacy Policy - Buitenpizzaovenkopen.nl","isPartOf":{"@id":"https:\/\/buitenpizzaovenkopen.nl\/#website"},"datePublished":"2019-10-02T15:22:15+00:00","dateModified":"2021-03-26T17:36:22+00:00","description":"Auf dieser Seite k\u00f6nnen Sie der Datenschutzerkl\u00e4rung von buitenpizzaovenhuren.nl (Teil von Casa Di Ruscello).","breadcrumb":{"@id":"https:\/\/buitenpizzaovenkopen.nl\/privacybeleid\/#breadcrumb"},"inLanguage":"de","potentialAction":[{"@type":"ReadAction","target":["https:\/\/buitenpizzaovenkopen.nl\/privacybeleid\/"]}]},{"@type":"BreadcrumbList","@id":"https:\/\/buitenpizzaovenkopen.nl\/privacybeleid\/#breadcrumb","itemListElement":[{"@type":"ListItem","position":1,"name":"Home","item":"https:\/\/buitenpizzaovenkopen.nl\/"},{"@type":"ListItem","position":2,"name":"Privacybeleid"}]},{"@type":"WebSite","@id":"https:\/\/buitenpizzaovenkopen.nl\/#website","url":"https:\/\/buitenpizzaovenkopen.nl\/","name":"Buitenpizzaovenkopen.nl","description":"ist Teil von Casa Di Ruscello","publisher":{"@id":"https:\/\/buitenpizzaovenkopen.nl\/#organization"},"potentialAction":[{"@type":"SearchAction","target":{"@type":"EntryPoint","urlTemplate":"https:\/\/buitenpizzaovenkopen.nl\/?s={search_term_string}"},"query-input":{"@type":"PropertyValueSpecification","valueRequired":true,"valueName":"search_term_string"}}],"inLanguage":"de"},{"@type":"Organization","@id":"https:\/\/buitenpizzaovenkopen.nl\/#organization","name":"Casa du Ruscello","url":"https:\/\/buitenpizzaovenkopen.nl\/","logo":{"@type":"ImageObject","inLanguage":"de","@id":"https:\/\/buitenpizzaovenkopen.nl\/#\/schema\/logo\/image\/","url":"https:\/\/buitenpizzaovenkopen.nl\/wp-content\/uploads\/2020\/02\/logo.gif","contentUrl":"https:\/\/buitenpizzaovenkopen.nl\/wp-content\/uploads\/2020\/02\/logo.gif","width":300,"height":305,"caption":"Casa du Ruscello"},"image":{"@id":"https:\/\/buitenpizzaovenkopen.nl\/#\/schema\/logo\/image\/"}}]}},"_links":{"self":[{"href":"https:\/\/buitenpizzaovenkopen.nl\/de\/wp-json\/wp\/v2\/pages\/3","targetHints":{"allow":["GET"]}}],"collection":[{"href":"https:\/\/buitenpizzaovenkopen.nl\/de\/wp-json\/wp\/v2\/pages"}],"about":[{"href":"https:\/\/buitenpizzaovenkopen.nl\/de\/wp-json\/wp\/v2\/types\/page"}],"author":[{"embeddable":true,"href":"https:\/\/buitenpizzaovenkopen.nl\/de\/wp-json\/wp\/v2\/users\/2"}],"replies":[{"embeddable":true,"href":"https:\/\/buitenpizzaovenkopen.nl\/de\/wp-json\/wp\/v2\/comments?post=3"}],"version-history":[{"count":0,"href":"https:\/\/buitenpizzaovenkopen.nl\/de\/wp-json\/wp\/v2\/pages\/3\/revisions"}],"wp:attachment":[{"href":"https:\/\/buitenpizzaovenkopen.nl\/de\/wp-json\/wp\/v2\/media?parent=3"}],"curies":[{"name":"wp","href":"https:\/\/api.w.org\/{rel}","templated":true}]}}